{"id":7924,"date":"2021-06-27T23:54:06","date_gmt":"2021-06-27T20:54:06","guid":{"rendered":"https:\/\/csotrading.com\/?post_type=product&#038;p=7924"},"modified":"2021-06-27T23:55:11","modified_gmt":"2021-06-27T20:55:11","slug":"yaskawa-d1000-series-cimr-dc2a0090baa","status":"publish","type":"product","link":"https:\/\/csotrading.com\/tr\/product\/yaskawa-d1000-series-cimr-dc2a0090baa\/","title":{"rendered":"YASKAWA D1000 Serisi CIMR-DC2A0090BAA"},"content":{"rendered":"<p>D1000, AC s\u00fcr\u00fcc\u00fclerden, servolardan ya da robotlardan olu\u015fan sistemlere DC g\u00fc\u00e7 kayna\u011f\u0131 sunan rejeneratif bir \u00fcnitedir. D1000, frenleme enerjisinin kullan\u0131m\u0131na ek olarak \u00f6zellikle verimli ve \u015febeke dostu olarak sistemi \u00e7al\u0131\u015fmas\u0131n\u0131 sa\u011flar.<\/p>\n<p>Sin\u00fcs giri\u015f ak\u0131m\u0131 (toplam harmonik bozulma &lt; 5%) ve cos\u00d8 =1 de\u011feri iletim hatt\u0131ndaki, transformat\u00f6rlerdeki ve jenerat\u00f6rlerdeki kay\u0131plar\u0131 en aza indirerek sistemden en \u00fcst seviyede verim al\u0131nmas\u0131n\u0131 sa\u011flar<\/p>\n<p>Kontrol alt\u0131nda tutulabilen ki\u015fiselle\u015ftirilebilir DC voltaj\u0131, besleme geriliminden ba\u011f\u0131ms\u0131z olarak ayn\u0131 DC voltaj seviyesini temin eder (Boost fonksiyonu)<\/p>\n<p>Frenleme diren\u00e7leri nedeniyle \u0131s\u0131 olu\u015fmad\u0131\u011f\u0131ndan so\u011futma ve havaland\u0131rma sistemlerine ihtiya\u00e7 azalarak i\u015fletme maaliyetlerini azalt\u0131r<\/p>\n<ul>\n<li>Ortak DC bara sistemleri nedeniyle d\u00fc\u015f\u00fck enerji t\u00fcketimi &#8211; bir s\u00fcr\u00fcc\u00fcn\u00fcn fren enerjisi sistemdeki di\u011fer s\u00fcr\u00fcc\u00fcler taraf\u0131ndan t\u00fcketilir<\/li>\n<li>Sin\u00fczoidal giri\u015f ak\u0131m\u0131 g\u00fc\u00e7 kayna\u011f\u0131 sistemindeki y\u00fck\u00fc azalt\u0131r (hatlar, transformat\u00f6rler)<\/li>\n<li>Fren transist\u00f6rleri ve diren\u00e7leri gerekli olmad\u0131\u011f\u0131ndan daha az montaj alan\u0131<\/li>\n<li>Sistemin toplam i\u015fletme maliyetlerini d\u00fc\u015f\u00fcr\u00fcr<\/li>\n<\/ul>\n<h2 id=\"technicalDetails\" data-content-navigation-headline=\"\">Teknik Detaylar<\/h2>\n<div class=\"row table\">\n<ul class=\"col-12 col-md-3 mb-3\">\n<li>GIRI\u015e G\u00dc\u00c7 KAYNA\u011eI<\/li>\n<li>200 V<\/li>\n<\/ul>\n<ul class=\"col-12 col-md-3 mb-3\">\n<li>GIRI\u015e G\u00dc\u00c7 FAZLARI<\/li>\n<li>3-faz<\/li>\n<\/ul>\n<ul class=\"col-12 col-md-3 mb-3\">\n<li>ANMA \u00c7IKI\u015e AKIMI (ND)<\/li>\n<li>273 A<\/li>\n<\/ul>\n<ul class=\"col-12 col-md-3 mb-3\">\n<li>MAKS. UYGULANABILIR MOTOR \u00c7IKI\u015eI (ND)<\/li>\n<li>75 kW<\/li>\n<\/ul>\n<ul class=\"col-12 col-md-3 mb-3\">\n<li>EMC FILTRE<\/li>\n<li>\u2713 Evet<\/li>\n<\/ul>\n<ul class=\"col-12 col-md-3 mb-3\">\n<li>\u00c7EVRE SICAKLI\u011eI (MIN)<\/li>\n<li>-10 \u00b0C<\/li>\n<\/ul>\n<ul class=\"col-12 col-md-3 mb-3\">\n<li>\u00c7EVRE SICAKLI\u011eI (MAKS)<\/li>\n<li>40 \u00b0C<\/li>\n<\/ul>\n<ul class=\"col-12 col-md-3 mb-3\">\n<li>\u00c7EVRE SICAKLI\u011eI (MAKS) DE\u011eER D\u00dc\u015e\u00dcRME ILE<\/li>\n<li>50 \u00b0C<\/li>\n<\/ul>\n<ul class=\"col-12 col-md-3 mb-3\">\n<li>MAKS. NEM (YO\u011eU\u015eMASIZ)<\/li>\n<li>95 %<\/li>\n<\/ul>\n<ul class=\"col-12 col-md-3 mb-3\">\n<li>MAKS. RAKIM (DE\u011eER KAYBI OLMADAN)<\/li>\n<li>1\u00a0000 m<\/li>\n<\/ul>\n<ul class=\"col-12 col-md-3 mb-3\">\n<li>MAKS. RAKIM (DE\u011eER KAYBI ILE)<\/li>\n<li>3\u00a0000 m<\/li>\n<\/ul>\n<ul class=\"col-12 col-md-3 mb-3\">\n<li>Y\u00dcKSEKLIK<\/li>\n<li>450 mm<\/li>\n<\/ul>\n<ul class=\"col-12 col-md-3 mb-3\">\n<li>GENI\u015eLIK<\/li>\n<li>705 mm<\/li>\n<\/ul>\n<ul class=\"col-12 col-md-3 mb-3\">\n<li>DERINLIK<\/li>\n<li>330 mm<\/li>\n<\/ul>\n<ul class=\"col-12 col-md-3 mb-3\">\n<li>A\u011eIRLIK<\/li>\n<li>61 kg<\/li>\n<\/ul>\n<ul class=\"col-12 col-md-3 mb-3\">\n<li>MUHAFAZA<\/li>\n<li>IP00<\/li>\n<\/ul>\n<ul class=\"col-12 col-md-3 mb-3\">\n<li>\u00c7EVRESEL TEKNIK \u00d6ZELLIKLER<\/li>\n<li>Standard<\/li>\n<\/ul>\n<\/div>\n","protected":false},"excerpt":{"rendered":"<h2>D1000 &#8211; D\u00fc\u015f\u00fck Harmonikli Rejeneratif Konvert\u00f6r \u00dcnitesi<\/h2>\n<h3>D\u00fc\u015f\u00fck Harmonikli Enerji Geri Kazan\u0131m \u00dcnitesi<\/h3>\n","protected":false},"featured_media":7905,"comment_status":"closed","ping_status":"closed","template":"","meta":[],"product_brand":[],"product_cat":[789,788],"product_tag":[],"class_list":{"0":"post-7924","1":"product","2":"type-product","3":"status-publish","4":"has-post-thumbnail","6":"product_cat-ac-suruculer","7":"product_cat-yaskawa-tr","9":"first","10":"instock","11":"shipping-taxable","12":"product-type-simple"},"yoast_head":"<!-- This site is optimized with the Yoast SEO plugin v24.3 - https:\/\/yoast.com\/wordpress\/plugins\/seo\/ -->\n<title>YASKAWA D1000 Serisi CIMR-DC2A0090BAA - CSO TRADING<\/title>\n<meta name=\"robots\" content=\"index, follow, max-snippet:-1, max-image-preview:large, max-video-preview:-1\" \/>\n<link rel=\"canonical\" href=\"https:\/\/csotrading.com\/tr\/product\/yaskawa-d1000-series-cimr-dc2a0090baa\/\" \/>\n<meta property=\"og:locale\" content=\"tr_TR\" \/>\n<meta property=\"og:type\" content=\"article\" \/>\n<meta property=\"og:title\" content=\"YASKAWA D1000 Serisi CIMR-DC2A0090BAA - CSO TRADING\" \/>\n<meta property=\"og:description\" content=\"D1000 - D\u00fc\u015f\u00fck Harmonikli Rejeneratif Konvert\u00f6r \u00dcnitesi D\u00fc\u015f\u00fck Harmonikli Enerji Geri Kazan\u0131m \u00dcnitesi\" \/>\n<meta property=\"og:url\" content=\"https:\/\/csotrading.com\/tr\/product\/yaskawa-d1000-series-cimr-dc2a0090baa\/\" \/>\n<meta property=\"og:site_name\" content=\"CSO TRADING\" \/>\n<meta property=\"article:modified_time\" content=\"2021-06-27T20:55:11+00:00\" \/>\n<meta property=\"og:image\" content=\"https:\/\/csotrading.com\/wp-content\/uploads\/2021\/06\/ezgif-1-15a57bc7a695.jpg\" \/>\n\t<meta property=\"og:image:width\" content=\"290\" \/>\n\t<meta property=\"og:image:height\" content=\"419\" \/>\n\t<meta property=\"og:image:type\" content=\"image\/jpeg\" \/>\n<meta name=\"twitter:card\" content=\"summary_large_image\" \/>\n<meta name=\"twitter:label1\" content=\"Tahmini okuma s\u00fcresi\" \/>\n\t<meta name=\"twitter:data1\" content=\"1 dakika\" \/>\n<script type=\"application\/ld+json\" class=\"yoast-schema-graph\">{\"@context\":\"https:\/\/schema.org\",\"@graph\":[{\"@type\":\"WebPage\",\"@id\":\"https:\/\/csotrading.com\/tr\/product\/yaskawa-d1000-series-cimr-dc2a0090baa\/\",\"url\":\"https:\/\/csotrading.com\/tr\/product\/yaskawa-d1000-series-cimr-dc2a0090baa\/\",\"name\":\"YASKAWA D1000 Serisi CIMR-DC2A0090BAA - CSO TRADING\",\"isPartOf\":{\"@id\":\"https:\/\/csotrading.com\/#website\"},\"primaryImageOfPage\":{\"@id\":\"https:\/\/csotrading.com\/tr\/product\/yaskawa-d1000-series-cimr-dc2a0090baa\/#primaryimage\"},\"image\":{\"@id\":\"https:\/\/csotrading.com\/tr\/product\/yaskawa-d1000-series-cimr-dc2a0090baa\/#primaryimage\"},\"thumbnailUrl\":\"https:\/\/csotrading.com\/wp-content\/uploads\/2021\/06\/ezgif-1-15a57bc7a695.jpg\",\"datePublished\":\"2021-06-27T20:54:06+00:00\",\"dateModified\":\"2021-06-27T20:55:11+00:00\",\"breadcrumb\":{\"@id\":\"https:\/\/csotrading.com\/tr\/product\/yaskawa-d1000-series-cimr-dc2a0090baa\/#breadcrumb\"},\"inLanguage\":\"tr\",\"potentialAction\":[{\"@type\":\"ReadAction\",\"target\":[\"https:\/\/csotrading.com\/tr\/product\/yaskawa-d1000-series-cimr-dc2a0090baa\/\"]}]},{\"@type\":\"ImageObject\",\"inLanguage\":\"tr\",\"@id\":\"https:\/\/csotrading.com\/tr\/product\/yaskawa-d1000-series-cimr-dc2a0090baa\/#primaryimage\",\"url\":\"https:\/\/csotrading.com\/wp-content\/uploads\/2021\/06\/ezgif-1-15a57bc7a695.jpg\",\"contentUrl\":\"https:\/\/csotrading.com\/wp-content\/uploads\/2021\/06\/ezgif-1-15a57bc7a695.jpg\",\"width\":290,\"height\":419},{\"@type\":\"BreadcrumbList\",\"@id\":\"https:\/\/csotrading.com\/tr\/product\/yaskawa-d1000-series-cimr-dc2a0090baa\/#breadcrumb\",\"itemListElement\":[{\"@type\":\"ListItem\",\"position\":1,\"name\":\"Home\",\"item\":\"https:\/\/csotrading.com\/tr\/\"},{\"@type\":\"ListItem\",\"position\":2,\"name\":\"Ma\u011faza\",\"item\":\"https:\/\/csotrading.com\/magaza\/\"},{\"@type\":\"ListItem\",\"position\":3,\"name\":\"YASKAWA D1000 Serisi CIMR-DC2A0090BAA\"}]},{\"@type\":\"WebSite\",\"@id\":\"https:\/\/csotrading.com\/#website\",\"url\":\"https:\/\/csotrading.com\/\",\"name\":\"CSO TRADING\",\"description\":\"\",\"potentialAction\":[{\"@type\":\"SearchAction\",\"target\":{\"@type\":\"EntryPoint\",\"urlTemplate\":\"https:\/\/csotrading.com\/?s={search_term_string}\"},\"query-input\":{\"@type\":\"PropertyValueSpecification\",\"valueRequired\":true,\"valueName\":\"search_term_string\"}}],\"inLanguage\":\"tr\"}]}<\/script>\n<!-- \/ Yoast SEO plugin. -->","yoast_head_json":{"title":"YASKAWA D1000 Serisi CIMR-DC2A0090BAA - CSO TRADING","robots":{"index":"index","follow":"follow","max-snippet":"max-snippet:-1","max-image-preview":"max-image-preview:large","max-video-preview":"max-video-preview:-1"},"canonical":"https:\/\/csotrading.com\/tr\/product\/yaskawa-d1000-series-cimr-dc2a0090baa\/","og_locale":"tr_TR","og_type":"article","og_title":"YASKAWA D1000 Serisi CIMR-DC2A0090BAA - CSO TRADING","og_description":"D1000 - D\u00fc\u015f\u00fck Harmonikli Rejeneratif Konvert\u00f6r \u00dcnitesi D\u00fc\u015f\u00fck Harmonikli Enerji Geri Kazan\u0131m \u00dcnitesi","og_url":"https:\/\/csotrading.com\/tr\/product\/yaskawa-d1000-series-cimr-dc2a0090baa\/","og_site_name":"CSO TRADING","article_modified_time":"2021-06-27T20:55:11+00:00","og_image":[{"width":290,"height":419,"url":"https:\/\/csotrading.com\/wp-content\/uploads\/2021\/06\/ezgif-1-15a57bc7a695.jpg","type":"image\/jpeg"}],"twitter_card":"summary_large_image","twitter_misc":{"Tahmini okuma s\u00fcresi":"1 dakika"},"schema":{"@context":"https:\/\/schema.org","@graph":[{"@type":"WebPage","@id":"https:\/\/csotrading.com\/tr\/product\/yaskawa-d1000-series-cimr-dc2a0090baa\/","url":"https:\/\/csotrading.com\/tr\/product\/yaskawa-d1000-series-cimr-dc2a0090baa\/","name":"YASKAWA D1000 Serisi CIMR-DC2A0090BAA - CSO TRADING","isPartOf":{"@id":"https:\/\/csotrading.com\/#website"},"primaryImageOfPage":{"@id":"https:\/\/csotrading.com\/tr\/product\/yaskawa-d1000-series-cimr-dc2a0090baa\/#primaryimage"},"image":{"@id":"https:\/\/csotrading.com\/tr\/product\/yaskawa-d1000-series-cimr-dc2a0090baa\/#primaryimage"},"thumbnailUrl":"https:\/\/csotrading.com\/wp-content\/uploads\/2021\/06\/ezgif-1-15a57bc7a695.jpg","datePublished":"2021-06-27T20:54:06+00:00","dateModified":"2021-06-27T20:55:11+00:00","breadcrumb":{"@id":"https:\/\/csotrading.com\/tr\/product\/yaskawa-d1000-series-cimr-dc2a0090baa\/#breadcrumb"},"inLanguage":"tr","potentialAction":[{"@type":"ReadAction","target":["https:\/\/csotrading.com\/tr\/product\/yaskawa-d1000-series-cimr-dc2a0090baa\/"]}]},{"@type":"ImageObject","inLanguage":"tr","@id":"https:\/\/csotrading.com\/tr\/product\/yaskawa-d1000-series-cimr-dc2a0090baa\/#primaryimage","url":"https:\/\/csotrading.com\/wp-content\/uploads\/2021\/06\/ezgif-1-15a57bc7a695.jpg","contentUrl":"https:\/\/csotrading.com\/wp-content\/uploads\/2021\/06\/ezgif-1-15a57bc7a695.jpg","width":290,"height":419},{"@type":"BreadcrumbList","@id":"https:\/\/csotrading.com\/tr\/product\/yaskawa-d1000-series-cimr-dc2a0090baa\/#breadcrumb","itemListElement":[{"@type":"ListItem","position":1,"name":"Home","item":"https:\/\/csotrading.com\/tr\/"},{"@type":"ListItem","position":2,"name":"Ma\u011faza","item":"https:\/\/csotrading.com\/magaza\/"},{"@type":"ListItem","position":3,"name":"YASKAWA D1000 Serisi CIMR-DC2A0090BAA"}]},{"@type":"WebSite","@id":"https:\/\/csotrading.com\/#website","url":"https:\/\/csotrading.com\/","name":"CSO TRADING","description":"","potentialAction":[{"@type":"SearchAction","target":{"@type":"EntryPoint","urlTemplate":"https:\/\/csotrading.com\/?s={search_term_string}"},"query-input":{"@type":"PropertyValueSpecification","valueRequired":true,"valueName":"search_term_string"}}],"inLanguage":"tr"}]}},"_links":{"self":[{"href":"https:\/\/csotrading.com\/tr\/wp-json\/wp\/v2\/product\/7924"}],"collection":[{"href":"https:\/\/csotrading.com\/tr\/wp-json\/wp\/v2\/product"}],"about":[{"href":"https:\/\/csotrading.com\/tr\/wp-json\/wp\/v2\/types\/product"}],"replies":[{"embeddable":true,"href":"https:\/\/csotrading.com\/tr\/wp-json\/wp\/v2\/comments?post=7924"}],"wp:featuredmedia":[{"embeddable":true,"href":"https:\/\/csotrading.com\/tr\/wp-json\/wp\/v2\/media\/7905"}],"wp:attachment":[{"href":"https:\/\/csotrading.com\/tr\/wp-json\/wp\/v2\/media?parent=7924"}],"wp:term":[{"taxonomy":"product_brand","embeddable":true,"href":"https:\/\/csotrading.com\/tr\/wp-json\/wp\/v2\/product_brand?post=7924"},{"taxonomy":"product_cat","embeddable":true,"href":"https:\/\/csotrading.com\/tr\/wp-json\/wp\/v2\/product_cat?post=7924"},{"taxonomy":"product_tag","embeddable":true,"href":"https:\/\/csotrading.com\/tr\/wp-json\/wp\/v2\/product_tag?post=7924"}],"curies":[{"name":"wp","href":"https:\/\/api.w.org\/{rel}","templated":true}]}}