{"id":7922,"date":"2021-06-27T23:51:44","date_gmt":"2021-06-27T20:51:44","guid":{"rendered":"https:\/\/csotrading.com\/?post_type=product&#038;p=7922"},"modified":"2021-06-27T23:55:24","modified_gmt":"2021-06-27T20:55:24","slug":"yaskawa-j1000-series-cimr-jcba0006baa","status":"publish","type":"product","link":"https:\/\/csotrading.com\/tr\/product\/yaskawa-j1000-series-cimr-jcba0006baa\/","title":{"rendered":"YASKAWA J1000 Serisi CIMR-JCBA0006BAA"},"content":{"rendered":"<div>\n<ul>\n<li>Y\u00fck De\u011fi\u015fimi veya g\u00fc\u00e7 kesintisi s\u0131ras\u0131nda kararl\u0131 \u00e7al\u0131\u015fma i\u00e7in Durma \u00d6nleme \u0130\u015flevleri<\/li>\n<li>Harici frenleme direnci olmadan h\u0131zl\u0131 yava\u015flama i\u00e7in A\u015f\u0131r\u0131 Uyar\u0131 Frenleme Sistemi<\/li>\n<li>Y\u00fck\u00fc alg\u0131lar ve ger\u00e7ek h\u0131z ko\u015fullar\u0131na bak\u0131lmaks\u0131z\u0131n torku otomatik olarak ayarlar<\/li>\n<\/ul>\n<\/div>\n<section class=\"content-swiper my-4\">\n<div id=\"yaskawaCarousel-488224\" class=\"carousel slide\" data-ride=\"false\">\n<div class=\"carousel-inner\">\n<div class=\"carousel-item   active\">\n<div class=\"container\">\n<div class=\"carousel-content\"><picture data-alt=\"\" data-default-src=\"\/Global%20Assets\/Pictures\/Products\/DMC\/AC%20Drives\/J1000\/image-thumb__5554__content-swiper-contain\/Yas_J1000_IMG_1142_new_logo.png\"><source srcset=\"\/Global%20Assets\/Pictures\/Products\/DMC\/AC%20Drives\/J1000\/image-thumb__5554__content-swiper-contain\/Yas_J1000_IMG_1142_new_logo~-~media--5abec06c--query.webp 1x, \/Global%20Assets\/Pictures\/Products\/DMC\/AC%20Drives\/J1000\/image-thumb__5554__content-swiper-contain\/Yas_J1000_IMG_1142_new_logo~-~media--5abec06c--query@2x.webp 2x\" type=\"image\/webp\" media=\"(max-width: 576px)\" \/><source srcset=\"\/Global%20Assets\/Pictures\/Products\/DMC\/AC%20Drives\/J1000\/image-thumb__5554__content-swiper-contain\/Yas_J1000_IMG_1142_new_logo~-~media--5abec06c--query.png 1x, \/Global%20Assets\/Pictures\/Products\/DMC\/AC%20Drives\/J1000\/image-thumb__5554__content-swiper-contain\/Yas_J1000_IMG_1142_new_logo~-~media--5abec06c--query@2x.png 2x\" type=\"image\/png\" media=\"(max-width: 576px)\" \/><source srcset=\"\/Global%20Assets\/Pictures\/Products\/DMC\/AC%20Drives\/J1000\/image-thumb__5554__content-swiper-contain\/Yas_J1000_IMG_1142_new_logo.webp 1x, \/Global%20Assets\/Pictures\/Products\/DMC\/AC%20Drives\/J1000\/image-thumb__5554__content-swiper-contain\/Yas_J1000_IMG_1142_new_logo@2x.webp 2x\" type=\"image\/webp\" \/><source srcset=\"\/Global%20Assets\/Pictures\/Products\/DMC\/AC%20Drives\/J1000\/image-thumb__5554__content-swiper-contain\/Yas_J1000_IMG_1142_new_logo.png 1x, \/Global%20Assets\/Pictures\/Products\/DMC\/AC%20Drives\/J1000\/image-thumb__5554__content-swiper-contain\/Yas_J1000_IMG_1142_new_logo@2x.png 2x\" type=\"image\/png\" \/><\/picture><\/div>\n<\/div>\n<div>\n<h2 id=\"technicalDetails\" data-content-navigation-headline=\"\">Teknik Detaylar<\/h2>\n<div class=\"row table\">\n<ul class=\"col-12 col-md-3 mb-3\">\n<li>GIRI\u015e G\u00dc\u00c7 KAYNA\u011eI<\/li>\n<li>200 V<\/li>\n<\/ul>\n<ul class=\"col-12 col-md-3 mb-3\">\n<li>GIRI\u015e G\u00dc\u00c7 FAZLARI<\/li>\n<li>Tek faz<\/li>\n<\/ul>\n<ul class=\"col-12 col-md-3 mb-3\">\n<li>ANMA \u00c7IKI\u015e AKIMI (HD)<\/li>\n<li>0,8 A<\/li>\n<\/ul>\n<ul class=\"col-12 col-md-3 mb-3\">\n<li>ANMA \u00c7IKI\u015e AKIMI (ND)<\/li>\n<li>1,2 A<\/li>\n<\/ul>\n<ul class=\"col-12 col-md-3 mb-3\">\n<li>MAKS. UYGULANABILIR MOTOR \u00c7IKI\u015eI (HD)<\/li>\n<li>0,1 kW<\/li>\n<\/ul>\n<ul class=\"col-12 col-md-3 mb-3\">\n<li>MAKS. UYGULANABILIR MOTOR \u00c7IKI\u015eI (ND)<\/li>\n<li>0,2 kW<\/li>\n<\/ul>\n<ul class=\"col-12 col-md-3 mb-3\">\n<li>MOTOR TIPI<\/li>\n<li>Induction motor<\/li>\n<\/ul>\n<ul class=\"col-12 col-md-3 mb-3\">\n<li>STANDARTLARA UYGUNLUK<\/li>\n<li>cUL, CE, RoHS, UL<\/li>\n<\/ul>\n<ul class=\"col-12 col-md-3 mb-3\">\n<li>\u00c7EVRE SICAKLI\u011eI (MIN)<\/li>\n<li>-10 \u00b0C<\/li>\n<\/ul>\n<ul class=\"col-12 col-md-3 mb-3\">\n<li>\u00c7EVRE SICAKLI\u011eI (MAKS)<\/li>\n<li>40 \u00b0C<\/li>\n<\/ul>\n<ul class=\"col-12 col-md-3 mb-3\">\n<li>\u00c7EVRE SICAKLI\u011eI (MAKS) DE\u011eER D\u00dc\u015e\u00dcRME ILE<\/li>\n<li>50 \u00b0C<\/li>\n<\/ul>\n<ul class=\"col-12 col-md-3 mb-3\">\n<li>MAKS. NEM (YO\u011eU\u015eMASIZ)<\/li>\n<li>95 %<\/li>\n<\/ul>\n<ul class=\"col-12 col-md-3 mb-3\">\n<li>MAKS. RAKIM (DE\u011eER KAYBI OLMADAN)<\/li>\n<li>1\u00a0000 m<\/li>\n<\/ul>\n<ul class=\"col-12 col-md-3 mb-3\">\n<li>MAKS. RAKIM (DE\u011eER KAYBI ILE)<\/li>\n<li>3\u00a0000 m<\/li>\n<\/ul>\n<ul class=\"col-12 col-md-3 mb-3\">\n<li>Y\u00dcKSEKLIK<\/li>\n<li>128 mm<\/li>\n<\/ul>\n<ul class=\"col-12 col-md-3 mb-3\">\n<li>GENI\u015eLIK<\/li>\n<li>68 mm<\/li>\n<\/ul>\n<ul class=\"col-12 col-md-3 mb-3\">\n<li>DERINLIK<\/li>\n<li>76 mm<\/li>\n<\/ul>\n<ul class=\"col-12 col-md-3 mb-3\">\n<li>A\u011eIRLIK<\/li>\n<li>0,6 kg<\/li>\n<\/ul>\n<ul class=\"col-12 col-md-3 mb-3\">\n<li>MUHAFAZA<\/li>\n<li>IP20 (without top cover)<\/li>\n<\/ul>\n<ul class=\"col-12 col-md-3 mb-3\">\n<li>\u00c7EVRESEL TEKNIK \u00d6ZELLIKLER<\/li>\n<li>Standard<\/li>\n<\/ul>\n<\/div>\n<\/div>\n<\/div>\n<\/div>\n<\/div>\n<\/section>\n","protected":false},"excerpt":{"rendered":"<h2>J1000, de\u011fi\u015fken h\u0131zl\u0131 \u00e7al\u0131\u015fma ve enerji tasarrufu \u00f6zelliklerine sahip kompakt uygulamalar i\u00e7in t\u00fcm otomasyon gereksinimlerini kar\u015f\u0131lar.<\/h2>\n<h3>\u00c7ok \u00e7e\u015fitli kullan\u0131\u015fl\u0131 i\u015flevler ile makinenizi y\u00fckseltir ve b\u00fcy\u00fck potansiyeller sunar.<\/h3>\n","protected":false},"featured_media":7901,"comment_status":"closed","ping_status":"closed","template":"","meta":[],"product_brand":[],"product_cat":[789,788],"product_tag":[],"class_list":{"0":"post-7922","1":"product","2":"type-product","3":"status-publish","4":"has-post-thumbnail","6":"product_cat-ac-suruculer","7":"product_cat-yaskawa-tr","9":"first","10":"instock","11":"shipping-taxable","12":"product-type-simple"},"yoast_head":"<!-- This site is optimized with the Yoast SEO plugin v24.3 - https:\/\/yoast.com\/wordpress\/plugins\/seo\/ -->\n<title>YASKAWA J1000 Serisi CIMR-JCBA0006BAA - CSO TRADING<\/title>\n<meta name=\"robots\" content=\"index, follow, max-snippet:-1, max-image-preview:large, max-video-preview:-1\" \/>\n<link rel=\"canonical\" href=\"https:\/\/csotrading.com\/tr\/product\/yaskawa-j1000-series-cimr-jcba0006baa\/\" \/>\n<meta property=\"og:locale\" content=\"tr_TR\" \/>\n<meta property=\"og:type\" content=\"article\" \/>\n<meta property=\"og:title\" content=\"YASKAWA J1000 Serisi CIMR-JCBA0006BAA - CSO TRADING\" \/>\n<meta property=\"og:description\" content=\"J1000, de\u011fi\u015fken h\u0131zl\u0131 \u00e7al\u0131\u015fma ve enerji tasarrufu \u00f6zelliklerine sahip kompakt uygulamalar i\u00e7in t\u00fcm otomasyon gereksinimlerini kar\u015f\u0131lar. \u00c7ok \u00e7e\u015fitli kullan\u0131\u015fl\u0131 i\u015flevler ile makinenizi y\u00fckseltir ve b\u00fcy\u00fck potansiyeller sunar.\" \/>\n<meta property=\"og:url\" content=\"https:\/\/csotrading.com\/tr\/product\/yaskawa-j1000-series-cimr-jcba0006baa\/\" \/>\n<meta property=\"og:site_name\" content=\"CSO TRADING\" \/>\n<meta property=\"article:modified_time\" content=\"2021-06-27T20:55:24+00:00\" \/>\n<meta property=\"og:image\" content=\"https:\/\/csotrading.com\/wp-content\/uploads\/2021\/06\/ezgif-1-46dbb2e8268f-2.jpg\" \/>\n\t<meta property=\"og:image:width\" content=\"292\" \/>\n\t<meta property=\"og:image:height\" content=\"419\" \/>\n\t<meta property=\"og:image:type\" content=\"image\/jpeg\" \/>\n<meta name=\"twitter:card\" content=\"summary_large_image\" \/>\n<meta name=\"twitter:label1\" content=\"Tahmini okuma s\u00fcresi\" \/>\n\t<meta name=\"twitter:data1\" content=\"1 dakika\" \/>\n<script type=\"application\/ld+json\" class=\"yoast-schema-graph\">{\"@context\":\"https:\/\/schema.org\",\"@graph\":[{\"@type\":\"WebPage\",\"@id\":\"https:\/\/csotrading.com\/tr\/product\/yaskawa-j1000-series-cimr-jcba0006baa\/\",\"url\":\"https:\/\/csotrading.com\/tr\/product\/yaskawa-j1000-series-cimr-jcba0006baa\/\",\"name\":\"YASKAWA J1000 Serisi CIMR-JCBA0006BAA - CSO TRADING\",\"isPartOf\":{\"@id\":\"https:\/\/csotrading.com\/#website\"},\"primaryImageOfPage\":{\"@id\":\"https:\/\/csotrading.com\/tr\/product\/yaskawa-j1000-series-cimr-jcba0006baa\/#primaryimage\"},\"image\":{\"@id\":\"https:\/\/csotrading.com\/tr\/product\/yaskawa-j1000-series-cimr-jcba0006baa\/#primaryimage\"},\"thumbnailUrl\":\"https:\/\/csotrading.com\/wp-content\/uploads\/2021\/06\/ezgif-1-46dbb2e8268f-2.jpg\",\"datePublished\":\"2021-06-27T20:51:44+00:00\",\"dateModified\":\"2021-06-27T20:55:24+00:00\",\"breadcrumb\":{\"@id\":\"https:\/\/csotrading.com\/tr\/product\/yaskawa-j1000-series-cimr-jcba0006baa\/#breadcrumb\"},\"inLanguage\":\"tr\",\"potentialAction\":[{\"@type\":\"ReadAction\",\"target\":[\"https:\/\/csotrading.com\/tr\/product\/yaskawa-j1000-series-cimr-jcba0006baa\/\"]}]},{\"@type\":\"ImageObject\",\"inLanguage\":\"tr\",\"@id\":\"https:\/\/csotrading.com\/tr\/product\/yaskawa-j1000-series-cimr-jcba0006baa\/#primaryimage\",\"url\":\"https:\/\/csotrading.com\/wp-content\/uploads\/2021\/06\/ezgif-1-46dbb2e8268f-2.jpg\",\"contentUrl\":\"https:\/\/csotrading.com\/wp-content\/uploads\/2021\/06\/ezgif-1-46dbb2e8268f-2.jpg\",\"width\":292,\"height\":419},{\"@type\":\"BreadcrumbList\",\"@id\":\"https:\/\/csotrading.com\/tr\/product\/yaskawa-j1000-series-cimr-jcba0006baa\/#breadcrumb\",\"itemListElement\":[{\"@type\":\"ListItem\",\"position\":1,\"name\":\"Home\",\"item\":\"https:\/\/csotrading.com\/tr\/\"},{\"@type\":\"ListItem\",\"position\":2,\"name\":\"Ma\u011faza\",\"item\":\"https:\/\/csotrading.com\/magaza\/\"},{\"@type\":\"ListItem\",\"position\":3,\"name\":\"YASKAWA J1000 Serisi CIMR-JCBA0006BAA\"}]},{\"@type\":\"WebSite\",\"@id\":\"https:\/\/csotrading.com\/#website\",\"url\":\"https:\/\/csotrading.com\/\",\"name\":\"CSO TRADING\",\"description\":\"\",\"potentialAction\":[{\"@type\":\"SearchAction\",\"target\":{\"@type\":\"EntryPoint\",\"urlTemplate\":\"https:\/\/csotrading.com\/?s={search_term_string}\"},\"query-input\":{\"@type\":\"PropertyValueSpecification\",\"valueRequired\":true,\"valueName\":\"search_term_string\"}}],\"inLanguage\":\"tr\"}]}<\/script>\n<!-- \/ Yoast SEO plugin. -->","yoast_head_json":{"title":"YASKAWA J1000 Serisi CIMR-JCBA0006BAA - CSO TRADING","robots":{"index":"index","follow":"follow","max-snippet":"max-snippet:-1","max-image-preview":"max-image-preview:large","max-video-preview":"max-video-preview:-1"},"canonical":"https:\/\/csotrading.com\/tr\/product\/yaskawa-j1000-series-cimr-jcba0006baa\/","og_locale":"tr_TR","og_type":"article","og_title":"YASKAWA J1000 Serisi CIMR-JCBA0006BAA - CSO TRADING","og_description":"J1000, de\u011fi\u015fken h\u0131zl\u0131 \u00e7al\u0131\u015fma ve enerji tasarrufu \u00f6zelliklerine sahip kompakt uygulamalar i\u00e7in t\u00fcm otomasyon gereksinimlerini kar\u015f\u0131lar. \u00c7ok \u00e7e\u015fitli kullan\u0131\u015fl\u0131 i\u015flevler ile makinenizi y\u00fckseltir ve b\u00fcy\u00fck potansiyeller sunar.","og_url":"https:\/\/csotrading.com\/tr\/product\/yaskawa-j1000-series-cimr-jcba0006baa\/","og_site_name":"CSO TRADING","article_modified_time":"2021-06-27T20:55:24+00:00","og_image":[{"width":292,"height":419,"url":"https:\/\/csotrading.com\/wp-content\/uploads\/2021\/06\/ezgif-1-46dbb2e8268f-2.jpg","type":"image\/jpeg"}],"twitter_card":"summary_large_image","twitter_misc":{"Tahmini okuma s\u00fcresi":"1 dakika"},"schema":{"@context":"https:\/\/schema.org","@graph":[{"@type":"WebPage","@id":"https:\/\/csotrading.com\/tr\/product\/yaskawa-j1000-series-cimr-jcba0006baa\/","url":"https:\/\/csotrading.com\/tr\/product\/yaskawa-j1000-series-cimr-jcba0006baa\/","name":"YASKAWA J1000 Serisi CIMR-JCBA0006BAA - CSO TRADING","isPartOf":{"@id":"https:\/\/csotrading.com\/#website"},"primaryImageOfPage":{"@id":"https:\/\/csotrading.com\/tr\/product\/yaskawa-j1000-series-cimr-jcba0006baa\/#primaryimage"},"image":{"@id":"https:\/\/csotrading.com\/tr\/product\/yaskawa-j1000-series-cimr-jcba0006baa\/#primaryimage"},"thumbnailUrl":"https:\/\/csotrading.com\/wp-content\/uploads\/2021\/06\/ezgif-1-46dbb2e8268f-2.jpg","datePublished":"2021-06-27T20:51:44+00:00","dateModified":"2021-06-27T20:55:24+00:00","breadcrumb":{"@id":"https:\/\/csotrading.com\/tr\/product\/yaskawa-j1000-series-cimr-jcba0006baa\/#breadcrumb"},"inLanguage":"tr","potentialAction":[{"@type":"ReadAction","target":["https:\/\/csotrading.com\/tr\/product\/yaskawa-j1000-series-cimr-jcba0006baa\/"]}]},{"@type":"ImageObject","inLanguage":"tr","@id":"https:\/\/csotrading.com\/tr\/product\/yaskawa-j1000-series-cimr-jcba0006baa\/#primaryimage","url":"https:\/\/csotrading.com\/wp-content\/uploads\/2021\/06\/ezgif-1-46dbb2e8268f-2.jpg","contentUrl":"https:\/\/csotrading.com\/wp-content\/uploads\/2021\/06\/ezgif-1-46dbb2e8268f-2.jpg","width":292,"height":419},{"@type":"BreadcrumbList","@id":"https:\/\/csotrading.com\/tr\/product\/yaskawa-j1000-series-cimr-jcba0006baa\/#breadcrumb","itemListElement":[{"@type":"ListItem","position":1,"name":"Home","item":"https:\/\/csotrading.com\/tr\/"},{"@type":"ListItem","position":2,"name":"Ma\u011faza","item":"https:\/\/csotrading.com\/magaza\/"},{"@type":"ListItem","position":3,"name":"YASKAWA J1000 Serisi CIMR-JCBA0006BAA"}]},{"@type":"WebSite","@id":"https:\/\/csotrading.com\/#website","url":"https:\/\/csotrading.com\/","name":"CSO TRADING","description":"","potentialAction":[{"@type":"SearchAction","target":{"@type":"EntryPoint","urlTemplate":"https:\/\/csotrading.com\/?s={search_term_string}"},"query-input":{"@type":"PropertyValueSpecification","valueRequired":true,"valueName":"search_term_string"}}],"inLanguage":"tr"}]}},"_links":{"self":[{"href":"https:\/\/csotrading.com\/tr\/wp-json\/wp\/v2\/product\/7922"}],"collection":[{"href":"https:\/\/csotrading.com\/tr\/wp-json\/wp\/v2\/product"}],"about":[{"href":"https:\/\/csotrading.com\/tr\/wp-json\/wp\/v2\/types\/product"}],"replies":[{"embeddable":true,"href":"https:\/\/csotrading.com\/tr\/wp-json\/wp\/v2\/comments?post=7922"}],"wp:featuredmedia":[{"embeddable":true,"href":"https:\/\/csotrading.com\/tr\/wp-json\/wp\/v2\/media\/7901"}],"wp:attachment":[{"href":"https:\/\/csotrading.com\/tr\/wp-json\/wp\/v2\/media?parent=7922"}],"wp:term":[{"taxonomy":"product_brand","embeddable":true,"href":"https:\/\/csotrading.com\/tr\/wp-json\/wp\/v2\/product_brand?post=7922"},{"taxonomy":"product_cat","embeddable":true,"href":"https:\/\/csotrading.com\/tr\/wp-json\/wp\/v2\/product_cat?post=7922"},{"taxonomy":"product_tag","embeddable":true,"href":"https:\/\/csotrading.com\/tr\/wp-json\/wp\/v2\/product_tag?post=7922"}],"curies":[{"name":"wp","href":"https:\/\/api.w.org\/{rel}","templated":true}]}}