{"id":7919,"date":"2021-06-27T23:44:02","date_gmt":"2021-06-27T20:44:02","guid":{"rendered":"https:\/\/csotrading.com\/?post_type=product&#038;p=7919"},"modified":"2021-06-27T23:55:40","modified_gmt":"2021-06-27T20:55:40","slug":"yaskawa-a1000-series-cimr-ac4a0009faa","status":"publish","type":"product","link":"https:\/\/csotrading.com\/tr\/product\/yaskawa-a1000-series-cimr-ac4a0009faa\/","title":{"rendered":"YASKAWA A1000 Serisi CIMR-AC4A0009FAA"},"content":{"rendered":"<div>\n<ul>\n<li>S\u0131f\u0131r h\u0131zda tam torka sahip PM motorlar\u0131n enkodersiz \u00e7al\u0131\u015fmas\u0131<\/li>\n<li>En y\u00fcksek makine performans\u0131n\u0131 elde etmek i\u00e7in motor ayarlar\u0131n\u0131 otomatik olarak ayarlamak ve motor \u00e7al\u0131\u015fmas\u0131 s\u0131ras\u0131nda s\u00fcrekli de\u011fi\u015fiklikleri analiz etmek i\u00e7in Geli\u015fmi\u015f Otomatik Ayar fonksi<\/li>\n<li>Asenkron ve senkron motor \u00e7al\u0131\u015fmas\u0131 ile birlikte verimlili\u011fi ve makine verimlili\u011fini art\u0131ran geli\u015fmi\u015f enerji tasarrufu kontrol teknolojisi<\/li>\n<li>Y\u00fcksek h\u0131zl\u0131 i\u015f mili, konumland\u0131rma, vin\u00e7, elektronik hat \u015faft\u0131 i\u00e7in \u00f6zel \u00f6zelliklere sahiptir<\/li>\n<\/ul>\n<\/div>\n<section class=\"content-swiper my-4\">\n<div id=\"yaskawaCarousel-253514\" class=\"carousel slide\" data-ride=\"false\">\n<div class=\"carousel-inner\">\n<div class=\"carousel-item   active\">\n<div class=\"container\">\n<div class=\"carousel-content\"><picture data-alt=\"\" data-default-src=\"\/Global%20Assets\/Pictures\/Products\/DMC\/AC%20Drives\/A1000\/image-thumb__4937__content-swiper-contain\/YAS_A1000_duo.jpg\"><source srcset=\"\/Global%20Assets\/Pictures\/Products\/DMC\/AC%20Drives\/A1000\/image-thumb__4937__content-swiper-contain\/YAS_A1000_duo~-~media--5abec06c--query.webp 1x, \/Global%20Assets\/Pictures\/Products\/DMC\/AC%20Drives\/A1000\/image-thumb__4937__content-swiper-contain\/YAS_A1000_duo~-~media--5abec06c--query@2x.webp 2x\" type=\"image\/webp\" media=\"(max-width: 576px)\" \/><source srcset=\"\/Global%20Assets\/Pictures\/Products\/DMC\/AC%20Drives\/A1000\/image-thumb__4937__content-swiper-contain\/YAS_A1000_duo~-~media--5abec06c--query.jpg 1x, \/Global%20Assets\/Pictures\/Products\/DMC\/AC%20Drives\/A1000\/image-thumb__4937__content-swiper-contain\/YAS_A1000_duo~-~media--5abec06c--query@2x.jpg 2x\" type=\"image\/jpeg\" media=\"(max-width: 576px)\" \/><source srcset=\"\/Global%20Assets\/Pictures\/Products\/DMC\/AC%20Drives\/A1000\/image-thumb__4937__content-swiper-contain\/YAS_A1000_duo.webp 1x, \/Global%20Assets\/Pictures\/Products\/DMC\/AC%20Drives\/A1000\/image-thumb__4937__content-swiper-contain\/YAS_A1000_duo@2x.webp 2x\" type=\"image\/webp\" \/><source srcset=\"\/Global%20Assets\/Pictures\/Products\/DMC\/AC%20Drives\/A1000\/image-thumb__4937__content-swiper-contain\/YAS_A1000_duo.jpg 1x, \/Global%20Assets\/Pictures\/Products\/DMC\/AC%20Drives\/A1000\/image-thumb__4937__content-swiper-contain\/YAS_A1000_duo@2x.jpg 2x\" type=\"image\/jpeg\" \/><\/picture><\/div>\n<\/div>\n<div>\n<h2 id=\"technicalDetails\" data-content-navigation-headline=\"\">Teknik Detaylar<\/h2>\n<div class=\"row table\">\n<ul class=\"col-12 col-md-3 mb-3\">\n<li>GIRI\u015e G\u00dc\u00c7 KAYNA\u011eI<\/li>\n<li>400 V<\/li>\n<\/ul>\n<ul class=\"col-12 col-md-3 mb-3\">\n<li>GIRI\u015e G\u00dc\u00c7 FAZLARI<\/li>\n<li>3-faz<\/li>\n<\/ul>\n<ul class=\"col-12 col-md-3 mb-3\">\n<li>ANMA \u00c7IKI\u015e AKIMI (HD)<\/li>\n<li>7,2 A<\/li>\n<\/ul>\n<ul class=\"col-12 col-md-3 mb-3\">\n<li>ANMA \u00c7IKI\u015e AKIMI (ND)<\/li>\n<li>8,8 A<\/li>\n<\/ul>\n<ul class=\"col-12 col-md-3 mb-3\">\n<li>MAKS. UYGULANABILIR MOTOR \u00c7IKI\u015eI (HD)<\/li>\n<li>3 kW<\/li>\n<\/ul>\n<ul class=\"col-12 col-md-3 mb-3\">\n<li>MAKS. UYGULANABILIR MOTOR \u00c7IKI\u015eI (ND)<\/li>\n<li>3,7 kW<\/li>\n<\/ul>\n<ul class=\"col-12 col-md-3 mb-3\">\n<li>MOTOR TIPI<\/li>\n<li>Permanent magnet motor, Induction motor<\/li>\n<\/ul>\n<ul class=\"col-12 col-md-3 mb-3\">\n<li>STANDARTLARA UYGUNLUK<\/li>\n<li>cUL, CE, GL, RoHS, UL<\/li>\n<\/ul>\n<ul class=\"col-12 col-md-3 mb-3\">\n<li>\u00c7EVRE SICAKLI\u011eI (MIN)<\/li>\n<li>-10 \u00b0C<\/li>\n<\/ul>\n<ul class=\"col-12 col-md-3 mb-3\">\n<li>\u00c7EVRE SICAKLI\u011eI (MAKS)<\/li>\n<li>40 \u00b0C<\/li>\n<\/ul>\n<ul class=\"col-12 col-md-3 mb-3\">\n<li>\u00c7EVRE SICAKLI\u011eI (MAKS) DE\u011eER D\u00dc\u015e\u00dcRME ILE<\/li>\n<li>50 \u00b0C<\/li>\n<\/ul>\n<ul class=\"col-12 col-md-3 mb-3\">\n<li>MAKS. NEM (YO\u011eU\u015eMASIZ)<\/li>\n<li>95 %<\/li>\n<\/ul>\n<ul class=\"col-12 col-md-3 mb-3\">\n<li>MAKS. RAKIM (DE\u011eER KAYBI OLMADAN)<\/li>\n<li>1\u00a0000 m<\/li>\n<\/ul>\n<ul class=\"col-12 col-md-3 mb-3\">\n<li>MAKS. RAKIM (DE\u011eER KAYBI ILE)<\/li>\n<li>3\u00a0000 m<\/li>\n<\/ul>\n<ul class=\"col-12 col-md-3 mb-3\">\n<li>Y\u00dcKSEKLIK<\/li>\n<li>260 mm<\/li>\n<\/ul>\n<ul class=\"col-12 col-md-3 mb-3\">\n<li>GENI\u015eLIK<\/li>\n<li>140 mm<\/li>\n<\/ul>\n<ul class=\"col-12 col-md-3 mb-3\">\n<li>DERINLIK<\/li>\n<li>164 mm<\/li>\n<\/ul>\n<ul class=\"col-12 col-md-3 mb-3\">\n<li>A\u011eIRLIK<\/li>\n<li>3,5 kg<\/li>\n<\/ul>\n<ul class=\"col-12 col-md-3 mb-3\">\n<li>MUHAFAZA<\/li>\n<li>IP20<\/li>\n<\/ul>\n<ul class=\"col-12 col-md-3 mb-3\">\n<li>\u00c7EVRESEL TEKNIK \u00d6ZELLIKLER<\/li>\n<li>Standard<\/li>\n<\/ul>\n<\/div>\n<\/div>\n<\/div>\n<\/div>\n<\/div>\n<\/section>\n","protected":false},"excerpt":{"rendered":"<h2>A1000, Yaskawa&#8217;n\u0131n premium AC s\u00fcr\u00fcc\u00fcs\u00fcd\u00fcr.<\/h2>\n<h3>M\u00fckemmel \u00e7al\u0131\u015fma g\u00fcvenilirli\u011fi, \u00e7evresel faydalar ve enerji tasarrufu sa\u011flaman\u0131n yan\u0131 s\u0131ra onu birinci s\u0131n\u0131f bir se\u00e7im haline getiren di\u011fer bir\u00e7ok kullan\u0131c\u0131 odakl\u0131 operasyonel \u00f6zellik sunar.<\/h3>\n","protected":false},"featured_media":7890,"comment_status":"closed","ping_status":"closed","template":"","meta":[],"product_brand":[],"product_cat":[789,788],"product_tag":[],"class_list":{"0":"post-7919","1":"product","2":"type-product","3":"status-publish","4":"has-post-thumbnail","6":"product_cat-ac-suruculer","7":"product_cat-yaskawa-tr","9":"first","10":"instock","11":"shipping-taxable","12":"product-type-simple"},"yoast_head":"<!-- This site is optimized with the Yoast SEO plugin v24.3 - https:\/\/yoast.com\/wordpress\/plugins\/seo\/ -->\n<title>YASKAWA A1000 Serisi CIMR-AC4A0009FAA - CSO TRADING<\/title>\n<meta name=\"robots\" content=\"index, follow, max-snippet:-1, max-image-preview:large, max-video-preview:-1\" \/>\n<link rel=\"canonical\" href=\"https:\/\/csotrading.com\/tr\/product\/yaskawa-a1000-series-cimr-ac4a0009faa\/\" \/>\n<meta property=\"og:locale\" content=\"tr_TR\" \/>\n<meta property=\"og:type\" content=\"article\" \/>\n<meta property=\"og:title\" content=\"YASKAWA A1000 Serisi CIMR-AC4A0009FAA - CSO TRADING\" \/>\n<meta property=\"og:description\" content=\"A1000, Yaskawa&#039;n\u0131n premium AC s\u00fcr\u00fcc\u00fcs\u00fcd\u00fcr. M\u00fckemmel \u00e7al\u0131\u015fma g\u00fcvenilirli\u011fi, \u00e7evresel faydalar ve enerji tasarrufu sa\u011flaman\u0131n yan\u0131 s\u0131ra onu birinci s\u0131n\u0131f bir se\u00e7im haline getiren di\u011fer bir\u00e7ok kullan\u0131c\u0131 odakl\u0131 operasyonel \u00f6zellik sunar.\" \/>\n<meta property=\"og:url\" content=\"https:\/\/csotrading.com\/tr\/product\/yaskawa-a1000-series-cimr-ac4a0009faa\/\" \/>\n<meta property=\"og:site_name\" content=\"CSO TRADING\" \/>\n<meta property=\"article:modified_time\" content=\"2021-06-27T20:55:40+00:00\" \/>\n<meta property=\"og:image\" content=\"https:\/\/csotrading.com\/wp-content\/uploads\/2021\/06\/ezgif-1-0914b31fb1ec.jpg\" \/>\n\t<meta property=\"og:image:width\" content=\"279\" \/>\n\t<meta property=\"og:image:height\" content=\"419\" \/>\n\t<meta property=\"og:image:type\" content=\"image\/jpeg\" \/>\n<meta name=\"twitter:card\" content=\"summary_large_image\" \/>\n<meta name=\"twitter:label1\" content=\"Tahmini okuma s\u00fcresi\" \/>\n\t<meta name=\"twitter:data1\" content=\"1 dakika\" \/>\n<script type=\"application\/ld+json\" class=\"yoast-schema-graph\">{\"@context\":\"https:\/\/schema.org\",\"@graph\":[{\"@type\":\"WebPage\",\"@id\":\"https:\/\/csotrading.com\/tr\/product\/yaskawa-a1000-series-cimr-ac4a0009faa\/\",\"url\":\"https:\/\/csotrading.com\/tr\/product\/yaskawa-a1000-series-cimr-ac4a0009faa\/\",\"name\":\"YASKAWA A1000 Serisi CIMR-AC4A0009FAA - CSO TRADING\",\"isPartOf\":{\"@id\":\"https:\/\/csotrading.com\/#website\"},\"primaryImageOfPage\":{\"@id\":\"https:\/\/csotrading.com\/tr\/product\/yaskawa-a1000-series-cimr-ac4a0009faa\/#primaryimage\"},\"image\":{\"@id\":\"https:\/\/csotrading.com\/tr\/product\/yaskawa-a1000-series-cimr-ac4a0009faa\/#primaryimage\"},\"thumbnailUrl\":\"https:\/\/csotrading.com\/wp-content\/uploads\/2021\/06\/ezgif-1-0914b31fb1ec.jpg\",\"datePublished\":\"2021-06-27T20:44:02+00:00\",\"dateModified\":\"2021-06-27T20:55:40+00:00\",\"breadcrumb\":{\"@id\":\"https:\/\/csotrading.com\/tr\/product\/yaskawa-a1000-series-cimr-ac4a0009faa\/#breadcrumb\"},\"inLanguage\":\"tr\",\"potentialAction\":[{\"@type\":\"ReadAction\",\"target\":[\"https:\/\/csotrading.com\/tr\/product\/yaskawa-a1000-series-cimr-ac4a0009faa\/\"]}]},{\"@type\":\"ImageObject\",\"inLanguage\":\"tr\",\"@id\":\"https:\/\/csotrading.com\/tr\/product\/yaskawa-a1000-series-cimr-ac4a0009faa\/#primaryimage\",\"url\":\"https:\/\/csotrading.com\/wp-content\/uploads\/2021\/06\/ezgif-1-0914b31fb1ec.jpg\",\"contentUrl\":\"https:\/\/csotrading.com\/wp-content\/uploads\/2021\/06\/ezgif-1-0914b31fb1ec.jpg\",\"width\":279,\"height\":419},{\"@type\":\"BreadcrumbList\",\"@id\":\"https:\/\/csotrading.com\/tr\/product\/yaskawa-a1000-series-cimr-ac4a0009faa\/#breadcrumb\",\"itemListElement\":[{\"@type\":\"ListItem\",\"position\":1,\"name\":\"Home\",\"item\":\"https:\/\/csotrading.com\/tr\/\"},{\"@type\":\"ListItem\",\"position\":2,\"name\":\"Ma\u011faza\",\"item\":\"https:\/\/csotrading.com\/magaza\/\"},{\"@type\":\"ListItem\",\"position\":3,\"name\":\"YASKAWA A1000 Serisi CIMR-AC4A0009FAA\"}]},{\"@type\":\"WebSite\",\"@id\":\"https:\/\/csotrading.com\/#website\",\"url\":\"https:\/\/csotrading.com\/\",\"name\":\"CSO TRADING\",\"description\":\"\",\"potentialAction\":[{\"@type\":\"SearchAction\",\"target\":{\"@type\":\"EntryPoint\",\"urlTemplate\":\"https:\/\/csotrading.com\/?s={search_term_string}\"},\"query-input\":{\"@type\":\"PropertyValueSpecification\",\"valueRequired\":true,\"valueName\":\"search_term_string\"}}],\"inLanguage\":\"tr\"}]}<\/script>\n<!-- \/ Yoast SEO plugin. -->","yoast_head_json":{"title":"YASKAWA A1000 Serisi CIMR-AC4A0009FAA - CSO TRADING","robots":{"index":"index","follow":"follow","max-snippet":"max-snippet:-1","max-image-preview":"max-image-preview:large","max-video-preview":"max-video-preview:-1"},"canonical":"https:\/\/csotrading.com\/tr\/product\/yaskawa-a1000-series-cimr-ac4a0009faa\/","og_locale":"tr_TR","og_type":"article","og_title":"YASKAWA A1000 Serisi CIMR-AC4A0009FAA - CSO TRADING","og_description":"A1000, Yaskawa'n\u0131n premium AC s\u00fcr\u00fcc\u00fcs\u00fcd\u00fcr. M\u00fckemmel \u00e7al\u0131\u015fma g\u00fcvenilirli\u011fi, \u00e7evresel faydalar ve enerji tasarrufu sa\u011flaman\u0131n yan\u0131 s\u0131ra onu birinci s\u0131n\u0131f bir se\u00e7im haline getiren di\u011fer bir\u00e7ok kullan\u0131c\u0131 odakl\u0131 operasyonel \u00f6zellik sunar.","og_url":"https:\/\/csotrading.com\/tr\/product\/yaskawa-a1000-series-cimr-ac4a0009faa\/","og_site_name":"CSO TRADING","article_modified_time":"2021-06-27T20:55:40+00:00","og_image":[{"width":279,"height":419,"url":"https:\/\/csotrading.com\/wp-content\/uploads\/2021\/06\/ezgif-1-0914b31fb1ec.jpg","type":"image\/jpeg"}],"twitter_card":"summary_large_image","twitter_misc":{"Tahmini okuma s\u00fcresi":"1 dakika"},"schema":{"@context":"https:\/\/schema.org","@graph":[{"@type":"WebPage","@id":"https:\/\/csotrading.com\/tr\/product\/yaskawa-a1000-series-cimr-ac4a0009faa\/","url":"https:\/\/csotrading.com\/tr\/product\/yaskawa-a1000-series-cimr-ac4a0009faa\/","name":"YASKAWA A1000 Serisi CIMR-AC4A0009FAA - CSO TRADING","isPartOf":{"@id":"https:\/\/csotrading.com\/#website"},"primaryImageOfPage":{"@id":"https:\/\/csotrading.com\/tr\/product\/yaskawa-a1000-series-cimr-ac4a0009faa\/#primaryimage"},"image":{"@id":"https:\/\/csotrading.com\/tr\/product\/yaskawa-a1000-series-cimr-ac4a0009faa\/#primaryimage"},"thumbnailUrl":"https:\/\/csotrading.com\/wp-content\/uploads\/2021\/06\/ezgif-1-0914b31fb1ec.jpg","datePublished":"2021-06-27T20:44:02+00:00","dateModified":"2021-06-27T20:55:40+00:00","breadcrumb":{"@id":"https:\/\/csotrading.com\/tr\/product\/yaskawa-a1000-series-cimr-ac4a0009faa\/#breadcrumb"},"inLanguage":"tr","potentialAction":[{"@type":"ReadAction","target":["https:\/\/csotrading.com\/tr\/product\/yaskawa-a1000-series-cimr-ac4a0009faa\/"]}]},{"@type":"ImageObject","inLanguage":"tr","@id":"https:\/\/csotrading.com\/tr\/product\/yaskawa-a1000-series-cimr-ac4a0009faa\/#primaryimage","url":"https:\/\/csotrading.com\/wp-content\/uploads\/2021\/06\/ezgif-1-0914b31fb1ec.jpg","contentUrl":"https:\/\/csotrading.com\/wp-content\/uploads\/2021\/06\/ezgif-1-0914b31fb1ec.jpg","width":279,"height":419},{"@type":"BreadcrumbList","@id":"https:\/\/csotrading.com\/tr\/product\/yaskawa-a1000-series-cimr-ac4a0009faa\/#breadcrumb","itemListElement":[{"@type":"ListItem","position":1,"name":"Home","item":"https:\/\/csotrading.com\/tr\/"},{"@type":"ListItem","position":2,"name":"Ma\u011faza","item":"https:\/\/csotrading.com\/magaza\/"},{"@type":"ListItem","position":3,"name":"YASKAWA A1000 Serisi CIMR-AC4A0009FAA"}]},{"@type":"WebSite","@id":"https:\/\/csotrading.com\/#website","url":"https:\/\/csotrading.com\/","name":"CSO TRADING","description":"","potentialAction":[{"@type":"SearchAction","target":{"@type":"EntryPoint","urlTemplate":"https:\/\/csotrading.com\/?s={search_term_string}"},"query-input":{"@type":"PropertyValueSpecification","valueRequired":true,"valueName":"search_term_string"}}],"inLanguage":"tr"}]}},"_links":{"self":[{"href":"https:\/\/csotrading.com\/tr\/wp-json\/wp\/v2\/product\/7919"}],"collection":[{"href":"https:\/\/csotrading.com\/tr\/wp-json\/wp\/v2\/product"}],"about":[{"href":"https:\/\/csotrading.com\/tr\/wp-json\/wp\/v2\/types\/product"}],"replies":[{"embeddable":true,"href":"https:\/\/csotrading.com\/tr\/wp-json\/wp\/v2\/comments?post=7919"}],"wp:featuredmedia":[{"embeddable":true,"href":"https:\/\/csotrading.com\/tr\/wp-json\/wp\/v2\/media\/7890"}],"wp:attachment":[{"href":"https:\/\/csotrading.com\/tr\/wp-json\/wp\/v2\/media?parent=7919"}],"wp:term":[{"taxonomy":"product_brand","embeddable":true,"href":"https:\/\/csotrading.com\/tr\/wp-json\/wp\/v2\/product_brand?post=7919"},{"taxonomy":"product_cat","embeddable":true,"href":"https:\/\/csotrading.com\/tr\/wp-json\/wp\/v2\/product_cat?post=7919"},{"taxonomy":"product_tag","embeddable":true,"href":"https:\/\/csotrading.com\/tr\/wp-json\/wp\/v2\/product_tag?post=7919"}],"curies":[{"name":"wp","href":"https:\/\/api.w.org\/{rel}","templated":true}]}}