{"id":7918,"date":"2021-06-27T23:43:03","date_gmt":"2021-06-27T20:43:03","guid":{"rendered":"https:\/\/csotrading.com\/?post_type=product&#038;p=7918"},"modified":"2021-06-27T23:55:45","modified_gmt":"2021-06-27T20:55:45","slug":"yaskawa-u1000-series-cimr-uc2a0068aaa","status":"publish","type":"product","link":"https:\/\/csotrading.com\/tr\/product\/yaskawa-u1000-series-cimr-uc2a0068aaa\/","title":{"rendered":"YASKAWA U1000 Serisi  CIMR-UC2A0068AAA"},"content":{"rendered":"<p>U1000,en yeni matris konvert\u00f6r teknolojisini temel alan y\u00fcksek verimlili\u011fe sahip bir invert\u00f6r s\u00fcr\u00fcc\u00fcd\u00fcr.Ultra kompakt rejenerasyon \u00f6zelli\u011fiyle, bir yandan b\u00fcy\u00fck enerji tasarrufu imkan\u0131 sunarken di\u011fer taraftan sin\u00fczoidal giri\u015f ak\u0131mlar\u0131 ve bire yak\u0131n g\u00fc\u00e7 fakt\u00f6r\u00fc, trafolar ve g\u00fc\u00e7 hatlar\u0131 gibi \u015febeke bile\u015fenleri \u00fczerindeki gerilmeyi azalt\u0131r.Ultra kompakt \u015fekli sayesinde inovatif, enerji verimli tahrik \u00e7\u00f6z\u00fcmlerinde<br \/>\ng\u00fc\u00e7 rejenerasyonu olsun ya da olmas\u0131n her zaman ilk tercihtir.<\/p>\n<p>\u2022DC Bus kapasit\u00f6rleri olmaks\u0131z\u0131n 500 kW\u2019ye varan yenilik\u00e7i Matris Drive teknolojisi<br \/>\n\u2022Dahili g\u00fc\u00e7 rejenerasyonu<br \/>\n\u2022Geri besleme ve d\u00fc\u015f\u00fck harmonikler sayesinde al\u0131\u015f\u0131lagelmi\u015f \u00e7\u00f6z\u00fcmlere oranla son derece kompakt\u0131r<br \/>\n\u2022Tamamen entegre \u00e7\u00f6z\u00fcm yolu sayesinde kurulum ve kablolama \u00e7abalar\u0131n\u0131 en aza indirir<br \/>\n\u202250 Hz seviyesinde bypass operasyonu<br \/>\n\u2022Dahili PLC i\u015flevselli\u011fi sayesinde maksimum esneklik<br \/>\n\u2022Sin\u00fcs bi\u00e7imli ak\u0131m ve neredeyse 1 d\u00fczeyindeki cos\u00d8 sayesinde kay\u0131plar en aza indirgenerek m\u00fckemmel bir \u00e7al\u0131\u015fma elde edilir<br \/>\n\u2022Makina g\u00fcvenli\u011fi i\u00e7in dahili SIL3 STO fonksiyonu<br \/>\n\u2022\u0130nd\u00fcksiyon motoru ve sabit m\u0131knat\u0131sl\u0131 motor kontrol\u00fc<br \/>\n\u2022Global denizcilik tesisat\u0131nda kullan\u0131m\u0131 i\u00e7in onayland\u0131<\/p>\n<ul>\n<li>Enkoderli veya enkodersiz asenkron motorlar\u0131n hassas kontrol\u00fc<\/li>\n<li>Y\u00fcksek verimli AC &#8211; AC do\u011frudan d\u00f6n\u00fc\u015f\u00fcm<\/li>\n<li>Otomatik motor veri ayar\u0131<\/li>\n<li>Dahili 13 dilde tam metin tu\u015f tak\u0131m\u0131<\/li>\n<\/ul>\n<h2 id=\"technicalDetails\" data-content-navigation-headline=\"\">Teknik Detaylar<\/h2>\n<div class=\"row table\">\n<ul class=\"col-12 col-md-3 mb-3\">\n<li>GIRI\u015e G\u00dc\u00c7 KAYNA\u011eI<\/li>\n<li>200 V<\/li>\n<\/ul>\n<ul class=\"col-12 col-md-3 mb-3\">\n<li>GIRI\u015e G\u00dc\u00c7 FAZLARI<\/li>\n<li>3-faz<\/li>\n<\/ul>\n<ul class=\"col-12 col-md-3 mb-3\">\n<li>ANMA \u00c7IKI\u015e AKIMI (HD)<\/li>\n<li>54 A<\/li>\n<\/ul>\n<ul class=\"col-12 col-md-3 mb-3\">\n<li>ANMA \u00c7IKI\u015e AKIMI (ND)<\/li>\n<li>68 A<\/li>\n<\/ul>\n<ul class=\"col-12 col-md-3 mb-3\">\n<li>MOTOR TIPI<\/li>\n<li>Permanent magnet motor, Induction motor<\/li>\n<\/ul>\n<ul class=\"col-12 col-md-3 mb-3\">\n<li>EMC FILTRE<\/li>\n<li>x Hay\u0131r<\/li>\n<\/ul>\n<ul class=\"col-12 col-md-3 mb-3\">\n<li>STANDARTLARA UYGUNLUK<\/li>\n<li>CE, RoHS, UL, GL<\/li>\n<\/ul>\n<ul class=\"col-12 col-md-3 mb-3\">\n<li>\u00c7EVRE SICAKLI\u011eI (MIN)<\/li>\n<li>-10 \u00b0C<\/li>\n<\/ul>\n<ul class=\"col-12 col-md-3 mb-3\">\n<li>\u00c7EVRE SICAKLI\u011eI (MAKS)<\/li>\n<li>40 \u00b0C<\/li>\n<\/ul>\n<ul class=\"col-12 col-md-3 mb-3\">\n<li>\u00c7EVRE SICAKLI\u011eI (MAKS) DE\u011eER D\u00dc\u015e\u00dcRME ILE<\/li>\n<li>50 \u00b0C<\/li>\n<\/ul>\n<ul class=\"col-12 col-md-3 mb-3\">\n<li>MAKS. NEM (YO\u011eU\u015eMASIZ)<\/li>\n<li>95 %<\/li>\n<\/ul>\n<ul class=\"col-12 col-md-3 mb-3\">\n<li>MAKS. RAKIM (DE\u011eER KAYBI OLMADAN)<\/li>\n<li>1\u00a0000 m<\/li>\n<\/ul>\n<ul class=\"col-12 col-md-3 mb-3\">\n<li>MAKS. RAKIM (DE\u011eER KAYBI ILE)<\/li>\n<li>3\u00a0000 m<\/li>\n<\/ul>\n<ul class=\"col-12 col-md-3 mb-3\">\n<li>Y\u00dcKSEKLIK<\/li>\n<li>650 mm<\/li>\n<\/ul>\n<ul class=\"col-12 col-md-3 mb-3\">\n<li>GENI\u015eLIK<\/li>\n<li>264 mm<\/li>\n<\/ul>\n<ul class=\"col-12 col-md-3 mb-3\">\n<li>DERINLIK<\/li>\n<li>420 mm<\/li>\n<\/ul>\n<ul class=\"col-12 col-md-3 mb-3\">\n<li>A\u011eIRLIK<\/li>\n<li>35 kg<\/li>\n<\/ul>\n<ul class=\"col-12 col-md-3 mb-3\">\n<li>MUHAFAZA<\/li>\n<li>IP00<\/li>\n<\/ul>\n<ul class=\"col-12 col-md-3 mb-3\">\n<li>\u00c7EVRESEL TEKNIK \u00d6ZELLIKLER<\/li>\n<li>Standard<\/li>\n<\/ul>\n<\/div>\n","protected":false},"excerpt":{"rendered":"<h2>U1000 &#8211;\u00a0Maksimum verimlilik i\u00e7in AC- AC S\u00fcr\u00fcc\u00fc<\/h2>\n<h3>Matris Konvert\u00f6r<\/h3>\n","protected":false},"featured_media":7888,"comment_status":"closed","ping_status":"closed","template":"","meta":[],"product_brand":[],"product_cat":[789,788],"product_tag":[],"class_list":{"0":"post-7918","1":"product","2":"type-product","3":"status-publish","4":"has-post-thumbnail","6":"product_cat-ac-suruculer","7":"product_cat-yaskawa-tr","9":"first","10":"instock","11":"shipping-taxable","12":"product-type-simple"},"yoast_head":"<!-- This site is optimized with the Yoast SEO plugin v24.3 - https:\/\/yoast.com\/wordpress\/plugins\/seo\/ -->\n<title>YASKAWA U1000 Serisi CIMR-UC2A0068AAA - CSO TRADING<\/title>\n<meta name=\"robots\" content=\"index, follow, max-snippet:-1, max-image-preview:large, max-video-preview:-1\" \/>\n<link rel=\"canonical\" href=\"https:\/\/csotrading.com\/tr\/product\/yaskawa-u1000-series-cimr-uc2a0068aaa\/\" \/>\n<meta property=\"og:locale\" content=\"tr_TR\" \/>\n<meta property=\"og:type\" content=\"article\" \/>\n<meta property=\"og:title\" content=\"YASKAWA U1000 Serisi CIMR-UC2A0068AAA - CSO TRADING\" \/>\n<meta property=\"og:description\" content=\"U1000 -\u00a0Maksimum verimlilik i\u00e7in AC- AC S\u00fcr\u00fcc\u00fc Matris Konvert\u00f6r\" \/>\n<meta property=\"og:url\" content=\"https:\/\/csotrading.com\/tr\/product\/yaskawa-u1000-series-cimr-uc2a0068aaa\/\" \/>\n<meta property=\"og:site_name\" content=\"CSO TRADING\" \/>\n<meta property=\"article:modified_time\" content=\"2021-06-27T20:55:45+00:00\" \/>\n<meta property=\"og:image\" content=\"https:\/\/csotrading.com\/wp-content\/uploads\/2021\/06\/ezgif-1-ab3eac55b3ba.jpg\" \/>\n\t<meta property=\"og:image:width\" content=\"271\" \/>\n\t<meta property=\"og:image:height\" content=\"419\" \/>\n\t<meta property=\"og:image:type\" content=\"image\/jpeg\" \/>\n<meta name=\"twitter:card\" content=\"summary_large_image\" \/>\n<meta name=\"twitter:label1\" content=\"Tahmini okuma s\u00fcresi\" \/>\n\t<meta name=\"twitter:data1\" content=\"2 dakika\" \/>\n<script type=\"application\/ld+json\" class=\"yoast-schema-graph\">{\"@context\":\"https:\/\/schema.org\",\"@graph\":[{\"@type\":\"WebPage\",\"@id\":\"https:\/\/csotrading.com\/tr\/product\/yaskawa-u1000-series-cimr-uc2a0068aaa\/\",\"url\":\"https:\/\/csotrading.com\/tr\/product\/yaskawa-u1000-series-cimr-uc2a0068aaa\/\",\"name\":\"YASKAWA U1000 Serisi CIMR-UC2A0068AAA - CSO TRADING\",\"isPartOf\":{\"@id\":\"https:\/\/csotrading.com\/#website\"},\"primaryImageOfPage\":{\"@id\":\"https:\/\/csotrading.com\/tr\/product\/yaskawa-u1000-series-cimr-uc2a0068aaa\/#primaryimage\"},\"image\":{\"@id\":\"https:\/\/csotrading.com\/tr\/product\/yaskawa-u1000-series-cimr-uc2a0068aaa\/#primaryimage\"},\"thumbnailUrl\":\"https:\/\/csotrading.com\/wp-content\/uploads\/2021\/06\/ezgif-1-ab3eac55b3ba.jpg\",\"datePublished\":\"2021-06-27T20:43:03+00:00\",\"dateModified\":\"2021-06-27T20:55:45+00:00\",\"breadcrumb\":{\"@id\":\"https:\/\/csotrading.com\/tr\/product\/yaskawa-u1000-series-cimr-uc2a0068aaa\/#breadcrumb\"},\"inLanguage\":\"tr\",\"potentialAction\":[{\"@type\":\"ReadAction\",\"target\":[\"https:\/\/csotrading.com\/tr\/product\/yaskawa-u1000-series-cimr-uc2a0068aaa\/\"]}]},{\"@type\":\"ImageObject\",\"inLanguage\":\"tr\",\"@id\":\"https:\/\/csotrading.com\/tr\/product\/yaskawa-u1000-series-cimr-uc2a0068aaa\/#primaryimage\",\"url\":\"https:\/\/csotrading.com\/wp-content\/uploads\/2021\/06\/ezgif-1-ab3eac55b3ba.jpg\",\"contentUrl\":\"https:\/\/csotrading.com\/wp-content\/uploads\/2021\/06\/ezgif-1-ab3eac55b3ba.jpg\",\"width\":271,\"height\":419},{\"@type\":\"BreadcrumbList\",\"@id\":\"https:\/\/csotrading.com\/tr\/product\/yaskawa-u1000-series-cimr-uc2a0068aaa\/#breadcrumb\",\"itemListElement\":[{\"@type\":\"ListItem\",\"position\":1,\"name\":\"Home\",\"item\":\"https:\/\/csotrading.com\/tr\/\"},{\"@type\":\"ListItem\",\"position\":2,\"name\":\"Ma\u011faza\",\"item\":\"https:\/\/csotrading.com\/magaza\/\"},{\"@type\":\"ListItem\",\"position\":3,\"name\":\"YASKAWA U1000 Serisi CIMR-UC2A0068AAA\"}]},{\"@type\":\"WebSite\",\"@id\":\"https:\/\/csotrading.com\/#website\",\"url\":\"https:\/\/csotrading.com\/\",\"name\":\"CSO TRADING\",\"description\":\"\",\"potentialAction\":[{\"@type\":\"SearchAction\",\"target\":{\"@type\":\"EntryPoint\",\"urlTemplate\":\"https:\/\/csotrading.com\/?s={search_term_string}\"},\"query-input\":{\"@type\":\"PropertyValueSpecification\",\"valueRequired\":true,\"valueName\":\"search_term_string\"}}],\"inLanguage\":\"tr\"}]}<\/script>\n<!-- \/ Yoast SEO plugin. -->","yoast_head_json":{"title":"YASKAWA U1000 Serisi CIMR-UC2A0068AAA - CSO TRADING","robots":{"index":"index","follow":"follow","max-snippet":"max-snippet:-1","max-image-preview":"max-image-preview:large","max-video-preview":"max-video-preview:-1"},"canonical":"https:\/\/csotrading.com\/tr\/product\/yaskawa-u1000-series-cimr-uc2a0068aaa\/","og_locale":"tr_TR","og_type":"article","og_title":"YASKAWA U1000 Serisi CIMR-UC2A0068AAA - CSO TRADING","og_description":"U1000 -\u00a0Maksimum verimlilik i\u00e7in AC- AC S\u00fcr\u00fcc\u00fc Matris Konvert\u00f6r","og_url":"https:\/\/csotrading.com\/tr\/product\/yaskawa-u1000-series-cimr-uc2a0068aaa\/","og_site_name":"CSO TRADING","article_modified_time":"2021-06-27T20:55:45+00:00","og_image":[{"width":271,"height":419,"url":"https:\/\/csotrading.com\/wp-content\/uploads\/2021\/06\/ezgif-1-ab3eac55b3ba.jpg","type":"image\/jpeg"}],"twitter_card":"summary_large_image","twitter_misc":{"Tahmini okuma s\u00fcresi":"2 dakika"},"schema":{"@context":"https:\/\/schema.org","@graph":[{"@type":"WebPage","@id":"https:\/\/csotrading.com\/tr\/product\/yaskawa-u1000-series-cimr-uc2a0068aaa\/","url":"https:\/\/csotrading.com\/tr\/product\/yaskawa-u1000-series-cimr-uc2a0068aaa\/","name":"YASKAWA U1000 Serisi CIMR-UC2A0068AAA - CSO TRADING","isPartOf":{"@id":"https:\/\/csotrading.com\/#website"},"primaryImageOfPage":{"@id":"https:\/\/csotrading.com\/tr\/product\/yaskawa-u1000-series-cimr-uc2a0068aaa\/#primaryimage"},"image":{"@id":"https:\/\/csotrading.com\/tr\/product\/yaskawa-u1000-series-cimr-uc2a0068aaa\/#primaryimage"},"thumbnailUrl":"https:\/\/csotrading.com\/wp-content\/uploads\/2021\/06\/ezgif-1-ab3eac55b3ba.jpg","datePublished":"2021-06-27T20:43:03+00:00","dateModified":"2021-06-27T20:55:45+00:00","breadcrumb":{"@id":"https:\/\/csotrading.com\/tr\/product\/yaskawa-u1000-series-cimr-uc2a0068aaa\/#breadcrumb"},"inLanguage":"tr","potentialAction":[{"@type":"ReadAction","target":["https:\/\/csotrading.com\/tr\/product\/yaskawa-u1000-series-cimr-uc2a0068aaa\/"]}]},{"@type":"ImageObject","inLanguage":"tr","@id":"https:\/\/csotrading.com\/tr\/product\/yaskawa-u1000-series-cimr-uc2a0068aaa\/#primaryimage","url":"https:\/\/csotrading.com\/wp-content\/uploads\/2021\/06\/ezgif-1-ab3eac55b3ba.jpg","contentUrl":"https:\/\/csotrading.com\/wp-content\/uploads\/2021\/06\/ezgif-1-ab3eac55b3ba.jpg","width":271,"height":419},{"@type":"BreadcrumbList","@id":"https:\/\/csotrading.com\/tr\/product\/yaskawa-u1000-series-cimr-uc2a0068aaa\/#breadcrumb","itemListElement":[{"@type":"ListItem","position":1,"name":"Home","item":"https:\/\/csotrading.com\/tr\/"},{"@type":"ListItem","position":2,"name":"Ma\u011faza","item":"https:\/\/csotrading.com\/magaza\/"},{"@type":"ListItem","position":3,"name":"YASKAWA U1000 Serisi CIMR-UC2A0068AAA"}]},{"@type":"WebSite","@id":"https:\/\/csotrading.com\/#website","url":"https:\/\/csotrading.com\/","name":"CSO TRADING","description":"","potentialAction":[{"@type":"SearchAction","target":{"@type":"EntryPoint","urlTemplate":"https:\/\/csotrading.com\/?s={search_term_string}"},"query-input":{"@type":"PropertyValueSpecification","valueRequired":true,"valueName":"search_term_string"}}],"inLanguage":"tr"}]}},"_links":{"self":[{"href":"https:\/\/csotrading.com\/tr\/wp-json\/wp\/v2\/product\/7918"}],"collection":[{"href":"https:\/\/csotrading.com\/tr\/wp-json\/wp\/v2\/product"}],"about":[{"href":"https:\/\/csotrading.com\/tr\/wp-json\/wp\/v2\/types\/product"}],"replies":[{"embeddable":true,"href":"https:\/\/csotrading.com\/tr\/wp-json\/wp\/v2\/comments?post=7918"}],"wp:featuredmedia":[{"embeddable":true,"href":"https:\/\/csotrading.com\/tr\/wp-json\/wp\/v2\/media\/7888"}],"wp:attachment":[{"href":"https:\/\/csotrading.com\/tr\/wp-json\/wp\/v2\/media?parent=7918"}],"wp:term":[{"taxonomy":"product_brand","embeddable":true,"href":"https:\/\/csotrading.com\/tr\/wp-json\/wp\/v2\/product_brand?post=7918"},{"taxonomy":"product_cat","embeddable":true,"href":"https:\/\/csotrading.com\/tr\/wp-json\/wp\/v2\/product_cat?post=7918"},{"taxonomy":"product_tag","embeddable":true,"href":"https:\/\/csotrading.com\/tr\/wp-json\/wp\/v2\/product_tag?post=7918"}],"curies":[{"name":"wp","href":"https:\/\/api.w.org\/{rel}","templated":true}]}}