{"id":7916,"date":"2021-06-27T23:40:45","date_gmt":"2021-06-27T20:40:45","guid":{"rendered":"https:\/\/csotrading.com\/?post_type=product&#038;p=7916"},"modified":"2021-06-27T23:55:53","modified_gmt":"2021-06-27T20:55:53","slug":"yaskawa-v1000-series-cimr-vcba0018baa","status":"publish","type":"product","link":"https:\/\/csotrading.com\/tr\/product\/yaskawa-v1000-series-cimr-vcba0018baa\/","title":{"rendered":"YASKAWA V1000 Serisi CIMR-VCBA0018BAA"},"content":{"rendered":"<ul>\n<li>Frenleme s\u00fcresinde% 50 azalma i\u00e7in y\u00fcksek ak\u0131 frenlemesi<\/li>\n<li>D\u00fc\u015f\u00fck h\u0131zda geli\u015fmi\u015f motor performans\u0131 i\u00e7in optimize etmek i\u00e7in \u00c7evrimi\u00e7i Otomatik Ayar<\/li>\n<li>PM motor \u00e7al\u0131\u015fmas\u0131 i\u00e7in A\u00e7\u0131k \u00c7evrim Vekt\u00f6r Kontrol\u00fc<\/li>\n<li>G\u00fcvenli Tork KAPALI durum i\u00e7in G\u00fcvenli Devre D\u0131\u015f\u0131 B\u0131rakma Giri\u015fleri<\/li>\n<\/ul>\n<h2 id=\"technicalDetails\" data-content-navigation-headline=\"\">Teknik Detaylar<\/h2>\n<div class=\"row table\">\n<ul class=\"col-12 col-md-3 mb-3\">\n<li>GIRI\u015e G\u00dc\u00c7 KAYNA\u011eI<\/li>\n<li>200 V<\/li>\n<\/ul>\n<ul class=\"col-12 col-md-3 mb-3\">\n<li>GIRI\u015e G\u00dc\u00c7 FAZLARI<\/li>\n<li>Tek faz<\/li>\n<\/ul>\n<ul class=\"col-12 col-md-3 mb-3\">\n<li>ANMA \u00c7IKI\u015e AKIMI (HD)<\/li>\n<li>17,5 A<\/li>\n<\/ul>\n<ul class=\"col-12 col-md-3 mb-3\">\n<li>MAKS. UYGULANABILIR MOTOR \u00c7IKI\u015eI (HD)<\/li>\n<li>4 kW<\/li>\n<\/ul>\n<ul class=\"col-12 col-md-3 mb-3\">\n<li>MOTOR TIPI<\/li>\n<li>Permanent magnet motor, Induction motor<\/li>\n<\/ul>\n<ul class=\"col-12 col-md-3 mb-3\">\n<li>EMC FILTRE<\/li>\n<li>x Hay\u0131r<\/li>\n<\/ul>\n<ul class=\"col-12 col-md-3 mb-3\">\n<li>STANDARTLARA UYGUNLUK<\/li>\n<li>cUL, CE, RoHS, UL<\/li>\n<\/ul>\n<ul class=\"col-12 col-md-3 mb-3\">\n<li>\u00c7EVRE SICAKLI\u011eI (MIN)<\/li>\n<li>-10 \u00b0C<\/li>\n<\/ul>\n<ul class=\"col-12 col-md-3 mb-3\">\n<li>\u00c7EVRE SICAKLI\u011eI (MAKS)<\/li>\n<li>50 \u00b0C<\/li>\n<\/ul>\n<ul class=\"col-12 col-md-3 mb-3\">\n<li>MAKS. NEM (YO\u011eU\u015eMASIZ)<\/li>\n<li>95 %<\/li>\n<\/ul>\n<ul class=\"col-12 col-md-3 mb-3\">\n<li>MAKS. RAKIM (DE\u011eER KAYBI OLMADAN)<\/li>\n<li>1\u00a0000 m<\/li>\n<\/ul>\n<ul class=\"col-12 col-md-3 mb-3\">\n<li>MAKS. RAKIM (DE\u011eER KAYBI ILE)<\/li>\n<li>3\u00a0000 m<\/li>\n<\/ul>\n<ul class=\"col-12 col-md-3 mb-3\">\n<li>Y\u00dcKSEKLIK<\/li>\n<li>128 mm<\/li>\n<\/ul>\n<ul class=\"col-12 col-md-3 mb-3\">\n<li>GENI\u015eLIK<\/li>\n<li>170 mm<\/li>\n<\/ul>\n<ul class=\"col-12 col-md-3 mb-3\">\n<li>DERINLIK<\/li>\n<li>180 mm<\/li>\n<\/ul>\n<ul class=\"col-12 col-md-3 mb-3\">\n<li>A\u011eIRLIK<\/li>\n<li>3 kg<\/li>\n<\/ul>\n<ul class=\"col-12 col-md-3 mb-3\">\n<li>MUHAFAZA<\/li>\n<li>IP20\/UL Open Type<\/li>\n<\/ul>\n<ul class=\"col-12 col-md-3 mb-3\">\n<li>\u00c7EVRESEL TEKNIK \u00d6ZELLIKLER<\/li>\n<li>Standard<\/li>\n<\/ul>\n<\/div>\n","protected":false},"excerpt":{"rendered":"<h2>Yaskawa V1000, Open-Loop-Vector i\u015flevselli\u011fi ve PM motorlar\u0131n\u0131n geri besleme olmadan kullan\u0131m\u0131 da dahil<\/h2>\n<h3>olmak \u00fczere geni\u015f bir uygulama alan\u0131n\u0131n taleplerini kapsayan genel ama\u00e7l\u0131 bir AC s\u00fcr\u00fcc\u00fcd\u00fcr.<\/h3>\n","protected":false},"featured_media":7886,"comment_status":"closed","ping_status":"closed","template":"","meta":[],"product_brand":[],"product_cat":[789,788],"product_tag":[],"class_list":{"0":"post-7916","1":"product","2":"type-product","3":"status-publish","4":"has-post-thumbnail","6":"product_cat-ac-suruculer","7":"product_cat-yaskawa-tr","9":"first","10":"instock","11":"shipping-taxable","12":"product-type-simple"},"yoast_head":"<!-- This site is optimized with the Yoast SEO plugin v24.3 - https:\/\/yoast.com\/wordpress\/plugins\/seo\/ -->\n<title>YASKAWA V1000 Serisi CIMR-VCBA0018BAA - CSO TRADING<\/title>\n<meta name=\"robots\" content=\"index, follow, max-snippet:-1, max-image-preview:large, max-video-preview:-1\" \/>\n<link rel=\"canonical\" href=\"https:\/\/csotrading.com\/tr\/product\/yaskawa-v1000-series-cimr-vcba0018baa\/\" \/>\n<meta property=\"og:locale\" content=\"tr_TR\" \/>\n<meta property=\"og:type\" content=\"article\" \/>\n<meta property=\"og:title\" content=\"YASKAWA V1000 Serisi CIMR-VCBA0018BAA - CSO TRADING\" \/>\n<meta property=\"og:description\" content=\"Yaskawa V1000, Open-Loop-Vector i\u015flevselli\u011fi ve PM motorlar\u0131n\u0131n geri besleme olmadan kullan\u0131m\u0131 da dahil olmak \u00fczere geni\u015f bir uygulama alan\u0131n\u0131n taleplerini kapsayan genel ama\u00e7l\u0131 bir AC s\u00fcr\u00fcc\u00fcd\u00fcr.\" \/>\n<meta property=\"og:url\" content=\"https:\/\/csotrading.com\/tr\/product\/yaskawa-v1000-series-cimr-vcba0018baa\/\" \/>\n<meta property=\"og:site_name\" content=\"CSO TRADING\" \/>\n<meta property=\"article:modified_time\" content=\"2021-06-27T20:55:53+00:00\" \/>\n<meta property=\"og:image\" content=\"https:\/\/csotrading.com\/wp-content\/uploads\/2021\/06\/ezgif-1-12deeb720c0d-7.jpg\" \/>\n\t<meta property=\"og:image:width\" content=\"270\" \/>\n\t<meta property=\"og:image:height\" content=\"419\" \/>\n\t<meta property=\"og:image:type\" content=\"image\/jpeg\" \/>\n<meta name=\"twitter:card\" content=\"summary_large_image\" \/>\n<meta name=\"twitter:label1\" content=\"Tahmini okuma s\u00fcresi\" \/>\n\t<meta name=\"twitter:data1\" content=\"1 dakika\" \/>\n<script type=\"application\/ld+json\" class=\"yoast-schema-graph\">{\"@context\":\"https:\/\/schema.org\",\"@graph\":[{\"@type\":\"WebPage\",\"@id\":\"https:\/\/csotrading.com\/tr\/product\/yaskawa-v1000-series-cimr-vcba0018baa\/\",\"url\":\"https:\/\/csotrading.com\/tr\/product\/yaskawa-v1000-series-cimr-vcba0018baa\/\",\"name\":\"YASKAWA V1000 Serisi CIMR-VCBA0018BAA - CSO TRADING\",\"isPartOf\":{\"@id\":\"https:\/\/csotrading.com\/#website\"},\"primaryImageOfPage\":{\"@id\":\"https:\/\/csotrading.com\/tr\/product\/yaskawa-v1000-series-cimr-vcba0018baa\/#primaryimage\"},\"image\":{\"@id\":\"https:\/\/csotrading.com\/tr\/product\/yaskawa-v1000-series-cimr-vcba0018baa\/#primaryimage\"},\"thumbnailUrl\":\"https:\/\/csotrading.com\/wp-content\/uploads\/2021\/06\/ezgif-1-12deeb720c0d-7.jpg\",\"datePublished\":\"2021-06-27T20:40:45+00:00\",\"dateModified\":\"2021-06-27T20:55:53+00:00\",\"breadcrumb\":{\"@id\":\"https:\/\/csotrading.com\/tr\/product\/yaskawa-v1000-series-cimr-vcba0018baa\/#breadcrumb\"},\"inLanguage\":\"tr\",\"potentialAction\":[{\"@type\":\"ReadAction\",\"target\":[\"https:\/\/csotrading.com\/tr\/product\/yaskawa-v1000-series-cimr-vcba0018baa\/\"]}]},{\"@type\":\"ImageObject\",\"inLanguage\":\"tr\",\"@id\":\"https:\/\/csotrading.com\/tr\/product\/yaskawa-v1000-series-cimr-vcba0018baa\/#primaryimage\",\"url\":\"https:\/\/csotrading.com\/wp-content\/uploads\/2021\/06\/ezgif-1-12deeb720c0d-7.jpg\",\"contentUrl\":\"https:\/\/csotrading.com\/wp-content\/uploads\/2021\/06\/ezgif-1-12deeb720c0d-7.jpg\",\"width\":270,\"height\":419},{\"@type\":\"BreadcrumbList\",\"@id\":\"https:\/\/csotrading.com\/tr\/product\/yaskawa-v1000-series-cimr-vcba0018baa\/#breadcrumb\",\"itemListElement\":[{\"@type\":\"ListItem\",\"position\":1,\"name\":\"Home\",\"item\":\"https:\/\/csotrading.com\/tr\/\"},{\"@type\":\"ListItem\",\"position\":2,\"name\":\"Ma\u011faza\",\"item\":\"https:\/\/csotrading.com\/magaza\/\"},{\"@type\":\"ListItem\",\"position\":3,\"name\":\"YASKAWA V1000 Serisi CIMR-VCBA0018BAA\"}]},{\"@type\":\"WebSite\",\"@id\":\"https:\/\/csotrading.com\/#website\",\"url\":\"https:\/\/csotrading.com\/\",\"name\":\"CSO TRADING\",\"description\":\"\",\"potentialAction\":[{\"@type\":\"SearchAction\",\"target\":{\"@type\":\"EntryPoint\",\"urlTemplate\":\"https:\/\/csotrading.com\/?s={search_term_string}\"},\"query-input\":{\"@type\":\"PropertyValueSpecification\",\"valueRequired\":true,\"valueName\":\"search_term_string\"}}],\"inLanguage\":\"tr\"}]}<\/script>\n<!-- \/ Yoast SEO plugin. -->","yoast_head_json":{"title":"YASKAWA V1000 Serisi CIMR-VCBA0018BAA - CSO TRADING","robots":{"index":"index","follow":"follow","max-snippet":"max-snippet:-1","max-image-preview":"max-image-preview:large","max-video-preview":"max-video-preview:-1"},"canonical":"https:\/\/csotrading.com\/tr\/product\/yaskawa-v1000-series-cimr-vcba0018baa\/","og_locale":"tr_TR","og_type":"article","og_title":"YASKAWA V1000 Serisi CIMR-VCBA0018BAA - CSO TRADING","og_description":"Yaskawa V1000, Open-Loop-Vector i\u015flevselli\u011fi ve PM motorlar\u0131n\u0131n geri besleme olmadan kullan\u0131m\u0131 da dahil olmak \u00fczere geni\u015f bir uygulama alan\u0131n\u0131n taleplerini kapsayan genel ama\u00e7l\u0131 bir AC s\u00fcr\u00fcc\u00fcd\u00fcr.","og_url":"https:\/\/csotrading.com\/tr\/product\/yaskawa-v1000-series-cimr-vcba0018baa\/","og_site_name":"CSO TRADING","article_modified_time":"2021-06-27T20:55:53+00:00","og_image":[{"width":270,"height":419,"url":"https:\/\/csotrading.com\/wp-content\/uploads\/2021\/06\/ezgif-1-12deeb720c0d-7.jpg","type":"image\/jpeg"}],"twitter_card":"summary_large_image","twitter_misc":{"Tahmini okuma s\u00fcresi":"1 dakika"},"schema":{"@context":"https:\/\/schema.org","@graph":[{"@type":"WebPage","@id":"https:\/\/csotrading.com\/tr\/product\/yaskawa-v1000-series-cimr-vcba0018baa\/","url":"https:\/\/csotrading.com\/tr\/product\/yaskawa-v1000-series-cimr-vcba0018baa\/","name":"YASKAWA V1000 Serisi CIMR-VCBA0018BAA - CSO TRADING","isPartOf":{"@id":"https:\/\/csotrading.com\/#website"},"primaryImageOfPage":{"@id":"https:\/\/csotrading.com\/tr\/product\/yaskawa-v1000-series-cimr-vcba0018baa\/#primaryimage"},"image":{"@id":"https:\/\/csotrading.com\/tr\/product\/yaskawa-v1000-series-cimr-vcba0018baa\/#primaryimage"},"thumbnailUrl":"https:\/\/csotrading.com\/wp-content\/uploads\/2021\/06\/ezgif-1-12deeb720c0d-7.jpg","datePublished":"2021-06-27T20:40:45+00:00","dateModified":"2021-06-27T20:55:53+00:00","breadcrumb":{"@id":"https:\/\/csotrading.com\/tr\/product\/yaskawa-v1000-series-cimr-vcba0018baa\/#breadcrumb"},"inLanguage":"tr","potentialAction":[{"@type":"ReadAction","target":["https:\/\/csotrading.com\/tr\/product\/yaskawa-v1000-series-cimr-vcba0018baa\/"]}]},{"@type":"ImageObject","inLanguage":"tr","@id":"https:\/\/csotrading.com\/tr\/product\/yaskawa-v1000-series-cimr-vcba0018baa\/#primaryimage","url":"https:\/\/csotrading.com\/wp-content\/uploads\/2021\/06\/ezgif-1-12deeb720c0d-7.jpg","contentUrl":"https:\/\/csotrading.com\/wp-content\/uploads\/2021\/06\/ezgif-1-12deeb720c0d-7.jpg","width":270,"height":419},{"@type":"BreadcrumbList","@id":"https:\/\/csotrading.com\/tr\/product\/yaskawa-v1000-series-cimr-vcba0018baa\/#breadcrumb","itemListElement":[{"@type":"ListItem","position":1,"name":"Home","item":"https:\/\/csotrading.com\/tr\/"},{"@type":"ListItem","position":2,"name":"Ma\u011faza","item":"https:\/\/csotrading.com\/magaza\/"},{"@type":"ListItem","position":3,"name":"YASKAWA V1000 Serisi CIMR-VCBA0018BAA"}]},{"@type":"WebSite","@id":"https:\/\/csotrading.com\/#website","url":"https:\/\/csotrading.com\/","name":"CSO TRADING","description":"","potentialAction":[{"@type":"SearchAction","target":{"@type":"EntryPoint","urlTemplate":"https:\/\/csotrading.com\/?s={search_term_string}"},"query-input":{"@type":"PropertyValueSpecification","valueRequired":true,"valueName":"search_term_string"}}],"inLanguage":"tr"}]}},"_links":{"self":[{"href":"https:\/\/csotrading.com\/tr\/wp-json\/wp\/v2\/product\/7916"}],"collection":[{"href":"https:\/\/csotrading.com\/tr\/wp-json\/wp\/v2\/product"}],"about":[{"href":"https:\/\/csotrading.com\/tr\/wp-json\/wp\/v2\/types\/product"}],"replies":[{"embeddable":true,"href":"https:\/\/csotrading.com\/tr\/wp-json\/wp\/v2\/comments?post=7916"}],"wp:featuredmedia":[{"embeddable":true,"href":"https:\/\/csotrading.com\/tr\/wp-json\/wp\/v2\/media\/7886"}],"wp:attachment":[{"href":"https:\/\/csotrading.com\/tr\/wp-json\/wp\/v2\/media?parent=7916"}],"wp:term":[{"taxonomy":"product_brand","embeddable":true,"href":"https:\/\/csotrading.com\/tr\/wp-json\/wp\/v2\/product_brand?post=7916"},{"taxonomy":"product_cat","embeddable":true,"href":"https:\/\/csotrading.com\/tr\/wp-json\/wp\/v2\/product_cat?post=7916"},{"taxonomy":"product_tag","embeddable":true,"href":"https:\/\/csotrading.com\/tr\/wp-json\/wp\/v2\/product_tag?post=7916"}],"curies":[{"name":"wp","href":"https:\/\/api.w.org\/{rel}","templated":true}]}}