{"id":7908,"date":"2021-06-27T23:29:11","date_gmt":"2021-06-27T20:29:11","guid":{"rendered":"https:\/\/csotrading.com\/?post_type=product&#038;p=7908"},"modified":"2021-06-27T23:56:30","modified_gmt":"2021-06-27T20:56:30","slug":"yaskawa-ga500-series-ga50cb001aba","status":"publish","type":"product","link":"https:\/\/csotrading.com\/tr\/product\/yaskawa-ga500-series-ga50cb001aba\/","title":{"rendered":"YASKAWA GA500 Serisi GA50CB001ABA"},"content":{"rendered":"<div class=\"text-wrap tlid-copy-target\">\n<div class=\"result-shield-container tlid-copy-target\" tabindex=\"0\"><span class=\"tlid-translation translation\" lang=\"tr\"><span title=\"\">Bu evrimin en son sonucu yeni GA500 mikrodrive.<\/span>\u00a0<span title=\"\">Kompakt boyutlarda ve motor tipi ve ba\u011flant\u0131 a\u00e7\u0131s\u0131ndan esnek olan GA500, neredeyse t\u00fcm uygulamalarda kolayca ustala\u015fmak i\u00e7in tasarlanm\u0131\u015ft\u0131r.<\/span><\/span><\/div>\n<\/div>\n<ul>\n<li>Herhangi bir end\u00fcksiyon, sabit m\u0131knat\u0131s veya senkron rel\u00fcktans motorunu kontrol eden bir s\u00fcr\u00fcc\u00fc<\/li>\n<li>Dahili EMC filtresi, frenleyici panel alan\u0131n\u0131 azalt\u0131r<\/li>\n<li>Otomatik ayar gerektirmeden kolay motor kurulumu, ba\u011fl\u0131 makinelerle ayarlamay\u0131 kolayla\u015ft\u0131r\u0131r<\/li>\n<li>PC veya Ak\u0131ll\u0131 Telefondan ana g\u00fc\u00e7 olmadan programlama ile rahat devreye alma<\/li>\n<\/ul>\n<h2 id=\"technicalDetails\" data-content-navigation-headline=\"\">Teknik Detaylar<\/h2>\n<div class=\"row table\">\n<ul class=\"col-12 col-md-3 mb-3\">\n<li>GIRI\u015e G\u00dc\u00c7 KAYNA\u011eI<\/li>\n<li>200 V<\/li>\n<\/ul>\n<ul class=\"col-12 col-md-3 mb-3\">\n<li>GIRI\u015e G\u00dc\u00c7 FAZLARI<\/li>\n<li>Tek faz<\/li>\n<\/ul>\n<ul class=\"col-12 col-md-3 mb-3\">\n<li>ANMA \u00c7IKI\u015e AKIMI (HD)<\/li>\n<li>0,8 A<\/li>\n<\/ul>\n<ul class=\"col-12 col-md-3 mb-3\">\n<li>ANMA \u00c7IKI\u015e AKIMI (ND)<\/li>\n<li>1,2 A<\/li>\n<\/ul>\n<ul class=\"col-12 col-md-3 mb-3\">\n<li>MAKS. UYGULANABILIR MOTOR \u00c7IKI\u015eI (HD)<\/li>\n<li>0,1 kW<\/li>\n<\/ul>\n<ul class=\"col-12 col-md-3 mb-3\">\n<li>MAKS. UYGULANABILIR MOTOR \u00c7IKI\u015eI (ND)<\/li>\n<li>0,18 kW<\/li>\n<\/ul>\n<ul class=\"col-12 col-md-3 mb-3\">\n<li>MOTOR TIPI<\/li>\n<li>Induction motor, Permanent magnet motor, Synchronous reluctance motor<\/li>\n<\/ul>\n<ul class=\"col-12 col-md-3 mb-3\">\n<li>FRENLEME TRANSIST\u00d6R\u00dc<\/li>\n<li>Built-in<\/li>\n<\/ul>\n<ul class=\"col-12 col-md-3 mb-3\">\n<li>EMC FILTRE<\/li>\n<li>x Hay\u0131r<\/li>\n<\/ul>\n<ul class=\"col-12 col-md-3 mb-3\">\n<li>STANDARTLARA UYGUNLUK<\/li>\n<li>cUL, CE, EAC, RoHS, UL<\/li>\n<\/ul>\n<ul class=\"col-12 col-md-3 mb-3\">\n<li>\u00c7EVRE SICAKLI\u011eI (MIN)<\/li>\n<li>-10 \u00b0C<\/li>\n<\/ul>\n<ul class=\"col-12 col-md-3 mb-3\">\n<li>\u00c7EVRE SICAKLI\u011eI (MAKS)<\/li>\n<li>50 \u00b0C<\/li>\n<\/ul>\n<ul class=\"col-12 col-md-3 mb-3\">\n<li>\u00c7EVRE SICAKLI\u011eI (MAKS) DE\u011eER D\u00dc\u015e\u00dcRME ILE<\/li>\n<li>60 \u00b0C<\/li>\n<\/ul>\n<ul class=\"col-12 col-md-3 mb-3\">\n<li>MAKS. NEM (YO\u011eU\u015eMASIZ)<\/li>\n<li>95 %<\/li>\n<\/ul>\n<ul class=\"col-12 col-md-3 mb-3\">\n<li>MAKS. RAKIM (DE\u011eER KAYBI OLMADAN)<\/li>\n<li>1\u00a0000 m<\/li>\n<\/ul>\n<ul class=\"col-12 col-md-3 mb-3\">\n<li>MAKS. RAKIM (DE\u011eER KAYBI ILE)<\/li>\n<li>4\u00a0000 m<\/li>\n<\/ul>\n<ul class=\"col-12 col-md-3 mb-3\">\n<li>Y\u00dcKSEKLIK<\/li>\n<li>128 mm<\/li>\n<\/ul>\n<ul class=\"col-12 col-md-3 mb-3\">\n<li>GENI\u015eLIK<\/li>\n<li>68 mm<\/li>\n<\/ul>\n<ul class=\"col-12 col-md-3 mb-3\">\n<li>DERINLIK<\/li>\n<li>76 mm<\/li>\n<\/ul>\n<ul class=\"col-12 col-md-3 mb-3\">\n<li>A\u011eIRLIK<\/li>\n<li>0,5 kg<\/li>\n<\/ul>\n<ul class=\"col-12 col-md-3 mb-3\">\n<li>MUHAFAZA<\/li>\n<li>IP20<\/li>\n<\/ul>\n<ul class=\"col-12 col-md-3 mb-3\">\n<li>\u00c7EVRESEL TEKNIK \u00d6ZELLIKLER<\/li>\n<li>Standard<\/li>\n<\/ul>\n<\/div>\n","protected":false},"excerpt":{"rendered":"<h2>100 y\u0131l\u0131 a\u015fk\u0131n s\u00fcren elektrikli motor s\u00fcr\u00fc\u015f deneyimi,<\/h2>\n<h3>Yaskawa&#8217;y\u0131 teknik \u00fcst\u00fcnl\u00fc\u011f\u00fc kolay kullan\u0131mla m\u00fckemmel bir \u015fekilde birle\u015ftiren \u00fcr\u00fcnler geli\u015ftirmeye y\u00f6nlendirdi.<\/h3>\n","protected":false},"featured_media":7843,"comment_status":"closed","ping_status":"closed","template":"","meta":[],"product_brand":[],"product_cat":[789,788],"product_tag":[],"class_list":{"0":"post-7908","1":"product","2":"type-product","3":"status-publish","4":"has-post-thumbnail","6":"product_cat-ac-suruculer","7":"product_cat-yaskawa-tr","9":"first","10":"instock","11":"shipping-taxable","12":"product-type-simple"},"yoast_head":"<!-- This site is optimized with the Yoast SEO plugin v24.3 - https:\/\/yoast.com\/wordpress\/plugins\/seo\/ -->\n<title>YASKAWA GA500 Serisi GA50CB001ABA - CSO TRADING<\/title>\n<meta name=\"robots\" content=\"index, follow, max-snippet:-1, max-image-preview:large, max-video-preview:-1\" \/>\n<link rel=\"canonical\" href=\"https:\/\/csotrading.com\/tr\/product\/yaskawa-ga500-series-ga50cb001aba\/\" \/>\n<meta property=\"og:locale\" content=\"tr_TR\" \/>\n<meta property=\"og:type\" content=\"article\" \/>\n<meta property=\"og:title\" content=\"YASKAWA GA500 Serisi GA50CB001ABA - CSO TRADING\" \/>\n<meta property=\"og:description\" content=\"100 y\u0131l\u0131 a\u015fk\u0131n s\u00fcren elektrikli motor s\u00fcr\u00fc\u015f deneyimi, Yaskawa&#039;y\u0131 teknik \u00fcst\u00fcnl\u00fc\u011f\u00fc kolay kullan\u0131mla m\u00fckemmel bir \u015fekilde birle\u015ftiren \u00fcr\u00fcnler geli\u015ftirmeye y\u00f6nlendirdi.\" \/>\n<meta property=\"og:url\" content=\"https:\/\/csotrading.com\/tr\/product\/yaskawa-ga500-series-ga50cb001aba\/\" \/>\n<meta property=\"og:site_name\" content=\"CSO TRADING\" \/>\n<meta property=\"article:modified_time\" content=\"2021-06-27T20:56:30+00:00\" \/>\n<meta property=\"og:image\" content=\"https:\/\/csotrading.com\/wp-content\/uploads\/2021\/06\/ezgif.com-gif-maker-1.jpg\" \/>\n\t<meta property=\"og:image:width\" content=\"339\" \/>\n\t<meta property=\"og:image:height\" content=\"419\" \/>\n\t<meta property=\"og:image:type\" content=\"image\/jpeg\" \/>\n<meta name=\"twitter:card\" content=\"summary_large_image\" \/>\n<meta name=\"twitter:label1\" content=\"Tahmini okuma s\u00fcresi\" \/>\n\t<meta name=\"twitter:data1\" content=\"1 dakika\" \/>\n<script type=\"application\/ld+json\" class=\"yoast-schema-graph\">{\"@context\":\"https:\/\/schema.org\",\"@graph\":[{\"@type\":\"WebPage\",\"@id\":\"https:\/\/csotrading.com\/tr\/product\/yaskawa-ga500-series-ga50cb001aba\/\",\"url\":\"https:\/\/csotrading.com\/tr\/product\/yaskawa-ga500-series-ga50cb001aba\/\",\"name\":\"YASKAWA GA500 Serisi GA50CB001ABA - CSO TRADING\",\"isPartOf\":{\"@id\":\"https:\/\/csotrading.com\/#website\"},\"primaryImageOfPage\":{\"@id\":\"https:\/\/csotrading.com\/tr\/product\/yaskawa-ga500-series-ga50cb001aba\/#primaryimage\"},\"image\":{\"@id\":\"https:\/\/csotrading.com\/tr\/product\/yaskawa-ga500-series-ga50cb001aba\/#primaryimage\"},\"thumbnailUrl\":\"https:\/\/csotrading.com\/wp-content\/uploads\/2021\/06\/ezgif.com-gif-maker-1.jpg\",\"datePublished\":\"2021-06-27T20:29:11+00:00\",\"dateModified\":\"2021-06-27T20:56:30+00:00\",\"breadcrumb\":{\"@id\":\"https:\/\/csotrading.com\/tr\/product\/yaskawa-ga500-series-ga50cb001aba\/#breadcrumb\"},\"inLanguage\":\"tr\",\"potentialAction\":[{\"@type\":\"ReadAction\",\"target\":[\"https:\/\/csotrading.com\/tr\/product\/yaskawa-ga500-series-ga50cb001aba\/\"]}]},{\"@type\":\"ImageObject\",\"inLanguage\":\"tr\",\"@id\":\"https:\/\/csotrading.com\/tr\/product\/yaskawa-ga500-series-ga50cb001aba\/#primaryimage\",\"url\":\"https:\/\/csotrading.com\/wp-content\/uploads\/2021\/06\/ezgif.com-gif-maker-1.jpg\",\"contentUrl\":\"https:\/\/csotrading.com\/wp-content\/uploads\/2021\/06\/ezgif.com-gif-maker-1.jpg\",\"width\":339,\"height\":419},{\"@type\":\"BreadcrumbList\",\"@id\":\"https:\/\/csotrading.com\/tr\/product\/yaskawa-ga500-series-ga50cb001aba\/#breadcrumb\",\"itemListElement\":[{\"@type\":\"ListItem\",\"position\":1,\"name\":\"Home\",\"item\":\"https:\/\/csotrading.com\/tr\/\"},{\"@type\":\"ListItem\",\"position\":2,\"name\":\"Ma\u011faza\",\"item\":\"https:\/\/csotrading.com\/magaza\/\"},{\"@type\":\"ListItem\",\"position\":3,\"name\":\"YASKAWA GA500 Serisi GA50CB001ABA\"}]},{\"@type\":\"WebSite\",\"@id\":\"https:\/\/csotrading.com\/#website\",\"url\":\"https:\/\/csotrading.com\/\",\"name\":\"CSO TRADING\",\"description\":\"\",\"potentialAction\":[{\"@type\":\"SearchAction\",\"target\":{\"@type\":\"EntryPoint\",\"urlTemplate\":\"https:\/\/csotrading.com\/?s={search_term_string}\"},\"query-input\":{\"@type\":\"PropertyValueSpecification\",\"valueRequired\":true,\"valueName\":\"search_term_string\"}}],\"inLanguage\":\"tr\"}]}<\/script>\n<!-- \/ Yoast SEO plugin. -->","yoast_head_json":{"title":"YASKAWA GA500 Serisi GA50CB001ABA - CSO TRADING","robots":{"index":"index","follow":"follow","max-snippet":"max-snippet:-1","max-image-preview":"max-image-preview:large","max-video-preview":"max-video-preview:-1"},"canonical":"https:\/\/csotrading.com\/tr\/product\/yaskawa-ga500-series-ga50cb001aba\/","og_locale":"tr_TR","og_type":"article","og_title":"YASKAWA GA500 Serisi GA50CB001ABA - CSO TRADING","og_description":"100 y\u0131l\u0131 a\u015fk\u0131n s\u00fcren elektrikli motor s\u00fcr\u00fc\u015f deneyimi, Yaskawa'y\u0131 teknik \u00fcst\u00fcnl\u00fc\u011f\u00fc kolay kullan\u0131mla m\u00fckemmel bir \u015fekilde birle\u015ftiren \u00fcr\u00fcnler geli\u015ftirmeye y\u00f6nlendirdi.","og_url":"https:\/\/csotrading.com\/tr\/product\/yaskawa-ga500-series-ga50cb001aba\/","og_site_name":"CSO TRADING","article_modified_time":"2021-06-27T20:56:30+00:00","og_image":[{"width":339,"height":419,"url":"https:\/\/csotrading.com\/wp-content\/uploads\/2021\/06\/ezgif.com-gif-maker-1.jpg","type":"image\/jpeg"}],"twitter_card":"summary_large_image","twitter_misc":{"Tahmini okuma s\u00fcresi":"1 dakika"},"schema":{"@context":"https:\/\/schema.org","@graph":[{"@type":"WebPage","@id":"https:\/\/csotrading.com\/tr\/product\/yaskawa-ga500-series-ga50cb001aba\/","url":"https:\/\/csotrading.com\/tr\/product\/yaskawa-ga500-series-ga50cb001aba\/","name":"YASKAWA GA500 Serisi GA50CB001ABA - CSO TRADING","isPartOf":{"@id":"https:\/\/csotrading.com\/#website"},"primaryImageOfPage":{"@id":"https:\/\/csotrading.com\/tr\/product\/yaskawa-ga500-series-ga50cb001aba\/#primaryimage"},"image":{"@id":"https:\/\/csotrading.com\/tr\/product\/yaskawa-ga500-series-ga50cb001aba\/#primaryimage"},"thumbnailUrl":"https:\/\/csotrading.com\/wp-content\/uploads\/2021\/06\/ezgif.com-gif-maker-1.jpg","datePublished":"2021-06-27T20:29:11+00:00","dateModified":"2021-06-27T20:56:30+00:00","breadcrumb":{"@id":"https:\/\/csotrading.com\/tr\/product\/yaskawa-ga500-series-ga50cb001aba\/#breadcrumb"},"inLanguage":"tr","potentialAction":[{"@type":"ReadAction","target":["https:\/\/csotrading.com\/tr\/product\/yaskawa-ga500-series-ga50cb001aba\/"]}]},{"@type":"ImageObject","inLanguage":"tr","@id":"https:\/\/csotrading.com\/tr\/product\/yaskawa-ga500-series-ga50cb001aba\/#primaryimage","url":"https:\/\/csotrading.com\/wp-content\/uploads\/2021\/06\/ezgif.com-gif-maker-1.jpg","contentUrl":"https:\/\/csotrading.com\/wp-content\/uploads\/2021\/06\/ezgif.com-gif-maker-1.jpg","width":339,"height":419},{"@type":"BreadcrumbList","@id":"https:\/\/csotrading.com\/tr\/product\/yaskawa-ga500-series-ga50cb001aba\/#breadcrumb","itemListElement":[{"@type":"ListItem","position":1,"name":"Home","item":"https:\/\/csotrading.com\/tr\/"},{"@type":"ListItem","position":2,"name":"Ma\u011faza","item":"https:\/\/csotrading.com\/magaza\/"},{"@type":"ListItem","position":3,"name":"YASKAWA GA500 Serisi GA50CB001ABA"}]},{"@type":"WebSite","@id":"https:\/\/csotrading.com\/#website","url":"https:\/\/csotrading.com\/","name":"CSO TRADING","description":"","potentialAction":[{"@type":"SearchAction","target":{"@type":"EntryPoint","urlTemplate":"https:\/\/csotrading.com\/?s={search_term_string}"},"query-input":{"@type":"PropertyValueSpecification","valueRequired":true,"valueName":"search_term_string"}}],"inLanguage":"tr"}]}},"_links":{"self":[{"href":"https:\/\/csotrading.com\/tr\/wp-json\/wp\/v2\/product\/7908"}],"collection":[{"href":"https:\/\/csotrading.com\/tr\/wp-json\/wp\/v2\/product"}],"about":[{"href":"https:\/\/csotrading.com\/tr\/wp-json\/wp\/v2\/types\/product"}],"replies":[{"embeddable":true,"href":"https:\/\/csotrading.com\/tr\/wp-json\/wp\/v2\/comments?post=7908"}],"wp:featuredmedia":[{"embeddable":true,"href":"https:\/\/csotrading.com\/tr\/wp-json\/wp\/v2\/media\/7843"}],"wp:attachment":[{"href":"https:\/\/csotrading.com\/tr\/wp-json\/wp\/v2\/media?parent=7908"}],"wp:term":[{"taxonomy":"product_brand","embeddable":true,"href":"https:\/\/csotrading.com\/tr\/wp-json\/wp\/v2\/product_brand?post=7908"},{"taxonomy":"product_cat","embeddable":true,"href":"https:\/\/csotrading.com\/tr\/wp-json\/wp\/v2\/product_cat?post=7908"},{"taxonomy":"product_tag","embeddable":true,"href":"https:\/\/csotrading.com\/tr\/wp-json\/wp\/v2\/product_tag?post=7908"}],"curies":[{"name":"wp","href":"https:\/\/api.w.org\/{rel}","templated":true}]}}