{"id":7792,"date":"2021-06-27T22:05:43","date_gmt":"2021-06-27T19:05:43","guid":{"rendered":"https:\/\/csotrading.com\/?post_type=product&#038;p=7792"},"modified":"2021-06-27T22:05:43","modified_gmt":"2021-06-27T19:05:43","slug":"enko-esr-1-0","status":"publish","type":"product","link":"https:\/\/csotrading.com\/tr\/product\/enko-esr-1-0\/","title":{"rendered":"ENKO ESR 1.0"},"content":{"rendered":"<p>ESR 1.0 motoru durdurup \u00e7al\u0131st\u0131ran ar\u0131zalara kar\u015f\u0131 koruyan ve sistemin durumunu g\u00f6stergelerle g\u00f6steren mikro-islemci tabanl\u0131 kontrol\u00a0\u00fcnitesidir. Bu modelde mar\u015f anahtar\u0131 ile motor mar\u015flan\u0131r. Sonra ar\u0131zalara kar\u015f\u0131 motoru korur. D\u00fcs\u00fck ya\u011f bas\u0131nc\u0131na, y\u00fcksek motor\u00a0s\u0131cakl\u0131\u011f\u0131na, yedek ar\u0131za giri\u015fine ve ak\u00fc \u015farj ar\u0131zalar\u0131na kar\u015f\u0131 motoru korur.<\/p>\n<p><span id=\"features_lnk\" class=\"caption4 text3\">ANA \u00d6ZELL\u0130KLER<\/span><\/p>\n<ul>\n<li>Mikro-kontrol tabanl\u0131 tasar\u0131m<\/li>\n<li>\u00d6n \u0131s\u0131tma fonsiyonu<\/li>\n<li>D\u00fc\u015f\u00fck ya\u011f bas\u0131nc\u0131 ar\u0131zas\u0131 fonksiyonu<\/li>\n<li>Hararet ar\u0131zas\u0131 fonksiyonu<\/li>\n<li>Yard\u0131mc\u0131 giri\u015f korumas\u0131<\/li>\n<li>\u015earj alternat\u00f6r\u00fc ar\u0131zas\u0131 uyar\u0131s\u0131<\/li>\n<li>Yak\u0131t \/ Mar\u015f solenoidi \u00e7\u0131k\u0131\u015f r\u00f6le kontrol\u00fc<\/li>\n<li>Alarm \u00e7\u0131k\u0131\u015f\u0131<\/li>\n<li>\u015earj alternat\u00f6r\u00fc i\u00e7in uyart\u0131m ak\u0131m\u0131 beslemesi<\/li>\n<li>K\u00fc\u00e7\u00fck mekanik ebatlar (72mm x 72mm)<\/li>\n<li>Vidal\u0131 terminal soketleri sayesinde kolay ba\u011flant\u0131<\/li>\n<li>Y\u00fcksek g\u00fcvenilirlikte konsept tasar\u0131m (MTBF &gt; 50.000 saat)<\/li>\n<li>\u00d6n panelde alarm durumlar\u0131n\u0131n g\u00f6sterimi i\u00e7in LED indikat\u00f6rler<\/li>\n<li>IP52 \u00f6n panel korumas\u0131<\/li>\n<li>9-36 Vdc besleme voltaj aral\u0131\u011f\u0131<\/li>\n<\/ul>\n","protected":false},"excerpt":{"rendered":"<h2><strong>Basit uygulamalar i\u00e7in mikro-i\u015flemci tabanl\u0131 \u00e7\u00f6z\u00fcm<\/strong><\/h2>\n<h3>D\u00fcs\u00fck ya\u011f bas\u0131nc\u0131na, y\u00fcksek motor\u00a0s\u0131cakl\u0131\u011f\u0131na, yedek ar\u0131za giri\u015fine ve ak\u00fc \u015farj ar\u0131zalar\u0131na kar\u015f\u0131 motoru korur.<\/h3>\n","protected":false},"featured_media":7767,"comment_status":"closed","ping_status":"closed","template":"","meta":[],"product_brand":[],"product_cat":[780,785],"product_tag":[],"class_list":{"0":"post-7792","1":"product","2":"type-product","3":"status-publish","4":"has-post-thumbnail","6":"product_cat-enko-tr","7":"product_cat-motor-start-uniteleri-esr-serisi","9":"first","10":"instock","11":"shipping-taxable","12":"product-type-simple"},"yoast_head":"<!-- This site is optimized with the Yoast SEO plugin v24.3 - https:\/\/yoast.com\/wordpress\/plugins\/seo\/ -->\n<title>ENKO ESR 1.0 - CSO TRADING<\/title>\n<meta name=\"robots\" content=\"index, follow, max-snippet:-1, max-image-preview:large, max-video-preview:-1\" \/>\n<link rel=\"canonical\" href=\"https:\/\/csotrading.com\/tr\/product\/enko-esr-1-0\/\" \/>\n<meta property=\"og:locale\" content=\"tr_TR\" \/>\n<meta property=\"og:type\" content=\"article\" \/>\n<meta property=\"og:title\" content=\"ENKO ESR 1.0 - CSO TRADING\" \/>\n<meta property=\"og:description\" content=\"Basit uygulamalar i\u00e7in mikro-i\u015flemci tabanl\u0131 \u00e7\u00f6z\u00fcm D\u00fcs\u00fck ya\u011f bas\u0131nc\u0131na, y\u00fcksek motor\u00a0s\u0131cakl\u0131\u011f\u0131na, yedek ar\u0131za giri\u015fine ve ak\u00fc \u015farj ar\u0131zalar\u0131na kar\u015f\u0131 motoru korur.\" \/>\n<meta property=\"og:url\" content=\"https:\/\/csotrading.com\/tr\/product\/enko-esr-1-0\/\" \/>\n<meta property=\"og:site_name\" content=\"CSO TRADING\" \/>\n<meta property=\"og:image\" content=\"https:\/\/csotrading.com\/wp-content\/uploads\/2021\/06\/thumbnail-19.jpg\" \/>\n\t<meta property=\"og:image:width\" content=\"330\" \/>\n\t<meta property=\"og:image:height\" content=\"248\" \/>\n\t<meta property=\"og:image:type\" content=\"image\/jpeg\" \/>\n<meta name=\"twitter:card\" content=\"summary_large_image\" \/>\n<meta name=\"twitter:label1\" content=\"Tahmini okuma s\u00fcresi\" \/>\n\t<meta name=\"twitter:data1\" content=\"1 dakika\" \/>\n<script type=\"application\/ld+json\" class=\"yoast-schema-graph\">{\"@context\":\"https:\/\/schema.org\",\"@graph\":[{\"@type\":\"WebPage\",\"@id\":\"https:\/\/csotrading.com\/tr\/product\/enko-esr-1-0\/\",\"url\":\"https:\/\/csotrading.com\/tr\/product\/enko-esr-1-0\/\",\"name\":\"ENKO ESR 1.0 - CSO TRADING\",\"isPartOf\":{\"@id\":\"https:\/\/csotrading.com\/#website\"},\"primaryImageOfPage\":{\"@id\":\"https:\/\/csotrading.com\/tr\/product\/enko-esr-1-0\/#primaryimage\"},\"image\":{\"@id\":\"https:\/\/csotrading.com\/tr\/product\/enko-esr-1-0\/#primaryimage\"},\"thumbnailUrl\":\"https:\/\/csotrading.com\/wp-content\/uploads\/2021\/06\/thumbnail-19.jpg\",\"datePublished\":\"2021-06-27T19:05:43+00:00\",\"dateModified\":\"2021-06-27T19:05:43+00:00\",\"breadcrumb\":{\"@id\":\"https:\/\/csotrading.com\/tr\/product\/enko-esr-1-0\/#breadcrumb\"},\"inLanguage\":\"tr\",\"potentialAction\":[{\"@type\":\"ReadAction\",\"target\":[\"https:\/\/csotrading.com\/tr\/product\/enko-esr-1-0\/\"]}]},{\"@type\":\"ImageObject\",\"inLanguage\":\"tr\",\"@id\":\"https:\/\/csotrading.com\/tr\/product\/enko-esr-1-0\/#primaryimage\",\"url\":\"https:\/\/csotrading.com\/wp-content\/uploads\/2021\/06\/thumbnail-19.jpg\",\"contentUrl\":\"https:\/\/csotrading.com\/wp-content\/uploads\/2021\/06\/thumbnail-19.jpg\",\"width\":330,\"height\":248},{\"@type\":\"BreadcrumbList\",\"@id\":\"https:\/\/csotrading.com\/tr\/product\/enko-esr-1-0\/#breadcrumb\",\"itemListElement\":[{\"@type\":\"ListItem\",\"position\":1,\"name\":\"Home\",\"item\":\"https:\/\/csotrading.com\/tr\/\"},{\"@type\":\"ListItem\",\"position\":2,\"name\":\"Ma\u011faza\",\"item\":\"https:\/\/csotrading.com\/magaza\/\"},{\"@type\":\"ListItem\",\"position\":3,\"name\":\"ENKO ESR 1.0\"}]},{\"@type\":\"WebSite\",\"@id\":\"https:\/\/csotrading.com\/#website\",\"url\":\"https:\/\/csotrading.com\/\",\"name\":\"CSO TRADING\",\"description\":\"\",\"potentialAction\":[{\"@type\":\"SearchAction\",\"target\":{\"@type\":\"EntryPoint\",\"urlTemplate\":\"https:\/\/csotrading.com\/?s={search_term_string}\"},\"query-input\":{\"@type\":\"PropertyValueSpecification\",\"valueRequired\":true,\"valueName\":\"search_term_string\"}}],\"inLanguage\":\"tr\"}]}<\/script>\n<!-- \/ Yoast SEO plugin. -->","yoast_head_json":{"title":"ENKO ESR 1.0 - CSO TRADING","robots":{"index":"index","follow":"follow","max-snippet":"max-snippet:-1","max-image-preview":"max-image-preview:large","max-video-preview":"max-video-preview:-1"},"canonical":"https:\/\/csotrading.com\/tr\/product\/enko-esr-1-0\/","og_locale":"tr_TR","og_type":"article","og_title":"ENKO ESR 1.0 - CSO TRADING","og_description":"Basit uygulamalar i\u00e7in mikro-i\u015flemci tabanl\u0131 \u00e7\u00f6z\u00fcm D\u00fcs\u00fck ya\u011f bas\u0131nc\u0131na, y\u00fcksek motor\u00a0s\u0131cakl\u0131\u011f\u0131na, yedek ar\u0131za giri\u015fine ve ak\u00fc \u015farj ar\u0131zalar\u0131na kar\u015f\u0131 motoru korur.","og_url":"https:\/\/csotrading.com\/tr\/product\/enko-esr-1-0\/","og_site_name":"CSO TRADING","og_image":[{"width":330,"height":248,"url":"https:\/\/csotrading.com\/wp-content\/uploads\/2021\/06\/thumbnail-19.jpg","type":"image\/jpeg"}],"twitter_card":"summary_large_image","twitter_misc":{"Tahmini okuma s\u00fcresi":"1 dakika"},"schema":{"@context":"https:\/\/schema.org","@graph":[{"@type":"WebPage","@id":"https:\/\/csotrading.com\/tr\/product\/enko-esr-1-0\/","url":"https:\/\/csotrading.com\/tr\/product\/enko-esr-1-0\/","name":"ENKO ESR 1.0 - CSO TRADING","isPartOf":{"@id":"https:\/\/csotrading.com\/#website"},"primaryImageOfPage":{"@id":"https:\/\/csotrading.com\/tr\/product\/enko-esr-1-0\/#primaryimage"},"image":{"@id":"https:\/\/csotrading.com\/tr\/product\/enko-esr-1-0\/#primaryimage"},"thumbnailUrl":"https:\/\/csotrading.com\/wp-content\/uploads\/2021\/06\/thumbnail-19.jpg","datePublished":"2021-06-27T19:05:43+00:00","dateModified":"2021-06-27T19:05:43+00:00","breadcrumb":{"@id":"https:\/\/csotrading.com\/tr\/product\/enko-esr-1-0\/#breadcrumb"},"inLanguage":"tr","potentialAction":[{"@type":"ReadAction","target":["https:\/\/csotrading.com\/tr\/product\/enko-esr-1-0\/"]}]},{"@type":"ImageObject","inLanguage":"tr","@id":"https:\/\/csotrading.com\/tr\/product\/enko-esr-1-0\/#primaryimage","url":"https:\/\/csotrading.com\/wp-content\/uploads\/2021\/06\/thumbnail-19.jpg","contentUrl":"https:\/\/csotrading.com\/wp-content\/uploads\/2021\/06\/thumbnail-19.jpg","width":330,"height":248},{"@type":"BreadcrumbList","@id":"https:\/\/csotrading.com\/tr\/product\/enko-esr-1-0\/#breadcrumb","itemListElement":[{"@type":"ListItem","position":1,"name":"Home","item":"https:\/\/csotrading.com\/tr\/"},{"@type":"ListItem","position":2,"name":"Ma\u011faza","item":"https:\/\/csotrading.com\/magaza\/"},{"@type":"ListItem","position":3,"name":"ENKO ESR 1.0"}]},{"@type":"WebSite","@id":"https:\/\/csotrading.com\/#website","url":"https:\/\/csotrading.com\/","name":"CSO TRADING","description":"","potentialAction":[{"@type":"SearchAction","target":{"@type":"EntryPoint","urlTemplate":"https:\/\/csotrading.com\/?s={search_term_string}"},"query-input":{"@type":"PropertyValueSpecification","valueRequired":true,"valueName":"search_term_string"}}],"inLanguage":"tr"}]}},"_links":{"self":[{"href":"https:\/\/csotrading.com\/tr\/wp-json\/wp\/v2\/product\/7792"}],"collection":[{"href":"https:\/\/csotrading.com\/tr\/wp-json\/wp\/v2\/product"}],"about":[{"href":"https:\/\/csotrading.com\/tr\/wp-json\/wp\/v2\/types\/product"}],"replies":[{"embeddable":true,"href":"https:\/\/csotrading.com\/tr\/wp-json\/wp\/v2\/comments?post=7792"}],"wp:featuredmedia":[{"embeddable":true,"href":"https:\/\/csotrading.com\/tr\/wp-json\/wp\/v2\/media\/7767"}],"wp:attachment":[{"href":"https:\/\/csotrading.com\/tr\/wp-json\/wp\/v2\/media?parent=7792"}],"wp:term":[{"taxonomy":"product_brand","embeddable":true,"href":"https:\/\/csotrading.com\/tr\/wp-json\/wp\/v2\/product_brand?post=7792"},{"taxonomy":"product_cat","embeddable":true,"href":"https:\/\/csotrading.com\/tr\/wp-json\/wp\/v2\/product_cat?post=7792"},{"taxonomy":"product_tag","embeddable":true,"href":"https:\/\/csotrading.com\/tr\/wp-json\/wp\/v2\/product_tag?post=7792"}],"curies":[{"name":"wp","href":"https:\/\/api.w.org\/{rel}","templated":true}]}}