{"id":7717,"date":"2021-06-27T21:43:20","date_gmt":"2021-06-27T18:43:20","guid":{"rendered":"https:\/\/csotrading.com\/?post_type=product&#038;p=7717"},"modified":"2021-06-27T21:43:20","modified_gmt":"2021-06-27T18:43:20","slug":"enko-ats-2-0","status":"publish","type":"product","link":"https:\/\/csotrading.com\/tr\/product\/enko-ats-2-0\/","title":{"rendered":"ENKO ATS 2.0"},"content":{"rendered":"<p>Otomatik Y\u00fck Transferi Kontrol Switchi olan AMF2.0, 3 faz \u015eebeke Bus-Bar voltaj\u0131n\u0131 \u00f6l\u00e7erek faz voltajlar\u0131ndan herhangi biri veya t\u00fcm\u00fc\u00a0tan\u0131ml\u0131 limitlerin d\u0131\u015f\u0131na \u00e7\u0131kt\u0131\u011f\u0131nda y\u00fck\u00fc transfer eder. Kontrol modul\u00fc\u00a0ayn\u0131 i\u015flemi \u015eebeke frekans\u0131 i\u00e7inde yapar.\u00a0Bu \u00fcniteler y\u00fck\u00fcn varl\u0131\u011f\u0131na\u00a0g\u00f6re kontrol\u00fcn\u00fc gerektiren herhangi iki voltaj Bus-Bar\u0131yla\u00a0kullan\u0131labilir. Kontrol mod\u00fcl\u00fc ayn\u0131 zamanda Jenerat.r\u00fcnde her 3 faz\u0131n\u0131da kontrol ederek i\u015flem yapar.<\/p>\n<p>ATS2.0, y\u00fcksek taleplerin bulundu\u011fu uygulamalarda kullan\u0131c\u0131ya\u00a0aray\u00fcz olabilmesi i\u00e7in son derece i\u015flevsel yeteneklerle donat\u0131lm\u0131\u015ft\u0131r.\u00a0Kontrol mod\u00fcl\u00fc kesiciyi a\u00e7\u0131p kapatmak i\u00e7in 2 ba\u011f\u0131ms\u0131z sinyal\u00a0gerektiren sistemlerde, giri\u015f\/\u00e7\u0131k\u0131\u015flar\u0131ndan hem MCB ve GCB\u00a0kontakt\u00f6rlerini hem de kompakt devre kesicileri kontrol edebilir.<\/p>\n<p>Kontrol mod\u00fcl\u00fc kullan\u0131c\u0131ya, test veya periyodik bak\u0131m i\u015flemleri i\u00e7in\u00a0Jenerat.r\u00fc \u00e7al\u0131\u015ft\u0131rma olana\u011f\u0131 sa\u011flar. Jenerat\u00f6r \u00e7al\u0131\u015f\u0131rken, \u00f6n panelde\u00a0bulunan switchler sayesinde y\u00fck\u00fc \u015eebeke ve Jenerat\u00f6r Bus-Barlar\u0131\u00a0aras\u0131nda transfer edebilir. Bu i\u015flem s\u0131ras\u0131nda \u015eebeke voltaj\u0131 kesilirse,\u00a0ATS2.0 otomatik olarak \u201cAuto\u201d moduna ge\u00e7erek y\u00fck\u00fc Jenerat\u00f6r\u00a0\u00e7\u0131k\u0131\u015f\u0131na ba\u011flar.<\/p>\n<p>\u00c7al\u0131\u015fma esnas\u0131nda, \u015eebeke veya Jenerat.r\u00fcn faz voltaj\u0131 veya frekans\u0131\u00a0\u00f6n panelde g\u00f6sterilebilir ve bu sayede panelde ekstra AC\u00a0voltmetrelerin kullan\u0131lmas\u0131na gerek kalmaz. T\u00fcm voltaj de\u011ferleri True\u00a0RMS olarak hassas bir \u015fekilde \u00f6l\u00e7\u00fcl\u00fcr.<\/p>\n<p>ATS2.0&#8217;daki t\u00fcm parametreler ayg\u0131t konfig\u00fcrasyon men\u00fcs\u00fcnden\u00a0ayarlanabilir ve t\u00fcm program parametre de\u011ferleri \u00f6n panelden\u00a0g\u00f6r\u00fclebilir. Motor so\u011futma fonksiyonunun kontrol\u00fc sayesinde d\u00fc\u015f\u00fck\u00a0kapasiteli Gen-Set&#8217;lerde basit motor \u00e7al\u0131\u015ft\u0131rma \u00fcnitelerinin\u00a0kullan\u0131labilmesini sa\u011flar.<\/p>\n<p><span id=\"features_lnk\" class=\"caption4 text3\">ANA \u00d6ZELL\u0130KLER<\/span><\/p>\n<ul>\n<li>3 dijit LED ekran<\/li>\n<li>Y\u00fck baralar\u0131n\u0131n durumunu g\u00f6steren LED indikat\u00f6rler<\/li>\n<li>3 dijital giri\u015f portu (t\u00fcm\u00fc ayarlanabilir)<\/li>\n<li>4 dijital \u00e7\u0131k\u0131\u015f portu (t\u00fcm\u00fc ayarlanabilir)<\/li>\n<li>Otomatik, Manuel, Y\u00fckte Test ve Y\u00fcks\u00fcz Test \u00e7al\u0131\u015fma modlar\u0131<\/li>\n<li>3 faz \u015eebeke ve 3 faz Jenerat\u00f6r voltaj ve freakans\u0131 \u00f6l\u00e7\u00fcm\u00fc<\/li>\n<li>\u00d6n panelden MCB ve GCB r\u00f6lelerinin otomatik veya manuel kontrol\u00fc<\/li>\n<li>\u015eebeke frekans\u0131na g\u00f6re y\u00fck transferi fonksiyonu<\/li>\n<li>Her iki y\u00fck baras\u0131ndaki de\u011ferlerin t\u00fcm\u00fc TrueRMS olarak \u00f6l\u00e7\u00fcl\u00fcr<\/li>\n<li>Uzaktan \u00e7al\u0131\u015ft\u0131rma \/ durdurma aray\u00fcz\u00fc<\/li>\n<li>Basit Jenerat\u00f6r kontrol aray\u00fcz\u00fc kullan\u0131labilmesi i\u00e7in motor so\u011futma s\u00fcresi fonksiyonu<\/li>\n<li>Arka panelde plug tipi terminaller<\/li>\n<li>\u015eebeke faz durumuna g\u00f6re y\u00fck transferi (\u015eebeke baras\u0131na kilitlenme)<\/li>\n<li>Geni\u015f \u00e7al\u0131\u015fma aral\u0131\u011f\u0131 (-35oC ile +70oC aras\u0131)<\/li>\n<li>IP52 \u00f6n panel korumas\u0131<\/li>\n<\/ul>\n<p><span id=\"benefits_lnk\" class=\"caption4 text3\">AVANTAJLAR<\/span><\/p>\n<ul>\n<li>\u00d6n panelden izlenebilen \u015eebeke ve Jenerat\u00f6r voltaj ve frekans\u0131 sayesinde panoda fazladan AC voltmetre ve di\u011fer indikat\u00f6rlerin gereksinimini ortadan kald\u0131r\u0131r<\/li>\n<li>Motor so\u011futma fonksiyonu sayesinde d\u00fc\u015f\u00fck kVA&#8217;l\u0131 Jenerat\u00f6rler basit motor start \u00fcniteleriyle kontrol edilebilir<\/li>\n<li>\u00c7\u0131k\u0131\u015f portlar\u0131ndan pulse tipi kesici mod\u00fclleri direkt olarak kontrol edilebilir<\/li>\n<li>Minimal uygulamalar i\u00e7in k\u00fc\u00e7\u00fck mekanik ebat<\/li>\n<li>M\u00fc\u015fteriye \u00f6zel uygulamalar i\u00e7in ayarlanabilir giri\u015f \/ \u00e7\u0131k\u0131\u015f portlar\u0131<\/li>\n<li>Her 3 faz ayr\u0131 ayr\u0131 programlanabilir ve kullan\u0131c\u0131 iste\u011fe ba\u011fl\u0131 olarak sistemi, Jenerat\u00f6r\u00fc 1, 2 veya her 3 faz birden kesintiye u\u011fray\u0131nca devreye alacak \u015fekilde ayarlayabilir<\/li>\n<\/ul>\n","protected":false},"excerpt":{"rendered":"<h2><strong>ATS2.0, y\u00fcksek taleplerin\u00a0bulundu\u011fu uygulamalarda\u00a0kullan\u0131lmak \u00fczere tasarlanm\u0131\u015f \u00e7ok y\u00f6nl\u00fc bir Y\u00fck Transfer Switchidir.<\/strong><\/h2>\n<h3>\u0130\u00e7inde bar\u0131nd\u0131rd\u0131\u011f\u0131 \u00f6zellikleri ve\u00a0kullan\u0131c\u0131 taraf\u0131ndan se\u00e7ilebilen ileri\u00a0d\u00fczey fonksiyonlar\u0131, ATS2.0&#8217;\u0131 Bus-Bar kontrol\u00fc i\u00e7in ve y\u00fck y\u00f6netimi\u00a0modul\u00fc olarak m\u00fckemmel bir \u00e7\u00f6z\u00fcm yapar.<\/h3>\n","protected":false},"featured_media":7700,"comment_status":"closed","ping_status":"closed","template":"","meta":[],"product_brand":[],"product_cat":[780,784],"product_tag":[],"class_list":{"0":"post-7717","1":"product","2":"type-product","3":"status-publish","4":"has-post-thumbnail","6":"product_cat-enko-tr","7":"product_cat-otomatik-tranfer-uniteleri-ats-serisi","9":"first","10":"instock","11":"shipping-taxable","12":"product-type-simple"},"yoast_head":"<!-- This site is optimized with the Yoast SEO plugin v24.3 - https:\/\/yoast.com\/wordpress\/plugins\/seo\/ -->\n<title>ENKO ATS 2.0 - CSO TRADING<\/title>\n<meta name=\"robots\" content=\"index, follow, max-snippet:-1, max-image-preview:large, max-video-preview:-1\" \/>\n<link rel=\"canonical\" href=\"https:\/\/csotrading.com\/tr\/product\/enko-ats-2-0\/\" \/>\n<meta property=\"og:locale\" content=\"tr_TR\" \/>\n<meta property=\"og:type\" content=\"article\" \/>\n<meta property=\"og:title\" content=\"ENKO ATS 2.0 - CSO TRADING\" \/>\n<meta property=\"og:description\" content=\"ATS2.0, y\u00fcksek taleplerin\u00a0bulundu\u011fu uygulamalarda\u00a0kullan\u0131lmak \u00fczere tasarlanm\u0131\u015f \u00e7ok y\u00f6nl\u00fc bir Y\u00fck Transfer Switchidir. \u0130\u00e7inde bar\u0131nd\u0131rd\u0131\u011f\u0131 \u00f6zellikleri ve\u00a0kullan\u0131c\u0131 taraf\u0131ndan se\u00e7ilebilen ileri\u00a0d\u00fczey fonksiyonlar\u0131, ATS2.0&#039;\u0131 Bus-Bar kontrol\u00fc i\u00e7in ve y\u00fck y\u00f6netimi\u00a0modul\u00fc olarak m\u00fckemmel bir \u00e7\u00f6z\u00fcm yapar.\" \/>\n<meta property=\"og:url\" content=\"https:\/\/csotrading.com\/tr\/product\/enko-ats-2-0\/\" \/>\n<meta property=\"og:site_name\" content=\"CSO TRADING\" \/>\n<meta property=\"og:image\" content=\"https:\/\/csotrading.com\/wp-content\/uploads\/2021\/06\/thumbnail-18.jpg\" \/>\n\t<meta property=\"og:image:width\" content=\"330\" \/>\n\t<meta property=\"og:image:height\" content=\"248\" \/>\n\t<meta property=\"og:image:type\" content=\"image\/jpeg\" \/>\n<meta name=\"twitter:card\" content=\"summary_large_image\" \/>\n<meta name=\"twitter:label1\" content=\"Tahmini okuma s\u00fcresi\" \/>\n\t<meta name=\"twitter:data1\" content=\"2 dakika\" \/>\n<script type=\"application\/ld+json\" class=\"yoast-schema-graph\">{\"@context\":\"https:\/\/schema.org\",\"@graph\":[{\"@type\":\"WebPage\",\"@id\":\"https:\/\/csotrading.com\/tr\/product\/enko-ats-2-0\/\",\"url\":\"https:\/\/csotrading.com\/tr\/product\/enko-ats-2-0\/\",\"name\":\"ENKO ATS 2.0 - CSO TRADING\",\"isPartOf\":{\"@id\":\"https:\/\/csotrading.com\/#website\"},\"primaryImageOfPage\":{\"@id\":\"https:\/\/csotrading.com\/tr\/product\/enko-ats-2-0\/#primaryimage\"},\"image\":{\"@id\":\"https:\/\/csotrading.com\/tr\/product\/enko-ats-2-0\/#primaryimage\"},\"thumbnailUrl\":\"https:\/\/csotrading.com\/wp-content\/uploads\/2021\/06\/thumbnail-18.jpg\",\"datePublished\":\"2021-06-27T18:43:20+00:00\",\"dateModified\":\"2021-06-27T18:43:20+00:00\",\"breadcrumb\":{\"@id\":\"https:\/\/csotrading.com\/tr\/product\/enko-ats-2-0\/#breadcrumb\"},\"inLanguage\":\"tr\",\"potentialAction\":[{\"@type\":\"ReadAction\",\"target\":[\"https:\/\/csotrading.com\/tr\/product\/enko-ats-2-0\/\"]}]},{\"@type\":\"ImageObject\",\"inLanguage\":\"tr\",\"@id\":\"https:\/\/csotrading.com\/tr\/product\/enko-ats-2-0\/#primaryimage\",\"url\":\"https:\/\/csotrading.com\/wp-content\/uploads\/2021\/06\/thumbnail-18.jpg\",\"contentUrl\":\"https:\/\/csotrading.com\/wp-content\/uploads\/2021\/06\/thumbnail-18.jpg\",\"width\":330,\"height\":248},{\"@type\":\"BreadcrumbList\",\"@id\":\"https:\/\/csotrading.com\/tr\/product\/enko-ats-2-0\/#breadcrumb\",\"itemListElement\":[{\"@type\":\"ListItem\",\"position\":1,\"name\":\"Home\",\"item\":\"https:\/\/csotrading.com\/tr\/\"},{\"@type\":\"ListItem\",\"position\":2,\"name\":\"Ma\u011faza\",\"item\":\"https:\/\/csotrading.com\/magaza\/\"},{\"@type\":\"ListItem\",\"position\":3,\"name\":\"ENKO ATS 2.0\"}]},{\"@type\":\"WebSite\",\"@id\":\"https:\/\/csotrading.com\/#website\",\"url\":\"https:\/\/csotrading.com\/\",\"name\":\"CSO TRADING\",\"description\":\"\",\"potentialAction\":[{\"@type\":\"SearchAction\",\"target\":{\"@type\":\"EntryPoint\",\"urlTemplate\":\"https:\/\/csotrading.com\/?s={search_term_string}\"},\"query-input\":{\"@type\":\"PropertyValueSpecification\",\"valueRequired\":true,\"valueName\":\"search_term_string\"}}],\"inLanguage\":\"tr\"}]}<\/script>\n<!-- \/ Yoast SEO plugin. -->","yoast_head_json":{"title":"ENKO ATS 2.0 - CSO TRADING","robots":{"index":"index","follow":"follow","max-snippet":"max-snippet:-1","max-image-preview":"max-image-preview:large","max-video-preview":"max-video-preview:-1"},"canonical":"https:\/\/csotrading.com\/tr\/product\/enko-ats-2-0\/","og_locale":"tr_TR","og_type":"article","og_title":"ENKO ATS 2.0 - CSO TRADING","og_description":"ATS2.0, y\u00fcksek taleplerin\u00a0bulundu\u011fu uygulamalarda\u00a0kullan\u0131lmak \u00fczere tasarlanm\u0131\u015f \u00e7ok y\u00f6nl\u00fc bir Y\u00fck Transfer Switchidir. \u0130\u00e7inde bar\u0131nd\u0131rd\u0131\u011f\u0131 \u00f6zellikleri ve\u00a0kullan\u0131c\u0131 taraf\u0131ndan se\u00e7ilebilen ileri\u00a0d\u00fczey fonksiyonlar\u0131, ATS2.0'\u0131 Bus-Bar kontrol\u00fc i\u00e7in ve y\u00fck y\u00f6netimi\u00a0modul\u00fc olarak m\u00fckemmel bir \u00e7\u00f6z\u00fcm yapar.","og_url":"https:\/\/csotrading.com\/tr\/product\/enko-ats-2-0\/","og_site_name":"CSO TRADING","og_image":[{"width":330,"height":248,"url":"https:\/\/csotrading.com\/wp-content\/uploads\/2021\/06\/thumbnail-18.jpg","type":"image\/jpeg"}],"twitter_card":"summary_large_image","twitter_misc":{"Tahmini okuma s\u00fcresi":"2 dakika"},"schema":{"@context":"https:\/\/schema.org","@graph":[{"@type":"WebPage","@id":"https:\/\/csotrading.com\/tr\/product\/enko-ats-2-0\/","url":"https:\/\/csotrading.com\/tr\/product\/enko-ats-2-0\/","name":"ENKO ATS 2.0 - CSO TRADING","isPartOf":{"@id":"https:\/\/csotrading.com\/#website"},"primaryImageOfPage":{"@id":"https:\/\/csotrading.com\/tr\/product\/enko-ats-2-0\/#primaryimage"},"image":{"@id":"https:\/\/csotrading.com\/tr\/product\/enko-ats-2-0\/#primaryimage"},"thumbnailUrl":"https:\/\/csotrading.com\/wp-content\/uploads\/2021\/06\/thumbnail-18.jpg","datePublished":"2021-06-27T18:43:20+00:00","dateModified":"2021-06-27T18:43:20+00:00","breadcrumb":{"@id":"https:\/\/csotrading.com\/tr\/product\/enko-ats-2-0\/#breadcrumb"},"inLanguage":"tr","potentialAction":[{"@type":"ReadAction","target":["https:\/\/csotrading.com\/tr\/product\/enko-ats-2-0\/"]}]},{"@type":"ImageObject","inLanguage":"tr","@id":"https:\/\/csotrading.com\/tr\/product\/enko-ats-2-0\/#primaryimage","url":"https:\/\/csotrading.com\/wp-content\/uploads\/2021\/06\/thumbnail-18.jpg","contentUrl":"https:\/\/csotrading.com\/wp-content\/uploads\/2021\/06\/thumbnail-18.jpg","width":330,"height":248},{"@type":"BreadcrumbList","@id":"https:\/\/csotrading.com\/tr\/product\/enko-ats-2-0\/#breadcrumb","itemListElement":[{"@type":"ListItem","position":1,"name":"Home","item":"https:\/\/csotrading.com\/tr\/"},{"@type":"ListItem","position":2,"name":"Ma\u011faza","item":"https:\/\/csotrading.com\/magaza\/"},{"@type":"ListItem","position":3,"name":"ENKO ATS 2.0"}]},{"@type":"WebSite","@id":"https:\/\/csotrading.com\/#website","url":"https:\/\/csotrading.com\/","name":"CSO TRADING","description":"","potentialAction":[{"@type":"SearchAction","target":{"@type":"EntryPoint","urlTemplate":"https:\/\/csotrading.com\/?s={search_term_string}"},"query-input":{"@type":"PropertyValueSpecification","valueRequired":true,"valueName":"search_term_string"}}],"inLanguage":"tr"}]}},"_links":{"self":[{"href":"https:\/\/csotrading.com\/tr\/wp-json\/wp\/v2\/product\/7717"}],"collection":[{"href":"https:\/\/csotrading.com\/tr\/wp-json\/wp\/v2\/product"}],"about":[{"href":"https:\/\/csotrading.com\/tr\/wp-json\/wp\/v2\/types\/product"}],"replies":[{"embeddable":true,"href":"https:\/\/csotrading.com\/tr\/wp-json\/wp\/v2\/comments?post=7717"}],"wp:featuredmedia":[{"embeddable":true,"href":"https:\/\/csotrading.com\/tr\/wp-json\/wp\/v2\/media\/7700"}],"wp:attachment":[{"href":"https:\/\/csotrading.com\/tr\/wp-json\/wp\/v2\/media?parent=7717"}],"wp:term":[{"taxonomy":"product_brand","embeddable":true,"href":"https:\/\/csotrading.com\/tr\/wp-json\/wp\/v2\/product_brand?post=7717"},{"taxonomy":"product_cat","embeddable":true,"href":"https:\/\/csotrading.com\/tr\/wp-json\/wp\/v2\/product_cat?post=7717"},{"taxonomy":"product_tag","embeddable":true,"href":"https:\/\/csotrading.com\/tr\/wp-json\/wp\/v2\/product_tag?post=7717"}],"curies":[{"name":"wp","href":"https:\/\/api.w.org\/{rel}","templated":true}]}}