{"id":7709,"date":"2021-06-27T21:41:34","date_gmt":"2021-06-27T18:41:34","guid":{"rendered":"https:\/\/csotrading.com\/?post_type=product&#038;p=7709"},"modified":"2021-06-27T21:41:35","modified_gmt":"2021-06-27T18:41:35","slug":"enko-ats-1-1","status":"publish","type":"product","link":"https:\/\/csotrading.com\/tr\/product\/enko-ats-1-1\/","title":{"rendered":"ENKO ATS 1.1"},"content":{"rendered":"<p>ATS1.1, \u015eebeke bus-bar voltajlar\u0131n\u0131 \u00f6l\u00e7en ve voltaj limitleri \u00f6nceden belirlenmi\u015f olan toleranslar\u0131n d\u0131\u015f\u0131na \u00e7\u0131kt\u0131\u011f\u0131nda y\u00fck\u00fc transfer eden Y\u00fck Transfer Kontrol Switchidir. ATS \u00fcnitelerimiz, y\u00fck\u00fcn var besleme durumuna g\u00f6re kontrol edilmesi gereken ve 2 voltaj bus-bar\u0131n\u0131n bulundu\u011fu herhangi bir sistemde kullan\u0131labilir. \u015eebeke bus-bar\u0131 taraf\u0131nda 3 faz\u0131nda voltaj\u0131 takip edilir ve her faz i\u00e7in ayr\u0131 \u00fcst ve alt voltaj limitleri ayarlanabilir.<\/p>\n<p>ATS1.1, 2 yard\u0131mc\u0131 \u00e7\u0131k\u0131\u015f ve 3 yard\u0131mc\u0131 giri\u015f ile tasarlanm\u0131\u015ft\u0131r. Bu I\/O portlar\u0131, \u00e7evre birimi kontrol\u00fc i\u00e7in \u00fcnitenin \u00fczerindeki men\u00fcden programlanabilir.<\/p>\n<p>AMF1.1 kullan\u0131c\u0131ya periyodik bak\u0131m veya test i\u00e7in mar\u015f basabilmesini sa\u011flar. Bu test fonksiyonu ister y\u00fck transferi ile, ister y\u00fck transferi olmadan da \u00e7al\u0131\u015ft\u0131r\u0131labilir. Bu sayede ayn\u0131 anda transfer switchini de kontrol edebilirsiniz. Normal sistem \u00e7al\u0131\u015fmas\u0131 Otomatik modda s\u00fcrd\u00fcr\u00fcl\u00fcr.<\/p>\n<p>\u00c7al\u0131\u015fma s\u0131ras\u0131nda kontrol \u00fcnitesinin \u00fczerinde bulunan ekranda \u015eebeke ve Jenerat\u00f6r faz voltajlar\u0131 g\u00f6zlenebilir. Bu sayede pano \u00fczerine ekstradan AC Voltmetreler yerle\u015ftirmenize gerek kalmaz. T\u00fcm voltaj de\u011ferleri True RMS olarak g\u00f6sterilir ve y\u00fcksek okuma hassasiyetine sahiptir.<\/p>\n<p>ATS1.1&#8217;in i\u00e7inde bar\u0131nd\u0131rd\u0131\u011f\u0131 t\u00fcm parametreler ayg\u0131t ayarlar\u0131 men\u00fcs\u00fcnden de\u011fi\u015ftirilebilir ve t\u00fcm program parametreleri kontrol \u00fcnitesinin \u00fczerinde bulunan ekrandan takip edilebilir. Ayr\u0131ca ATS \u00fcnitelerimiz motor so\u011futma fonksiyonlar\u0131n\u0131 yerine getirecek \u015fekilde programlanabilir ve bu sayede d\u00fc\u015f\u00fck kapasiteli Jenerat\u00f6r Setlerinde basit motor ate\u015fleme \u00fcnitelerini kullanman\u0131z\u0131 sa\u011flar.<\/p>\n<p><span id=\"features_lnk\" class=\"caption4 text3\">ANA \u00d6ZELL\u0130KLER<\/span><\/p>\n<ul>\n<li>3 dijit LED g\u00f6ster<\/li>\n<li>Y\u00fck baralar\u0131n\u0131n durumunu g\u00f6steren LED indikat\u00f6rler<\/li>\n<li>3 Dijital giri\u015f portu (t\u00fcm\u00fc ayarlanabilir)<\/li>\n<li>3 dijital \u00e7\u0131k\u0131\u015f portu (2 adet ayarlanabilir)<\/li>\n<li>Otomatik, Manuel, Y\u00fckte Test ve Y\u00fcks\u00fcz Test \u00e7al\u0131\u015fma modlar\u0131<\/li>\n<li>3 faz \u015eebeke ve tek faz Jenerat\u00f6r voltaj ve freakans\u0131 \u00f6l\u00e7\u00fcm\u00fc<\/li>\n<li>\u00d6n panelden MCB ve GCB r\u00f6lelerinin otomatik veya manuel kontrol\u00fc<\/li>\n<li>\u015eebeke frekans\u0131na g\u00f6re y\u00fck transferi fonksiyonu<\/li>\n<li>Her iki y\u00fck baras\u0131ndaki de\u011ferlerin t\u00fcm\u00fc TrueRMS olarak \u00f6l\u00e7\u00fcl\u00fcr<\/li>\n<li>Uzaktan \u00e7al\u0131\u015ft\u0131rma \/ durdurma aray\u00fcz\u00fc<\/li>\n<li>Basit Jenerat\u00f6r kontrol aray\u00fcz\u00fc kullan\u0131labilmesi i\u00e7in motor so\u011futma s\u00fcresi fonksiyonu<\/li>\n<li>Arka panelde plug tipi terminaller<\/li>\n<li>\u015eebeke faz durumuna g\u00f6re y\u00fck transferi (\u015eebeke baras\u0131na kilitlenme)<\/li>\n<li>Geni\u015f \u00e7al\u0131\u015fma aral\u0131\u011f\u0131 (-35oC ile +70oC aras\u0131)<\/li>\n<li>IP52 \u00f6n panel korumas\u0131<\/li>\n<\/ul>\n<p><span id=\"benefits_lnk\" class=\"caption4 text3\">AVANTAJLAR<\/span><\/p>\n<ul>\n<li>\u00d6n panelden izlenebilen \u015eebeke ve Jenerat\u00f6r voltaj ve frekans\u0131 sayesinde panoda fazladan AC voltmetre ve di\u011fer indikat\u00f6rlerin gereksinimini ortadan kald\u0131r\u0131r<\/li>\n<li>Motor so\u011futma fonksiyonu sayesinde d\u00fc\u015f\u00fck kVA&#8217;l\u0131 Jenerat\u00f6rler basit motor start \u00fcniteleriyle kontrol edilebilir<\/li>\n<li>\u00c7\u0131k\u0131\u015f portlar\u0131ndan pulse tipi kesici mod\u00fclleri direkt olarak kontrol edilebilir<\/li>\n<li>Minimal uygulamalar i\u00e7in k\u00fc\u00e7\u00fck mekanik ebat<\/li>\n<li>M\u00fc\u015fteriye \u00f6zel uygulamalar i\u00e7in ayarlanabilir giri\u015f \/ \u00e7\u0131k\u0131\u015f portlar\u0131<\/li>\n<\/ul>\n","protected":false},"excerpt":{"rendered":"<h2><strong>\u015eebeke ve jenerat\u00f6r Bus-barlar\u0131n\u0131n e\u015f zamanl\u0131 takibi<\/strong><\/h2>\n<h3>ATS1.1 \u015eebeke ve Jenerat\u00f6r\u00fcn ba\u011f\u0131ms\u0131z y\u00fck kontrol\u00fcn\u00fc sa\u011flayan ve \u015eebeke ye \u00f6ncelik vererek y\u00fck\u00fc \u015eebeke veya Jenerat\u00f6r y\u00fck barlar\u0131ndan besleyen Y\u00fck Transfer Kontrol \u00dcnitesidir.<\/h3>\n","protected":false},"featured_media":7694,"comment_status":"closed","ping_status":"closed","template":"","meta":[],"product_brand":[],"product_cat":[780,784],"product_tag":[],"class_list":{"0":"post-7709","1":"product","2":"type-product","3":"status-publish","4":"has-post-thumbnail","6":"product_cat-enko-tr","7":"product_cat-otomatik-tranfer-uniteleri-ats-serisi","9":"first","10":"instock","11":"shipping-taxable","12":"product-type-simple"},"yoast_head":"<!-- This site is optimized with the Yoast SEO plugin v24.3 - https:\/\/yoast.com\/wordpress\/plugins\/seo\/ -->\n<title>ENKO ATS 1.1 - CSO TRADING<\/title>\n<meta name=\"robots\" content=\"index, follow, max-snippet:-1, max-image-preview:large, max-video-preview:-1\" \/>\n<link rel=\"canonical\" href=\"https:\/\/csotrading.com\/tr\/product\/enko-ats-1-1\/\" \/>\n<meta property=\"og:locale\" content=\"tr_TR\" \/>\n<meta property=\"og:type\" content=\"article\" \/>\n<meta property=\"og:title\" content=\"ENKO ATS 1.1 - CSO TRADING\" \/>\n<meta property=\"og:description\" content=\"\u015eebeke ve jenerat\u00f6r Bus-barlar\u0131n\u0131n e\u015f zamanl\u0131 takibi ATS1.1 \u015eebeke ve Jenerat\u00f6r\u00fcn ba\u011f\u0131ms\u0131z y\u00fck kontrol\u00fcn\u00fc sa\u011flayan ve \u015eebeke ye \u00f6ncelik vererek y\u00fck\u00fc \u015eebeke veya Jenerat\u00f6r y\u00fck barlar\u0131ndan besleyen Y\u00fck Transfer Kontrol \u00dcnitesidir.\" \/>\n<meta property=\"og:url\" content=\"https:\/\/csotrading.com\/tr\/product\/enko-ats-1-1\/\" \/>\n<meta property=\"og:site_name\" content=\"CSO TRADING\" \/>\n<meta property=\"article:modified_time\" content=\"2021-06-27T18:41:35+00:00\" \/>\n<meta property=\"og:image\" content=\"https:\/\/csotrading.com\/wp-content\/uploads\/2021\/06\/thumbnail-17.jpg\" \/>\n\t<meta property=\"og:image:width\" content=\"330\" \/>\n\t<meta property=\"og:image:height\" content=\"248\" \/>\n\t<meta property=\"og:image:type\" content=\"image\/jpeg\" \/>\n<meta name=\"twitter:card\" content=\"summary_large_image\" \/>\n<meta name=\"twitter:label1\" content=\"Tahmini okuma s\u00fcresi\" \/>\n\t<meta name=\"twitter:data1\" content=\"2 dakika\" \/>\n<script type=\"application\/ld+json\" class=\"yoast-schema-graph\">{\"@context\":\"https:\/\/schema.org\",\"@graph\":[{\"@type\":\"WebPage\",\"@id\":\"https:\/\/csotrading.com\/tr\/product\/enko-ats-1-1\/\",\"url\":\"https:\/\/csotrading.com\/tr\/product\/enko-ats-1-1\/\",\"name\":\"ENKO ATS 1.1 - CSO TRADING\",\"isPartOf\":{\"@id\":\"https:\/\/csotrading.com\/#website\"},\"primaryImageOfPage\":{\"@id\":\"https:\/\/csotrading.com\/tr\/product\/enko-ats-1-1\/#primaryimage\"},\"image\":{\"@id\":\"https:\/\/csotrading.com\/tr\/product\/enko-ats-1-1\/#primaryimage\"},\"thumbnailUrl\":\"https:\/\/csotrading.com\/wp-content\/uploads\/2021\/06\/thumbnail-17.jpg\",\"datePublished\":\"2021-06-27T18:41:34+00:00\",\"dateModified\":\"2021-06-27T18:41:35+00:00\",\"breadcrumb\":{\"@id\":\"https:\/\/csotrading.com\/tr\/product\/enko-ats-1-1\/#breadcrumb\"},\"inLanguage\":\"tr\",\"potentialAction\":[{\"@type\":\"ReadAction\",\"target\":[\"https:\/\/csotrading.com\/tr\/product\/enko-ats-1-1\/\"]}]},{\"@type\":\"ImageObject\",\"inLanguage\":\"tr\",\"@id\":\"https:\/\/csotrading.com\/tr\/product\/enko-ats-1-1\/#primaryimage\",\"url\":\"https:\/\/csotrading.com\/wp-content\/uploads\/2021\/06\/thumbnail-17.jpg\",\"contentUrl\":\"https:\/\/csotrading.com\/wp-content\/uploads\/2021\/06\/thumbnail-17.jpg\",\"width\":330,\"height\":248},{\"@type\":\"BreadcrumbList\",\"@id\":\"https:\/\/csotrading.com\/tr\/product\/enko-ats-1-1\/#breadcrumb\",\"itemListElement\":[{\"@type\":\"ListItem\",\"position\":1,\"name\":\"Home\",\"item\":\"https:\/\/csotrading.com\/tr\/\"},{\"@type\":\"ListItem\",\"position\":2,\"name\":\"Ma\u011faza\",\"item\":\"https:\/\/csotrading.com\/magaza\/\"},{\"@type\":\"ListItem\",\"position\":3,\"name\":\"ENKO ATS 1.1\"}]},{\"@type\":\"WebSite\",\"@id\":\"https:\/\/csotrading.com\/#website\",\"url\":\"https:\/\/csotrading.com\/\",\"name\":\"CSO TRADING\",\"description\":\"\",\"potentialAction\":[{\"@type\":\"SearchAction\",\"target\":{\"@type\":\"EntryPoint\",\"urlTemplate\":\"https:\/\/csotrading.com\/?s={search_term_string}\"},\"query-input\":{\"@type\":\"PropertyValueSpecification\",\"valueRequired\":true,\"valueName\":\"search_term_string\"}}],\"inLanguage\":\"tr\"}]}<\/script>\n<!-- \/ Yoast SEO plugin. -->","yoast_head_json":{"title":"ENKO ATS 1.1 - CSO TRADING","robots":{"index":"index","follow":"follow","max-snippet":"max-snippet:-1","max-image-preview":"max-image-preview:large","max-video-preview":"max-video-preview:-1"},"canonical":"https:\/\/csotrading.com\/tr\/product\/enko-ats-1-1\/","og_locale":"tr_TR","og_type":"article","og_title":"ENKO ATS 1.1 - CSO TRADING","og_description":"\u015eebeke ve jenerat\u00f6r Bus-barlar\u0131n\u0131n e\u015f zamanl\u0131 takibi ATS1.1 \u015eebeke ve Jenerat\u00f6r\u00fcn ba\u011f\u0131ms\u0131z y\u00fck kontrol\u00fcn\u00fc sa\u011flayan ve \u015eebeke ye \u00f6ncelik vererek y\u00fck\u00fc \u015eebeke veya Jenerat\u00f6r y\u00fck barlar\u0131ndan besleyen Y\u00fck Transfer Kontrol \u00dcnitesidir.","og_url":"https:\/\/csotrading.com\/tr\/product\/enko-ats-1-1\/","og_site_name":"CSO TRADING","article_modified_time":"2021-06-27T18:41:35+00:00","og_image":[{"width":330,"height":248,"url":"https:\/\/csotrading.com\/wp-content\/uploads\/2021\/06\/thumbnail-17.jpg","type":"image\/jpeg"}],"twitter_card":"summary_large_image","twitter_misc":{"Tahmini okuma s\u00fcresi":"2 dakika"},"schema":{"@context":"https:\/\/schema.org","@graph":[{"@type":"WebPage","@id":"https:\/\/csotrading.com\/tr\/product\/enko-ats-1-1\/","url":"https:\/\/csotrading.com\/tr\/product\/enko-ats-1-1\/","name":"ENKO ATS 1.1 - CSO TRADING","isPartOf":{"@id":"https:\/\/csotrading.com\/#website"},"primaryImageOfPage":{"@id":"https:\/\/csotrading.com\/tr\/product\/enko-ats-1-1\/#primaryimage"},"image":{"@id":"https:\/\/csotrading.com\/tr\/product\/enko-ats-1-1\/#primaryimage"},"thumbnailUrl":"https:\/\/csotrading.com\/wp-content\/uploads\/2021\/06\/thumbnail-17.jpg","datePublished":"2021-06-27T18:41:34+00:00","dateModified":"2021-06-27T18:41:35+00:00","breadcrumb":{"@id":"https:\/\/csotrading.com\/tr\/product\/enko-ats-1-1\/#breadcrumb"},"inLanguage":"tr","potentialAction":[{"@type":"ReadAction","target":["https:\/\/csotrading.com\/tr\/product\/enko-ats-1-1\/"]}]},{"@type":"ImageObject","inLanguage":"tr","@id":"https:\/\/csotrading.com\/tr\/product\/enko-ats-1-1\/#primaryimage","url":"https:\/\/csotrading.com\/wp-content\/uploads\/2021\/06\/thumbnail-17.jpg","contentUrl":"https:\/\/csotrading.com\/wp-content\/uploads\/2021\/06\/thumbnail-17.jpg","width":330,"height":248},{"@type":"BreadcrumbList","@id":"https:\/\/csotrading.com\/tr\/product\/enko-ats-1-1\/#breadcrumb","itemListElement":[{"@type":"ListItem","position":1,"name":"Home","item":"https:\/\/csotrading.com\/tr\/"},{"@type":"ListItem","position":2,"name":"Ma\u011faza","item":"https:\/\/csotrading.com\/magaza\/"},{"@type":"ListItem","position":3,"name":"ENKO ATS 1.1"}]},{"@type":"WebSite","@id":"https:\/\/csotrading.com\/#website","url":"https:\/\/csotrading.com\/","name":"CSO TRADING","description":"","potentialAction":[{"@type":"SearchAction","target":{"@type":"EntryPoint","urlTemplate":"https:\/\/csotrading.com\/?s={search_term_string}"},"query-input":{"@type":"PropertyValueSpecification","valueRequired":true,"valueName":"search_term_string"}}],"inLanguage":"tr"}]}},"_links":{"self":[{"href":"https:\/\/csotrading.com\/tr\/wp-json\/wp\/v2\/product\/7709"}],"collection":[{"href":"https:\/\/csotrading.com\/tr\/wp-json\/wp\/v2\/product"}],"about":[{"href":"https:\/\/csotrading.com\/tr\/wp-json\/wp\/v2\/types\/product"}],"replies":[{"embeddable":true,"href":"https:\/\/csotrading.com\/tr\/wp-json\/wp\/v2\/comments?post=7709"}],"wp:featuredmedia":[{"embeddable":true,"href":"https:\/\/csotrading.com\/tr\/wp-json\/wp\/v2\/media\/7694"}],"wp:attachment":[{"href":"https:\/\/csotrading.com\/tr\/wp-json\/wp\/v2\/media?parent=7709"}],"wp:term":[{"taxonomy":"product_brand","embeddable":true,"href":"https:\/\/csotrading.com\/tr\/wp-json\/wp\/v2\/product_brand?post=7709"},{"taxonomy":"product_cat","embeddable":true,"href":"https:\/\/csotrading.com\/tr\/wp-json\/wp\/v2\/product_cat?post=7709"},{"taxonomy":"product_tag","embeddable":true,"href":"https:\/\/csotrading.com\/tr\/wp-json\/wp\/v2\/product_tag?post=7709"}],"curies":[{"name":"wp","href":"https:\/\/api.w.org\/{rel}","templated":true}]}}