{"id":7646,"date":"2021-06-27T17:33:44","date_gmt":"2021-06-27T14:33:44","guid":{"rendered":"https:\/\/csotrading.com\/?post_type=product&#038;p=7646"},"modified":"2021-06-27T17:33:44","modified_gmt":"2021-06-27T14:33:44","slug":"enko-ebc-2420","status":"publish","type":"product","link":"https:\/\/csotrading.com\/tr\/product\/enko-ebc-2420\/","title":{"rendered":"ENKO EBC 2420"},"content":{"rendered":"<p>EBC 2420, anahtarlama \u201cSwitched Mode\u201d teknolojisi kullan\u0131larak tasarlanm\u0131\u015ft\u0131r. Bu sayede maksimum verimlilik sa\u011flar ve a\u015f\u0131r\u0131 \u0131s\u0131nma sorununu ortadan kald\u0131rd\u0131\u011f\u0131 i\u00e7in cihaz\u0131n \u00f6mr\u00fc ve g\u00fcvenilirli\u011fi maksimum seviyededir.<\/p>\n<p>EBC 2420, 24V Ak\u00fc sistemine s\u00fcrekli 20A \u015farj ak\u0131m\u0131 sa\u011flayabilir. \u00dcretim s\u0131ras\u0131nda 27.6 Vdc ye set edilen \u00e7\u0131k\u0131\u015f voltaj\u0131 EBC 2420 nin \u00fczerinde bulunan ayar trimpotu sayesinde 25.5Vdc ile 30Vdc aras\u0131nda kullan\u0131c\u0131 taraf\u0131ndan ayarlanabilir. EBC serisi Ak\u00fc \u015earj Cihazlar\u0131 ak\u00fcy\u00fc koruyacak ve \u00f6mr\u00fcn\u00fc uzatacak donan\u0131mlar\u0131 i\u00e7erecek \u015fekilde tasarlanm\u0131\u015ft\u0131r.<\/p>\n<p>Ayr\u0131ca kontrol sistemi ak\u00fcy\u00fc uzun \u00f6m\u00fcrl\u00fc ve verimli kullan\u0131m i\u00e7in \u00fc\u00e7 farkl\u0131 a\u015famada \u015farj edecek \u015fekilde tasarlanm\u0131\u015ft\u0131r. Bu a\u015famalar;<\/p>\n<p>Sabit Ak\u0131m a\u015famas\u0131,<\/p>\n<p>Sabit Voltaj a\u015famas\u0131,<\/p>\n<p>Tampon \u015earj a\u015famas\u0131,<\/p>\n<p><strong>Sabit Ak\u0131m a\u015famas\u0131;<\/strong>\u00a0Ak\u00fc, nominal kapasitesinin alt\u0131na d\u00fc\u015ft\u00fc\u011f\u00fcnde, \u00e7\u0131k\u0131\u015f ak\u0131m\u0131 h\u00fccre plakalar\u0131na zarar vermeyecek \u015fekilde s\u0131n\u0131rlan\u0131r ve sabit ak\u0131m sa\u011flan\u0131r.\u00a0Bu a\u015famada Ak\u00fc voltaj\u0131 yava\u015f yava\u015f nominal de\u011ferine do\u011fru y\u00fckselmeye ba\u015flar.<\/p>\n<p><strong>Sabit Voltaj a\u015famas\u0131;<\/strong>\u00a0Ak\u00fc kapasitesini geri kazanmaya ba\u015flad\u0131k\u00e7a, her h\u00fccrenin voltaj\u0131 yakla\u015f\u0131k olarak 2,30Vdc&#8217; ye kadar y\u00fckselir, bu a\u015famada \u00e7\u0131k\u0131\u015f voltaj\u0131 sabitlenir ve ak\u00fcn\u00fcn \u00e7ekti\u011fi ak\u0131m azalmaya ba\u015flar. Bu s\u00fcre\u00e7 toplam \u015farj s\u00fcresinin yakla\u015f\u0131k 60%&#8217;\u0131n\u0131 kapsar.<\/p>\n<p><strong>Tampon \u015earj a\u015famas\u0131;<\/strong>\u00a0Ak\u00fc tam \u015farja ula\u015ft\u0131\u011f\u0131nda, \u015farj cihaz\u0131 sadece ak\u00fcdeki dahili de\u015farj\u0131 kar\u015f\u0131layacak kadar ak\u0131m vermeye devam eder. Bu sayede ak\u00fcn\u00fcn s\u00fcrekli olarak tam dolu halde kalmas\u0131 ve ihtiya\u00e7 halinde nominal \u00e7\u0131k\u0131\u015f ak\u0131m\u0131n\u0131 \u00a0sa\u011flamas\u0131 garanti edilir.<\/p>\n<p>Ak\u00fcler i\u00e7in \u00f6nerilen \u015farj s\u00fcresi 10-12 saat aras\u0131ndad\u0131r. Kullan\u0131lacak olan ak\u00fc \u015farj cihaz\u0131n\u0131n ak\u0131m de\u011feri, ak\u00fcn\u00fcn nominal Amper-Saat de\u011ferinin y\u00fczde 10\u2019u kadar olmal\u0131d\u0131r.<\/p>\n<p>EBC 2420 Ak\u00fc \u015earj Cihaz\u0131, \u00e7\u0131k\u0131\u015f kat\u0131ndaki dahili diyot ile ters ba\u011flant\u0131 korumas\u0131na sahiptir. Ak\u00fc \u015earj cihaz\u0131n\u0131n \u00e7\u0131k\u0131\u015f\u0131 ters ba\u011fland\u0131\u011f\u0131nda cihaz herhangi bir hasar g\u00f6rmez ve ba\u011flant\u0131 d\u00fczelti\u011finde normal \u00e7al\u0131\u015fmas\u0131na devam eder.<\/p>\n<p>\u015earj Ar\u0131zas\u0131 \u00e7\u0131k\u0131\u015f\u0131 kuru kontak r\u00f6ledir. EBC 2420 Ak\u00fc \u015farj cihaz\u0131 ak\u00fcy\u00fc \u015farj edebilecek voltaj\u0131 ve ak\u0131m\u0131 sa\u011flad\u0131\u011f\u0131 s\u00fcrece bu kontak \u00e7\u0131k\u0131\u015flar\u0131 kapal\u0131 konumda kal\u0131r.<\/p>\n<p>Boost giri\u015fi, zaman i\u00e7inde ger\u00e7ekle\u015fen \u015farj-de\u015farj i\u015flemleri sonras\u0131nda, ak\u00fc h\u00fccreleri aras\u0131nda voltaj dengesizli\u011fi olu\u015fur. Bu dengesizlik, zamanla ak\u00fc kapasitesinin d\u00fc\u015fmesine ve \u00f6mr\u00fcn\u00fcn k\u0131salmas\u0131na sebebiyet verebilir. Boost \u00f6zelli\u011fi sayesinde ak\u00fcn\u00fcn h\u00fccreleri aras\u0131ndaki dengesizlik giderilebilir. EBC 2420 da Boost fonksiyonu ilgili giri\u015fe ak\u00fcn\u00fcn art\u0131 (-) ucu uygulanarak aktif edilir.<\/p>\n<p>EBC 2420&#8217;in \u015fasesi al\u00fcminyum ala\u015f\u0131ml\u0131 sa\u00e7tan imal edilmi\u015ftir. Montaj \u015fekli Ray montaj d\u0131r. Toplam a\u011f\u0131rl\u0131k yakla\u015f\u0131k 1860 gramd\u0131r.<\/p>\n<p><span id=\"features_lnk\" class=\"caption4 text3\">ANA \u00d6ZELL\u0130KLER<\/span><\/p>\n<ul>\n<li>Geni\u015f giri\u015f voltaj Aral\u0131\u011f\u0131 150 Vac ile 300 Vac,<\/li>\n<li>45 Hz ile 450 Hz giri\u015f frekans aral\u0131\u011f\u0131,<\/li>\n<li>250 Vdc ile 400 Vdc besleme voltaj\u0131 aral\u0131\u011f\u0131nda direkt olarak \u00e7al\u0131\u015fabilme,<\/li>\n<li>Ayarlanabilir \u00e7\u0131k\u0131\u015f voltaj\u0131 (25.5Vdc ile 30.0Vdc),<\/li>\n<li>20 Adc s\u00fcrekli \u00e7\u0131k\u0131\u015f ak\u0131m\u0131,<\/li>\n<li>K\u0131sa devre konumunda s\u00fcrekli olarak \u00e7al\u0131\u015fabilme,<\/li>\n<\/ul>\n<ul>\n<li>Y\u00fcksek \u00e7\u0131k\u0131\u015f voltaj\u0131 korumas\u0131,<\/li>\n<li>Daha y\u00fcksek \u00e7\u0131k\u0131\u015f ak\u0131m\u0131 ve yedeklemeyi sa\u011flamak i\u00e7in paralel ba\u011flanabilme,<\/li>\n<li>Daha y\u00fcksek \u00e7\u0131k\u0131\u015f voltaj\u0131 gereksinimi i\u00e7in seri ba\u011flanabilme,<\/li>\n<li>Fan i\u00e7ermeyen so\u011futma sistemi, tamamen konveksiyon so\u011futma,<\/li>\n<li><\/li>\n<li>Power derating y\u00f6ntemi ile s\u0131cakl\u0131k korumas\u0131,<\/li>\n<li>Sa\u011flaml\u0131k ve kolay montaj i\u00e7in al\u00fcminyum \u015fase,<\/li>\n<li>Ortalama verimlilik &gt;%86,<\/li>\n<\/ul>\n<ul>\n<li>Boost \u015earj fonksiyonu,<\/li>\n<li>Dahili diyot ile ters g\u00fc\u00e7 ve ters kutup korumas\u0131,<\/li>\n<li>Giri\u015f manyetik g\u00fcr\u00fclt\u00fc filtresi,<\/li>\n<li>Kuru Kontak alarm \u00e7\u0131k\u0131\u015f\u0131,<\/li>\n<li>T\u00fcm Kur\u015fun-asit ve Nikel-kadmiyum ak\u00fc tipleriyle uyumluluk (Ni-Cad ugulamas\u0131 sipari\u015f s\u0131ras\u0131nda belirtilmelidir)<\/li>\n<li>3 kademeli \u015farj prosesi<\/li>\n<\/ul>\n<p><strong>Sabit Ak\u0131m Modu<\/strong>\u00a0&#8211; ak\u00fc h\u00fccrelerini korumak i\u00e7in<\/p>\n<p><strong>Sabit Voltaj Modu<\/strong>\u00a0&#8211; \u015farj ak\u0131m\u0131n\u0131 azaltmak i\u00e7in<\/p>\n<p><strong>Tampon \u015earj Modu<\/strong>\u00a0&#8211; dahili de\u015farj\u0131 kompanse etmek i\u00e7in<\/p>\n<p><span id=\"benefits_lnk\" class=\"caption4 text3\">AVANTAJLAR<\/span><\/p>\n<ul>\n<li>SMPS teknolojisi sayesinde y\u00fcksek verimlilik sa\u011flan\u0131r ve \u0131s\u0131 yay\u0131l\u0131m\u0131 azalt\u0131l\u0131r bu sayede \u00fcnitenin ortalama \u00f6mr\u00fc ve g\u00fcvenilirli\u011fi artt\u0131r\u0131l\u0131r. Ayn\u0131 zamanda lineer g\u00fc\u00e7 kaynaklar\u0131na g\u00f6re daha hafif ve az yer kaplar.<\/li>\n<\/ul>\n<ul>\n<li>Hareketli par\u00e7a i\u00e7ermeyen tasar\u0131m\u0131 sayesinde, sars\u0131nt\u0131l\u0131 ortamlarda g\u00fcvenilir \u00e7al\u0131\u015fma sa\u011flar.<\/li>\n<\/ul>\n<ul>\n<li>Geni\u015f giri\u015f voltaj aral\u0131\u011f\u0131 sayesinde sa\u011fl\u0131ks\u0131z \u015febeke ko\u015fullar\u0131nda bile daha g\u00fcvenilir \u00e7al\u0131\u015fma ortam\u0131 sa\u011flar.<\/li>\n<\/ul>\n<ul>\n<li>D\u00fc\u015f\u00fck \u00e7\u0131k\u0131\u015f voltaj dalgalanmas\u0131 sayesinde iste\u011fe ba\u011fl\u0131 olarak G\u00fc\u00e7 Kayna\u011f\u0131 olarak da kullan\u0131labilir (Sipari\u015f s\u0131ras\u0131nda belirtilmeli)<\/li>\n<\/ul>\n<ul>\n<li>\u00dc\u00e7 kademeli \u015farj prosesi sayesinde ak\u00fcn\u00fcn \u00f6mr\u00fcn\u00fc uzat\u0131r ve s\u00fcrekli haz\u0131r konumda beklemesi sa\u011flan\u0131r.<\/li>\n<\/ul>\n<ul>\n<li>Donat\u0131ld\u0131\u011f\u0131 RFI filtre sayesinde kullan\u0131ld\u0131klar\u0131 cihazlara yayd\u0131klar\u0131 elektriksel g\u00fcr\u00fclt\u00fc (EMC) d\u00fczeyi minimum seviyede tutulur.<\/li>\n<\/ul>\n<ul>\n<li>\u00dczerinde bulunan ayar trimpotu sayesinde 25.5Vdc ile 30.0Vdc voltaj\u0131 aras\u0131nda\u00a0\u00e7\u0131k\u0131\u015f voltaj\u0131 de\u011fi\u015ftirilebilir.<\/li>\n<\/ul>\n<ul>\n<li>\u00c7\u0131k\u0131\u015f kat\u0131nda bulunan y\u00fcksek voltaj korumas\u0131, paralel ba\u011flanan di\u011fer \u00a0ekipmanlar\u0131n ar\u0131zalanmas\u0131ndan etkilenmemesini sa\u011flar.<\/li>\n<\/ul>\n<ul>\n<li>S\u0131cakl\u0131k korumas\u0131 sayesinde ak\u00fcn\u00fcn ve \u015farj cihaz\u0131n\u0131n ar\u0131zalanmas\u0131 ve bu sebeplerden dolay\u0131 \u00f6m\u00fcrlerinin h\u0131zl\u0131 azalmas\u0131 engellenir.<\/li>\n<\/ul>\n<ul>\n<li>\u00c7\u0131k\u0131\u015f kat\u0131nda bulunan y\u00fczde y\u00fcz k\u0131sa devre korumas\u0131 sayesinde ger\u00e7ek bir ak\u0131m kayna\u011f\u0131 olarak kullan\u0131labilir.<\/li>\n<\/ul>\n<ul>\n<li>Kullan\u0131c\u0131 taraf\u0131ndan kontrol edilen Boost \u015earj fonksiyonu sayesinde ak\u00fcn\u00fcn zaman i\u00e7inde d\u00fc\u015fen \u015farj kapasitesinin toparlanmas\u0131 sa\u011fland\u0131\u011f\u0131 gibi ak\u00fcn\u00fcn \u00f6mr\u00fcn\u00fcn uzamas\u0131 sa\u011flan\u0131r.<\/li>\n<\/ul>\n<ul>\n<li>\u015earj alarm \u00e7\u0131k\u0131\u015f\u0131 sayesinde, \u00e7al\u0131\u015fma durumu \u00a0di\u011fer ak\u0131ll\u0131 kontrol \u00fcniteleri taraf\u0131ndan izlenebilir. Dahili bulunan bir amperlik r\u00f6le sayesinde, 1 ampere kadar ekstra r\u00f6le gerektirmez.<\/li>\n<\/ul>\n<ul>\n<li>Dahili \u00e7\u0131k\u0131\u015f ters ba\u011flant\u0131 koruma sigortas\u0131 sayesinde, ters ba\u011flant\u0131 s\u0131ras\u0131nda cihaz\u0131n hasar g\u00f6rmesi engellenir.<\/li>\n<\/ul>\n<ul>\n<li>Paralel ve seri ba\u011flant\u0131 uyumu sayesinde daha y\u00fcksek ak\u0131m veya \u00e7\u0131k\u0131\u015f voltaj\u0131 ihtiya\u00e7lar\u0131nda h\u0131zl\u0131 ve g\u00fcvenilir \u00e7\u00f6z\u00fcmler sunar.<\/li>\n<\/ul>\n","protected":false},"excerpt":{"rendered":"<h2><strong>En iyi performans i\u00e7in kur\u015fun asit ak\u00fclerde 3 a\u015famal\u0131 \u015farj&#8230;\u00a0<\/strong><\/h2>\n<div>\n<h3>SMPS teknolojisi sayesinde maksimum verimlilik ve minimum \u0131s\u0131 yay\u0131l\u0131m\u0131 sa\u011flan\u0131r.<\/h3>\n<\/div>\n","protected":false},"featured_media":7640,"comment_status":"closed","ping_status":"closed","template":"","meta":[],"product_brand":[],"product_cat":[783,780],"product_tag":[],"class_list":{"0":"post-7646","1":"product","2":"type-product","3":"status-publish","4":"has-post-thumbnail","6":"product_cat-aku-sarj-uniteleri-ebc-serisi","7":"product_cat-enko-tr","9":"first","10":"instock","11":"shipping-taxable","12":"product-type-simple"},"yoast_head":"<!-- This site is optimized with the Yoast SEO plugin v24.3 - https:\/\/yoast.com\/wordpress\/plugins\/seo\/ -->\n<title>ENKO EBC 2420 - CSO TRADING<\/title>\n<meta name=\"robots\" content=\"index, follow, max-snippet:-1, max-image-preview:large, max-video-preview:-1\" \/>\n<link rel=\"canonical\" href=\"https:\/\/csotrading.com\/tr\/product\/enko-ebc-2420\/\" \/>\n<meta property=\"og:locale\" content=\"tr_TR\" \/>\n<meta property=\"og:type\" content=\"article\" \/>\n<meta property=\"og:title\" content=\"ENKO EBC 2420 - CSO TRADING\" \/>\n<meta property=\"og:description\" content=\"En iyi performans i\u00e7in kur\u015fun asit ak\u00fclerde 3 a\u015famal\u0131 \u015farj...\u00a0  SMPS teknolojisi sayesinde maksimum verimlilik ve minimum \u0131s\u0131 yay\u0131l\u0131m\u0131 sa\u011flan\u0131r.\" \/>\n<meta property=\"og:url\" content=\"https:\/\/csotrading.com\/tr\/product\/enko-ebc-2420\/\" \/>\n<meta property=\"og:site_name\" content=\"CSO TRADING\" \/>\n<meta property=\"og:image\" content=\"https:\/\/csotrading.com\/wp-content\/uploads\/2021\/06\/thumbnail-16.jpg\" \/>\n\t<meta property=\"og:image:width\" content=\"330\" \/>\n\t<meta property=\"og:image:height\" content=\"248\" \/>\n\t<meta property=\"og:image:type\" content=\"image\/jpeg\" \/>\n<meta name=\"twitter:card\" content=\"summary_large_image\" \/>\n<meta name=\"twitter:label1\" content=\"Tahmini okuma s\u00fcresi\" \/>\n\t<meta name=\"twitter:data1\" content=\"4 dakika\" \/>\n<script type=\"application\/ld+json\" class=\"yoast-schema-graph\">{\"@context\":\"https:\/\/schema.org\",\"@graph\":[{\"@type\":\"WebPage\",\"@id\":\"https:\/\/csotrading.com\/tr\/product\/enko-ebc-2420\/\",\"url\":\"https:\/\/csotrading.com\/tr\/product\/enko-ebc-2420\/\",\"name\":\"ENKO EBC 2420 - CSO TRADING\",\"isPartOf\":{\"@id\":\"https:\/\/csotrading.com\/#website\"},\"primaryImageOfPage\":{\"@id\":\"https:\/\/csotrading.com\/tr\/product\/enko-ebc-2420\/#primaryimage\"},\"image\":{\"@id\":\"https:\/\/csotrading.com\/tr\/product\/enko-ebc-2420\/#primaryimage\"},\"thumbnailUrl\":\"https:\/\/csotrading.com\/wp-content\/uploads\/2021\/06\/thumbnail-16.jpg\",\"datePublished\":\"2021-06-27T14:33:44+00:00\",\"dateModified\":\"2021-06-27T14:33:44+00:00\",\"breadcrumb\":{\"@id\":\"https:\/\/csotrading.com\/tr\/product\/enko-ebc-2420\/#breadcrumb\"},\"inLanguage\":\"tr\",\"potentialAction\":[{\"@type\":\"ReadAction\",\"target\":[\"https:\/\/csotrading.com\/tr\/product\/enko-ebc-2420\/\"]}]},{\"@type\":\"ImageObject\",\"inLanguage\":\"tr\",\"@id\":\"https:\/\/csotrading.com\/tr\/product\/enko-ebc-2420\/#primaryimage\",\"url\":\"https:\/\/csotrading.com\/wp-content\/uploads\/2021\/06\/thumbnail-16.jpg\",\"contentUrl\":\"https:\/\/csotrading.com\/wp-content\/uploads\/2021\/06\/thumbnail-16.jpg\",\"width\":330,\"height\":248},{\"@type\":\"BreadcrumbList\",\"@id\":\"https:\/\/csotrading.com\/tr\/product\/enko-ebc-2420\/#breadcrumb\",\"itemListElement\":[{\"@type\":\"ListItem\",\"position\":1,\"name\":\"Home\",\"item\":\"https:\/\/csotrading.com\/tr\/\"},{\"@type\":\"ListItem\",\"position\":2,\"name\":\"Ma\u011faza\",\"item\":\"https:\/\/csotrading.com\/magaza\/\"},{\"@type\":\"ListItem\",\"position\":3,\"name\":\"ENKO EBC 2420\"}]},{\"@type\":\"WebSite\",\"@id\":\"https:\/\/csotrading.com\/#website\",\"url\":\"https:\/\/csotrading.com\/\",\"name\":\"CSO TRADING\",\"description\":\"\",\"potentialAction\":[{\"@type\":\"SearchAction\",\"target\":{\"@type\":\"EntryPoint\",\"urlTemplate\":\"https:\/\/csotrading.com\/?s={search_term_string}\"},\"query-input\":{\"@type\":\"PropertyValueSpecification\",\"valueRequired\":true,\"valueName\":\"search_term_string\"}}],\"inLanguage\":\"tr\"}]}<\/script>\n<!-- \/ Yoast SEO plugin. -->","yoast_head_json":{"title":"ENKO EBC 2420 - CSO TRADING","robots":{"index":"index","follow":"follow","max-snippet":"max-snippet:-1","max-image-preview":"max-image-preview:large","max-video-preview":"max-video-preview:-1"},"canonical":"https:\/\/csotrading.com\/tr\/product\/enko-ebc-2420\/","og_locale":"tr_TR","og_type":"article","og_title":"ENKO EBC 2420 - CSO TRADING","og_description":"En iyi performans i\u00e7in kur\u015fun asit ak\u00fclerde 3 a\u015famal\u0131 \u015farj...\u00a0  SMPS teknolojisi sayesinde maksimum verimlilik ve minimum \u0131s\u0131 yay\u0131l\u0131m\u0131 sa\u011flan\u0131r.","og_url":"https:\/\/csotrading.com\/tr\/product\/enko-ebc-2420\/","og_site_name":"CSO TRADING","og_image":[{"width":330,"height":248,"url":"https:\/\/csotrading.com\/wp-content\/uploads\/2021\/06\/thumbnail-16.jpg","type":"image\/jpeg"}],"twitter_card":"summary_large_image","twitter_misc":{"Tahmini okuma s\u00fcresi":"4 dakika"},"schema":{"@context":"https:\/\/schema.org","@graph":[{"@type":"WebPage","@id":"https:\/\/csotrading.com\/tr\/product\/enko-ebc-2420\/","url":"https:\/\/csotrading.com\/tr\/product\/enko-ebc-2420\/","name":"ENKO EBC 2420 - CSO TRADING","isPartOf":{"@id":"https:\/\/csotrading.com\/#website"},"primaryImageOfPage":{"@id":"https:\/\/csotrading.com\/tr\/product\/enko-ebc-2420\/#primaryimage"},"image":{"@id":"https:\/\/csotrading.com\/tr\/product\/enko-ebc-2420\/#primaryimage"},"thumbnailUrl":"https:\/\/csotrading.com\/wp-content\/uploads\/2021\/06\/thumbnail-16.jpg","datePublished":"2021-06-27T14:33:44+00:00","dateModified":"2021-06-27T14:33:44+00:00","breadcrumb":{"@id":"https:\/\/csotrading.com\/tr\/product\/enko-ebc-2420\/#breadcrumb"},"inLanguage":"tr","potentialAction":[{"@type":"ReadAction","target":["https:\/\/csotrading.com\/tr\/product\/enko-ebc-2420\/"]}]},{"@type":"ImageObject","inLanguage":"tr","@id":"https:\/\/csotrading.com\/tr\/product\/enko-ebc-2420\/#primaryimage","url":"https:\/\/csotrading.com\/wp-content\/uploads\/2021\/06\/thumbnail-16.jpg","contentUrl":"https:\/\/csotrading.com\/wp-content\/uploads\/2021\/06\/thumbnail-16.jpg","width":330,"height":248},{"@type":"BreadcrumbList","@id":"https:\/\/csotrading.com\/tr\/product\/enko-ebc-2420\/#breadcrumb","itemListElement":[{"@type":"ListItem","position":1,"name":"Home","item":"https:\/\/csotrading.com\/tr\/"},{"@type":"ListItem","position":2,"name":"Ma\u011faza","item":"https:\/\/csotrading.com\/magaza\/"},{"@type":"ListItem","position":3,"name":"ENKO EBC 2420"}]},{"@type":"WebSite","@id":"https:\/\/csotrading.com\/#website","url":"https:\/\/csotrading.com\/","name":"CSO TRADING","description":"","potentialAction":[{"@type":"SearchAction","target":{"@type":"EntryPoint","urlTemplate":"https:\/\/csotrading.com\/?s={search_term_string}"},"query-input":{"@type":"PropertyValueSpecification","valueRequired":true,"valueName":"search_term_string"}}],"inLanguage":"tr"}]}},"_links":{"self":[{"href":"https:\/\/csotrading.com\/tr\/wp-json\/wp\/v2\/product\/7646"}],"collection":[{"href":"https:\/\/csotrading.com\/tr\/wp-json\/wp\/v2\/product"}],"about":[{"href":"https:\/\/csotrading.com\/tr\/wp-json\/wp\/v2\/types\/product"}],"replies":[{"embeddable":true,"href":"https:\/\/csotrading.com\/tr\/wp-json\/wp\/v2\/comments?post=7646"}],"wp:featuredmedia":[{"embeddable":true,"href":"https:\/\/csotrading.com\/tr\/wp-json\/wp\/v2\/media\/7640"}],"wp:attachment":[{"href":"https:\/\/csotrading.com\/tr\/wp-json\/wp\/v2\/media?parent=7646"}],"wp:term":[{"taxonomy":"product_brand","embeddable":true,"href":"https:\/\/csotrading.com\/tr\/wp-json\/wp\/v2\/product_brand?post=7646"},{"taxonomy":"product_cat","embeddable":true,"href":"https:\/\/csotrading.com\/tr\/wp-json\/wp\/v2\/product_cat?post=7646"},{"taxonomy":"product_tag","embeddable":true,"href":"https:\/\/csotrading.com\/tr\/wp-json\/wp\/v2\/product_tag?post=7646"}],"curies":[{"name":"wp","href":"https:\/\/api.w.org\/{rel}","templated":true}]}}