{"id":7623,"date":"2021-06-27T17:05:07","date_gmt":"2021-06-27T14:05:07","guid":{"rendered":"https:\/\/csotrading.com\/?post_type=product&#038;p=7623"},"modified":"2021-06-27T17:05:08","modified_gmt":"2021-06-27T14:05:08","slug":"enko-msu-5-1","status":"publish","type":"product","link":"https:\/\/csotrading.com\/tr\/product\/enko-msu-5-1\/","title":{"rendered":"ENKO MSU 5.1"},"content":{"rendered":"<p><span id=\"features_lnk\" class=\"caption4 text3\">ANA \u00d6ZELL\u0130KLER<\/span><\/p>\n<ul>\n<li>5 adet LED ekran ve 3 analog bar-graf g\u00f6sterge<\/li>\n<li>\u00d6n panelde LED alarm indikat\u00f6rleri<\/li>\n<li>Dizel motor ve alternat\u00f6r\u00fcn tam kontrol\u00fc ve korumas\u0131<\/li>\n<li>8 dijital giri\u015f portu (t\u00fcm\u00fc ayarlanabilir)<\/li>\n<li>3 analog giri\u015f portu<\/li>\n<li>6 dijital \u00e7\u0131k\u0131\u015f portu (4 adet ayarlanabilir, t\u00fcm \u00e7\u0131k\u0131\u015flar kuru kontak r\u00f6le)<\/li>\n<li>Otomatik, Manuel ve Test \u00e7al\u0131\u015fma modlar\u0131<\/li>\n<li>3 faz Jenerat\u00f6r voltaj\u0131 ve ak\u0131m\u0131 \u00f6l\u00e7\u00fcm\u00fc<\/li>\n<li>MCB ve GCB r\u00f6lelerinin otomatik veya manuel kontrol\u00fc<\/li>\n<li>KW, KVA, KVAr, KWh ve G\u00fc\u00e7 Fakt\u00f6r\u00fc \u00f6l\u00e7\u00fcmleri<\/li>\n<li>T\u00fcm \u00f6l\u00e7\u00fcmler TrueRMS olarak yap\u0131l\u0131r<\/li>\n<li>Motor \u00f6n-\u0131s\u0131tma fonksiyonu<\/li>\n<li>Uzaktan g\u00f6zlemleme ve programlama i\u00e7in RS232\/485 ModBUS RTU protokol\u00fc<\/li>\n<li>SMS mesaj fonksiyonu (GSM modem gerektirir)<\/li>\n<li>Manuel ve uzaktan \u00e7al\u0131\u015ft\u0131rma \u00f6zelli\u011fi<\/li>\n<li>T\u00fcm analog \u00f6l\u00e7\u00fcm giri\u015fleri dijital olarak kalibre edilebilir<\/li>\n<li>G\u00f6zlemleme ve sistem programlamas\u0131 i\u00e7in PC aray\u00fcz\u00fc, SCADA kontrol\u00fc<\/li>\n<li>Devir \u00f6l\u00e7\u00fcm\u00fc i\u00e7in CANBus ve Manyetik Pick-up giri\u015fi<\/li>\n<li>Bas\u0131n\u00e7 ve s\u0131cakl\u0131k sens\u00f6rleri i\u00e7in karakteristik adaptasyon tablosu<\/li>\n<li>Uzaktan \u00e7al\u0131\u015ft\u0131rma \/ durdurma aray\u00fcz\u00fc<\/li>\n<li>6 adet motor ve 6 adet bak\u0131m zaman\u0131 sayac\u0131<\/li>\n<li>Ger\u00e7ek zamanl\u0131 saat<\/li>\n<li>Tarih ve zaman damgal\u0131 olay kayd\u0131 (Son 50 olay)<\/li>\n<li>Tarih ve zaman damgal\u0131 alarm kayd\u0131 (Son 30 olay)<\/li>\n<li>AT+T uyumlu modem aray\u00fcz\u00fc<\/li>\n<li>TTL haberle\u015fme portu<\/li>\n<li>Izoleli RS485 haberle\u015fme portu<\/li>\n<li>CanBUS \/ J1939 haberle\u015fme portu<\/li>\n<li>Uzaktan izleme fonksiyonu<\/li>\n<li>Faz s\u0131ras\u0131 korumas\u0131<\/li>\n<li>Ters g\u00fc\u00e7 korumas\u0131<\/li>\n<li>Toprak ak\u0131m\u0131 \u00f6l\u00e7\u00fcm\u00fc<\/li>\n<li>Ayarlanabilir haftal\u0131k \/ ayl\u0131k \u00e7al\u0131\u015fma program\u0131<\/li>\n<li>Men\u00fcden programlanabilen otomatik alarm onaylama fonksiyonu<\/li>\n<li>Elektronik motor uyumlu (ECU haberle\u015fmesi \u00f6zelli\u011fi)<\/li>\n<li>Toprak s\u0131z\u0131nt\u0131s\u0131 \u00f6l\u00e7\u00fcm\u00fc<\/li>\n<li>Geni\u015f \u00e7al\u0131\u015fma aral\u0131\u011f\u0131 (-35C ile +70C aras\u0131)<\/li>\n<li>IP52 \u00f6n panel korumas\u0131<\/li>\n<\/ul>\n<p><span id=\"benefits_lnk\" class=\"caption4 text3\">AVANTAJLAR<\/span><\/p>\n<ul>\n<li>3 seviyeli \u015fifre korumas\u0131 normal kullan\u0131c\u0131 ile deneyimli teknisyenin birbirinden farkl\u0131 seviyelerdeki men\u00fclere ula\u015fmas\u0131n\u0131 sa\u011flar<\/li>\n<li>SMS g\u00f6nderimi ile kolayca sistemin durumu g\u00f6zlemlenebilir veya herhangi bir parametre g\u00f6zlemlenebilir \/ de\u011fi\u015ftirilebilir<\/li>\n<li>Parametreler ister \u00f6n panelden, isterse \u00fccretsiz olarak sa\u011flanan ENKO Pro-Link PC Configuration Suite arac\u0131l\u0131\u011f\u0131 ile PC \u00fczerinden g\u00f6zlemlenebilir \/ de\u011fi\u015ftirilebilir<\/li>\n<li>Telekom gibi \u00f6zel uygulamalarda kullan\u0131lmak \u00fczere adanm\u0131\u015f dahili fonksiyonlar<\/li>\n<li>Dahili r\u00f6leli \u00e7\u0131k\u0131\u015flar, panoda harici r\u00f6le kullanma gereksinimini ortadan kald\u0131r\u0131r<\/li>\n<li>Panel \u00fczerinde bulunan 5 adet LED ekran zorlu \u00e7al\u0131\u015fma ko\u015fullar\u0131 alt\u0131nda sorunsuz operasyon sa\u011flar<\/li>\n<li>Uzaktan \u00e7al\u0131\u015ft\u0131rma \/ durdurma fonksiyonu kontrol panelinin uzaktan kullan\u0131m\u0131n\u0131 sa\u011flar<\/li>\n<li>Tarih ve saat damgal\u0131 alarm ve olay kay\u0131tlar\u0131, kullan\u0131c\u0131ya daha h\u0131zl\u0131 ve daha kolay sorun \u00e7\u00f6zme ve bak\u0131m olanaklar\u0131 sa\u011flar<\/li>\n<li>Jenerat\u00f6r\u00fc test etmek veya \u00e7al\u0131\u015f\u0131r durumda olmas\u0131n\u0131 sa\u011flamak amac\u0131 ile programlanabilen haftal\u0131k \/ ayl\u0131k \u00e7al\u0131\u015fma takvimleri<\/li>\n<li>Toprak ak\u0131m\u0131 \u00f6l\u00e7\u00fcm\u00fc sayesinde toprak s\u0131z\u0131nt\u0131s\u0131ndan kaynaklanan enerj\u0131 kayb\u0131 hesaplanan\u0131r ve ekranda g\u00f6sterilir<\/li>\n<li>CanBUS \/ J1939 arac\u0131l\u0131\u011f\u0131 ile ECU ile haberle\u015fme sa\u011f\u015fanabilir ve \u00f6nceden y\u00fcklenmi\u015f motor konfig\u00fcrasyonlar\u0131 sayesinde h\u0131zl\u0131 ve kolayca kurulabilir<\/li>\n<li>Ayarlanabilir giri\u015f \u00e7\u0131k\u0131\u015f portlar\u0131 farkl\u0131 uygulamalar i\u00e7in ki\u015fiselle\u015ftirilmi\u015f \u00e7\u00f6z\u00fcmler sunar ve PC yaz\u0131l\u0131m\u0131 sayesinde \u00f6nceden belirlenmi\u015f y\u00fczlerce fonksiyon aras\u0131ndan kolayca atanabilir<\/li>\n<\/ul>\n","protected":false},"excerpt":{"rendered":"<h2><strong>Y\u00fcksek performans ve kullan\u0131c\u0131 dostu aray\u00fcz. \u0130leri seviye kontrol uygulamamalar\u0131 i\u00e7in esnek program men\u00fcs\u00fc<\/strong><\/h2>\n<h3>MSU 5.1 y\u00fcksek derecede entegrasyon esnekli\u011fi ve sahada g\u00f6zlem gerektiren Gen-set kontrol uygulamalar\u0131 i\u00e7in ak\u0131ll\u0131 fonksiyonlar sunar.<\/h3>\n","protected":false},"featured_media":7615,"comment_status":"closed","ping_status":"closed","template":"","meta":[],"product_brand":[],"product_cat":[780,782],"product_tag":[],"class_list":{"0":"post-7623","1":"product","2":"type-product","3":"status-publish","4":"has-post-thumbnail","6":"product_cat-enko-tr","7":"product_cat-manuel-start-uniteleri-msu-serisi","9":"first","10":"instock","11":"shipping-taxable","12":"product-type-simple"},"yoast_head":"<!-- This site is optimized with the Yoast SEO plugin v24.3 - https:\/\/yoast.com\/wordpress\/plugins\/seo\/ -->\n<title>ENKO MSU 5.1 - CSO TRADING<\/title>\n<meta name=\"robots\" content=\"index, follow, max-snippet:-1, max-image-preview:large, max-video-preview:-1\" \/>\n<link rel=\"canonical\" href=\"https:\/\/csotrading.com\/tr\/product\/enko-msu-5-1\/\" \/>\n<meta property=\"og:locale\" content=\"tr_TR\" \/>\n<meta property=\"og:type\" content=\"article\" \/>\n<meta property=\"og:title\" content=\"ENKO MSU 5.1 - CSO TRADING\" \/>\n<meta property=\"og:description\" content=\"Y\u00fcksek performans ve kullan\u0131c\u0131 dostu aray\u00fcz. \u0130leri seviye kontrol uygulamamalar\u0131 i\u00e7in esnek program men\u00fcs\u00fc MSU 5.1 y\u00fcksek derecede entegrasyon esnekli\u011fi ve sahada g\u00f6zlem gerektiren Gen-set kontrol uygulamalar\u0131 i\u00e7in ak\u0131ll\u0131 fonksiyonlar sunar.\" \/>\n<meta property=\"og:url\" content=\"https:\/\/csotrading.com\/tr\/product\/enko-msu-5-1\/\" \/>\n<meta property=\"og:site_name\" content=\"CSO TRADING\" \/>\n<meta property=\"article:modified_time\" content=\"2021-06-27T14:05:08+00:00\" \/>\n<meta property=\"og:image\" content=\"https:\/\/csotrading.com\/wp-content\/uploads\/2021\/06\/thumbnail-10.jpg\" \/>\n\t<meta property=\"og:image:width\" content=\"330\" \/>\n\t<meta property=\"og:image:height\" content=\"248\" \/>\n\t<meta property=\"og:image:type\" content=\"image\/jpeg\" \/>\n<meta name=\"twitter:card\" content=\"summary_large_image\" \/>\n<meta name=\"twitter:label1\" content=\"Tahmini okuma s\u00fcresi\" \/>\n\t<meta name=\"twitter:data1\" content=\"2 dakika\" \/>\n<script type=\"application\/ld+json\" class=\"yoast-schema-graph\">{\"@context\":\"https:\/\/schema.org\",\"@graph\":[{\"@type\":\"WebPage\",\"@id\":\"https:\/\/csotrading.com\/tr\/product\/enko-msu-5-1\/\",\"url\":\"https:\/\/csotrading.com\/tr\/product\/enko-msu-5-1\/\",\"name\":\"ENKO MSU 5.1 - CSO TRADING\",\"isPartOf\":{\"@id\":\"https:\/\/csotrading.com\/#website\"},\"primaryImageOfPage\":{\"@id\":\"https:\/\/csotrading.com\/tr\/product\/enko-msu-5-1\/#primaryimage\"},\"image\":{\"@id\":\"https:\/\/csotrading.com\/tr\/product\/enko-msu-5-1\/#primaryimage\"},\"thumbnailUrl\":\"https:\/\/csotrading.com\/wp-content\/uploads\/2021\/06\/thumbnail-10.jpg\",\"datePublished\":\"2021-06-27T14:05:07+00:00\",\"dateModified\":\"2021-06-27T14:05:08+00:00\",\"breadcrumb\":{\"@id\":\"https:\/\/csotrading.com\/tr\/product\/enko-msu-5-1\/#breadcrumb\"},\"inLanguage\":\"tr\",\"potentialAction\":[{\"@type\":\"ReadAction\",\"target\":[\"https:\/\/csotrading.com\/tr\/product\/enko-msu-5-1\/\"]}]},{\"@type\":\"ImageObject\",\"inLanguage\":\"tr\",\"@id\":\"https:\/\/csotrading.com\/tr\/product\/enko-msu-5-1\/#primaryimage\",\"url\":\"https:\/\/csotrading.com\/wp-content\/uploads\/2021\/06\/thumbnail-10.jpg\",\"contentUrl\":\"https:\/\/csotrading.com\/wp-content\/uploads\/2021\/06\/thumbnail-10.jpg\",\"width\":330,\"height\":248},{\"@type\":\"BreadcrumbList\",\"@id\":\"https:\/\/csotrading.com\/tr\/product\/enko-msu-5-1\/#breadcrumb\",\"itemListElement\":[{\"@type\":\"ListItem\",\"position\":1,\"name\":\"Home\",\"item\":\"https:\/\/csotrading.com\/tr\/\"},{\"@type\":\"ListItem\",\"position\":2,\"name\":\"Ma\u011faza\",\"item\":\"https:\/\/csotrading.com\/magaza\/\"},{\"@type\":\"ListItem\",\"position\":3,\"name\":\"ENKO MSU 5.1\"}]},{\"@type\":\"WebSite\",\"@id\":\"https:\/\/csotrading.com\/#website\",\"url\":\"https:\/\/csotrading.com\/\",\"name\":\"CSO TRADING\",\"description\":\"\",\"potentialAction\":[{\"@type\":\"SearchAction\",\"target\":{\"@type\":\"EntryPoint\",\"urlTemplate\":\"https:\/\/csotrading.com\/?s={search_term_string}\"},\"query-input\":{\"@type\":\"PropertyValueSpecification\",\"valueRequired\":true,\"valueName\":\"search_term_string\"}}],\"inLanguage\":\"tr\"}]}<\/script>\n<!-- \/ Yoast SEO plugin. -->","yoast_head_json":{"title":"ENKO MSU 5.1 - CSO TRADING","robots":{"index":"index","follow":"follow","max-snippet":"max-snippet:-1","max-image-preview":"max-image-preview:large","max-video-preview":"max-video-preview:-1"},"canonical":"https:\/\/csotrading.com\/tr\/product\/enko-msu-5-1\/","og_locale":"tr_TR","og_type":"article","og_title":"ENKO MSU 5.1 - CSO TRADING","og_description":"Y\u00fcksek performans ve kullan\u0131c\u0131 dostu aray\u00fcz. \u0130leri seviye kontrol uygulamamalar\u0131 i\u00e7in esnek program men\u00fcs\u00fc MSU 5.1 y\u00fcksek derecede entegrasyon esnekli\u011fi ve sahada g\u00f6zlem gerektiren Gen-set kontrol uygulamalar\u0131 i\u00e7in ak\u0131ll\u0131 fonksiyonlar sunar.","og_url":"https:\/\/csotrading.com\/tr\/product\/enko-msu-5-1\/","og_site_name":"CSO TRADING","article_modified_time":"2021-06-27T14:05:08+00:00","og_image":[{"width":330,"height":248,"url":"https:\/\/csotrading.com\/wp-content\/uploads\/2021\/06\/thumbnail-10.jpg","type":"image\/jpeg"}],"twitter_card":"summary_large_image","twitter_misc":{"Tahmini okuma s\u00fcresi":"2 dakika"},"schema":{"@context":"https:\/\/schema.org","@graph":[{"@type":"WebPage","@id":"https:\/\/csotrading.com\/tr\/product\/enko-msu-5-1\/","url":"https:\/\/csotrading.com\/tr\/product\/enko-msu-5-1\/","name":"ENKO MSU 5.1 - CSO TRADING","isPartOf":{"@id":"https:\/\/csotrading.com\/#website"},"primaryImageOfPage":{"@id":"https:\/\/csotrading.com\/tr\/product\/enko-msu-5-1\/#primaryimage"},"image":{"@id":"https:\/\/csotrading.com\/tr\/product\/enko-msu-5-1\/#primaryimage"},"thumbnailUrl":"https:\/\/csotrading.com\/wp-content\/uploads\/2021\/06\/thumbnail-10.jpg","datePublished":"2021-06-27T14:05:07+00:00","dateModified":"2021-06-27T14:05:08+00:00","breadcrumb":{"@id":"https:\/\/csotrading.com\/tr\/product\/enko-msu-5-1\/#breadcrumb"},"inLanguage":"tr","potentialAction":[{"@type":"ReadAction","target":["https:\/\/csotrading.com\/tr\/product\/enko-msu-5-1\/"]}]},{"@type":"ImageObject","inLanguage":"tr","@id":"https:\/\/csotrading.com\/tr\/product\/enko-msu-5-1\/#primaryimage","url":"https:\/\/csotrading.com\/wp-content\/uploads\/2021\/06\/thumbnail-10.jpg","contentUrl":"https:\/\/csotrading.com\/wp-content\/uploads\/2021\/06\/thumbnail-10.jpg","width":330,"height":248},{"@type":"BreadcrumbList","@id":"https:\/\/csotrading.com\/tr\/product\/enko-msu-5-1\/#breadcrumb","itemListElement":[{"@type":"ListItem","position":1,"name":"Home","item":"https:\/\/csotrading.com\/tr\/"},{"@type":"ListItem","position":2,"name":"Ma\u011faza","item":"https:\/\/csotrading.com\/magaza\/"},{"@type":"ListItem","position":3,"name":"ENKO MSU 5.1"}]},{"@type":"WebSite","@id":"https:\/\/csotrading.com\/#website","url":"https:\/\/csotrading.com\/","name":"CSO TRADING","description":"","potentialAction":[{"@type":"SearchAction","target":{"@type":"EntryPoint","urlTemplate":"https:\/\/csotrading.com\/?s={search_term_string}"},"query-input":{"@type":"PropertyValueSpecification","valueRequired":true,"valueName":"search_term_string"}}],"inLanguage":"tr"}]}},"_links":{"self":[{"href":"https:\/\/csotrading.com\/tr\/wp-json\/wp\/v2\/product\/7623"}],"collection":[{"href":"https:\/\/csotrading.com\/tr\/wp-json\/wp\/v2\/product"}],"about":[{"href":"https:\/\/csotrading.com\/tr\/wp-json\/wp\/v2\/types\/product"}],"replies":[{"embeddable":true,"href":"https:\/\/csotrading.com\/tr\/wp-json\/wp\/v2\/comments?post=7623"}],"wp:featuredmedia":[{"embeddable":true,"href":"https:\/\/csotrading.com\/tr\/wp-json\/wp\/v2\/media\/7615"}],"wp:attachment":[{"href":"https:\/\/csotrading.com\/tr\/wp-json\/wp\/v2\/media?parent=7623"}],"wp:term":[{"taxonomy":"product_brand","embeddable":true,"href":"https:\/\/csotrading.com\/tr\/wp-json\/wp\/v2\/product_brand?post=7623"},{"taxonomy":"product_cat","embeddable":true,"href":"https:\/\/csotrading.com\/tr\/wp-json\/wp\/v2\/product_cat?post=7623"},{"taxonomy":"product_tag","embeddable":true,"href":"https:\/\/csotrading.com\/tr\/wp-json\/wp\/v2\/product_tag?post=7623"}],"curies":[{"name":"wp","href":"https:\/\/api.w.org\/{rel}","templated":true}]}}