{"id":7622,"date":"2021-06-27T17:03:56","date_gmt":"2021-06-27T14:03:56","guid":{"rendered":"https:\/\/csotrading.com\/?post_type=product&#038;p=7622"},"modified":"2021-06-27T17:03:57","modified_gmt":"2021-06-27T14:03:57","slug":"enko-msu-4-0","status":"publish","type":"product","link":"https:\/\/csotrading.com\/tr\/product\/enko-msu-4-0\/","title":{"rendered":"ENKO MSU 4.0"},"content":{"rendered":"<p>MSU4.0 Otomatik\/Manuel Start kontrol \u00fcnitesi \u015febeke g\u00f6zlemi gerektirmeyen tek jenerat\u00f6rl\u00fc sistemler i\u00e7in tasarlanm\u0131\u015ft\u0131r. Kontrol \u00fcnitesi, Dizel motoru g\u00fcvenli bir \u015fekilde \u00e7al\u0131\u015ft\u0131rmak ve motor parametrelerinin kontrol\u00fcn\u00fc sa\u011flarken, alternat\u00f6r voltaj\u0131 ve y\u00fck ak\u0131m\u0131n\u0131 da g\u00f6zlemlemek i\u00e7in gerekli t\u00fcm fonksiyonlara sahiptir.<\/p>\n<p>T\u00fcm voltaj ve ak\u0131m de\u011ferleri True RMS olarak \u00f6l\u00e7\u00fcl\u00fcr ve panel \u00fczerinde g\u00f6sterilir. Panel \u00fczerinde ek \u00f6l\u00e7\u00fcm \u00fcnitelerine gerek kalmaz. Ayn\u0131 zamanda y\u00fck g\u00fcc\u00fcde \u00f6l\u00e7\u00fcl\u00fcr ve panelde g\u00f6sterilir. Kullan\u0131c\u0131 bu de\u011ferler \u00fczerinde fonksiyonlar \u00e7al\u0131\u015ft\u0131rabilir.<\/p>\n<p>\u00dcnite ayn\u0131 zamanda motor degerlerinin g\u00f6zlemini ve gerekli olan t\u00fcm korumay\u0131 sa\u011flar. Motor s\u0131cakl\u0131\u011f\u0131 ve ya\u011f bas\u0131nc\u0131 panelin \u00f6n y\u00fcz\u00fcnde analog bar-graflarla g\u00f6sterilir ve bu sayede panonun \u00fczerinde ek g\u00f6sterge kullan\u0131m\u0131n\u0131 azalt\u0131r. \u00d6n-\u0131s\u0131tma fonksiyonu, a\u015f\u0131r\u0131 so\u011fuk havalarda g\u00fcvenli \u00e7al\u0131\u015fma sa\u011flar.<\/p>\n<p>DC ak\u00fc voltaj\u0131 \u00f6l\u00e7\u00fcl\u00fcr ve panelin \u00f6n y\u00fcz\u00fcnde g\u00f6sterilir. Ak\u00fcn\u00fcn besleme voltaj\u0131na g\u00f6re alarmlar atanabilir. T\u00fcm alarmlar\u0131n kaydedilmesinin yan\u0131 s\u0131ra son 10 alarm, panel \u00fczerinde bulunan ge\u00e7mi\u015f alarm kay\u0131tlar\u0131 men\u00fcs\u00fcnden g\u00f6r\u00fclebilir.<\/p>\n<p>MSU4.0 uzaktan \u00e7al\u0131\u015fma giri\u015fi fonksiyonu ile uzaktan kontrol edilebilir, bu sayede Gen-Set ba\u015fka sistemler arac\u0131l\u0131\u011f\u0131yla kontrol edilebilir. Motor \u00e7al\u0131\u015fma saati sistem haf\u0131zas\u0131nda kay\u0131t edilir. Ayn\u0131 zamanda y\u00fck g\u00fcc\u00fc de \u00f6l\u00e7\u00fcl\u00fcr ve kay\u0131t edilir, ve kullan\u0131c\u0131 bu \u00f6l\u00e7\u00fcmler \u00fczerinde \u00f6zel fonksiyonlar aktive edebilir.<\/p>\n<p>Motor i\u00e7in periyodik servis zaman\u0131 atanabilir. MSU4.0&#8217;de kullan\u0131c\u0131 ihtiya\u00e7lar\u0131na g\u00f6re ayarlanabilen giri\u015f \u00e7\u0131k\u0131\u015flar mevcuttur. Men\u00fc \u00fczerinden analog \u00f6l\u00e7\u00fcm giri\u015fi kalibrasyonu yap\u0131labilir ve \u00fcnitenin kal\u0131b\u0131n\u0131 a\u00e7maya gerek yoktur. Panel \u00fczerinde bulunan 5 adet dijital g\u00f6sterge sayesinde ayn\u0131 anda en kritik parametreler g\u00f6zlemlenebilir ve bu sayede \u00f6n panelden kolay takip sa\u011flan\u0131r.<\/p>\n<p>&nbsp;<\/p>\n","protected":false},"excerpt":{"rendered":"<h2><strong>Dizel Jenerat\u00f6ler i\u00e7in esnek start ve kontrol fonsiyonlar\u0131 sunar&#8230;<\/strong><\/h2>\n<h3>MSU4.0 kontrol paneli \u015febeke kontrol\u00fc gerektirmeyen uygulamalarda Gen-Set\u2019ler i\u00e7in kapsaml\u0131 start ve kontrol fonksiyonlar\u0131 sa\u011flar.<\/h3>\n","protected":false},"featured_media":7613,"comment_status":"closed","ping_status":"closed","template":"","meta":[],"product_brand":[],"product_cat":[780,782],"product_tag":[],"class_list":{"0":"post-7622","1":"product","2":"type-product","3":"status-publish","4":"has-post-thumbnail","6":"product_cat-enko-tr","7":"product_cat-manuel-start-uniteleri-msu-serisi","9":"first","10":"instock","11":"shipping-taxable","12":"product-type-simple"},"yoast_head":"<!-- This site is optimized with the Yoast SEO plugin v24.3 - https:\/\/yoast.com\/wordpress\/plugins\/seo\/ -->\n<title>ENKO MSU 4.0 - CSO TRADING<\/title>\n<meta name=\"robots\" content=\"index, follow, max-snippet:-1, max-image-preview:large, max-video-preview:-1\" \/>\n<link rel=\"canonical\" href=\"https:\/\/csotrading.com\/tr\/product\/enko-msu-4-0\/\" \/>\n<meta property=\"og:locale\" content=\"tr_TR\" \/>\n<meta property=\"og:type\" content=\"article\" \/>\n<meta property=\"og:title\" content=\"ENKO MSU 4.0 - CSO TRADING\" \/>\n<meta property=\"og:description\" content=\"Dizel Jenerat\u00f6ler i\u00e7in esnek start ve kontrol fonsiyonlar\u0131 sunar... MSU4.0 kontrol paneli \u015febeke kontrol\u00fc gerektirmeyen uygulamalarda Gen-Set\u2019ler i\u00e7in kapsaml\u0131 start ve kontrol fonksiyonlar\u0131 sa\u011flar.\" \/>\n<meta property=\"og:url\" content=\"https:\/\/csotrading.com\/tr\/product\/enko-msu-4-0\/\" \/>\n<meta property=\"og:site_name\" content=\"CSO TRADING\" \/>\n<meta property=\"article:modified_time\" content=\"2021-06-27T14:03:57+00:00\" \/>\n<meta property=\"og:image\" content=\"https:\/\/csotrading.com\/wp-content\/uploads\/2021\/06\/thumbnail-9.jpg\" \/>\n\t<meta property=\"og:image:width\" content=\"330\" \/>\n\t<meta property=\"og:image:height\" content=\"248\" \/>\n\t<meta property=\"og:image:type\" content=\"image\/jpeg\" \/>\n<meta name=\"twitter:card\" content=\"summary_large_image\" \/>\n<meta name=\"twitter:label1\" content=\"Tahmini okuma s\u00fcresi\" \/>\n\t<meta name=\"twitter:data1\" content=\"2 dakika\" \/>\n<script type=\"application\/ld+json\" class=\"yoast-schema-graph\">{\"@context\":\"https:\/\/schema.org\",\"@graph\":[{\"@type\":\"WebPage\",\"@id\":\"https:\/\/csotrading.com\/tr\/product\/enko-msu-4-0\/\",\"url\":\"https:\/\/csotrading.com\/tr\/product\/enko-msu-4-0\/\",\"name\":\"ENKO MSU 4.0 - CSO TRADING\",\"isPartOf\":{\"@id\":\"https:\/\/csotrading.com\/#website\"},\"primaryImageOfPage\":{\"@id\":\"https:\/\/csotrading.com\/tr\/product\/enko-msu-4-0\/#primaryimage\"},\"image\":{\"@id\":\"https:\/\/csotrading.com\/tr\/product\/enko-msu-4-0\/#primaryimage\"},\"thumbnailUrl\":\"https:\/\/csotrading.com\/wp-content\/uploads\/2021\/06\/thumbnail-9.jpg\",\"datePublished\":\"2021-06-27T14:03:56+00:00\",\"dateModified\":\"2021-06-27T14:03:57+00:00\",\"breadcrumb\":{\"@id\":\"https:\/\/csotrading.com\/tr\/product\/enko-msu-4-0\/#breadcrumb\"},\"inLanguage\":\"tr\",\"potentialAction\":[{\"@type\":\"ReadAction\",\"target\":[\"https:\/\/csotrading.com\/tr\/product\/enko-msu-4-0\/\"]}]},{\"@type\":\"ImageObject\",\"inLanguage\":\"tr\",\"@id\":\"https:\/\/csotrading.com\/tr\/product\/enko-msu-4-0\/#primaryimage\",\"url\":\"https:\/\/csotrading.com\/wp-content\/uploads\/2021\/06\/thumbnail-9.jpg\",\"contentUrl\":\"https:\/\/csotrading.com\/wp-content\/uploads\/2021\/06\/thumbnail-9.jpg\",\"width\":330,\"height\":248},{\"@type\":\"BreadcrumbList\",\"@id\":\"https:\/\/csotrading.com\/tr\/product\/enko-msu-4-0\/#breadcrumb\",\"itemListElement\":[{\"@type\":\"ListItem\",\"position\":1,\"name\":\"Home\",\"item\":\"https:\/\/csotrading.com\/tr\/\"},{\"@type\":\"ListItem\",\"position\":2,\"name\":\"Ma\u011faza\",\"item\":\"https:\/\/csotrading.com\/magaza\/\"},{\"@type\":\"ListItem\",\"position\":3,\"name\":\"ENKO MSU 4.0\"}]},{\"@type\":\"WebSite\",\"@id\":\"https:\/\/csotrading.com\/#website\",\"url\":\"https:\/\/csotrading.com\/\",\"name\":\"CSO TRADING\",\"description\":\"\",\"potentialAction\":[{\"@type\":\"SearchAction\",\"target\":{\"@type\":\"EntryPoint\",\"urlTemplate\":\"https:\/\/csotrading.com\/?s={search_term_string}\"},\"query-input\":{\"@type\":\"PropertyValueSpecification\",\"valueRequired\":true,\"valueName\":\"search_term_string\"}}],\"inLanguage\":\"tr\"}]}<\/script>\n<!-- \/ Yoast SEO plugin. -->","yoast_head_json":{"title":"ENKO MSU 4.0 - CSO TRADING","robots":{"index":"index","follow":"follow","max-snippet":"max-snippet:-1","max-image-preview":"max-image-preview:large","max-video-preview":"max-video-preview:-1"},"canonical":"https:\/\/csotrading.com\/tr\/product\/enko-msu-4-0\/","og_locale":"tr_TR","og_type":"article","og_title":"ENKO MSU 4.0 - CSO TRADING","og_description":"Dizel Jenerat\u00f6ler i\u00e7in esnek start ve kontrol fonsiyonlar\u0131 sunar... MSU4.0 kontrol paneli \u015febeke kontrol\u00fc gerektirmeyen uygulamalarda Gen-Set\u2019ler i\u00e7in kapsaml\u0131 start ve kontrol fonksiyonlar\u0131 sa\u011flar.","og_url":"https:\/\/csotrading.com\/tr\/product\/enko-msu-4-0\/","og_site_name":"CSO TRADING","article_modified_time":"2021-06-27T14:03:57+00:00","og_image":[{"width":330,"height":248,"url":"https:\/\/csotrading.com\/wp-content\/uploads\/2021\/06\/thumbnail-9.jpg","type":"image\/jpeg"}],"twitter_card":"summary_large_image","twitter_misc":{"Tahmini okuma s\u00fcresi":"2 dakika"},"schema":{"@context":"https:\/\/schema.org","@graph":[{"@type":"WebPage","@id":"https:\/\/csotrading.com\/tr\/product\/enko-msu-4-0\/","url":"https:\/\/csotrading.com\/tr\/product\/enko-msu-4-0\/","name":"ENKO MSU 4.0 - CSO TRADING","isPartOf":{"@id":"https:\/\/csotrading.com\/#website"},"primaryImageOfPage":{"@id":"https:\/\/csotrading.com\/tr\/product\/enko-msu-4-0\/#primaryimage"},"image":{"@id":"https:\/\/csotrading.com\/tr\/product\/enko-msu-4-0\/#primaryimage"},"thumbnailUrl":"https:\/\/csotrading.com\/wp-content\/uploads\/2021\/06\/thumbnail-9.jpg","datePublished":"2021-06-27T14:03:56+00:00","dateModified":"2021-06-27T14:03:57+00:00","breadcrumb":{"@id":"https:\/\/csotrading.com\/tr\/product\/enko-msu-4-0\/#breadcrumb"},"inLanguage":"tr","potentialAction":[{"@type":"ReadAction","target":["https:\/\/csotrading.com\/tr\/product\/enko-msu-4-0\/"]}]},{"@type":"ImageObject","inLanguage":"tr","@id":"https:\/\/csotrading.com\/tr\/product\/enko-msu-4-0\/#primaryimage","url":"https:\/\/csotrading.com\/wp-content\/uploads\/2021\/06\/thumbnail-9.jpg","contentUrl":"https:\/\/csotrading.com\/wp-content\/uploads\/2021\/06\/thumbnail-9.jpg","width":330,"height":248},{"@type":"BreadcrumbList","@id":"https:\/\/csotrading.com\/tr\/product\/enko-msu-4-0\/#breadcrumb","itemListElement":[{"@type":"ListItem","position":1,"name":"Home","item":"https:\/\/csotrading.com\/tr\/"},{"@type":"ListItem","position":2,"name":"Ma\u011faza","item":"https:\/\/csotrading.com\/magaza\/"},{"@type":"ListItem","position":3,"name":"ENKO MSU 4.0"}]},{"@type":"WebSite","@id":"https:\/\/csotrading.com\/#website","url":"https:\/\/csotrading.com\/","name":"CSO TRADING","description":"","potentialAction":[{"@type":"SearchAction","target":{"@type":"EntryPoint","urlTemplate":"https:\/\/csotrading.com\/?s={search_term_string}"},"query-input":{"@type":"PropertyValueSpecification","valueRequired":true,"valueName":"search_term_string"}}],"inLanguage":"tr"}]}},"_links":{"self":[{"href":"https:\/\/csotrading.com\/tr\/wp-json\/wp\/v2\/product\/7622"}],"collection":[{"href":"https:\/\/csotrading.com\/tr\/wp-json\/wp\/v2\/product"}],"about":[{"href":"https:\/\/csotrading.com\/tr\/wp-json\/wp\/v2\/types\/product"}],"replies":[{"embeddable":true,"href":"https:\/\/csotrading.com\/tr\/wp-json\/wp\/v2\/comments?post=7622"}],"wp:featuredmedia":[{"embeddable":true,"href":"https:\/\/csotrading.com\/tr\/wp-json\/wp\/v2\/media\/7613"}],"wp:attachment":[{"href":"https:\/\/csotrading.com\/tr\/wp-json\/wp\/v2\/media?parent=7622"}],"wp:term":[{"taxonomy":"product_brand","embeddable":true,"href":"https:\/\/csotrading.com\/tr\/wp-json\/wp\/v2\/product_brand?post=7622"},{"taxonomy":"product_cat","embeddable":true,"href":"https:\/\/csotrading.com\/tr\/wp-json\/wp\/v2\/product_cat?post=7622"},{"taxonomy":"product_tag","embeddable":true,"href":"https:\/\/csotrading.com\/tr\/wp-json\/wp\/v2\/product_tag?post=7622"}],"curies":[{"name":"wp","href":"https:\/\/api.w.org\/{rel}","templated":true}]}}