{"id":7621,"date":"2021-06-27T17:02:52","date_gmt":"2021-06-27T14:02:52","guid":{"rendered":"https:\/\/csotrading.com\/?post_type=product&#038;p=7621"},"modified":"2021-06-27T17:02:53","modified_gmt":"2021-06-27T14:02:53","slug":"enko-msu-3-4l","status":"publish","type":"product","link":"https:\/\/csotrading.com\/tr\/product\/enko-msu-3-4l\/","title":{"rendered":"ENKO MSU 3.4L"},"content":{"rendered":"<p>MSU3.4L ak\u0131ll\u0131 y\u00fck y\u00f6netimi gerektiren tek Jenerat\u00f6rl\u00fc sistemleri kontrol etmek \u00fczere tasarlanan bir Otomatik Kontrol Mod\u00fcl\u00fcd\u00fcr. \u0130htiyaca g\u00f6re hem tek, hem de 3 faz Jenerat\u00f6r sistemlerinde kullan\u0131labilir.<\/p>\n<p>True RMS olarak 3 faz jenerat\u00f6r voltaj\u0131n\u0131 \u00f6l\u00e7menin yan\u0131 s\u0131ra, MSU3.4L 3 faz jenerat\u00f6r y\u00fck g\u00fcc\u00fcn\u00fc de \u00f6l\u00e7er. Jenerat\u00f6re faz s\u0131ras\u0131 ve Ters G\u00fc\u00e7 Korumas\u0131 sa\u011flar.<\/p>\n<p>Ki\u015fiye \u00f6zel uygulamalar i\u00e7in yard\u0131mc\u0131 I\/O portlar\u0131n\u0131n tamam\u0131 programlanabilir. MSU3.4L&#8217;nin kapsaml\u0131 men\u00fcs\u00fc t\u00fcm giri\u015f ve \u00e7\u0131k\u0131\u015flar\u0131n kontrol\u00fcn\u00fc sa\u011flar.\u00a0<strong>ENKO Pro-<em>Link\u00a0<\/em><\/strong>yaz\u0131l\u0131m\u0131 kullan\u0131larak PC arac\u0131l\u0131\u011f\u0131yla b\u00fct\u00fcn parametreler ayarlanabilir. Tercihen parametre ayarlar\u0131 i\u00e7in \u00fcnitenin \u00f6n paneli de kullan\u0131labilir. Opsiyonel GSM aray\u00fcz mod\u00fcl\u00fc sayesinde SMS mesaj at\u0131labilir. Kontrol \u00fcnitesi uzaktan programlama fonksiyonuna sahiptir.<\/p>\n<p>MSU3.4L&#8217;nin \u00fczerinde bulunan grafik ekran sayesinde, \u00e7al\u0131\u015fma ve programlama s\u0131ras\u0131nda t\u00fcm parametreleri kolayca takip edebilirsiniz. Kontrol \u00fcnitesinde 3 adet sens\u00f6r giri\u015fi mevcuttur ve men\u00fcden yap\u0131lan ayarlamalarla bu giri\u015fler her t\u00fcrl\u00fc sens\u00f6re uyarlanabilir. Toplamda 13 tane I\/O portu bulunur ve bir\u00e7o\u011fu kullan\u0131c\u0131 taraf\u0131ndan ayarlanabilir.<\/p>\n<p>Kontrol \u00fcnitesi y\u00fck g\u00fcc\u00fcn\u00fc de \u00f6l\u00e7er ve men\u00fcde adanm\u0131\u015f olan fonksiyonlarla beraber kullan\u0131labilir. \u0130ste\u011fe ba\u011fl\u0131 olarak y\u00fck\u00fcn aktif ve\/veya reaktif g\u00fcc\u00fcne g\u00f6re kararlar verilebilir. Toplam biriken aktif\/reaktif g\u00fc\u00e7te \u00f6l\u00e7\u00fcl\u00fcr ve kaydedilir.<\/p>\n<p>MSU3.4L&#8217;nin i\u00e7inde bar\u0131nd\u0131rd\u0131\u011f\u0131 ger\u00e7ek zamanl\u0131 saat sayesinde periyodik test \u00e7al\u0131\u015fmalar\u0131n\u0131 ve\/veya belirli g\u00fcn ve saatlerde jenerat\u00f6r\u00fc devre d\u0131\u015f\u0131 b\u0131rakmak gibi haftal\u0131k ve\/veya ayl\u0131k kontrol programlar\u0131 tan\u0131mlanabilir. Motor h\u0131z\u0131n\u0131n g\u00fcvenilir ve hassas \u00f6l\u00e7\u00fcm\u00fc i\u00e7in Magnetic Pick-up giri\u015fi mevcuttur.<\/p>\n<p><span id=\"features_lnk\" class=\"caption4 text3\">ANA \u00d6ZELL\u0130KLER<\/span><\/p>\n<ul>\n<li>Beyaz renk arka ayd\u0131nlatmal\u0131 grafik LCD ekran (128&#215;64 \u00e7\u00f6z\u00fcn\u00fcrl\u00fck)<\/li>\n<li>Grafik LCD ekranda alarm indikasyonu<\/li>\n<li>Dizel motor ve alternat\u00f6r\u00fcn tam kontrol\u00fc ve korumas\u0131<\/li>\n<li>8 dijital giri\u015f portu (t\u00fcm\u00fc ayarlanabilir)<\/li>\n<li>3 analog giri\u015f portu<\/li>\n<li>7 dijital \u00e7\u0131k\u0131\u015f portu (5 adet ayarlanabilir, t\u00fcm \u00e7\u0131k\u0131\u015flar kuru kontak r\u00f6le)<\/li>\n<li>Otomatik, Manuel ve Test \u00e7al\u0131\u015fma modlar\u0131<\/li>\n<li>3 faz Jenerat\u00f6r voltaj\u0131 ve ak\u0131m\u0131 \u00f6l\u00e7\u00fcm\u00fc<\/li>\n<li>MCB ve GCB r\u00f6lelerinin otomatik veya manuel kontrol\u00fc<\/li>\n<li>KW, KVA, KVAr, KWh ve G\u00fc\u00e7 Fakt\u00f6r\u00fc \u00f6l\u00e7\u00fcmleri<\/li>\n<li>T\u00fcm \u00f6l\u00e7\u00fcmler TrueRMS olarak yap\u0131l\u0131r<\/li>\n<li>Motor \u00f6n-\u0131s\u0131tma fonksiyonu<\/li>\n<li>Uzaktan g\u00f6zlemleme ve programlama i\u00e7in RS232\/485 ModBUS RTU protokol\u00fc<\/li>\n<li>SMS mesaj fonksiyonu (GSM modem gerektirir)<\/li>\n<li>Manuel ve uzaktan \u00e7al\u0131\u015ft\u0131rma \u00f6zelli\u011fi<\/li>\n<li>T\u00fcm analog \u00f6l\u00e7\u00fcm giri\u015fleri dijital olarak kalibre edilebilir<\/li>\n<li>G\u00f6zlemleme ve sistem programlamas\u0131 i\u00e7in PC aray\u00fcz\u00fc, SCADA kontrol\u00fc<\/li>\n<li>Devir \u00f6l\u00e7\u00fcm\u00fc i\u00e7in Manyetik Pick-up giri\u015fi<\/li>\n<li>Bas\u0131n\u00e7 ve s\u0131cakl\u0131k sens\u00f6rleri i\u00e7in karakteristik adaptasyon tablosu<\/li>\n<li>Uzaktan \u00e7al\u0131\u015ft\u0131rma \/ durdurma aray\u00fcz\u00fc<\/li>\n<li>4 adet ayarlanabilir motor \u00e7al\u0131\u015fma ve bak\u0131m zaman\u0131 sayac\u0131<\/li>\n<li>Ger\u00e7ek zamanl\u0131 saat<\/li>\n<li>Tarih ve zaman damgal\u0131 olay kayd\u0131 (Son 30 olay)<\/li>\n<li>Tarih ve zaman damgal\u0131 alarm kayd\u0131 (Son 15 olay)<\/li>\n<li>AT+T uyumlu modem aray\u00fcz\u00fc<\/li>\n<li>TTL haberle\u015fme portu<\/li>\n<li>Uzaktan izleme fonksiyonu<\/li>\n<li>Faz s\u0131ras\u0131 korumas\u0131<\/li>\n<li>Ters g\u00fc\u00e7 korumas\u0131<\/li>\n<li>Ayarlanabilir haftal\u0131k \/ ayl\u0131k \u00e7al\u0131\u015fma program\u0131<\/li>\n<li>Dil se\u00e7enekleri<\/li>\n<li>MCB ve GCB i\u00e7in ayr\u0131ca adanm\u0131\u015f kontakt\u00f6r a\u00e7ma ve kontakt\u00f6r kapama butonalar\u0131<\/li>\n<li>Geni\u015f \u00e7al\u0131\u015fma aral\u0131\u011f\u0131 (-25C ile +70C aras\u0131)<\/li>\n<li>IP52 \u00f6n panel korumas\u0131<\/li>\n<li>Ki\u015fiselle\u015ftirilebilir sistem g\u00f6zlem sayfalar\u0131<\/li>\n<\/ul>\n<p><span id=\"benefits_lnk\" class=\"caption4 text3\">AVANTAJLAR<\/span><\/p>\n<ul>\n<li>3 seviyeli \u015fifre korumas\u0131 normal kullan\u0131c\u0131 ile deneyimli teknisyenin birbirinden farkl\u0131 seviyelerdeki men\u00fclere ula\u015fmas\u0131n\u0131 sa\u011flar<\/li>\n<li>SMS g\u00f6nderimi ile kolayca sistemin durumu g\u00f6zlemlenebilir veya herhangi bir parametre g\u00f6zlemlenebilir \/ de\u011fi\u015ftirilebilir<\/li>\n<li>Parametreler ister \u00f6n panelden, isterse \u00fccretsiz olarak sa\u011flanan ENKO Pro-Link PC Configuration Suite arac\u0131l\u0131\u011f\u0131 ile PC \u00fczerinden g\u00f6zlemlenebilir \/ de\u011fi\u015ftirilebilir<\/li>\n<li>Telekom gibi \u00f6zel uygulamalarda kullan\u0131lmak \u00fczere adanm\u0131\u015f dahili fonksiyonlar<\/li>\n<li>Dahili r\u00f6leli \u00e7\u0131k\u0131\u015flar, panoda harici r\u00f6le kullanma gereksinimini ortadan kald\u0131r\u0131r<\/li>\n<li>\u00d6n panelde bulunan y\u00fcksek \u00e7\u00f6z\u00fcn\u00fcrl\u00fckl\u00fc grafik LCD ekran basit ve kullan\u0131c\u0131 dostu aray\u00fcz sa\u011flar<\/li>\n<li>Uzaktan \u00e7al\u0131\u015ft\u0131rma \/ durdurma fonksiyonu kontrol panelinin uzaktan kullan\u0131m\u0131n\u0131 sa\u011flar<\/li>\n<li>Tarih ve saat damgal\u0131 alarm ve olay kay\u0131tlar\u0131, kullan\u0131c\u0131ya daha h\u0131zl\u0131 ve daha kolay sorun \u00e7\u00f6zme ve bak\u0131m olanaklar\u0131 sa\u011flar<\/li>\n<li>Jenerat\u00f6r\u00fc test etmek veya \u00e7al\u0131\u015f\u0131r durumda olmas\u0131n\u0131 sa\u011flamak amac\u0131 ile programlanabilen haftal\u0131k \/ ayl\u0131k \u00e7al\u0131\u015fma takvimleri<\/li>\n<li>Ayarlanabilir giri\u015f \u00e7\u0131k\u0131\u015f portlar\u0131 farkl\u0131 uygulamalar i\u00e7in ki\u015fiselle\u015ftirilmi\u015f \u00e7\u00f6z\u00fcmler sunar ve PC yaz\u0131l\u0131m\u0131 sayesinde \u00f6nceden belirlenmi\u015f y\u00fczlerce fonksiyon aras\u0131ndan kolayca atanabilir<\/li>\n<\/ul>\n","protected":false},"excerpt":{"rendered":"<h2><strong>Gen-Set&#8217;lerin, ak\u0131ll\u0131 sistem y\u00f6netimi ve ger\u00e7ek zamanl\u0131 saat ile esnek kontrol\u00fc&#8230;<\/strong><\/h2>\n<h3>MSU3.4L tek Jenerat\u00f6r i\u00e7eren ve Y\u00fck Y\u00f6netimi gereken uygulamalar i\u00e7in tasarlanm\u0131\u015ft\u0131r. Kontrol \u00fcnitesi, basit ve verimli kullan\u0131c\u0131 aray\u00fcz\u00fc sa\u011flayan LCD Grafik ekrana sahiptir. Kullan\u0131c\u0131n\u0131n yaz\u0131 dili se\u00e7enekleri vard\u0131r.<\/h3>\n","protected":false},"featured_media":7611,"comment_status":"closed","ping_status":"closed","template":"","meta":[],"product_brand":[],"product_cat":[780,782],"product_tag":[],"class_list":{"0":"post-7621","1":"product","2":"type-product","3":"status-publish","4":"has-post-thumbnail","6":"product_cat-enko-tr","7":"product_cat-manuel-start-uniteleri-msu-serisi","9":"first","10":"instock","11":"shipping-taxable","12":"product-type-simple"},"yoast_head":"<!-- This site is optimized with the Yoast SEO plugin v24.3 - https:\/\/yoast.com\/wordpress\/plugins\/seo\/ -->\n<title>ENKO MSU 3.4L - CSO TRADING<\/title>\n<meta name=\"robots\" content=\"index, follow, max-snippet:-1, max-image-preview:large, max-video-preview:-1\" \/>\n<link rel=\"canonical\" href=\"https:\/\/csotrading.com\/tr\/product\/enko-msu-3-4l\/\" \/>\n<meta property=\"og:locale\" content=\"tr_TR\" \/>\n<meta property=\"og:type\" content=\"article\" \/>\n<meta property=\"og:title\" content=\"ENKO MSU 3.4L - CSO TRADING\" \/>\n<meta property=\"og:description\" content=\"Gen-Set&#039;lerin, ak\u0131ll\u0131 sistem y\u00f6netimi ve ger\u00e7ek zamanl\u0131 saat ile esnek kontrol\u00fc... MSU3.4L tek Jenerat\u00f6r i\u00e7eren ve Y\u00fck Y\u00f6netimi gereken uygulamalar i\u00e7in tasarlanm\u0131\u015ft\u0131r. Kontrol \u00fcnitesi, basit ve verimli kullan\u0131c\u0131 aray\u00fcz\u00fc sa\u011flayan LCD Grafik ekrana sahiptir. Kullan\u0131c\u0131n\u0131n yaz\u0131 dili se\u00e7enekleri vard\u0131r.\" \/>\n<meta property=\"og:url\" content=\"https:\/\/csotrading.com\/tr\/product\/enko-msu-3-4l\/\" \/>\n<meta property=\"og:site_name\" content=\"CSO TRADING\" \/>\n<meta property=\"article:modified_time\" content=\"2021-06-27T14:02:53+00:00\" \/>\n<meta property=\"og:image\" content=\"https:\/\/csotrading.com\/wp-content\/uploads\/2021\/06\/thumbnail-8.jpg\" \/>\n\t<meta property=\"og:image:width\" content=\"330\" \/>\n\t<meta property=\"og:image:height\" content=\"248\" \/>\n\t<meta property=\"og:image:type\" content=\"image\/jpeg\" \/>\n<meta name=\"twitter:card\" content=\"summary_large_image\" \/>\n<meta name=\"twitter:label1\" content=\"Tahmini okuma s\u00fcresi\" \/>\n\t<meta name=\"twitter:data1\" content=\"3 dakika\" \/>\n<script type=\"application\/ld+json\" class=\"yoast-schema-graph\">{\"@context\":\"https:\/\/schema.org\",\"@graph\":[{\"@type\":\"WebPage\",\"@id\":\"https:\/\/csotrading.com\/tr\/product\/enko-msu-3-4l\/\",\"url\":\"https:\/\/csotrading.com\/tr\/product\/enko-msu-3-4l\/\",\"name\":\"ENKO MSU 3.4L - CSO TRADING\",\"isPartOf\":{\"@id\":\"https:\/\/csotrading.com\/#website\"},\"primaryImageOfPage\":{\"@id\":\"https:\/\/csotrading.com\/tr\/product\/enko-msu-3-4l\/#primaryimage\"},\"image\":{\"@id\":\"https:\/\/csotrading.com\/tr\/product\/enko-msu-3-4l\/#primaryimage\"},\"thumbnailUrl\":\"https:\/\/csotrading.com\/wp-content\/uploads\/2021\/06\/thumbnail-8.jpg\",\"datePublished\":\"2021-06-27T14:02:52+00:00\",\"dateModified\":\"2021-06-27T14:02:53+00:00\",\"breadcrumb\":{\"@id\":\"https:\/\/csotrading.com\/tr\/product\/enko-msu-3-4l\/#breadcrumb\"},\"inLanguage\":\"tr\",\"potentialAction\":[{\"@type\":\"ReadAction\",\"target\":[\"https:\/\/csotrading.com\/tr\/product\/enko-msu-3-4l\/\"]}]},{\"@type\":\"ImageObject\",\"inLanguage\":\"tr\",\"@id\":\"https:\/\/csotrading.com\/tr\/product\/enko-msu-3-4l\/#primaryimage\",\"url\":\"https:\/\/csotrading.com\/wp-content\/uploads\/2021\/06\/thumbnail-8.jpg\",\"contentUrl\":\"https:\/\/csotrading.com\/wp-content\/uploads\/2021\/06\/thumbnail-8.jpg\",\"width\":330,\"height\":248},{\"@type\":\"BreadcrumbList\",\"@id\":\"https:\/\/csotrading.com\/tr\/product\/enko-msu-3-4l\/#breadcrumb\",\"itemListElement\":[{\"@type\":\"ListItem\",\"position\":1,\"name\":\"Home\",\"item\":\"https:\/\/csotrading.com\/tr\/\"},{\"@type\":\"ListItem\",\"position\":2,\"name\":\"Ma\u011faza\",\"item\":\"https:\/\/csotrading.com\/magaza\/\"},{\"@type\":\"ListItem\",\"position\":3,\"name\":\"ENKO MSU 3.4L\"}]},{\"@type\":\"WebSite\",\"@id\":\"https:\/\/csotrading.com\/#website\",\"url\":\"https:\/\/csotrading.com\/\",\"name\":\"CSO TRADING\",\"description\":\"\",\"potentialAction\":[{\"@type\":\"SearchAction\",\"target\":{\"@type\":\"EntryPoint\",\"urlTemplate\":\"https:\/\/csotrading.com\/?s={search_term_string}\"},\"query-input\":{\"@type\":\"PropertyValueSpecification\",\"valueRequired\":true,\"valueName\":\"search_term_string\"}}],\"inLanguage\":\"tr\"}]}<\/script>\n<!-- \/ Yoast SEO plugin. -->","yoast_head_json":{"title":"ENKO MSU 3.4L - CSO TRADING","robots":{"index":"index","follow":"follow","max-snippet":"max-snippet:-1","max-image-preview":"max-image-preview:large","max-video-preview":"max-video-preview:-1"},"canonical":"https:\/\/csotrading.com\/tr\/product\/enko-msu-3-4l\/","og_locale":"tr_TR","og_type":"article","og_title":"ENKO MSU 3.4L - CSO TRADING","og_description":"Gen-Set'lerin, ak\u0131ll\u0131 sistem y\u00f6netimi ve ger\u00e7ek zamanl\u0131 saat ile esnek kontrol\u00fc... MSU3.4L tek Jenerat\u00f6r i\u00e7eren ve Y\u00fck Y\u00f6netimi gereken uygulamalar i\u00e7in tasarlanm\u0131\u015ft\u0131r. Kontrol \u00fcnitesi, basit ve verimli kullan\u0131c\u0131 aray\u00fcz\u00fc sa\u011flayan LCD Grafik ekrana sahiptir. Kullan\u0131c\u0131n\u0131n yaz\u0131 dili se\u00e7enekleri vard\u0131r.","og_url":"https:\/\/csotrading.com\/tr\/product\/enko-msu-3-4l\/","og_site_name":"CSO TRADING","article_modified_time":"2021-06-27T14:02:53+00:00","og_image":[{"width":330,"height":248,"url":"https:\/\/csotrading.com\/wp-content\/uploads\/2021\/06\/thumbnail-8.jpg","type":"image\/jpeg"}],"twitter_card":"summary_large_image","twitter_misc":{"Tahmini okuma s\u00fcresi":"3 dakika"},"schema":{"@context":"https:\/\/schema.org","@graph":[{"@type":"WebPage","@id":"https:\/\/csotrading.com\/tr\/product\/enko-msu-3-4l\/","url":"https:\/\/csotrading.com\/tr\/product\/enko-msu-3-4l\/","name":"ENKO MSU 3.4L - CSO TRADING","isPartOf":{"@id":"https:\/\/csotrading.com\/#website"},"primaryImageOfPage":{"@id":"https:\/\/csotrading.com\/tr\/product\/enko-msu-3-4l\/#primaryimage"},"image":{"@id":"https:\/\/csotrading.com\/tr\/product\/enko-msu-3-4l\/#primaryimage"},"thumbnailUrl":"https:\/\/csotrading.com\/wp-content\/uploads\/2021\/06\/thumbnail-8.jpg","datePublished":"2021-06-27T14:02:52+00:00","dateModified":"2021-06-27T14:02:53+00:00","breadcrumb":{"@id":"https:\/\/csotrading.com\/tr\/product\/enko-msu-3-4l\/#breadcrumb"},"inLanguage":"tr","potentialAction":[{"@type":"ReadAction","target":["https:\/\/csotrading.com\/tr\/product\/enko-msu-3-4l\/"]}]},{"@type":"ImageObject","inLanguage":"tr","@id":"https:\/\/csotrading.com\/tr\/product\/enko-msu-3-4l\/#primaryimage","url":"https:\/\/csotrading.com\/wp-content\/uploads\/2021\/06\/thumbnail-8.jpg","contentUrl":"https:\/\/csotrading.com\/wp-content\/uploads\/2021\/06\/thumbnail-8.jpg","width":330,"height":248},{"@type":"BreadcrumbList","@id":"https:\/\/csotrading.com\/tr\/product\/enko-msu-3-4l\/#breadcrumb","itemListElement":[{"@type":"ListItem","position":1,"name":"Home","item":"https:\/\/csotrading.com\/tr\/"},{"@type":"ListItem","position":2,"name":"Ma\u011faza","item":"https:\/\/csotrading.com\/magaza\/"},{"@type":"ListItem","position":3,"name":"ENKO MSU 3.4L"}]},{"@type":"WebSite","@id":"https:\/\/csotrading.com\/#website","url":"https:\/\/csotrading.com\/","name":"CSO TRADING","description":"","potentialAction":[{"@type":"SearchAction","target":{"@type":"EntryPoint","urlTemplate":"https:\/\/csotrading.com\/?s={search_term_string}"},"query-input":{"@type":"PropertyValueSpecification","valueRequired":true,"valueName":"search_term_string"}}],"inLanguage":"tr"}]}},"_links":{"self":[{"href":"https:\/\/csotrading.com\/tr\/wp-json\/wp\/v2\/product\/7621"}],"collection":[{"href":"https:\/\/csotrading.com\/tr\/wp-json\/wp\/v2\/product"}],"about":[{"href":"https:\/\/csotrading.com\/tr\/wp-json\/wp\/v2\/types\/product"}],"replies":[{"embeddable":true,"href":"https:\/\/csotrading.com\/tr\/wp-json\/wp\/v2\/comments?post=7621"}],"wp:featuredmedia":[{"embeddable":true,"href":"https:\/\/csotrading.com\/tr\/wp-json\/wp\/v2\/media\/7611"}],"wp:attachment":[{"href":"https:\/\/csotrading.com\/tr\/wp-json\/wp\/v2\/media?parent=7621"}],"wp:term":[{"taxonomy":"product_brand","embeddable":true,"href":"https:\/\/csotrading.com\/tr\/wp-json\/wp\/v2\/product_brand?post=7621"},{"taxonomy":"product_cat","embeddable":true,"href":"https:\/\/csotrading.com\/tr\/wp-json\/wp\/v2\/product_cat?post=7621"},{"taxonomy":"product_tag","embeddable":true,"href":"https:\/\/csotrading.com\/tr\/wp-json\/wp\/v2\/product_tag?post=7621"}],"curies":[{"name":"wp","href":"https:\/\/api.w.org\/{rel}","templated":true}]}}