{"id":7620,"date":"2021-06-27T17:00:59","date_gmt":"2021-06-27T14:00:59","guid":{"rendered":"https:\/\/csotrading.com\/?post_type=product&#038;p=7620"},"modified":"2021-06-27T17:01:00","modified_gmt":"2021-06-27T14:01:00","slug":"enko-msu-3-1","status":"publish","type":"product","link":"https:\/\/csotrading.com\/tr\/product\/enko-msu-3-1\/","title":{"rendered":"ENKO MSU 3.1"},"content":{"rendered":"<p>MSU3.1, otomatik Jenerat\u00f6r kontrol \u00fcnitesi olmakla beraber Gen-Set uygulamalar\u0131nda ihtiya\u00e7 duyulan t\u00fcm fonksiyonlar\u0131n basit\u00e7e kontrol\u00fcn\u00fc ve y\u00f6netimini sa\u011flamak amac\u0131yla tasarlanm\u0131\u015ft\u0131r. \u0130ste\u011fe ba\u011fl\u0131 olarak tek veya 3 fazl\u0131 Jenerat\u00f6r sistemlerinde kullan\u0131labilir.<\/p>\n<p>MSU3.1, t\u00fcm Jenerat\u00f6r foksiyonlar\u0131n\u0131n \u00e7ok y\u00f6nl\u00fc ve hassas kontrol\u00fcn\u00fc sa\u011flamak i\u00e7in y\u00fcksek i\u015flemci g\u00fcc\u00fcne sahiptir. Kontrol mod\u00fcl\u00fc 3 faz veya tek faz Jenerat\u00f6r voltaj\u0131n\u0131 \u00f6l\u00e7mekle beraber Jenerat\u00f6rdeki tek faz y\u00fck ak\u0131m\u0131n\u0131da \u00f6l\u00e7er.<\/p>\n<p>Kullan\u0131c\u0131 herhangi bir \u00f6zel uygulama i\u00e7in yedek giri\u015f\/\u00e7\u0131k\u0131\u015flar\u0131 programlayabilir. T\u00fcm parametreleri, MSU3.1\u2019in \u00fczerinde sunulan kapsaml\u0131 men\u00fcden ayarlayabilmenin yan\u0131 s\u0131ra ENKO\u00a0<em>Pro-Link\u00a0<\/em>yaz\u0131l\u0131m\u0131 kullan\u0131larak PC\u2019den de ayarlama yap\u0131labilir. Opsiyonel olarak sunulan GSM aray\u00fcz\u00fc sayesinde SMS mesaj g\u00f6nderebilir.<\/p>\n<p>Analog sens\u00f6r karakteristi\u011fi, men\u00fcde yap\u0131lan de\u011fii\u015fiklikle herhangi bir tip sens\u00f6re uyarlanabilir. Her biri birbirinden ba\u011f\u0131ms\u0131z olarak parametre men\u00fcs\u00fcnden programlanabilen toplam 10 adet giri\u015f\/\u00e7\u0131k\u0131\u015f vard\u0131r.<\/p>\n<p>Y\u00fck g\u00fcc\u00fcde \u00f6l\u00e7\u00fclmekle beraber, men\u00fcde atanm\u0131\u015f olan fonksiyonlarla kullan\u0131labilmektedir. Aktif ve\/veya reaktif y\u00fck g\u00fcc\u00fcne g\u00f6re karar mekanizmalar\u0131 olu\u015fturulabilir. Toplam biriken g\u00fc\u00e7 \u00f6l\u00e7\u00fcl\u00fcr ve kay\u0131t edilir.<\/p>\n<p>MSU3.1 kontrol mod\u00fcl\u00fc geli\u015fmi\u015f uygulamalar i\u00e7in optimize edilmi\u015f olup, m\u00fc\u015fteri taleplerinin y\u00fcksek oldu\u011fu ve g\u00fcvenilirlik gerektiren uygulamalarda minimal \u00e7\u00f6z\u00fcmler sa\u011flar.<\/p>\n<p><span id=\"features_lnk\" class=\"caption4 text3\">ANA \u00d6ZELL\u0130KLER<\/span><\/p>\n<ul>\n<li>2 adet LED ekran<\/li>\n<li>\u00d6n panelde LED alarm indikat\u00f6rleri<\/li>\n<li>Dizel motor ve alternat\u00f6r\u00fcn tam kontrol\u00fc ve korumas\u0131<\/li>\n<li>6 dijital giri\u015f portu (t\u00fcm\u00fc ayarlanabilir)<\/li>\n<li>2 analog giri\u015f portu<\/li>\n<li>5 dijital \u00e7\u0131k\u0131\u015f portu (3 adet ayarlanabilir, t\u00fcm \u00e7\u0131k\u0131\u015flar kuru kontak r\u00f6le)<\/li>\n<li>Otomatik ve Test \u00e7al\u0131\u015fma modlar\u0131<\/li>\n<li>\u00dc\u00e7 faz Jenerat\u00f6r voltaj\u0131 ve tek faz ak\u0131m \u00f6l\u00e7\u00fcm\u00fc<\/li>\n<li>MCB ve GCB r\u00f6lelerinin otomatik veya manuel kontrol\u00fc<\/li>\n<li>KW, KVA, KVAr, KWh ve G\u00fc\u00e7 Fakt\u00f6r\u00fc \u00f6l\u00e7\u00fcmleri<\/li>\n<li>T\u00fcm \u00f6l\u00e7\u00fcmler TrueRMS olarak yap\u0131l\u0131r<\/li>\n<li>Motor \u00f6n-\u0131s\u0131tma fonksiyonu<\/li>\n<li>Uzaktan g\u00f6zlemleme ve programlama i\u00e7in RS232\/485 ModBUS RTU protokol\u00fc<\/li>\n<li>SMS mesaj fonksiyonu (GSM modem gerektirir)<\/li>\n<li>Manuel ve uzaktan \u00e7al\u0131\u015ft\u0131rma \u00f6zelli\u011fi<\/li>\n<li>T\u00fcm analog \u00f6l\u00e7\u00fcm giri\u015fleri dijital olarak kalibre edilebilir<\/li>\n<li>G\u00f6zlemleme ve sistem programlamas\u0131 i\u00e7in PC aray\u00fcz\u00fc, SCADA kontrol\u00fc<\/li>\n<li>Bas\u0131n\u00e7 ve s\u0131cakl\u0131k sens\u00f6rleri i\u00e7in karakteristik adaptasyon tablosu<\/li>\n<li>Uzaktan \u00e7al\u0131\u015ft\u0131rma \/ durdurma aray\u00fcz\u00fc<\/li>\n<li>4 adet ayarlanabilir motor \u00e7al\u0131\u015fma ve bak\u0131m zaman\u0131 sayac\u0131<\/li>\n<li>Alarm kayd\u0131 (Son 15 alarm)<\/li>\n<li>AT+T uyumlu modem aray\u00fcz\u00fc<\/li>\n<li>TTL haberle\u015fme portu<\/li>\n<li>Uzaktan izleme fonksiyonu<\/li>\n<li>Geni\u015f \u00e7al\u0131\u015fma aral\u0131\u011f\u0131 (-35C ile +70C aras\u0131)<\/li>\n<li>IP52 \u00f6n panel korumas\u0131<\/li>\n<\/ul>\n<p><span id=\"benefits_lnk\" class=\"caption4 text3\">AVANTAJLAR<\/span><\/p>\n<ul>\n<li>3 seviyeli \u015fifre korumas\u0131 normal kullan\u0131c\u0131 ile deneyimli teknisyenin birbirinden farkl\u0131 seviyelerdeki men\u00fclere ula\u015fmas\u0131n\u0131 sa\u011flar<\/li>\n<li>SMS g\u00f6nderimi ile kolayca sistemin durumu g\u00f6zlemlenebilir veya herhangi bir parametre g\u00f6zlemlenebilir \/ de\u011fi\u015ftirilebilir<\/li>\n<li>Parametreler ister \u00f6n panelden, isterse \u00fccretsiz olarak sa\u011flanan ENKO Pro-Link PC Configuration Suite arac\u0131l\u0131\u011f\u0131 ile PC \u00fczerinden g\u00f6zlemlenebilir \/ de\u011fi\u015ftirilebilir<\/li>\n<li>Telekom gibi \u00f6zel uygulamalarda kullan\u0131lmak \u00fczere adanm\u0131\u015f dahili fonksiyonlar<\/li>\n<li>Dahili r\u00f6leli \u00e7\u0131k\u0131\u015flar, panoda harici r\u00f6le kullanma gereksinimini ortadan kald\u0131r\u0131r<\/li>\n<li>Panel \u00fczerinde bulunan 2 adet LED ekran zorlu \u00e7al\u0131\u015fma ko\u015fullar\u0131 alt\u0131nda sorunsuz operasyon sa\u011flar<\/li>\n<li>Uzaktan \u00e7al\u0131\u015ft\u0131rma \/ durdurma fonksiyonu kontrol panelinin uzaktan kullan\u0131m\u0131n\u0131 sa\u011flar<\/li>\n<li>Ayarlanabilir giri\u015f \u00e7\u0131k\u0131\u015f portlar\u0131 farkl\u0131 uygulamalar i\u00e7in ki\u015fiselle\u015ftirilmi\u015f \u00e7\u00f6z\u00fcmler sunar ve PC yaz\u0131l\u0131m\u0131 sayesinde \u00f6nceden belirlenmi\u015f y\u00fczlerce fonksiyon aras\u0131ndan kolayca atanabilir<\/li>\n<\/ul>\n","protected":false},"excerpt":{"rendered":"<h2><strong>MSU3.1 tek veya birden fazla Jenerat\u00f6r uygulamalar\u0131nda esnek y\u00fck kontrol\u00fc sayesinde \u00e7ok y\u00f6nl\u00fc kontrol fonksiyonlar\u0131 sunar.<\/strong><\/h2>\n<h3>Kontrol \u00fcnitesi, i\u00e7inde bar\u0131nd\u0131rd\u0131\u011f\u0131 bir\u00e7ok ak\u0131ll\u0131 fonksiyon sayesinde Dizel Jenerat\u00f6r kontrol\u00fc i\u00e7in ekonomik \u00e7\u00f6z\u00fcmler sunar.<\/h3>\n","protected":false},"featured_media":7609,"comment_status":"closed","ping_status":"closed","template":"","meta":[],"product_brand":[],"product_cat":[780,782],"product_tag":[],"class_list":{"0":"post-7620","1":"product","2":"type-product","3":"status-publish","4":"has-post-thumbnail","6":"product_cat-enko-tr","7":"product_cat-manuel-start-uniteleri-msu-serisi","9":"first","10":"instock","11":"shipping-taxable","12":"product-type-simple"},"yoast_head":"<!-- This site is optimized with the Yoast SEO plugin v24.3 - https:\/\/yoast.com\/wordpress\/plugins\/seo\/ -->\n<title>ENKO MSU 3.1 - CSO TRADING<\/title>\n<meta name=\"robots\" content=\"index, follow, max-snippet:-1, max-image-preview:large, max-video-preview:-1\" \/>\n<link rel=\"canonical\" href=\"https:\/\/csotrading.com\/tr\/product\/enko-msu-3-1\/\" \/>\n<meta property=\"og:locale\" content=\"tr_TR\" \/>\n<meta property=\"og:type\" content=\"article\" \/>\n<meta property=\"og:title\" content=\"ENKO MSU 3.1 - CSO TRADING\" \/>\n<meta property=\"og:description\" content=\"MSU3.1 tek veya birden fazla Jenerat\u00f6r uygulamalar\u0131nda esnek y\u00fck kontrol\u00fc sayesinde \u00e7ok y\u00f6nl\u00fc kontrol fonksiyonlar\u0131 sunar. Kontrol \u00fcnitesi, i\u00e7inde bar\u0131nd\u0131rd\u0131\u011f\u0131 bir\u00e7ok ak\u0131ll\u0131 fonksiyon sayesinde Dizel Jenerat\u00f6r kontrol\u00fc i\u00e7in ekonomik \u00e7\u00f6z\u00fcmler sunar.\" \/>\n<meta property=\"og:url\" content=\"https:\/\/csotrading.com\/tr\/product\/enko-msu-3-1\/\" \/>\n<meta property=\"og:site_name\" content=\"CSO TRADING\" \/>\n<meta property=\"article:modified_time\" content=\"2021-06-27T14:01:00+00:00\" \/>\n<meta property=\"og:image\" content=\"https:\/\/csotrading.com\/wp-content\/uploads\/2021\/06\/thumbnail-7.jpg\" \/>\n\t<meta property=\"og:image:width\" content=\"330\" \/>\n\t<meta property=\"og:image:height\" content=\"248\" \/>\n\t<meta property=\"og:image:type\" content=\"image\/jpeg\" \/>\n<meta name=\"twitter:card\" content=\"summary_large_image\" \/>\n<meta name=\"twitter:label1\" content=\"Tahmini okuma s\u00fcresi\" \/>\n\t<meta name=\"twitter:data1\" content=\"2 dakika\" \/>\n<script type=\"application\/ld+json\" class=\"yoast-schema-graph\">{\"@context\":\"https:\/\/schema.org\",\"@graph\":[{\"@type\":\"WebPage\",\"@id\":\"https:\/\/csotrading.com\/tr\/product\/enko-msu-3-1\/\",\"url\":\"https:\/\/csotrading.com\/tr\/product\/enko-msu-3-1\/\",\"name\":\"ENKO MSU 3.1 - CSO TRADING\",\"isPartOf\":{\"@id\":\"https:\/\/csotrading.com\/#website\"},\"primaryImageOfPage\":{\"@id\":\"https:\/\/csotrading.com\/tr\/product\/enko-msu-3-1\/#primaryimage\"},\"image\":{\"@id\":\"https:\/\/csotrading.com\/tr\/product\/enko-msu-3-1\/#primaryimage\"},\"thumbnailUrl\":\"https:\/\/csotrading.com\/wp-content\/uploads\/2021\/06\/thumbnail-7.jpg\",\"datePublished\":\"2021-06-27T14:00:59+00:00\",\"dateModified\":\"2021-06-27T14:01:00+00:00\",\"breadcrumb\":{\"@id\":\"https:\/\/csotrading.com\/tr\/product\/enko-msu-3-1\/#breadcrumb\"},\"inLanguage\":\"tr\",\"potentialAction\":[{\"@type\":\"ReadAction\",\"target\":[\"https:\/\/csotrading.com\/tr\/product\/enko-msu-3-1\/\"]}]},{\"@type\":\"ImageObject\",\"inLanguage\":\"tr\",\"@id\":\"https:\/\/csotrading.com\/tr\/product\/enko-msu-3-1\/#primaryimage\",\"url\":\"https:\/\/csotrading.com\/wp-content\/uploads\/2021\/06\/thumbnail-7.jpg\",\"contentUrl\":\"https:\/\/csotrading.com\/wp-content\/uploads\/2021\/06\/thumbnail-7.jpg\",\"width\":330,\"height\":248},{\"@type\":\"BreadcrumbList\",\"@id\":\"https:\/\/csotrading.com\/tr\/product\/enko-msu-3-1\/#breadcrumb\",\"itemListElement\":[{\"@type\":\"ListItem\",\"position\":1,\"name\":\"Home\",\"item\":\"https:\/\/csotrading.com\/tr\/\"},{\"@type\":\"ListItem\",\"position\":2,\"name\":\"Ma\u011faza\",\"item\":\"https:\/\/csotrading.com\/magaza\/\"},{\"@type\":\"ListItem\",\"position\":3,\"name\":\"ENKO MSU 3.1\"}]},{\"@type\":\"WebSite\",\"@id\":\"https:\/\/csotrading.com\/#website\",\"url\":\"https:\/\/csotrading.com\/\",\"name\":\"CSO TRADING\",\"description\":\"\",\"potentialAction\":[{\"@type\":\"SearchAction\",\"target\":{\"@type\":\"EntryPoint\",\"urlTemplate\":\"https:\/\/csotrading.com\/?s={search_term_string}\"},\"query-input\":{\"@type\":\"PropertyValueSpecification\",\"valueRequired\":true,\"valueName\":\"search_term_string\"}}],\"inLanguage\":\"tr\"}]}<\/script>\n<!-- \/ Yoast SEO plugin. -->","yoast_head_json":{"title":"ENKO MSU 3.1 - CSO TRADING","robots":{"index":"index","follow":"follow","max-snippet":"max-snippet:-1","max-image-preview":"max-image-preview:large","max-video-preview":"max-video-preview:-1"},"canonical":"https:\/\/csotrading.com\/tr\/product\/enko-msu-3-1\/","og_locale":"tr_TR","og_type":"article","og_title":"ENKO MSU 3.1 - CSO TRADING","og_description":"MSU3.1 tek veya birden fazla Jenerat\u00f6r uygulamalar\u0131nda esnek y\u00fck kontrol\u00fc sayesinde \u00e7ok y\u00f6nl\u00fc kontrol fonksiyonlar\u0131 sunar. Kontrol \u00fcnitesi, i\u00e7inde bar\u0131nd\u0131rd\u0131\u011f\u0131 bir\u00e7ok ak\u0131ll\u0131 fonksiyon sayesinde Dizel Jenerat\u00f6r kontrol\u00fc i\u00e7in ekonomik \u00e7\u00f6z\u00fcmler sunar.","og_url":"https:\/\/csotrading.com\/tr\/product\/enko-msu-3-1\/","og_site_name":"CSO TRADING","article_modified_time":"2021-06-27T14:01:00+00:00","og_image":[{"width":330,"height":248,"url":"https:\/\/csotrading.com\/wp-content\/uploads\/2021\/06\/thumbnail-7.jpg","type":"image\/jpeg"}],"twitter_card":"summary_large_image","twitter_misc":{"Tahmini okuma s\u00fcresi":"2 dakika"},"schema":{"@context":"https:\/\/schema.org","@graph":[{"@type":"WebPage","@id":"https:\/\/csotrading.com\/tr\/product\/enko-msu-3-1\/","url":"https:\/\/csotrading.com\/tr\/product\/enko-msu-3-1\/","name":"ENKO MSU 3.1 - CSO TRADING","isPartOf":{"@id":"https:\/\/csotrading.com\/#website"},"primaryImageOfPage":{"@id":"https:\/\/csotrading.com\/tr\/product\/enko-msu-3-1\/#primaryimage"},"image":{"@id":"https:\/\/csotrading.com\/tr\/product\/enko-msu-3-1\/#primaryimage"},"thumbnailUrl":"https:\/\/csotrading.com\/wp-content\/uploads\/2021\/06\/thumbnail-7.jpg","datePublished":"2021-06-27T14:00:59+00:00","dateModified":"2021-06-27T14:01:00+00:00","breadcrumb":{"@id":"https:\/\/csotrading.com\/tr\/product\/enko-msu-3-1\/#breadcrumb"},"inLanguage":"tr","potentialAction":[{"@type":"ReadAction","target":["https:\/\/csotrading.com\/tr\/product\/enko-msu-3-1\/"]}]},{"@type":"ImageObject","inLanguage":"tr","@id":"https:\/\/csotrading.com\/tr\/product\/enko-msu-3-1\/#primaryimage","url":"https:\/\/csotrading.com\/wp-content\/uploads\/2021\/06\/thumbnail-7.jpg","contentUrl":"https:\/\/csotrading.com\/wp-content\/uploads\/2021\/06\/thumbnail-7.jpg","width":330,"height":248},{"@type":"BreadcrumbList","@id":"https:\/\/csotrading.com\/tr\/product\/enko-msu-3-1\/#breadcrumb","itemListElement":[{"@type":"ListItem","position":1,"name":"Home","item":"https:\/\/csotrading.com\/tr\/"},{"@type":"ListItem","position":2,"name":"Ma\u011faza","item":"https:\/\/csotrading.com\/magaza\/"},{"@type":"ListItem","position":3,"name":"ENKO MSU 3.1"}]},{"@type":"WebSite","@id":"https:\/\/csotrading.com\/#website","url":"https:\/\/csotrading.com\/","name":"CSO TRADING","description":"","potentialAction":[{"@type":"SearchAction","target":{"@type":"EntryPoint","urlTemplate":"https:\/\/csotrading.com\/?s={search_term_string}"},"query-input":{"@type":"PropertyValueSpecification","valueRequired":true,"valueName":"search_term_string"}}],"inLanguage":"tr"}]}},"_links":{"self":[{"href":"https:\/\/csotrading.com\/tr\/wp-json\/wp\/v2\/product\/7620"}],"collection":[{"href":"https:\/\/csotrading.com\/tr\/wp-json\/wp\/v2\/product"}],"about":[{"href":"https:\/\/csotrading.com\/tr\/wp-json\/wp\/v2\/types\/product"}],"replies":[{"embeddable":true,"href":"https:\/\/csotrading.com\/tr\/wp-json\/wp\/v2\/comments?post=7620"}],"wp:featuredmedia":[{"embeddable":true,"href":"https:\/\/csotrading.com\/tr\/wp-json\/wp\/v2\/media\/7609"}],"wp:attachment":[{"href":"https:\/\/csotrading.com\/tr\/wp-json\/wp\/v2\/media?parent=7620"}],"wp:term":[{"taxonomy":"product_brand","embeddable":true,"href":"https:\/\/csotrading.com\/tr\/wp-json\/wp\/v2\/product_brand?post=7620"},{"taxonomy":"product_cat","embeddable":true,"href":"https:\/\/csotrading.com\/tr\/wp-json\/wp\/v2\/product_cat?post=7620"},{"taxonomy":"product_tag","embeddable":true,"href":"https:\/\/csotrading.com\/tr\/wp-json\/wp\/v2\/product_tag?post=7620"}],"curies":[{"name":"wp","href":"https:\/\/api.w.org\/{rel}","templated":true}]}}