{"id":7619,"date":"2021-06-27T16:59:33","date_gmt":"2021-06-27T13:59:33","guid":{"rendered":"https:\/\/csotrading.com\/?post_type=product&#038;p=7619"},"modified":"2021-06-27T16:59:34","modified_gmt":"2021-06-27T13:59:34","slug":"enko-msu-2-0","status":"publish","type":"product","link":"https:\/\/csotrading.com\/tr\/product\/enko-msu-2-0\/","title":{"rendered":"ENKO MSU 2.0"},"content":{"rendered":"<p>MSU2.0 bir jenerat\u00f6r\u00fcn manuel olarak \u00e7al\u0131\u015ft\u0131r\u0131lmas\u0131 ve durdurulmas\u0131 i\u00e7in kullan\u0131lan mikro-i\u015flemci kontroll\u00fc bir cihazd\u0131r. Cihaz bir jenerat\u00f6r panosunda bulunan g\u00f6stergeleri \u00fczerinde\u00a0toplayarak pano maliyetini d\u00fc\u015f\u00fcr\u00fcr. Cihaz\u0131n 2 adet \u00e7al\u0131\u015fma modu vard\u0131r.<\/p>\n<p>Start ve stop \u00e7al\u0131\u015fma\u00a0modlar\u0131 cihaz \u00fczerinde bulunan push butonlar yard\u0131m\u0131yla se\u00e7ilir. Cihaz stop modda iken men\u00fc\u00a0butonuna bas\u0131larak cihaz\u0131n \u00e7al\u0131\u015fmas\u0131na ait 29 adet parametre ayr\u0131 ayr\u0131 dijital olarak ayarlan\u0131r\u00a0ve haf\u0131zaya al\u0131n\u0131r. Bu sayede cihaz her t\u00fcrl\u00fc motora, ayr\u0131 bir \u00fcnite gerektirmeden adapte\u00a0edilebilir.<\/p>\n<p><span id=\"features_lnk\" class=\"caption4 text3\">ANA \u00d6ZELL\u0130KLER<\/span><\/p>\n<ul>\n<li>3 dijit LED ekran<\/li>\n<li>\u00d6n panelde LED alarm indikat\u00f6rleri<\/li>\n<li>Dizel motor ve alternat\u00f6r\u00fcn tam kontrol\u00fc ve korumas\u0131<\/li>\n<li>4 dijital giri\u015f portu (1 adet ayarlanabilir)<\/li>\n<li>4 dijital \u00e7\u0131k\u0131\u015f portu (1 adet ayarlanabilir, t\u00fcm \u00e7\u0131k\u0131\u015flar kuru kontak r\u00f6le)<\/li>\n<li>Otomatik ve Test \u00e7al\u0131\u015fma modlar\u0131<\/li>\n<li>Tek faz Jenerat\u00f6r voltaj\u0131 ve ak\u0131m\u0131 \u00f6l\u00e7\u00fcm\u00fc<\/li>\n<li>GCB r\u00f6lesinin otomatik veya manuel kontrol\u00fc<\/li>\n<li>T\u00fcm \u00f6l\u00e7\u00fcmler TrueRMS olarak yap\u0131l\u0131r<\/li>\n<li>Motor \u00f6n-\u0131s\u0131tma fonksiyonu<\/li>\n<li>T\u00fcm analog \u00f6l\u00e7\u00fcm giri\u015fleri dijital olarak kalibre edilebilir<\/li>\n<li>Uzaktan \u00e7al\u0131\u015ft\u0131rma \/ durdurma aray\u00fcz\u00fc<\/li>\n<li>Parametre ekran\u0131nda motor \u00e7al\u0131\u015fma saati<\/li>\n<li>\u00d6n panelden Jenerat\u00f6r voltaj\u0131 ve frekans\u0131n\u0131 g\u00f6zlemleyebilme<\/li>\n<li>Dahili start gecikmesi fonksiyonu<\/li>\n<\/ul>\n<p><span id=\"benefits_lnk\" class=\"caption4 text3\">AVANTAJLAR<\/span><\/p>\n<ul>\n<li style=\"list-style-type: none;\">\n<ul>\n<li>\u00dcnitedeki t\u00fcm parametreler \u015fifre korumal\u0131d\u0131r<\/li>\n<li>Uzaktan \u00e7al\u0131\u015ft\u0131rma \/ durdurma fonksiyonu kontrol panelinin uzaktan kullan\u0131m\u0131n\u0131 sa\u011flar<\/li>\n<li>D\u00fc\u015f\u00fck maliyet<\/li>\n<li>Minimal uygulamalar i\u00e7in k\u00fc\u00e7\u00fck mekanik ebat<\/li>\n<\/ul>\n<\/li>\n<\/ul>\n","protected":false},"excerpt":{"rendered":"<h2><strong>Tek Jenerat\u00f6rl\u00fc uygulamalarda verimli ve ekonomik \u00e7\u00f6z\u00fcm<\/strong><\/h2>\n<h3>MSU 2.0 tek Jenerat\u00f6r i\u00e7eren uygulamalarda gerekli olan t\u00fcm fonksiyon ve \u00f6zellikleri i\u00e7inde bar\u0131nd\u0131r\u0131r.<\/h3>\n","protected":false},"featured_media":7602,"comment_status":"closed","ping_status":"closed","template":"","meta":[],"product_brand":[],"product_cat":[780,782],"product_tag":[],"class_list":{"0":"post-7619","1":"product","2":"type-product","3":"status-publish","4":"has-post-thumbnail","6":"product_cat-enko-tr","7":"product_cat-manuel-start-uniteleri-msu-serisi","9":"first","10":"instock","11":"shipping-taxable","12":"product-type-simple"},"yoast_head":"<!-- This site is optimized with the Yoast SEO plugin v24.3 - https:\/\/yoast.com\/wordpress\/plugins\/seo\/ -->\n<title>ENKO MSU 2.0 - CSO TRADING<\/title>\n<meta name=\"robots\" content=\"index, follow, max-snippet:-1, max-image-preview:large, max-video-preview:-1\" \/>\n<link rel=\"canonical\" href=\"https:\/\/csotrading.com\/tr\/product\/enko-msu-2-0\/\" \/>\n<meta property=\"og:locale\" content=\"tr_TR\" \/>\n<meta property=\"og:type\" content=\"article\" \/>\n<meta property=\"og:title\" content=\"ENKO MSU 2.0 - CSO TRADING\" \/>\n<meta property=\"og:description\" content=\"Tek Jenerat\u00f6rl\u00fc uygulamalarda verimli ve ekonomik \u00e7\u00f6z\u00fcm MSU 2.0 tek Jenerat\u00f6r i\u00e7eren uygulamalarda gerekli olan t\u00fcm fonksiyon ve \u00f6zellikleri i\u00e7inde bar\u0131nd\u0131r\u0131r.\" \/>\n<meta property=\"og:url\" content=\"https:\/\/csotrading.com\/tr\/product\/enko-msu-2-0\/\" \/>\n<meta property=\"og:site_name\" content=\"CSO TRADING\" \/>\n<meta property=\"article:modified_time\" content=\"2021-06-27T13:59:34+00:00\" \/>\n<meta property=\"og:image\" content=\"https:\/\/csotrading.com\/wp-content\/uploads\/2021\/06\/thumbnail-6.jpg\" \/>\n\t<meta property=\"og:image:width\" content=\"330\" \/>\n\t<meta property=\"og:image:height\" content=\"248\" \/>\n\t<meta property=\"og:image:type\" content=\"image\/jpeg\" \/>\n<meta name=\"twitter:card\" content=\"summary_large_image\" \/>\n<meta name=\"twitter:label1\" content=\"Tahmini okuma s\u00fcresi\" \/>\n\t<meta name=\"twitter:data1\" content=\"1 dakika\" \/>\n<script type=\"application\/ld+json\" class=\"yoast-schema-graph\">{\"@context\":\"https:\/\/schema.org\",\"@graph\":[{\"@type\":\"WebPage\",\"@id\":\"https:\/\/csotrading.com\/tr\/product\/enko-msu-2-0\/\",\"url\":\"https:\/\/csotrading.com\/tr\/product\/enko-msu-2-0\/\",\"name\":\"ENKO MSU 2.0 - CSO TRADING\",\"isPartOf\":{\"@id\":\"https:\/\/csotrading.com\/#website\"},\"primaryImageOfPage\":{\"@id\":\"https:\/\/csotrading.com\/tr\/product\/enko-msu-2-0\/#primaryimage\"},\"image\":{\"@id\":\"https:\/\/csotrading.com\/tr\/product\/enko-msu-2-0\/#primaryimage\"},\"thumbnailUrl\":\"https:\/\/csotrading.com\/wp-content\/uploads\/2021\/06\/thumbnail-6.jpg\",\"datePublished\":\"2021-06-27T13:59:33+00:00\",\"dateModified\":\"2021-06-27T13:59:34+00:00\",\"breadcrumb\":{\"@id\":\"https:\/\/csotrading.com\/tr\/product\/enko-msu-2-0\/#breadcrumb\"},\"inLanguage\":\"tr\",\"potentialAction\":[{\"@type\":\"ReadAction\",\"target\":[\"https:\/\/csotrading.com\/tr\/product\/enko-msu-2-0\/\"]}]},{\"@type\":\"ImageObject\",\"inLanguage\":\"tr\",\"@id\":\"https:\/\/csotrading.com\/tr\/product\/enko-msu-2-0\/#primaryimage\",\"url\":\"https:\/\/csotrading.com\/wp-content\/uploads\/2021\/06\/thumbnail-6.jpg\",\"contentUrl\":\"https:\/\/csotrading.com\/wp-content\/uploads\/2021\/06\/thumbnail-6.jpg\",\"width\":330,\"height\":248},{\"@type\":\"BreadcrumbList\",\"@id\":\"https:\/\/csotrading.com\/tr\/product\/enko-msu-2-0\/#breadcrumb\",\"itemListElement\":[{\"@type\":\"ListItem\",\"position\":1,\"name\":\"Home\",\"item\":\"https:\/\/csotrading.com\/tr\/\"},{\"@type\":\"ListItem\",\"position\":2,\"name\":\"Ma\u011faza\",\"item\":\"https:\/\/csotrading.com\/magaza\/\"},{\"@type\":\"ListItem\",\"position\":3,\"name\":\"ENKO MSU 2.0\"}]},{\"@type\":\"WebSite\",\"@id\":\"https:\/\/csotrading.com\/#website\",\"url\":\"https:\/\/csotrading.com\/\",\"name\":\"CSO TRADING\",\"description\":\"\",\"potentialAction\":[{\"@type\":\"SearchAction\",\"target\":{\"@type\":\"EntryPoint\",\"urlTemplate\":\"https:\/\/csotrading.com\/?s={search_term_string}\"},\"query-input\":{\"@type\":\"PropertyValueSpecification\",\"valueRequired\":true,\"valueName\":\"search_term_string\"}}],\"inLanguage\":\"tr\"}]}<\/script>\n<!-- \/ Yoast SEO plugin. -->","yoast_head_json":{"title":"ENKO MSU 2.0 - CSO TRADING","robots":{"index":"index","follow":"follow","max-snippet":"max-snippet:-1","max-image-preview":"max-image-preview:large","max-video-preview":"max-video-preview:-1"},"canonical":"https:\/\/csotrading.com\/tr\/product\/enko-msu-2-0\/","og_locale":"tr_TR","og_type":"article","og_title":"ENKO MSU 2.0 - CSO TRADING","og_description":"Tek Jenerat\u00f6rl\u00fc uygulamalarda verimli ve ekonomik \u00e7\u00f6z\u00fcm MSU 2.0 tek Jenerat\u00f6r i\u00e7eren uygulamalarda gerekli olan t\u00fcm fonksiyon ve \u00f6zellikleri i\u00e7inde bar\u0131nd\u0131r\u0131r.","og_url":"https:\/\/csotrading.com\/tr\/product\/enko-msu-2-0\/","og_site_name":"CSO TRADING","article_modified_time":"2021-06-27T13:59:34+00:00","og_image":[{"width":330,"height":248,"url":"https:\/\/csotrading.com\/wp-content\/uploads\/2021\/06\/thumbnail-6.jpg","type":"image\/jpeg"}],"twitter_card":"summary_large_image","twitter_misc":{"Tahmini okuma s\u00fcresi":"1 dakika"},"schema":{"@context":"https:\/\/schema.org","@graph":[{"@type":"WebPage","@id":"https:\/\/csotrading.com\/tr\/product\/enko-msu-2-0\/","url":"https:\/\/csotrading.com\/tr\/product\/enko-msu-2-0\/","name":"ENKO MSU 2.0 - CSO TRADING","isPartOf":{"@id":"https:\/\/csotrading.com\/#website"},"primaryImageOfPage":{"@id":"https:\/\/csotrading.com\/tr\/product\/enko-msu-2-0\/#primaryimage"},"image":{"@id":"https:\/\/csotrading.com\/tr\/product\/enko-msu-2-0\/#primaryimage"},"thumbnailUrl":"https:\/\/csotrading.com\/wp-content\/uploads\/2021\/06\/thumbnail-6.jpg","datePublished":"2021-06-27T13:59:33+00:00","dateModified":"2021-06-27T13:59:34+00:00","breadcrumb":{"@id":"https:\/\/csotrading.com\/tr\/product\/enko-msu-2-0\/#breadcrumb"},"inLanguage":"tr","potentialAction":[{"@type":"ReadAction","target":["https:\/\/csotrading.com\/tr\/product\/enko-msu-2-0\/"]}]},{"@type":"ImageObject","inLanguage":"tr","@id":"https:\/\/csotrading.com\/tr\/product\/enko-msu-2-0\/#primaryimage","url":"https:\/\/csotrading.com\/wp-content\/uploads\/2021\/06\/thumbnail-6.jpg","contentUrl":"https:\/\/csotrading.com\/wp-content\/uploads\/2021\/06\/thumbnail-6.jpg","width":330,"height":248},{"@type":"BreadcrumbList","@id":"https:\/\/csotrading.com\/tr\/product\/enko-msu-2-0\/#breadcrumb","itemListElement":[{"@type":"ListItem","position":1,"name":"Home","item":"https:\/\/csotrading.com\/tr\/"},{"@type":"ListItem","position":2,"name":"Ma\u011faza","item":"https:\/\/csotrading.com\/magaza\/"},{"@type":"ListItem","position":3,"name":"ENKO MSU 2.0"}]},{"@type":"WebSite","@id":"https:\/\/csotrading.com\/#website","url":"https:\/\/csotrading.com\/","name":"CSO TRADING","description":"","potentialAction":[{"@type":"SearchAction","target":{"@type":"EntryPoint","urlTemplate":"https:\/\/csotrading.com\/?s={search_term_string}"},"query-input":{"@type":"PropertyValueSpecification","valueRequired":true,"valueName":"search_term_string"}}],"inLanguage":"tr"}]}},"_links":{"self":[{"href":"https:\/\/csotrading.com\/tr\/wp-json\/wp\/v2\/product\/7619"}],"collection":[{"href":"https:\/\/csotrading.com\/tr\/wp-json\/wp\/v2\/product"}],"about":[{"href":"https:\/\/csotrading.com\/tr\/wp-json\/wp\/v2\/types\/product"}],"replies":[{"embeddable":true,"href":"https:\/\/csotrading.com\/tr\/wp-json\/wp\/v2\/comments?post=7619"}],"wp:featuredmedia":[{"embeddable":true,"href":"https:\/\/csotrading.com\/tr\/wp-json\/wp\/v2\/media\/7602"}],"wp:attachment":[{"href":"https:\/\/csotrading.com\/tr\/wp-json\/wp\/v2\/media?parent=7619"}],"wp:term":[{"taxonomy":"product_brand","embeddable":true,"href":"https:\/\/csotrading.com\/tr\/wp-json\/wp\/v2\/product_brand?post=7619"},{"taxonomy":"product_cat","embeddable":true,"href":"https:\/\/csotrading.com\/tr\/wp-json\/wp\/v2\/product_cat?post=7619"},{"taxonomy":"product_tag","embeddable":true,"href":"https:\/\/csotrading.com\/tr\/wp-json\/wp\/v2\/product_tag?post=7619"}],"curies":[{"name":"wp","href":"https:\/\/api.w.org\/{rel}","templated":true}]}}