{"id":7599,"date":"2021-06-27T14:04:05","date_gmt":"2021-06-27T11:04:05","guid":{"rendered":"https:\/\/csotrading.com\/?post_type=product&#038;p=7599"},"modified":"2021-06-27T14:04:05","modified_gmt":"2021-06-27T11:04:05","slug":"enko-amf-4-0","status":"publish","type":"product","link":"https:\/\/csotrading.com\/tr\/product\/enko-amf-4-0\/","title":{"rendered":"ENKO AMF 4.0"},"content":{"rendered":"<p>AMF4.0 Otomatik \u015febeke Ar\u0131za \u00dcnitesi Y\u00fck ve Dizel Jenerat\u00f6r fonksiyonlar\u0131n\u0131n esnek kontrol\u00fcn\u00fc sa\u011flar. MCB ve GCB r\u00f6leleri \u00fczerindeki verimli kontrol\u00fc sayesinde, tek \u015eebeke\/ Gen-Set uygulamalar\u0131nda y\u00fck kesintisini minimum seviyeye indirger.<\/p>\n<p>Kontrol \u00fcnitesi \u00fczerinde, sistem de\u011ferlerinin takibi i\u00e7in 5 adet dijital ekran bulunur. T\u00fcm voltaj ve ak\u0131mlar skalan\u0131n %1&#8217;inden daha iyi bir hassasiyetle True RMS olarak \u00f6l\u00e7\u00fcl\u00fcr.<\/p>\n<p>Jenerat\u00f6r taraf\u0131n\u0131n ve \u015febekenin 3 faz\u0131n\u0131n da voltaj de\u011ferlerinin \u00f6l\u00e7\u00fclmesinin yan\u0131 s\u0131ra y\u00fck faz ak\u0131mlar\u0131 da \u00f6l\u00e7\u00fcl\u00fcr. Bu sayede g\u00fcvenli \u00e7al\u0131\u015fma i\u00e7in y\u00fck beslemesinin optimum kontrol\u00fc sa\u011flan\u0131r. Ayd\u0131nlatmal\u0131 mimik \u015femas\u0131 sayesine \u00f6n panel kolayl\u0131kla takip edilebilir ve fonksiyonlar\u0131 kontrol edilebilir.<\/p>\n<p>Kapsaml\u0131 men\u00fcs\u00fcnden t\u00fcm sistem parametrelerini ayarlayabilirsiniz. B\u00fct\u00fcn I\/O portlar\u0131n\u0131 uygulaman\u0131n gereksinimlerine g\u00f6re de\u011fi\u015ftirilebilir ve t\u00fcm analog giri\u015fleri sistem men\u00fcs\u00fc arac\u0131l\u0131\u011f\u0131yla kalibre edebilirsiniz. Ayr\u0131ca men\u00fcden direkt olarak \u00f6nceden belirlenmi\u015f s\u0131cakl\u0131k ve bas\u0131n\u00e7 g\u00f6stergelerinin karakteristiklerini se\u00e7ebilirsiniz.<\/p>\n<p>Ba\u015fka kontrol sistemleriyle de aray\u00fcz olu\u015fturabilmek i\u00e7in Uzaktan \u00c7al\u0131\u015ft\u0131rma giri\u015fi mevcuttur. Uzaktan \u00c7al\u0131\u015ft\u0131rma karakteristikleride men\u00fc arac\u0131l\u0131\u011f\u0131yla ayarlanabilir.<\/p>\n","protected":false},"excerpt":{"rendered":"<h2><strong>Kullan\u0131c\u0131 dostu analog bar-graf g\u00f6stergeler&#8230;<\/strong><\/h2>\n<h3>AMF4.0 \u015febekeden ve jenerat\u00f6r bus-barlar\u0131ndan beslenen y\u00fck g\u00fcc\u00fcn\u00fcn esnek kontrol\u00fcn\u00fc sa\u011flar.\u00a0AMF4.2&#8217;nin \u00fczerinde bulunan iki adet analog bar-graf g\u00f6stergeden motor s\u0131cakl\u0131\u011f\u0131 ve ya\u011f bas\u0131nc\u0131 de\u011ferleri okunabilir.<\/h3>\n","protected":false},"featured_media":7578,"comment_status":"closed","ping_status":"closed","template":"","meta":[],"product_brand":[],"product_cat":[780,781],"product_tag":[],"class_list":{"0":"post-7599","1":"product","2":"type-product","3":"status-publish","4":"has-post-thumbnail","6":"product_cat-enko-tr","7":"product_cat-otomatik-genset-kontrol-uniteleri-amf-serisi","9":"first","10":"instock","11":"shipping-taxable","12":"product-type-simple"},"yoast_head":"<!-- This site is optimized with the Yoast SEO plugin v24.3 - https:\/\/yoast.com\/wordpress\/plugins\/seo\/ -->\n<title>ENKO AMF 4.0 - CSO TRADING<\/title>\n<meta name=\"robots\" content=\"index, follow, max-snippet:-1, max-image-preview:large, max-video-preview:-1\" \/>\n<link rel=\"canonical\" href=\"https:\/\/csotrading.com\/tr\/product\/enko-amf-4-0\/\" \/>\n<meta property=\"og:locale\" content=\"tr_TR\" \/>\n<meta property=\"og:type\" content=\"article\" \/>\n<meta property=\"og:title\" content=\"ENKO AMF 4.0 - CSO TRADING\" \/>\n<meta property=\"og:description\" content=\"Kullan\u0131c\u0131 dostu analog bar-graf g\u00f6stergeler... AMF4.0 \u015febekeden ve jenerat\u00f6r bus-barlar\u0131ndan beslenen y\u00fck g\u00fcc\u00fcn\u00fcn esnek kontrol\u00fcn\u00fc sa\u011flar.\u00a0AMF4.2&#039;nin \u00fczerinde bulunan iki adet analog bar-graf g\u00f6stergeden motor s\u0131cakl\u0131\u011f\u0131 ve ya\u011f bas\u0131nc\u0131 de\u011ferleri okunabilir.\" \/>\n<meta property=\"og:url\" content=\"https:\/\/csotrading.com\/tr\/product\/enko-amf-4-0\/\" \/>\n<meta property=\"og:site_name\" content=\"CSO TRADING\" \/>\n<meta property=\"og:image\" content=\"https:\/\/csotrading.com\/wp-content\/uploads\/2021\/06\/thumbnail.jpg\" \/>\n\t<meta property=\"og:image:width\" content=\"330\" \/>\n\t<meta property=\"og:image:height\" content=\"248\" \/>\n\t<meta property=\"og:image:type\" content=\"image\/jpeg\" \/>\n<meta name=\"twitter:card\" content=\"summary_large_image\" \/>\n<meta name=\"twitter:label1\" content=\"Tahmini okuma s\u00fcresi\" \/>\n\t<meta name=\"twitter:data1\" content=\"1 dakika\" \/>\n<script type=\"application\/ld+json\" class=\"yoast-schema-graph\">{\"@context\":\"https:\/\/schema.org\",\"@graph\":[{\"@type\":\"WebPage\",\"@id\":\"https:\/\/csotrading.com\/tr\/product\/enko-amf-4-0\/\",\"url\":\"https:\/\/csotrading.com\/tr\/product\/enko-amf-4-0\/\",\"name\":\"ENKO AMF 4.0 - CSO TRADING\",\"isPartOf\":{\"@id\":\"https:\/\/csotrading.com\/#website\"},\"primaryImageOfPage\":{\"@id\":\"https:\/\/csotrading.com\/tr\/product\/enko-amf-4-0\/#primaryimage\"},\"image\":{\"@id\":\"https:\/\/csotrading.com\/tr\/product\/enko-amf-4-0\/#primaryimage\"},\"thumbnailUrl\":\"https:\/\/csotrading.com\/wp-content\/uploads\/2021\/06\/thumbnail.jpg\",\"datePublished\":\"2021-06-27T11:04:05+00:00\",\"dateModified\":\"2021-06-27T11:04:05+00:00\",\"breadcrumb\":{\"@id\":\"https:\/\/csotrading.com\/tr\/product\/enko-amf-4-0\/#breadcrumb\"},\"inLanguage\":\"tr\",\"potentialAction\":[{\"@type\":\"ReadAction\",\"target\":[\"https:\/\/csotrading.com\/tr\/product\/enko-amf-4-0\/\"]}]},{\"@type\":\"ImageObject\",\"inLanguage\":\"tr\",\"@id\":\"https:\/\/csotrading.com\/tr\/product\/enko-amf-4-0\/#primaryimage\",\"url\":\"https:\/\/csotrading.com\/wp-content\/uploads\/2021\/06\/thumbnail.jpg\",\"contentUrl\":\"https:\/\/csotrading.com\/wp-content\/uploads\/2021\/06\/thumbnail.jpg\",\"width\":330,\"height\":248},{\"@type\":\"BreadcrumbList\",\"@id\":\"https:\/\/csotrading.com\/tr\/product\/enko-amf-4-0\/#breadcrumb\",\"itemListElement\":[{\"@type\":\"ListItem\",\"position\":1,\"name\":\"Home\",\"item\":\"https:\/\/csotrading.com\/tr\/\"},{\"@type\":\"ListItem\",\"position\":2,\"name\":\"Ma\u011faza\",\"item\":\"https:\/\/csotrading.com\/magaza\/\"},{\"@type\":\"ListItem\",\"position\":3,\"name\":\"ENKO AMF 4.0\"}]},{\"@type\":\"WebSite\",\"@id\":\"https:\/\/csotrading.com\/#website\",\"url\":\"https:\/\/csotrading.com\/\",\"name\":\"CSO TRADING\",\"description\":\"\",\"potentialAction\":[{\"@type\":\"SearchAction\",\"target\":{\"@type\":\"EntryPoint\",\"urlTemplate\":\"https:\/\/csotrading.com\/?s={search_term_string}\"},\"query-input\":{\"@type\":\"PropertyValueSpecification\",\"valueRequired\":true,\"valueName\":\"search_term_string\"}}],\"inLanguage\":\"tr\"}]}<\/script>\n<!-- \/ Yoast SEO plugin. -->","yoast_head_json":{"title":"ENKO AMF 4.0 - CSO TRADING","robots":{"index":"index","follow":"follow","max-snippet":"max-snippet:-1","max-image-preview":"max-image-preview:large","max-video-preview":"max-video-preview:-1"},"canonical":"https:\/\/csotrading.com\/tr\/product\/enko-amf-4-0\/","og_locale":"tr_TR","og_type":"article","og_title":"ENKO AMF 4.0 - CSO TRADING","og_description":"Kullan\u0131c\u0131 dostu analog bar-graf g\u00f6stergeler... AMF4.0 \u015febekeden ve jenerat\u00f6r bus-barlar\u0131ndan beslenen y\u00fck g\u00fcc\u00fcn\u00fcn esnek kontrol\u00fcn\u00fc sa\u011flar.\u00a0AMF4.2'nin \u00fczerinde bulunan iki adet analog bar-graf g\u00f6stergeden motor s\u0131cakl\u0131\u011f\u0131 ve ya\u011f bas\u0131nc\u0131 de\u011ferleri okunabilir.","og_url":"https:\/\/csotrading.com\/tr\/product\/enko-amf-4-0\/","og_site_name":"CSO TRADING","og_image":[{"width":330,"height":248,"url":"https:\/\/csotrading.com\/wp-content\/uploads\/2021\/06\/thumbnail.jpg","type":"image\/jpeg"}],"twitter_card":"summary_large_image","twitter_misc":{"Tahmini okuma s\u00fcresi":"1 dakika"},"schema":{"@context":"https:\/\/schema.org","@graph":[{"@type":"WebPage","@id":"https:\/\/csotrading.com\/tr\/product\/enko-amf-4-0\/","url":"https:\/\/csotrading.com\/tr\/product\/enko-amf-4-0\/","name":"ENKO AMF 4.0 - CSO TRADING","isPartOf":{"@id":"https:\/\/csotrading.com\/#website"},"primaryImageOfPage":{"@id":"https:\/\/csotrading.com\/tr\/product\/enko-amf-4-0\/#primaryimage"},"image":{"@id":"https:\/\/csotrading.com\/tr\/product\/enko-amf-4-0\/#primaryimage"},"thumbnailUrl":"https:\/\/csotrading.com\/wp-content\/uploads\/2021\/06\/thumbnail.jpg","datePublished":"2021-06-27T11:04:05+00:00","dateModified":"2021-06-27T11:04:05+00:00","breadcrumb":{"@id":"https:\/\/csotrading.com\/tr\/product\/enko-amf-4-0\/#breadcrumb"},"inLanguage":"tr","potentialAction":[{"@type":"ReadAction","target":["https:\/\/csotrading.com\/tr\/product\/enko-amf-4-0\/"]}]},{"@type":"ImageObject","inLanguage":"tr","@id":"https:\/\/csotrading.com\/tr\/product\/enko-amf-4-0\/#primaryimage","url":"https:\/\/csotrading.com\/wp-content\/uploads\/2021\/06\/thumbnail.jpg","contentUrl":"https:\/\/csotrading.com\/wp-content\/uploads\/2021\/06\/thumbnail.jpg","width":330,"height":248},{"@type":"BreadcrumbList","@id":"https:\/\/csotrading.com\/tr\/product\/enko-amf-4-0\/#breadcrumb","itemListElement":[{"@type":"ListItem","position":1,"name":"Home","item":"https:\/\/csotrading.com\/tr\/"},{"@type":"ListItem","position":2,"name":"Ma\u011faza","item":"https:\/\/csotrading.com\/magaza\/"},{"@type":"ListItem","position":3,"name":"ENKO AMF 4.0"}]},{"@type":"WebSite","@id":"https:\/\/csotrading.com\/#website","url":"https:\/\/csotrading.com\/","name":"CSO TRADING","description":"","potentialAction":[{"@type":"SearchAction","target":{"@type":"EntryPoint","urlTemplate":"https:\/\/csotrading.com\/?s={search_term_string}"},"query-input":{"@type":"PropertyValueSpecification","valueRequired":true,"valueName":"search_term_string"}}],"inLanguage":"tr"}]}},"_links":{"self":[{"href":"https:\/\/csotrading.com\/tr\/wp-json\/wp\/v2\/product\/7599"}],"collection":[{"href":"https:\/\/csotrading.com\/tr\/wp-json\/wp\/v2\/product"}],"about":[{"href":"https:\/\/csotrading.com\/tr\/wp-json\/wp\/v2\/types\/product"}],"replies":[{"embeddable":true,"href":"https:\/\/csotrading.com\/tr\/wp-json\/wp\/v2\/comments?post=7599"}],"wp:featuredmedia":[{"embeddable":true,"href":"https:\/\/csotrading.com\/tr\/wp-json\/wp\/v2\/media\/7578"}],"wp:attachment":[{"href":"https:\/\/csotrading.com\/tr\/wp-json\/wp\/v2\/media?parent=7599"}],"wp:term":[{"taxonomy":"product_brand","embeddable":true,"href":"https:\/\/csotrading.com\/tr\/wp-json\/wp\/v2\/product_brand?post=7599"},{"taxonomy":"product_cat","embeddable":true,"href":"https:\/\/csotrading.com\/tr\/wp-json\/wp\/v2\/product_cat?post=7599"},{"taxonomy":"product_tag","embeddable":true,"href":"https:\/\/csotrading.com\/tr\/wp-json\/wp\/v2\/product_tag?post=7599"}],"curies":[{"name":"wp","href":"https:\/\/api.w.org\/{rel}","templated":true}]}}