{"id":7598,"date":"2021-06-27T14:03:08","date_gmt":"2021-06-27T11:03:08","guid":{"rendered":"https:\/\/csotrading.com\/?post_type=product&#038;p=7598"},"modified":"2021-06-27T14:03:08","modified_gmt":"2021-06-27T11:03:08","slug":"enko-amf-3-4l","status":"publish","type":"product","link":"https:\/\/csotrading.com\/tr\/product\/enko-amf-3-4l\/","title":{"rendered":"ENKO AMF 3.4L"},"content":{"rendered":"<p>AMF 3.4L y\u00fcksek i\u015flemci g\u00fcc\u00fc gerektiren \u015eebeke ve Gen-Set kontrol uygulamalar\u0131nda kullan\u0131lmak \u00fczere tasarlanm\u0131\u015f bir Otomatik \u015eebeke Ar\u0131za \u00fcnitesidir. \u0130htiyaca g\u00f6re hem tek, hem de 3 faz \u015febeke ve jenerat\u00f6r sistemlerinde kullan\u0131labilir.<\/p>\n<p>True RMS olarak 3 faz \u015febeke ve 3 faz jenerat\u00f6r voltaj\u0131n\u0131 \u00f6l\u00e7menin yan\u0131 s\u0131ra, AMF3.4L 3 faz jenerat\u00f6r y\u00fck g\u00fcc\u00fcn\u00fc de \u00f6l\u00e7er. Jenerat\u00f6re faz s\u0131ras\u0131 ve Ters G\u00fc\u00e7 Korumas\u0131 sa\u011flar.<\/p>\n<p>Ki\u015fiye \u00f6zel uygulamalar i\u00e7in yard\u0131mc\u0131 I\/O portlar\u0131n\u0131n tamam\u0131 programlanabilir. AMF3.4L\u2019nin kapsaml\u0131 men\u00fcs\u00fc t\u00fcm giri\u015f ve \u00e7\u0131k\u0131\u015flar\u0131n kontrol\u00fcn\u00fc sa\u011flar.\u00a0<strong>ENKO Pro-<em>Link\u00a0<\/em><\/strong>yaz\u0131l\u0131m\u0131 kullan\u0131larak PC arac\u0131l\u0131\u011f\u0131yla b\u00fct\u00fcn parametreler ayarlanabilir. Tercihen parametre ayarlar\u0131 i\u00e7in \u00fcnitenin \u00f6n paneli de kullan\u0131labilir. Opsiyonel GSM aray\u00fcz mod\u00fcl\u00fc sayesinde SMS mesaj at\u0131labilir. Kontrol \u00fcnitesi uzaktan programlama fonksiyonuna sahiptir.<\/p>\n<p>AMF3.4L&#8217;nin \u00fczerinde bulunan grafik ekran sayesinde, \u00e7al\u0131\u015fma ve programlama s\u0131ras\u0131nda t\u00fcm parametreleri kolayca takip edebilirsiniz. Kontrol \u00fcnitesinde 3 adet sens\u00f6r giri\u015fi mevcuttur ve men\u00fcden yap\u0131lan ayarlamalarla bu giri\u015fler her t\u00fcrl\u00fc sens\u00f6re uyarlanabilir. Toplamda 13 tane I\/O portu bulunur ve bir\u00e7o\u011fu kullan\u0131c\u0131 taraf\u0131ndan ayarlanabilir.<\/p>\n<p>Kontrol \u00fcnitesi y\u00fck g\u00fcc\u00fcn\u00fc de \u00f6l\u00e7er ve men\u00fcde adanm\u0131\u015f olan fonksiyonlarla beraber kullan\u0131labilir. \u0130ste\u011fe ba\u011fl\u0131 olarak y\u00fck\u00fcn aktif ve\/veya reaktif g\u00fcc\u00fcne g\u00f6re kararlar verilebilir. Toplam biriken aktif\/reaktif g\u00fc\u00e7te \u00f6l\u00e7\u00fcl\u00fcr ve kaydedilir.<\/p>\n<p>AMF3.4L&#8217;nin i\u00e7inde bar\u0131nd\u0131rd\u0131\u011f\u0131 ger\u00e7ek zamanl\u0131 saat sayesinde periyodik test \u00e7al\u0131\u015fmalar\u0131n\u0131 ve\/veya belirli g\u00fcn ve saatlerde jenerat\u00f6r\u00fc devre d\u0131\u015f\u0131 b\u0131rakmak gibi haftal\u0131k ve\/veya ayl\u0131k kontrol programlar\u0131 tan\u0131mlanabilir. Motor h\u0131z\u0131n\u0131n g\u00fcvenilir ve hassas \u00f6l\u00e7\u00fcm\u00fc i\u00e7in Magnetic Pick-up giri\u015fi mevcuttur.<\/p>\n","protected":false},"excerpt":{"rendered":"<h2><strong>Ak\u0131ll\u0131 sistem y\u00f6-netimi ve ger\u00e7ek zamanl\u0131 saat ile Gen-Set&#8217; lerde esnek kontrol&#8230;<\/strong><\/h2>\n<h3>AMF 3.4 y\u00fcksek talepleri olan uygulamalar i\u00e7in tasarlanm\u0131\u015ft\u0131r. Esnek men\u00fcs\u00fc, kullan\u0131c\u0131ya \u00f6zel uygulamalar sa\u011flar.\u00a0Ger\u00e7ek zamanl\u0131 saat fonksiyonu sayesinde kullan\u0131c\u0131lar, jenerat\u00f6rlere haftal\u0131k \u00e7al\u0131\u015fma programlar\u0131 verilebilir.<\/h3>\n","protected":false},"featured_media":7591,"comment_status":"closed","ping_status":"closed","template":"","meta":[],"product_brand":[],"product_cat":[780,781],"product_tag":[],"class_list":{"0":"post-7598","1":"product","2":"type-product","3":"status-publish","4":"has-post-thumbnail","6":"product_cat-enko-tr","7":"product_cat-otomatik-genset-kontrol-uniteleri-amf-serisi","9":"first","10":"instock","11":"shipping-taxable","12":"product-type-simple"},"yoast_head":"<!-- This site is optimized with the Yoast SEO plugin v24.3 - https:\/\/yoast.com\/wordpress\/plugins\/seo\/ -->\n<title>ENKO AMF 3.4L - CSO TRADING<\/title>\n<meta name=\"robots\" content=\"index, follow, max-snippet:-1, max-image-preview:large, max-video-preview:-1\" \/>\n<link rel=\"canonical\" href=\"https:\/\/csotrading.com\/tr\/product\/enko-amf-3-4l\/\" \/>\n<meta property=\"og:locale\" content=\"tr_TR\" \/>\n<meta property=\"og:type\" content=\"article\" \/>\n<meta property=\"og:title\" content=\"ENKO AMF 3.4L - CSO TRADING\" \/>\n<meta property=\"og:description\" content=\"Ak\u0131ll\u0131 sistem y\u00f6-netimi ve ger\u00e7ek zamanl\u0131 saat ile Gen-Set&#039; lerde esnek kontrol... AMF 3.4 y\u00fcksek talepleri olan uygulamalar i\u00e7in tasarlanm\u0131\u015ft\u0131r. Esnek men\u00fcs\u00fc, kullan\u0131c\u0131ya \u00f6zel uygulamalar sa\u011flar.\u00a0Ger\u00e7ek zamanl\u0131 saat fonksiyonu sayesinde kullan\u0131c\u0131lar, jenerat\u00f6rlere haftal\u0131k \u00e7al\u0131\u015fma programlar\u0131 verilebilir.\" \/>\n<meta property=\"og:url\" content=\"https:\/\/csotrading.com\/tr\/product\/enko-amf-3-4l\/\" \/>\n<meta property=\"og:site_name\" content=\"CSO TRADING\" \/>\n<meta property=\"og:image\" content=\"https:\/\/csotrading.com\/wp-content\/uploads\/2021\/06\/thumbnail-4.jpg\" \/>\n\t<meta property=\"og:image:width\" content=\"330\" \/>\n\t<meta property=\"og:image:height\" content=\"248\" \/>\n\t<meta property=\"og:image:type\" content=\"image\/jpeg\" \/>\n<meta name=\"twitter:card\" content=\"summary_large_image\" \/>\n<meta name=\"twitter:label1\" content=\"Tahmini okuma s\u00fcresi\" \/>\n\t<meta name=\"twitter:data1\" content=\"1 dakika\" \/>\n<script type=\"application\/ld+json\" class=\"yoast-schema-graph\">{\"@context\":\"https:\/\/schema.org\",\"@graph\":[{\"@type\":\"WebPage\",\"@id\":\"https:\/\/csotrading.com\/tr\/product\/enko-amf-3-4l\/\",\"url\":\"https:\/\/csotrading.com\/tr\/product\/enko-amf-3-4l\/\",\"name\":\"ENKO AMF 3.4L - CSO TRADING\",\"isPartOf\":{\"@id\":\"https:\/\/csotrading.com\/#website\"},\"primaryImageOfPage\":{\"@id\":\"https:\/\/csotrading.com\/tr\/product\/enko-amf-3-4l\/#primaryimage\"},\"image\":{\"@id\":\"https:\/\/csotrading.com\/tr\/product\/enko-amf-3-4l\/#primaryimage\"},\"thumbnailUrl\":\"https:\/\/csotrading.com\/wp-content\/uploads\/2021\/06\/thumbnail-4.jpg\",\"datePublished\":\"2021-06-27T11:03:08+00:00\",\"dateModified\":\"2021-06-27T11:03:08+00:00\",\"breadcrumb\":{\"@id\":\"https:\/\/csotrading.com\/tr\/product\/enko-amf-3-4l\/#breadcrumb\"},\"inLanguage\":\"tr\",\"potentialAction\":[{\"@type\":\"ReadAction\",\"target\":[\"https:\/\/csotrading.com\/tr\/product\/enko-amf-3-4l\/\"]}]},{\"@type\":\"ImageObject\",\"inLanguage\":\"tr\",\"@id\":\"https:\/\/csotrading.com\/tr\/product\/enko-amf-3-4l\/#primaryimage\",\"url\":\"https:\/\/csotrading.com\/wp-content\/uploads\/2021\/06\/thumbnail-4.jpg\",\"contentUrl\":\"https:\/\/csotrading.com\/wp-content\/uploads\/2021\/06\/thumbnail-4.jpg\",\"width\":330,\"height\":248},{\"@type\":\"BreadcrumbList\",\"@id\":\"https:\/\/csotrading.com\/tr\/product\/enko-amf-3-4l\/#breadcrumb\",\"itemListElement\":[{\"@type\":\"ListItem\",\"position\":1,\"name\":\"Home\",\"item\":\"https:\/\/csotrading.com\/tr\/\"},{\"@type\":\"ListItem\",\"position\":2,\"name\":\"Ma\u011faza\",\"item\":\"https:\/\/csotrading.com\/magaza\/\"},{\"@type\":\"ListItem\",\"position\":3,\"name\":\"ENKO AMF 3.4L\"}]},{\"@type\":\"WebSite\",\"@id\":\"https:\/\/csotrading.com\/#website\",\"url\":\"https:\/\/csotrading.com\/\",\"name\":\"CSO TRADING\",\"description\":\"\",\"potentialAction\":[{\"@type\":\"SearchAction\",\"target\":{\"@type\":\"EntryPoint\",\"urlTemplate\":\"https:\/\/csotrading.com\/?s={search_term_string}\"},\"query-input\":{\"@type\":\"PropertyValueSpecification\",\"valueRequired\":true,\"valueName\":\"search_term_string\"}}],\"inLanguage\":\"tr\"}]}<\/script>\n<!-- \/ Yoast SEO plugin. -->","yoast_head_json":{"title":"ENKO AMF 3.4L - CSO TRADING","robots":{"index":"index","follow":"follow","max-snippet":"max-snippet:-1","max-image-preview":"max-image-preview:large","max-video-preview":"max-video-preview:-1"},"canonical":"https:\/\/csotrading.com\/tr\/product\/enko-amf-3-4l\/","og_locale":"tr_TR","og_type":"article","og_title":"ENKO AMF 3.4L - CSO TRADING","og_description":"Ak\u0131ll\u0131 sistem y\u00f6-netimi ve ger\u00e7ek zamanl\u0131 saat ile Gen-Set' lerde esnek kontrol... AMF 3.4 y\u00fcksek talepleri olan uygulamalar i\u00e7in tasarlanm\u0131\u015ft\u0131r. Esnek men\u00fcs\u00fc, kullan\u0131c\u0131ya \u00f6zel uygulamalar sa\u011flar.\u00a0Ger\u00e7ek zamanl\u0131 saat fonksiyonu sayesinde kullan\u0131c\u0131lar, jenerat\u00f6rlere haftal\u0131k \u00e7al\u0131\u015fma programlar\u0131 verilebilir.","og_url":"https:\/\/csotrading.com\/tr\/product\/enko-amf-3-4l\/","og_site_name":"CSO TRADING","og_image":[{"width":330,"height":248,"url":"https:\/\/csotrading.com\/wp-content\/uploads\/2021\/06\/thumbnail-4.jpg","type":"image\/jpeg"}],"twitter_card":"summary_large_image","twitter_misc":{"Tahmini okuma s\u00fcresi":"1 dakika"},"schema":{"@context":"https:\/\/schema.org","@graph":[{"@type":"WebPage","@id":"https:\/\/csotrading.com\/tr\/product\/enko-amf-3-4l\/","url":"https:\/\/csotrading.com\/tr\/product\/enko-amf-3-4l\/","name":"ENKO AMF 3.4L - CSO TRADING","isPartOf":{"@id":"https:\/\/csotrading.com\/#website"},"primaryImageOfPage":{"@id":"https:\/\/csotrading.com\/tr\/product\/enko-amf-3-4l\/#primaryimage"},"image":{"@id":"https:\/\/csotrading.com\/tr\/product\/enko-amf-3-4l\/#primaryimage"},"thumbnailUrl":"https:\/\/csotrading.com\/wp-content\/uploads\/2021\/06\/thumbnail-4.jpg","datePublished":"2021-06-27T11:03:08+00:00","dateModified":"2021-06-27T11:03:08+00:00","breadcrumb":{"@id":"https:\/\/csotrading.com\/tr\/product\/enko-amf-3-4l\/#breadcrumb"},"inLanguage":"tr","potentialAction":[{"@type":"ReadAction","target":["https:\/\/csotrading.com\/tr\/product\/enko-amf-3-4l\/"]}]},{"@type":"ImageObject","inLanguage":"tr","@id":"https:\/\/csotrading.com\/tr\/product\/enko-amf-3-4l\/#primaryimage","url":"https:\/\/csotrading.com\/wp-content\/uploads\/2021\/06\/thumbnail-4.jpg","contentUrl":"https:\/\/csotrading.com\/wp-content\/uploads\/2021\/06\/thumbnail-4.jpg","width":330,"height":248},{"@type":"BreadcrumbList","@id":"https:\/\/csotrading.com\/tr\/product\/enko-amf-3-4l\/#breadcrumb","itemListElement":[{"@type":"ListItem","position":1,"name":"Home","item":"https:\/\/csotrading.com\/tr\/"},{"@type":"ListItem","position":2,"name":"Ma\u011faza","item":"https:\/\/csotrading.com\/magaza\/"},{"@type":"ListItem","position":3,"name":"ENKO AMF 3.4L"}]},{"@type":"WebSite","@id":"https:\/\/csotrading.com\/#website","url":"https:\/\/csotrading.com\/","name":"CSO TRADING","description":"","potentialAction":[{"@type":"SearchAction","target":{"@type":"EntryPoint","urlTemplate":"https:\/\/csotrading.com\/?s={search_term_string}"},"query-input":{"@type":"PropertyValueSpecification","valueRequired":true,"valueName":"search_term_string"}}],"inLanguage":"tr"}]}},"_links":{"self":[{"href":"https:\/\/csotrading.com\/tr\/wp-json\/wp\/v2\/product\/7598"}],"collection":[{"href":"https:\/\/csotrading.com\/tr\/wp-json\/wp\/v2\/product"}],"about":[{"href":"https:\/\/csotrading.com\/tr\/wp-json\/wp\/v2\/types\/product"}],"replies":[{"embeddable":true,"href":"https:\/\/csotrading.com\/tr\/wp-json\/wp\/v2\/comments?post=7598"}],"wp:featuredmedia":[{"embeddable":true,"href":"https:\/\/csotrading.com\/tr\/wp-json\/wp\/v2\/media\/7591"}],"wp:attachment":[{"href":"https:\/\/csotrading.com\/tr\/wp-json\/wp\/v2\/media?parent=7598"}],"wp:term":[{"taxonomy":"product_brand","embeddable":true,"href":"https:\/\/csotrading.com\/tr\/wp-json\/wp\/v2\/product_brand?post=7598"},{"taxonomy":"product_cat","embeddable":true,"href":"https:\/\/csotrading.com\/tr\/wp-json\/wp\/v2\/product_cat?post=7598"},{"taxonomy":"product_tag","embeddable":true,"href":"https:\/\/csotrading.com\/tr\/wp-json\/wp\/v2\/product_tag?post=7598"}],"curies":[{"name":"wp","href":"https:\/\/api.w.org\/{rel}","templated":true}]}}