{"id":7597,"date":"2021-06-27T14:01:50","date_gmt":"2021-06-27T11:01:50","guid":{"rendered":"https:\/\/csotrading.com\/?post_type=product&#038;p=7597"},"modified":"2021-06-27T14:01:51","modified_gmt":"2021-06-27T11:01:51","slug":"enko-amf-3-4","status":"publish","type":"product","link":"https:\/\/csotrading.com\/tr\/product\/enko-amf-3-4\/","title":{"rendered":"ENKO AMF 3.4"},"content":{"rendered":"<p>AMF 3.4 y\u00fcksek i\u015flem g\u00fcc\u00fcne ihtiya\u00e7 duyulan \u015eebeke ve Gen-Set kontrol uygulamalar\u0131nda kullan\u0131lmak \u00fczere tasarlanm\u0131\u015f bir tam Otomatik \u015eebeke Ar\u0131za \u00fcnitesidir. Gereksinime ba\u011fl\u0131 olarak tek veya 3 faz \u015febeke ve jenerat\u00f6r sistemlerinde kullan\u0131labilir.<\/p>\n<p>3 faz \u015febeke ve 3 faz jenerat\u00f6r voltaj\u0131 True RMS olarak \u00f6l\u00e7\u00fcl\u00fcr ve bunun yan\u0131s\u0131ra 3 faz jenerat\u00f6r y\u00fck ak\u0131m\u0131 da \u00f6l\u00e7\u00fcl\u00fcr. Jenerat\u00f6re faz s\u0131ras\u0131 ve Ters G\u00fc\u00e7 Korumas\u0131 sa\u011flan\u0131r.<\/p>\n<p>Kullan\u0131c\u0131 \u00f6zel uygulamalar i\u00e7in yard\u0131mc\u0131 I\/O portlar\u0131n\u0131 programlayabilir. AMF 3.4&#8217;\u00fcn kapsaml\u0131 men\u00fcs\u00fc, b\u00fct\u00fcn I\/O&#8217;lar\u0131n kontrol\u00fcn\u00fc sa\u011flar ve her parametre\u00a0<strong>ENKO Pro-<em>Link\u00a0<\/em><\/strong>yaz\u0131l\u0131m\u0131 sayesinde PC \u00fczerinden ayarlanabilir. \u0130ste\u011fe g\u00f6re parametreler \u00f6n panelden de ayarlanabilir. Opsiyonlu GSM aray\u00fcz mod\u00fcl\u00fc sayesinde SMS mesaj g\u00f6nderilebilir. Ayr\u0131ca kontrol \u00fcnitesi uzaktan programlanabilir.<\/p>\n<p>Kontrol de\u011fi\u015fkenlerinin bir \u00e7o\u011fu gereksinime ba\u011fl\u0131 olarak \u00f6n panelde g\u00f6sterilebilir. AMF 3.4&#8217;\u00fcn \u00fczerinde 3 adet analog sens\u00f6r giri\u015fi bulunmaktad\u0131r ve men\u00fcden yap\u0131lan ayarlama ile herhangi bir sens\u00f6r tipine uygun hale getirilebilir. Bir \u00e7o\u011fu kullan\u0131c\u0131 taraf\u0131ndan programlanabilen toplam 13 adet I\/O portu bulunmaktad\u0131r.<\/p>\n<p>AMF 3.4 y\u00fck g\u00fcc\u00fcn\u00fc de \u00f6l\u00e7er ve men\u00fcde adanm\u0131\u015f olan bir \u00e7ok fonksiyonla birlikte kullan\u0131labilir. Kararlar, y\u00fck\u00fcn aktif ve\/veya reaktif g\u00fcc\u00fcne g\u00f6re verilebilir. Ayr\u0131ca toplam biriken aktif\/reaktif g\u00fc\u00e7te \u00f6l\u00e7\u00fcl\u00fcp kaydedilir.<\/p>\n<p>AMF 3.4&#8217;\u00fcn i\u00e7inde bulunan ger\u00e7ek zamanl\u0131 saat sayesinde haftal\u0131k ve\/veya ayl\u0131k jenerat\u00f6r kontrol programlar\u0131 tan\u0131mlanabilir. B\u00f6ylece periyodik test s\u00fcr\u00fc\u015f\u00fc ve\/veya g\u00fcn\u00fcn belli saat veya g\u00fcnlerinde jenerat\u00f6r\u00fcn devre d\u0131\u015f\u0131 kalmas\u0131 gibi \u00f6zellikler tan\u0131mlayabilirsiniz.\u00a0G\u00fcvenilir ve hassas motor h\u0131z kontrol\u00fc ve \u00f6l\u00e7\u00fcm\u00fc i\u00e7in Magnetic Pick-up giri\u015fi mevcuttur.<\/p>\n","protected":false},"excerpt":{"rendered":"<h2><strong>Ak\u0131ll\u0131 sistem y\u00f6-netimi ve ger\u00e7ek zamanl\u0131 saat ile Gen-Set&#8217; lerde esnek kontrol&#8230;<\/strong><\/h2>\n<h3>AMF 3.4 y\u00fcksek talepleri olan uygulamalar i\u00e7in tasarlanm\u0131\u015ft\u0131r. Esnek men\u00fcs\u00fc, kullan\u0131c\u0131ya \u00f6zel uygulamalar sa\u011flar.\u00a0Ger\u00e7ek zamanl\u0131 saat fonksiyonu sayesinde kullan\u0131c\u0131lar, jenerat\u00f6rlere haftal\u0131k \u00e7al\u0131\u015fma programlar\u0131 verilebilir.<\/h3>\n","protected":false},"featured_media":7589,"comment_status":"closed","ping_status":"closed","template":"","meta":[],"product_brand":[],"product_cat":[780,781],"product_tag":[],"class_list":{"0":"post-7597","1":"product","2":"type-product","3":"status-publish","4":"has-post-thumbnail","6":"product_cat-enko-tr","7":"product_cat-otomatik-genset-kontrol-uniteleri-amf-serisi","9":"first","10":"instock","11":"shipping-taxable","12":"product-type-simple"},"yoast_head":"<!-- This site is optimized with the Yoast SEO plugin v24.3 - https:\/\/yoast.com\/wordpress\/plugins\/seo\/ -->\n<title>ENKO AMF 3.4 - CSO TRADING<\/title>\n<meta name=\"robots\" content=\"index, follow, max-snippet:-1, max-image-preview:large, max-video-preview:-1\" \/>\n<link rel=\"canonical\" href=\"https:\/\/csotrading.com\/tr\/product\/enko-amf-3-4\/\" \/>\n<meta property=\"og:locale\" content=\"tr_TR\" \/>\n<meta property=\"og:type\" content=\"article\" \/>\n<meta property=\"og:title\" content=\"ENKO AMF 3.4 - CSO TRADING\" \/>\n<meta property=\"og:description\" content=\"Ak\u0131ll\u0131 sistem y\u00f6-netimi ve ger\u00e7ek zamanl\u0131 saat ile Gen-Set&#039; lerde esnek kontrol... AMF 3.4 y\u00fcksek talepleri olan uygulamalar i\u00e7in tasarlanm\u0131\u015ft\u0131r. Esnek men\u00fcs\u00fc, kullan\u0131c\u0131ya \u00f6zel uygulamalar sa\u011flar.\u00a0Ger\u00e7ek zamanl\u0131 saat fonksiyonu sayesinde kullan\u0131c\u0131lar, jenerat\u00f6rlere haftal\u0131k \u00e7al\u0131\u015fma programlar\u0131 verilebilir.\" \/>\n<meta property=\"og:url\" content=\"https:\/\/csotrading.com\/tr\/product\/enko-amf-3-4\/\" \/>\n<meta property=\"og:site_name\" content=\"CSO TRADING\" \/>\n<meta property=\"article:modified_time\" content=\"2021-06-27T11:01:51+00:00\" \/>\n<meta property=\"og:image\" content=\"https:\/\/csotrading.com\/wp-content\/uploads\/2021\/06\/thumbnail-3.jpg\" \/>\n\t<meta property=\"og:image:width\" content=\"330\" \/>\n\t<meta property=\"og:image:height\" content=\"248\" \/>\n\t<meta property=\"og:image:type\" content=\"image\/jpeg\" \/>\n<meta name=\"twitter:card\" content=\"summary_large_image\" \/>\n<meta name=\"twitter:label1\" content=\"Tahmini okuma s\u00fcresi\" \/>\n\t<meta name=\"twitter:data1\" content=\"1 dakika\" \/>\n<script type=\"application\/ld+json\" class=\"yoast-schema-graph\">{\"@context\":\"https:\/\/schema.org\",\"@graph\":[{\"@type\":\"WebPage\",\"@id\":\"https:\/\/csotrading.com\/tr\/product\/enko-amf-3-4\/\",\"url\":\"https:\/\/csotrading.com\/tr\/product\/enko-amf-3-4\/\",\"name\":\"ENKO AMF 3.4 - CSO TRADING\",\"isPartOf\":{\"@id\":\"https:\/\/csotrading.com\/#website\"},\"primaryImageOfPage\":{\"@id\":\"https:\/\/csotrading.com\/tr\/product\/enko-amf-3-4\/#primaryimage\"},\"image\":{\"@id\":\"https:\/\/csotrading.com\/tr\/product\/enko-amf-3-4\/#primaryimage\"},\"thumbnailUrl\":\"https:\/\/csotrading.com\/wp-content\/uploads\/2021\/06\/thumbnail-3.jpg\",\"datePublished\":\"2021-06-27T11:01:50+00:00\",\"dateModified\":\"2021-06-27T11:01:51+00:00\",\"breadcrumb\":{\"@id\":\"https:\/\/csotrading.com\/tr\/product\/enko-amf-3-4\/#breadcrumb\"},\"inLanguage\":\"tr\",\"potentialAction\":[{\"@type\":\"ReadAction\",\"target\":[\"https:\/\/csotrading.com\/tr\/product\/enko-amf-3-4\/\"]}]},{\"@type\":\"ImageObject\",\"inLanguage\":\"tr\",\"@id\":\"https:\/\/csotrading.com\/tr\/product\/enko-amf-3-4\/#primaryimage\",\"url\":\"https:\/\/csotrading.com\/wp-content\/uploads\/2021\/06\/thumbnail-3.jpg\",\"contentUrl\":\"https:\/\/csotrading.com\/wp-content\/uploads\/2021\/06\/thumbnail-3.jpg\",\"width\":330,\"height\":248},{\"@type\":\"BreadcrumbList\",\"@id\":\"https:\/\/csotrading.com\/tr\/product\/enko-amf-3-4\/#breadcrumb\",\"itemListElement\":[{\"@type\":\"ListItem\",\"position\":1,\"name\":\"Home\",\"item\":\"https:\/\/csotrading.com\/tr\/\"},{\"@type\":\"ListItem\",\"position\":2,\"name\":\"Ma\u011faza\",\"item\":\"https:\/\/csotrading.com\/magaza\/\"},{\"@type\":\"ListItem\",\"position\":3,\"name\":\"ENKO AMF 3.4\"}]},{\"@type\":\"WebSite\",\"@id\":\"https:\/\/csotrading.com\/#website\",\"url\":\"https:\/\/csotrading.com\/\",\"name\":\"CSO TRADING\",\"description\":\"\",\"potentialAction\":[{\"@type\":\"SearchAction\",\"target\":{\"@type\":\"EntryPoint\",\"urlTemplate\":\"https:\/\/csotrading.com\/?s={search_term_string}\"},\"query-input\":{\"@type\":\"PropertyValueSpecification\",\"valueRequired\":true,\"valueName\":\"search_term_string\"}}],\"inLanguage\":\"tr\"}]}<\/script>\n<!-- \/ Yoast SEO plugin. -->","yoast_head_json":{"title":"ENKO AMF 3.4 - CSO TRADING","robots":{"index":"index","follow":"follow","max-snippet":"max-snippet:-1","max-image-preview":"max-image-preview:large","max-video-preview":"max-video-preview:-1"},"canonical":"https:\/\/csotrading.com\/tr\/product\/enko-amf-3-4\/","og_locale":"tr_TR","og_type":"article","og_title":"ENKO AMF 3.4 - CSO TRADING","og_description":"Ak\u0131ll\u0131 sistem y\u00f6-netimi ve ger\u00e7ek zamanl\u0131 saat ile Gen-Set' lerde esnek kontrol... AMF 3.4 y\u00fcksek talepleri olan uygulamalar i\u00e7in tasarlanm\u0131\u015ft\u0131r. Esnek men\u00fcs\u00fc, kullan\u0131c\u0131ya \u00f6zel uygulamalar sa\u011flar.\u00a0Ger\u00e7ek zamanl\u0131 saat fonksiyonu sayesinde kullan\u0131c\u0131lar, jenerat\u00f6rlere haftal\u0131k \u00e7al\u0131\u015fma programlar\u0131 verilebilir.","og_url":"https:\/\/csotrading.com\/tr\/product\/enko-amf-3-4\/","og_site_name":"CSO TRADING","article_modified_time":"2021-06-27T11:01:51+00:00","og_image":[{"width":330,"height":248,"url":"https:\/\/csotrading.com\/wp-content\/uploads\/2021\/06\/thumbnail-3.jpg","type":"image\/jpeg"}],"twitter_card":"summary_large_image","twitter_misc":{"Tahmini okuma s\u00fcresi":"1 dakika"},"schema":{"@context":"https:\/\/schema.org","@graph":[{"@type":"WebPage","@id":"https:\/\/csotrading.com\/tr\/product\/enko-amf-3-4\/","url":"https:\/\/csotrading.com\/tr\/product\/enko-amf-3-4\/","name":"ENKO AMF 3.4 - CSO TRADING","isPartOf":{"@id":"https:\/\/csotrading.com\/#website"},"primaryImageOfPage":{"@id":"https:\/\/csotrading.com\/tr\/product\/enko-amf-3-4\/#primaryimage"},"image":{"@id":"https:\/\/csotrading.com\/tr\/product\/enko-amf-3-4\/#primaryimage"},"thumbnailUrl":"https:\/\/csotrading.com\/wp-content\/uploads\/2021\/06\/thumbnail-3.jpg","datePublished":"2021-06-27T11:01:50+00:00","dateModified":"2021-06-27T11:01:51+00:00","breadcrumb":{"@id":"https:\/\/csotrading.com\/tr\/product\/enko-amf-3-4\/#breadcrumb"},"inLanguage":"tr","potentialAction":[{"@type":"ReadAction","target":["https:\/\/csotrading.com\/tr\/product\/enko-amf-3-4\/"]}]},{"@type":"ImageObject","inLanguage":"tr","@id":"https:\/\/csotrading.com\/tr\/product\/enko-amf-3-4\/#primaryimage","url":"https:\/\/csotrading.com\/wp-content\/uploads\/2021\/06\/thumbnail-3.jpg","contentUrl":"https:\/\/csotrading.com\/wp-content\/uploads\/2021\/06\/thumbnail-3.jpg","width":330,"height":248},{"@type":"BreadcrumbList","@id":"https:\/\/csotrading.com\/tr\/product\/enko-amf-3-4\/#breadcrumb","itemListElement":[{"@type":"ListItem","position":1,"name":"Home","item":"https:\/\/csotrading.com\/tr\/"},{"@type":"ListItem","position":2,"name":"Ma\u011faza","item":"https:\/\/csotrading.com\/magaza\/"},{"@type":"ListItem","position":3,"name":"ENKO AMF 3.4"}]},{"@type":"WebSite","@id":"https:\/\/csotrading.com\/#website","url":"https:\/\/csotrading.com\/","name":"CSO TRADING","description":"","potentialAction":[{"@type":"SearchAction","target":{"@type":"EntryPoint","urlTemplate":"https:\/\/csotrading.com\/?s={search_term_string}"},"query-input":{"@type":"PropertyValueSpecification","valueRequired":true,"valueName":"search_term_string"}}],"inLanguage":"tr"}]}},"_links":{"self":[{"href":"https:\/\/csotrading.com\/tr\/wp-json\/wp\/v2\/product\/7597"}],"collection":[{"href":"https:\/\/csotrading.com\/tr\/wp-json\/wp\/v2\/product"}],"about":[{"href":"https:\/\/csotrading.com\/tr\/wp-json\/wp\/v2\/types\/product"}],"replies":[{"embeddable":true,"href":"https:\/\/csotrading.com\/tr\/wp-json\/wp\/v2\/comments?post=7597"}],"wp:featuredmedia":[{"embeddable":true,"href":"https:\/\/csotrading.com\/tr\/wp-json\/wp\/v2\/media\/7589"}],"wp:attachment":[{"href":"https:\/\/csotrading.com\/tr\/wp-json\/wp\/v2\/media?parent=7597"}],"wp:term":[{"taxonomy":"product_brand","embeddable":true,"href":"https:\/\/csotrading.com\/tr\/wp-json\/wp\/v2\/product_brand?post=7597"},{"taxonomy":"product_cat","embeddable":true,"href":"https:\/\/csotrading.com\/tr\/wp-json\/wp\/v2\/product_cat?post=7597"},{"taxonomy":"product_tag","embeddable":true,"href":"https:\/\/csotrading.com\/tr\/wp-json\/wp\/v2\/product_tag?post=7597"}],"curies":[{"name":"wp","href":"https:\/\/api.w.org\/{rel}","templated":true}]}}