{"id":7596,"date":"2021-06-27T14:00:51","date_gmt":"2021-06-27T11:00:51","guid":{"rendered":"https:\/\/csotrading.com\/?post_type=product&#038;p=7596"},"modified":"2021-06-27T14:00:51","modified_gmt":"2021-06-27T11:00:51","slug":"enko-amf-3-2","status":"publish","type":"product","link":"https:\/\/csotrading.com\/tr\/product\/enko-amf-3-2\/","title":{"rendered":"ENKO AMF 3.2"},"content":{"rendered":"<p>Tam Otomatik Jenerat\u00f6r Ar\u0131za \u00fcnitesi olan AMF3.2, y\u00fcksek oranda I\/O portlar\u0131 gerektiren Gen-Set uygulamalar\u0131nda kullan\u0131lmak \u00fczere tasarlanm\u0131\u015ft\u0131r. \u0120htiyaca ba\u011fl\u0131 olarak tek veya 3 faz \u015febeke ve jenerat\u00f6r sistemlerinde kullan\u0131labilir.<\/p>\n<p>AMF 3.2, t\u00fcm Gen-Set fonksiyonlar\u0131n\u0131n \u00e7ok y\u00f6nl\u00fc ve do\u011fru kontrol\u00fc i\u00e7in y\u00fcksek i\u015flemci g\u00fcc\u00fcyle donat\u0131lm\u0131\u015ft\u0131r. Kontrol \u00fcnitesi 3 faz \u015febeke, tek faz jenerat\u00f6r voltaj\u0131 kontrol eder ve ayr\u0131ca jenerat\u00f6r y\u00fck ak\u0131m\u0131n\u0131 da g\u00f6zlemler.<\/p>\n<p>\u00d6zel uygulamalar i\u00e7in, kullan\u0131c\u0131 istenilen yard\u0131mc\u0131 I\/O portlar\u0131n\u0131 programlayabilir. AMF 3.2&#8217;nin kapsaml\u0131 men\u00fcs\u00fc t\u00fcm I\/O portlar\u0131n\u0131n kontrol\u00fcn\u00fc sa\u011flamakla beraber, ENKO PRO-Link program\u0131 sayesinde t\u00fcm parametreleri PC arac\u0131l\u0131\u011f\u0131yla ayarlanabilir.<\/p>\n<p>AMF 3.1 ihtiyaca g\u00f6re bir \u00e7ok kontrol de\u011fi\u015fkenini ekranda g\u00f6sterilebilir. Analog sens\u00f6r\u00fcn \u00f6zellikleri, kontrol panelinin \u00fczerindeki men\u00fcden yap\u0131lan ayarlama ile her hangi bir sens\u00f6re uyumlu hale getirilebilir. Bir \u00e7o\u011fu kullan\u0131c\u0131 taraf\u0131ndan ayarlanabilen toplam 17 I\/O portu bulunmaktad\u0131r.<\/p>\n<p>Kontrol \u00fcnitesi y\u00fck g\u00fcc\u00fcn\u00fc de \u00f6l\u00e7mekle beraber men\u00fcde adanm\u0131\u015f olan fonksiyonlarla birlikte kullan\u0131labilir. \u0130ste\u011fe g\u00f6re y\u00fck\u00fcn aktif ve\/veya reaktif g\u00fcc\u00fcne g\u00f6re karar verme se\u00e7enekleri mevcuttur. Toplam birikmi\u015f g\u00fc\u00e7te \u00f6l\u00e7\u00fcl\u00fcr ve kaydedilir.<\/p>\n<p>AMF 3.2 kontrol mod\u00fcl\u00fc m\u00fc\u015fteri taleplerinin y\u00fcksek oldu\u011fu geli\u015fmi\u015f Gen-Set uygulamalar\u0131nda minimal \u00e7\u00f6z\u00fcmler sunmak \u00fczere tasarlanm\u0131\u015ft\u0131r. Motor h\u0131z\u0131n\u0131n do\u011fru ve g\u00fcvenilir \u00f6l\u00e7\u00fcm\u00fc i\u00e7in Magnetic Pick-up giri\u015fi mevcuttur.<\/p>\n","protected":false},"excerpt":{"rendered":"<h2><strong>Ak\u0131ll\u0131 sistem y\u00f6-netimine sahip Gen-Set\u2019 lerde esnek \u00e7\u00f6z\u00fcm&#8230;<\/strong><\/h2>\n<h3>AMF 3.2, y\u00fcksek say\u0131da \u00e7evre birimi kontrol\u00fc gerektiren, bir veya birden \u00e7ok Gen-Set i\u00e7eren uygulamalarda esnek kontrol fonksiyonlar\u0131 sunar.\u00a0<strong>\u00a0<\/strong><\/h3>\n","protected":false},"featured_media":7587,"comment_status":"closed","ping_status":"closed","template":"","meta":[],"product_brand":[],"product_cat":[780,781],"product_tag":[],"class_list":{"0":"post-7596","1":"product","2":"type-product","3":"status-publish","4":"has-post-thumbnail","6":"product_cat-enko-tr","7":"product_cat-otomatik-genset-kontrol-uniteleri-amf-serisi","9":"first","10":"instock","11":"shipping-taxable","12":"product-type-simple"},"yoast_head":"<!-- This site is optimized with the Yoast SEO plugin v24.3 - https:\/\/yoast.com\/wordpress\/plugins\/seo\/ -->\n<title>ENKO AMF 3.2 - CSO TRADING<\/title>\n<meta name=\"robots\" content=\"index, follow, max-snippet:-1, max-image-preview:large, max-video-preview:-1\" \/>\n<link rel=\"canonical\" href=\"https:\/\/csotrading.com\/tr\/product\/enko-amf-3-2\/\" \/>\n<meta property=\"og:locale\" content=\"tr_TR\" \/>\n<meta property=\"og:type\" content=\"article\" \/>\n<meta property=\"og:title\" content=\"ENKO AMF 3.2 - CSO TRADING\" \/>\n<meta property=\"og:description\" content=\"Ak\u0131ll\u0131 sistem y\u00f6-netimine sahip Gen-Set\u2019 lerde esnek \u00e7\u00f6z\u00fcm... AMF 3.2, y\u00fcksek say\u0131da \u00e7evre birimi kontrol\u00fc gerektiren, bir veya birden \u00e7ok Gen-Set i\u00e7eren uygulamalarda esnek kontrol fonksiyonlar\u0131 sunar.\u00a0\u00a0\" \/>\n<meta property=\"og:url\" content=\"https:\/\/csotrading.com\/tr\/product\/enko-amf-3-2\/\" \/>\n<meta property=\"og:site_name\" content=\"CSO TRADING\" \/>\n<meta property=\"og:image\" content=\"https:\/\/csotrading.com\/wp-content\/uploads\/2021\/06\/thumbnail-2.jpg\" \/>\n\t<meta property=\"og:image:width\" content=\"330\" \/>\n\t<meta property=\"og:image:height\" content=\"248\" \/>\n\t<meta property=\"og:image:type\" content=\"image\/jpeg\" \/>\n<meta name=\"twitter:card\" content=\"summary_large_image\" \/>\n<meta name=\"twitter:label1\" content=\"Tahmini okuma s\u00fcresi\" \/>\n\t<meta name=\"twitter:data1\" content=\"1 dakika\" \/>\n<script type=\"application\/ld+json\" class=\"yoast-schema-graph\">{\"@context\":\"https:\/\/schema.org\",\"@graph\":[{\"@type\":\"WebPage\",\"@id\":\"https:\/\/csotrading.com\/tr\/product\/enko-amf-3-2\/\",\"url\":\"https:\/\/csotrading.com\/tr\/product\/enko-amf-3-2\/\",\"name\":\"ENKO AMF 3.2 - CSO TRADING\",\"isPartOf\":{\"@id\":\"https:\/\/csotrading.com\/#website\"},\"primaryImageOfPage\":{\"@id\":\"https:\/\/csotrading.com\/tr\/product\/enko-amf-3-2\/#primaryimage\"},\"image\":{\"@id\":\"https:\/\/csotrading.com\/tr\/product\/enko-amf-3-2\/#primaryimage\"},\"thumbnailUrl\":\"https:\/\/csotrading.com\/wp-content\/uploads\/2021\/06\/thumbnail-2.jpg\",\"datePublished\":\"2021-06-27T11:00:51+00:00\",\"dateModified\":\"2021-06-27T11:00:51+00:00\",\"breadcrumb\":{\"@id\":\"https:\/\/csotrading.com\/tr\/product\/enko-amf-3-2\/#breadcrumb\"},\"inLanguage\":\"tr\",\"potentialAction\":[{\"@type\":\"ReadAction\",\"target\":[\"https:\/\/csotrading.com\/tr\/product\/enko-amf-3-2\/\"]}]},{\"@type\":\"ImageObject\",\"inLanguage\":\"tr\",\"@id\":\"https:\/\/csotrading.com\/tr\/product\/enko-amf-3-2\/#primaryimage\",\"url\":\"https:\/\/csotrading.com\/wp-content\/uploads\/2021\/06\/thumbnail-2.jpg\",\"contentUrl\":\"https:\/\/csotrading.com\/wp-content\/uploads\/2021\/06\/thumbnail-2.jpg\",\"width\":330,\"height\":248},{\"@type\":\"BreadcrumbList\",\"@id\":\"https:\/\/csotrading.com\/tr\/product\/enko-amf-3-2\/#breadcrumb\",\"itemListElement\":[{\"@type\":\"ListItem\",\"position\":1,\"name\":\"Home\",\"item\":\"https:\/\/csotrading.com\/tr\/\"},{\"@type\":\"ListItem\",\"position\":2,\"name\":\"Ma\u011faza\",\"item\":\"https:\/\/csotrading.com\/magaza\/\"},{\"@type\":\"ListItem\",\"position\":3,\"name\":\"ENKO AMF 3.2\"}]},{\"@type\":\"WebSite\",\"@id\":\"https:\/\/csotrading.com\/#website\",\"url\":\"https:\/\/csotrading.com\/\",\"name\":\"CSO TRADING\",\"description\":\"\",\"potentialAction\":[{\"@type\":\"SearchAction\",\"target\":{\"@type\":\"EntryPoint\",\"urlTemplate\":\"https:\/\/csotrading.com\/?s={search_term_string}\"},\"query-input\":{\"@type\":\"PropertyValueSpecification\",\"valueRequired\":true,\"valueName\":\"search_term_string\"}}],\"inLanguage\":\"tr\"}]}<\/script>\n<!-- \/ Yoast SEO plugin. -->","yoast_head_json":{"title":"ENKO AMF 3.2 - CSO TRADING","robots":{"index":"index","follow":"follow","max-snippet":"max-snippet:-1","max-image-preview":"max-image-preview:large","max-video-preview":"max-video-preview:-1"},"canonical":"https:\/\/csotrading.com\/tr\/product\/enko-amf-3-2\/","og_locale":"tr_TR","og_type":"article","og_title":"ENKO AMF 3.2 - CSO TRADING","og_description":"Ak\u0131ll\u0131 sistem y\u00f6-netimine sahip Gen-Set\u2019 lerde esnek \u00e7\u00f6z\u00fcm... AMF 3.2, y\u00fcksek say\u0131da \u00e7evre birimi kontrol\u00fc gerektiren, bir veya birden \u00e7ok Gen-Set i\u00e7eren uygulamalarda esnek kontrol fonksiyonlar\u0131 sunar.\u00a0\u00a0","og_url":"https:\/\/csotrading.com\/tr\/product\/enko-amf-3-2\/","og_site_name":"CSO TRADING","og_image":[{"width":330,"height":248,"url":"https:\/\/csotrading.com\/wp-content\/uploads\/2021\/06\/thumbnail-2.jpg","type":"image\/jpeg"}],"twitter_card":"summary_large_image","twitter_misc":{"Tahmini okuma s\u00fcresi":"1 dakika"},"schema":{"@context":"https:\/\/schema.org","@graph":[{"@type":"WebPage","@id":"https:\/\/csotrading.com\/tr\/product\/enko-amf-3-2\/","url":"https:\/\/csotrading.com\/tr\/product\/enko-amf-3-2\/","name":"ENKO AMF 3.2 - CSO TRADING","isPartOf":{"@id":"https:\/\/csotrading.com\/#website"},"primaryImageOfPage":{"@id":"https:\/\/csotrading.com\/tr\/product\/enko-amf-3-2\/#primaryimage"},"image":{"@id":"https:\/\/csotrading.com\/tr\/product\/enko-amf-3-2\/#primaryimage"},"thumbnailUrl":"https:\/\/csotrading.com\/wp-content\/uploads\/2021\/06\/thumbnail-2.jpg","datePublished":"2021-06-27T11:00:51+00:00","dateModified":"2021-06-27T11:00:51+00:00","breadcrumb":{"@id":"https:\/\/csotrading.com\/tr\/product\/enko-amf-3-2\/#breadcrumb"},"inLanguage":"tr","potentialAction":[{"@type":"ReadAction","target":["https:\/\/csotrading.com\/tr\/product\/enko-amf-3-2\/"]}]},{"@type":"ImageObject","inLanguage":"tr","@id":"https:\/\/csotrading.com\/tr\/product\/enko-amf-3-2\/#primaryimage","url":"https:\/\/csotrading.com\/wp-content\/uploads\/2021\/06\/thumbnail-2.jpg","contentUrl":"https:\/\/csotrading.com\/wp-content\/uploads\/2021\/06\/thumbnail-2.jpg","width":330,"height":248},{"@type":"BreadcrumbList","@id":"https:\/\/csotrading.com\/tr\/product\/enko-amf-3-2\/#breadcrumb","itemListElement":[{"@type":"ListItem","position":1,"name":"Home","item":"https:\/\/csotrading.com\/tr\/"},{"@type":"ListItem","position":2,"name":"Ma\u011faza","item":"https:\/\/csotrading.com\/magaza\/"},{"@type":"ListItem","position":3,"name":"ENKO AMF 3.2"}]},{"@type":"WebSite","@id":"https:\/\/csotrading.com\/#website","url":"https:\/\/csotrading.com\/","name":"CSO TRADING","description":"","potentialAction":[{"@type":"SearchAction","target":{"@type":"EntryPoint","urlTemplate":"https:\/\/csotrading.com\/?s={search_term_string}"},"query-input":{"@type":"PropertyValueSpecification","valueRequired":true,"valueName":"search_term_string"}}],"inLanguage":"tr"}]}},"_links":{"self":[{"href":"https:\/\/csotrading.com\/tr\/wp-json\/wp\/v2\/product\/7596"}],"collection":[{"href":"https:\/\/csotrading.com\/tr\/wp-json\/wp\/v2\/product"}],"about":[{"href":"https:\/\/csotrading.com\/tr\/wp-json\/wp\/v2\/types\/product"}],"replies":[{"embeddable":true,"href":"https:\/\/csotrading.com\/tr\/wp-json\/wp\/v2\/comments?post=7596"}],"wp:featuredmedia":[{"embeddable":true,"href":"https:\/\/csotrading.com\/tr\/wp-json\/wp\/v2\/media\/7587"}],"wp:attachment":[{"href":"https:\/\/csotrading.com\/tr\/wp-json\/wp\/v2\/media?parent=7596"}],"wp:term":[{"taxonomy":"product_brand","embeddable":true,"href":"https:\/\/csotrading.com\/tr\/wp-json\/wp\/v2\/product_brand?post=7596"},{"taxonomy":"product_cat","embeddable":true,"href":"https:\/\/csotrading.com\/tr\/wp-json\/wp\/v2\/product_cat?post=7596"},{"taxonomy":"product_tag","embeddable":true,"href":"https:\/\/csotrading.com\/tr\/wp-json\/wp\/v2\/product_tag?post=7596"}],"curies":[{"name":"wp","href":"https:\/\/api.w.org\/{rel}","templated":true}]}}