{"id":7594,"date":"2021-06-27T13:52:17","date_gmt":"2021-06-27T10:52:17","guid":{"rendered":"https:\/\/csotrading.com\/?post_type=product&#038;p=7594"},"modified":"2021-06-27T13:52:18","modified_gmt":"2021-06-27T10:52:18","slug":"enko-amf-2-0","status":"publish","type":"product","link":"https:\/\/csotrading.com\/tr\/product\/enko-amf-2-0\/","title":{"rendered":"ENKO AMF 2.0"},"content":{"rendered":"<p>AMF 2.0 Otomatik Jenerat\u00f6r Kontrol ve Transfer Paneli olmakla birlikte tek jenerat\u00f6rl\u00fc uygulamalar i\u00e7in tasarlanm\u0131\u015ft\u0131r. Kontrol \u00fcnitesi iste\u011fe ba\u011fl\u0131 olarak tek veya 3 fazl\u0131 \u015febeke sistemlerinde kullan\u0131labilmektedir.<\/p>\n<p>Panelin \u00f6n y\u00fcz\u00fcnden ula\u015f\u0131lan ayar men\u00fcs\u00fc sayesinde, jenerat\u00f6re ait parametreler ile fonksiyonlar g\u00f6r\u00fcnt\u00fclenebilir ve de\u011fi\u015ftirilebilir. Bu sayede etkin motor korumas\u0131 sa\u011flanabilmektedir.<\/p>\n<p>AMF 2.0, hem otomatik hem de test modunda jenerat\u00f6r \u00e7al\u0131\u015ft\u0131r\u0131labilir. Motorun \u00e7al\u0131\u015fma durumunu otomatik olarak alg\u0131layarak, mar\u015f r\u00f6lesini kontrol eder.<\/p>\n<p>Alternat\u00f6r ve \u015febeke voltaj de\u011ferleri ger\u00e7ek RMS olarak \u00f6l\u00e7\u00fcl\u00fcp hesaplanmaktad\u0131r. B\u00f6ylece y\u00fcksek y\u00fck harmoni\u011finden kaynaklanan voltaj \u00f6l\u00e7\u00fcm hatalar\u0131n\u0131 da ortadan kald\u0131r\u0131r ve g\u00fcvenilir \u00e7al\u0131\u015fma ortam\u0131 sa\u011flar.<\/p>\n<p>AMF 2.0 y\u00fck\u00fc kontrol etmek i\u00e7in gerekli olan t\u00fcm fonksiyonlar\u0131 yerine getirecek \u015fekilde tasarlanm\u0131\u015ft\u0131r. \u015eebekenin 3 faz\u0131 ayr\u0131 ayr\u0131 takip edilir ve koruma limitleri men\u00fcden ayarlanabilir. Kullan\u0131c\u0131n\u0131n se\u00e7ebilece\u011fi \u00fc\u00e7 adet \u00e7al\u0131\u015fma modu vard\u0131r ve kontrol \u00fcnitesi, y\u00fck\u00fc se\u00e7ilen moda g\u00f6re kontrol eder.<\/p>\n<p>Parametre men\u00fcs\u00fcnden ayarlanabilen \u00f6l\u00e7\u00fcm kalibrasyonlar\u0131 sayesinde, hassas voltaj ayarlar\u0131 panel \u00fczerinden ger\u00e7ekle\u015ftirilebilir. \u015eifre korumal\u0131 parametre men\u00fcs\u00fc ile yetkisiz eri\u015fimi engelleme imkan\u0131 sunar.<\/p>\n<p><span id=\"features_lnk\" class=\"caption4 text3\">ANA \u00d6ZELL\u0130KLER<\/span><\/p>\n<ul>\n<li>Otomatik \u015eebeke kontrol fonksiyonlar\u0131,<\/li>\n<\/ul>\n<ul>\n<li>Motor ve alternat\u00f6r kontrol\u00fc ve korumas\u0131,<\/li>\n<\/ul>\n<ul>\n<li>Dijital voltaj ve frekans g\u00f6stergesi,<\/li>\n<\/ul>\n<ul>\n<li>\u00d6n panelden Ar\u0131zalar\u0131 ve Sistem durumunu izleme imkan\u0131,<\/li>\n<\/ul>\n<ul>\n<li>\u015eebeke ve Jenerat\u00f6r kontakt\u00f6rlerinin otomatik kontrol\u00fc,<\/li>\n<\/ul>\n<ul>\n<li>Otomatik ve Test \u00e7al\u0131\u015fma modlar\u0131,<\/li>\n<\/ul>\n<ul>\n<li>Y\u00fckte ve y\u00fcks\u00fcz test se\u00e7ene\u011fi (Parametrik),<\/li>\n<\/ul>\n<ul>\n<li>Programlanabilir yedek giri\u015f ve \u00e7\u0131k\u0131\u015f,<\/li>\n<\/ul>\n<ul>\n<li>44 Parametreli konfig\u00fcrasyon men\u00fcs\u00fc, iste\u011fe ba\u011fl\u0131 parametre giri\u015f \u015fifresi<\/li>\n<\/ul>\n<ul>\n<li>\u00d6l\u00e7\u00fcm giri\u015flerinde dijtal kalibrasyon imkan\u0131,<\/li>\n<\/ul>\n<ul>\n<li>K\u00fc\u00e7\u00fck ebat,<\/li>\n<\/ul>\n<ul>\n<li>D\u00fc\u015f\u00fck maliyet,<\/li>\n<\/ul>\n<ul>\n<li>Parametre ekran\u0131ndan izlenebilen motor \u00e7al\u0131\u015fma saati,<\/li>\n<\/ul>\n<ul>\n<li>Ayarlanabilir 16 saate kadar \u00e7al\u0131\u015ft\u0131rma gecikmesi,<\/li>\n<\/ul>\n<ul>\n<li>True RMS voltaj \u00f6l\u00e7\u00fcm\u00fc,<\/li>\n<\/ul>\n<ul>\n<li>\u00d6n \u0131s\u0131tma fonksiyonu,<\/li>\n<\/ul>\n<p><span id=\"benefits_lnk\" class=\"caption4 text3\">AVANTAJLAR<\/span><\/p>\n<ul>\n<li>Uluslar aras\u0131 standartlardaki kutu \u00f6l\u00e7\u00fcs\u00fc sayesinde etkin kullan\u0131m ve m\u00fckemmel uyumluluk sa\u011flar.<\/li>\n<\/ul>\n<ul>\n<li>D\u00fc\u015f\u00fck maliyeti ve k\u00fc\u00e7\u00fck ebatlar\u0131 sayesinde ekonomik \u00e7\u00f6z\u00fcm sunar.<\/li>\n<\/ul>\n<ul>\n<li>\u00dczerindeki dijital g\u00f6sterge ve led g\u00f6stergeler sayesinde Jenerat\u00f6r \u00fczerinde ekstra voltmetre ve lamba kullan\u0131m\u0131na \u00a0gerek duyulmaz.<\/li>\n<\/ul>\n<ul>\n<li>Full otomatik \u015febeke ve Jenerat\u00f6r kontakt\u00f6r kontrol\u00fc sayesinde ekstra bir ATS kullan\u0131m\u0131na ihtiya\u00e7 duyulmaz.<\/li>\n<\/ul>\n<ul>\n<li>Parametrik y\u00fckte ve y\u00fcks\u00fcz test se\u00e7ene\u011fi sayesinde manuel kullan\u0131m imkan\u0131 sa\u011flar.<\/li>\n<\/ul>\n<ul>\n<li>Programlanabilir yedek giri\u015f sayesinde uzaktan \u00e7al\u0131\u015ft\u0131rma durdurma veya harici ar\u0131za giri\u015fi imkan\u0131 sa\u011flar.<\/li>\n<\/ul>\n<ul>\n<li>Programlanabilir yedek \u00e7\u0131k\u0131\u015f sayesinde, \u00f6n \u0131s\u0131tma, motor \u00e7al\u0131\u015ft\u0131 ve paneli kilitleme gibi fonksiyonlar\u0131 kullanma imkan\u0131 sunar.<\/li>\n<\/ul>\n<ul>\n<li>Kullan\u0131c\u0131 dostu ve etkili parametreleri sayesinde, \u00e7ok h\u0131zl\u0131 kurulur ve kolay ayarlanabilir.<\/li>\n<\/ul>\n<ul>\n<li>Ayarlanabilir 16 saate kadar \u00e7al\u0131\u015ft\u0131rma gecikmesi sayesinde Telekom uygulamalar\u0131nda kullan\u0131labilir.<\/li>\n<\/ul>\n","protected":false},"excerpt":{"rendered":"<h2><strong>Tek Jenerat\u00f6rl\u00fc Gen-Set Uygulamalar\u0131 i\u00e7in Etkili, Basit ve Uygun Maliyetli \u00c7\u00f6z\u00fcm&#8230;<\/strong><\/h2>\n<h3>AMF2.0, tek \u015eebeke \/ Jenerat\u00f6r uygulamalar\u0131nda ihtiyac\u0131n\u0131z olan t\u00fcm kontrol fonksiyonlar\u0131n\u0131 bir arada sunmaktad\u0131r.<\/h3>\n","protected":false},"featured_media":7578,"comment_status":"closed","ping_status":"closed","template":"","meta":[],"product_brand":[],"product_cat":[780,781],"product_tag":[],"class_list":{"0":"post-7594","1":"product","2":"type-product","3":"status-publish","4":"has-post-thumbnail","6":"product_cat-enko-tr","7":"product_cat-otomatik-genset-kontrol-uniteleri-amf-serisi","9":"first","10":"instock","11":"shipping-taxable","12":"product-type-simple"},"yoast_head":"<!-- This site is optimized with the Yoast SEO plugin v24.3 - https:\/\/yoast.com\/wordpress\/plugins\/seo\/ -->\n<title>ENKO AMF 2.0 - CSO TRADING<\/title>\n<meta name=\"robots\" content=\"index, follow, max-snippet:-1, max-image-preview:large, max-video-preview:-1\" \/>\n<link rel=\"canonical\" href=\"https:\/\/csotrading.com\/tr\/product\/enko-amf-2-0\/\" \/>\n<meta property=\"og:locale\" content=\"tr_TR\" \/>\n<meta property=\"og:type\" content=\"article\" \/>\n<meta property=\"og:title\" content=\"ENKO AMF 2.0 - CSO TRADING\" \/>\n<meta property=\"og:description\" content=\"Tek Jenerat\u00f6rl\u00fc Gen-Set Uygulamalar\u0131 i\u00e7in Etkili, Basit ve Uygun Maliyetli \u00c7\u00f6z\u00fcm... AMF2.0, tek \u015eebeke \/ Jenerat\u00f6r uygulamalar\u0131nda ihtiyac\u0131n\u0131z olan t\u00fcm kontrol fonksiyonlar\u0131n\u0131 bir arada sunmaktad\u0131r.\" \/>\n<meta property=\"og:url\" content=\"https:\/\/csotrading.com\/tr\/product\/enko-amf-2-0\/\" \/>\n<meta property=\"og:site_name\" content=\"CSO TRADING\" \/>\n<meta property=\"article:modified_time\" content=\"2021-06-27T10:52:18+00:00\" \/>\n<meta property=\"og:image\" content=\"https:\/\/csotrading.com\/wp-content\/uploads\/2021\/06\/thumbnail.jpg\" \/>\n\t<meta property=\"og:image:width\" content=\"330\" \/>\n\t<meta property=\"og:image:height\" content=\"248\" \/>\n\t<meta property=\"og:image:type\" content=\"image\/jpeg\" \/>\n<meta name=\"twitter:card\" content=\"summary_large_image\" \/>\n<meta name=\"twitter:label1\" content=\"Tahmini okuma s\u00fcresi\" \/>\n\t<meta name=\"twitter:data1\" content=\"2 dakika\" \/>\n<script type=\"application\/ld+json\" class=\"yoast-schema-graph\">{\"@context\":\"https:\/\/schema.org\",\"@graph\":[{\"@type\":\"WebPage\",\"@id\":\"https:\/\/csotrading.com\/tr\/product\/enko-amf-2-0\/\",\"url\":\"https:\/\/csotrading.com\/tr\/product\/enko-amf-2-0\/\",\"name\":\"ENKO AMF 2.0 - CSO TRADING\",\"isPartOf\":{\"@id\":\"https:\/\/csotrading.com\/#website\"},\"primaryImageOfPage\":{\"@id\":\"https:\/\/csotrading.com\/tr\/product\/enko-amf-2-0\/#primaryimage\"},\"image\":{\"@id\":\"https:\/\/csotrading.com\/tr\/product\/enko-amf-2-0\/#primaryimage\"},\"thumbnailUrl\":\"https:\/\/csotrading.com\/wp-content\/uploads\/2021\/06\/thumbnail.jpg\",\"datePublished\":\"2021-06-27T10:52:17+00:00\",\"dateModified\":\"2021-06-27T10:52:18+00:00\",\"breadcrumb\":{\"@id\":\"https:\/\/csotrading.com\/tr\/product\/enko-amf-2-0\/#breadcrumb\"},\"inLanguage\":\"tr\",\"potentialAction\":[{\"@type\":\"ReadAction\",\"target\":[\"https:\/\/csotrading.com\/tr\/product\/enko-amf-2-0\/\"]}]},{\"@type\":\"ImageObject\",\"inLanguage\":\"tr\",\"@id\":\"https:\/\/csotrading.com\/tr\/product\/enko-amf-2-0\/#primaryimage\",\"url\":\"https:\/\/csotrading.com\/wp-content\/uploads\/2021\/06\/thumbnail.jpg\",\"contentUrl\":\"https:\/\/csotrading.com\/wp-content\/uploads\/2021\/06\/thumbnail.jpg\",\"width\":330,\"height\":248},{\"@type\":\"BreadcrumbList\",\"@id\":\"https:\/\/csotrading.com\/tr\/product\/enko-amf-2-0\/#breadcrumb\",\"itemListElement\":[{\"@type\":\"ListItem\",\"position\":1,\"name\":\"Home\",\"item\":\"https:\/\/csotrading.com\/tr\/\"},{\"@type\":\"ListItem\",\"position\":2,\"name\":\"Ma\u011faza\",\"item\":\"https:\/\/csotrading.com\/magaza\/\"},{\"@type\":\"ListItem\",\"position\":3,\"name\":\"ENKO AMF 2.0\"}]},{\"@type\":\"WebSite\",\"@id\":\"https:\/\/csotrading.com\/#website\",\"url\":\"https:\/\/csotrading.com\/\",\"name\":\"CSO TRADING\",\"description\":\"\",\"potentialAction\":[{\"@type\":\"SearchAction\",\"target\":{\"@type\":\"EntryPoint\",\"urlTemplate\":\"https:\/\/csotrading.com\/?s={search_term_string}\"},\"query-input\":{\"@type\":\"PropertyValueSpecification\",\"valueRequired\":true,\"valueName\":\"search_term_string\"}}],\"inLanguage\":\"tr\"}]}<\/script>\n<!-- \/ Yoast SEO plugin. -->","yoast_head_json":{"title":"ENKO AMF 2.0 - CSO TRADING","robots":{"index":"index","follow":"follow","max-snippet":"max-snippet:-1","max-image-preview":"max-image-preview:large","max-video-preview":"max-video-preview:-1"},"canonical":"https:\/\/csotrading.com\/tr\/product\/enko-amf-2-0\/","og_locale":"tr_TR","og_type":"article","og_title":"ENKO AMF 2.0 - CSO TRADING","og_description":"Tek Jenerat\u00f6rl\u00fc Gen-Set Uygulamalar\u0131 i\u00e7in Etkili, Basit ve Uygun Maliyetli \u00c7\u00f6z\u00fcm... AMF2.0, tek \u015eebeke \/ Jenerat\u00f6r uygulamalar\u0131nda ihtiyac\u0131n\u0131z olan t\u00fcm kontrol fonksiyonlar\u0131n\u0131 bir arada sunmaktad\u0131r.","og_url":"https:\/\/csotrading.com\/tr\/product\/enko-amf-2-0\/","og_site_name":"CSO TRADING","article_modified_time":"2021-06-27T10:52:18+00:00","og_image":[{"width":330,"height":248,"url":"https:\/\/csotrading.com\/wp-content\/uploads\/2021\/06\/thumbnail.jpg","type":"image\/jpeg"}],"twitter_card":"summary_large_image","twitter_misc":{"Tahmini okuma s\u00fcresi":"2 dakika"},"schema":{"@context":"https:\/\/schema.org","@graph":[{"@type":"WebPage","@id":"https:\/\/csotrading.com\/tr\/product\/enko-amf-2-0\/","url":"https:\/\/csotrading.com\/tr\/product\/enko-amf-2-0\/","name":"ENKO AMF 2.0 - CSO TRADING","isPartOf":{"@id":"https:\/\/csotrading.com\/#website"},"primaryImageOfPage":{"@id":"https:\/\/csotrading.com\/tr\/product\/enko-amf-2-0\/#primaryimage"},"image":{"@id":"https:\/\/csotrading.com\/tr\/product\/enko-amf-2-0\/#primaryimage"},"thumbnailUrl":"https:\/\/csotrading.com\/wp-content\/uploads\/2021\/06\/thumbnail.jpg","datePublished":"2021-06-27T10:52:17+00:00","dateModified":"2021-06-27T10:52:18+00:00","breadcrumb":{"@id":"https:\/\/csotrading.com\/tr\/product\/enko-amf-2-0\/#breadcrumb"},"inLanguage":"tr","potentialAction":[{"@type":"ReadAction","target":["https:\/\/csotrading.com\/tr\/product\/enko-amf-2-0\/"]}]},{"@type":"ImageObject","inLanguage":"tr","@id":"https:\/\/csotrading.com\/tr\/product\/enko-amf-2-0\/#primaryimage","url":"https:\/\/csotrading.com\/wp-content\/uploads\/2021\/06\/thumbnail.jpg","contentUrl":"https:\/\/csotrading.com\/wp-content\/uploads\/2021\/06\/thumbnail.jpg","width":330,"height":248},{"@type":"BreadcrumbList","@id":"https:\/\/csotrading.com\/tr\/product\/enko-amf-2-0\/#breadcrumb","itemListElement":[{"@type":"ListItem","position":1,"name":"Home","item":"https:\/\/csotrading.com\/tr\/"},{"@type":"ListItem","position":2,"name":"Ma\u011faza","item":"https:\/\/csotrading.com\/magaza\/"},{"@type":"ListItem","position":3,"name":"ENKO AMF 2.0"}]},{"@type":"WebSite","@id":"https:\/\/csotrading.com\/#website","url":"https:\/\/csotrading.com\/","name":"CSO TRADING","description":"","potentialAction":[{"@type":"SearchAction","target":{"@type":"EntryPoint","urlTemplate":"https:\/\/csotrading.com\/?s={search_term_string}"},"query-input":{"@type":"PropertyValueSpecification","valueRequired":true,"valueName":"search_term_string"}}],"inLanguage":"tr"}]}},"_links":{"self":[{"href":"https:\/\/csotrading.com\/tr\/wp-json\/wp\/v2\/product\/7594"}],"collection":[{"href":"https:\/\/csotrading.com\/tr\/wp-json\/wp\/v2\/product"}],"about":[{"href":"https:\/\/csotrading.com\/tr\/wp-json\/wp\/v2\/types\/product"}],"replies":[{"embeddable":true,"href":"https:\/\/csotrading.com\/tr\/wp-json\/wp\/v2\/comments?post=7594"}],"wp:featuredmedia":[{"embeddable":true,"href":"https:\/\/csotrading.com\/tr\/wp-json\/wp\/v2\/media\/7578"}],"wp:attachment":[{"href":"https:\/\/csotrading.com\/tr\/wp-json\/wp\/v2\/media?parent=7594"}],"wp:term":[{"taxonomy":"product_brand","embeddable":true,"href":"https:\/\/csotrading.com\/tr\/wp-json\/wp\/v2\/product_brand?post=7594"},{"taxonomy":"product_cat","embeddable":true,"href":"https:\/\/csotrading.com\/tr\/wp-json\/wp\/v2\/product_cat?post=7594"},{"taxonomy":"product_tag","embeddable":true,"href":"https:\/\/csotrading.com\/tr\/wp-json\/wp\/v2\/product_tag?post=7594"}],"curies":[{"name":"wp","href":"https:\/\/api.w.org\/{rel}","templated":true}]}}