{"id":7571,"date":"2021-06-21T23:31:36","date_gmt":"2021-06-21T20:31:36","guid":{"rendered":"https:\/\/csotrading.com\/?post_type=product&#038;p=7571"},"modified":"2021-06-21T23:31:37","modified_gmt":"2021-06-21T20:31:37","slug":"omron-k8ak-ls1-100-240vac","status":"publish","type":"product","link":"https:\/\/csotrading.com\/tr\/product\/omron-k8ak-ls1-100-240vac\/","title":{"rendered":"Omron K8AK-LS1 100-240VAC"},"content":{"rendered":"<h2><span>\u00d6ZELL\u0130KLER<\/span><\/h2>\n<h3><\/h3>\n<table class=\"one\">\n<tbody>\n<tr>\n<td><span>Uygulama<\/span><\/td>\n<td><span>S\u0131radan ar\u0131t\u0131lm\u0131\u015f su, Kanalizasyon suyu<\/span><\/td>\n<\/tr>\n<tr>\n<td><span>Fonksiyonlar<\/span><\/td>\n<td><span>\u0130letken seviye kontrol\u00fc<\/span><\/td>\n<\/tr>\n<tr>\n<td><span>Kablo uzunlu\u011fu<\/span><\/td>\n<td><span>100 m<\/span><\/td>\n<\/tr>\n<tr>\n<td><span>Kurulum t\u00fcr\u00fc<\/span><\/td>\n<td><span>DIN Ray<\/span><\/td>\n<\/tr>\n<tr>\n<td><span>terminal<\/span><\/td>\n<td><span>Vida<\/span><\/td>\n<\/tr>\n<tr>\n<td>Size<\/td>\n<td><span>22,5 mm<\/span><\/td>\n<\/tr>\n<tr>\n<td><span>Besleme gerilimi AC<\/span><\/td>\n<td><span>100-240V<\/span><\/td>\n<\/tr>\n<tr>\n<td><span>\u00c7\u0131k\u0131\u015f tipi<\/span><\/td>\n<td><span>R\u00f6le<\/span><\/td>\n<\/tr>\n<tr>\n<td><span>\u0130leti\u015fim a\u00e7\u0131klamas\u0131<\/span><\/td>\n<td><span>SPDT<\/span><\/td>\n<\/tr>\n<tr>\n<td><span>V\u00fccut rengi<\/span><\/td>\n<td><span>Siyah<\/span><\/td>\n<\/tr>\n<tr>\n<td><span>Elektrotlar i\u00e7in giri\u015f say\u0131s\u0131<\/span><\/td>\n<td>3<\/td>\n<\/tr>\n<\/tbody>\n<\/table>\n","protected":false},"excerpt":{"rendered":"<h2><span>22,5 mm geni\u015fli\u011finde izleme r\u00f6lesi,<\/span><\/h2>\n<h3><span>S\u0131v\u0131 i\u00e7in iletken seviye kontrol\u00fc, 10k ila 100k Ohm, Bir SPDT, 100-240 VAC<\/span><\/h3>\n","protected":false},"featured_media":7567,"comment_status":"closed","ping_status":"closed","template":"","meta":[],"product_brand":[],"product_cat":[773,394],"product_tag":[],"class_list":{"0":"post-7571","1":"product","2":"type-product","3":"status-publish","4":"has-post-thumbnail","6":"product_cat-anahtarlama-komponentleri","7":"product_cat-omron-tr","9":"first","10":"instock","11":"shipping-taxable","12":"product-type-simple"},"yoast_head":"<!-- This site is optimized with the Yoast SEO plugin v24.3 - https:\/\/yoast.com\/wordpress\/plugins\/seo\/ -->\n<title>Omron K8AK-LS1 100-240VAC - CSO TRADING<\/title>\n<meta name=\"robots\" content=\"index, follow, max-snippet:-1, max-image-preview:large, max-video-preview:-1\" \/>\n<link rel=\"canonical\" href=\"https:\/\/csotrading.com\/tr\/product\/omron-k8ak-ls1-100-240vac\/\" \/>\n<meta property=\"og:locale\" content=\"tr_TR\" \/>\n<meta property=\"og:type\" content=\"article\" \/>\n<meta property=\"og:title\" content=\"Omron K8AK-LS1 100-240VAC - CSO TRADING\" \/>\n<meta property=\"og:description\" content=\"22,5 mm geni\u015fli\u011finde izleme r\u00f6lesi, S\u0131v\u0131 i\u00e7in iletken seviye kontrol\u00fc, 10k ila 100k Ohm, Bir SPDT, 100-240 VAC\" \/>\n<meta property=\"og:url\" content=\"https:\/\/csotrading.com\/tr\/product\/omron-k8ak-ls1-100-240vac\/\" \/>\n<meta property=\"og:site_name\" content=\"CSO TRADING\" \/>\n<meta property=\"article:modified_time\" content=\"2021-06-21T20:31:37+00:00\" \/>\n<meta property=\"og:image\" content=\"https:\/\/csotrading.com\/wp-content\/uploads\/2021\/06\/K8AK-LS1-x.jpg\" \/>\n\t<meta property=\"og:image:width\" content=\"280\" \/>\n\t<meta property=\"og:image:height\" content=\"280\" \/>\n\t<meta property=\"og:image:type\" content=\"image\/jpeg\" \/>\n<meta name=\"twitter:card\" content=\"summary_large_image\" \/>\n<meta name=\"twitter:label1\" content=\"Tahmini okuma s\u00fcresi\" \/>\n\t<meta name=\"twitter:data1\" content=\"1 dakika\" \/>\n<script type=\"application\/ld+json\" class=\"yoast-schema-graph\">{\"@context\":\"https:\/\/schema.org\",\"@graph\":[{\"@type\":\"WebPage\",\"@id\":\"https:\/\/csotrading.com\/tr\/product\/omron-k8ak-ls1-100-240vac\/\",\"url\":\"https:\/\/csotrading.com\/tr\/product\/omron-k8ak-ls1-100-240vac\/\",\"name\":\"Omron K8AK-LS1 100-240VAC - CSO TRADING\",\"isPartOf\":{\"@id\":\"https:\/\/csotrading.com\/#website\"},\"primaryImageOfPage\":{\"@id\":\"https:\/\/csotrading.com\/tr\/product\/omron-k8ak-ls1-100-240vac\/#primaryimage\"},\"image\":{\"@id\":\"https:\/\/csotrading.com\/tr\/product\/omron-k8ak-ls1-100-240vac\/#primaryimage\"},\"thumbnailUrl\":\"https:\/\/csotrading.com\/wp-content\/uploads\/2021\/06\/K8AK-LS1-x.jpg\",\"datePublished\":\"2021-06-21T20:31:36+00:00\",\"dateModified\":\"2021-06-21T20:31:37+00:00\",\"breadcrumb\":{\"@id\":\"https:\/\/csotrading.com\/tr\/product\/omron-k8ak-ls1-100-240vac\/#breadcrumb\"},\"inLanguage\":\"tr\",\"potentialAction\":[{\"@type\":\"ReadAction\",\"target\":[\"https:\/\/csotrading.com\/tr\/product\/omron-k8ak-ls1-100-240vac\/\"]}]},{\"@type\":\"ImageObject\",\"inLanguage\":\"tr\",\"@id\":\"https:\/\/csotrading.com\/tr\/product\/omron-k8ak-ls1-100-240vac\/#primaryimage\",\"url\":\"https:\/\/csotrading.com\/wp-content\/uploads\/2021\/06\/K8AK-LS1-x.jpg\",\"contentUrl\":\"https:\/\/csotrading.com\/wp-content\/uploads\/2021\/06\/K8AK-LS1-x.jpg\",\"width\":280,\"height\":280},{\"@type\":\"BreadcrumbList\",\"@id\":\"https:\/\/csotrading.com\/tr\/product\/omron-k8ak-ls1-100-240vac\/#breadcrumb\",\"itemListElement\":[{\"@type\":\"ListItem\",\"position\":1,\"name\":\"Home\",\"item\":\"https:\/\/csotrading.com\/tr\/\"},{\"@type\":\"ListItem\",\"position\":2,\"name\":\"Ma\u011faza\",\"item\":\"https:\/\/csotrading.com\/magaza\/\"},{\"@type\":\"ListItem\",\"position\":3,\"name\":\"Omron K8AK-LS1 100-240VAC\"}]},{\"@type\":\"WebSite\",\"@id\":\"https:\/\/csotrading.com\/#website\",\"url\":\"https:\/\/csotrading.com\/\",\"name\":\"CSO TRADING\",\"description\":\"\",\"potentialAction\":[{\"@type\":\"SearchAction\",\"target\":{\"@type\":\"EntryPoint\",\"urlTemplate\":\"https:\/\/csotrading.com\/?s={search_term_string}\"},\"query-input\":{\"@type\":\"PropertyValueSpecification\",\"valueRequired\":true,\"valueName\":\"search_term_string\"}}],\"inLanguage\":\"tr\"}]}<\/script>\n<!-- \/ Yoast SEO plugin. -->","yoast_head_json":{"title":"Omron K8AK-LS1 100-240VAC - CSO TRADING","robots":{"index":"index","follow":"follow","max-snippet":"max-snippet:-1","max-image-preview":"max-image-preview:large","max-video-preview":"max-video-preview:-1"},"canonical":"https:\/\/csotrading.com\/tr\/product\/omron-k8ak-ls1-100-240vac\/","og_locale":"tr_TR","og_type":"article","og_title":"Omron K8AK-LS1 100-240VAC - CSO TRADING","og_description":"22,5 mm geni\u015fli\u011finde izleme r\u00f6lesi, S\u0131v\u0131 i\u00e7in iletken seviye kontrol\u00fc, 10k ila 100k Ohm, Bir SPDT, 100-240 VAC","og_url":"https:\/\/csotrading.com\/tr\/product\/omron-k8ak-ls1-100-240vac\/","og_site_name":"CSO TRADING","article_modified_time":"2021-06-21T20:31:37+00:00","og_image":[{"width":280,"height":280,"url":"https:\/\/csotrading.com\/wp-content\/uploads\/2021\/06\/K8AK-LS1-x.jpg","type":"image\/jpeg"}],"twitter_card":"summary_large_image","twitter_misc":{"Tahmini okuma s\u00fcresi":"1 dakika"},"schema":{"@context":"https:\/\/schema.org","@graph":[{"@type":"WebPage","@id":"https:\/\/csotrading.com\/tr\/product\/omron-k8ak-ls1-100-240vac\/","url":"https:\/\/csotrading.com\/tr\/product\/omron-k8ak-ls1-100-240vac\/","name":"Omron K8AK-LS1 100-240VAC - CSO TRADING","isPartOf":{"@id":"https:\/\/csotrading.com\/#website"},"primaryImageOfPage":{"@id":"https:\/\/csotrading.com\/tr\/product\/omron-k8ak-ls1-100-240vac\/#primaryimage"},"image":{"@id":"https:\/\/csotrading.com\/tr\/product\/omron-k8ak-ls1-100-240vac\/#primaryimage"},"thumbnailUrl":"https:\/\/csotrading.com\/wp-content\/uploads\/2021\/06\/K8AK-LS1-x.jpg","datePublished":"2021-06-21T20:31:36+00:00","dateModified":"2021-06-21T20:31:37+00:00","breadcrumb":{"@id":"https:\/\/csotrading.com\/tr\/product\/omron-k8ak-ls1-100-240vac\/#breadcrumb"},"inLanguage":"tr","potentialAction":[{"@type":"ReadAction","target":["https:\/\/csotrading.com\/tr\/product\/omron-k8ak-ls1-100-240vac\/"]}]},{"@type":"ImageObject","inLanguage":"tr","@id":"https:\/\/csotrading.com\/tr\/product\/omron-k8ak-ls1-100-240vac\/#primaryimage","url":"https:\/\/csotrading.com\/wp-content\/uploads\/2021\/06\/K8AK-LS1-x.jpg","contentUrl":"https:\/\/csotrading.com\/wp-content\/uploads\/2021\/06\/K8AK-LS1-x.jpg","width":280,"height":280},{"@type":"BreadcrumbList","@id":"https:\/\/csotrading.com\/tr\/product\/omron-k8ak-ls1-100-240vac\/#breadcrumb","itemListElement":[{"@type":"ListItem","position":1,"name":"Home","item":"https:\/\/csotrading.com\/tr\/"},{"@type":"ListItem","position":2,"name":"Ma\u011faza","item":"https:\/\/csotrading.com\/magaza\/"},{"@type":"ListItem","position":3,"name":"Omron K8AK-LS1 100-240VAC"}]},{"@type":"WebSite","@id":"https:\/\/csotrading.com\/#website","url":"https:\/\/csotrading.com\/","name":"CSO TRADING","description":"","potentialAction":[{"@type":"SearchAction","target":{"@type":"EntryPoint","urlTemplate":"https:\/\/csotrading.com\/?s={search_term_string}"},"query-input":{"@type":"PropertyValueSpecification","valueRequired":true,"valueName":"search_term_string"}}],"inLanguage":"tr"}]}},"_links":{"self":[{"href":"https:\/\/csotrading.com\/tr\/wp-json\/wp\/v2\/product\/7571"}],"collection":[{"href":"https:\/\/csotrading.com\/tr\/wp-json\/wp\/v2\/product"}],"about":[{"href":"https:\/\/csotrading.com\/tr\/wp-json\/wp\/v2\/types\/product"}],"replies":[{"embeddable":true,"href":"https:\/\/csotrading.com\/tr\/wp-json\/wp\/v2\/comments?post=7571"}],"wp:featuredmedia":[{"embeddable":true,"href":"https:\/\/csotrading.com\/tr\/wp-json\/wp\/v2\/media\/7567"}],"wp:attachment":[{"href":"https:\/\/csotrading.com\/tr\/wp-json\/wp\/v2\/media?parent=7571"}],"wp:term":[{"taxonomy":"product_brand","embeddable":true,"href":"https:\/\/csotrading.com\/tr\/wp-json\/wp\/v2\/product_brand?post=7571"},{"taxonomy":"product_cat","embeddable":true,"href":"https:\/\/csotrading.com\/tr\/wp-json\/wp\/v2\/product_cat?post=7571"},{"taxonomy":"product_tag","embeddable":true,"href":"https:\/\/csotrading.com\/tr\/wp-json\/wp\/v2\/product_tag?post=7571"}],"curies":[{"name":"wp","href":"https:\/\/api.w.org\/{rel}","templated":true}]}}