{"id":7549,"date":"2021-06-21T23:17:47","date_gmt":"2021-06-21T20:17:47","guid":{"rendered":"https:\/\/csotrading.com\/?post_type=product&#038;p=7549"},"modified":"2021-06-21T23:17:47","modified_gmt":"2021-06-21T20:17:47","slug":"omron-ej1n-tc2a-qnhb","status":"publish","type":"product","link":"https:\/\/csotrading.com\/tr\/product\/omron-ej1n-tc2a-qnhb\/","title":{"rendered":"Omron EJ1N-TC2A-QNHB"},"content":{"rendered":"<h2><span>\u00d6ZELL\u0130KLER<\/span><\/h2>\n<h3><\/h3>\n<table class=\"one\">\n<tbody>\n<tr>\n<td>Size<\/td>\n<td><span>31 x 90 x 109 mm<\/span><\/td>\n<\/tr>\n<tr>\n<td><span>Fonksiyonlar<\/span><\/td>\n<td><span>PID kontrol\u00fc<\/span><\/td>\n<\/tr>\n<tr>\n<td><span>Kontrol d\u00f6ng\u00fcs\u00fc say\u0131s\u0131<\/span><\/td>\n<td>2<\/td>\n<\/tr>\n<tr>\n<td><span>S\u0131cakl\u0131k giri\u015f tipi<\/span><\/td>\n<td><span>B, C (WRe5-26), E, \u200b\u200bJ, JPt100, K, L, N, P (PLII), Pt100, R, S, T, U<\/span><\/td>\n<\/tr>\n<tr>\n<td><span>Do\u011frusal analog giri\u015f tipi<\/span><\/td>\n<td><span>0 ila 10 V, 0 ila 20 mA, 0 ila 5 V, 1 ila 5 V, 4 ila 20 mA<\/span><\/td>\n<\/tr>\n<tr>\n<td><span>S\u0131cakl\u0131k aral\u0131\u011f\u0131<\/span><\/td>\n<td><span>-200-2300 \u00b0C<\/span><\/td>\n<\/tr>\n<tr>\n<td><span>\u00d6zellikleri<\/span><\/td>\n<td><span>Ak\u0131m trafosu giri\u015fi<\/span><\/td>\n<\/tr>\n<tr>\n<td><span>Olay giri\u015fi say\u0131s\u0131<\/span><\/td>\n<td><span>2<\/span><\/td>\n<\/tr>\n<tr>\n<td><span>Alarm \u00e7\u0131k\u0131\u015flar\u0131n\u0131n say\u0131s\u0131<\/span><\/td>\n<td><span>2<\/span><\/td>\n<\/tr>\n<tr>\n<td><span>Besleme gerilimi DC<\/span><\/td>\n<td><span>20.4-26.4V<\/span><\/td>\n<\/tr>\n<tr>\n<td><span>Kontrol \u00e7\u0131k\u0131\u015f\u0131<\/span><\/td>\n<td><span>2 Voltaj darbesi<\/span><\/td>\n<\/tr>\n<tr>\n<td><span>terminal<\/span><\/td>\n<td><span>Vida<\/span><\/td>\n<\/tr>\n<\/tbody>\n<\/table>\n","protected":false},"excerpt":{"rendered":"<h2><span>CelciuX\u00ba Panel i\u00e7i s\u0131cakl\u0131k kontrol cihaz\u0131 temel \u00fcnitesi, DIN ray\u0131na montaj,<\/span><\/h2>\n<h3><span>2 d\u00f6ng\u00fc, termokupl\/Pt100\/analog giri\u015f, 2 x 12 VDC art\u0131 2 x 30 VDC, 0.1 A NPN \u00e7\u0131k\u0131\u015f, \u0131s\u0131tma, so\u011futma, \u0131s\u0131tma\/so\u011futma, \u0131s\u0131t\u0131c\u0131 yanma alarm\u0131, M3 vidal\u0131 terminaller<\/span><\/h3>\n","protected":false},"featured_media":7548,"comment_status":"closed","ping_status":"closed","template":"","meta":[],"product_brand":[],"product_cat":[772,394],"product_tag":[],"class_list":{"0":"post-7549","1":"product","2":"type-product","3":"status-publish","4":"has-post-thumbnail","6":"product_cat-sicaklik-kontrol-cihazlari","7":"product_cat-omron-tr","9":"first","10":"instock","11":"shipping-taxable","12":"product-type-simple"},"yoast_head":"<!-- This site is optimized with the Yoast SEO plugin v24.3 - https:\/\/yoast.com\/wordpress\/plugins\/seo\/ -->\n<title>Omron EJ1N-TC2A-QNHB - CSO TRADING<\/title>\n<meta name=\"robots\" content=\"index, follow, max-snippet:-1, max-image-preview:large, max-video-preview:-1\" \/>\n<link rel=\"canonical\" href=\"https:\/\/csotrading.com\/tr\/product\/omron-ej1n-tc2a-qnhb\/\" \/>\n<meta property=\"og:locale\" content=\"tr_TR\" \/>\n<meta property=\"og:type\" content=\"article\" \/>\n<meta property=\"og:title\" content=\"Omron EJ1N-TC2A-QNHB - CSO TRADING\" \/>\n<meta property=\"og:description\" content=\"CelciuX\u00ba Panel i\u00e7i s\u0131cakl\u0131k kontrol cihaz\u0131 temel \u00fcnitesi, DIN ray\u0131na montaj, 2 d\u00f6ng\u00fc, termokupl\/Pt100\/analog giri\u015f, 2 x 12 VDC art\u0131 2 x 30 VDC, 0.1 A NPN \u00e7\u0131k\u0131\u015f, \u0131s\u0131tma, so\u011futma, \u0131s\u0131tma\/so\u011futma, \u0131s\u0131t\u0131c\u0131 yanma alarm\u0131, M3 vidal\u0131 terminaller\" \/>\n<meta property=\"og:url\" content=\"https:\/\/csotrading.com\/tr\/product\/omron-ej1n-tc2a-qnhb\/\" \/>\n<meta property=\"og:site_name\" content=\"CSO TRADING\" \/>\n<meta property=\"og:image\" content=\"https:\/\/csotrading.com\/wp-content\/uploads\/2021\/06\/EJ1N-TC4x.jpg\" \/>\n\t<meta property=\"og:image:width\" content=\"400\" \/>\n\t<meta property=\"og:image:height\" content=\"400\" \/>\n\t<meta property=\"og:image:type\" content=\"image\/jpeg\" \/>\n<meta name=\"twitter:card\" content=\"summary_large_image\" \/>\n<script type=\"application\/ld+json\" class=\"yoast-schema-graph\">{\"@context\":\"https:\/\/schema.org\",\"@graph\":[{\"@type\":\"WebPage\",\"@id\":\"https:\/\/csotrading.com\/tr\/product\/omron-ej1n-tc2a-qnhb\/\",\"url\":\"https:\/\/csotrading.com\/tr\/product\/omron-ej1n-tc2a-qnhb\/\",\"name\":\"Omron EJ1N-TC2A-QNHB - CSO TRADING\",\"isPartOf\":{\"@id\":\"https:\/\/csotrading.com\/#website\"},\"primaryImageOfPage\":{\"@id\":\"https:\/\/csotrading.com\/tr\/product\/omron-ej1n-tc2a-qnhb\/#primaryimage\"},\"image\":{\"@id\":\"https:\/\/csotrading.com\/tr\/product\/omron-ej1n-tc2a-qnhb\/#primaryimage\"},\"thumbnailUrl\":\"https:\/\/csotrading.com\/wp-content\/uploads\/2021\/06\/EJ1N-TC4x.jpg\",\"datePublished\":\"2021-06-21T20:17:47+00:00\",\"dateModified\":\"2021-06-21T20:17:47+00:00\",\"breadcrumb\":{\"@id\":\"https:\/\/csotrading.com\/tr\/product\/omron-ej1n-tc2a-qnhb\/#breadcrumb\"},\"inLanguage\":\"tr\",\"potentialAction\":[{\"@type\":\"ReadAction\",\"target\":[\"https:\/\/csotrading.com\/tr\/product\/omron-ej1n-tc2a-qnhb\/\"]}]},{\"@type\":\"ImageObject\",\"inLanguage\":\"tr\",\"@id\":\"https:\/\/csotrading.com\/tr\/product\/omron-ej1n-tc2a-qnhb\/#primaryimage\",\"url\":\"https:\/\/csotrading.com\/wp-content\/uploads\/2021\/06\/EJ1N-TC4x.jpg\",\"contentUrl\":\"https:\/\/csotrading.com\/wp-content\/uploads\/2021\/06\/EJ1N-TC4x.jpg\",\"width\":400,\"height\":400},{\"@type\":\"BreadcrumbList\",\"@id\":\"https:\/\/csotrading.com\/tr\/product\/omron-ej1n-tc2a-qnhb\/#breadcrumb\",\"itemListElement\":[{\"@type\":\"ListItem\",\"position\":1,\"name\":\"Home\",\"item\":\"https:\/\/csotrading.com\/tr\/\"},{\"@type\":\"ListItem\",\"position\":2,\"name\":\"Ma\u011faza\",\"item\":\"https:\/\/csotrading.com\/magaza\/\"},{\"@type\":\"ListItem\",\"position\":3,\"name\":\"Omron EJ1N-TC2A-QNHB\"}]},{\"@type\":\"WebSite\",\"@id\":\"https:\/\/csotrading.com\/#website\",\"url\":\"https:\/\/csotrading.com\/\",\"name\":\"CSO TRADING\",\"description\":\"\",\"potentialAction\":[{\"@type\":\"SearchAction\",\"target\":{\"@type\":\"EntryPoint\",\"urlTemplate\":\"https:\/\/csotrading.com\/?s={search_term_string}\"},\"query-input\":{\"@type\":\"PropertyValueSpecification\",\"valueRequired\":true,\"valueName\":\"search_term_string\"}}],\"inLanguage\":\"tr\"}]}<\/script>\n<!-- \/ Yoast SEO plugin. -->","yoast_head_json":{"title":"Omron EJ1N-TC2A-QNHB - CSO TRADING","robots":{"index":"index","follow":"follow","max-snippet":"max-snippet:-1","max-image-preview":"max-image-preview:large","max-video-preview":"max-video-preview:-1"},"canonical":"https:\/\/csotrading.com\/tr\/product\/omron-ej1n-tc2a-qnhb\/","og_locale":"tr_TR","og_type":"article","og_title":"Omron EJ1N-TC2A-QNHB - CSO TRADING","og_description":"CelciuX\u00ba Panel i\u00e7i s\u0131cakl\u0131k kontrol cihaz\u0131 temel \u00fcnitesi, DIN ray\u0131na montaj, 2 d\u00f6ng\u00fc, termokupl\/Pt100\/analog giri\u015f, 2 x 12 VDC art\u0131 2 x 30 VDC, 0.1 A NPN \u00e7\u0131k\u0131\u015f, \u0131s\u0131tma, so\u011futma, \u0131s\u0131tma\/so\u011futma, \u0131s\u0131t\u0131c\u0131 yanma alarm\u0131, M3 vidal\u0131 terminaller","og_url":"https:\/\/csotrading.com\/tr\/product\/omron-ej1n-tc2a-qnhb\/","og_site_name":"CSO TRADING","og_image":[{"width":400,"height":400,"url":"https:\/\/csotrading.com\/wp-content\/uploads\/2021\/06\/EJ1N-TC4x.jpg","type":"image\/jpeg"}],"twitter_card":"summary_large_image","schema":{"@context":"https:\/\/schema.org","@graph":[{"@type":"WebPage","@id":"https:\/\/csotrading.com\/tr\/product\/omron-ej1n-tc2a-qnhb\/","url":"https:\/\/csotrading.com\/tr\/product\/omron-ej1n-tc2a-qnhb\/","name":"Omron EJ1N-TC2A-QNHB - CSO TRADING","isPartOf":{"@id":"https:\/\/csotrading.com\/#website"},"primaryImageOfPage":{"@id":"https:\/\/csotrading.com\/tr\/product\/omron-ej1n-tc2a-qnhb\/#primaryimage"},"image":{"@id":"https:\/\/csotrading.com\/tr\/product\/omron-ej1n-tc2a-qnhb\/#primaryimage"},"thumbnailUrl":"https:\/\/csotrading.com\/wp-content\/uploads\/2021\/06\/EJ1N-TC4x.jpg","datePublished":"2021-06-21T20:17:47+00:00","dateModified":"2021-06-21T20:17:47+00:00","breadcrumb":{"@id":"https:\/\/csotrading.com\/tr\/product\/omron-ej1n-tc2a-qnhb\/#breadcrumb"},"inLanguage":"tr","potentialAction":[{"@type":"ReadAction","target":["https:\/\/csotrading.com\/tr\/product\/omron-ej1n-tc2a-qnhb\/"]}]},{"@type":"ImageObject","inLanguage":"tr","@id":"https:\/\/csotrading.com\/tr\/product\/omron-ej1n-tc2a-qnhb\/#primaryimage","url":"https:\/\/csotrading.com\/wp-content\/uploads\/2021\/06\/EJ1N-TC4x.jpg","contentUrl":"https:\/\/csotrading.com\/wp-content\/uploads\/2021\/06\/EJ1N-TC4x.jpg","width":400,"height":400},{"@type":"BreadcrumbList","@id":"https:\/\/csotrading.com\/tr\/product\/omron-ej1n-tc2a-qnhb\/#breadcrumb","itemListElement":[{"@type":"ListItem","position":1,"name":"Home","item":"https:\/\/csotrading.com\/tr\/"},{"@type":"ListItem","position":2,"name":"Ma\u011faza","item":"https:\/\/csotrading.com\/magaza\/"},{"@type":"ListItem","position":3,"name":"Omron EJ1N-TC2A-QNHB"}]},{"@type":"WebSite","@id":"https:\/\/csotrading.com\/#website","url":"https:\/\/csotrading.com\/","name":"CSO TRADING","description":"","potentialAction":[{"@type":"SearchAction","target":{"@type":"EntryPoint","urlTemplate":"https:\/\/csotrading.com\/?s={search_term_string}"},"query-input":{"@type":"PropertyValueSpecification","valueRequired":true,"valueName":"search_term_string"}}],"inLanguage":"tr"}]}},"_links":{"self":[{"href":"https:\/\/csotrading.com\/tr\/wp-json\/wp\/v2\/product\/7549"}],"collection":[{"href":"https:\/\/csotrading.com\/tr\/wp-json\/wp\/v2\/product"}],"about":[{"href":"https:\/\/csotrading.com\/tr\/wp-json\/wp\/v2\/types\/product"}],"replies":[{"embeddable":true,"href":"https:\/\/csotrading.com\/tr\/wp-json\/wp\/v2\/comments?post=7549"}],"wp:featuredmedia":[{"embeddable":true,"href":"https:\/\/csotrading.com\/tr\/wp-json\/wp\/v2\/media\/7548"}],"wp:attachment":[{"href":"https:\/\/csotrading.com\/tr\/wp-json\/wp\/v2\/media?parent=7549"}],"wp:term":[{"taxonomy":"product_brand","embeddable":true,"href":"https:\/\/csotrading.com\/tr\/wp-json\/wp\/v2\/product_brand?post=7549"},{"taxonomy":"product_cat","embeddable":true,"href":"https:\/\/csotrading.com\/tr\/wp-json\/wp\/v2\/product_cat?post=7549"},{"taxonomy":"product_tag","embeddable":true,"href":"https:\/\/csotrading.com\/tr\/wp-json\/wp\/v2\/product_tag?post=7549"}],"curies":[{"name":"wp","href":"https:\/\/api.w.org\/{rel}","templated":true}]}}