{"id":7534,"date":"2021-06-21T23:03:03","date_gmt":"2021-06-21T20:03:03","guid":{"rendered":"https:\/\/csotrading.com\/?post_type=product&#038;p=7534"},"modified":"2021-06-21T23:03:03","modified_gmt":"2021-06-21T20:03:03","slug":"omron-nx-ad3203","status":"publish","type":"product","link":"https:\/\/csotrading.com\/tr\/product\/omron-nx-ad3203\/","title":{"rendered":"Omron NX-AD3203"},"content":{"rendered":"<h2><span>\u00d6ZELL\u0130KLER<\/span><\/h2>\n<h3><\/h3>\n<table class=\"one\">\n<tbody>\n<tr>\n<td><span>G\/\u00c7 sistemi<\/span><\/td>\n<td><span>NX G\/\u00c7 Veriyolu<\/span><\/td>\n<\/tr>\n<tr>\n<td><span>Mod\u00fcl tipi<\/span><\/td>\n<td><span>Analog G\/\u00c7<\/span><\/td>\n<\/tr>\n<tr>\n<td><span>Analog giri\u015f say\u0131s\u0131<\/span><\/td>\n<td>4<\/td>\n<\/tr>\n<tr>\n<td><span>S\u0131cakl\u0131k giri\u015f tipi<\/span><\/td>\n<td><span>Yok<\/span><\/td>\n<\/tr>\n<tr>\n<td><span>Do\u011frusal analog giri\u015f tipi<\/span><\/td>\n<td><span>4, 20 mA&#8217;d\u0131r<\/span><\/td>\n<\/tr>\n<tr>\n<td><span>Analog giri\u015flerin \u00e7\u00f6z\u00fcn\u00fcrl\u00fc\u011f\u00fc<\/span><\/td>\n<td><span>13 bit<\/span><\/td>\n<\/tr>\n<tr>\n<td><span>Giri\u015f devresi tipi<\/span><\/td>\n<td><span>tek u\u00e7lu<\/span><\/td>\n<\/tr>\n<tr>\n<td><span>Analog \u00e7\u0131k\u0131\u015f say\u0131s\u0131<\/span><\/td>\n<td>0<\/td>\n<\/tr>\n<tr>\n<td><span>Do\u011frusal analog \u00e7\u0131k\u0131\u015f tipi<\/span><\/td>\n<td><span>Yok<\/span><\/td>\n<\/tr>\n<tr>\n<td><span>D\u00f6n\u00fc\u015f\u00fcm zaman\u0131<\/span><\/td>\n<td><span>1 ms\/birim<\/span><\/td>\n<\/tr>\n<tr>\n<td><span>Sinyal i\u015fleme<\/span><\/td>\n<td><span>Serbest ko\u015fu<\/span><\/td>\n<\/tr>\n<tr>\n<td><span>IO ba\u011flant\u0131 y\u00f6neticisi<\/span><\/td>\n<td><\/td>\n<\/tr>\n<tr>\n<td><span>G\/\u00c7 ba\u011flant\u0131 t\u00fcr\u00fc<\/span><\/td>\n<td><span>\u0130tin<\/span><\/td>\n<\/tr>\n<tr>\n<td><span>G\/\u00c7 konekt\u00f6rlerinin say\u0131s\u0131<\/span><\/td>\n<td>1<\/td>\n<\/tr>\n<tr>\n<td><span>Ayr\u0131labilir G\/\u00c7 konekt\u00f6r\u00fc<\/span><\/td>\n<td><\/td>\n<\/tr>\n<tr>\n<td><span>G\u00fcvenlik fonksiyonlar\u0131 i\u00e7in uygun<\/span><\/td>\n<td><\/td>\n<\/tr>\n<tr>\n<td><span>IEC 61508&#8217;e g\u00f6re SIL<\/span><\/td>\n<td><span>Yok<\/span><\/td>\n<\/tr>\n<tr>\n<td><span>Koruma derecesi (IP)<\/span><\/td>\n<td><span>IP20<\/span><\/td>\n<\/tr>\n<tr>\n<td><span>Y\u00fckseklik<\/span><\/td>\n<td><span>100 mm<\/span><\/td>\n<\/tr>\n<tr>\n<td><span>Geni\u015flik<\/span><\/td>\n<td><span>12 mm<\/span><\/td>\n<\/tr>\n<tr>\n<td><span>derinlik<\/span><\/td>\n<td><span>71 mm<\/span><\/td>\n<\/tr>\n<tr>\n<td><span>A\u011f\u0131rl\u0131k<\/span><\/td>\n<td><span>70 gr<\/span><\/td>\n<\/tr>\n<\/tbody>\n<\/table>\n","protected":false},"excerpt":{"rendered":"<h2><span>4 Analog Giri\u015f,<\/span><\/h2>\n<h3><span>4 ila 20 mA tek u\u00e7lu, 1:8000 \u00e7\u00f6z\u00fcn\u00fcrl\u00fck, 250 \u00b5s\/ch, vidas\u0131z push-in konnekt\u00f6r, 12 mm geni\u015flik<\/span><\/h3>\n","protected":false},"featured_media":7456,"comment_status":"closed","ping_status":"closed","template":"","meta":[],"product_brand":[],"product_cat":[771,394],"product_tag":[],"class_list":{"0":"post-7534","1":"product","2":"type-product","3":"status-publish","4":"has-post-thumbnail","6":"product_cat-giris-ve-cikis-modulleri","7":"product_cat-omron-tr","9":"first","10":"instock","11":"shipping-taxable","12":"product-type-simple"},"yoast_head":"<!-- This site is optimized with the Yoast SEO plugin v24.3 - https:\/\/yoast.com\/wordpress\/plugins\/seo\/ -->\n<title>Omron NX-AD3203 - CSO TRADING<\/title>\n<meta name=\"robots\" content=\"index, follow, max-snippet:-1, max-image-preview:large, max-video-preview:-1\" \/>\n<link rel=\"canonical\" href=\"https:\/\/csotrading.com\/tr\/product\/omron-nx-ad3203\/\" \/>\n<meta property=\"og:locale\" content=\"tr_TR\" \/>\n<meta property=\"og:type\" content=\"article\" \/>\n<meta property=\"og:title\" content=\"Omron NX-AD3203 - CSO TRADING\" \/>\n<meta property=\"og:description\" content=\"4 Analog Giri\u015f, 4 ila 20 mA tek u\u00e7lu, 1:8000 \u00e7\u00f6z\u00fcn\u00fcrl\u00fck, 250 \u00b5s\/ch, vidas\u0131z push-in konnekt\u00f6r, 12 mm geni\u015flik\" \/>\n<meta property=\"og:url\" content=\"https:\/\/csotrading.com\/tr\/product\/omron-nx-ad3203\/\" \/>\n<meta property=\"og:site_name\" content=\"CSO TRADING\" \/>\n<meta property=\"og:image\" content=\"https:\/\/csotrading.com\/wp-content\/uploads\/2021\/06\/NX-AD3203.jpg\" \/>\n\t<meta property=\"og:image:width\" content=\"400\" \/>\n\t<meta property=\"og:image:height\" content=\"400\" \/>\n\t<meta property=\"og:image:type\" content=\"image\/jpeg\" \/>\n<meta name=\"twitter:card\" content=\"summary_large_image\" \/>\n<meta name=\"twitter:label1\" content=\"Tahmini okuma s\u00fcresi\" \/>\n\t<meta name=\"twitter:data1\" content=\"1 dakika\" \/>\n<script type=\"application\/ld+json\" class=\"yoast-schema-graph\">{\"@context\":\"https:\/\/schema.org\",\"@graph\":[{\"@type\":\"WebPage\",\"@id\":\"https:\/\/csotrading.com\/tr\/product\/omron-nx-ad3203\/\",\"url\":\"https:\/\/csotrading.com\/tr\/product\/omron-nx-ad3203\/\",\"name\":\"Omron NX-AD3203 - CSO TRADING\",\"isPartOf\":{\"@id\":\"https:\/\/csotrading.com\/#website\"},\"primaryImageOfPage\":{\"@id\":\"https:\/\/csotrading.com\/tr\/product\/omron-nx-ad3203\/#primaryimage\"},\"image\":{\"@id\":\"https:\/\/csotrading.com\/tr\/product\/omron-nx-ad3203\/#primaryimage\"},\"thumbnailUrl\":\"https:\/\/csotrading.com\/wp-content\/uploads\/2021\/06\/NX-AD3203.jpg\",\"datePublished\":\"2021-06-21T20:03:03+00:00\",\"dateModified\":\"2021-06-21T20:03:03+00:00\",\"breadcrumb\":{\"@id\":\"https:\/\/csotrading.com\/tr\/product\/omron-nx-ad3203\/#breadcrumb\"},\"inLanguage\":\"tr\",\"potentialAction\":[{\"@type\":\"ReadAction\",\"target\":[\"https:\/\/csotrading.com\/tr\/product\/omron-nx-ad3203\/\"]}]},{\"@type\":\"ImageObject\",\"inLanguage\":\"tr\",\"@id\":\"https:\/\/csotrading.com\/tr\/product\/omron-nx-ad3203\/#primaryimage\",\"url\":\"https:\/\/csotrading.com\/wp-content\/uploads\/2021\/06\/NX-AD3203.jpg\",\"contentUrl\":\"https:\/\/csotrading.com\/wp-content\/uploads\/2021\/06\/NX-AD3203.jpg\",\"width\":400,\"height\":400},{\"@type\":\"BreadcrumbList\",\"@id\":\"https:\/\/csotrading.com\/tr\/product\/omron-nx-ad3203\/#breadcrumb\",\"itemListElement\":[{\"@type\":\"ListItem\",\"position\":1,\"name\":\"Home\",\"item\":\"https:\/\/csotrading.com\/tr\/\"},{\"@type\":\"ListItem\",\"position\":2,\"name\":\"Ma\u011faza\",\"item\":\"https:\/\/csotrading.com\/magaza\/\"},{\"@type\":\"ListItem\",\"position\":3,\"name\":\"Omron NX-AD3203\"}]},{\"@type\":\"WebSite\",\"@id\":\"https:\/\/csotrading.com\/#website\",\"url\":\"https:\/\/csotrading.com\/\",\"name\":\"CSO TRADING\",\"description\":\"\",\"potentialAction\":[{\"@type\":\"SearchAction\",\"target\":{\"@type\":\"EntryPoint\",\"urlTemplate\":\"https:\/\/csotrading.com\/?s={search_term_string}\"},\"query-input\":{\"@type\":\"PropertyValueSpecification\",\"valueRequired\":true,\"valueName\":\"search_term_string\"}}],\"inLanguage\":\"tr\"}]}<\/script>\n<!-- \/ Yoast SEO plugin. -->","yoast_head_json":{"title":"Omron NX-AD3203 - CSO TRADING","robots":{"index":"index","follow":"follow","max-snippet":"max-snippet:-1","max-image-preview":"max-image-preview:large","max-video-preview":"max-video-preview:-1"},"canonical":"https:\/\/csotrading.com\/tr\/product\/omron-nx-ad3203\/","og_locale":"tr_TR","og_type":"article","og_title":"Omron NX-AD3203 - CSO TRADING","og_description":"4 Analog Giri\u015f, 4 ila 20 mA tek u\u00e7lu, 1:8000 \u00e7\u00f6z\u00fcn\u00fcrl\u00fck, 250 \u00b5s\/ch, vidas\u0131z push-in konnekt\u00f6r, 12 mm geni\u015flik","og_url":"https:\/\/csotrading.com\/tr\/product\/omron-nx-ad3203\/","og_site_name":"CSO TRADING","og_image":[{"width":400,"height":400,"url":"https:\/\/csotrading.com\/wp-content\/uploads\/2021\/06\/NX-AD3203.jpg","type":"image\/jpeg"}],"twitter_card":"summary_large_image","twitter_misc":{"Tahmini okuma s\u00fcresi":"1 dakika"},"schema":{"@context":"https:\/\/schema.org","@graph":[{"@type":"WebPage","@id":"https:\/\/csotrading.com\/tr\/product\/omron-nx-ad3203\/","url":"https:\/\/csotrading.com\/tr\/product\/omron-nx-ad3203\/","name":"Omron NX-AD3203 - CSO TRADING","isPartOf":{"@id":"https:\/\/csotrading.com\/#website"},"primaryImageOfPage":{"@id":"https:\/\/csotrading.com\/tr\/product\/omron-nx-ad3203\/#primaryimage"},"image":{"@id":"https:\/\/csotrading.com\/tr\/product\/omron-nx-ad3203\/#primaryimage"},"thumbnailUrl":"https:\/\/csotrading.com\/wp-content\/uploads\/2021\/06\/NX-AD3203.jpg","datePublished":"2021-06-21T20:03:03+00:00","dateModified":"2021-06-21T20:03:03+00:00","breadcrumb":{"@id":"https:\/\/csotrading.com\/tr\/product\/omron-nx-ad3203\/#breadcrumb"},"inLanguage":"tr","potentialAction":[{"@type":"ReadAction","target":["https:\/\/csotrading.com\/tr\/product\/omron-nx-ad3203\/"]}]},{"@type":"ImageObject","inLanguage":"tr","@id":"https:\/\/csotrading.com\/tr\/product\/omron-nx-ad3203\/#primaryimage","url":"https:\/\/csotrading.com\/wp-content\/uploads\/2021\/06\/NX-AD3203.jpg","contentUrl":"https:\/\/csotrading.com\/wp-content\/uploads\/2021\/06\/NX-AD3203.jpg","width":400,"height":400},{"@type":"BreadcrumbList","@id":"https:\/\/csotrading.com\/tr\/product\/omron-nx-ad3203\/#breadcrumb","itemListElement":[{"@type":"ListItem","position":1,"name":"Home","item":"https:\/\/csotrading.com\/tr\/"},{"@type":"ListItem","position":2,"name":"Ma\u011faza","item":"https:\/\/csotrading.com\/magaza\/"},{"@type":"ListItem","position":3,"name":"Omron NX-AD3203"}]},{"@type":"WebSite","@id":"https:\/\/csotrading.com\/#website","url":"https:\/\/csotrading.com\/","name":"CSO TRADING","description":"","potentialAction":[{"@type":"SearchAction","target":{"@type":"EntryPoint","urlTemplate":"https:\/\/csotrading.com\/?s={search_term_string}"},"query-input":{"@type":"PropertyValueSpecification","valueRequired":true,"valueName":"search_term_string"}}],"inLanguage":"tr"}]}},"_links":{"self":[{"href":"https:\/\/csotrading.com\/tr\/wp-json\/wp\/v2\/product\/7534"}],"collection":[{"href":"https:\/\/csotrading.com\/tr\/wp-json\/wp\/v2\/product"}],"about":[{"href":"https:\/\/csotrading.com\/tr\/wp-json\/wp\/v2\/types\/product"}],"replies":[{"embeddable":true,"href":"https:\/\/csotrading.com\/tr\/wp-json\/wp\/v2\/comments?post=7534"}],"wp:featuredmedia":[{"embeddable":true,"href":"https:\/\/csotrading.com\/tr\/wp-json\/wp\/v2\/media\/7456"}],"wp:attachment":[{"href":"https:\/\/csotrading.com\/tr\/wp-json\/wp\/v2\/media?parent=7534"}],"wp:term":[{"taxonomy":"product_brand","embeddable":true,"href":"https:\/\/csotrading.com\/tr\/wp-json\/wp\/v2\/product_brand?post=7534"},{"taxonomy":"product_cat","embeddable":true,"href":"https:\/\/csotrading.com\/tr\/wp-json\/wp\/v2\/product_cat?post=7534"},{"taxonomy":"product_tag","embeddable":true,"href":"https:\/\/csotrading.com\/tr\/wp-json\/wp\/v2\/product_tag?post=7534"}],"curies":[{"name":"wp","href":"https:\/\/api.w.org\/{rel}","templated":true}]}}