{"id":7531,"date":"2021-06-21T22:59:29","date_gmt":"2021-06-21T19:59:29","guid":{"rendered":"https:\/\/csotrading.com\/?post_type=product&#038;p=7531"},"modified":"2021-06-21T22:59:29","modified_gmt":"2021-06-21T19:59:29","slug":"omron-nxr-ilm08c-eit","status":"publish","type":"product","link":"https:\/\/csotrading.com\/tr\/product\/omron-nxr-ilm08c-eit\/","title":{"rendered":"Omron NXR-ILM08C-EIT"},"content":{"rendered":"<h2><span>\u00d6ZELL\u0130KLER<\/span><\/h2>\n<h3><\/h3>\n<table class=\"one\">\n<tbody>\n<tr>\n<td><span>Mod\u00fcl tipi<\/span><\/td>\n<td><span>IO-Link ana<\/span><\/td>\n<\/tr>\n<tr>\n<td><span>\u0130leti\u015fim port(lar)\u0131<\/span><\/td>\n<td><span>EtherNet\/IP, IO-Link<\/span><\/td>\n<\/tr>\n<tr>\n<td><span>Dijital giri\u015f say\u0131s\u0131<\/span><\/td>\n<td>8<\/td>\n<\/tr>\n<tr>\n<td><span>Dijital giri\u015f tipi<\/span><\/td>\n<td><span>IO Ba\u011flant\u0131s\u0131, PNP<\/span><\/td>\n<\/tr>\n<tr>\n<td><span>Dijital \u00e7\u0131k\u0131\u015f say\u0131s\u0131<\/span><\/td>\n<td><span>8<\/span><\/td>\n<\/tr>\n<tr>\n<td><span>Dijital \u00e7\u0131k\u0131\u015f tipi<\/span><\/td>\n<td><span>IO Ba\u011flant\u0131s\u0131, PNP<\/span><\/td>\n<\/tr>\n<tr>\n<td><span>G\/\u00c7 ba\u011flant\u0131 t\u00fcr\u00fc<\/span><\/td>\n<td><span>M12<\/span><\/td>\n<\/tr>\n<tr>\n<td><span>G\/\u00c7 konekt\u00f6rlerinin say\u0131s\u0131<\/span><\/td>\n<td><span>8<\/span><\/td>\n<\/tr>\n<tr>\n<td><span>Y\u00fckseklik<\/span><\/td>\n<td><span>240 mm<\/span><\/td>\n<\/tr>\n<tr>\n<td><span>Geni\u015flik<\/span><\/td>\n<td><span>62 mm<\/span><\/td>\n<\/tr>\n<tr>\n<td><span>derinlik<\/span><\/td>\n<td><span>38 mm<\/span><\/td>\n<\/tr>\n<tr>\n<td><span>A\u011f\u0131rl\u0131k<\/span><\/td>\n<td><span>440 gr<\/span><\/td>\n<\/tr>\n<\/tbody>\n<\/table>\n","protected":false},"excerpt":{"rendered":"<h2><span><span class=\"\">NXR Serisi IO-Link Ana \u00dcnite IP67<\/span><\/span><\/h2>\n<h3><span>8 ba\u011flant\u0131 noktas\u0131, EtherNet\/IP<\/span><\/h3>\n","protected":false},"featured_media":7464,"comment_status":"closed","ping_status":"closed","template":"","meta":[],"product_brand":[],"product_cat":[771,394],"product_tag":[],"class_list":{"0":"post-7531","1":"product","2":"type-product","3":"status-publish","4":"has-post-thumbnail","6":"product_cat-giris-ve-cikis-modulleri","7":"product_cat-omron-tr","9":"first","10":"instock","11":"shipping-taxable","12":"product-type-simple"},"yoast_head":"<!-- This site is optimized with the Yoast SEO plugin v24.3 - https:\/\/yoast.com\/wordpress\/plugins\/seo\/ -->\n<title>Omron NXR-ILM08C-EIT - CSO TRADING<\/title>\n<meta name=\"robots\" content=\"index, follow, max-snippet:-1, max-image-preview:large, max-video-preview:-1\" \/>\n<link rel=\"canonical\" href=\"https:\/\/csotrading.com\/tr\/product\/omron-nxr-ilm08c-eit\/\" \/>\n<meta property=\"og:locale\" content=\"tr_TR\" \/>\n<meta property=\"og:type\" content=\"article\" \/>\n<meta property=\"og:title\" content=\"Omron NXR-ILM08C-EIT - CSO TRADING\" \/>\n<meta property=\"og:description\" content=\"NXR Serisi IO-Link Ana \u00dcnite IP67 8 ba\u011flant\u0131 noktas\u0131, EtherNet\/IP\" \/>\n<meta property=\"og:url\" content=\"https:\/\/csotrading.com\/tr\/product\/omron-nxr-ilm08c-eit\/\" \/>\n<meta property=\"og:site_name\" content=\"CSO TRADING\" \/>\n<meta property=\"og:image\" content=\"https:\/\/csotrading.com\/wp-content\/uploads\/2021\/06\/NXR-ILM08C-EIT.jpg\" \/>\n\t<meta property=\"og:image:width\" content=\"400\" \/>\n\t<meta property=\"og:image:height\" content=\"400\" \/>\n\t<meta property=\"og:image:type\" content=\"image\/jpeg\" \/>\n<meta name=\"twitter:card\" content=\"summary_large_image\" \/>\n<meta name=\"twitter:label1\" content=\"Tahmini okuma s\u00fcresi\" \/>\n\t<meta name=\"twitter:data1\" content=\"1 dakika\" \/>\n<script type=\"application\/ld+json\" class=\"yoast-schema-graph\">{\"@context\":\"https:\/\/schema.org\",\"@graph\":[{\"@type\":\"WebPage\",\"@id\":\"https:\/\/csotrading.com\/tr\/product\/omron-nxr-ilm08c-eit\/\",\"url\":\"https:\/\/csotrading.com\/tr\/product\/omron-nxr-ilm08c-eit\/\",\"name\":\"Omron NXR-ILM08C-EIT - CSO TRADING\",\"isPartOf\":{\"@id\":\"https:\/\/csotrading.com\/#website\"},\"primaryImageOfPage\":{\"@id\":\"https:\/\/csotrading.com\/tr\/product\/omron-nxr-ilm08c-eit\/#primaryimage\"},\"image\":{\"@id\":\"https:\/\/csotrading.com\/tr\/product\/omron-nxr-ilm08c-eit\/#primaryimage\"},\"thumbnailUrl\":\"https:\/\/csotrading.com\/wp-content\/uploads\/2021\/06\/NXR-ILM08C-EIT.jpg\",\"datePublished\":\"2021-06-21T19:59:29+00:00\",\"dateModified\":\"2021-06-21T19:59:29+00:00\",\"breadcrumb\":{\"@id\":\"https:\/\/csotrading.com\/tr\/product\/omron-nxr-ilm08c-eit\/#breadcrumb\"},\"inLanguage\":\"tr\",\"potentialAction\":[{\"@type\":\"ReadAction\",\"target\":[\"https:\/\/csotrading.com\/tr\/product\/omron-nxr-ilm08c-eit\/\"]}]},{\"@type\":\"ImageObject\",\"inLanguage\":\"tr\",\"@id\":\"https:\/\/csotrading.com\/tr\/product\/omron-nxr-ilm08c-eit\/#primaryimage\",\"url\":\"https:\/\/csotrading.com\/wp-content\/uploads\/2021\/06\/NXR-ILM08C-EIT.jpg\",\"contentUrl\":\"https:\/\/csotrading.com\/wp-content\/uploads\/2021\/06\/NXR-ILM08C-EIT.jpg\",\"width\":400,\"height\":400},{\"@type\":\"BreadcrumbList\",\"@id\":\"https:\/\/csotrading.com\/tr\/product\/omron-nxr-ilm08c-eit\/#breadcrumb\",\"itemListElement\":[{\"@type\":\"ListItem\",\"position\":1,\"name\":\"Home\",\"item\":\"https:\/\/csotrading.com\/tr\/\"},{\"@type\":\"ListItem\",\"position\":2,\"name\":\"Ma\u011faza\",\"item\":\"https:\/\/csotrading.com\/magaza\/\"},{\"@type\":\"ListItem\",\"position\":3,\"name\":\"Omron NXR-ILM08C-EIT\"}]},{\"@type\":\"WebSite\",\"@id\":\"https:\/\/csotrading.com\/#website\",\"url\":\"https:\/\/csotrading.com\/\",\"name\":\"CSO TRADING\",\"description\":\"\",\"potentialAction\":[{\"@type\":\"SearchAction\",\"target\":{\"@type\":\"EntryPoint\",\"urlTemplate\":\"https:\/\/csotrading.com\/?s={search_term_string}\"},\"query-input\":{\"@type\":\"PropertyValueSpecification\",\"valueRequired\":true,\"valueName\":\"search_term_string\"}}],\"inLanguage\":\"tr\"}]}<\/script>\n<!-- \/ Yoast SEO plugin. -->","yoast_head_json":{"title":"Omron NXR-ILM08C-EIT - CSO TRADING","robots":{"index":"index","follow":"follow","max-snippet":"max-snippet:-1","max-image-preview":"max-image-preview:large","max-video-preview":"max-video-preview:-1"},"canonical":"https:\/\/csotrading.com\/tr\/product\/omron-nxr-ilm08c-eit\/","og_locale":"tr_TR","og_type":"article","og_title":"Omron NXR-ILM08C-EIT - CSO TRADING","og_description":"NXR Serisi IO-Link Ana \u00dcnite IP67 8 ba\u011flant\u0131 noktas\u0131, EtherNet\/IP","og_url":"https:\/\/csotrading.com\/tr\/product\/omron-nxr-ilm08c-eit\/","og_site_name":"CSO TRADING","og_image":[{"width":400,"height":400,"url":"https:\/\/csotrading.com\/wp-content\/uploads\/2021\/06\/NXR-ILM08C-EIT.jpg","type":"image\/jpeg"}],"twitter_card":"summary_large_image","twitter_misc":{"Tahmini okuma s\u00fcresi":"1 dakika"},"schema":{"@context":"https:\/\/schema.org","@graph":[{"@type":"WebPage","@id":"https:\/\/csotrading.com\/tr\/product\/omron-nxr-ilm08c-eit\/","url":"https:\/\/csotrading.com\/tr\/product\/omron-nxr-ilm08c-eit\/","name":"Omron NXR-ILM08C-EIT - CSO TRADING","isPartOf":{"@id":"https:\/\/csotrading.com\/#website"},"primaryImageOfPage":{"@id":"https:\/\/csotrading.com\/tr\/product\/omron-nxr-ilm08c-eit\/#primaryimage"},"image":{"@id":"https:\/\/csotrading.com\/tr\/product\/omron-nxr-ilm08c-eit\/#primaryimage"},"thumbnailUrl":"https:\/\/csotrading.com\/wp-content\/uploads\/2021\/06\/NXR-ILM08C-EIT.jpg","datePublished":"2021-06-21T19:59:29+00:00","dateModified":"2021-06-21T19:59:29+00:00","breadcrumb":{"@id":"https:\/\/csotrading.com\/tr\/product\/omron-nxr-ilm08c-eit\/#breadcrumb"},"inLanguage":"tr","potentialAction":[{"@type":"ReadAction","target":["https:\/\/csotrading.com\/tr\/product\/omron-nxr-ilm08c-eit\/"]}]},{"@type":"ImageObject","inLanguage":"tr","@id":"https:\/\/csotrading.com\/tr\/product\/omron-nxr-ilm08c-eit\/#primaryimage","url":"https:\/\/csotrading.com\/wp-content\/uploads\/2021\/06\/NXR-ILM08C-EIT.jpg","contentUrl":"https:\/\/csotrading.com\/wp-content\/uploads\/2021\/06\/NXR-ILM08C-EIT.jpg","width":400,"height":400},{"@type":"BreadcrumbList","@id":"https:\/\/csotrading.com\/tr\/product\/omron-nxr-ilm08c-eit\/#breadcrumb","itemListElement":[{"@type":"ListItem","position":1,"name":"Home","item":"https:\/\/csotrading.com\/tr\/"},{"@type":"ListItem","position":2,"name":"Ma\u011faza","item":"https:\/\/csotrading.com\/magaza\/"},{"@type":"ListItem","position":3,"name":"Omron NXR-ILM08C-EIT"}]},{"@type":"WebSite","@id":"https:\/\/csotrading.com\/#website","url":"https:\/\/csotrading.com\/","name":"CSO TRADING","description":"","potentialAction":[{"@type":"SearchAction","target":{"@type":"EntryPoint","urlTemplate":"https:\/\/csotrading.com\/?s={search_term_string}"},"query-input":{"@type":"PropertyValueSpecification","valueRequired":true,"valueName":"search_term_string"}}],"inLanguage":"tr"}]}},"_links":{"self":[{"href":"https:\/\/csotrading.com\/tr\/wp-json\/wp\/v2\/product\/7531"}],"collection":[{"href":"https:\/\/csotrading.com\/tr\/wp-json\/wp\/v2\/product"}],"about":[{"href":"https:\/\/csotrading.com\/tr\/wp-json\/wp\/v2\/types\/product"}],"replies":[{"embeddable":true,"href":"https:\/\/csotrading.com\/tr\/wp-json\/wp\/v2\/comments?post=7531"}],"wp:featuredmedia":[{"embeddable":true,"href":"https:\/\/csotrading.com\/tr\/wp-json\/wp\/v2\/media\/7464"}],"wp:attachment":[{"href":"https:\/\/csotrading.com\/tr\/wp-json\/wp\/v2\/media?parent=7531"}],"wp:term":[{"taxonomy":"product_brand","embeddable":true,"href":"https:\/\/csotrading.com\/tr\/wp-json\/wp\/v2\/product_brand?post=7531"},{"taxonomy":"product_cat","embeddable":true,"href":"https:\/\/csotrading.com\/tr\/wp-json\/wp\/v2\/product_cat?post=7531"},{"taxonomy":"product_tag","embeddable":true,"href":"https:\/\/csotrading.com\/tr\/wp-json\/wp\/v2\/product_tag?post=7531"}],"curies":[{"name":"wp","href":"https:\/\/api.w.org\/{rel}","templated":true}]}}