{"id":7524,"date":"2021-06-21T22:54:02","date_gmt":"2021-06-21T19:54:02","guid":{"rendered":"https:\/\/csotrading.com\/?post_type=product&#038;p=7524"},"modified":"2021-06-21T22:54:03","modified_gmt":"2021-06-21T19:54:03","slug":"omron-gi-s-series","status":"publish","type":"product","link":"https:\/\/csotrading.com\/tr\/product\/omron-gi-s-series\/","title":{"rendered":"Omron GI-S Series"},"content":{"rendered":"<ul>\n<li><span>G\u00fcvenlik Uzak Dijital Bloklar\u0131<\/span><\/li>\n<li><span>Daha iyi te\u015fhis i\u00e7in Bireysel Test Darbeleri<\/span><\/li>\n<li><span>EtherNet\/IP&#8217;de CIP G\u00fcvenli\u011fi Desteklenir<\/span><\/li>\n<li><span>Standart \u00f6zellikli EtherNet\/IP \u0130leti\u015fim Ba\u011flant\u0131 Noktas\u0131<\/span><\/li>\n<li><span>Logic ve SI\/O&#8217;lar i\u00e7in ayr\u0131 G\u00fc\u00e7 kayna\u011f\u0131<\/span><\/li>\n<li><span>Ba\u011flant\u0131 noktas\u0131 2 A\/B kullan\u0131larak NX-CSG320 veya NX102 ile NX-SL5000 serisi ile birlikte uzak G\u00fcvenlik G\/\u00c7&#8217;leri olarak \u00e7al\u0131\u015fabilir<\/span><br \/>\n<h1><span>\u00d6zellikler<\/span><\/h1>\n<section>\n<h2><span>Y\u00f6netmelikler ve Standartlar<\/span><\/h2>\n<section>\n<h3><span>GI-S-serisi g\u00fcvenlik I\/O terminalleri<\/span><\/h3>\n<table frame=\"bottom\">\n<thead>\n<tr>\n<th><span>BELGELEND\u0130RME KURULU\u015eU<\/span><\/th>\n<th><span>STANDARTLAR<\/span><\/th>\n<\/tr>\n<\/thead>\n<tbody>\n<tr>\n<td><span>T\u00dcV Rheinland<\/span><\/td>\n<td><span>EN ISO 13849-1IEC 61508 par\u00e7alar 1-7IEC \/ EN 62061IEC \/ EN 61131-2<\/span><\/td>\n<\/tr>\n<tr>\n<td><span>UL<\/span><\/td>\n<td><span>NRAQ (UL61010-1 ve UL 61010-2-201) NRAG (UL 121201) NRAQ7 (CSA C22.2 No. 61010-1 ve CSA C22.2 No. 61010-2-201)<\/span><\/td>\n<\/tr>\n<\/tbody>\n<\/table>\n<p><span>FSoE protokol\u00fc, OMRON FSoE cihazlar\u0131n\u0131n birbirine ba\u011fl\u0131 oldu\u011fu uygulamalar i\u00e7in onaylanm\u0131\u015ft\u0131r.\u00a0OMRON FSoE cihazlar\u0131 d\u0131\u015f\u0131ndaki FSoE cihazlar\u0131yla uyumluluk i\u00e7in m\u00fc\u015fterinin FSoE ileti\u015fimlerini do\u011frulamas\u0131 gerekir.<\/span><\/p>\n<p><span>GI-S serisi g\u00fcvenlik I\/O terminallerini kullanarak a\u015fa\u011f\u0131dakileri kar\u015f\u0131layan bir g\u00fcvenlik kontrol sistemi olu\u015fturabilirsiniz.<\/span><br \/>\n<span>\u2013 IEC 61508, IEC\/EN 62061&#8217;de (Elektrikli\/Elektronik\/Programlanabilir Elektronik G\u00fcvenlikle \u0130lgili Sistemlerin \u0130\u015flevsel G\u00fcvenli\u011fi) SIL 3 (G\u00fcvenlik B\u00fct\u00fcnl\u00fc\u011f\u00fc Seviyesi 3)<\/span><br \/>\n<span>i\u00e7in gereksinimler \u2013 PLe (Performans D\u00fczeyi e) ve g\u00fcvenlik kategorisi 4 i\u00e7in gereksinimler EN ISO13849-1Ayr\u0131ca, GI-S serisi g\u00fcvenlik I\/O terminalleri, RCM, EAC ve KC&#8217;ye (Kore radyo y\u00f6netmeli\u011fi) uygunluk i\u00e7in tescil edilmi\u015ftir.<\/span><\/p>\n<\/section>\n<\/section>\n<\/li>\n<\/ul>\n","protected":false},"excerpt":{"rendered":"<h2><span>G\u00fcvenlik I\/O Terminalleri<\/span><\/h2>\n<h3>CIP Safety\u2122<\/h3>\n","protected":false},"featured_media":7482,"comment_status":"closed","ping_status":"closed","template":"","meta":[],"product_brand":[],"product_cat":[771,394],"product_tag":[],"class_list":{"0":"post-7524","1":"product","2":"type-product","3":"status-publish","4":"has-post-thumbnail","6":"product_cat-giris-ve-cikis-modulleri","7":"product_cat-omron-tr","9":"first","10":"instock","11":"shipping-taxable","12":"product-type-simple"},"yoast_head":"<!-- This site is optimized with the Yoast SEO plugin v24.3 - https:\/\/yoast.com\/wordpress\/plugins\/seo\/ -->\n<title>Omron GI-S Series - CSO TRADING<\/title>\n<meta name=\"robots\" content=\"index, follow, max-snippet:-1, max-image-preview:large, max-video-preview:-1\" \/>\n<link rel=\"canonical\" href=\"https:\/\/csotrading.com\/tr\/product\/omron-gi-s-series\/\" \/>\n<meta property=\"og:locale\" content=\"tr_TR\" \/>\n<meta property=\"og:type\" content=\"article\" \/>\n<meta property=\"og:title\" content=\"Omron GI-S Series - CSO TRADING\" \/>\n<meta property=\"og:description\" content=\"G\u00fcvenlik I\/O Terminalleri CIP Safety\u2122\" \/>\n<meta property=\"og:url\" content=\"https:\/\/csotrading.com\/tr\/product\/omron-gi-s-series\/\" \/>\n<meta property=\"og:site_name\" content=\"CSO TRADING\" \/>\n<meta property=\"article:modified_time\" content=\"2021-06-21T19:54:03+00:00\" \/>\n<meta property=\"og:image\" content=\"https:\/\/csotrading.com\/wp-content\/uploads\/2021\/06\/GI_S_logo_prod.png\" \/>\n\t<meta property=\"og:image:width\" content=\"400\" \/>\n\t<meta property=\"og:image:height\" content=\"197\" \/>\n\t<meta property=\"og:image:type\" content=\"image\/png\" \/>\n<meta name=\"twitter:card\" content=\"summary_large_image\" \/>\n<meta name=\"twitter:label1\" content=\"Tahmini okuma s\u00fcresi\" \/>\n\t<meta name=\"twitter:data1\" content=\"1 dakika\" \/>\n<script type=\"application\/ld+json\" class=\"yoast-schema-graph\">{\"@context\":\"https:\/\/schema.org\",\"@graph\":[{\"@type\":\"WebPage\",\"@id\":\"https:\/\/csotrading.com\/tr\/product\/omron-gi-s-series\/\",\"url\":\"https:\/\/csotrading.com\/tr\/product\/omron-gi-s-series\/\",\"name\":\"Omron GI-S Series - CSO TRADING\",\"isPartOf\":{\"@id\":\"https:\/\/csotrading.com\/#website\"},\"primaryImageOfPage\":{\"@id\":\"https:\/\/csotrading.com\/tr\/product\/omron-gi-s-series\/#primaryimage\"},\"image\":{\"@id\":\"https:\/\/csotrading.com\/tr\/product\/omron-gi-s-series\/#primaryimage\"},\"thumbnailUrl\":\"https:\/\/csotrading.com\/wp-content\/uploads\/2021\/06\/GI_S_logo_prod.png\",\"datePublished\":\"2021-06-21T19:54:02+00:00\",\"dateModified\":\"2021-06-21T19:54:03+00:00\",\"breadcrumb\":{\"@id\":\"https:\/\/csotrading.com\/tr\/product\/omron-gi-s-series\/#breadcrumb\"},\"inLanguage\":\"tr\",\"potentialAction\":[{\"@type\":\"ReadAction\",\"target\":[\"https:\/\/csotrading.com\/tr\/product\/omron-gi-s-series\/\"]}]},{\"@type\":\"ImageObject\",\"inLanguage\":\"tr\",\"@id\":\"https:\/\/csotrading.com\/tr\/product\/omron-gi-s-series\/#primaryimage\",\"url\":\"https:\/\/csotrading.com\/wp-content\/uploads\/2021\/06\/GI_S_logo_prod.png\",\"contentUrl\":\"https:\/\/csotrading.com\/wp-content\/uploads\/2021\/06\/GI_S_logo_prod.png\",\"width\":400,\"height\":197},{\"@type\":\"BreadcrumbList\",\"@id\":\"https:\/\/csotrading.com\/tr\/product\/omron-gi-s-series\/#breadcrumb\",\"itemListElement\":[{\"@type\":\"ListItem\",\"position\":1,\"name\":\"Home\",\"item\":\"https:\/\/csotrading.com\/tr\/\"},{\"@type\":\"ListItem\",\"position\":2,\"name\":\"Ma\u011faza\",\"item\":\"https:\/\/csotrading.com\/magaza\/\"},{\"@type\":\"ListItem\",\"position\":3,\"name\":\"Omron GI-S Series\"}]},{\"@type\":\"WebSite\",\"@id\":\"https:\/\/csotrading.com\/#website\",\"url\":\"https:\/\/csotrading.com\/\",\"name\":\"CSO TRADING\",\"description\":\"\",\"potentialAction\":[{\"@type\":\"SearchAction\",\"target\":{\"@type\":\"EntryPoint\",\"urlTemplate\":\"https:\/\/csotrading.com\/?s={search_term_string}\"},\"query-input\":{\"@type\":\"PropertyValueSpecification\",\"valueRequired\":true,\"valueName\":\"search_term_string\"}}],\"inLanguage\":\"tr\"}]}<\/script>\n<!-- \/ Yoast SEO plugin. -->","yoast_head_json":{"title":"Omron GI-S Series - CSO TRADING","robots":{"index":"index","follow":"follow","max-snippet":"max-snippet:-1","max-image-preview":"max-image-preview:large","max-video-preview":"max-video-preview:-1"},"canonical":"https:\/\/csotrading.com\/tr\/product\/omron-gi-s-series\/","og_locale":"tr_TR","og_type":"article","og_title":"Omron GI-S Series - CSO TRADING","og_description":"G\u00fcvenlik I\/O Terminalleri CIP Safety\u2122","og_url":"https:\/\/csotrading.com\/tr\/product\/omron-gi-s-series\/","og_site_name":"CSO TRADING","article_modified_time":"2021-06-21T19:54:03+00:00","og_image":[{"width":400,"height":197,"url":"https:\/\/csotrading.com\/wp-content\/uploads\/2021\/06\/GI_S_logo_prod.png","type":"image\/png"}],"twitter_card":"summary_large_image","twitter_misc":{"Tahmini okuma s\u00fcresi":"1 dakika"},"schema":{"@context":"https:\/\/schema.org","@graph":[{"@type":"WebPage","@id":"https:\/\/csotrading.com\/tr\/product\/omron-gi-s-series\/","url":"https:\/\/csotrading.com\/tr\/product\/omron-gi-s-series\/","name":"Omron GI-S Series - CSO TRADING","isPartOf":{"@id":"https:\/\/csotrading.com\/#website"},"primaryImageOfPage":{"@id":"https:\/\/csotrading.com\/tr\/product\/omron-gi-s-series\/#primaryimage"},"image":{"@id":"https:\/\/csotrading.com\/tr\/product\/omron-gi-s-series\/#primaryimage"},"thumbnailUrl":"https:\/\/csotrading.com\/wp-content\/uploads\/2021\/06\/GI_S_logo_prod.png","datePublished":"2021-06-21T19:54:02+00:00","dateModified":"2021-06-21T19:54:03+00:00","breadcrumb":{"@id":"https:\/\/csotrading.com\/tr\/product\/omron-gi-s-series\/#breadcrumb"},"inLanguage":"tr","potentialAction":[{"@type":"ReadAction","target":["https:\/\/csotrading.com\/tr\/product\/omron-gi-s-series\/"]}]},{"@type":"ImageObject","inLanguage":"tr","@id":"https:\/\/csotrading.com\/tr\/product\/omron-gi-s-series\/#primaryimage","url":"https:\/\/csotrading.com\/wp-content\/uploads\/2021\/06\/GI_S_logo_prod.png","contentUrl":"https:\/\/csotrading.com\/wp-content\/uploads\/2021\/06\/GI_S_logo_prod.png","width":400,"height":197},{"@type":"BreadcrumbList","@id":"https:\/\/csotrading.com\/tr\/product\/omron-gi-s-series\/#breadcrumb","itemListElement":[{"@type":"ListItem","position":1,"name":"Home","item":"https:\/\/csotrading.com\/tr\/"},{"@type":"ListItem","position":2,"name":"Ma\u011faza","item":"https:\/\/csotrading.com\/magaza\/"},{"@type":"ListItem","position":3,"name":"Omron GI-S Series"}]},{"@type":"WebSite","@id":"https:\/\/csotrading.com\/#website","url":"https:\/\/csotrading.com\/","name":"CSO TRADING","description":"","potentialAction":[{"@type":"SearchAction","target":{"@type":"EntryPoint","urlTemplate":"https:\/\/csotrading.com\/?s={search_term_string}"},"query-input":{"@type":"PropertyValueSpecification","valueRequired":true,"valueName":"search_term_string"}}],"inLanguage":"tr"}]}},"_links":{"self":[{"href":"https:\/\/csotrading.com\/tr\/wp-json\/wp\/v2\/product\/7524"}],"collection":[{"href":"https:\/\/csotrading.com\/tr\/wp-json\/wp\/v2\/product"}],"about":[{"href":"https:\/\/csotrading.com\/tr\/wp-json\/wp\/v2\/types\/product"}],"replies":[{"embeddable":true,"href":"https:\/\/csotrading.com\/tr\/wp-json\/wp\/v2\/comments?post=7524"}],"wp:featuredmedia":[{"embeddable":true,"href":"https:\/\/csotrading.com\/tr\/wp-json\/wp\/v2\/media\/7482"}],"wp:attachment":[{"href":"https:\/\/csotrading.com\/tr\/wp-json\/wp\/v2\/media?parent=7524"}],"wp:term":[{"taxonomy":"product_brand","embeddable":true,"href":"https:\/\/csotrading.com\/tr\/wp-json\/wp\/v2\/product_brand?post=7524"},{"taxonomy":"product_cat","embeddable":true,"href":"https:\/\/csotrading.com\/tr\/wp-json\/wp\/v2\/product_cat?post=7524"},{"taxonomy":"product_tag","embeddable":true,"href":"https:\/\/csotrading.com\/tr\/wp-json\/wp\/v2\/product_tag?post=7524"}],"curies":[{"name":"wp","href":"https:\/\/api.w.org\/{rel}","templated":true}]}}