{"id":7523,"date":"2021-06-21T22:36:42","date_gmt":"2021-06-21T19:36:42","guid":{"rendered":"https:\/\/csotrading.com\/?post_type=product&#038;p=7523"},"modified":"2021-06-21T22:36:43","modified_gmt":"2021-06-21T19:36:43","slug":"omron-grt1-cp1-l","status":"publish","type":"product","link":"https:\/\/csotrading.com\/tr\/product\/omron-grt1-cp1-l\/","title":{"rendered":"Omron GRT1-CP1-L"},"content":{"rendered":"<h2><span>\u00d6ZELL\u0130KLER<\/span><\/h2>\n<h3><\/h3>\n<table class=\"one\">\n<tbody>\n<tr>\n<td><span>G\/\u00c7 sistemi<\/span><\/td>\n<td><span>GRT1 G\/\u00c7 Veriyolu<\/span><\/td>\n<\/tr>\n<tr>\n<td><span>Mod\u00fcl tipi<\/span><\/td>\n<td><span>konumland\u0131rma<\/span><\/td>\n<\/tr>\n<tr>\n<td><span>G\/\u00c7 ba\u011flant\u0131 t\u00fcr\u00fc<\/span><\/td>\n<td><span>\u0130tin<\/span><\/td>\n<\/tr>\n<tr>\n<td><span>Dijital giri\u015f tipi<\/span><\/td>\n<td><span>Art\u0131ml\u0131 kodlay\u0131c\u0131, Hat s\u00fcr\u00fcc\u00fcs\u00fc (RS-422), PNP<\/span><\/td>\n<\/tr>\n<tr>\n<td><span>Dijital \u00e7\u0131k\u0131\u015f tipi<\/span><\/td>\n<td><span>PNP<\/span><\/td>\n<\/tr>\n<tr>\n<td><span>Enkoder giri\u015f kanal\u0131 say\u0131s\u0131<\/span><\/td>\n<td>1<\/td>\n<\/tr>\n<tr>\n<td><span>Maks.\u00a0enkoder giri\u015f frekans\u0131<\/span><\/td>\n<td><span>100 kHz<\/span><\/td>\n<\/tr>\n<tr>\n<td><span>Durum giri\u015flerinin say\u0131s\u0131<\/span><\/td>\n<td><span>1<\/span><\/td>\n<\/tr>\n<tr>\n<td><span>Durum \u00e7\u0131k\u0131\u015flar\u0131n\u0131n say\u0131s\u0131<\/span><\/td>\n<td>2<\/td>\n<\/tr>\n<tr>\n<td><span>IOV (V+) terminal say\u0131s\u0131<\/span><\/td>\n<td><span>1<\/span><\/td>\n<\/tr>\n<tr>\n<td><span>IOG (V-) terminal say\u0131s\u0131<\/span><\/td>\n<td><span>2<\/span><\/td>\n<\/tr>\n<tr>\n<td><span>COM terminallerinin say\u0131s\u0131<\/span><\/td>\n<td>0<\/td>\n<\/tr>\n<tr>\n<td><span>Koruma derecesi (IP)<\/span><\/td>\n<td><span>IP20<\/span><\/td>\n<\/tr>\n<tr>\n<td><span>Y\u00fckseklik<\/span><\/td>\n<td><span>84 mm<\/span><\/td>\n<\/tr>\n<tr>\n<td><span>Geni\u015flik<\/span><\/td>\n<td><span>15 mm<\/span><\/td>\n<\/tr>\n<tr>\n<td><span>derinlik<\/span><\/td>\n<td><span>74,4 mm<\/span><\/td>\n<\/tr>\n<tr>\n<td><span>A\u011f\u0131rl\u0131k<\/span><\/td>\n<td><span>120 gr<\/span><\/td>\n<\/tr>\n<\/tbody>\n<\/table>\n","protected":false},"excerpt":{"rendered":"<h2><span>SmartSlice konumland\u0131rma \u00fcnitesi,<\/span><\/h2>\n<h3><span>1 adet enkoder giri\u015fi (A\/B\/Z), 100 kHz, 24 VDC PNP \/ RS422 line s\u00fcr\u00fcc\u00fc giri\u015fleri, 1 adet 24 VDC PNP kontrol giri\u015fi, 2 adet PNP 0,5 A aral\u0131k kontrol \u00e7\u0131k\u0131\u015f\u0131<\/span><\/h3>\n","protected":false},"featured_media":7484,"comment_status":"closed","ping_status":"closed","template":"","meta":[],"product_brand":[],"product_cat":[771,394],"product_tag":[],"class_list":{"0":"post-7523","1":"product","2":"type-product","3":"status-publish","4":"has-post-thumbnail","6":"product_cat-giris-ve-cikis-modulleri","7":"product_cat-omron-tr","9":"first","10":"instock","11":"shipping-taxable","12":"product-type-simple"},"yoast_head":"<!-- This site is optimized with the Yoast SEO plugin v24.3 - https:\/\/yoast.com\/wordpress\/plugins\/seo\/ -->\n<title>Omron GRT1-CP1-L - CSO TRADING<\/title>\n<meta name=\"robots\" content=\"index, follow, max-snippet:-1, max-image-preview:large, max-video-preview:-1\" \/>\n<link rel=\"canonical\" href=\"https:\/\/csotrading.com\/tr\/product\/omron-grt1-cp1-l\/\" \/>\n<meta property=\"og:locale\" content=\"tr_TR\" \/>\n<meta property=\"og:type\" content=\"article\" \/>\n<meta property=\"og:title\" content=\"Omron GRT1-CP1-L - CSO TRADING\" \/>\n<meta property=\"og:description\" content=\"SmartSlice konumland\u0131rma \u00fcnitesi, 1 adet enkoder giri\u015fi (A\/B\/Z), 100 kHz, 24 VDC PNP \/ RS422 line s\u00fcr\u00fcc\u00fc giri\u015fleri, 1 adet 24 VDC PNP kontrol giri\u015fi, 2 adet PNP 0,5 A aral\u0131k kontrol \u00e7\u0131k\u0131\u015f\u0131\" \/>\n<meta property=\"og:url\" content=\"https:\/\/csotrading.com\/tr\/product\/omron-grt1-cp1-l\/\" \/>\n<meta property=\"og:site_name\" content=\"CSO TRADING\" \/>\n<meta property=\"article:modified_time\" content=\"2021-06-21T19:36:43+00:00\" \/>\n<meta property=\"og:image\" content=\"https:\/\/csotrading.com\/wp-content\/uploads\/2021\/06\/GRT1-CP1-L.jpg\" \/>\n\t<meta property=\"og:image:width\" content=\"400\" \/>\n\t<meta property=\"og:image:height\" content=\"400\" \/>\n\t<meta property=\"og:image:type\" content=\"image\/jpeg\" \/>\n<meta name=\"twitter:card\" content=\"summary_large_image\" \/>\n<meta name=\"twitter:label1\" content=\"Tahmini okuma s\u00fcresi\" \/>\n\t<meta name=\"twitter:data1\" content=\"1 dakika\" \/>\n<script type=\"application\/ld+json\" class=\"yoast-schema-graph\">{\"@context\":\"https:\/\/schema.org\",\"@graph\":[{\"@type\":\"WebPage\",\"@id\":\"https:\/\/csotrading.com\/tr\/product\/omron-grt1-cp1-l\/\",\"url\":\"https:\/\/csotrading.com\/tr\/product\/omron-grt1-cp1-l\/\",\"name\":\"Omron GRT1-CP1-L - CSO TRADING\",\"isPartOf\":{\"@id\":\"https:\/\/csotrading.com\/#website\"},\"primaryImageOfPage\":{\"@id\":\"https:\/\/csotrading.com\/tr\/product\/omron-grt1-cp1-l\/#primaryimage\"},\"image\":{\"@id\":\"https:\/\/csotrading.com\/tr\/product\/omron-grt1-cp1-l\/#primaryimage\"},\"thumbnailUrl\":\"https:\/\/csotrading.com\/wp-content\/uploads\/2021\/06\/GRT1-CP1-L.jpg\",\"datePublished\":\"2021-06-21T19:36:42+00:00\",\"dateModified\":\"2021-06-21T19:36:43+00:00\",\"breadcrumb\":{\"@id\":\"https:\/\/csotrading.com\/tr\/product\/omron-grt1-cp1-l\/#breadcrumb\"},\"inLanguage\":\"tr\",\"potentialAction\":[{\"@type\":\"ReadAction\",\"target\":[\"https:\/\/csotrading.com\/tr\/product\/omron-grt1-cp1-l\/\"]}]},{\"@type\":\"ImageObject\",\"inLanguage\":\"tr\",\"@id\":\"https:\/\/csotrading.com\/tr\/product\/omron-grt1-cp1-l\/#primaryimage\",\"url\":\"https:\/\/csotrading.com\/wp-content\/uploads\/2021\/06\/GRT1-CP1-L.jpg\",\"contentUrl\":\"https:\/\/csotrading.com\/wp-content\/uploads\/2021\/06\/GRT1-CP1-L.jpg\",\"width\":400,\"height\":400},{\"@type\":\"BreadcrumbList\",\"@id\":\"https:\/\/csotrading.com\/tr\/product\/omron-grt1-cp1-l\/#breadcrumb\",\"itemListElement\":[{\"@type\":\"ListItem\",\"position\":1,\"name\":\"Home\",\"item\":\"https:\/\/csotrading.com\/tr\/\"},{\"@type\":\"ListItem\",\"position\":2,\"name\":\"Ma\u011faza\",\"item\":\"https:\/\/csotrading.com\/magaza\/\"},{\"@type\":\"ListItem\",\"position\":3,\"name\":\"Omron GRT1-CP1-L\"}]},{\"@type\":\"WebSite\",\"@id\":\"https:\/\/csotrading.com\/#website\",\"url\":\"https:\/\/csotrading.com\/\",\"name\":\"CSO TRADING\",\"description\":\"\",\"potentialAction\":[{\"@type\":\"SearchAction\",\"target\":{\"@type\":\"EntryPoint\",\"urlTemplate\":\"https:\/\/csotrading.com\/?s={search_term_string}\"},\"query-input\":{\"@type\":\"PropertyValueSpecification\",\"valueRequired\":true,\"valueName\":\"search_term_string\"}}],\"inLanguage\":\"tr\"}]}<\/script>\n<!-- \/ Yoast SEO plugin. -->","yoast_head_json":{"title":"Omron GRT1-CP1-L - CSO TRADING","robots":{"index":"index","follow":"follow","max-snippet":"max-snippet:-1","max-image-preview":"max-image-preview:large","max-video-preview":"max-video-preview:-1"},"canonical":"https:\/\/csotrading.com\/tr\/product\/omron-grt1-cp1-l\/","og_locale":"tr_TR","og_type":"article","og_title":"Omron GRT1-CP1-L - CSO TRADING","og_description":"SmartSlice konumland\u0131rma \u00fcnitesi, 1 adet enkoder giri\u015fi (A\/B\/Z), 100 kHz, 24 VDC PNP \/ RS422 line s\u00fcr\u00fcc\u00fc giri\u015fleri, 1 adet 24 VDC PNP kontrol giri\u015fi, 2 adet PNP 0,5 A aral\u0131k kontrol \u00e7\u0131k\u0131\u015f\u0131","og_url":"https:\/\/csotrading.com\/tr\/product\/omron-grt1-cp1-l\/","og_site_name":"CSO TRADING","article_modified_time":"2021-06-21T19:36:43+00:00","og_image":[{"width":400,"height":400,"url":"https:\/\/csotrading.com\/wp-content\/uploads\/2021\/06\/GRT1-CP1-L.jpg","type":"image\/jpeg"}],"twitter_card":"summary_large_image","twitter_misc":{"Tahmini okuma s\u00fcresi":"1 dakika"},"schema":{"@context":"https:\/\/schema.org","@graph":[{"@type":"WebPage","@id":"https:\/\/csotrading.com\/tr\/product\/omron-grt1-cp1-l\/","url":"https:\/\/csotrading.com\/tr\/product\/omron-grt1-cp1-l\/","name":"Omron GRT1-CP1-L - CSO TRADING","isPartOf":{"@id":"https:\/\/csotrading.com\/#website"},"primaryImageOfPage":{"@id":"https:\/\/csotrading.com\/tr\/product\/omron-grt1-cp1-l\/#primaryimage"},"image":{"@id":"https:\/\/csotrading.com\/tr\/product\/omron-grt1-cp1-l\/#primaryimage"},"thumbnailUrl":"https:\/\/csotrading.com\/wp-content\/uploads\/2021\/06\/GRT1-CP1-L.jpg","datePublished":"2021-06-21T19:36:42+00:00","dateModified":"2021-06-21T19:36:43+00:00","breadcrumb":{"@id":"https:\/\/csotrading.com\/tr\/product\/omron-grt1-cp1-l\/#breadcrumb"},"inLanguage":"tr","potentialAction":[{"@type":"ReadAction","target":["https:\/\/csotrading.com\/tr\/product\/omron-grt1-cp1-l\/"]}]},{"@type":"ImageObject","inLanguage":"tr","@id":"https:\/\/csotrading.com\/tr\/product\/omron-grt1-cp1-l\/#primaryimage","url":"https:\/\/csotrading.com\/wp-content\/uploads\/2021\/06\/GRT1-CP1-L.jpg","contentUrl":"https:\/\/csotrading.com\/wp-content\/uploads\/2021\/06\/GRT1-CP1-L.jpg","width":400,"height":400},{"@type":"BreadcrumbList","@id":"https:\/\/csotrading.com\/tr\/product\/omron-grt1-cp1-l\/#breadcrumb","itemListElement":[{"@type":"ListItem","position":1,"name":"Home","item":"https:\/\/csotrading.com\/tr\/"},{"@type":"ListItem","position":2,"name":"Ma\u011faza","item":"https:\/\/csotrading.com\/magaza\/"},{"@type":"ListItem","position":3,"name":"Omron GRT1-CP1-L"}]},{"@type":"WebSite","@id":"https:\/\/csotrading.com\/#website","url":"https:\/\/csotrading.com\/","name":"CSO TRADING","description":"","potentialAction":[{"@type":"SearchAction","target":{"@type":"EntryPoint","urlTemplate":"https:\/\/csotrading.com\/?s={search_term_string}"},"query-input":{"@type":"PropertyValueSpecification","valueRequired":true,"valueName":"search_term_string"}}],"inLanguage":"tr"}]}},"_links":{"self":[{"href":"https:\/\/csotrading.com\/tr\/wp-json\/wp\/v2\/product\/7523"}],"collection":[{"href":"https:\/\/csotrading.com\/tr\/wp-json\/wp\/v2\/product"}],"about":[{"href":"https:\/\/csotrading.com\/tr\/wp-json\/wp\/v2\/types\/product"}],"replies":[{"embeddable":true,"href":"https:\/\/csotrading.com\/tr\/wp-json\/wp\/v2\/comments?post=7523"}],"wp:featuredmedia":[{"embeddable":true,"href":"https:\/\/csotrading.com\/tr\/wp-json\/wp\/v2\/media\/7484"}],"wp:attachment":[{"href":"https:\/\/csotrading.com\/tr\/wp-json\/wp\/v2\/media?parent=7523"}],"wp:term":[{"taxonomy":"product_brand","embeddable":true,"href":"https:\/\/csotrading.com\/tr\/wp-json\/wp\/v2\/product_brand?post=7523"},{"taxonomy":"product_cat","embeddable":true,"href":"https:\/\/csotrading.com\/tr\/wp-json\/wp\/v2\/product_cat?post=7523"},{"taxonomy":"product_tag","embeddable":true,"href":"https:\/\/csotrading.com\/tr\/wp-json\/wp\/v2\/product_tag?post=7523"}],"curies":[{"name":"wp","href":"https:\/\/api.w.org\/{rel}","templated":true}]}}