{"id":7522,"date":"2021-06-21T22:35:58","date_gmt":"2021-06-21T19:35:58","guid":{"rendered":"https:\/\/csotrading.com\/?post_type=product&#038;p=7522"},"modified":"2021-06-21T22:35:58","modified_gmt":"2021-06-21T19:35:58","slug":"omron-grt1-crt","status":"publish","type":"product","link":"https:\/\/csotrading.com\/tr\/product\/omron-grt1-crt\/","title":{"rendered":"Omron GRT1-CRT"},"content":{"rendered":"<h2><span>\u00d6ZELL\u0130KLER<\/span><\/h2>\n<h3><\/h3>\n<table class=\"one\">\n<tbody>\n<tr>\n<td><span>G\/\u00c7 sistemi<\/span><\/td>\n<td><span>GRT1 G\/\u00c7 Veriyolu<\/span><\/td>\n<\/tr>\n<tr>\n<td><span>Mod\u00fcl tipi<\/span><\/td>\n<td><span>Otob\u00fcs kupl\u00f6r\u00fc<\/span><\/td>\n<\/tr>\n<tr>\n<td><span>\u0130leti\u015fim port(lar)\u0131<\/span><\/td>\n<td><span>CompoNet K\u00f6le<\/span><\/td>\n<\/tr>\n<tr>\n<td><span>Koruma derecesi (IP)<\/span><\/td>\n<td><span>IP20<\/span><\/td>\n<\/tr>\n<tr>\n<td><span>Y\u00fckseklik<\/span><\/td>\n<td><span>84 mm<\/span><\/td>\n<\/tr>\n<tr>\n<td><span>Geni\u015flik<\/span><\/td>\n<td><span>58 mm<\/span><\/td>\n<\/tr>\n<tr>\n<td><span>derinlik<\/span><\/td>\n<td><span>70 mm<\/span><\/td>\n<\/tr>\n<tr>\n<td><span>A\u011f\u0131rl\u0131k<\/span><\/td>\n<td><span>125 gr<\/span><\/td>\n<\/tr>\n<\/tbody>\n<\/table>\n","protected":false},"excerpt":{"rendered":"<h2><span>SmartSlice ileti\u015fim adapt\u00f6r\u00fc<\/span><\/h2>\n<h3><span>CompoNet i\u00e7in (Biti\u015f plakas\u0131 ayr\u0131ca sipari\u015f edilecektir)<\/span><\/h3>\n","protected":false},"featured_media":7486,"comment_status":"closed","ping_status":"closed","template":"","meta":[],"product_brand":[],"product_cat":[771,394],"product_tag":[],"class_list":{"0":"post-7522","1":"product","2":"type-product","3":"status-publish","4":"has-post-thumbnail","6":"product_cat-giris-ve-cikis-modulleri","7":"product_cat-omron-tr","9":"first","10":"instock","11":"shipping-taxable","12":"product-type-simple"},"yoast_head":"<!-- This site is optimized with the Yoast SEO plugin v24.3 - https:\/\/yoast.com\/wordpress\/plugins\/seo\/ -->\n<title>Omron GRT1-CRT - CSO TRADING<\/title>\n<meta name=\"robots\" content=\"index, follow, max-snippet:-1, max-image-preview:large, max-video-preview:-1\" \/>\n<link rel=\"canonical\" href=\"https:\/\/csotrading.com\/tr\/product\/omron-grt1-crt\/\" \/>\n<meta property=\"og:locale\" content=\"tr_TR\" \/>\n<meta property=\"og:type\" content=\"article\" \/>\n<meta property=\"og:title\" content=\"Omron GRT1-CRT - CSO TRADING\" \/>\n<meta property=\"og:description\" content=\"SmartSlice ileti\u015fim adapt\u00f6r\u00fc CompoNet i\u00e7in (Biti\u015f plakas\u0131 ayr\u0131ca sipari\u015f edilecektir)\" \/>\n<meta property=\"og:url\" content=\"https:\/\/csotrading.com\/tr\/product\/omron-grt1-crt\/\" \/>\n<meta property=\"og:site_name\" content=\"CSO TRADING\" \/>\n<meta property=\"og:image\" content=\"https:\/\/csotrading.com\/wp-content\/uploads\/2021\/06\/GRT1-CRT.jpg\" \/>\n\t<meta property=\"og:image:width\" content=\"400\" \/>\n\t<meta property=\"og:image:height\" content=\"400\" \/>\n\t<meta property=\"og:image:type\" content=\"image\/jpeg\" \/>\n<meta name=\"twitter:card\" content=\"summary_large_image\" \/>\n<meta name=\"twitter:label1\" content=\"Tahmini okuma s\u00fcresi\" \/>\n\t<meta name=\"twitter:data1\" content=\"1 dakika\" \/>\n<script type=\"application\/ld+json\" class=\"yoast-schema-graph\">{\"@context\":\"https:\/\/schema.org\",\"@graph\":[{\"@type\":\"WebPage\",\"@id\":\"https:\/\/csotrading.com\/tr\/product\/omron-grt1-crt\/\",\"url\":\"https:\/\/csotrading.com\/tr\/product\/omron-grt1-crt\/\",\"name\":\"Omron GRT1-CRT - CSO TRADING\",\"isPartOf\":{\"@id\":\"https:\/\/csotrading.com\/#website\"},\"primaryImageOfPage\":{\"@id\":\"https:\/\/csotrading.com\/tr\/product\/omron-grt1-crt\/#primaryimage\"},\"image\":{\"@id\":\"https:\/\/csotrading.com\/tr\/product\/omron-grt1-crt\/#primaryimage\"},\"thumbnailUrl\":\"https:\/\/csotrading.com\/wp-content\/uploads\/2021\/06\/GRT1-CRT.jpg\",\"datePublished\":\"2021-06-21T19:35:58+00:00\",\"dateModified\":\"2021-06-21T19:35:58+00:00\",\"breadcrumb\":{\"@id\":\"https:\/\/csotrading.com\/tr\/product\/omron-grt1-crt\/#breadcrumb\"},\"inLanguage\":\"tr\",\"potentialAction\":[{\"@type\":\"ReadAction\",\"target\":[\"https:\/\/csotrading.com\/tr\/product\/omron-grt1-crt\/\"]}]},{\"@type\":\"ImageObject\",\"inLanguage\":\"tr\",\"@id\":\"https:\/\/csotrading.com\/tr\/product\/omron-grt1-crt\/#primaryimage\",\"url\":\"https:\/\/csotrading.com\/wp-content\/uploads\/2021\/06\/GRT1-CRT.jpg\",\"contentUrl\":\"https:\/\/csotrading.com\/wp-content\/uploads\/2021\/06\/GRT1-CRT.jpg\",\"width\":400,\"height\":400},{\"@type\":\"BreadcrumbList\",\"@id\":\"https:\/\/csotrading.com\/tr\/product\/omron-grt1-crt\/#breadcrumb\",\"itemListElement\":[{\"@type\":\"ListItem\",\"position\":1,\"name\":\"Home\",\"item\":\"https:\/\/csotrading.com\/tr\/\"},{\"@type\":\"ListItem\",\"position\":2,\"name\":\"Ma\u011faza\",\"item\":\"https:\/\/csotrading.com\/magaza\/\"},{\"@type\":\"ListItem\",\"position\":3,\"name\":\"Omron GRT1-CRT\"}]},{\"@type\":\"WebSite\",\"@id\":\"https:\/\/csotrading.com\/#website\",\"url\":\"https:\/\/csotrading.com\/\",\"name\":\"CSO TRADING\",\"description\":\"\",\"potentialAction\":[{\"@type\":\"SearchAction\",\"target\":{\"@type\":\"EntryPoint\",\"urlTemplate\":\"https:\/\/csotrading.com\/?s={search_term_string}\"},\"query-input\":{\"@type\":\"PropertyValueSpecification\",\"valueRequired\":true,\"valueName\":\"search_term_string\"}}],\"inLanguage\":\"tr\"}]}<\/script>\n<!-- \/ Yoast SEO plugin. -->","yoast_head_json":{"title":"Omron GRT1-CRT - CSO TRADING","robots":{"index":"index","follow":"follow","max-snippet":"max-snippet:-1","max-image-preview":"max-image-preview:large","max-video-preview":"max-video-preview:-1"},"canonical":"https:\/\/csotrading.com\/tr\/product\/omron-grt1-crt\/","og_locale":"tr_TR","og_type":"article","og_title":"Omron GRT1-CRT - CSO TRADING","og_description":"SmartSlice ileti\u015fim adapt\u00f6r\u00fc CompoNet i\u00e7in (Biti\u015f plakas\u0131 ayr\u0131ca sipari\u015f edilecektir)","og_url":"https:\/\/csotrading.com\/tr\/product\/omron-grt1-crt\/","og_site_name":"CSO TRADING","og_image":[{"width":400,"height":400,"url":"https:\/\/csotrading.com\/wp-content\/uploads\/2021\/06\/GRT1-CRT.jpg","type":"image\/jpeg"}],"twitter_card":"summary_large_image","twitter_misc":{"Tahmini okuma s\u00fcresi":"1 dakika"},"schema":{"@context":"https:\/\/schema.org","@graph":[{"@type":"WebPage","@id":"https:\/\/csotrading.com\/tr\/product\/omron-grt1-crt\/","url":"https:\/\/csotrading.com\/tr\/product\/omron-grt1-crt\/","name":"Omron GRT1-CRT - CSO TRADING","isPartOf":{"@id":"https:\/\/csotrading.com\/#website"},"primaryImageOfPage":{"@id":"https:\/\/csotrading.com\/tr\/product\/omron-grt1-crt\/#primaryimage"},"image":{"@id":"https:\/\/csotrading.com\/tr\/product\/omron-grt1-crt\/#primaryimage"},"thumbnailUrl":"https:\/\/csotrading.com\/wp-content\/uploads\/2021\/06\/GRT1-CRT.jpg","datePublished":"2021-06-21T19:35:58+00:00","dateModified":"2021-06-21T19:35:58+00:00","breadcrumb":{"@id":"https:\/\/csotrading.com\/tr\/product\/omron-grt1-crt\/#breadcrumb"},"inLanguage":"tr","potentialAction":[{"@type":"ReadAction","target":["https:\/\/csotrading.com\/tr\/product\/omron-grt1-crt\/"]}]},{"@type":"ImageObject","inLanguage":"tr","@id":"https:\/\/csotrading.com\/tr\/product\/omron-grt1-crt\/#primaryimage","url":"https:\/\/csotrading.com\/wp-content\/uploads\/2021\/06\/GRT1-CRT.jpg","contentUrl":"https:\/\/csotrading.com\/wp-content\/uploads\/2021\/06\/GRT1-CRT.jpg","width":400,"height":400},{"@type":"BreadcrumbList","@id":"https:\/\/csotrading.com\/tr\/product\/omron-grt1-crt\/#breadcrumb","itemListElement":[{"@type":"ListItem","position":1,"name":"Home","item":"https:\/\/csotrading.com\/tr\/"},{"@type":"ListItem","position":2,"name":"Ma\u011faza","item":"https:\/\/csotrading.com\/magaza\/"},{"@type":"ListItem","position":3,"name":"Omron GRT1-CRT"}]},{"@type":"WebSite","@id":"https:\/\/csotrading.com\/#website","url":"https:\/\/csotrading.com\/","name":"CSO TRADING","description":"","potentialAction":[{"@type":"SearchAction","target":{"@type":"EntryPoint","urlTemplate":"https:\/\/csotrading.com\/?s={search_term_string}"},"query-input":{"@type":"PropertyValueSpecification","valueRequired":true,"valueName":"search_term_string"}}],"inLanguage":"tr"}]}},"_links":{"self":[{"href":"https:\/\/csotrading.com\/tr\/wp-json\/wp\/v2\/product\/7522"}],"collection":[{"href":"https:\/\/csotrading.com\/tr\/wp-json\/wp\/v2\/product"}],"about":[{"href":"https:\/\/csotrading.com\/tr\/wp-json\/wp\/v2\/types\/product"}],"replies":[{"embeddable":true,"href":"https:\/\/csotrading.com\/tr\/wp-json\/wp\/v2\/comments?post=7522"}],"wp:featuredmedia":[{"embeddable":true,"href":"https:\/\/csotrading.com\/tr\/wp-json\/wp\/v2\/media\/7486"}],"wp:attachment":[{"href":"https:\/\/csotrading.com\/tr\/wp-json\/wp\/v2\/media?parent=7522"}],"wp:term":[{"taxonomy":"product_brand","embeddable":true,"href":"https:\/\/csotrading.com\/tr\/wp-json\/wp\/v2\/product_brand?post=7522"},{"taxonomy":"product_cat","embeddable":true,"href":"https:\/\/csotrading.com\/tr\/wp-json\/wp\/v2\/product_cat?post=7522"},{"taxonomy":"product_tag","embeddable":true,"href":"https:\/\/csotrading.com\/tr\/wp-json\/wp\/v2\/product_tag?post=7522"}],"curies":[{"name":"wp","href":"https:\/\/api.w.org\/{rel}","templated":true}]}}