{"id":7521,"date":"2021-06-21T22:35:03","date_gmt":"2021-06-21T19:35:03","guid":{"rendered":"https:\/\/csotrading.com\/?post_type=product&#038;p=7521"},"modified":"2021-06-21T22:35:04","modified_gmt":"2021-06-21T19:35:04","slug":"omron-grt1-da2c","status":"publish","type":"product","link":"https:\/\/csotrading.com\/tr\/product\/omron-grt1-da2c\/","title":{"rendered":"Omron GRT1-DA2C"},"content":{"rendered":"<h2><span>\u00d6ZELL\u0130KLER<\/span><\/h2>\n<h3><\/h3>\n<table class=\"one\">\n<tbody>\n<tr>\n<td><span>G\/\u00c7 sistemi<\/span><\/td>\n<td><span>GRT1 G\/\u00c7 Veriyolu<\/span><\/td>\n<\/tr>\n<tr>\n<td><span>Mod\u00fcl tipi<\/span><\/td>\n<td><span>Analog G\/\u00c7<\/span><\/td>\n<\/tr>\n<tr>\n<td><span>G\/\u00c7 ba\u011flant\u0131 t\u00fcr\u00fc<\/span><\/td>\n<td><span>\u0130tin<\/span><\/td>\n<\/tr>\n<tr>\n<td><span>Analog giri\u015f say\u0131s\u0131<\/span><\/td>\n<td>0<\/td>\n<\/tr>\n<tr>\n<td><span>S\u0131cakl\u0131k giri\u015f tipi<\/span><\/td>\n<td><span>Yok<\/span><\/td>\n<\/tr>\n<tr>\n<td><span>Do\u011frusal analog giri\u015f tipi<\/span><\/td>\n<td><span>Yok<\/span><\/td>\n<\/tr>\n<tr>\n<td><span>Analog giri\u015flerin \u00e7\u00f6z\u00fcn\u00fcrl\u00fc\u011f\u00fc<\/span><\/td>\n<td><span>0 Bit<\/span><\/td>\n<\/tr>\n<tr>\n<td><span>Analog \u00e7\u0131k\u0131\u015f say\u0131s\u0131<\/span><\/td>\n<td>2<\/td>\n<\/tr>\n<tr>\n<td><span>Do\u011frusal analog \u00e7\u0131k\u0131\u015f tipi<\/span><\/td>\n<td><span>0 ila 20 mA, 4 ila 20 mA<\/span><\/td>\n<\/tr>\n<tr>\n<td><span>Analog \u00e7\u0131k\u0131\u015flar\u0131n \u00e7\u00f6z\u00fcn\u00fcrl\u00fc\u011f\u00fc<\/span><\/td>\n<td><span>13 bit<\/span><\/td>\n<\/tr>\n<tr>\n<td><span>Koruma derecesi (IP)<\/span><\/td>\n<td><span>IP20<\/span><\/td>\n<\/tr>\n<tr>\n<td><span>Y\u00fckseklik<\/span><\/td>\n<td><span>84 mm<\/span><\/td>\n<\/tr>\n<tr>\n<td><span>Geni\u015flik<\/span><\/td>\n<td><span>15 mm<\/span><\/td>\n<\/tr>\n<tr>\n<td><span>derinlik<\/span><\/td>\n<td><span>74,4 mm<\/span><\/td>\n<\/tr>\n<tr>\n<td><span>A\u011f\u0131rl\u0131k<\/span><\/td>\n<td><span>82 gr<\/span><\/td>\n<\/tr>\n<\/tbody>\n<\/table>\n","protected":false},"excerpt":{"rendered":"<h2><span>SmartSlice 2 x analog \u00e7\u0131k\u0131\u015f<\/span><\/h2>\n<h3><span>0 ila 20 mA, 4 ila 20 mA, \u00e7\u00f6z\u00fcn\u00fcrl\u00fck 1: 6000<\/span><\/h3>\n","protected":false},"featured_media":7494,"comment_status":"closed","ping_status":"closed","template":"","meta":[],"product_brand":[],"product_cat":[771,394],"product_tag":[],"class_list":{"0":"post-7521","1":"product","2":"type-product","3":"status-publish","4":"has-post-thumbnail","6":"product_cat-giris-ve-cikis-modulleri","7":"product_cat-omron-tr","9":"first","10":"instock","11":"shipping-taxable","12":"product-type-simple"},"yoast_head":"<!-- This site is optimized with the Yoast SEO plugin v24.3 - https:\/\/yoast.com\/wordpress\/plugins\/seo\/ -->\n<title>Omron GRT1-DA2C - CSO TRADING<\/title>\n<meta name=\"robots\" content=\"index, follow, max-snippet:-1, max-image-preview:large, max-video-preview:-1\" \/>\n<link rel=\"canonical\" href=\"https:\/\/csotrading.com\/tr\/product\/omron-grt1-da2c\/\" \/>\n<meta property=\"og:locale\" content=\"tr_TR\" \/>\n<meta property=\"og:type\" content=\"article\" \/>\n<meta property=\"og:title\" content=\"Omron GRT1-DA2C - CSO TRADING\" \/>\n<meta property=\"og:description\" content=\"SmartSlice 2 x analog \u00e7\u0131k\u0131\u015f 0 ila 20 mA, 4 ila 20 mA, \u00e7\u00f6z\u00fcn\u00fcrl\u00fck 1: 6000\" \/>\n<meta property=\"og:url\" content=\"https:\/\/csotrading.com\/tr\/product\/omron-grt1-da2c\/\" \/>\n<meta property=\"og:site_name\" content=\"CSO TRADING\" \/>\n<meta property=\"article:modified_time\" content=\"2021-06-21T19:35:04+00:00\" \/>\n<meta property=\"og:image\" content=\"https:\/\/csotrading.com\/wp-content\/uploads\/2021\/06\/GRT1-DA2.jpg\" \/>\n\t<meta property=\"og:image:width\" content=\"400\" \/>\n\t<meta property=\"og:image:height\" content=\"400\" \/>\n\t<meta property=\"og:image:type\" content=\"image\/jpeg\" \/>\n<meta name=\"twitter:card\" content=\"summary_large_image\" \/>\n<meta name=\"twitter:label1\" content=\"Tahmini okuma s\u00fcresi\" \/>\n\t<meta name=\"twitter:data1\" content=\"1 dakika\" \/>\n<script type=\"application\/ld+json\" class=\"yoast-schema-graph\">{\"@context\":\"https:\/\/schema.org\",\"@graph\":[{\"@type\":\"WebPage\",\"@id\":\"https:\/\/csotrading.com\/tr\/product\/omron-grt1-da2c\/\",\"url\":\"https:\/\/csotrading.com\/tr\/product\/omron-grt1-da2c\/\",\"name\":\"Omron GRT1-DA2C - CSO TRADING\",\"isPartOf\":{\"@id\":\"https:\/\/csotrading.com\/#website\"},\"primaryImageOfPage\":{\"@id\":\"https:\/\/csotrading.com\/tr\/product\/omron-grt1-da2c\/#primaryimage\"},\"image\":{\"@id\":\"https:\/\/csotrading.com\/tr\/product\/omron-grt1-da2c\/#primaryimage\"},\"thumbnailUrl\":\"https:\/\/csotrading.com\/wp-content\/uploads\/2021\/06\/GRT1-DA2.jpg\",\"datePublished\":\"2021-06-21T19:35:03+00:00\",\"dateModified\":\"2021-06-21T19:35:04+00:00\",\"breadcrumb\":{\"@id\":\"https:\/\/csotrading.com\/tr\/product\/omron-grt1-da2c\/#breadcrumb\"},\"inLanguage\":\"tr\",\"potentialAction\":[{\"@type\":\"ReadAction\",\"target\":[\"https:\/\/csotrading.com\/tr\/product\/omron-grt1-da2c\/\"]}]},{\"@type\":\"ImageObject\",\"inLanguage\":\"tr\",\"@id\":\"https:\/\/csotrading.com\/tr\/product\/omron-grt1-da2c\/#primaryimage\",\"url\":\"https:\/\/csotrading.com\/wp-content\/uploads\/2021\/06\/GRT1-DA2.jpg\",\"contentUrl\":\"https:\/\/csotrading.com\/wp-content\/uploads\/2021\/06\/GRT1-DA2.jpg\",\"width\":400,\"height\":400},{\"@type\":\"BreadcrumbList\",\"@id\":\"https:\/\/csotrading.com\/tr\/product\/omron-grt1-da2c\/#breadcrumb\",\"itemListElement\":[{\"@type\":\"ListItem\",\"position\":1,\"name\":\"Home\",\"item\":\"https:\/\/csotrading.com\/tr\/\"},{\"@type\":\"ListItem\",\"position\":2,\"name\":\"Ma\u011faza\",\"item\":\"https:\/\/csotrading.com\/magaza\/\"},{\"@type\":\"ListItem\",\"position\":3,\"name\":\"Omron GRT1-DA2C\"}]},{\"@type\":\"WebSite\",\"@id\":\"https:\/\/csotrading.com\/#website\",\"url\":\"https:\/\/csotrading.com\/\",\"name\":\"CSO TRADING\",\"description\":\"\",\"potentialAction\":[{\"@type\":\"SearchAction\",\"target\":{\"@type\":\"EntryPoint\",\"urlTemplate\":\"https:\/\/csotrading.com\/?s={search_term_string}\"},\"query-input\":{\"@type\":\"PropertyValueSpecification\",\"valueRequired\":true,\"valueName\":\"search_term_string\"}}],\"inLanguage\":\"tr\"}]}<\/script>\n<!-- \/ Yoast SEO plugin. -->","yoast_head_json":{"title":"Omron GRT1-DA2C - CSO TRADING","robots":{"index":"index","follow":"follow","max-snippet":"max-snippet:-1","max-image-preview":"max-image-preview:large","max-video-preview":"max-video-preview:-1"},"canonical":"https:\/\/csotrading.com\/tr\/product\/omron-grt1-da2c\/","og_locale":"tr_TR","og_type":"article","og_title":"Omron GRT1-DA2C - CSO TRADING","og_description":"SmartSlice 2 x analog \u00e7\u0131k\u0131\u015f 0 ila 20 mA, 4 ila 20 mA, \u00e7\u00f6z\u00fcn\u00fcrl\u00fck 1: 6000","og_url":"https:\/\/csotrading.com\/tr\/product\/omron-grt1-da2c\/","og_site_name":"CSO TRADING","article_modified_time":"2021-06-21T19:35:04+00:00","og_image":[{"width":400,"height":400,"url":"https:\/\/csotrading.com\/wp-content\/uploads\/2021\/06\/GRT1-DA2.jpg","type":"image\/jpeg"}],"twitter_card":"summary_large_image","twitter_misc":{"Tahmini okuma s\u00fcresi":"1 dakika"},"schema":{"@context":"https:\/\/schema.org","@graph":[{"@type":"WebPage","@id":"https:\/\/csotrading.com\/tr\/product\/omron-grt1-da2c\/","url":"https:\/\/csotrading.com\/tr\/product\/omron-grt1-da2c\/","name":"Omron GRT1-DA2C - CSO TRADING","isPartOf":{"@id":"https:\/\/csotrading.com\/#website"},"primaryImageOfPage":{"@id":"https:\/\/csotrading.com\/tr\/product\/omron-grt1-da2c\/#primaryimage"},"image":{"@id":"https:\/\/csotrading.com\/tr\/product\/omron-grt1-da2c\/#primaryimage"},"thumbnailUrl":"https:\/\/csotrading.com\/wp-content\/uploads\/2021\/06\/GRT1-DA2.jpg","datePublished":"2021-06-21T19:35:03+00:00","dateModified":"2021-06-21T19:35:04+00:00","breadcrumb":{"@id":"https:\/\/csotrading.com\/tr\/product\/omron-grt1-da2c\/#breadcrumb"},"inLanguage":"tr","potentialAction":[{"@type":"ReadAction","target":["https:\/\/csotrading.com\/tr\/product\/omron-grt1-da2c\/"]}]},{"@type":"ImageObject","inLanguage":"tr","@id":"https:\/\/csotrading.com\/tr\/product\/omron-grt1-da2c\/#primaryimage","url":"https:\/\/csotrading.com\/wp-content\/uploads\/2021\/06\/GRT1-DA2.jpg","contentUrl":"https:\/\/csotrading.com\/wp-content\/uploads\/2021\/06\/GRT1-DA2.jpg","width":400,"height":400},{"@type":"BreadcrumbList","@id":"https:\/\/csotrading.com\/tr\/product\/omron-grt1-da2c\/#breadcrumb","itemListElement":[{"@type":"ListItem","position":1,"name":"Home","item":"https:\/\/csotrading.com\/tr\/"},{"@type":"ListItem","position":2,"name":"Ma\u011faza","item":"https:\/\/csotrading.com\/magaza\/"},{"@type":"ListItem","position":3,"name":"Omron GRT1-DA2C"}]},{"@type":"WebSite","@id":"https:\/\/csotrading.com\/#website","url":"https:\/\/csotrading.com\/","name":"CSO TRADING","description":"","potentialAction":[{"@type":"SearchAction","target":{"@type":"EntryPoint","urlTemplate":"https:\/\/csotrading.com\/?s={search_term_string}"},"query-input":{"@type":"PropertyValueSpecification","valueRequired":true,"valueName":"search_term_string"}}],"inLanguage":"tr"}]}},"_links":{"self":[{"href":"https:\/\/csotrading.com\/tr\/wp-json\/wp\/v2\/product\/7521"}],"collection":[{"href":"https:\/\/csotrading.com\/tr\/wp-json\/wp\/v2\/product"}],"about":[{"href":"https:\/\/csotrading.com\/tr\/wp-json\/wp\/v2\/types\/product"}],"replies":[{"embeddable":true,"href":"https:\/\/csotrading.com\/tr\/wp-json\/wp\/v2\/comments?post=7521"}],"wp:featuredmedia":[{"embeddable":true,"href":"https:\/\/csotrading.com\/tr\/wp-json\/wp\/v2\/media\/7494"}],"wp:attachment":[{"href":"https:\/\/csotrading.com\/tr\/wp-json\/wp\/v2\/media?parent=7521"}],"wp:term":[{"taxonomy":"product_brand","embeddable":true,"href":"https:\/\/csotrading.com\/tr\/wp-json\/wp\/v2\/product_brand?post=7521"},{"taxonomy":"product_cat","embeddable":true,"href":"https:\/\/csotrading.com\/tr\/wp-json\/wp\/v2\/product_cat?post=7521"},{"taxonomy":"product_tag","embeddable":true,"href":"https:\/\/csotrading.com\/tr\/wp-json\/wp\/v2\/product_tag?post=7521"}],"curies":[{"name":"wp","href":"https:\/\/api.w.org\/{rel}","templated":true}]}}