{"id":7515,"date":"2021-06-21T22:30:49","date_gmt":"2021-06-21T19:30:49","guid":{"rendered":"https:\/\/csotrading.com\/?post_type=product&#038;p=7515"},"modified":"2021-06-21T22:30:49","modified_gmt":"2021-06-21T19:30:49","slug":"omron-crt1-id16sl-1","status":"publish","type":"product","link":"https:\/\/csotrading.com\/tr\/product\/omron-crt1-id16sl-1\/","title":{"rendered":"Omron CRT1-ID16SL-1"},"content":{"rendered":"<h2><span>\u00d6ZELL\u0130KLER<\/span><\/h2>\n<h3><\/h3>\n<table class=\"one\">\n<tbody>\n<tr>\n<td><span>\u0130leti\u015fim port(lar)\u0131<\/span><\/td>\n<td><span>CompoNet K\u00f6le<\/span><\/td>\n<\/tr>\n<tr>\n<td><span>Mod\u00fcl tipi<\/span><\/td>\n<td><span>Dijital G \/ \u00c7<\/span><\/td>\n<\/tr>\n<tr>\n<td><span>G\/\u00c7 ba\u011flant\u0131 t\u00fcr\u00fc<\/span><\/td>\n<td><span>\u0130tin<\/span><\/td>\n<\/tr>\n<tr>\n<td><span>Ba\u011flant\u0131 y\u00f6ntemi<\/span><\/td>\n<td><span>3 telli<\/span><\/td>\n<\/tr>\n<tr>\n<td><span>Dijital giri\u015f say\u0131s\u0131<\/span><\/td>\n<td>16<\/td>\n<\/tr>\n<tr>\n<td><span>Dijital giri\u015f tipi<\/span><\/td>\n<td><span>PNP<\/span><\/td>\n<\/tr>\n<tr>\n<td><span>Giri\u015fte izin verilen voltaj<\/span><\/td>\n<td><span>0-26.4V<\/span><\/td>\n<\/tr>\n<tr>\n<td><span>Dijital \u00e7\u0131k\u0131\u015f say\u0131s\u0131<\/span><\/td>\n<td>0<\/td>\n<\/tr>\n<tr>\n<td><span>Dijital \u00e7\u0131k\u0131\u015f tipi<\/span><\/td>\n<td><span>Yok<\/span><\/td>\n<\/tr>\n<tr>\n<td><span>K\u0131sa devre korumal\u0131 \u00e7\u0131k\u0131\u015flar<\/span><\/td>\n<td><\/td>\n<\/tr>\n<tr>\n<td><span>G\/\u00c7 sistemi<\/span><\/td>\n<td><span>Yok<\/span><\/td>\n<\/tr>\n<tr>\n<td><span>Koruma derecesi (IP)<\/span><\/td>\n<td><span>IP20<\/span><\/td>\n<\/tr>\n<tr>\n<td><span>Y\u00fckseklik<\/span><\/td>\n<td><span>52 mm<\/span><\/td>\n<\/tr>\n<tr>\n<td><span>Geni\u015flik<\/span><\/td>\n<td><span>132 mm<\/span><\/td>\n<\/tr>\n<tr>\n<td><span>derinlik<\/span><\/td>\n<td><span>60,3 mm<\/span><\/td>\n<\/tr>\n<\/tbody>\n<\/table>\n","protected":false},"excerpt":{"rendered":"<h2><span><span class=\"\">CompoNet giri\u015f birimi,<\/span><\/span><\/h2>\n<h3><span>16 x 24 VDC giri\u015fler, PNP, vidas\u0131z terminaller<\/span><\/h3>\n","protected":false},"featured_media":0,"comment_status":"closed","ping_status":"closed","template":"","meta":[],"product_brand":[],"product_cat":[771,394],"product_tag":[],"class_list":{"0":"post-7515","1":"product","2":"type-product","3":"status-publish","5":"product_cat-giris-ve-cikis-modulleri","6":"product_cat-omron-tr","8":"first","9":"instock","10":"shipping-taxable","11":"product-type-simple"},"yoast_head":"<!-- This site is optimized with the Yoast SEO plugin v24.3 - https:\/\/yoast.com\/wordpress\/plugins\/seo\/ -->\n<title>Omron CRT1-ID16SL-1 - CSO TRADING<\/title>\n<meta name=\"robots\" content=\"index, follow, max-snippet:-1, max-image-preview:large, max-video-preview:-1\" \/>\n<link rel=\"canonical\" href=\"https:\/\/csotrading.com\/tr\/product\/omron-crt1-id16sl-1\/\" \/>\n<meta property=\"og:locale\" content=\"tr_TR\" \/>\n<meta property=\"og:type\" content=\"article\" \/>\n<meta property=\"og:title\" content=\"Omron CRT1-ID16SL-1 - CSO TRADING\" \/>\n<meta property=\"og:description\" content=\"CompoNet giri\u015f birimi, 16 x 24 VDC giri\u015fler, PNP, vidas\u0131z terminaller\" \/>\n<meta property=\"og:url\" content=\"https:\/\/csotrading.com\/tr\/product\/omron-crt1-id16sl-1\/\" \/>\n<meta property=\"og:site_name\" content=\"CSO TRADING\" \/>\n<meta name=\"twitter:card\" content=\"summary_large_image\" \/>\n<meta name=\"twitter:label1\" content=\"Tahmini okuma s\u00fcresi\" \/>\n\t<meta name=\"twitter:data1\" content=\"1 dakika\" \/>\n<script type=\"application\/ld+json\" class=\"yoast-schema-graph\">{\"@context\":\"https:\/\/schema.org\",\"@graph\":[{\"@type\":\"WebPage\",\"@id\":\"https:\/\/csotrading.com\/tr\/product\/omron-crt1-id16sl-1\/\",\"url\":\"https:\/\/csotrading.com\/tr\/product\/omron-crt1-id16sl-1\/\",\"name\":\"Omron CRT1-ID16SL-1 - CSO TRADING\",\"isPartOf\":{\"@id\":\"https:\/\/csotrading.com\/#website\"},\"datePublished\":\"2021-06-21T19:30:49+00:00\",\"dateModified\":\"2021-06-21T19:30:49+00:00\",\"breadcrumb\":{\"@id\":\"https:\/\/csotrading.com\/tr\/product\/omron-crt1-id16sl-1\/#breadcrumb\"},\"inLanguage\":\"tr\",\"potentialAction\":[{\"@type\":\"ReadAction\",\"target\":[\"https:\/\/csotrading.com\/tr\/product\/omron-crt1-id16sl-1\/\"]}]},{\"@type\":\"BreadcrumbList\",\"@id\":\"https:\/\/csotrading.com\/tr\/product\/omron-crt1-id16sl-1\/#breadcrumb\",\"itemListElement\":[{\"@type\":\"ListItem\",\"position\":1,\"name\":\"Home\",\"item\":\"https:\/\/csotrading.com\/tr\/\"},{\"@type\":\"ListItem\",\"position\":2,\"name\":\"Ma\u011faza\",\"item\":\"https:\/\/csotrading.com\/magaza\/\"},{\"@type\":\"ListItem\",\"position\":3,\"name\":\"Omron CRT1-ID16SL-1\"}]},{\"@type\":\"WebSite\",\"@id\":\"https:\/\/csotrading.com\/#website\",\"url\":\"https:\/\/csotrading.com\/\",\"name\":\"CSO TRADING\",\"description\":\"\",\"potentialAction\":[{\"@type\":\"SearchAction\",\"target\":{\"@type\":\"EntryPoint\",\"urlTemplate\":\"https:\/\/csotrading.com\/?s={search_term_string}\"},\"query-input\":{\"@type\":\"PropertyValueSpecification\",\"valueRequired\":true,\"valueName\":\"search_term_string\"}}],\"inLanguage\":\"tr\"}]}<\/script>\n<!-- \/ Yoast SEO plugin. -->","yoast_head_json":{"title":"Omron CRT1-ID16SL-1 - CSO TRADING","robots":{"index":"index","follow":"follow","max-snippet":"max-snippet:-1","max-image-preview":"max-image-preview:large","max-video-preview":"max-video-preview:-1"},"canonical":"https:\/\/csotrading.com\/tr\/product\/omron-crt1-id16sl-1\/","og_locale":"tr_TR","og_type":"article","og_title":"Omron CRT1-ID16SL-1 - CSO TRADING","og_description":"CompoNet giri\u015f birimi, 16 x 24 VDC giri\u015fler, PNP, vidas\u0131z terminaller","og_url":"https:\/\/csotrading.com\/tr\/product\/omron-crt1-id16sl-1\/","og_site_name":"CSO TRADING","twitter_card":"summary_large_image","twitter_misc":{"Tahmini okuma s\u00fcresi":"1 dakika"},"schema":{"@context":"https:\/\/schema.org","@graph":[{"@type":"WebPage","@id":"https:\/\/csotrading.com\/tr\/product\/omron-crt1-id16sl-1\/","url":"https:\/\/csotrading.com\/tr\/product\/omron-crt1-id16sl-1\/","name":"Omron CRT1-ID16SL-1 - CSO TRADING","isPartOf":{"@id":"https:\/\/csotrading.com\/#website"},"datePublished":"2021-06-21T19:30:49+00:00","dateModified":"2021-06-21T19:30:49+00:00","breadcrumb":{"@id":"https:\/\/csotrading.com\/tr\/product\/omron-crt1-id16sl-1\/#breadcrumb"},"inLanguage":"tr","potentialAction":[{"@type":"ReadAction","target":["https:\/\/csotrading.com\/tr\/product\/omron-crt1-id16sl-1\/"]}]},{"@type":"BreadcrumbList","@id":"https:\/\/csotrading.com\/tr\/product\/omron-crt1-id16sl-1\/#breadcrumb","itemListElement":[{"@type":"ListItem","position":1,"name":"Home","item":"https:\/\/csotrading.com\/tr\/"},{"@type":"ListItem","position":2,"name":"Ma\u011faza","item":"https:\/\/csotrading.com\/magaza\/"},{"@type":"ListItem","position":3,"name":"Omron CRT1-ID16SL-1"}]},{"@type":"WebSite","@id":"https:\/\/csotrading.com\/#website","url":"https:\/\/csotrading.com\/","name":"CSO TRADING","description":"","potentialAction":[{"@type":"SearchAction","target":{"@type":"EntryPoint","urlTemplate":"https:\/\/csotrading.com\/?s={search_term_string}"},"query-input":{"@type":"PropertyValueSpecification","valueRequired":true,"valueName":"search_term_string"}}],"inLanguage":"tr"}]}},"_links":{"self":[{"href":"https:\/\/csotrading.com\/tr\/wp-json\/wp\/v2\/product\/7515"}],"collection":[{"href":"https:\/\/csotrading.com\/tr\/wp-json\/wp\/v2\/product"}],"about":[{"href":"https:\/\/csotrading.com\/tr\/wp-json\/wp\/v2\/types\/product"}],"replies":[{"embeddable":true,"href":"https:\/\/csotrading.com\/tr\/wp-json\/wp\/v2\/comments?post=7515"}],"wp:attachment":[{"href":"https:\/\/csotrading.com\/tr\/wp-json\/wp\/v2\/media?parent=7515"}],"wp:term":[{"taxonomy":"product_brand","embeddable":true,"href":"https:\/\/csotrading.com\/tr\/wp-json\/wp\/v2\/product_brand?post=7515"},{"taxonomy":"product_cat","embeddable":true,"href":"https:\/\/csotrading.com\/tr\/wp-json\/wp\/v2\/product_cat?post=7515"},{"taxonomy":"product_tag","embeddable":true,"href":"https:\/\/csotrading.com\/tr\/wp-json\/wp\/v2\/product_tag?post=7515"}],"curies":[{"name":"wp","href":"https:\/\/api.w.org\/{rel}","templated":true}]}}