{"id":7513,"date":"2021-06-21T22:28:42","date_gmt":"2021-06-21T19:28:42","guid":{"rendered":"https:\/\/csotrading.com\/?post_type=product&#038;p=7513"},"modified":"2021-06-21T22:28:43","modified_gmt":"2021-06-21T19:28:43","slug":"omron-drt2-c","status":"publish","type":"product","link":"https:\/\/csotrading.com\/tr\/product\/omron-drt2-c\/","title":{"rendered":"Omron DRT2-*C*"},"content":{"rendered":"<p class=\"subtitle\"><span>DRT2 ba\u011f\u0131ml\u0131 \u00fcniteleri, a\u011f \u00fczerinden eri\u015filebilen dahili te\u015fhis ve bak\u0131m verisi toplama \u00f6zelli\u011fine sahiptir.\u00a0G\u00fc\u00e7 kayna\u011f\u0131 durumu, G\/\u00c7 yan\u0131t s\u00fcreleri, \u00e7al\u0131\u015fma saya\u00e7lar\u0131 ve zaman\u0131nda izleme verileri her zaman mevcuttur ve kullan\u0131c\u0131 tan\u0131ml\u0131 s\u0131n\u0131rlara g\u00f6re dahili olarak kontrol edilir.\u00a0Limitler a\u015f\u0131ld\u0131\u011f\u0131nda bak\u0131m uyar\u0131lar\u0131 olu\u015fturulacakt\u0131r.\u00a0G\u00f6rselle\u015ftirme i\u00e7in Ak\u0131ll\u0131 Aktif Par\u00e7alar ile CX-One veya NS-serisi HMI kullan\u0131lmas\u0131, herhangi bir ek programlama olmaks\u0131z\u0131n daha verimli sistem kurulumu, devreye alma ve sorun giderme sa\u011flar.<\/span><\/p>\n<ul>\n<li><span>IP67 korumas\u0131, DRT2 versiyonlar\u0131 ayr\u0131ca ya\u011fa ve kaynak s\u0131\u00e7ramas\u0131na kar\u015f\u0131 dayan\u0131kl\u0131d\u0131r<\/span><\/li>\n<li><span>DeviceNet taraf\u0131ndan desteklenen dahili devreler;\u00a0daha az ba\u011flant\u0131, daha az kurulum hatas\u0131 anlam\u0131na gelir<\/span><\/li>\n<li><span>Te\u015fhis ve \u00f6nleyici bak\u0131m i\u00e7in Smart Slave i\u015flevleri<\/span><\/li>\n<li><span>I\/O sinyallerinde kopuk kablo ve k\u0131sa devre g\u00f6stergesi<\/span><\/li>\n<li><span>H\u0131zl\u0131 kurulum i\u00e7in M12 konekt\u00f6rler<\/span><\/li>\n<\/ul>\n","protected":false},"excerpt":{"rendered":"<h2><span>IP67 DeviceNet G\/\u00c7<\/span><\/h2>\n<h3><span>Saha montaj\u0131 i\u00e7in sa\u011flam I\/O \u00fcniteleri.<\/span><\/h3>\n","protected":false},"featured_media":7500,"comment_status":"closed","ping_status":"closed","template":"","meta":[],"product_brand":[],"product_cat":[771,394],"product_tag":[],"class_list":{"0":"post-7513","1":"product","2":"type-product","3":"status-publish","4":"has-post-thumbnail","6":"product_cat-giris-ve-cikis-modulleri","7":"product_cat-omron-tr","9":"first","10":"instock","11":"shipping-taxable","12":"product-type-simple"},"yoast_head":"<!-- This site is optimized with the Yoast SEO plugin v24.3 - https:\/\/yoast.com\/wordpress\/plugins\/seo\/ -->\n<title>Omron DRT2-*C* - CSO TRADING<\/title>\n<meta name=\"robots\" content=\"index, follow, max-snippet:-1, max-image-preview:large, max-video-preview:-1\" \/>\n<link rel=\"canonical\" href=\"https:\/\/csotrading.com\/tr\/product\/omron-drt2-c\/\" \/>\n<meta property=\"og:locale\" content=\"tr_TR\" \/>\n<meta property=\"og:type\" content=\"article\" \/>\n<meta property=\"og:title\" content=\"Omron DRT2-*C* - CSO TRADING\" \/>\n<meta property=\"og:description\" content=\"IP67 DeviceNet G\/\u00c7 Saha montaj\u0131 i\u00e7in sa\u011flam I\/O \u00fcniteleri.\" \/>\n<meta property=\"og:url\" content=\"https:\/\/csotrading.com\/tr\/product\/omron-drt2-c\/\" \/>\n<meta property=\"og:site_name\" content=\"CSO TRADING\" \/>\n<meta property=\"article:modified_time\" content=\"2021-06-21T19:28:43+00:00\" \/>\n<meta property=\"og:image\" content=\"https:\/\/csotrading.com\/wp-content\/uploads\/2021\/06\/field_i-o_drt2_prod.jpg\" \/>\n\t<meta property=\"og:image:width\" content=\"400\" \/>\n\t<meta property=\"og:image:height\" content=\"318\" \/>\n\t<meta property=\"og:image:type\" content=\"image\/jpeg\" \/>\n<meta name=\"twitter:card\" content=\"summary_large_image\" \/>\n<meta name=\"twitter:label1\" content=\"Tahmini okuma s\u00fcresi\" \/>\n\t<meta name=\"twitter:data1\" content=\"1 dakika\" \/>\n<script type=\"application\/ld+json\" class=\"yoast-schema-graph\">{\"@context\":\"https:\/\/schema.org\",\"@graph\":[{\"@type\":\"WebPage\",\"@id\":\"https:\/\/csotrading.com\/tr\/product\/omron-drt2-c\/\",\"url\":\"https:\/\/csotrading.com\/tr\/product\/omron-drt2-c\/\",\"name\":\"Omron DRT2-*C* - CSO TRADING\",\"isPartOf\":{\"@id\":\"https:\/\/csotrading.com\/#website\"},\"primaryImageOfPage\":{\"@id\":\"https:\/\/csotrading.com\/tr\/product\/omron-drt2-c\/#primaryimage\"},\"image\":{\"@id\":\"https:\/\/csotrading.com\/tr\/product\/omron-drt2-c\/#primaryimage\"},\"thumbnailUrl\":\"https:\/\/csotrading.com\/wp-content\/uploads\/2021\/06\/field_i-o_drt2_prod.jpg\",\"datePublished\":\"2021-06-21T19:28:42+00:00\",\"dateModified\":\"2021-06-21T19:28:43+00:00\",\"breadcrumb\":{\"@id\":\"https:\/\/csotrading.com\/tr\/product\/omron-drt2-c\/#breadcrumb\"},\"inLanguage\":\"tr\",\"potentialAction\":[{\"@type\":\"ReadAction\",\"target\":[\"https:\/\/csotrading.com\/tr\/product\/omron-drt2-c\/\"]}]},{\"@type\":\"ImageObject\",\"inLanguage\":\"tr\",\"@id\":\"https:\/\/csotrading.com\/tr\/product\/omron-drt2-c\/#primaryimage\",\"url\":\"https:\/\/csotrading.com\/wp-content\/uploads\/2021\/06\/field_i-o_drt2_prod.jpg\",\"contentUrl\":\"https:\/\/csotrading.com\/wp-content\/uploads\/2021\/06\/field_i-o_drt2_prod.jpg\",\"width\":400,\"height\":318},{\"@type\":\"BreadcrumbList\",\"@id\":\"https:\/\/csotrading.com\/tr\/product\/omron-drt2-c\/#breadcrumb\",\"itemListElement\":[{\"@type\":\"ListItem\",\"position\":1,\"name\":\"Home\",\"item\":\"https:\/\/csotrading.com\/tr\/\"},{\"@type\":\"ListItem\",\"position\":2,\"name\":\"Ma\u011faza\",\"item\":\"https:\/\/csotrading.com\/magaza\/\"},{\"@type\":\"ListItem\",\"position\":3,\"name\":\"Omron DRT2-*C*\"}]},{\"@type\":\"WebSite\",\"@id\":\"https:\/\/csotrading.com\/#website\",\"url\":\"https:\/\/csotrading.com\/\",\"name\":\"CSO TRADING\",\"description\":\"\",\"potentialAction\":[{\"@type\":\"SearchAction\",\"target\":{\"@type\":\"EntryPoint\",\"urlTemplate\":\"https:\/\/csotrading.com\/?s={search_term_string}\"},\"query-input\":{\"@type\":\"PropertyValueSpecification\",\"valueRequired\":true,\"valueName\":\"search_term_string\"}}],\"inLanguage\":\"tr\"}]}<\/script>\n<!-- \/ Yoast SEO plugin. -->","yoast_head_json":{"title":"Omron DRT2-*C* - CSO TRADING","robots":{"index":"index","follow":"follow","max-snippet":"max-snippet:-1","max-image-preview":"max-image-preview:large","max-video-preview":"max-video-preview:-1"},"canonical":"https:\/\/csotrading.com\/tr\/product\/omron-drt2-c\/","og_locale":"tr_TR","og_type":"article","og_title":"Omron DRT2-*C* - CSO TRADING","og_description":"IP67 DeviceNet G\/\u00c7 Saha montaj\u0131 i\u00e7in sa\u011flam I\/O \u00fcniteleri.","og_url":"https:\/\/csotrading.com\/tr\/product\/omron-drt2-c\/","og_site_name":"CSO TRADING","article_modified_time":"2021-06-21T19:28:43+00:00","og_image":[{"width":400,"height":318,"url":"https:\/\/csotrading.com\/wp-content\/uploads\/2021\/06\/field_i-o_drt2_prod.jpg","type":"image\/jpeg"}],"twitter_card":"summary_large_image","twitter_misc":{"Tahmini okuma s\u00fcresi":"1 dakika"},"schema":{"@context":"https:\/\/schema.org","@graph":[{"@type":"WebPage","@id":"https:\/\/csotrading.com\/tr\/product\/omron-drt2-c\/","url":"https:\/\/csotrading.com\/tr\/product\/omron-drt2-c\/","name":"Omron DRT2-*C* - CSO TRADING","isPartOf":{"@id":"https:\/\/csotrading.com\/#website"},"primaryImageOfPage":{"@id":"https:\/\/csotrading.com\/tr\/product\/omron-drt2-c\/#primaryimage"},"image":{"@id":"https:\/\/csotrading.com\/tr\/product\/omron-drt2-c\/#primaryimage"},"thumbnailUrl":"https:\/\/csotrading.com\/wp-content\/uploads\/2021\/06\/field_i-o_drt2_prod.jpg","datePublished":"2021-06-21T19:28:42+00:00","dateModified":"2021-06-21T19:28:43+00:00","breadcrumb":{"@id":"https:\/\/csotrading.com\/tr\/product\/omron-drt2-c\/#breadcrumb"},"inLanguage":"tr","potentialAction":[{"@type":"ReadAction","target":["https:\/\/csotrading.com\/tr\/product\/omron-drt2-c\/"]}]},{"@type":"ImageObject","inLanguage":"tr","@id":"https:\/\/csotrading.com\/tr\/product\/omron-drt2-c\/#primaryimage","url":"https:\/\/csotrading.com\/wp-content\/uploads\/2021\/06\/field_i-o_drt2_prod.jpg","contentUrl":"https:\/\/csotrading.com\/wp-content\/uploads\/2021\/06\/field_i-o_drt2_prod.jpg","width":400,"height":318},{"@type":"BreadcrumbList","@id":"https:\/\/csotrading.com\/tr\/product\/omron-drt2-c\/#breadcrumb","itemListElement":[{"@type":"ListItem","position":1,"name":"Home","item":"https:\/\/csotrading.com\/tr\/"},{"@type":"ListItem","position":2,"name":"Ma\u011faza","item":"https:\/\/csotrading.com\/magaza\/"},{"@type":"ListItem","position":3,"name":"Omron DRT2-*C*"}]},{"@type":"WebSite","@id":"https:\/\/csotrading.com\/#website","url":"https:\/\/csotrading.com\/","name":"CSO TRADING","description":"","potentialAction":[{"@type":"SearchAction","target":{"@type":"EntryPoint","urlTemplate":"https:\/\/csotrading.com\/?s={search_term_string}"},"query-input":{"@type":"PropertyValueSpecification","valueRequired":true,"valueName":"search_term_string"}}],"inLanguage":"tr"}]}},"_links":{"self":[{"href":"https:\/\/csotrading.com\/tr\/wp-json\/wp\/v2\/product\/7513"}],"collection":[{"href":"https:\/\/csotrading.com\/tr\/wp-json\/wp\/v2\/product"}],"about":[{"href":"https:\/\/csotrading.com\/tr\/wp-json\/wp\/v2\/types\/product"}],"replies":[{"embeddable":true,"href":"https:\/\/csotrading.com\/tr\/wp-json\/wp\/v2\/comments?post=7513"}],"wp:featuredmedia":[{"embeddable":true,"href":"https:\/\/csotrading.com\/tr\/wp-json\/wp\/v2\/media\/7500"}],"wp:attachment":[{"href":"https:\/\/csotrading.com\/tr\/wp-json\/wp\/v2\/media?parent=7513"}],"wp:term":[{"taxonomy":"product_brand","embeddable":true,"href":"https:\/\/csotrading.com\/tr\/wp-json\/wp\/v2\/product_brand?post=7513"},{"taxonomy":"product_cat","embeddable":true,"href":"https:\/\/csotrading.com\/tr\/wp-json\/wp\/v2\/product_cat?post=7513"},{"taxonomy":"product_tag","embeddable":true,"href":"https:\/\/csotrading.com\/tr\/wp-json\/wp\/v2\/product_tag?post=7513"}],"curies":[{"name":"wp","href":"https:\/\/api.w.org\/{rel}","templated":true}]}}