{"id":7511,"date":"2021-06-21T22:20:49","date_gmt":"2021-06-21T19:20:49","guid":{"rendered":"https:\/\/csotrading.com\/?post_type=product&#038;p=7511"},"modified":"2021-06-21T22:20:49","modified_gmt":"2021-06-21T19:20:49","slug":"omron-srt2","status":"publish","type":"product","link":"https:\/\/csotrading.com\/tr\/product\/omron-srt2\/","title":{"rendered":"Omron SRT2"},"content":{"rendered":"<p class=\"subtitle\"><span>Serbest topoloji ve uzun mesafe modunda 500 m&#8217;ye kadar bus uzunlu\u011fu ile uzak I\/O sistemi olarak kullan\u0131labilir.\u00a0Y\u00fcksek h\u0131z modunda (maks. 100 m) garanti edilen milisaniye alt\u0131 d\u00f6ng\u00fc s\u00fcresi, onu verimli makine kontrol\u00fc i\u00e7in ideal hale getirir.\u00a0Master olarak kompakt CPM2C-S PLC ile kullan\u0131ld\u0131\u011f\u0131nda, makine kontrol sisteminiz en k\u00fc\u00e7\u00fck alanlara bile s\u0131\u011far.<\/span><\/p>\n<ul>\n<li><span>IP20 muhafazada kompakt boyut<\/span><\/li>\n<li><span>H\u0131zl\u0131 \u00e7evrim s\u00fcresi;\u00a0256 G\/\u00c7 noktas\u0131 ba\u015f\u0131na 1 ms&#8217;den az<\/span><\/li>\n<li><span>Kolay kurulum;\u00a0yaz\u0131l\u0131m gerekmez<\/span><\/li>\n<li><span>4-8 ve 16-nokta Dijital I\/O se\u00e7imi;\u00a0transist\u00f6r ve r\u00f6le modelleri<\/span><\/li>\n<li><span>Analog Giri\u015f\/\u00c7\u0131k\u0131\u015flar ve \u00f6zelle\u015ftirilebilir mod\u00fcller mevcuttur<\/span><\/li>\n<\/ul>\n","protected":false},"excerpt":{"rendered":"<h2><span><span class=\"\">CompoBus\/S \u00fczerinden h\u0131zl\u0131 ve kolay<\/span><\/span><\/h2>\n<h3><span>Omron&#8217;un benzersiz CompoBus\/S&#8217;si, makine otomasyonu i\u00e7in en verimli G\/\u00c7 veriyoludur.<\/span><\/h3>\n","protected":false},"featured_media":7507,"comment_status":"closed","ping_status":"closed","template":"","meta":[],"product_brand":[],"product_cat":[771,394],"product_tag":[],"class_list":{"0":"post-7511","1":"product","2":"type-product","3":"status-publish","4":"has-post-thumbnail","6":"product_cat-giris-ve-cikis-modulleri","7":"product_cat-omron-tr","9":"first","10":"instock","11":"shipping-taxable","12":"product-type-simple"},"yoast_head":"<!-- This site is optimized with the Yoast SEO plugin v24.3 - https:\/\/yoast.com\/wordpress\/plugins\/seo\/ -->\n<title>Omron SRT2 - CSO TRADING<\/title>\n<meta name=\"robots\" content=\"index, follow, max-snippet:-1, max-image-preview:large, max-video-preview:-1\" \/>\n<link rel=\"canonical\" href=\"https:\/\/csotrading.com\/tr\/product\/omron-srt2\/\" \/>\n<meta property=\"og:locale\" content=\"tr_TR\" \/>\n<meta property=\"og:type\" content=\"article\" \/>\n<meta property=\"og:title\" content=\"Omron SRT2 - CSO TRADING\" \/>\n<meta property=\"og:description\" content=\"CompoBus\/S \u00fczerinden h\u0131zl\u0131 ve kolay Omron&#039;un benzersiz CompoBus\/S&#039;si, makine otomasyonu i\u00e7in en verimli G\/\u00c7 veriyoludur.\" \/>\n<meta property=\"og:url\" content=\"https:\/\/csotrading.com\/tr\/product\/omron-srt2\/\" \/>\n<meta property=\"og:site_name\" content=\"CSO TRADING\" \/>\n<meta property=\"og:image\" content=\"https:\/\/csotrading.com\/wp-content\/uploads\/2021\/06\/compact_i-o_srt2_prod.jpg\" \/>\n\t<meta property=\"og:image:width\" content=\"400\" \/>\n\t<meta property=\"og:image:height\" content=\"266\" \/>\n\t<meta property=\"og:image:type\" content=\"image\/jpeg\" \/>\n<meta name=\"twitter:card\" content=\"summary_large_image\" \/>\n<meta name=\"twitter:label1\" content=\"Tahmini okuma s\u00fcresi\" \/>\n\t<meta name=\"twitter:data1\" content=\"1 dakika\" \/>\n<script type=\"application\/ld+json\" class=\"yoast-schema-graph\">{\"@context\":\"https:\/\/schema.org\",\"@graph\":[{\"@type\":\"WebPage\",\"@id\":\"https:\/\/csotrading.com\/tr\/product\/omron-srt2\/\",\"url\":\"https:\/\/csotrading.com\/tr\/product\/omron-srt2\/\",\"name\":\"Omron SRT2 - CSO TRADING\",\"isPartOf\":{\"@id\":\"https:\/\/csotrading.com\/#website\"},\"primaryImageOfPage\":{\"@id\":\"https:\/\/csotrading.com\/tr\/product\/omron-srt2\/#primaryimage\"},\"image\":{\"@id\":\"https:\/\/csotrading.com\/tr\/product\/omron-srt2\/#primaryimage\"},\"thumbnailUrl\":\"https:\/\/csotrading.com\/wp-content\/uploads\/2021\/06\/compact_i-o_srt2_prod.jpg\",\"datePublished\":\"2021-06-21T19:20:49+00:00\",\"dateModified\":\"2021-06-21T19:20:49+00:00\",\"breadcrumb\":{\"@id\":\"https:\/\/csotrading.com\/tr\/product\/omron-srt2\/#breadcrumb\"},\"inLanguage\":\"tr\",\"potentialAction\":[{\"@type\":\"ReadAction\",\"target\":[\"https:\/\/csotrading.com\/tr\/product\/omron-srt2\/\"]}]},{\"@type\":\"ImageObject\",\"inLanguage\":\"tr\",\"@id\":\"https:\/\/csotrading.com\/tr\/product\/omron-srt2\/#primaryimage\",\"url\":\"https:\/\/csotrading.com\/wp-content\/uploads\/2021\/06\/compact_i-o_srt2_prod.jpg\",\"contentUrl\":\"https:\/\/csotrading.com\/wp-content\/uploads\/2021\/06\/compact_i-o_srt2_prod.jpg\",\"width\":400,\"height\":266},{\"@type\":\"BreadcrumbList\",\"@id\":\"https:\/\/csotrading.com\/tr\/product\/omron-srt2\/#breadcrumb\",\"itemListElement\":[{\"@type\":\"ListItem\",\"position\":1,\"name\":\"Home\",\"item\":\"https:\/\/csotrading.com\/tr\/\"},{\"@type\":\"ListItem\",\"position\":2,\"name\":\"Ma\u011faza\",\"item\":\"https:\/\/csotrading.com\/magaza\/\"},{\"@type\":\"ListItem\",\"position\":3,\"name\":\"Omron SRT2\"}]},{\"@type\":\"WebSite\",\"@id\":\"https:\/\/csotrading.com\/#website\",\"url\":\"https:\/\/csotrading.com\/\",\"name\":\"CSO TRADING\",\"description\":\"\",\"potentialAction\":[{\"@type\":\"SearchAction\",\"target\":{\"@type\":\"EntryPoint\",\"urlTemplate\":\"https:\/\/csotrading.com\/?s={search_term_string}\"},\"query-input\":{\"@type\":\"PropertyValueSpecification\",\"valueRequired\":true,\"valueName\":\"search_term_string\"}}],\"inLanguage\":\"tr\"}]}<\/script>\n<!-- \/ Yoast SEO plugin. -->","yoast_head_json":{"title":"Omron SRT2 - CSO TRADING","robots":{"index":"index","follow":"follow","max-snippet":"max-snippet:-1","max-image-preview":"max-image-preview:large","max-video-preview":"max-video-preview:-1"},"canonical":"https:\/\/csotrading.com\/tr\/product\/omron-srt2\/","og_locale":"tr_TR","og_type":"article","og_title":"Omron SRT2 - CSO TRADING","og_description":"CompoBus\/S \u00fczerinden h\u0131zl\u0131 ve kolay Omron'un benzersiz CompoBus\/S'si, makine otomasyonu i\u00e7in en verimli G\/\u00c7 veriyoludur.","og_url":"https:\/\/csotrading.com\/tr\/product\/omron-srt2\/","og_site_name":"CSO TRADING","og_image":[{"width":400,"height":266,"url":"https:\/\/csotrading.com\/wp-content\/uploads\/2021\/06\/compact_i-o_srt2_prod.jpg","type":"image\/jpeg"}],"twitter_card":"summary_large_image","twitter_misc":{"Tahmini okuma s\u00fcresi":"1 dakika"},"schema":{"@context":"https:\/\/schema.org","@graph":[{"@type":"WebPage","@id":"https:\/\/csotrading.com\/tr\/product\/omron-srt2\/","url":"https:\/\/csotrading.com\/tr\/product\/omron-srt2\/","name":"Omron SRT2 - CSO TRADING","isPartOf":{"@id":"https:\/\/csotrading.com\/#website"},"primaryImageOfPage":{"@id":"https:\/\/csotrading.com\/tr\/product\/omron-srt2\/#primaryimage"},"image":{"@id":"https:\/\/csotrading.com\/tr\/product\/omron-srt2\/#primaryimage"},"thumbnailUrl":"https:\/\/csotrading.com\/wp-content\/uploads\/2021\/06\/compact_i-o_srt2_prod.jpg","datePublished":"2021-06-21T19:20:49+00:00","dateModified":"2021-06-21T19:20:49+00:00","breadcrumb":{"@id":"https:\/\/csotrading.com\/tr\/product\/omron-srt2\/#breadcrumb"},"inLanguage":"tr","potentialAction":[{"@type":"ReadAction","target":["https:\/\/csotrading.com\/tr\/product\/omron-srt2\/"]}]},{"@type":"ImageObject","inLanguage":"tr","@id":"https:\/\/csotrading.com\/tr\/product\/omron-srt2\/#primaryimage","url":"https:\/\/csotrading.com\/wp-content\/uploads\/2021\/06\/compact_i-o_srt2_prod.jpg","contentUrl":"https:\/\/csotrading.com\/wp-content\/uploads\/2021\/06\/compact_i-o_srt2_prod.jpg","width":400,"height":266},{"@type":"BreadcrumbList","@id":"https:\/\/csotrading.com\/tr\/product\/omron-srt2\/#breadcrumb","itemListElement":[{"@type":"ListItem","position":1,"name":"Home","item":"https:\/\/csotrading.com\/tr\/"},{"@type":"ListItem","position":2,"name":"Ma\u011faza","item":"https:\/\/csotrading.com\/magaza\/"},{"@type":"ListItem","position":3,"name":"Omron SRT2"}]},{"@type":"WebSite","@id":"https:\/\/csotrading.com\/#website","url":"https:\/\/csotrading.com\/","name":"CSO TRADING","description":"","potentialAction":[{"@type":"SearchAction","target":{"@type":"EntryPoint","urlTemplate":"https:\/\/csotrading.com\/?s={search_term_string}"},"query-input":{"@type":"PropertyValueSpecification","valueRequired":true,"valueName":"search_term_string"}}],"inLanguage":"tr"}]}},"_links":{"self":[{"href":"https:\/\/csotrading.com\/tr\/wp-json\/wp\/v2\/product\/7511"}],"collection":[{"href":"https:\/\/csotrading.com\/tr\/wp-json\/wp\/v2\/product"}],"about":[{"href":"https:\/\/csotrading.com\/tr\/wp-json\/wp\/v2\/types\/product"}],"replies":[{"embeddable":true,"href":"https:\/\/csotrading.com\/tr\/wp-json\/wp\/v2\/comments?post=7511"}],"wp:featuredmedia":[{"embeddable":true,"href":"https:\/\/csotrading.com\/tr\/wp-json\/wp\/v2\/media\/7507"}],"wp:attachment":[{"href":"https:\/\/csotrading.com\/tr\/wp-json\/wp\/v2\/media?parent=7511"}],"wp:term":[{"taxonomy":"product_brand","embeddable":true,"href":"https:\/\/csotrading.com\/tr\/wp-json\/wp\/v2\/product_brand?post=7511"},{"taxonomy":"product_cat","embeddable":true,"href":"https:\/\/csotrading.com\/tr\/wp-json\/wp\/v2\/product_cat?post=7511"},{"taxonomy":"product_tag","embeddable":true,"href":"https:\/\/csotrading.com\/tr\/wp-json\/wp\/v2\/product_tag?post=7511"}],"curies":[{"name":"wp","href":"https:\/\/api.w.org\/{rel}","templated":true}]}}