{"id":7510,"date":"2021-06-21T22:16:15","date_gmt":"2021-06-21T19:16:15","guid":{"rendered":"https:\/\/csotrading.com\/?post_type=product&#038;p=7510"},"modified":"2021-06-21T22:16:15","modified_gmt":"2021-06-21T19:16:15","slug":"omron-srt2-c","status":"publish","type":"product","link":"https:\/\/csotrading.com\/tr\/product\/omron-srt2-c\/","title":{"rendered":"Omron SRT2-*C*"},"content":{"rendered":"<p class=\"subtitle\"><span>Omron&#8217;un benzersiz CompoBus\/S&#8217;si, makine otomasyonu i\u00e7in en verimli G\/\u00c7 veriyoludur.\u00a0Serbest topoloji ve uzun mesafe modunda 500 m&#8217;ye kadar bus uzunlu\u011fu ile uzak I\/O sistemi olarak kullan\u0131labilir.\u00a0Y\u00fcksek h\u0131z modunda (maks. 100 m) garanti edilen milisaniye alt\u0131 d\u00f6ng\u00fc s\u00fcresi, onu verimli makine kontrol\u00fc i\u00e7in ideal hale getirir.\u00a0Makinenin tamam\u0131na da\u011f\u0131t\u0131lan IP67 ba\u011f\u0131ml\u0131 mod\u00fclleri ile koruyucu muhafazalara olan ihtiya\u00e7 en aza indirilir.<\/span><\/p>\n<ul>\n<li><span>Toz ve suya kar\u015f\u0131 IP67 korumas\u0131<\/span><\/li>\n<li><span>H\u0131zl\u0131 \u00e7evrim s\u00fcresi;\u00a0256 G\/\u00c7 noktas\u0131 i\u00e7in 1 ms&#8217;den az<\/span><\/li>\n<li><span>Kolay kurulum;\u00a0yaz\u0131l\u0131m gerekmez<\/span><\/li>\n<li><span>4 ve 8 noktal\u0131 Dijital I\/O se\u00e7imi<\/span><\/li>\n<li><span>Kolay saha kablolamas\u0131 i\u00e7in M12 konnekt\u00f6rler<\/span><\/li>\n<\/ul>\n","protected":false},"excerpt":{"rendered":"<h2><span>IP67 CompoBus\/S<\/span><\/h2>\n<h3><span>Saha montaj\u0131 i\u00e7in sa\u011flam I\/O \u00fcniteleri.<\/span><\/h3>\n","protected":false},"featured_media":7509,"comment_status":"closed","ping_status":"closed","template":"","meta":[],"product_brand":[],"product_cat":[771,394],"product_tag":[],"class_list":{"0":"post-7510","1":"product","2":"type-product","3":"status-publish","4":"has-post-thumbnail","6":"product_cat-giris-ve-cikis-modulleri","7":"product_cat-omron-tr","9":"first","10":"instock","11":"shipping-taxable","12":"product-type-simple"},"yoast_head":"<!-- This site is optimized with the Yoast SEO plugin v24.3 - https:\/\/yoast.com\/wordpress\/plugins\/seo\/ -->\n<title>Omron SRT2-*C* - CSO TRADING<\/title>\n<meta name=\"robots\" content=\"index, follow, max-snippet:-1, max-image-preview:large, max-video-preview:-1\" \/>\n<link rel=\"canonical\" href=\"https:\/\/csotrading.com\/tr\/product\/omron-srt2-c\/\" \/>\n<meta property=\"og:locale\" content=\"tr_TR\" \/>\n<meta property=\"og:type\" content=\"article\" \/>\n<meta property=\"og:title\" content=\"Omron SRT2-*C* - CSO TRADING\" \/>\n<meta property=\"og:description\" content=\"IP67 CompoBus\/S Saha montaj\u0131 i\u00e7in sa\u011flam I\/O \u00fcniteleri.\" \/>\n<meta property=\"og:url\" content=\"https:\/\/csotrading.com\/tr\/product\/omron-srt2-c\/\" \/>\n<meta property=\"og:site_name\" content=\"CSO TRADING\" \/>\n<meta property=\"og:image\" content=\"https:\/\/csotrading.com\/wp-content\/uploads\/2021\/06\/field_i-o_srt2_img_prod.jpg\" \/>\n\t<meta property=\"og:image:width\" content=\"400\" \/>\n\t<meta property=\"og:image:height\" content=\"244\" \/>\n\t<meta property=\"og:image:type\" content=\"image\/jpeg\" \/>\n<meta name=\"twitter:card\" content=\"summary_large_image\" \/>\n<meta name=\"twitter:label1\" content=\"Tahmini okuma s\u00fcresi\" \/>\n\t<meta name=\"twitter:data1\" content=\"1 dakika\" \/>\n<script type=\"application\/ld+json\" class=\"yoast-schema-graph\">{\"@context\":\"https:\/\/schema.org\",\"@graph\":[{\"@type\":\"WebPage\",\"@id\":\"https:\/\/csotrading.com\/tr\/product\/omron-srt2-c\/\",\"url\":\"https:\/\/csotrading.com\/tr\/product\/omron-srt2-c\/\",\"name\":\"Omron SRT2-*C* - CSO TRADING\",\"isPartOf\":{\"@id\":\"https:\/\/csotrading.com\/#website\"},\"primaryImageOfPage\":{\"@id\":\"https:\/\/csotrading.com\/tr\/product\/omron-srt2-c\/#primaryimage\"},\"image\":{\"@id\":\"https:\/\/csotrading.com\/tr\/product\/omron-srt2-c\/#primaryimage\"},\"thumbnailUrl\":\"https:\/\/csotrading.com\/wp-content\/uploads\/2021\/06\/field_i-o_srt2_img_prod.jpg\",\"datePublished\":\"2021-06-21T19:16:15+00:00\",\"dateModified\":\"2021-06-21T19:16:15+00:00\",\"breadcrumb\":{\"@id\":\"https:\/\/csotrading.com\/tr\/product\/omron-srt2-c\/#breadcrumb\"},\"inLanguage\":\"tr\",\"potentialAction\":[{\"@type\":\"ReadAction\",\"target\":[\"https:\/\/csotrading.com\/tr\/product\/omron-srt2-c\/\"]}]},{\"@type\":\"ImageObject\",\"inLanguage\":\"tr\",\"@id\":\"https:\/\/csotrading.com\/tr\/product\/omron-srt2-c\/#primaryimage\",\"url\":\"https:\/\/csotrading.com\/wp-content\/uploads\/2021\/06\/field_i-o_srt2_img_prod.jpg\",\"contentUrl\":\"https:\/\/csotrading.com\/wp-content\/uploads\/2021\/06\/field_i-o_srt2_img_prod.jpg\",\"width\":400,\"height\":244},{\"@type\":\"BreadcrumbList\",\"@id\":\"https:\/\/csotrading.com\/tr\/product\/omron-srt2-c\/#breadcrumb\",\"itemListElement\":[{\"@type\":\"ListItem\",\"position\":1,\"name\":\"Home\",\"item\":\"https:\/\/csotrading.com\/tr\/\"},{\"@type\":\"ListItem\",\"position\":2,\"name\":\"Ma\u011faza\",\"item\":\"https:\/\/csotrading.com\/magaza\/\"},{\"@type\":\"ListItem\",\"position\":3,\"name\":\"Omron SRT2-*C*\"}]},{\"@type\":\"WebSite\",\"@id\":\"https:\/\/csotrading.com\/#website\",\"url\":\"https:\/\/csotrading.com\/\",\"name\":\"CSO TRADING\",\"description\":\"\",\"potentialAction\":[{\"@type\":\"SearchAction\",\"target\":{\"@type\":\"EntryPoint\",\"urlTemplate\":\"https:\/\/csotrading.com\/?s={search_term_string}\"},\"query-input\":{\"@type\":\"PropertyValueSpecification\",\"valueRequired\":true,\"valueName\":\"search_term_string\"}}],\"inLanguage\":\"tr\"}]}<\/script>\n<!-- \/ Yoast SEO plugin. -->","yoast_head_json":{"title":"Omron SRT2-*C* - CSO TRADING","robots":{"index":"index","follow":"follow","max-snippet":"max-snippet:-1","max-image-preview":"max-image-preview:large","max-video-preview":"max-video-preview:-1"},"canonical":"https:\/\/csotrading.com\/tr\/product\/omron-srt2-c\/","og_locale":"tr_TR","og_type":"article","og_title":"Omron SRT2-*C* - CSO TRADING","og_description":"IP67 CompoBus\/S Saha montaj\u0131 i\u00e7in sa\u011flam I\/O \u00fcniteleri.","og_url":"https:\/\/csotrading.com\/tr\/product\/omron-srt2-c\/","og_site_name":"CSO TRADING","og_image":[{"width":400,"height":244,"url":"https:\/\/csotrading.com\/wp-content\/uploads\/2021\/06\/field_i-o_srt2_img_prod.jpg","type":"image\/jpeg"}],"twitter_card":"summary_large_image","twitter_misc":{"Tahmini okuma s\u00fcresi":"1 dakika"},"schema":{"@context":"https:\/\/schema.org","@graph":[{"@type":"WebPage","@id":"https:\/\/csotrading.com\/tr\/product\/omron-srt2-c\/","url":"https:\/\/csotrading.com\/tr\/product\/omron-srt2-c\/","name":"Omron SRT2-*C* - CSO TRADING","isPartOf":{"@id":"https:\/\/csotrading.com\/#website"},"primaryImageOfPage":{"@id":"https:\/\/csotrading.com\/tr\/product\/omron-srt2-c\/#primaryimage"},"image":{"@id":"https:\/\/csotrading.com\/tr\/product\/omron-srt2-c\/#primaryimage"},"thumbnailUrl":"https:\/\/csotrading.com\/wp-content\/uploads\/2021\/06\/field_i-o_srt2_img_prod.jpg","datePublished":"2021-06-21T19:16:15+00:00","dateModified":"2021-06-21T19:16:15+00:00","breadcrumb":{"@id":"https:\/\/csotrading.com\/tr\/product\/omron-srt2-c\/#breadcrumb"},"inLanguage":"tr","potentialAction":[{"@type":"ReadAction","target":["https:\/\/csotrading.com\/tr\/product\/omron-srt2-c\/"]}]},{"@type":"ImageObject","inLanguage":"tr","@id":"https:\/\/csotrading.com\/tr\/product\/omron-srt2-c\/#primaryimage","url":"https:\/\/csotrading.com\/wp-content\/uploads\/2021\/06\/field_i-o_srt2_img_prod.jpg","contentUrl":"https:\/\/csotrading.com\/wp-content\/uploads\/2021\/06\/field_i-o_srt2_img_prod.jpg","width":400,"height":244},{"@type":"BreadcrumbList","@id":"https:\/\/csotrading.com\/tr\/product\/omron-srt2-c\/#breadcrumb","itemListElement":[{"@type":"ListItem","position":1,"name":"Home","item":"https:\/\/csotrading.com\/tr\/"},{"@type":"ListItem","position":2,"name":"Ma\u011faza","item":"https:\/\/csotrading.com\/magaza\/"},{"@type":"ListItem","position":3,"name":"Omron SRT2-*C*"}]},{"@type":"WebSite","@id":"https:\/\/csotrading.com\/#website","url":"https:\/\/csotrading.com\/","name":"CSO TRADING","description":"","potentialAction":[{"@type":"SearchAction","target":{"@type":"EntryPoint","urlTemplate":"https:\/\/csotrading.com\/?s={search_term_string}"},"query-input":{"@type":"PropertyValueSpecification","valueRequired":true,"valueName":"search_term_string"}}],"inLanguage":"tr"}]}},"_links":{"self":[{"href":"https:\/\/csotrading.com\/tr\/wp-json\/wp\/v2\/product\/7510"}],"collection":[{"href":"https:\/\/csotrading.com\/tr\/wp-json\/wp\/v2\/product"}],"about":[{"href":"https:\/\/csotrading.com\/tr\/wp-json\/wp\/v2\/types\/product"}],"replies":[{"embeddable":true,"href":"https:\/\/csotrading.com\/tr\/wp-json\/wp\/v2\/comments?post=7510"}],"wp:featuredmedia":[{"embeddable":true,"href":"https:\/\/csotrading.com\/tr\/wp-json\/wp\/v2\/media\/7509"}],"wp:attachment":[{"href":"https:\/\/csotrading.com\/tr\/wp-json\/wp\/v2\/media?parent=7510"}],"wp:term":[{"taxonomy":"product_brand","embeddable":true,"href":"https:\/\/csotrading.com\/tr\/wp-json\/wp\/v2\/product_brand?post=7510"},{"taxonomy":"product_cat","embeddable":true,"href":"https:\/\/csotrading.com\/tr\/wp-json\/wp\/v2\/product_cat?post=7510"},{"taxonomy":"product_tag","embeddable":true,"href":"https:\/\/csotrading.com\/tr\/wp-json\/wp\/v2\/product_tag?post=7510"}],"curies":[{"name":"wp","href":"https:\/\/api.w.org\/{rel}","templated":true}]}}