{"id":7439,"date":"2021-06-20T23:40:20","date_gmt":"2021-06-20T20:40:20","guid":{"rendered":"https:\/\/csotrading.com\/?post_type=product&#038;p=7439"},"modified":"2021-06-20T23:40:21","modified_gmt":"2021-06-20T20:40:21","slug":"omron-ns15-tx01s-v2","status":"publish","type":"product","link":"https:\/\/csotrading.com\/tr\/product\/omron-ns15-tx01s-v2\/","title":{"rendered":"Omron NS15-TX01S-V2"},"content":{"rendered":"<h2><span>\u00d6ZELL\u0130KLER<\/span><\/h2>\n<h3><\/h3>\n<table class=\"one\">\n<tbody>\n<tr>\n<td><span>\u00c7er\u00e7eve rengi<\/span><\/td>\n<td><span>G\u00fcm\u00fc\u015f<\/span><\/td>\n<\/tr>\n<tr>\n<td><span>Ekran \u00e7apraz<\/span><\/td>\n<td><span>15 in\u00e7<\/span><\/td>\n<\/tr>\n<tr>\n<td><span>Piksel say\u0131s\u0131, yatay<\/span><\/td>\n<td>1024<\/td>\n<\/tr>\n<tr>\n<td><span>Piksel say\u0131s\u0131, dikey<\/span><\/td>\n<td>768<\/td>\n<\/tr>\n<tr>\n<td><span>Ekran t\u00fcr\u00fc<\/span><\/td>\n<td><span>TFT<\/span><\/td>\n<\/tr>\n<tr>\n<td><span>Ekran\u0131n renk say\u0131s\u0131<\/span><\/td>\n<td>32768<\/td>\n<\/tr>\n<tr>\n<td><span>Ethernet ba\u011flant\u0131 noktas\u0131 say\u0131s\u0131<\/span><\/td>\n<td>1<\/td>\n<\/tr>\n<tr>\n<td><span>RS-232 port say\u0131s\u0131<\/span><\/td>\n<td>2<\/td>\n<\/tr>\n<tr>\n<td><span>RS-422 ba\u011flant\u0131 noktas\u0131 say\u0131s\u0131<\/span><\/td>\n<td><span>1<\/span><\/td>\n<\/tr>\n<tr>\n<td><span>RS-485 ba\u011flant\u0131 noktas\u0131 say\u0131s\u0131<\/span><\/td>\n<td><span>1<\/span><\/td>\n<\/tr>\n<tr>\n<td><span>USB ba\u011flant\u0131 noktas\u0131 say\u0131s\u0131<\/span><\/td>\n<td><span>1<\/span><\/td>\n<\/tr>\n<tr>\n<td><span>Koruma derecesi (IP), \u00f6n taraf<\/span><\/td>\n<td><span>IP65<\/span><\/td>\n<\/tr>\n<tr>\n<td><span>\u00d6n geni\u015fli\u011fi<\/span><\/td>\n<td><span>405 mm<\/span><\/td>\n<\/tr>\n<tr>\n<td><span>\u00d6n y\u00fcksekli\u011fi<\/span><\/td>\n<td><span>304 mm<\/span><\/td>\n<\/tr>\n<tr>\n<td><span>Panel kesme geni\u015fli\u011fi<\/span><\/td>\n<td><span>383,5 mm<\/span><\/td>\n<\/tr>\n<tr>\n<td><span>Panel kesme y\u00fcksekli\u011fi<\/span><\/td>\n<td><span>282,5 mm<\/span><\/td>\n<\/tr>\n<tr>\n<td><span>Dahili derinlik<\/span><\/td>\n<td><span>67,8 mm<\/span><\/td>\n<\/tr>\n<tr>\n<td><span>A\u011f\u0131rl\u0131k<\/span><\/td>\n<td><span>4111 gr<\/span><\/td>\n<\/tr>\n<\/tbody>\n<\/table>\n","protected":false},"excerpt":{"rendered":"<h2><span>Dokunmatik ekran HMI,<\/span><\/h2>\n<h3><span>15 in\u00e7 XGA, TFT, 256 renk, 1024\u00d7768 piksel, 1 x RS-232C ve 1 x RS422 ba\u011flant\u0131 noktas\u0131, Ethernet (10\/100 Base-T), 60MByte bellek, 24 VDC, g\u00fcm\u00fc\u015f kasa<\/span><\/h3>\n","protected":false},"featured_media":7377,"comment_status":"closed","ping_status":"closed","template":"","meta":[],"product_brand":[],"product_cat":[770,394],"product_tag":[],"class_list":{"0":"post-7439","1":"product","2":"type-product","3":"status-publish","4":"has-post-thumbnail","6":"product_cat-hmi-tr","7":"product_cat-omron-tr","9":"first","10":"instock","11":"shipping-taxable","12":"product-type-simple"},"yoast_head":"<!-- This site is optimized with the Yoast SEO plugin v24.3 - https:\/\/yoast.com\/wordpress\/plugins\/seo\/ -->\n<title>Omron NS15-TX01S-V2 - CSO TRADING<\/title>\n<meta name=\"robots\" content=\"index, follow, max-snippet:-1, max-image-preview:large, max-video-preview:-1\" \/>\n<link rel=\"canonical\" href=\"https:\/\/csotrading.com\/tr\/product\/omron-ns15-tx01s-v2\/\" \/>\n<meta property=\"og:locale\" content=\"tr_TR\" \/>\n<meta property=\"og:type\" content=\"article\" \/>\n<meta property=\"og:title\" content=\"Omron NS15-TX01S-V2 - CSO TRADING\" \/>\n<meta property=\"og:description\" content=\"Dokunmatik ekran HMI, 15 in\u00e7 XGA, TFT, 256 renk, 1024\u00d7768 piksel, 1 x RS-232C ve 1 x RS422 ba\u011flant\u0131 noktas\u0131, Ethernet (10\/100 Base-T), 60MByte bellek, 24 VDC, g\u00fcm\u00fc\u015f kasa\" \/>\n<meta property=\"og:url\" content=\"https:\/\/csotrading.com\/tr\/product\/omron-ns15-tx01s-v2\/\" \/>\n<meta property=\"og:site_name\" content=\"CSO TRADING\" \/>\n<meta property=\"article:modified_time\" content=\"2021-06-20T20:40:21+00:00\" \/>\n<meta property=\"og:image\" content=\"https:\/\/csotrading.com\/wp-content\/uploads\/2021\/06\/NS15-TX01S-V2.jpg\" \/>\n\t<meta property=\"og:image:width\" content=\"400\" \/>\n\t<meta property=\"og:image:height\" content=\"400\" \/>\n\t<meta property=\"og:image:type\" content=\"image\/jpeg\" \/>\n<meta name=\"twitter:card\" content=\"summary_large_image\" \/>\n<meta name=\"twitter:label1\" content=\"Tahmini okuma s\u00fcresi\" \/>\n\t<meta name=\"twitter:data1\" content=\"1 dakika\" \/>\n<script type=\"application\/ld+json\" class=\"yoast-schema-graph\">{\"@context\":\"https:\/\/schema.org\",\"@graph\":[{\"@type\":\"WebPage\",\"@id\":\"https:\/\/csotrading.com\/tr\/product\/omron-ns15-tx01s-v2\/\",\"url\":\"https:\/\/csotrading.com\/tr\/product\/omron-ns15-tx01s-v2\/\",\"name\":\"Omron NS15-TX01S-V2 - CSO TRADING\",\"isPartOf\":{\"@id\":\"https:\/\/csotrading.com\/#website\"},\"primaryImageOfPage\":{\"@id\":\"https:\/\/csotrading.com\/tr\/product\/omron-ns15-tx01s-v2\/#primaryimage\"},\"image\":{\"@id\":\"https:\/\/csotrading.com\/tr\/product\/omron-ns15-tx01s-v2\/#primaryimage\"},\"thumbnailUrl\":\"https:\/\/csotrading.com\/wp-content\/uploads\/2021\/06\/NS15-TX01S-V2.jpg\",\"datePublished\":\"2021-06-20T20:40:20+00:00\",\"dateModified\":\"2021-06-20T20:40:21+00:00\",\"breadcrumb\":{\"@id\":\"https:\/\/csotrading.com\/tr\/product\/omron-ns15-tx01s-v2\/#breadcrumb\"},\"inLanguage\":\"tr\",\"potentialAction\":[{\"@type\":\"ReadAction\",\"target\":[\"https:\/\/csotrading.com\/tr\/product\/omron-ns15-tx01s-v2\/\"]}]},{\"@type\":\"ImageObject\",\"inLanguage\":\"tr\",\"@id\":\"https:\/\/csotrading.com\/tr\/product\/omron-ns15-tx01s-v2\/#primaryimage\",\"url\":\"https:\/\/csotrading.com\/wp-content\/uploads\/2021\/06\/NS15-TX01S-V2.jpg\",\"contentUrl\":\"https:\/\/csotrading.com\/wp-content\/uploads\/2021\/06\/NS15-TX01S-V2.jpg\",\"width\":400,\"height\":400},{\"@type\":\"BreadcrumbList\",\"@id\":\"https:\/\/csotrading.com\/tr\/product\/omron-ns15-tx01s-v2\/#breadcrumb\",\"itemListElement\":[{\"@type\":\"ListItem\",\"position\":1,\"name\":\"Home\",\"item\":\"https:\/\/csotrading.com\/tr\/\"},{\"@type\":\"ListItem\",\"position\":2,\"name\":\"Ma\u011faza\",\"item\":\"https:\/\/csotrading.com\/magaza\/\"},{\"@type\":\"ListItem\",\"position\":3,\"name\":\"Omron NS15-TX01S-V2\"}]},{\"@type\":\"WebSite\",\"@id\":\"https:\/\/csotrading.com\/#website\",\"url\":\"https:\/\/csotrading.com\/\",\"name\":\"CSO TRADING\",\"description\":\"\",\"potentialAction\":[{\"@type\":\"SearchAction\",\"target\":{\"@type\":\"EntryPoint\",\"urlTemplate\":\"https:\/\/csotrading.com\/?s={search_term_string}\"},\"query-input\":{\"@type\":\"PropertyValueSpecification\",\"valueRequired\":true,\"valueName\":\"search_term_string\"}}],\"inLanguage\":\"tr\"}]}<\/script>\n<!-- \/ Yoast SEO plugin. -->","yoast_head_json":{"title":"Omron NS15-TX01S-V2 - CSO TRADING","robots":{"index":"index","follow":"follow","max-snippet":"max-snippet:-1","max-image-preview":"max-image-preview:large","max-video-preview":"max-video-preview:-1"},"canonical":"https:\/\/csotrading.com\/tr\/product\/omron-ns15-tx01s-v2\/","og_locale":"tr_TR","og_type":"article","og_title":"Omron NS15-TX01S-V2 - CSO TRADING","og_description":"Dokunmatik ekran HMI, 15 in\u00e7 XGA, TFT, 256 renk, 1024\u00d7768 piksel, 1 x RS-232C ve 1 x RS422 ba\u011flant\u0131 noktas\u0131, Ethernet (10\/100 Base-T), 60MByte bellek, 24 VDC, g\u00fcm\u00fc\u015f kasa","og_url":"https:\/\/csotrading.com\/tr\/product\/omron-ns15-tx01s-v2\/","og_site_name":"CSO TRADING","article_modified_time":"2021-06-20T20:40:21+00:00","og_image":[{"width":400,"height":400,"url":"https:\/\/csotrading.com\/wp-content\/uploads\/2021\/06\/NS15-TX01S-V2.jpg","type":"image\/jpeg"}],"twitter_card":"summary_large_image","twitter_misc":{"Tahmini okuma s\u00fcresi":"1 dakika"},"schema":{"@context":"https:\/\/schema.org","@graph":[{"@type":"WebPage","@id":"https:\/\/csotrading.com\/tr\/product\/omron-ns15-tx01s-v2\/","url":"https:\/\/csotrading.com\/tr\/product\/omron-ns15-tx01s-v2\/","name":"Omron NS15-TX01S-V2 - CSO TRADING","isPartOf":{"@id":"https:\/\/csotrading.com\/#website"},"primaryImageOfPage":{"@id":"https:\/\/csotrading.com\/tr\/product\/omron-ns15-tx01s-v2\/#primaryimage"},"image":{"@id":"https:\/\/csotrading.com\/tr\/product\/omron-ns15-tx01s-v2\/#primaryimage"},"thumbnailUrl":"https:\/\/csotrading.com\/wp-content\/uploads\/2021\/06\/NS15-TX01S-V2.jpg","datePublished":"2021-06-20T20:40:20+00:00","dateModified":"2021-06-20T20:40:21+00:00","breadcrumb":{"@id":"https:\/\/csotrading.com\/tr\/product\/omron-ns15-tx01s-v2\/#breadcrumb"},"inLanguage":"tr","potentialAction":[{"@type":"ReadAction","target":["https:\/\/csotrading.com\/tr\/product\/omron-ns15-tx01s-v2\/"]}]},{"@type":"ImageObject","inLanguage":"tr","@id":"https:\/\/csotrading.com\/tr\/product\/omron-ns15-tx01s-v2\/#primaryimage","url":"https:\/\/csotrading.com\/wp-content\/uploads\/2021\/06\/NS15-TX01S-V2.jpg","contentUrl":"https:\/\/csotrading.com\/wp-content\/uploads\/2021\/06\/NS15-TX01S-V2.jpg","width":400,"height":400},{"@type":"BreadcrumbList","@id":"https:\/\/csotrading.com\/tr\/product\/omron-ns15-tx01s-v2\/#breadcrumb","itemListElement":[{"@type":"ListItem","position":1,"name":"Home","item":"https:\/\/csotrading.com\/tr\/"},{"@type":"ListItem","position":2,"name":"Ma\u011faza","item":"https:\/\/csotrading.com\/magaza\/"},{"@type":"ListItem","position":3,"name":"Omron NS15-TX01S-V2"}]},{"@type":"WebSite","@id":"https:\/\/csotrading.com\/#website","url":"https:\/\/csotrading.com\/","name":"CSO TRADING","description":"","potentialAction":[{"@type":"SearchAction","target":{"@type":"EntryPoint","urlTemplate":"https:\/\/csotrading.com\/?s={search_term_string}"},"query-input":{"@type":"PropertyValueSpecification","valueRequired":true,"valueName":"search_term_string"}}],"inLanguage":"tr"}]}},"_links":{"self":[{"href":"https:\/\/csotrading.com\/tr\/wp-json\/wp\/v2\/product\/7439"}],"collection":[{"href":"https:\/\/csotrading.com\/tr\/wp-json\/wp\/v2\/product"}],"about":[{"href":"https:\/\/csotrading.com\/tr\/wp-json\/wp\/v2\/types\/product"}],"replies":[{"embeddable":true,"href":"https:\/\/csotrading.com\/tr\/wp-json\/wp\/v2\/comments?post=7439"}],"wp:featuredmedia":[{"embeddable":true,"href":"https:\/\/csotrading.com\/tr\/wp-json\/wp\/v2\/media\/7377"}],"wp:attachment":[{"href":"https:\/\/csotrading.com\/tr\/wp-json\/wp\/v2\/media?parent=7439"}],"wp:term":[{"taxonomy":"product_brand","embeddable":true,"href":"https:\/\/csotrading.com\/tr\/wp-json\/wp\/v2\/product_brand?post=7439"},{"taxonomy":"product_cat","embeddable":true,"href":"https:\/\/csotrading.com\/tr\/wp-json\/wp\/v2\/product_cat?post=7439"},{"taxonomy":"product_tag","embeddable":true,"href":"https:\/\/csotrading.com\/tr\/wp-json\/wp\/v2\/product_tag?post=7439"}],"curies":[{"name":"wp","href":"https:\/\/api.w.org\/{rel}","templated":true}]}}