{"id":7429,"date":"2021-06-20T23:28:00","date_gmt":"2021-06-20T20:28:00","guid":{"rendered":"https:\/\/csotrading.com\/?post_type=product&#038;p=7429"},"modified":"2021-06-20T23:28:00","modified_gmt":"2021-06-20T20:28:00","slug":"omron-nx1p2-9b24dt1","status":"publish","type":"product","link":"https:\/\/csotrading.com\/tr\/product\/omron-nx1p2-9b24dt1\/","title":{"rendered":"Omron NX1P2-9B24DT1"},"content":{"rendered":"<h2><span>\u00d6ZELL\u0130KLER<\/span><\/h2>\n<h3><\/h3>\n<table class=\"one\">\n<tbody>\n<tr>\n<td><span>Birincil g\u00f6rev d\u00f6ng\u00fcs\u00fc s\u00fcresi<\/span><\/td>\n<td><span>4 ms<\/span><\/td>\n<\/tr>\n<tr>\n<td><span>Program haf\u0131zas\u0131<\/span><\/td>\n<td><span>1 MB<\/span><\/td>\n<\/tr>\n<tr>\n<td><span>De\u011fi\u015fken haf\u0131zas\u0131<\/span><\/td>\n<td><span>2 MB<\/span><\/td>\n<\/tr>\n<tr>\n<td><span>Maks.\u00a0senkron eksen say\u0131s\u0131<\/span><\/td>\n<td>0<\/td>\n<\/tr>\n<tr>\n<td><span>Maks.\u00a0PTP eksen say\u0131s\u0131<\/span><\/td>\n<td>2<\/td>\n<\/tr>\n<tr>\n<td><span>Dijital giri\u015f say\u0131s\u0131<\/span><\/td>\n<td>14<\/td>\n<\/tr>\n<tr>\n<td><span>Giri\u015f tipi<\/span><\/td>\n<td><span>PNP\/NPN<\/span><\/td>\n<\/tr>\n<tr>\n<td><span>Dijital \u00e7\u0131k\u0131\u015f say\u0131s\u0131<\/span><\/td>\n<td>10<\/td>\n<\/tr>\n<tr>\n<td><span>\u00c7\u0131k\u0131\u015f tipi<\/span><\/td>\n<td><span>PNP<\/span><\/td>\n<\/tr>\n<tr>\n<td><span>Seri opsiyon kartlar\u0131n\u0131n say\u0131s\u0131<\/span><\/td>\n<td>1<\/td>\n<\/tr>\n<tr>\n<td><span>Maks.\u00a0geni\u015fletme birimi say\u0131s\u0131<\/span><\/td>\n<td>8<\/td>\n<\/tr>\n<tr>\n<td><span>Maks.\u00a0uzak G\/\u00c7 d\u00fc\u011f\u00fcmlerinin say\u0131s\u0131<\/span><\/td>\n<td><span>8<\/span><\/td>\n<\/tr>\n<tr>\n<td><span>\u0130leti\u015fim port(lar)\u0131<\/span><\/td>\n<td><span>EtherCAT Master, EtherNet\/IP, Ethernet TCP\/IP<\/span><\/td>\n<\/tr>\n<tr>\n<td><span>Ethernet ba\u011flant\u0131 noktas\u0131 say\u0131s\u0131<\/span><\/td>\n<td><span>2<\/span><\/td>\n<\/tr>\n<tr>\n<td><span>USB ba\u011flant\u0131 noktas\u0131 say\u0131s\u0131<\/span><\/td>\n<td><span>0<\/span><\/td>\n<\/tr>\n<tr>\n<td><span>\u0130leti\u015fim se\u00e7enekleri<\/span><\/td>\n<td><span>Seri RS-232C, Seri RS-422, Seri RS-485<\/span><\/td>\n<\/tr>\n<tr>\n<td><span>Ger\u00e7ek zamanl\u0131 saat<\/span><\/td>\n<td><\/td>\n<\/tr>\n<tr>\n<td><span>Besleme gerilimi DC<\/span><\/td>\n<td><span>20.4-28.8V<\/span><\/td>\n<\/tr>\n<tr>\n<td><span>Y\u00fckseklik<\/span><\/td>\n<td><span>100 mm<\/span><\/td>\n<\/tr>\n<tr>\n<td><span>Geni\u015flik<\/span><\/td>\n<td><span>130 mm<\/span><\/td>\n<\/tr>\n<tr>\n<td><span>derinlik<\/span><\/td>\n<td><span>71 mm<\/span><\/td>\n<\/tr>\n<tr>\n<td><span>A\u011f\u0131rl\u0131k<\/span><\/td>\n<td><span>0 gr<\/span><\/td>\n<\/tr>\n<\/tbody>\n<\/table>\n","protected":false},"excerpt":{"rendered":"<h2><span>24 Dijital Transist\u00f6r I\/O&#8217;lu (PNP) Sysmac NX1P CPU,<\/span><\/h2>\n<h3><span>1 MB bellek, EtherCAT (0 servo eksen, 2 PTP ekseni, 8 EtherCAT d\u00fc\u011f\u00fcm\u00fc), EtherNet\/IP ve 1 seri se\u00e7enek ba\u011flant\u0131 noktas\u0131<\/span><\/h3>\n","protected":false},"featured_media":7399,"comment_status":"closed","ping_status":"closed","template":"","meta":[],"product_brand":[],"product_cat":[770,394],"product_tag":[],"class_list":{"0":"post-7429","1":"product","2":"type-product","3":"status-publish","4":"has-post-thumbnail","6":"product_cat-hmi-tr","7":"product_cat-omron-tr","9":"first","10":"instock","11":"shipping-taxable","12":"product-type-simple"},"yoast_head":"<!-- This site is optimized with the Yoast SEO plugin v24.3 - https:\/\/yoast.com\/wordpress\/plugins\/seo\/ -->\n<title>Omron NX1P2-9B24DT1 - CSO TRADING<\/title>\n<meta name=\"robots\" content=\"index, follow, max-snippet:-1, max-image-preview:large, max-video-preview:-1\" \/>\n<link rel=\"canonical\" href=\"https:\/\/csotrading.com\/tr\/product\/omron-nx1p2-9b24dt1\/\" \/>\n<meta property=\"og:locale\" content=\"tr_TR\" \/>\n<meta property=\"og:type\" content=\"article\" \/>\n<meta property=\"og:title\" content=\"Omron NX1P2-9B24DT1 - CSO TRADING\" \/>\n<meta property=\"og:description\" content=\"24 Dijital Transist\u00f6r I\/O&#039;lu (PNP) Sysmac NX1P CPU, 1 MB bellek, EtherCAT (0 servo eksen, 2 PTP ekseni, 8 EtherCAT d\u00fc\u011f\u00fcm\u00fc), EtherNet\/IP ve 1 seri se\u00e7enek ba\u011flant\u0131 noktas\u0131\" \/>\n<meta property=\"og:url\" content=\"https:\/\/csotrading.com\/tr\/product\/omron-nx1p2-9b24dt1\/\" \/>\n<meta property=\"og:site_name\" content=\"CSO TRADING\" \/>\n<meta property=\"og:image\" content=\"https:\/\/csotrading.com\/wp-content\/uploads\/2021\/06\/NX1P2-xx24DTx.jpg\" \/>\n\t<meta property=\"og:image:width\" content=\"400\" \/>\n\t<meta property=\"og:image:height\" content=\"400\" \/>\n\t<meta property=\"og:image:type\" content=\"image\/jpeg\" \/>\n<meta name=\"twitter:card\" content=\"summary_large_image\" \/>\n<meta name=\"twitter:label1\" content=\"Tahmini okuma s\u00fcresi\" \/>\n\t<meta name=\"twitter:data1\" content=\"1 dakika\" \/>\n<script type=\"application\/ld+json\" class=\"yoast-schema-graph\">{\"@context\":\"https:\/\/schema.org\",\"@graph\":[{\"@type\":\"WebPage\",\"@id\":\"https:\/\/csotrading.com\/tr\/product\/omron-nx1p2-9b24dt1\/\",\"url\":\"https:\/\/csotrading.com\/tr\/product\/omron-nx1p2-9b24dt1\/\",\"name\":\"Omron NX1P2-9B24DT1 - CSO TRADING\",\"isPartOf\":{\"@id\":\"https:\/\/csotrading.com\/#website\"},\"primaryImageOfPage\":{\"@id\":\"https:\/\/csotrading.com\/tr\/product\/omron-nx1p2-9b24dt1\/#primaryimage\"},\"image\":{\"@id\":\"https:\/\/csotrading.com\/tr\/product\/omron-nx1p2-9b24dt1\/#primaryimage\"},\"thumbnailUrl\":\"https:\/\/csotrading.com\/wp-content\/uploads\/2021\/06\/NX1P2-xx24DTx.jpg\",\"datePublished\":\"2021-06-20T20:28:00+00:00\",\"dateModified\":\"2021-06-20T20:28:00+00:00\",\"breadcrumb\":{\"@id\":\"https:\/\/csotrading.com\/tr\/product\/omron-nx1p2-9b24dt1\/#breadcrumb\"},\"inLanguage\":\"tr\",\"potentialAction\":[{\"@type\":\"ReadAction\",\"target\":[\"https:\/\/csotrading.com\/tr\/product\/omron-nx1p2-9b24dt1\/\"]}]},{\"@type\":\"ImageObject\",\"inLanguage\":\"tr\",\"@id\":\"https:\/\/csotrading.com\/tr\/product\/omron-nx1p2-9b24dt1\/#primaryimage\",\"url\":\"https:\/\/csotrading.com\/wp-content\/uploads\/2021\/06\/NX1P2-xx24DTx.jpg\",\"contentUrl\":\"https:\/\/csotrading.com\/wp-content\/uploads\/2021\/06\/NX1P2-xx24DTx.jpg\",\"width\":400,\"height\":400},{\"@type\":\"BreadcrumbList\",\"@id\":\"https:\/\/csotrading.com\/tr\/product\/omron-nx1p2-9b24dt1\/#breadcrumb\",\"itemListElement\":[{\"@type\":\"ListItem\",\"position\":1,\"name\":\"Home\",\"item\":\"https:\/\/csotrading.com\/tr\/\"},{\"@type\":\"ListItem\",\"position\":2,\"name\":\"Ma\u011faza\",\"item\":\"https:\/\/csotrading.com\/magaza\/\"},{\"@type\":\"ListItem\",\"position\":3,\"name\":\"Omron NX1P2-9B24DT1\"}]},{\"@type\":\"WebSite\",\"@id\":\"https:\/\/csotrading.com\/#website\",\"url\":\"https:\/\/csotrading.com\/\",\"name\":\"CSO TRADING\",\"description\":\"\",\"potentialAction\":[{\"@type\":\"SearchAction\",\"target\":{\"@type\":\"EntryPoint\",\"urlTemplate\":\"https:\/\/csotrading.com\/?s={search_term_string}\"},\"query-input\":{\"@type\":\"PropertyValueSpecification\",\"valueRequired\":true,\"valueName\":\"search_term_string\"}}],\"inLanguage\":\"tr\"}]}<\/script>\n<!-- \/ Yoast SEO plugin. -->","yoast_head_json":{"title":"Omron NX1P2-9B24DT1 - CSO TRADING","robots":{"index":"index","follow":"follow","max-snippet":"max-snippet:-1","max-image-preview":"max-image-preview:large","max-video-preview":"max-video-preview:-1"},"canonical":"https:\/\/csotrading.com\/tr\/product\/omron-nx1p2-9b24dt1\/","og_locale":"tr_TR","og_type":"article","og_title":"Omron NX1P2-9B24DT1 - CSO TRADING","og_description":"24 Dijital Transist\u00f6r I\/O'lu (PNP) Sysmac NX1P CPU, 1 MB bellek, EtherCAT (0 servo eksen, 2 PTP ekseni, 8 EtherCAT d\u00fc\u011f\u00fcm\u00fc), EtherNet\/IP ve 1 seri se\u00e7enek ba\u011flant\u0131 noktas\u0131","og_url":"https:\/\/csotrading.com\/tr\/product\/omron-nx1p2-9b24dt1\/","og_site_name":"CSO TRADING","og_image":[{"width":400,"height":400,"url":"https:\/\/csotrading.com\/wp-content\/uploads\/2021\/06\/NX1P2-xx24DTx.jpg","type":"image\/jpeg"}],"twitter_card":"summary_large_image","twitter_misc":{"Tahmini okuma s\u00fcresi":"1 dakika"},"schema":{"@context":"https:\/\/schema.org","@graph":[{"@type":"WebPage","@id":"https:\/\/csotrading.com\/tr\/product\/omron-nx1p2-9b24dt1\/","url":"https:\/\/csotrading.com\/tr\/product\/omron-nx1p2-9b24dt1\/","name":"Omron NX1P2-9B24DT1 - CSO TRADING","isPartOf":{"@id":"https:\/\/csotrading.com\/#website"},"primaryImageOfPage":{"@id":"https:\/\/csotrading.com\/tr\/product\/omron-nx1p2-9b24dt1\/#primaryimage"},"image":{"@id":"https:\/\/csotrading.com\/tr\/product\/omron-nx1p2-9b24dt1\/#primaryimage"},"thumbnailUrl":"https:\/\/csotrading.com\/wp-content\/uploads\/2021\/06\/NX1P2-xx24DTx.jpg","datePublished":"2021-06-20T20:28:00+00:00","dateModified":"2021-06-20T20:28:00+00:00","breadcrumb":{"@id":"https:\/\/csotrading.com\/tr\/product\/omron-nx1p2-9b24dt1\/#breadcrumb"},"inLanguage":"tr","potentialAction":[{"@type":"ReadAction","target":["https:\/\/csotrading.com\/tr\/product\/omron-nx1p2-9b24dt1\/"]}]},{"@type":"ImageObject","inLanguage":"tr","@id":"https:\/\/csotrading.com\/tr\/product\/omron-nx1p2-9b24dt1\/#primaryimage","url":"https:\/\/csotrading.com\/wp-content\/uploads\/2021\/06\/NX1P2-xx24DTx.jpg","contentUrl":"https:\/\/csotrading.com\/wp-content\/uploads\/2021\/06\/NX1P2-xx24DTx.jpg","width":400,"height":400},{"@type":"BreadcrumbList","@id":"https:\/\/csotrading.com\/tr\/product\/omron-nx1p2-9b24dt1\/#breadcrumb","itemListElement":[{"@type":"ListItem","position":1,"name":"Home","item":"https:\/\/csotrading.com\/tr\/"},{"@type":"ListItem","position":2,"name":"Ma\u011faza","item":"https:\/\/csotrading.com\/magaza\/"},{"@type":"ListItem","position":3,"name":"Omron NX1P2-9B24DT1"}]},{"@type":"WebSite","@id":"https:\/\/csotrading.com\/#website","url":"https:\/\/csotrading.com\/","name":"CSO TRADING","description":"","potentialAction":[{"@type":"SearchAction","target":{"@type":"EntryPoint","urlTemplate":"https:\/\/csotrading.com\/?s={search_term_string}"},"query-input":{"@type":"PropertyValueSpecification","valueRequired":true,"valueName":"search_term_string"}}],"inLanguage":"tr"}]}},"_links":{"self":[{"href":"https:\/\/csotrading.com\/tr\/wp-json\/wp\/v2\/product\/7429"}],"collection":[{"href":"https:\/\/csotrading.com\/tr\/wp-json\/wp\/v2\/product"}],"about":[{"href":"https:\/\/csotrading.com\/tr\/wp-json\/wp\/v2\/types\/product"}],"replies":[{"embeddable":true,"href":"https:\/\/csotrading.com\/tr\/wp-json\/wp\/v2\/comments?post=7429"}],"wp:featuredmedia":[{"embeddable":true,"href":"https:\/\/csotrading.com\/tr\/wp-json\/wp\/v2\/media\/7399"}],"wp:attachment":[{"href":"https:\/\/csotrading.com\/tr\/wp-json\/wp\/v2\/media?parent=7429"}],"wp:term":[{"taxonomy":"product_brand","embeddable":true,"href":"https:\/\/csotrading.com\/tr\/wp-json\/wp\/v2\/product_brand?post=7429"},{"taxonomy":"product_cat","embeddable":true,"href":"https:\/\/csotrading.com\/tr\/wp-json\/wp\/v2\/product_cat?post=7429"},{"taxonomy":"product_tag","embeddable":true,"href":"https:\/\/csotrading.com\/tr\/wp-json\/wp\/v2\/product_tag?post=7429"}],"curies":[{"name":"wp","href":"https:\/\/api.w.org\/{rel}","templated":true}]}}