{"id":7428,"date":"2021-06-20T23:26:55","date_gmt":"2021-06-20T20:26:55","guid":{"rendered":"https:\/\/csotrading.com\/?post_type=product&#038;p=7428"},"modified":"2021-06-20T23:26:56","modified_gmt":"2021-06-20T20:26:56","slug":"omron-nj501-1340","status":"publish","type":"product","link":"https:\/\/csotrading.com\/tr\/product\/omron-nj501-1340\/","title":{"rendered":"Omron NJ501-1340"},"content":{"rendered":"<h2><span>\u00d6ZELL\u0130KLER<\/span><\/h2>\n<h3><\/h3>\n<table class=\"one\">\n<tbody>\n<tr>\n<td><span>Denetleyici i\u015flevi<\/span><\/td>\n<td><span>Hareket kontrol\u00fc, SECS\/GEM, S\u0131ra kontrol\u00fc<\/span><\/td>\n<\/tr>\n<tr>\n<td><span>Maks.\u00a0senkron eksen say\u0131s\u0131<\/span><\/td>\n<td>16<\/td>\n<\/tr>\n<tr>\n<td><span>Maks.\u00a0eksen say\u0131s\u0131 (sanal dahil)<\/span><\/td>\n<td><span>16<\/span><\/td>\n<\/tr>\n<tr>\n<td><span>Maks.\u00a0robot say\u0131s\u0131<\/span><\/td>\n<td>0<\/td>\n<\/tr>\n<tr>\n<td><span>Birincil g\u00f6rev d\u00f6ng\u00fcs\u00fc s\u00fcresi<\/span><\/td>\n<td><span>0,5 ms<\/span><\/td>\n<\/tr>\n<tr>\n<td><span>Program haf\u0131zas\u0131<\/span><\/td>\n<td><span>20 MB<\/span><\/td>\n<\/tr>\n<tr>\n<td><span>De\u011fi\u015fken haf\u0131zas\u0131<\/span><\/td>\n<td><span>6 MB<\/span><\/td>\n<\/tr>\n<tr>\n<td><span>\u0130leti\u015fim port(lar)\u0131<\/span><\/td>\n<td><span>EtherCAT Master, EtherNet\/IP, USB<\/span><\/td>\n<\/tr>\n<tr>\n<td><span>\u0130leti\u015fim se\u00e7enekleri<\/span><\/td>\n<td><span>CAN, CompoNet Master, DeviceNet Master, DeviceNet Slave, EtherCAT Slave, MODBUS Master, MODBUS Slave, PROFIBUS DP Master, PROFIBUS DP Slave, PROFINET Master, Seri RS-232C, Seri RS-422, Seri RS-485<\/span><\/td>\n<\/tr>\n<tr>\n<td><span>Maks.\u00a0uzak G\/\u00c7 d\u00fc\u011f\u00fcmlerinin say\u0131s\u0131<\/span><\/td>\n<td>192<\/td>\n<\/tr>\n<tr>\n<td><span>G\/\u00c7 sistemi<\/span><\/td>\n<td><span>CJ G\/\u00c7 Veriyolu<\/span><\/td>\n<\/tr>\n<tr>\n<td><span>Maks.\u00a0geni\u015fletme birimi say\u0131s\u0131<\/span><\/td>\n<td>40<\/td>\n<\/tr>\n<tr>\n<td><span>Y\u00fckseklik<\/span><\/td>\n<td><span>90 mm<\/span><\/td>\n<\/tr>\n<tr>\n<td><span>Geni\u015flik<\/span><\/td>\n<td><span>90 mm<\/span><\/td>\n<\/tr>\n<tr>\n<td><span>derinlik<\/span><\/td>\n<td><span>90 mm<\/span><\/td>\n<\/tr>\n<tr>\n<td><span>A\u011f\u0131rl\u0131k<\/span><\/td>\n<td><span>550 gr<\/span><\/td>\n<\/tr>\n<\/tbody>\n<\/table>\n","protected":false},"excerpt":{"rendered":"<h2><span>SECS\/GEM ileti\u015fimli Sysmac NJ5 CPU,<\/span><\/h2>\n<h3><span>20 MB bellek, dahili EtherCAT (16 servo eksen, toplamda 192 EtherCAT d\u00fc\u011f\u00fcm\u00fc) ve EtherNet\/IP<\/span><\/h3>\n","protected":false},"featured_media":7406,"comment_status":"closed","ping_status":"closed","template":"","meta":[],"product_brand":[],"product_cat":[770,394],"product_tag":[],"class_list":{"0":"post-7428","1":"product","2":"type-product","3":"status-publish","4":"has-post-thumbnail","6":"product_cat-hmi-tr","7":"product_cat-omron-tr","9":"first","10":"instock","11":"shipping-taxable","12":"product-type-simple"},"yoast_head":"<!-- This site is optimized with the Yoast SEO plugin v24.3 - https:\/\/yoast.com\/wordpress\/plugins\/seo\/ -->\n<title>Omron NJ501-1340 - CSO TRADING<\/title>\n<meta name=\"robots\" content=\"index, follow, max-snippet:-1, max-image-preview:large, max-video-preview:-1\" \/>\n<link rel=\"canonical\" href=\"https:\/\/csotrading.com\/tr\/product\/omron-nj501-1340\/\" \/>\n<meta property=\"og:locale\" content=\"tr_TR\" \/>\n<meta property=\"og:type\" content=\"article\" \/>\n<meta property=\"og:title\" content=\"Omron NJ501-1340 - CSO TRADING\" \/>\n<meta property=\"og:description\" content=\"SECS\/GEM ileti\u015fimli Sysmac NJ5 CPU, 20 MB bellek, dahili EtherCAT (16 servo eksen, toplamda 192 EtherCAT d\u00fc\u011f\u00fcm\u00fc) ve EtherNet\/IP\" \/>\n<meta property=\"og:url\" content=\"https:\/\/csotrading.com\/tr\/product\/omron-nj501-1340\/\" \/>\n<meta property=\"og:site_name\" content=\"CSO TRADING\" \/>\n<meta property=\"article:modified_time\" content=\"2021-06-20T20:26:56+00:00\" \/>\n<meta property=\"og:image\" content=\"https:\/\/csotrading.com\/wp-content\/uploads\/2021\/06\/NJ501-1320.jpg\" \/>\n\t<meta property=\"og:image:width\" content=\"400\" \/>\n\t<meta property=\"og:image:height\" content=\"400\" \/>\n\t<meta property=\"og:image:type\" content=\"image\/jpeg\" \/>\n<meta name=\"twitter:card\" content=\"summary_large_image\" \/>\n<meta name=\"twitter:label1\" content=\"Tahmini okuma s\u00fcresi\" \/>\n\t<meta name=\"twitter:data1\" content=\"1 dakika\" \/>\n<script type=\"application\/ld+json\" class=\"yoast-schema-graph\">{\"@context\":\"https:\/\/schema.org\",\"@graph\":[{\"@type\":\"WebPage\",\"@id\":\"https:\/\/csotrading.com\/tr\/product\/omron-nj501-1340\/\",\"url\":\"https:\/\/csotrading.com\/tr\/product\/omron-nj501-1340\/\",\"name\":\"Omron NJ501-1340 - CSO TRADING\",\"isPartOf\":{\"@id\":\"https:\/\/csotrading.com\/#website\"},\"primaryImageOfPage\":{\"@id\":\"https:\/\/csotrading.com\/tr\/product\/omron-nj501-1340\/#primaryimage\"},\"image\":{\"@id\":\"https:\/\/csotrading.com\/tr\/product\/omron-nj501-1340\/#primaryimage\"},\"thumbnailUrl\":\"https:\/\/csotrading.com\/wp-content\/uploads\/2021\/06\/NJ501-1320.jpg\",\"datePublished\":\"2021-06-20T20:26:55+00:00\",\"dateModified\":\"2021-06-20T20:26:56+00:00\",\"breadcrumb\":{\"@id\":\"https:\/\/csotrading.com\/tr\/product\/omron-nj501-1340\/#breadcrumb\"},\"inLanguage\":\"tr\",\"potentialAction\":[{\"@type\":\"ReadAction\",\"target\":[\"https:\/\/csotrading.com\/tr\/product\/omron-nj501-1340\/\"]}]},{\"@type\":\"ImageObject\",\"inLanguage\":\"tr\",\"@id\":\"https:\/\/csotrading.com\/tr\/product\/omron-nj501-1340\/#primaryimage\",\"url\":\"https:\/\/csotrading.com\/wp-content\/uploads\/2021\/06\/NJ501-1320.jpg\",\"contentUrl\":\"https:\/\/csotrading.com\/wp-content\/uploads\/2021\/06\/NJ501-1320.jpg\",\"width\":400,\"height\":400},{\"@type\":\"BreadcrumbList\",\"@id\":\"https:\/\/csotrading.com\/tr\/product\/omron-nj501-1340\/#breadcrumb\",\"itemListElement\":[{\"@type\":\"ListItem\",\"position\":1,\"name\":\"Home\",\"item\":\"https:\/\/csotrading.com\/tr\/\"},{\"@type\":\"ListItem\",\"position\":2,\"name\":\"Ma\u011faza\",\"item\":\"https:\/\/csotrading.com\/magaza\/\"},{\"@type\":\"ListItem\",\"position\":3,\"name\":\"Omron NJ501-1340\"}]},{\"@type\":\"WebSite\",\"@id\":\"https:\/\/csotrading.com\/#website\",\"url\":\"https:\/\/csotrading.com\/\",\"name\":\"CSO TRADING\",\"description\":\"\",\"potentialAction\":[{\"@type\":\"SearchAction\",\"target\":{\"@type\":\"EntryPoint\",\"urlTemplate\":\"https:\/\/csotrading.com\/?s={search_term_string}\"},\"query-input\":{\"@type\":\"PropertyValueSpecification\",\"valueRequired\":true,\"valueName\":\"search_term_string\"}}],\"inLanguage\":\"tr\"}]}<\/script>\n<!-- \/ Yoast SEO plugin. -->","yoast_head_json":{"title":"Omron NJ501-1340 - CSO TRADING","robots":{"index":"index","follow":"follow","max-snippet":"max-snippet:-1","max-image-preview":"max-image-preview:large","max-video-preview":"max-video-preview:-1"},"canonical":"https:\/\/csotrading.com\/tr\/product\/omron-nj501-1340\/","og_locale":"tr_TR","og_type":"article","og_title":"Omron NJ501-1340 - CSO TRADING","og_description":"SECS\/GEM ileti\u015fimli Sysmac NJ5 CPU, 20 MB bellek, dahili EtherCAT (16 servo eksen, toplamda 192 EtherCAT d\u00fc\u011f\u00fcm\u00fc) ve EtherNet\/IP","og_url":"https:\/\/csotrading.com\/tr\/product\/omron-nj501-1340\/","og_site_name":"CSO TRADING","article_modified_time":"2021-06-20T20:26:56+00:00","og_image":[{"width":400,"height":400,"url":"https:\/\/csotrading.com\/wp-content\/uploads\/2021\/06\/NJ501-1320.jpg","type":"image\/jpeg"}],"twitter_card":"summary_large_image","twitter_misc":{"Tahmini okuma s\u00fcresi":"1 dakika"},"schema":{"@context":"https:\/\/schema.org","@graph":[{"@type":"WebPage","@id":"https:\/\/csotrading.com\/tr\/product\/omron-nj501-1340\/","url":"https:\/\/csotrading.com\/tr\/product\/omron-nj501-1340\/","name":"Omron NJ501-1340 - CSO TRADING","isPartOf":{"@id":"https:\/\/csotrading.com\/#website"},"primaryImageOfPage":{"@id":"https:\/\/csotrading.com\/tr\/product\/omron-nj501-1340\/#primaryimage"},"image":{"@id":"https:\/\/csotrading.com\/tr\/product\/omron-nj501-1340\/#primaryimage"},"thumbnailUrl":"https:\/\/csotrading.com\/wp-content\/uploads\/2021\/06\/NJ501-1320.jpg","datePublished":"2021-06-20T20:26:55+00:00","dateModified":"2021-06-20T20:26:56+00:00","breadcrumb":{"@id":"https:\/\/csotrading.com\/tr\/product\/omron-nj501-1340\/#breadcrumb"},"inLanguage":"tr","potentialAction":[{"@type":"ReadAction","target":["https:\/\/csotrading.com\/tr\/product\/omron-nj501-1340\/"]}]},{"@type":"ImageObject","inLanguage":"tr","@id":"https:\/\/csotrading.com\/tr\/product\/omron-nj501-1340\/#primaryimage","url":"https:\/\/csotrading.com\/wp-content\/uploads\/2021\/06\/NJ501-1320.jpg","contentUrl":"https:\/\/csotrading.com\/wp-content\/uploads\/2021\/06\/NJ501-1320.jpg","width":400,"height":400},{"@type":"BreadcrumbList","@id":"https:\/\/csotrading.com\/tr\/product\/omron-nj501-1340\/#breadcrumb","itemListElement":[{"@type":"ListItem","position":1,"name":"Home","item":"https:\/\/csotrading.com\/tr\/"},{"@type":"ListItem","position":2,"name":"Ma\u011faza","item":"https:\/\/csotrading.com\/magaza\/"},{"@type":"ListItem","position":3,"name":"Omron NJ501-1340"}]},{"@type":"WebSite","@id":"https:\/\/csotrading.com\/#website","url":"https:\/\/csotrading.com\/","name":"CSO TRADING","description":"","potentialAction":[{"@type":"SearchAction","target":{"@type":"EntryPoint","urlTemplate":"https:\/\/csotrading.com\/?s={search_term_string}"},"query-input":{"@type":"PropertyValueSpecification","valueRequired":true,"valueName":"search_term_string"}}],"inLanguage":"tr"}]}},"_links":{"self":[{"href":"https:\/\/csotrading.com\/tr\/wp-json\/wp\/v2\/product\/7428"}],"collection":[{"href":"https:\/\/csotrading.com\/tr\/wp-json\/wp\/v2\/product"}],"about":[{"href":"https:\/\/csotrading.com\/tr\/wp-json\/wp\/v2\/types\/product"}],"replies":[{"embeddable":true,"href":"https:\/\/csotrading.com\/tr\/wp-json\/wp\/v2\/comments?post=7428"}],"wp:featuredmedia":[{"embeddable":true,"href":"https:\/\/csotrading.com\/tr\/wp-json\/wp\/v2\/media\/7406"}],"wp:attachment":[{"href":"https:\/\/csotrading.com\/tr\/wp-json\/wp\/v2\/media?parent=7428"}],"wp:term":[{"taxonomy":"product_brand","embeddable":true,"href":"https:\/\/csotrading.com\/tr\/wp-json\/wp\/v2\/product_brand?post=7428"},{"taxonomy":"product_cat","embeddable":true,"href":"https:\/\/csotrading.com\/tr\/wp-json\/wp\/v2\/product_cat?post=7428"},{"taxonomy":"product_tag","embeddable":true,"href":"https:\/\/csotrading.com\/tr\/wp-json\/wp\/v2\/product_tag?post=7428"}],"curies":[{"name":"wp","href":"https:\/\/api.w.org\/{rel}","templated":true}]}}