{"id":7362,"date":"2021-06-20T18:22:47","date_gmt":"2021-06-20T15:22:47","guid":{"rendered":"https:\/\/csotrading.com\/?post_type=product&#038;p=7362"},"modified":"2021-06-20T18:22:47","modified_gmt":"2021-06-20T15:22:47","slug":"omron-cj2h-cpu64-eip","status":"publish","type":"product","link":"https:\/\/csotrading.com\/tr\/product\/omron-cj2h-cpu64-eip\/","title":{"rendered":"Omron CJ2H-CPU64-EIP"},"content":{"rendered":"<h2><span>\u00d6ZELL\u0130KLER<\/span><\/h2>\n<h3><\/h3>\n<table class=\"one\">\n<tbody>\n<tr>\n<td><span>Program kapasitesi<\/span><\/td>\n<td><span>50 bin ad\u0131m<\/span><\/td>\n<\/tr>\n<tr>\n<td><span>Veri haf\u0131za kapasitesi<\/span><\/td>\n<td><span>160 bin kelime<\/span><\/td>\n<\/tr>\n<tr>\n<td><span>Mant\u0131k y\u00fcr\u00fctme s\u00fcresi<\/span><\/td>\n<td><span>0,016 \u00b5s<\/span><\/td>\n<\/tr>\n<tr>\n<td><span>Maks.\u00a0geni\u015fletme birimi say\u0131s\u0131<\/span><\/td>\n<td>40<\/td>\n<\/tr>\n<tr>\n<td><span>Maks.\u00a0yerel G\/\u00c7 noktas\u0131 say\u0131s\u0131<\/span><\/td>\n<td>2560<\/td>\n<\/tr>\n<tr>\n<td><span>Yerle\u015fik dijital G\/\u00c7 say\u0131s\u0131<\/span><\/td>\n<td>0<\/td>\n<\/tr>\n<tr>\n<td><span>\u0130leti\u015fim port(lar)\u0131<\/span><\/td>\n<td><span>EtherNet\/IP, Ethernet TCP\/IP, Seri RS-232C, USB<\/span><\/td>\n<\/tr>\n<tr>\n<td><span>Y\u00fckseklik<\/span><\/td>\n<td><span>90 mm<\/span><\/td>\n<\/tr>\n<tr>\n<td><span>Geni\u015flik<\/span><\/td>\n<td><span>80 mm<\/span><\/td>\n<\/tr>\n<tr>\n<td><span>derinlik<\/span><\/td>\n<td><span>74,5 mm<\/span><\/td>\n<\/tr>\n<tr>\n<td><span>A\u011f\u0131rl\u0131k<\/span><\/td>\n<td><span>280 gr<\/span><\/td>\n<\/tr>\n<\/tbody>\n<\/table>\n","protected":false},"excerpt":{"rendered":"<h2><span>Dahili EtherNet\/IP ba\u011flant\u0131 noktas\u0131na sahip CPU,<\/span><\/h2>\n<h3><span>50K ad\u0131m program\u0131, 32K word veri belle\u011fi, 32K word x 4 bank EM, 2560 I\/O max, RS-232C seri port, USB programlama portu, 3 geni\u015fleme raf\u0131 max.<\/span><\/h3>\n","protected":false},"featured_media":7324,"comment_status":"closed","ping_status":"closed","template":"","meta":[],"product_brand":[],"product_cat":[769,394],"product_tag":[],"class_list":{"0":"post-7362","1":"product","2":"type-product","3":"status-publish","4":"has-post-thumbnail","6":"product_cat-plc-tr","7":"product_cat-omron-tr","9":"first","10":"instock","11":"shipping-taxable","12":"product-type-simple"},"yoast_head":"<!-- This site is optimized with the Yoast SEO plugin v24.3 - https:\/\/yoast.com\/wordpress\/plugins\/seo\/ -->\n<title>Omron CJ2H-CPU64-EIP - CSO TRADING<\/title>\n<meta name=\"robots\" content=\"index, follow, max-snippet:-1, max-image-preview:large, max-video-preview:-1\" \/>\n<link rel=\"canonical\" href=\"https:\/\/csotrading.com\/tr\/product\/omron-cj2h-cpu64-eip\/\" \/>\n<meta property=\"og:locale\" content=\"tr_TR\" \/>\n<meta property=\"og:type\" content=\"article\" \/>\n<meta property=\"og:title\" content=\"Omron CJ2H-CPU64-EIP - CSO TRADING\" \/>\n<meta property=\"og:description\" content=\"Dahili EtherNet\/IP ba\u011flant\u0131 noktas\u0131na sahip CPU, 50K ad\u0131m program\u0131, 32K word veri belle\u011fi, 32K word x 4 bank EM, 2560 I\/O max, RS-232C seri port, USB programlama portu, 3 geni\u015fleme raf\u0131 max.\" \/>\n<meta property=\"og:url\" content=\"https:\/\/csotrading.com\/tr\/product\/omron-cj2h-cpu64-eip\/\" \/>\n<meta property=\"og:site_name\" content=\"CSO TRADING\" \/>\n<meta property=\"og:image\" content=\"https:\/\/csotrading.com\/wp-content\/uploads\/2021\/06\/CJ2H-CPU68-EIP-1.jpg\" \/>\n\t<meta property=\"og:image:width\" content=\"400\" \/>\n\t<meta property=\"og:image:height\" content=\"400\" \/>\n\t<meta property=\"og:image:type\" content=\"image\/jpeg\" \/>\n<meta name=\"twitter:card\" content=\"summary_large_image\" \/>\n<meta name=\"twitter:label1\" content=\"Tahmini okuma s\u00fcresi\" \/>\n\t<meta name=\"twitter:data1\" content=\"1 dakika\" \/>\n<script type=\"application\/ld+json\" class=\"yoast-schema-graph\">{\"@context\":\"https:\/\/schema.org\",\"@graph\":[{\"@type\":\"WebPage\",\"@id\":\"https:\/\/csotrading.com\/tr\/product\/omron-cj2h-cpu64-eip\/\",\"url\":\"https:\/\/csotrading.com\/tr\/product\/omron-cj2h-cpu64-eip\/\",\"name\":\"Omron CJ2H-CPU64-EIP - CSO TRADING\",\"isPartOf\":{\"@id\":\"https:\/\/csotrading.com\/#website\"},\"primaryImageOfPage\":{\"@id\":\"https:\/\/csotrading.com\/tr\/product\/omron-cj2h-cpu64-eip\/#primaryimage\"},\"image\":{\"@id\":\"https:\/\/csotrading.com\/tr\/product\/omron-cj2h-cpu64-eip\/#primaryimage\"},\"thumbnailUrl\":\"https:\/\/csotrading.com\/wp-content\/uploads\/2021\/06\/CJ2H-CPU68-EIP-1.jpg\",\"datePublished\":\"2021-06-20T15:22:47+00:00\",\"dateModified\":\"2021-06-20T15:22:47+00:00\",\"breadcrumb\":{\"@id\":\"https:\/\/csotrading.com\/tr\/product\/omron-cj2h-cpu64-eip\/#breadcrumb\"},\"inLanguage\":\"tr\",\"potentialAction\":[{\"@type\":\"ReadAction\",\"target\":[\"https:\/\/csotrading.com\/tr\/product\/omron-cj2h-cpu64-eip\/\"]}]},{\"@type\":\"ImageObject\",\"inLanguage\":\"tr\",\"@id\":\"https:\/\/csotrading.com\/tr\/product\/omron-cj2h-cpu64-eip\/#primaryimage\",\"url\":\"https:\/\/csotrading.com\/wp-content\/uploads\/2021\/06\/CJ2H-CPU68-EIP-1.jpg\",\"contentUrl\":\"https:\/\/csotrading.com\/wp-content\/uploads\/2021\/06\/CJ2H-CPU68-EIP-1.jpg\",\"width\":400,\"height\":400},{\"@type\":\"BreadcrumbList\",\"@id\":\"https:\/\/csotrading.com\/tr\/product\/omron-cj2h-cpu64-eip\/#breadcrumb\",\"itemListElement\":[{\"@type\":\"ListItem\",\"position\":1,\"name\":\"Home\",\"item\":\"https:\/\/csotrading.com\/tr\/\"},{\"@type\":\"ListItem\",\"position\":2,\"name\":\"Ma\u011faza\",\"item\":\"https:\/\/csotrading.com\/magaza\/\"},{\"@type\":\"ListItem\",\"position\":3,\"name\":\"Omron CJ2H-CPU64-EIP\"}]},{\"@type\":\"WebSite\",\"@id\":\"https:\/\/csotrading.com\/#website\",\"url\":\"https:\/\/csotrading.com\/\",\"name\":\"CSO TRADING\",\"description\":\"\",\"potentialAction\":[{\"@type\":\"SearchAction\",\"target\":{\"@type\":\"EntryPoint\",\"urlTemplate\":\"https:\/\/csotrading.com\/?s={search_term_string}\"},\"query-input\":{\"@type\":\"PropertyValueSpecification\",\"valueRequired\":true,\"valueName\":\"search_term_string\"}}],\"inLanguage\":\"tr\"}]}<\/script>\n<!-- \/ Yoast SEO plugin. -->","yoast_head_json":{"title":"Omron CJ2H-CPU64-EIP - CSO TRADING","robots":{"index":"index","follow":"follow","max-snippet":"max-snippet:-1","max-image-preview":"max-image-preview:large","max-video-preview":"max-video-preview:-1"},"canonical":"https:\/\/csotrading.com\/tr\/product\/omron-cj2h-cpu64-eip\/","og_locale":"tr_TR","og_type":"article","og_title":"Omron CJ2H-CPU64-EIP - CSO TRADING","og_description":"Dahili EtherNet\/IP ba\u011flant\u0131 noktas\u0131na sahip CPU, 50K ad\u0131m program\u0131, 32K word veri belle\u011fi, 32K word x 4 bank EM, 2560 I\/O max, RS-232C seri port, USB programlama portu, 3 geni\u015fleme raf\u0131 max.","og_url":"https:\/\/csotrading.com\/tr\/product\/omron-cj2h-cpu64-eip\/","og_site_name":"CSO TRADING","og_image":[{"width":400,"height":400,"url":"https:\/\/csotrading.com\/wp-content\/uploads\/2021\/06\/CJ2H-CPU68-EIP-1.jpg","type":"image\/jpeg"}],"twitter_card":"summary_large_image","twitter_misc":{"Tahmini okuma s\u00fcresi":"1 dakika"},"schema":{"@context":"https:\/\/schema.org","@graph":[{"@type":"WebPage","@id":"https:\/\/csotrading.com\/tr\/product\/omron-cj2h-cpu64-eip\/","url":"https:\/\/csotrading.com\/tr\/product\/omron-cj2h-cpu64-eip\/","name":"Omron CJ2H-CPU64-EIP - CSO TRADING","isPartOf":{"@id":"https:\/\/csotrading.com\/#website"},"primaryImageOfPage":{"@id":"https:\/\/csotrading.com\/tr\/product\/omron-cj2h-cpu64-eip\/#primaryimage"},"image":{"@id":"https:\/\/csotrading.com\/tr\/product\/omron-cj2h-cpu64-eip\/#primaryimage"},"thumbnailUrl":"https:\/\/csotrading.com\/wp-content\/uploads\/2021\/06\/CJ2H-CPU68-EIP-1.jpg","datePublished":"2021-06-20T15:22:47+00:00","dateModified":"2021-06-20T15:22:47+00:00","breadcrumb":{"@id":"https:\/\/csotrading.com\/tr\/product\/omron-cj2h-cpu64-eip\/#breadcrumb"},"inLanguage":"tr","potentialAction":[{"@type":"ReadAction","target":["https:\/\/csotrading.com\/tr\/product\/omron-cj2h-cpu64-eip\/"]}]},{"@type":"ImageObject","inLanguage":"tr","@id":"https:\/\/csotrading.com\/tr\/product\/omron-cj2h-cpu64-eip\/#primaryimage","url":"https:\/\/csotrading.com\/wp-content\/uploads\/2021\/06\/CJ2H-CPU68-EIP-1.jpg","contentUrl":"https:\/\/csotrading.com\/wp-content\/uploads\/2021\/06\/CJ2H-CPU68-EIP-1.jpg","width":400,"height":400},{"@type":"BreadcrumbList","@id":"https:\/\/csotrading.com\/tr\/product\/omron-cj2h-cpu64-eip\/#breadcrumb","itemListElement":[{"@type":"ListItem","position":1,"name":"Home","item":"https:\/\/csotrading.com\/tr\/"},{"@type":"ListItem","position":2,"name":"Ma\u011faza","item":"https:\/\/csotrading.com\/magaza\/"},{"@type":"ListItem","position":3,"name":"Omron CJ2H-CPU64-EIP"}]},{"@type":"WebSite","@id":"https:\/\/csotrading.com\/#website","url":"https:\/\/csotrading.com\/","name":"CSO TRADING","description":"","potentialAction":[{"@type":"SearchAction","target":{"@type":"EntryPoint","urlTemplate":"https:\/\/csotrading.com\/?s={search_term_string}"},"query-input":{"@type":"PropertyValueSpecification","valueRequired":true,"valueName":"search_term_string"}}],"inLanguage":"tr"}]}},"_links":{"self":[{"href":"https:\/\/csotrading.com\/tr\/wp-json\/wp\/v2\/product\/7362"}],"collection":[{"href":"https:\/\/csotrading.com\/tr\/wp-json\/wp\/v2\/product"}],"about":[{"href":"https:\/\/csotrading.com\/tr\/wp-json\/wp\/v2\/types\/product"}],"replies":[{"embeddable":true,"href":"https:\/\/csotrading.com\/tr\/wp-json\/wp\/v2\/comments?post=7362"}],"wp:featuredmedia":[{"embeddable":true,"href":"https:\/\/csotrading.com\/tr\/wp-json\/wp\/v2\/media\/7324"}],"wp:attachment":[{"href":"https:\/\/csotrading.com\/tr\/wp-json\/wp\/v2\/media?parent=7362"}],"wp:term":[{"taxonomy":"product_brand","embeddable":true,"href":"https:\/\/csotrading.com\/tr\/wp-json\/wp\/v2\/product_brand?post=7362"},{"taxonomy":"product_cat","embeddable":true,"href":"https:\/\/csotrading.com\/tr\/wp-json\/wp\/v2\/product_cat?post=7362"},{"taxonomy":"product_tag","embeddable":true,"href":"https:\/\/csotrading.com\/tr\/wp-json\/wp\/v2\/product_tag?post=7362"}],"curies":[{"name":"wp","href":"https:\/\/api.w.org\/{rel}","templated":true}]}}