{"id":7357,"date":"2021-06-20T18:18:20","date_gmt":"2021-06-20T15:18:20","guid":{"rendered":"https:\/\/csotrading.com\/?post_type=product&#038;p=7357"},"modified":"2021-06-20T18:18:20","modified_gmt":"2021-06-20T15:18:20","slug":"omron-cp1l-m30dr-a","status":"publish","type":"product","link":"https:\/\/csotrading.com\/tr\/product\/omron-cp1l-m30dr-a\/","title":{"rendered":"Omron CP1L-M30DR-A"},"content":{"rendered":"<h2><span>\u00d6ZELL\u0130KLER<\/span><\/h2>\n<h3><\/h3>\n<table class=\"one\">\n<tbody>\n<tr>\n<td><span>Besleme gerilimi t\u00fcr\u00fc<\/span><\/td>\n<td><span>AC<\/span><\/td>\n<\/tr>\n<tr>\n<td><span>Dijital giri\u015f say\u0131s\u0131<\/span><\/td>\n<td>18<\/td>\n<\/tr>\n<tr>\n<td><span>Giri\u015f tipi<\/span><\/td>\n<td><span>PNP\/NPN<\/span><\/td>\n<\/tr>\n<tr>\n<td><span>Dijital \u00e7\u0131k\u0131\u015f say\u0131s\u0131<\/span><\/td>\n<td>12<\/td>\n<\/tr>\n<tr>\n<td><span>\u00c7\u0131k\u0131\u015f tipi<\/span><\/td>\n<td><span>R\u00f6le<\/span><\/td>\n<\/tr>\n<tr>\n<td><span>Program kapasitesi<\/span><\/td>\n<td><span>10 bin ad\u0131m<\/span><\/td>\n<\/tr>\n<tr>\n<td><span>Veri haf\u0131za kapasitesi<\/span><\/td>\n<td><span>32 bin kelime<\/span><\/td>\n<\/tr>\n<tr>\n<td><span>Mant\u0131k y\u00fcr\u00fctme s\u00fcresi<\/span><\/td>\n<td><span>0,55 \u00b5s<\/span><\/td>\n<\/tr>\n<tr>\n<td><span>\u0130leti\u015fim port(lar)\u0131<\/span><\/td>\n<td><span>USB ba\u011flant\u0131<\/span><\/td>\n<\/tr>\n<tr>\n<td><span>Ethernet ba\u011flant\u0131 noktas\u0131 say\u0131s\u0131<\/span><\/td>\n<td>0<\/td>\n<\/tr>\n<tr>\n<td><span>USB ba\u011flant\u0131 noktas\u0131 say\u0131s\u0131<\/span><\/td>\n<td>1<\/td>\n<\/tr>\n<tr>\n<td><span>RS-232 port say\u0131s\u0131<\/span><\/td>\n<td><span>0<\/span><\/td>\n<\/tr>\n<tr>\n<td><span>RS-485 ba\u011flant\u0131 noktas\u0131 say\u0131s\u0131<\/span><\/td>\n<td><span>0<\/span><\/td>\n<\/tr>\n<tr>\n<td><span>\u0130leti\u015fim se\u00e7enekleri<\/span><\/td>\n<td><span>CompoBus\/S Slave, Seri RS-232C, Seri RS-422, Seri RS-485<\/span><\/td>\n<\/tr>\n<tr>\n<td><span>Enkoder giri\u015f kanal\u0131 say\u0131s\u0131<\/span><\/td>\n<td>4<\/td>\n<\/tr>\n<tr>\n<td><span>Maks.\u00a0enkoder giri\u015f frekans\u0131<\/span><\/td>\n<td><span>100 kHz<\/span><\/td>\n<\/tr>\n<tr>\n<td><span>Maks.\u00a0PTP eksen say\u0131s\u0131<\/span><\/td>\n<td><span>0<\/span><\/td>\n<\/tr>\n<tr>\n<td><span>Maks.\u00a0darbe \u00e7\u0131k\u0131\u015f frekans\u0131<\/span><\/td>\n<td><span>0 kHz<\/span><\/td>\n<\/tr>\n<tr>\n<td><span>Fonksiyon Blo\u011fu programlama<\/span><\/td>\n<td>+<\/td>\n<\/tr>\n<tr>\n<td><span>Pilsiz bellek yedekleme<\/span><\/td>\n<td>\u2013<\/td>\n<\/tr>\n<tr>\n<td><span>Ger\u00e7ek zamanl\u0131 saat<\/span><\/td>\n<td><span>+<\/span><\/td>\n<\/tr>\n<tr>\n<td><span>Analog se\u00e7enek kartlar\u0131<\/span><\/td>\n<td><span>\u2013<\/span><\/td>\n<\/tr>\n<tr>\n<td><span>Maks.\u00a0analog G\/\u00c7 kanal say\u0131s\u0131<\/span><\/td>\n<td>25<\/td>\n<\/tr>\n<tr>\n<td><span>Maks.\u00a0yerel G\/\u00c7 noktas\u0131 say\u0131s\u0131<\/span><\/td>\n<td>150<\/td>\n<\/tr>\n<tr>\n<td><span>Maks.\u00a0geni\u015fletme birimi say\u0131s\u0131<\/span><\/td>\n<td>3<\/td>\n<\/tr>\n<tr>\n<td><span>Dahili yard\u0131mc\u0131 24 VDC \u00e7\u0131k\u0131\u015f<\/span><\/td>\n<td><span>300 mA<\/span><\/td>\n<\/tr>\n<tr>\n<td><span>\u00c7al\u0131\u015fma s\u0131cakl\u0131\u011f\u0131 aral\u0131\u011f\u0131<\/span><\/td>\n<td><span>0-55 \u00b0C<\/span><\/td>\n<\/tr>\n<tr>\n<td><span>Y\u00fckseklik<\/span><\/td>\n<td><span>90 mm<\/span><\/td>\n<\/tr>\n<tr>\n<td><span>Geni\u015flik<\/span><\/td>\n<td><span>130 mm<\/span><\/td>\n<\/tr>\n<tr>\n<td><span>derinlik<\/span><\/td>\n<td><span>85 mm<\/span><\/td>\n<\/tr>\n<tr>\n<td><span>A\u011f\u0131rl\u0131k<\/span><\/td>\n<td><span>610 gr<\/span><\/td>\n<\/tr>\n<\/tbody>\n<\/table>\n","protected":false},"excerpt":{"rendered":"<h2><span><span class=\"\">PLC, 100-240 VAC besleme,<\/span><\/span><\/h2>\n<h3><span>18 x 24 VDC giri\u015f, 12 x r\u00f6le \u00e7\u0131k\u0131\u015f\u0131 2 A, 10K ad\u0131m program + 32K word veri haf\u0131zas\u0131<\/span><\/h3>\n","protected":false},"featured_media":7339,"comment_status":"closed","ping_status":"closed","template":"","meta":[],"product_brand":[],"product_cat":[769,394],"product_tag":[],"class_list":{"0":"post-7357","1":"product","2":"type-product","3":"status-publish","4":"has-post-thumbnail","6":"product_cat-plc-tr","7":"product_cat-omron-tr","9":"first","10":"instock","11":"shipping-taxable","12":"product-type-simple"},"yoast_head":"<!-- This site is optimized with the Yoast SEO plugin v24.3 - https:\/\/yoast.com\/wordpress\/plugins\/seo\/ -->\n<title>Omron CP1L-M30DR-A - CSO TRADING<\/title>\n<meta name=\"robots\" content=\"index, follow, max-snippet:-1, max-image-preview:large, max-video-preview:-1\" \/>\n<link rel=\"canonical\" href=\"https:\/\/csotrading.com\/tr\/product\/omron-cp1l-m30dr-a\/\" \/>\n<meta property=\"og:locale\" content=\"tr_TR\" \/>\n<meta property=\"og:type\" content=\"article\" \/>\n<meta property=\"og:title\" content=\"Omron CP1L-M30DR-A - CSO TRADING\" \/>\n<meta property=\"og:description\" content=\"PLC, 100-240 VAC besleme, 18 x 24 VDC giri\u015f, 12 x r\u00f6le \u00e7\u0131k\u0131\u015f\u0131 2 A, 10K ad\u0131m program + 32K word veri haf\u0131zas\u0131\" \/>\n<meta property=\"og:url\" content=\"https:\/\/csotrading.com\/tr\/product\/omron-cp1l-m30dr-a\/\" \/>\n<meta property=\"og:site_name\" content=\"CSO TRADING\" \/>\n<meta property=\"og:image\" content=\"https:\/\/csotrading.com\/wp-content\/uploads\/2021\/06\/CP1L-M30.jpg\" \/>\n\t<meta property=\"og:image:width\" content=\"400\" \/>\n\t<meta property=\"og:image:height\" content=\"400\" \/>\n\t<meta property=\"og:image:type\" content=\"image\/jpeg\" \/>\n<meta name=\"twitter:card\" content=\"summary_large_image\" \/>\n<meta name=\"twitter:label1\" content=\"Tahmini okuma s\u00fcresi\" \/>\n\t<meta name=\"twitter:data1\" content=\"1 dakika\" \/>\n<script type=\"application\/ld+json\" class=\"yoast-schema-graph\">{\"@context\":\"https:\/\/schema.org\",\"@graph\":[{\"@type\":\"WebPage\",\"@id\":\"https:\/\/csotrading.com\/tr\/product\/omron-cp1l-m30dr-a\/\",\"url\":\"https:\/\/csotrading.com\/tr\/product\/omron-cp1l-m30dr-a\/\",\"name\":\"Omron CP1L-M30DR-A - CSO TRADING\",\"isPartOf\":{\"@id\":\"https:\/\/csotrading.com\/#website\"},\"primaryImageOfPage\":{\"@id\":\"https:\/\/csotrading.com\/tr\/product\/omron-cp1l-m30dr-a\/#primaryimage\"},\"image\":{\"@id\":\"https:\/\/csotrading.com\/tr\/product\/omron-cp1l-m30dr-a\/#primaryimage\"},\"thumbnailUrl\":\"https:\/\/csotrading.com\/wp-content\/uploads\/2021\/06\/CP1L-M30.jpg\",\"datePublished\":\"2021-06-20T15:18:20+00:00\",\"dateModified\":\"2021-06-20T15:18:20+00:00\",\"breadcrumb\":{\"@id\":\"https:\/\/csotrading.com\/tr\/product\/omron-cp1l-m30dr-a\/#breadcrumb\"},\"inLanguage\":\"tr\",\"potentialAction\":[{\"@type\":\"ReadAction\",\"target\":[\"https:\/\/csotrading.com\/tr\/product\/omron-cp1l-m30dr-a\/\"]}]},{\"@type\":\"ImageObject\",\"inLanguage\":\"tr\",\"@id\":\"https:\/\/csotrading.com\/tr\/product\/omron-cp1l-m30dr-a\/#primaryimage\",\"url\":\"https:\/\/csotrading.com\/wp-content\/uploads\/2021\/06\/CP1L-M30.jpg\",\"contentUrl\":\"https:\/\/csotrading.com\/wp-content\/uploads\/2021\/06\/CP1L-M30.jpg\",\"width\":400,\"height\":400},{\"@type\":\"BreadcrumbList\",\"@id\":\"https:\/\/csotrading.com\/tr\/product\/omron-cp1l-m30dr-a\/#breadcrumb\",\"itemListElement\":[{\"@type\":\"ListItem\",\"position\":1,\"name\":\"Home\",\"item\":\"https:\/\/csotrading.com\/tr\/\"},{\"@type\":\"ListItem\",\"position\":2,\"name\":\"Ma\u011faza\",\"item\":\"https:\/\/csotrading.com\/magaza\/\"},{\"@type\":\"ListItem\",\"position\":3,\"name\":\"Omron CP1L-M30DR-A\"}]},{\"@type\":\"WebSite\",\"@id\":\"https:\/\/csotrading.com\/#website\",\"url\":\"https:\/\/csotrading.com\/\",\"name\":\"CSO TRADING\",\"description\":\"\",\"potentialAction\":[{\"@type\":\"SearchAction\",\"target\":{\"@type\":\"EntryPoint\",\"urlTemplate\":\"https:\/\/csotrading.com\/?s={search_term_string}\"},\"query-input\":{\"@type\":\"PropertyValueSpecification\",\"valueRequired\":true,\"valueName\":\"search_term_string\"}}],\"inLanguage\":\"tr\"}]}<\/script>\n<!-- \/ Yoast SEO plugin. -->","yoast_head_json":{"title":"Omron CP1L-M30DR-A - CSO TRADING","robots":{"index":"index","follow":"follow","max-snippet":"max-snippet:-1","max-image-preview":"max-image-preview:large","max-video-preview":"max-video-preview:-1"},"canonical":"https:\/\/csotrading.com\/tr\/product\/omron-cp1l-m30dr-a\/","og_locale":"tr_TR","og_type":"article","og_title":"Omron CP1L-M30DR-A - CSO TRADING","og_description":"PLC, 100-240 VAC besleme, 18 x 24 VDC giri\u015f, 12 x r\u00f6le \u00e7\u0131k\u0131\u015f\u0131 2 A, 10K ad\u0131m program + 32K word veri haf\u0131zas\u0131","og_url":"https:\/\/csotrading.com\/tr\/product\/omron-cp1l-m30dr-a\/","og_site_name":"CSO TRADING","og_image":[{"width":400,"height":400,"url":"https:\/\/csotrading.com\/wp-content\/uploads\/2021\/06\/CP1L-M30.jpg","type":"image\/jpeg"}],"twitter_card":"summary_large_image","twitter_misc":{"Tahmini okuma s\u00fcresi":"1 dakika"},"schema":{"@context":"https:\/\/schema.org","@graph":[{"@type":"WebPage","@id":"https:\/\/csotrading.com\/tr\/product\/omron-cp1l-m30dr-a\/","url":"https:\/\/csotrading.com\/tr\/product\/omron-cp1l-m30dr-a\/","name":"Omron CP1L-M30DR-A - CSO TRADING","isPartOf":{"@id":"https:\/\/csotrading.com\/#website"},"primaryImageOfPage":{"@id":"https:\/\/csotrading.com\/tr\/product\/omron-cp1l-m30dr-a\/#primaryimage"},"image":{"@id":"https:\/\/csotrading.com\/tr\/product\/omron-cp1l-m30dr-a\/#primaryimage"},"thumbnailUrl":"https:\/\/csotrading.com\/wp-content\/uploads\/2021\/06\/CP1L-M30.jpg","datePublished":"2021-06-20T15:18:20+00:00","dateModified":"2021-06-20T15:18:20+00:00","breadcrumb":{"@id":"https:\/\/csotrading.com\/tr\/product\/omron-cp1l-m30dr-a\/#breadcrumb"},"inLanguage":"tr","potentialAction":[{"@type":"ReadAction","target":["https:\/\/csotrading.com\/tr\/product\/omron-cp1l-m30dr-a\/"]}]},{"@type":"ImageObject","inLanguage":"tr","@id":"https:\/\/csotrading.com\/tr\/product\/omron-cp1l-m30dr-a\/#primaryimage","url":"https:\/\/csotrading.com\/wp-content\/uploads\/2021\/06\/CP1L-M30.jpg","contentUrl":"https:\/\/csotrading.com\/wp-content\/uploads\/2021\/06\/CP1L-M30.jpg","width":400,"height":400},{"@type":"BreadcrumbList","@id":"https:\/\/csotrading.com\/tr\/product\/omron-cp1l-m30dr-a\/#breadcrumb","itemListElement":[{"@type":"ListItem","position":1,"name":"Home","item":"https:\/\/csotrading.com\/tr\/"},{"@type":"ListItem","position":2,"name":"Ma\u011faza","item":"https:\/\/csotrading.com\/magaza\/"},{"@type":"ListItem","position":3,"name":"Omron CP1L-M30DR-A"}]},{"@type":"WebSite","@id":"https:\/\/csotrading.com\/#website","url":"https:\/\/csotrading.com\/","name":"CSO TRADING","description":"","potentialAction":[{"@type":"SearchAction","target":{"@type":"EntryPoint","urlTemplate":"https:\/\/csotrading.com\/?s={search_term_string}"},"query-input":{"@type":"PropertyValueSpecification","valueRequired":true,"valueName":"search_term_string"}}],"inLanguage":"tr"}]}},"_links":{"self":[{"href":"https:\/\/csotrading.com\/tr\/wp-json\/wp\/v2\/product\/7357"}],"collection":[{"href":"https:\/\/csotrading.com\/tr\/wp-json\/wp\/v2\/product"}],"about":[{"href":"https:\/\/csotrading.com\/tr\/wp-json\/wp\/v2\/types\/product"}],"replies":[{"embeddable":true,"href":"https:\/\/csotrading.com\/tr\/wp-json\/wp\/v2\/comments?post=7357"}],"wp:featuredmedia":[{"embeddable":true,"href":"https:\/\/csotrading.com\/tr\/wp-json\/wp\/v2\/media\/7339"}],"wp:attachment":[{"href":"https:\/\/csotrading.com\/tr\/wp-json\/wp\/v2\/media?parent=7357"}],"wp:term":[{"taxonomy":"product_brand","embeddable":true,"href":"https:\/\/csotrading.com\/tr\/wp-json\/wp\/v2\/product_brand?post=7357"},{"taxonomy":"product_cat","embeddable":true,"href":"https:\/\/csotrading.com\/tr\/wp-json\/wp\/v2\/product_cat?post=7357"},{"taxonomy":"product_tag","embeddable":true,"href":"https:\/\/csotrading.com\/tr\/wp-json\/wp\/v2\/product_tag?post=7357"}],"curies":[{"name":"wp","href":"https:\/\/api.w.org\/{rel}","templated":true}]}}