{"id":7352,"date":"2021-06-20T18:13:49","date_gmt":"2021-06-20T15:13:49","guid":{"rendered":"https:\/\/csotrading.com\/?post_type=product&#038;p=7352"},"modified":"2021-06-20T18:13:50","modified_gmt":"2021-06-20T15:13:50","slug":"omron-cs1d","status":"publish","type":"product","link":"https:\/\/csotrading.com\/tr\/product\/omron-cs1d\/","title":{"rendered":"Omron CS1D"},"content":{"rendered":"<p class=\"subtitle\"><span><span class=\"\">CS1D, minimum aksama s\u00fcresi olmadan 24 saat \u00e7al\u0131\u015fmay\u0131 sa\u011flamak i\u00e7in kan\u0131tlanm\u0131\u015f CS1 mimarisine bir dizi \u00e7ift yedeklilik se\u00e7ene\u011fi ekler.\u00a0<\/span>D\u00f6ng\u00fc kontrol fonksiyonlar\u0131 olan veya olmayan dubleks CPU&#8217;lar, kullan\u0131c\u0131 taraf\u0131ndan yaz\u0131lacak \u00f6zel programlara gerek kalmadan s\u00fcrekli olarak hatalar i\u00e7in \u00e7apraz kontrol edilir.\u00a0Sistem kullan\u0131labilirli\u011fini art\u0131rman\u0131n daha da basit bir yolu, ikili g\u00fc\u00e7 kayna\u011f\u0131 birimleri kullanmakt\u0131r.\u00a0CPU&#8217;lar\u0131n, g\u00fc\u00e7 kaynaklar\u0131n\u0131n ve G\/\u00c7 birimlerinin \u00e7al\u0131\u015f\u0131rken de\u011fi\u015ftirilmesi, \u00e7ok az veya hi\u00e7 i\u015flem kesintisi olmadan sistem bak\u0131m\u0131na izin verir.<\/span><\/p>\n<ul>\n<li><span>Gereken art\u0131kl\u0131k d\u00fczeyini se\u00e7in;\u00a0CPU, g\u00fc\u00e7 kayna\u011f\u0131, ileti\u015fim<\/span><\/li>\n<li><span>\u00d6zel programlama veya yaz\u0131l\u0131m ara\u00e7lar\u0131 gerekmez<\/span><\/li>\n<li><span>G\/\u00c7 birimlerinin \u00e7al\u0131\u015f\u0131rken de\u011fi\u015ftirilmesi<\/span><\/li>\n<li><span>T\u00fcm standart CS1 I\/O \u00fcniteleri monte edilebilir<\/span><\/li>\n<li><span>G\u00fc\u00e7 jenerat\u00f6rlerinin kontrol\u00fc, su temini hizmetleri, 7\/24 \u00fcretim i\u00e7in idealdir.<\/span><\/li>\n<\/ul>\n","protected":false},"excerpt":{"rendered":"<h2><span><span class=\"\">\u00c7ift yedekli PLC<\/span><\/span><\/h2>\n<h2><span>asla ba\u015far\u0131s\u0131z olmayan kontrol sistemi<\/span><\/h2>\n","protected":false},"featured_media":7351,"comment_status":"closed","ping_status":"closed","template":"","meta":[],"product_brand":[],"product_cat":[769,394],"product_tag":[],"class_list":{"0":"post-7352","1":"product","2":"type-product","3":"status-publish","4":"has-post-thumbnail","6":"product_cat-plc-tr","7":"product_cat-omron-tr","9":"first","10":"instock","11":"shipping-taxable","12":"product-type-simple"},"yoast_head":"<!-- This site is optimized with the Yoast SEO plugin v24.3 - https:\/\/yoast.com\/wordpress\/plugins\/seo\/ -->\n<title>Omron CS1D - CSO TRADING<\/title>\n<meta name=\"robots\" content=\"index, follow, max-snippet:-1, max-image-preview:large, max-video-preview:-1\" \/>\n<link rel=\"canonical\" href=\"https:\/\/csotrading.com\/tr\/product\/omron-cs1d\/\" \/>\n<meta property=\"og:locale\" content=\"tr_TR\" \/>\n<meta property=\"og:type\" content=\"article\" \/>\n<meta property=\"og:title\" content=\"Omron CS1D - CSO TRADING\" \/>\n<meta property=\"og:description\" content=\"\u00c7ift yedekli PLC asla ba\u015far\u0131s\u0131z olmayan kontrol sistemi\" \/>\n<meta property=\"og:url\" content=\"https:\/\/csotrading.com\/tr\/product\/omron-cs1d\/\" \/>\n<meta property=\"og:site_name\" content=\"CSO TRADING\" \/>\n<meta property=\"article:modified_time\" content=\"2021-06-20T15:13:50+00:00\" \/>\n<meta property=\"og:image\" content=\"https:\/\/csotrading.com\/wp-content\/uploads\/2021\/06\/cs1d_prod.png\" \/>\n\t<meta property=\"og:image:width\" content=\"180\" \/>\n\t<meta property=\"og:image:height\" content=\"78\" \/>\n\t<meta property=\"og:image:type\" content=\"image\/png\" \/>\n<meta name=\"twitter:card\" content=\"summary_large_image\" \/>\n<meta name=\"twitter:label1\" content=\"Tahmini okuma s\u00fcresi\" \/>\n\t<meta name=\"twitter:data1\" content=\"1 dakika\" \/>\n<script type=\"application\/ld+json\" class=\"yoast-schema-graph\">{\"@context\":\"https:\/\/schema.org\",\"@graph\":[{\"@type\":\"WebPage\",\"@id\":\"https:\/\/csotrading.com\/tr\/product\/omron-cs1d\/\",\"url\":\"https:\/\/csotrading.com\/tr\/product\/omron-cs1d\/\",\"name\":\"Omron CS1D - CSO TRADING\",\"isPartOf\":{\"@id\":\"https:\/\/csotrading.com\/#website\"},\"primaryImageOfPage\":{\"@id\":\"https:\/\/csotrading.com\/tr\/product\/omron-cs1d\/#primaryimage\"},\"image\":{\"@id\":\"https:\/\/csotrading.com\/tr\/product\/omron-cs1d\/#primaryimage\"},\"thumbnailUrl\":\"https:\/\/csotrading.com\/wp-content\/uploads\/2021\/06\/cs1d_prod.png\",\"datePublished\":\"2021-06-20T15:13:49+00:00\",\"dateModified\":\"2021-06-20T15:13:50+00:00\",\"breadcrumb\":{\"@id\":\"https:\/\/csotrading.com\/tr\/product\/omron-cs1d\/#breadcrumb\"},\"inLanguage\":\"tr\",\"potentialAction\":[{\"@type\":\"ReadAction\",\"target\":[\"https:\/\/csotrading.com\/tr\/product\/omron-cs1d\/\"]}]},{\"@type\":\"ImageObject\",\"inLanguage\":\"tr\",\"@id\":\"https:\/\/csotrading.com\/tr\/product\/omron-cs1d\/#primaryimage\",\"url\":\"https:\/\/csotrading.com\/wp-content\/uploads\/2021\/06\/cs1d_prod.png\",\"contentUrl\":\"https:\/\/csotrading.com\/wp-content\/uploads\/2021\/06\/cs1d_prod.png\",\"width\":180,\"height\":78},{\"@type\":\"BreadcrumbList\",\"@id\":\"https:\/\/csotrading.com\/tr\/product\/omron-cs1d\/#breadcrumb\",\"itemListElement\":[{\"@type\":\"ListItem\",\"position\":1,\"name\":\"Home\",\"item\":\"https:\/\/csotrading.com\/tr\/\"},{\"@type\":\"ListItem\",\"position\":2,\"name\":\"Ma\u011faza\",\"item\":\"https:\/\/csotrading.com\/magaza\/\"},{\"@type\":\"ListItem\",\"position\":3,\"name\":\"Omron CS1D\"}]},{\"@type\":\"WebSite\",\"@id\":\"https:\/\/csotrading.com\/#website\",\"url\":\"https:\/\/csotrading.com\/\",\"name\":\"CSO TRADING\",\"description\":\"\",\"potentialAction\":[{\"@type\":\"SearchAction\",\"target\":{\"@type\":\"EntryPoint\",\"urlTemplate\":\"https:\/\/csotrading.com\/?s={search_term_string}\"},\"query-input\":{\"@type\":\"PropertyValueSpecification\",\"valueRequired\":true,\"valueName\":\"search_term_string\"}}],\"inLanguage\":\"tr\"}]}<\/script>\n<!-- \/ Yoast SEO plugin. -->","yoast_head_json":{"title":"Omron CS1D - CSO TRADING","robots":{"index":"index","follow":"follow","max-snippet":"max-snippet:-1","max-image-preview":"max-image-preview:large","max-video-preview":"max-video-preview:-1"},"canonical":"https:\/\/csotrading.com\/tr\/product\/omron-cs1d\/","og_locale":"tr_TR","og_type":"article","og_title":"Omron CS1D - CSO TRADING","og_description":"\u00c7ift yedekli PLC asla ba\u015far\u0131s\u0131z olmayan kontrol sistemi","og_url":"https:\/\/csotrading.com\/tr\/product\/omron-cs1d\/","og_site_name":"CSO TRADING","article_modified_time":"2021-06-20T15:13:50+00:00","og_image":[{"width":180,"height":78,"url":"https:\/\/csotrading.com\/wp-content\/uploads\/2021\/06\/cs1d_prod.png","type":"image\/png"}],"twitter_card":"summary_large_image","twitter_misc":{"Tahmini okuma s\u00fcresi":"1 dakika"},"schema":{"@context":"https:\/\/schema.org","@graph":[{"@type":"WebPage","@id":"https:\/\/csotrading.com\/tr\/product\/omron-cs1d\/","url":"https:\/\/csotrading.com\/tr\/product\/omron-cs1d\/","name":"Omron CS1D - CSO TRADING","isPartOf":{"@id":"https:\/\/csotrading.com\/#website"},"primaryImageOfPage":{"@id":"https:\/\/csotrading.com\/tr\/product\/omron-cs1d\/#primaryimage"},"image":{"@id":"https:\/\/csotrading.com\/tr\/product\/omron-cs1d\/#primaryimage"},"thumbnailUrl":"https:\/\/csotrading.com\/wp-content\/uploads\/2021\/06\/cs1d_prod.png","datePublished":"2021-06-20T15:13:49+00:00","dateModified":"2021-06-20T15:13:50+00:00","breadcrumb":{"@id":"https:\/\/csotrading.com\/tr\/product\/omron-cs1d\/#breadcrumb"},"inLanguage":"tr","potentialAction":[{"@type":"ReadAction","target":["https:\/\/csotrading.com\/tr\/product\/omron-cs1d\/"]}]},{"@type":"ImageObject","inLanguage":"tr","@id":"https:\/\/csotrading.com\/tr\/product\/omron-cs1d\/#primaryimage","url":"https:\/\/csotrading.com\/wp-content\/uploads\/2021\/06\/cs1d_prod.png","contentUrl":"https:\/\/csotrading.com\/wp-content\/uploads\/2021\/06\/cs1d_prod.png","width":180,"height":78},{"@type":"BreadcrumbList","@id":"https:\/\/csotrading.com\/tr\/product\/omron-cs1d\/#breadcrumb","itemListElement":[{"@type":"ListItem","position":1,"name":"Home","item":"https:\/\/csotrading.com\/tr\/"},{"@type":"ListItem","position":2,"name":"Ma\u011faza","item":"https:\/\/csotrading.com\/magaza\/"},{"@type":"ListItem","position":3,"name":"Omron CS1D"}]},{"@type":"WebSite","@id":"https:\/\/csotrading.com\/#website","url":"https:\/\/csotrading.com\/","name":"CSO TRADING","description":"","potentialAction":[{"@type":"SearchAction","target":{"@type":"EntryPoint","urlTemplate":"https:\/\/csotrading.com\/?s={search_term_string}"},"query-input":{"@type":"PropertyValueSpecification","valueRequired":true,"valueName":"search_term_string"}}],"inLanguage":"tr"}]}},"_links":{"self":[{"href":"https:\/\/csotrading.com\/tr\/wp-json\/wp\/v2\/product\/7352"}],"collection":[{"href":"https:\/\/csotrading.com\/tr\/wp-json\/wp\/v2\/product"}],"about":[{"href":"https:\/\/csotrading.com\/tr\/wp-json\/wp\/v2\/types\/product"}],"replies":[{"embeddable":true,"href":"https:\/\/csotrading.com\/tr\/wp-json\/wp\/v2\/comments?post=7352"}],"wp:featuredmedia":[{"embeddable":true,"href":"https:\/\/csotrading.com\/tr\/wp-json\/wp\/v2\/media\/7351"}],"wp:attachment":[{"href":"https:\/\/csotrading.com\/tr\/wp-json\/wp\/v2\/media?parent=7352"}],"wp:term":[{"taxonomy":"product_brand","embeddable":true,"href":"https:\/\/csotrading.com\/tr\/wp-json\/wp\/v2\/product_brand?post=7352"},{"taxonomy":"product_cat","embeddable":true,"href":"https:\/\/csotrading.com\/tr\/wp-json\/wp\/v2\/product_cat?post=7352"},{"taxonomy":"product_tag","embeddable":true,"href":"https:\/\/csotrading.com\/tr\/wp-json\/wp\/v2\/product_tag?post=7352"}],"curies":[{"name":"wp","href":"https:\/\/api.w.org\/{rel}","templated":true}]}}