{"id":7313,"date":"2021-06-20T17:19:32","date_gmt":"2021-06-20T14:19:32","guid":{"rendered":"https:\/\/csotrading.com\/?post_type=product&#038;p=7313"},"modified":"2021-06-20T17:19:33","modified_gmt":"2021-06-20T14:19:33","slug":"omron-nym12w-c1060-2","status":"publish","type":"product","link":"https:\/\/csotrading.com\/tr\/product\/omron-nym12w-c1060-2\/","title":{"rendered":"Omron NYM12W-C1060"},"content":{"rendered":"<h2>\u00d6ZELL\u0130KLER<\/h2>\n<h3><\/h3>\n<table class=\"one\">\n<tbody>\n<tr>\n<td>Ekran \u00e7apraz<\/td>\n<td>12.1 in\u00e7<\/td>\n<\/tr>\n<tr>\n<td>Mod\u00fcler ba\u011flant\u0131 noktas\u0131<\/td>\n<td>NYML<\/td>\n<\/tr>\n<tr>\n<td>G\u00f6r\u00fcnt\u00fc oran\u0131<\/td>\n<td>16:10<\/td>\n<\/tr>\n<tr>\n<td>Malzeme muhafazas\u0131<\/td>\n<td>Al\u00fcminyum, siyah<\/td>\n<\/tr>\n<tr>\n<td>Piksel say\u0131s\u0131, yatay<\/td>\n<td>1280<\/td>\n<\/tr>\n<tr>\n<td>Piksel say\u0131s\u0131, dikey<\/td>\n<td>800<\/td>\n<\/tr>\n<tr>\n<td>Ekran t\u00fcr\u00fc<\/td>\n<td>TFT<\/td>\n<\/tr>\n<tr>\n<td>Dokunmatik ekran teknolojisi<\/td>\n<td>\u00d6ng\u00f6r\u00fclen kapasitif<\/td>\n<\/tr>\n<tr>\n<td>Ekran\u0131n renk say\u0131s\u0131<\/td>\n<td>16777216<\/td>\n<\/tr>\n<tr>\n<td>Montaj y\u00f6ntemi<\/td>\n<td>\u0130n\u015fa<\/td>\n<\/tr>\n<tr>\n<td>Koruma derecesi (IP), \u00f6n taraf<\/td>\n<td>IP65<\/td>\n<\/tr>\n<tr>\n<td>Besleme gerilimi DC<\/td>\n<td>19.2-28.8V<\/td>\n<\/tr>\n<tr>\n<td>\u00e7al\u0131\u015fma s\u0131cakl\u0131\u011f\u0131<\/td>\n<td>0-55 \u00b0C<\/td>\n<\/tr>\n<tr>\n<td>\u00d6n y\u00fcksekli\u011fi<\/td>\n<td>234 mm<\/td>\n<\/tr>\n<tr>\n<td>\u00d6n geni\u015fli\u011fi<\/td>\n<td>332 mm<\/td>\n<\/tr>\n<tr>\n<td>Panel kesme y\u00fcksekli\u011fi<\/td>\n<td>216 mm<\/td>\n<\/tr>\n<tr>\n<td>Panel kesme geni\u015fli\u011fi<\/td>\n<td>314 mm<\/td>\n<\/tr>\n<tr>\n<td>Dahili derinlik<\/td>\n<td>58 mm<\/td>\n<\/tr>\n<tr>\n<td>A\u011f\u0131rl\u0131k<\/td>\n<td>3300 gr<\/td>\n<\/tr>\n<\/tbody>\n<\/table>\n","protected":false},"excerpt":{"rendered":"<h2>End\u00fcstriyel Monit\u00f6r,<\/h2>\n<h3>Kapasitif dokunmatik ekranl\u0131 12,1\u2033 ekran, Yerle\u015fik montaj, NYML ba\u011flant\u0131 noktas\u0131<\/h3>\n","protected":false},"featured_media":7302,"comment_status":"closed","ping_status":"closed","template":"","meta":[],"product_brand":[],"product_cat":[768,394],"product_tag":[],"class_list":{"0":"post-7313","1":"product","2":"type-product","3":"status-publish","4":"has-post-thumbnail","6":"product_cat-endustriyel-pc","7":"product_cat-omron-tr","9":"first","10":"instock","11":"shipping-taxable","12":"product-type-simple"},"yoast_head":"<!-- This site is optimized with the Yoast SEO plugin v24.3 - https:\/\/yoast.com\/wordpress\/plugins\/seo\/ -->\n<title>Omron NYM12W-C1060 - CSO TRADING<\/title>\n<meta name=\"robots\" content=\"index, follow, max-snippet:-1, max-image-preview:large, max-video-preview:-1\" \/>\n<link rel=\"canonical\" href=\"https:\/\/csotrading.com\/tr\/product\/omron-nym12w-c1060-2\/\" \/>\n<meta property=\"og:locale\" content=\"tr_TR\" \/>\n<meta property=\"og:type\" content=\"article\" \/>\n<meta property=\"og:title\" content=\"Omron NYM12W-C1060 - CSO TRADING\" \/>\n<meta property=\"og:description\" content=\"End\u00fcstriyel Monit\u00f6r, Kapasitif dokunmatik ekranl\u0131 12,1\u2033 ekran, Yerle\u015fik montaj, NYML ba\u011flant\u0131 noktas\u0131\" \/>\n<meta property=\"og:url\" content=\"https:\/\/csotrading.com\/tr\/product\/omron-nym12w-c1060-2\/\" \/>\n<meta property=\"og:site_name\" content=\"CSO TRADING\" \/>\n<meta property=\"article:modified_time\" content=\"2021-06-20T14:19:33+00:00\" \/>\n<meta property=\"og:image\" content=\"https:\/\/csotrading.com\/wp-content\/uploads\/2021\/06\/NYB27-x0xx0.jpg\" \/>\n\t<meta property=\"og:image:width\" content=\"400\" \/>\n\t<meta property=\"og:image:height\" content=\"400\" \/>\n\t<meta property=\"og:image:type\" content=\"image\/jpeg\" \/>\n<meta name=\"twitter:card\" content=\"summary_large_image\" \/>\n<meta name=\"twitter:label1\" content=\"Tahmini okuma s\u00fcresi\" \/>\n\t<meta name=\"twitter:data1\" content=\"1 dakika\" \/>\n<script type=\"application\/ld+json\" class=\"yoast-schema-graph\">{\"@context\":\"https:\/\/schema.org\",\"@graph\":[{\"@type\":\"WebPage\",\"@id\":\"https:\/\/csotrading.com\/tr\/product\/omron-nym12w-c1060-2\/\",\"url\":\"https:\/\/csotrading.com\/tr\/product\/omron-nym12w-c1060-2\/\",\"name\":\"Omron NYM12W-C1060 - CSO TRADING\",\"isPartOf\":{\"@id\":\"https:\/\/csotrading.com\/#website\"},\"primaryImageOfPage\":{\"@id\":\"https:\/\/csotrading.com\/tr\/product\/omron-nym12w-c1060-2\/#primaryimage\"},\"image\":{\"@id\":\"https:\/\/csotrading.com\/tr\/product\/omron-nym12w-c1060-2\/#primaryimage\"},\"thumbnailUrl\":\"https:\/\/csotrading.com\/wp-content\/uploads\/2021\/06\/NYB27-x0xx0.jpg\",\"datePublished\":\"2021-06-20T14:19:32+00:00\",\"dateModified\":\"2021-06-20T14:19:33+00:00\",\"breadcrumb\":{\"@id\":\"https:\/\/csotrading.com\/tr\/product\/omron-nym12w-c1060-2\/#breadcrumb\"},\"inLanguage\":\"tr\",\"potentialAction\":[{\"@type\":\"ReadAction\",\"target\":[\"https:\/\/csotrading.com\/tr\/product\/omron-nym12w-c1060-2\/\"]}]},{\"@type\":\"ImageObject\",\"inLanguage\":\"tr\",\"@id\":\"https:\/\/csotrading.com\/tr\/product\/omron-nym12w-c1060-2\/#primaryimage\",\"url\":\"https:\/\/csotrading.com\/wp-content\/uploads\/2021\/06\/NYB27-x0xx0.jpg\",\"contentUrl\":\"https:\/\/csotrading.com\/wp-content\/uploads\/2021\/06\/NYB27-x0xx0.jpg\",\"width\":400,\"height\":400},{\"@type\":\"BreadcrumbList\",\"@id\":\"https:\/\/csotrading.com\/tr\/product\/omron-nym12w-c1060-2\/#breadcrumb\",\"itemListElement\":[{\"@type\":\"ListItem\",\"position\":1,\"name\":\"Home\",\"item\":\"https:\/\/csotrading.com\/tr\/\"},{\"@type\":\"ListItem\",\"position\":2,\"name\":\"Ma\u011faza\",\"item\":\"https:\/\/csotrading.com\/magaza\/\"},{\"@type\":\"ListItem\",\"position\":3,\"name\":\"Omron NYM12W-C1060\"}]},{\"@type\":\"WebSite\",\"@id\":\"https:\/\/csotrading.com\/#website\",\"url\":\"https:\/\/csotrading.com\/\",\"name\":\"CSO TRADING\",\"description\":\"\",\"potentialAction\":[{\"@type\":\"SearchAction\",\"target\":{\"@type\":\"EntryPoint\",\"urlTemplate\":\"https:\/\/csotrading.com\/?s={search_term_string}\"},\"query-input\":{\"@type\":\"PropertyValueSpecification\",\"valueRequired\":true,\"valueName\":\"search_term_string\"}}],\"inLanguage\":\"tr\"}]}<\/script>\n<!-- \/ Yoast SEO plugin. -->","yoast_head_json":{"title":"Omron NYM12W-C1060 - CSO TRADING","robots":{"index":"index","follow":"follow","max-snippet":"max-snippet:-1","max-image-preview":"max-image-preview:large","max-video-preview":"max-video-preview:-1"},"canonical":"https:\/\/csotrading.com\/tr\/product\/omron-nym12w-c1060-2\/","og_locale":"tr_TR","og_type":"article","og_title":"Omron NYM12W-C1060 - CSO TRADING","og_description":"End\u00fcstriyel Monit\u00f6r, Kapasitif dokunmatik ekranl\u0131 12,1\u2033 ekran, Yerle\u015fik montaj, NYML ba\u011flant\u0131 noktas\u0131","og_url":"https:\/\/csotrading.com\/tr\/product\/omron-nym12w-c1060-2\/","og_site_name":"CSO TRADING","article_modified_time":"2021-06-20T14:19:33+00:00","og_image":[{"width":400,"height":400,"url":"https:\/\/csotrading.com\/wp-content\/uploads\/2021\/06\/NYB27-x0xx0.jpg","type":"image\/jpeg"}],"twitter_card":"summary_large_image","twitter_misc":{"Tahmini okuma s\u00fcresi":"1 dakika"},"schema":{"@context":"https:\/\/schema.org","@graph":[{"@type":"WebPage","@id":"https:\/\/csotrading.com\/tr\/product\/omron-nym12w-c1060-2\/","url":"https:\/\/csotrading.com\/tr\/product\/omron-nym12w-c1060-2\/","name":"Omron NYM12W-C1060 - CSO TRADING","isPartOf":{"@id":"https:\/\/csotrading.com\/#website"},"primaryImageOfPage":{"@id":"https:\/\/csotrading.com\/tr\/product\/omron-nym12w-c1060-2\/#primaryimage"},"image":{"@id":"https:\/\/csotrading.com\/tr\/product\/omron-nym12w-c1060-2\/#primaryimage"},"thumbnailUrl":"https:\/\/csotrading.com\/wp-content\/uploads\/2021\/06\/NYB27-x0xx0.jpg","datePublished":"2021-06-20T14:19:32+00:00","dateModified":"2021-06-20T14:19:33+00:00","breadcrumb":{"@id":"https:\/\/csotrading.com\/tr\/product\/omron-nym12w-c1060-2\/#breadcrumb"},"inLanguage":"tr","potentialAction":[{"@type":"ReadAction","target":["https:\/\/csotrading.com\/tr\/product\/omron-nym12w-c1060-2\/"]}]},{"@type":"ImageObject","inLanguage":"tr","@id":"https:\/\/csotrading.com\/tr\/product\/omron-nym12w-c1060-2\/#primaryimage","url":"https:\/\/csotrading.com\/wp-content\/uploads\/2021\/06\/NYB27-x0xx0.jpg","contentUrl":"https:\/\/csotrading.com\/wp-content\/uploads\/2021\/06\/NYB27-x0xx0.jpg","width":400,"height":400},{"@type":"BreadcrumbList","@id":"https:\/\/csotrading.com\/tr\/product\/omron-nym12w-c1060-2\/#breadcrumb","itemListElement":[{"@type":"ListItem","position":1,"name":"Home","item":"https:\/\/csotrading.com\/tr\/"},{"@type":"ListItem","position":2,"name":"Ma\u011faza","item":"https:\/\/csotrading.com\/magaza\/"},{"@type":"ListItem","position":3,"name":"Omron NYM12W-C1060"}]},{"@type":"WebSite","@id":"https:\/\/csotrading.com\/#website","url":"https:\/\/csotrading.com\/","name":"CSO TRADING","description":"","potentialAction":[{"@type":"SearchAction","target":{"@type":"EntryPoint","urlTemplate":"https:\/\/csotrading.com\/?s={search_term_string}"},"query-input":{"@type":"PropertyValueSpecification","valueRequired":true,"valueName":"search_term_string"}}],"inLanguage":"tr"}]}},"_links":{"self":[{"href":"https:\/\/csotrading.com\/tr\/wp-json\/wp\/v2\/product\/7313"}],"collection":[{"href":"https:\/\/csotrading.com\/tr\/wp-json\/wp\/v2\/product"}],"about":[{"href":"https:\/\/csotrading.com\/tr\/wp-json\/wp\/v2\/types\/product"}],"replies":[{"embeddable":true,"href":"https:\/\/csotrading.com\/tr\/wp-json\/wp\/v2\/comments?post=7313"}],"wp:featuredmedia":[{"embeddable":true,"href":"https:\/\/csotrading.com\/tr\/wp-json\/wp\/v2\/media\/7302"}],"wp:attachment":[{"href":"https:\/\/csotrading.com\/tr\/wp-json\/wp\/v2\/media?parent=7313"}],"wp:term":[{"taxonomy":"product_brand","embeddable":true,"href":"https:\/\/csotrading.com\/tr\/wp-json\/wp\/v2\/product_brand?post=7313"},{"taxonomy":"product_cat","embeddable":true,"href":"https:\/\/csotrading.com\/tr\/wp-json\/wp\/v2\/product_cat?post=7313"},{"taxonomy":"product_tag","embeddable":true,"href":"https:\/\/csotrading.com\/tr\/wp-json\/wp\/v2\/product_tag?post=7313"}],"curies":[{"name":"wp","href":"https:\/\/api.w.org\/{rel}","templated":true}]}}