{"id":7312,"date":"2021-06-20T17:15:21","date_gmt":"2021-06-20T14:15:21","guid":{"rendered":"https:\/\/csotrading.com\/?post_type=product&#038;p=7312"},"modified":"2021-06-20T17:15:22","modified_gmt":"2021-06-20T14:15:22","slug":"omron-nym19w-c1100","status":"publish","type":"product","link":"https:\/\/csotrading.com\/tr\/product\/omron-nym19w-c1100\/","title":{"rendered":"Omron NYM19W-C1100"},"content":{"rendered":"<h2><span>\u00d6ZELL\u0130KLER<\/span><\/h2>\n<h3><\/h3>\n<table class=\"one\">\n<tbody>\n<tr>\n<td><span>Ekran \u00e7apraz<\/span><\/td>\n<td><span>18.5 in\u00e7<\/span><\/td>\n<\/tr>\n<tr>\n<td><span>Mod\u00fcler ba\u011flant\u0131 noktas\u0131<\/span><\/td>\n<td><span>DVI-D<\/span><\/td>\n<\/tr>\n<tr>\n<td><span>G\u00f6r\u00fcnt\u00fc oran\u0131<\/span><\/td>\n<td>16:9<\/td>\n<\/tr>\n<tr>\n<td><span>Malzeme muhafazas\u0131<\/span><\/td>\n<td><span>Al\u00fcminyum, nikel kaplama<\/span><\/td>\n<\/tr>\n<tr>\n<td><span>Piksel say\u0131s\u0131, yatay<\/span><\/td>\n<td>1920<\/td>\n<\/tr>\n<tr>\n<td><span>Piksel say\u0131s\u0131, dikey<\/span><\/td>\n<td>1080<\/td>\n<\/tr>\n<tr>\n<td><span>Ekran t\u00fcr\u00fc<\/span><\/td>\n<td><span>TFT<\/span><\/td>\n<\/tr>\n<tr>\n<td><span>Dokunmatik ekran teknolojisi<\/span><\/td>\n<td><span>\u00d6ng\u00f6r\u00fclen kapasitif<\/span><\/td>\n<\/tr>\n<tr>\n<td><span>Ekran\u0131n renk say\u0131s\u0131<\/span><\/td>\n<td>16777216<\/td>\n<\/tr>\n<tr>\n<td><span>Montaj y\u00f6ntemi<\/span><\/td>\n<td><span>\u0130n\u015fa<\/span><\/td>\n<\/tr>\n<tr>\n<td><span>Koruma derecesi (IP), \u00f6n taraf<\/span><\/td>\n<td><span>IP65<\/span><\/td>\n<\/tr>\n<tr>\n<td><span>Besleme gerilimi DC<\/span><\/td>\n<td><span>19.2-28.8V<\/span><\/td>\n<\/tr>\n<tr>\n<td><span>\u00e7al\u0131\u015fma s\u0131cakl\u0131\u011f\u0131<\/span><\/td>\n<td><span>0-55 \u00b0C<\/span><\/td>\n<\/tr>\n<tr>\n<td><span>\u00d6n y\u00fcksekli\u011fi<\/span><\/td>\n<td><span>303 mm<\/span><\/td>\n<\/tr>\n<tr>\n<td><span>\u00d6n geni\u015fli\u011fi<\/span><\/td>\n<td><span>481 mm<\/span><\/td>\n<\/tr>\n<tr>\n<td><span>Panel kesme y\u00fcksekli\u011fi<\/span><\/td>\n<td><span>285 mm<\/span><\/td>\n<\/tr>\n<tr>\n<td><span>Panel kesme geni\u015fli\u011fi<\/span><\/td>\n<td><span>463 mm<\/span><\/td>\n<\/tr>\n<tr>\n<td><span>Dahili derinlik<\/span><\/td>\n<td><span>58 mm<\/span><\/td>\n<\/tr>\n<tr>\n<td><span>A\u011f\u0131rl\u0131k<\/span><\/td>\n<td><span>5300 gr<\/span><\/td>\n<\/tr>\n<\/tbody>\n<\/table>\n","protected":false},"excerpt":{"rendered":"<h2><span>End\u00fcstriyel Monit\u00f6r,<\/span><\/h2>\n<h3><span>Kapasitif dokunmatik ekranl\u0131 18,5&#8243; ekran, Yerle\u015fik montaj, DVI-D ba\u011flant\u0131 noktas\u0131, Ni kaplama<\/span><\/h3>\n","protected":false},"featured_media":7309,"comment_status":"closed","ping_status":"closed","template":"","meta":[],"product_brand":[],"product_cat":[768,394],"product_tag":[],"class_list":{"0":"post-7312","1":"product","2":"type-product","3":"status-publish","4":"has-post-thumbnail","6":"product_cat-endustriyel-pc","7":"product_cat-omron-tr","9":"first","10":"instock","11":"shipping-taxable","12":"product-type-simple"},"yoast_head":"<!-- This site is optimized with the Yoast SEO plugin v24.3 - https:\/\/yoast.com\/wordpress\/plugins\/seo\/ -->\n<title>Omron NYM19W-C1100 - CSO TRADING<\/title>\n<meta name=\"robots\" content=\"index, follow, max-snippet:-1, max-image-preview:large, max-video-preview:-1\" \/>\n<link rel=\"canonical\" href=\"https:\/\/csotrading.com\/tr\/product\/omron-nym19w-c1100\/\" \/>\n<meta property=\"og:locale\" content=\"tr_TR\" \/>\n<meta property=\"og:type\" content=\"article\" \/>\n<meta property=\"og:title\" content=\"Omron NYM19W-C1100 - CSO TRADING\" \/>\n<meta property=\"og:description\" content=\"End\u00fcstriyel Monit\u00f6r, Kapasitif dokunmatik ekranl\u0131 18,5&quot; ekran, Yerle\u015fik montaj, DVI-D ba\u011flant\u0131 noktas\u0131, Ni kaplama\" \/>\n<meta property=\"og:url\" content=\"https:\/\/csotrading.com\/tr\/product\/omron-nym19w-c1100\/\" \/>\n<meta property=\"og:site_name\" content=\"CSO TRADING\" \/>\n<meta property=\"article:modified_time\" content=\"2021-06-20T14:15:22+00:00\" \/>\n<meta property=\"og:image\" content=\"https:\/\/csotrading.com\/wp-content\/uploads\/2021\/06\/NYx19WCx1x0-Ni.jpg\" \/>\n\t<meta property=\"og:image:width\" content=\"400\" \/>\n\t<meta property=\"og:image:height\" content=\"400\" \/>\n\t<meta property=\"og:image:type\" content=\"image\/jpeg\" \/>\n<meta name=\"twitter:card\" content=\"summary_large_image\" \/>\n<meta name=\"twitter:label1\" content=\"Tahmini okuma s\u00fcresi\" \/>\n\t<meta name=\"twitter:data1\" content=\"1 dakika\" \/>\n<script type=\"application\/ld+json\" class=\"yoast-schema-graph\">{\"@context\":\"https:\/\/schema.org\",\"@graph\":[{\"@type\":\"WebPage\",\"@id\":\"https:\/\/csotrading.com\/tr\/product\/omron-nym19w-c1100\/\",\"url\":\"https:\/\/csotrading.com\/tr\/product\/omron-nym19w-c1100\/\",\"name\":\"Omron NYM19W-C1100 - CSO TRADING\",\"isPartOf\":{\"@id\":\"https:\/\/csotrading.com\/#website\"},\"primaryImageOfPage\":{\"@id\":\"https:\/\/csotrading.com\/tr\/product\/omron-nym19w-c1100\/#primaryimage\"},\"image\":{\"@id\":\"https:\/\/csotrading.com\/tr\/product\/omron-nym19w-c1100\/#primaryimage\"},\"thumbnailUrl\":\"https:\/\/csotrading.com\/wp-content\/uploads\/2021\/06\/NYx19WCx1x0-Ni.jpg\",\"datePublished\":\"2021-06-20T14:15:21+00:00\",\"dateModified\":\"2021-06-20T14:15:22+00:00\",\"breadcrumb\":{\"@id\":\"https:\/\/csotrading.com\/tr\/product\/omron-nym19w-c1100\/#breadcrumb\"},\"inLanguage\":\"tr\",\"potentialAction\":[{\"@type\":\"ReadAction\",\"target\":[\"https:\/\/csotrading.com\/tr\/product\/omron-nym19w-c1100\/\"]}]},{\"@type\":\"ImageObject\",\"inLanguage\":\"tr\",\"@id\":\"https:\/\/csotrading.com\/tr\/product\/omron-nym19w-c1100\/#primaryimage\",\"url\":\"https:\/\/csotrading.com\/wp-content\/uploads\/2021\/06\/NYx19WCx1x0-Ni.jpg\",\"contentUrl\":\"https:\/\/csotrading.com\/wp-content\/uploads\/2021\/06\/NYx19WCx1x0-Ni.jpg\",\"width\":400,\"height\":400},{\"@type\":\"BreadcrumbList\",\"@id\":\"https:\/\/csotrading.com\/tr\/product\/omron-nym19w-c1100\/#breadcrumb\",\"itemListElement\":[{\"@type\":\"ListItem\",\"position\":1,\"name\":\"Home\",\"item\":\"https:\/\/csotrading.com\/tr\/\"},{\"@type\":\"ListItem\",\"position\":2,\"name\":\"Ma\u011faza\",\"item\":\"https:\/\/csotrading.com\/magaza\/\"},{\"@type\":\"ListItem\",\"position\":3,\"name\":\"Omron NYM19W-C1100\"}]},{\"@type\":\"WebSite\",\"@id\":\"https:\/\/csotrading.com\/#website\",\"url\":\"https:\/\/csotrading.com\/\",\"name\":\"CSO TRADING\",\"description\":\"\",\"potentialAction\":[{\"@type\":\"SearchAction\",\"target\":{\"@type\":\"EntryPoint\",\"urlTemplate\":\"https:\/\/csotrading.com\/?s={search_term_string}\"},\"query-input\":{\"@type\":\"PropertyValueSpecification\",\"valueRequired\":true,\"valueName\":\"search_term_string\"}}],\"inLanguage\":\"tr\"}]}<\/script>\n<!-- \/ Yoast SEO plugin. -->","yoast_head_json":{"title":"Omron NYM19W-C1100 - CSO TRADING","robots":{"index":"index","follow":"follow","max-snippet":"max-snippet:-1","max-image-preview":"max-image-preview:large","max-video-preview":"max-video-preview:-1"},"canonical":"https:\/\/csotrading.com\/tr\/product\/omron-nym19w-c1100\/","og_locale":"tr_TR","og_type":"article","og_title":"Omron NYM19W-C1100 - CSO TRADING","og_description":"End\u00fcstriyel Monit\u00f6r, Kapasitif dokunmatik ekranl\u0131 18,5\" ekran, Yerle\u015fik montaj, DVI-D ba\u011flant\u0131 noktas\u0131, Ni kaplama","og_url":"https:\/\/csotrading.com\/tr\/product\/omron-nym19w-c1100\/","og_site_name":"CSO TRADING","article_modified_time":"2021-06-20T14:15:22+00:00","og_image":[{"width":400,"height":400,"url":"https:\/\/csotrading.com\/wp-content\/uploads\/2021\/06\/NYx19WCx1x0-Ni.jpg","type":"image\/jpeg"}],"twitter_card":"summary_large_image","twitter_misc":{"Tahmini okuma s\u00fcresi":"1 dakika"},"schema":{"@context":"https:\/\/schema.org","@graph":[{"@type":"WebPage","@id":"https:\/\/csotrading.com\/tr\/product\/omron-nym19w-c1100\/","url":"https:\/\/csotrading.com\/tr\/product\/omron-nym19w-c1100\/","name":"Omron NYM19W-C1100 - CSO TRADING","isPartOf":{"@id":"https:\/\/csotrading.com\/#website"},"primaryImageOfPage":{"@id":"https:\/\/csotrading.com\/tr\/product\/omron-nym19w-c1100\/#primaryimage"},"image":{"@id":"https:\/\/csotrading.com\/tr\/product\/omron-nym19w-c1100\/#primaryimage"},"thumbnailUrl":"https:\/\/csotrading.com\/wp-content\/uploads\/2021\/06\/NYx19WCx1x0-Ni.jpg","datePublished":"2021-06-20T14:15:21+00:00","dateModified":"2021-06-20T14:15:22+00:00","breadcrumb":{"@id":"https:\/\/csotrading.com\/tr\/product\/omron-nym19w-c1100\/#breadcrumb"},"inLanguage":"tr","potentialAction":[{"@type":"ReadAction","target":["https:\/\/csotrading.com\/tr\/product\/omron-nym19w-c1100\/"]}]},{"@type":"ImageObject","inLanguage":"tr","@id":"https:\/\/csotrading.com\/tr\/product\/omron-nym19w-c1100\/#primaryimage","url":"https:\/\/csotrading.com\/wp-content\/uploads\/2021\/06\/NYx19WCx1x0-Ni.jpg","contentUrl":"https:\/\/csotrading.com\/wp-content\/uploads\/2021\/06\/NYx19WCx1x0-Ni.jpg","width":400,"height":400},{"@type":"BreadcrumbList","@id":"https:\/\/csotrading.com\/tr\/product\/omron-nym19w-c1100\/#breadcrumb","itemListElement":[{"@type":"ListItem","position":1,"name":"Home","item":"https:\/\/csotrading.com\/tr\/"},{"@type":"ListItem","position":2,"name":"Ma\u011faza","item":"https:\/\/csotrading.com\/magaza\/"},{"@type":"ListItem","position":3,"name":"Omron NYM19W-C1100"}]},{"@type":"WebSite","@id":"https:\/\/csotrading.com\/#website","url":"https:\/\/csotrading.com\/","name":"CSO TRADING","description":"","potentialAction":[{"@type":"SearchAction","target":{"@type":"EntryPoint","urlTemplate":"https:\/\/csotrading.com\/?s={search_term_string}"},"query-input":{"@type":"PropertyValueSpecification","valueRequired":true,"valueName":"search_term_string"}}],"inLanguage":"tr"}]}},"_links":{"self":[{"href":"https:\/\/csotrading.com\/tr\/wp-json\/wp\/v2\/product\/7312"}],"collection":[{"href":"https:\/\/csotrading.com\/tr\/wp-json\/wp\/v2\/product"}],"about":[{"href":"https:\/\/csotrading.com\/tr\/wp-json\/wp\/v2\/types\/product"}],"replies":[{"embeddable":true,"href":"https:\/\/csotrading.com\/tr\/wp-json\/wp\/v2\/comments?post=7312"}],"wp:featuredmedia":[{"embeddable":true,"href":"https:\/\/csotrading.com\/tr\/wp-json\/wp\/v2\/media\/7309"}],"wp:attachment":[{"href":"https:\/\/csotrading.com\/tr\/wp-json\/wp\/v2\/media?parent=7312"}],"wp:term":[{"taxonomy":"product_brand","embeddable":true,"href":"https:\/\/csotrading.com\/tr\/wp-json\/wp\/v2\/product_brand?post=7312"},{"taxonomy":"product_cat","embeddable":true,"href":"https:\/\/csotrading.com\/tr\/wp-json\/wp\/v2\/product_cat?post=7312"},{"taxonomy":"product_tag","embeddable":true,"href":"https:\/\/csotrading.com\/tr\/wp-json\/wp\/v2\/product_tag?post=7312"}],"curies":[{"name":"wp","href":"https:\/\/api.w.org\/{rel}","templated":true}]}}