{"id":5915,"date":"2020-07-31T12:05:50","date_gmt":"2020-07-31T09:05:50","guid":{"rendered":"http:\/\/csotrading.com\/product\/ik71l220xm01\/"},"modified":"2020-07-31T12:08:46","modified_gmt":"2020-07-31T09:08:46","slug":"ik71l220xm01","status":"publish","type":"product","link":"https:\/\/csotrading.com\/tr\/product\/ik71l220xm01\/","title":{"rendered":"IK71L220XM01"},"content":{"rendered":"<div class=\"row\">\n<div class=\"col-xs-6\">\n<div class=\"row\">\n<div class=\"col-xs-6\"><strong>A\u011f\u0131rl\u0131k (Br\u00fct Kutulu) (Gr) :\u00a0<\/strong>228<\/div>\n<\/div>\n<div class=\"row\">\n<div class=\"col-xs-6\"><strong>Ampul Tipi :\u00a0<\/strong>LED<\/div>\n<\/div>\n<div class=\"row\">\n<div class=\"col-xs-6\"><strong>\u00c7al\u0131\u015fma Frekans\u0131 :\u00a0<\/strong>50 Hz<\/div>\n<\/div>\n<div class=\"row\">\n<div class=\"col-xs-6\"><strong>\u00c7al\u0131\u015fma Gerilimi :\u00a0<\/strong>220V AC<\/div>\n<\/div>\n<div class=\"row\">\n<div class=\"col-xs-6\"><strong>\u00dcr\u00fcn :\u00a0<\/strong>LED Kolon 70mm<\/div>\n<\/div>\n<div class=\"row\">\n<div class=\"col-xs-6\"><strong>Montaj \u015eekli :\u00a0<\/strong>110mm Plastik Boru ve Ayakl\u0131<\/div>\n<\/div>\n<div class=\"row\">\n<div class=\"col-xs-6\"><strong>Renk :\u00a0<\/strong>Tek Katl\u0131<\/div>\n<\/div>\n<div class=\"row\">\n<div class=\"col-xs-6\"><strong>G\u00fc\u00e7 T\u00fcketimi :\u00a0<\/strong>1W<\/div>\n<\/div>\n<div class=\"row\">\n<div class=\"col-xs-6\"><strong>Elektriksel \u00d6m\u00fcr (Min Adet) :\u00a0<\/strong>10.000 Saat<\/div>\n<\/div>\n<div class=\"row\">\n<div class=\"col-xs-6\"><strong>Yal\u0131t\u0131m Gerilimi (Ui) :\u00a0<\/strong>300V<\/div>\n<\/div>\n<div class=\"row\">\n<div class=\"col-xs-6\"><strong>\u00c7al\u0131\u015fma S\u0131cakl\u0131\u011f\u0131 :\u00a0<\/strong>-25 \u00b0C \/+70 \u00b0C<\/div>\n<\/div>\n<div class=\"row\">\n<div class=\"col-xs-6\"><strong>Koruma S\u0131n\u0131f\u0131 :\u00a0<\/strong>IP40<\/div>\n<\/div>\n<div class=\"row\">\n<div class=\"col-xs-6\"><strong>Kablo Ba\u011flant\u0131 Kesiti :\u00a0<\/strong>0,75-1,5 mm2<\/div>\n<\/div>\n<div class=\"row\">\n<div class=\"col-xs-6\"><strong>S\u0131kma Kuvveti :\u00a0<\/strong>1,8Nm<\/div>\n<\/div>\n<div class=\"row\">\n<div class=\"col-xs-6\"><strong>Duy Tipi :\u00a0<\/strong>BA15S<\/div>\n<\/div>\n<div class=\"row\">\n<div class=\"col-xs-6\"><strong>Seri :\u00a0<\/strong>IK Serisi<\/div>\n<\/div>\n<\/div>\n<\/div>\n","protected":false},"excerpt":{"rendered":"<h3>IK Serisi Tek Katl\u0131 220V AC 110mm Plastik Boru ve Ayakl\u0131 LED Kolon 70mm<\/h3>\n","protected":false},"featured_media":5914,"comment_status":"closed","ping_status":"closed","template":"","meta":[],"product_brand":[],"product_cat":[673],"product_tag":[741,742,740,743],"class_list":{"0":"post-5915","1":"product","2":"type-product","3":"status-publish","4":"has-post-thumbnail","6":"product_cat-isikli-kolonlar","7":"product_tag-1l2","8":"product_tag-20x","9":"product_tag-ik7","10":"product_tag-m01","12":"first","13":"instock","14":"shipping-taxable","15":"product-type-simple"},"yoast_head":"<!-- This site is optimized with the Yoast SEO plugin v24.3 - https:\/\/yoast.com\/wordpress\/plugins\/seo\/ -->\n<title>IK71L220XM01 - CSO TRADING<\/title>\n<meta name=\"robots\" content=\"index, follow, max-snippet:-1, max-image-preview:large, max-video-preview:-1\" \/>\n<link rel=\"canonical\" href=\"https:\/\/csotrading.com\/product\/ik71l220xm01\/\" \/>\n<meta property=\"og:locale\" content=\"tr_TR\" \/>\n<meta property=\"og:type\" content=\"article\" \/>\n<meta property=\"og:title\" content=\"IK71L220XM01 - CSO TRADING\" \/>\n<meta property=\"og:description\" content=\"IK Serisi Tek Katl\u0131 220V AC 110mm Plastik Boru ve Ayakl\u0131 LED Kolon 70mm\" \/>\n<meta property=\"og:url\" content=\"https:\/\/csotrading.com\/product\/ik71l220xm01\/\" \/>\n<meta property=\"og:site_name\" content=\"CSO TRADING\" \/>\n<meta property=\"article:modified_time\" content=\"2020-07-31T09:08:46+00:00\" \/>\n<meta property=\"og:image\" content=\"https:\/\/csotrading.com\/wp-content\/uploads\/2020\/07\/IK71L220XM01.jpg\" \/>\n\t<meta property=\"og:image:width\" content=\"248\" \/>\n\t<meta property=\"og:image:height\" content=\"480\" \/>\n\t<meta property=\"og:image:type\" content=\"image\/jpeg\" \/>\n<meta name=\"twitter:card\" content=\"summary_large_image\" \/>\n<script type=\"application\/ld+json\" class=\"yoast-schema-graph\">{\"@context\":\"https:\/\/schema.org\",\"@graph\":[{\"@type\":\"WebPage\",\"@id\":\"https:\/\/csotrading.com\/product\/ik71l220xm01\/\",\"url\":\"https:\/\/csotrading.com\/product\/ik71l220xm01\/\",\"name\":\"IK71L220XM01 - CSO TRADING\",\"isPartOf\":{\"@id\":\"https:\/\/csotrading.com\/#website\"},\"primaryImageOfPage\":{\"@id\":\"https:\/\/csotrading.com\/product\/ik71l220xm01\/#primaryimage\"},\"image\":{\"@id\":\"https:\/\/csotrading.com\/product\/ik71l220xm01\/#primaryimage\"},\"thumbnailUrl\":\"https:\/\/csotrading.com\/wp-content\/uploads\/2020\/07\/IK71L220XM01.jpg\",\"datePublished\":\"2020-07-31T09:05:50+00:00\",\"dateModified\":\"2020-07-31T09:08:46+00:00\",\"breadcrumb\":{\"@id\":\"https:\/\/csotrading.com\/product\/ik71l220xm01\/#breadcrumb\"},\"inLanguage\":\"tr\",\"potentialAction\":[{\"@type\":\"ReadAction\",\"target\":[\"https:\/\/csotrading.com\/product\/ik71l220xm01\/\"]}]},{\"@type\":\"ImageObject\",\"inLanguage\":\"tr\",\"@id\":\"https:\/\/csotrading.com\/product\/ik71l220xm01\/#primaryimage\",\"url\":\"https:\/\/csotrading.com\/wp-content\/uploads\/2020\/07\/IK71L220XM01.jpg\",\"contentUrl\":\"https:\/\/csotrading.com\/wp-content\/uploads\/2020\/07\/IK71L220XM01.jpg\",\"width\":248,\"height\":480},{\"@type\":\"BreadcrumbList\",\"@id\":\"https:\/\/csotrading.com\/product\/ik71l220xm01\/#breadcrumb\",\"itemListElement\":[{\"@type\":\"ListItem\",\"position\":1,\"name\":\"Home\",\"item\":\"https:\/\/csotrading.com\/tr\/\"},{\"@type\":\"ListItem\",\"position\":2,\"name\":\"Ma\u011faza\",\"item\":\"https:\/\/csotrading.com\/magaza\/\"},{\"@type\":\"ListItem\",\"position\":3,\"name\":\"IK71L220XM01\"}]},{\"@type\":\"WebSite\",\"@id\":\"https:\/\/csotrading.com\/#website\",\"url\":\"https:\/\/csotrading.com\/\",\"name\":\"CSO TRADING\",\"description\":\"\",\"potentialAction\":[{\"@type\":\"SearchAction\",\"target\":{\"@type\":\"EntryPoint\",\"urlTemplate\":\"https:\/\/csotrading.com\/?s={search_term_string}\"},\"query-input\":{\"@type\":\"PropertyValueSpecification\",\"valueRequired\":true,\"valueName\":\"search_term_string\"}}],\"inLanguage\":\"tr\"}]}<\/script>\n<!-- \/ Yoast SEO plugin. -->","yoast_head_json":{"title":"IK71L220XM01 - CSO TRADING","robots":{"index":"index","follow":"follow","max-snippet":"max-snippet:-1","max-image-preview":"max-image-preview:large","max-video-preview":"max-video-preview:-1"},"canonical":"https:\/\/csotrading.com\/product\/ik71l220xm01\/","og_locale":"tr_TR","og_type":"article","og_title":"IK71L220XM01 - CSO TRADING","og_description":"IK Serisi Tek Katl\u0131 220V AC 110mm Plastik Boru ve Ayakl\u0131 LED Kolon 70mm","og_url":"https:\/\/csotrading.com\/product\/ik71l220xm01\/","og_site_name":"CSO TRADING","article_modified_time":"2020-07-31T09:08:46+00:00","og_image":[{"width":248,"height":480,"url":"https:\/\/csotrading.com\/wp-content\/uploads\/2020\/07\/IK71L220XM01.jpg","type":"image\/jpeg"}],"twitter_card":"summary_large_image","schema":{"@context":"https:\/\/schema.org","@graph":[{"@type":"WebPage","@id":"https:\/\/csotrading.com\/product\/ik71l220xm01\/","url":"https:\/\/csotrading.com\/product\/ik71l220xm01\/","name":"IK71L220XM01 - CSO TRADING","isPartOf":{"@id":"https:\/\/csotrading.com\/#website"},"primaryImageOfPage":{"@id":"https:\/\/csotrading.com\/product\/ik71l220xm01\/#primaryimage"},"image":{"@id":"https:\/\/csotrading.com\/product\/ik71l220xm01\/#primaryimage"},"thumbnailUrl":"https:\/\/csotrading.com\/wp-content\/uploads\/2020\/07\/IK71L220XM01.jpg","datePublished":"2020-07-31T09:05:50+00:00","dateModified":"2020-07-31T09:08:46+00:00","breadcrumb":{"@id":"https:\/\/csotrading.com\/product\/ik71l220xm01\/#breadcrumb"},"inLanguage":"tr","potentialAction":[{"@type":"ReadAction","target":["https:\/\/csotrading.com\/product\/ik71l220xm01\/"]}]},{"@type":"ImageObject","inLanguage":"tr","@id":"https:\/\/csotrading.com\/product\/ik71l220xm01\/#primaryimage","url":"https:\/\/csotrading.com\/wp-content\/uploads\/2020\/07\/IK71L220XM01.jpg","contentUrl":"https:\/\/csotrading.com\/wp-content\/uploads\/2020\/07\/IK71L220XM01.jpg","width":248,"height":480},{"@type":"BreadcrumbList","@id":"https:\/\/csotrading.com\/product\/ik71l220xm01\/#breadcrumb","itemListElement":[{"@type":"ListItem","position":1,"name":"Home","item":"https:\/\/csotrading.com\/tr\/"},{"@type":"ListItem","position":2,"name":"Ma\u011faza","item":"https:\/\/csotrading.com\/magaza\/"},{"@type":"ListItem","position":3,"name":"IK71L220XM01"}]},{"@type":"WebSite","@id":"https:\/\/csotrading.com\/#website","url":"https:\/\/csotrading.com\/","name":"CSO TRADING","description":"","potentialAction":[{"@type":"SearchAction","target":{"@type":"EntryPoint","urlTemplate":"https:\/\/csotrading.com\/?s={search_term_string}"},"query-input":{"@type":"PropertyValueSpecification","valueRequired":true,"valueName":"search_term_string"}}],"inLanguage":"tr"}]}},"_links":{"self":[{"href":"https:\/\/csotrading.com\/tr\/wp-json\/wp\/v2\/product\/5915"}],"collection":[{"href":"https:\/\/csotrading.com\/tr\/wp-json\/wp\/v2\/product"}],"about":[{"href":"https:\/\/csotrading.com\/tr\/wp-json\/wp\/v2\/types\/product"}],"replies":[{"embeddable":true,"href":"https:\/\/csotrading.com\/tr\/wp-json\/wp\/v2\/comments?post=5915"}],"wp:featuredmedia":[{"embeddable":true,"href":"https:\/\/csotrading.com\/tr\/wp-json\/wp\/v2\/media\/5914"}],"wp:attachment":[{"href":"https:\/\/csotrading.com\/tr\/wp-json\/wp\/v2\/media?parent=5915"}],"wp:term":[{"taxonomy":"product_brand","embeddable":true,"href":"https:\/\/csotrading.com\/tr\/wp-json\/wp\/v2\/product_brand?post=5915"},{"taxonomy":"product_cat","embeddable":true,"href":"https:\/\/csotrading.com\/tr\/wp-json\/wp\/v2\/product_cat?post=5915"},{"taxonomy":"product_tag","embeddable":true,"href":"https:\/\/csotrading.com\/tr\/wp-json\/wp\/v2\/product_tag?post=5915"}],"curies":[{"name":"wp","href":"https:\/\/api.w.org\/{rel}","templated":true}]}}