{"id":5880,"date":"2020-07-31T10:54:57","date_gmt":"2020-07-31T07:54:57","guid":{"rendered":"http:\/\/csotrading.com\/product\/mks1tm-25\/"},"modified":"2020-07-31T10:57:59","modified_gmt":"2020-07-31T07:57:59","slug":"mks1tm-25","status":"publish","type":"product","link":"https:\/\/csotrading.com\/tr\/product\/mks1tm-25\/","title":{"rendered":"MKS1TM-25"},"content":{"rendered":"<div class=\"row\">\n<div class=\"col-xs-6\">\n<div class=\"row\">\n<div class=\"col-xs-6\"><strong>\u00c7al\u0131\u015fma Frekans\u0131 :\u00a0<\/strong>50-60 Hz<\/div>\n<\/div>\n<div class=\"row\">\n<div class=\"col-xs-6\"><strong>\u00dcr\u00fcn :\u00a0<\/strong>Motor Koruma \u015ealteri<\/div>\n<\/div>\n<div class=\"row\">\n<div class=\"col-xs-6\"><strong>Kontak Ak\u0131m\u0131 (Ie) :\u00a0<\/strong>25 A<\/div>\n<\/div>\n<div class=\"row\">\n<div class=\"col-xs-6\"><strong>Termik Ak\u0131m Ayar Aral\u0131\u011f\u0131 :\u00a0<\/strong>20,0-25,0A<\/div>\n<\/div>\n<div class=\"row\">\n<div class=\"col-xs-6\"><strong>Kullan\u0131m Kategorisi :\u00a0<\/strong>AC 3<\/div>\n<\/div>\n<div class=\"row\">\n<div class=\"col-xs-6\"><strong>Mekanik \u00d6m\u00fcr (Min Adet) :\u00a0<\/strong>100000<\/div>\n<\/div>\n<div class=\"row\">\n<div class=\"col-xs-6\"><strong>Elektriksel \u00d6m\u00fcr (Min Adet) :\u00a0<\/strong>100000<\/div>\n<\/div>\n<div class=\"row\">\n<div class=\"col-xs-6\"><strong>\u00c7al\u0131\u015fma S\u0131kl\u0131\u011f\u0131 (A\u00e7ma Kapama\/Saat) :\u00a0<\/strong>Mek. 360 Elk. 360<\/div>\n<\/div>\n<div class=\"row\">\n<div class=\"col-xs-6\"><strong>Yal\u0131t\u0131m Gerilimi (Ui) :\u00a0<\/strong>690V AC<\/div>\n<\/div>\n<div class=\"row\">\n<div class=\"col-xs-6\"><strong>Darbe Dayan\u0131m Gerilimi (Uimp) :\u00a0<\/strong>6 kV<\/div>\n<\/div>\n<div class=\"row\">\n<div class=\"col-xs-6\"><strong>Dielektrik Mukavemeti (Kontak-Kontak) :\u00a0<\/strong>1890V<\/div>\n<\/div>\n<div class=\"row\">\n<div class=\"col-xs-6\"><strong>\u0130zolasyon Direnci :\u00a0<\/strong>10 M\u2126 M\u0130N. (500 V DC)<\/div>\n<\/div>\n<div class=\"row\">\n<div class=\"col-xs-6\"><strong>\u00c7al\u0131\u015fma S\u0131cakl\u0131\u011f\u0131 :\u00a0<\/strong>-5 \/ +40 \u00b0C<\/div>\n<\/div>\n<div class=\"row\">\n<div class=\"col-xs-6\"><strong>Kirlenme Derecesi :\u00a0<\/strong>3<\/div>\n<\/div>\n<div class=\"row\">\n<div class=\"col-xs-6\"><strong>Koruma S\u0131n\u0131f\u0131 :\u00a0<\/strong>IP40<\/div>\n<\/div>\n<div class=\"row\">\n<div class=\"col-xs-6\"><strong>Kablo Ba\u011flant\u0131 Kesiti :\u00a0<\/strong>0,75-4 mm\u00b2<\/div>\n<\/div>\n<div class=\"row\">\n<div class=\"col-xs-6\"><strong>S\u0131kma Kuvveti :\u00a0<\/strong>1,8 Nm<\/div>\n<\/div>\n<div class=\"row\">\n<div class=\"col-xs-6\"><strong>K\u0131sa devre kesme kapasitesi (Ics) :\u00a0<\/strong>6 kA<\/div>\n<\/div>\n<div class=\"row\">\n<div class=\"col-xs-6\"><strong>Seri :\u00a0<\/strong>MKS Serisi<\/div>\n<\/div>\n<\/div>\n<\/div>\n","protected":false},"excerpt":{"rendered":"<h3>20,0-25,0A MKS Motor Koruma \u015ealteri<\/h3>\n","protected":false},"featured_media":5879,"comment_status":"closed","ping_status":"closed","template":"","meta":[],"product_brand":[],"product_cat":[669],"product_tag":[724,558,723],"class_list":{"0":"post-5880","1":"product","2":"type-product","3":"status-publish","4":"has-post-thumbnail","6":"product_cat-motor-koruma-salterleri","7":"product_tag-1tm","8":"product_tag-558","9":"product_tag-mks","11":"first","12":"instock","13":"shipping-taxable","14":"product-type-simple"},"yoast_head":"<!-- This site is optimized with the Yoast SEO plugin v24.3 - https:\/\/yoast.com\/wordpress\/plugins\/seo\/ -->\n<title>MKS1TM-25 - CSO TRADING<\/title>\n<meta name=\"robots\" content=\"index, follow, max-snippet:-1, max-image-preview:large, max-video-preview:-1\" \/>\n<link rel=\"canonical\" href=\"https:\/\/csotrading.com\/tr\/product\/mks1tm-25\/\" \/>\n<meta property=\"og:locale\" content=\"tr_TR\" \/>\n<meta property=\"og:type\" content=\"article\" \/>\n<meta property=\"og:title\" content=\"MKS1TM-25 - CSO TRADING\" \/>\n<meta property=\"og:description\" content=\"20,0-25,0A MKS Motor Koruma \u015ealteri\" \/>\n<meta property=\"og:url\" content=\"https:\/\/csotrading.com\/tr\/product\/mks1tm-25\/\" \/>\n<meta property=\"og:site_name\" content=\"CSO TRADING\" \/>\n<meta property=\"article:modified_time\" content=\"2020-07-31T07:57:59+00:00\" \/>\n<meta property=\"og:image\" content=\"https:\/\/csotrading.com\/wp-content\/uploads\/2020\/07\/MKS1TM-25.jpg\" \/>\n\t<meta property=\"og:image:width\" content=\"537\" \/>\n\t<meta property=\"og:image:height\" content=\"480\" \/>\n\t<meta property=\"og:image:type\" content=\"image\/jpeg\" \/>\n<meta name=\"twitter:card\" content=\"summary_large_image\" \/>\n<meta name=\"twitter:label1\" content=\"Tahmini okuma s\u00fcresi\" \/>\n\t<meta name=\"twitter:data1\" content=\"1 dakika\" \/>\n<script type=\"application\/ld+json\" class=\"yoast-schema-graph\">{\"@context\":\"https:\/\/schema.org\",\"@graph\":[{\"@type\":\"WebPage\",\"@id\":\"https:\/\/csotrading.com\/tr\/product\/mks1tm-25\/\",\"url\":\"https:\/\/csotrading.com\/tr\/product\/mks1tm-25\/\",\"name\":\"MKS1TM-25 - CSO TRADING\",\"isPartOf\":{\"@id\":\"https:\/\/csotrading.com\/#website\"},\"primaryImageOfPage\":{\"@id\":\"https:\/\/csotrading.com\/tr\/product\/mks1tm-25\/#primaryimage\"},\"image\":{\"@id\":\"https:\/\/csotrading.com\/tr\/product\/mks1tm-25\/#primaryimage\"},\"thumbnailUrl\":\"https:\/\/csotrading.com\/wp-content\/uploads\/2020\/07\/MKS1TM-25.jpg\",\"datePublished\":\"2020-07-31T07:54:57+00:00\",\"dateModified\":\"2020-07-31T07:57:59+00:00\",\"breadcrumb\":{\"@id\":\"https:\/\/csotrading.com\/tr\/product\/mks1tm-25\/#breadcrumb\"},\"inLanguage\":\"tr\",\"potentialAction\":[{\"@type\":\"ReadAction\",\"target\":[\"https:\/\/csotrading.com\/tr\/product\/mks1tm-25\/\"]}]},{\"@type\":\"ImageObject\",\"inLanguage\":\"tr\",\"@id\":\"https:\/\/csotrading.com\/tr\/product\/mks1tm-25\/#primaryimage\",\"url\":\"https:\/\/csotrading.com\/wp-content\/uploads\/2020\/07\/MKS1TM-25.jpg\",\"contentUrl\":\"https:\/\/csotrading.com\/wp-content\/uploads\/2020\/07\/MKS1TM-25.jpg\",\"width\":537,\"height\":480},{\"@type\":\"BreadcrumbList\",\"@id\":\"https:\/\/csotrading.com\/tr\/product\/mks1tm-25\/#breadcrumb\",\"itemListElement\":[{\"@type\":\"ListItem\",\"position\":1,\"name\":\"Home\",\"item\":\"https:\/\/csotrading.com\/tr\/\"},{\"@type\":\"ListItem\",\"position\":2,\"name\":\"Ma\u011faza\",\"item\":\"https:\/\/csotrading.com\/magaza\/\"},{\"@type\":\"ListItem\",\"position\":3,\"name\":\"MKS1TM-25\"}]},{\"@type\":\"WebSite\",\"@id\":\"https:\/\/csotrading.com\/#website\",\"url\":\"https:\/\/csotrading.com\/\",\"name\":\"CSO TRADING\",\"description\":\"\",\"potentialAction\":[{\"@type\":\"SearchAction\",\"target\":{\"@type\":\"EntryPoint\",\"urlTemplate\":\"https:\/\/csotrading.com\/?s={search_term_string}\"},\"query-input\":{\"@type\":\"PropertyValueSpecification\",\"valueRequired\":true,\"valueName\":\"search_term_string\"}}],\"inLanguage\":\"tr\"}]}<\/script>\n<!-- \/ Yoast SEO plugin. -->","yoast_head_json":{"title":"MKS1TM-25 - CSO TRADING","robots":{"index":"index","follow":"follow","max-snippet":"max-snippet:-1","max-image-preview":"max-image-preview:large","max-video-preview":"max-video-preview:-1"},"canonical":"https:\/\/csotrading.com\/tr\/product\/mks1tm-25\/","og_locale":"tr_TR","og_type":"article","og_title":"MKS1TM-25 - CSO TRADING","og_description":"20,0-25,0A MKS Motor Koruma \u015ealteri","og_url":"https:\/\/csotrading.com\/tr\/product\/mks1tm-25\/","og_site_name":"CSO TRADING","article_modified_time":"2020-07-31T07:57:59+00:00","og_image":[{"width":537,"height":480,"url":"https:\/\/csotrading.com\/wp-content\/uploads\/2020\/07\/MKS1TM-25.jpg","type":"image\/jpeg"}],"twitter_card":"summary_large_image","twitter_misc":{"Tahmini okuma s\u00fcresi":"1 dakika"},"schema":{"@context":"https:\/\/schema.org","@graph":[{"@type":"WebPage","@id":"https:\/\/csotrading.com\/tr\/product\/mks1tm-25\/","url":"https:\/\/csotrading.com\/tr\/product\/mks1tm-25\/","name":"MKS1TM-25 - CSO TRADING","isPartOf":{"@id":"https:\/\/csotrading.com\/#website"},"primaryImageOfPage":{"@id":"https:\/\/csotrading.com\/tr\/product\/mks1tm-25\/#primaryimage"},"image":{"@id":"https:\/\/csotrading.com\/tr\/product\/mks1tm-25\/#primaryimage"},"thumbnailUrl":"https:\/\/csotrading.com\/wp-content\/uploads\/2020\/07\/MKS1TM-25.jpg","datePublished":"2020-07-31T07:54:57+00:00","dateModified":"2020-07-31T07:57:59+00:00","breadcrumb":{"@id":"https:\/\/csotrading.com\/tr\/product\/mks1tm-25\/#breadcrumb"},"inLanguage":"tr","potentialAction":[{"@type":"ReadAction","target":["https:\/\/csotrading.com\/tr\/product\/mks1tm-25\/"]}]},{"@type":"ImageObject","inLanguage":"tr","@id":"https:\/\/csotrading.com\/tr\/product\/mks1tm-25\/#primaryimage","url":"https:\/\/csotrading.com\/wp-content\/uploads\/2020\/07\/MKS1TM-25.jpg","contentUrl":"https:\/\/csotrading.com\/wp-content\/uploads\/2020\/07\/MKS1TM-25.jpg","width":537,"height":480},{"@type":"BreadcrumbList","@id":"https:\/\/csotrading.com\/tr\/product\/mks1tm-25\/#breadcrumb","itemListElement":[{"@type":"ListItem","position":1,"name":"Home","item":"https:\/\/csotrading.com\/tr\/"},{"@type":"ListItem","position":2,"name":"Ma\u011faza","item":"https:\/\/csotrading.com\/magaza\/"},{"@type":"ListItem","position":3,"name":"MKS1TM-25"}]},{"@type":"WebSite","@id":"https:\/\/csotrading.com\/#website","url":"https:\/\/csotrading.com\/","name":"CSO TRADING","description":"","potentialAction":[{"@type":"SearchAction","target":{"@type":"EntryPoint","urlTemplate":"https:\/\/csotrading.com\/?s={search_term_string}"},"query-input":{"@type":"PropertyValueSpecification","valueRequired":true,"valueName":"search_term_string"}}],"inLanguage":"tr"}]}},"_links":{"self":[{"href":"https:\/\/csotrading.com\/tr\/wp-json\/wp\/v2\/product\/5880"}],"collection":[{"href":"https:\/\/csotrading.com\/tr\/wp-json\/wp\/v2\/product"}],"about":[{"href":"https:\/\/csotrading.com\/tr\/wp-json\/wp\/v2\/types\/product"}],"replies":[{"embeddable":true,"href":"https:\/\/csotrading.com\/tr\/wp-json\/wp\/v2\/comments?post=5880"}],"wp:featuredmedia":[{"embeddable":true,"href":"https:\/\/csotrading.com\/tr\/wp-json\/wp\/v2\/media\/5879"}],"wp:attachment":[{"href":"https:\/\/csotrading.com\/tr\/wp-json\/wp\/v2\/media?parent=5880"}],"wp:term":[{"taxonomy":"product_brand","embeddable":true,"href":"https:\/\/csotrading.com\/tr\/wp-json\/wp\/v2\/product_brand?post=5880"},{"taxonomy":"product_cat","embeddable":true,"href":"https:\/\/csotrading.com\/tr\/wp-json\/wp\/v2\/product_cat?post=5880"},{"taxonomy":"product_tag","embeddable":true,"href":"https:\/\/csotrading.com\/tr\/wp-json\/wp\/v2\/product_tag?post=5880"}],"curies":[{"name":"wp","href":"https:\/\/api.w.org\/{rel}","templated":true}]}}