{"id":5804,"date":"2020-07-31T07:41:42","date_gmt":"2020-07-31T04:41:42","guid":{"rendered":"http:\/\/csotrading.com\/product\/ram1s\/"},"modified":"2020-07-31T07:44:51","modified_gmt":"2020-07-31T04:44:51","slug":"ram1s","status":"publish","type":"product","link":"https:\/\/csotrading.com\/tr\/product\/ram1s\/","title":{"rendered":"RAM1S"},"content":{"rendered":"<div class=\"row\">\n<div class=\"col-xs-6\">\n<div class=\"row\">\n<div class=\"col-xs-6\"><strong>Anahtarlama Kapasitesi :\u00a0<\/strong>6000\/saat<\/div>\n<\/div>\n<div class=\"row\">\n<div class=\"col-xs-6\"><strong>Ba\u011flant\u0131 Tipi :\u00a0<\/strong>8 Pin<\/div>\n<\/div>\n<div class=\"row\">\n<div class=\"col-xs-6\"><strong>\u00c7al\u0131\u015fma Frekans\u0131 :\u00a0<\/strong>50Hz<\/div>\n<\/div>\n<div class=\"row\">\n<div class=\"col-xs-6\"><strong>\u00c7al\u0131\u015fma Gerilimi :\u00a0<\/strong>3x380VAC<\/div>\n<\/div>\n<div class=\"row\">\n<div class=\"col-xs-6\"><strong>\u00dcr\u00fcn :\u00a0<\/strong>Elektronik R\u00f6le<\/div>\n<\/div>\n<div class=\"row\">\n<div class=\"col-xs-6\"><strong>Kontrol :\u00a0<\/strong>Analog<\/div>\n<\/div>\n<div class=\"row\">\n<div class=\"col-xs-6\"><strong>Tip :\u00a0<\/strong>Motor Koruma<\/div>\n<\/div>\n<div class=\"row\">\n<div class=\"col-xs-6\"><strong>Kontak :\u00a0<\/strong>1CO<\/div>\n<\/div>\n<div class=\"row\">\n<div class=\"col-xs-6\"><strong>Kontak Ak\u0131m\u0131 (Ie) :\u00a0<\/strong>5A (rezistif)<\/div>\n<\/div>\n<div class=\"row\">\n<div class=\"col-xs-6\"><strong>Mekanik \u00d6m\u00fcr (Min Adet) :\u00a0<\/strong>10000000<\/div>\n<\/div>\n<div class=\"row\">\n<div class=\"col-xs-6\"><strong>Elektriksel \u00d6m\u00fcr (Min Adet) :\u00a0<\/strong>100000<\/div>\n<\/div>\n<div class=\"row\">\n<div class=\"col-xs-6\"><strong>\u00c7al\u0131\u015fma S\u0131cakl\u0131\u011f\u0131 :\u00a0<\/strong>-5\u00b0C \/ +55\u00b0C<\/div>\n<\/div>\n<div class=\"row\">\n<div class=\"col-xs-6\"><strong>Koruma S\u0131n\u0131f\u0131 :\u00a0<\/strong>IP20<\/div>\n<\/div>\n<div class=\"row\">\n<div class=\"col-xs-6\"><strong>Kontak Malzemesi :\u00a0<\/strong>AgNi<\/div>\n<\/div>\n<div class=\"row\">\n<div class=\"col-xs-6\"><strong>\u00c7\u0131k\u0131\u015f Tipi :\u00a0<\/strong>1 adet r\u00f6le 10A\/250V AC<\/div>\n<\/div>\n<div class=\"row\">\n<div class=\"col-xs-6\"><strong>Maksimum Kontak G\u00fcc\u00fc :\u00a0<\/strong>1500 VA<\/div>\n<\/div>\n<div class=\"row\">\n<div class=\"col-xs-6\"><strong>Kontak Say\u0131s\u0131 :\u00a0<\/strong>1 envers\u00f6r<\/div>\n<\/div>\n<div class=\"row\">\n<div class=\"col-xs-6\"><strong>Max. Reset S\u00fcresi :\u00a0<\/strong>\u2264100ms<\/div>\n<\/div>\n<div class=\"row\">\n<div class=\"col-xs-6\"><strong>Voltaj Aral\u0131\u011f\u0131 :\u00a0<\/strong>(0,85-1.1)*Ue<\/div>\n<\/div>\n<div class=\"row\">\n<div class=\"col-xs-6\"><strong>Durum G\u00f6stergesi :\u00a0<\/strong>Led<\/div>\n<\/div>\n<div class=\"row\">\n<div class=\"col-xs-6\"><strong>Seri :\u00a0<\/strong>RAM Serisi<\/div>\n<\/div>\n<\/div>\n<\/div>\n","protected":false},"excerpt":{"rendered":"<h3>RAM Serisi 3x380VAC 1CO5A (rezistif) Analog Motor Koruma Elektronik R\u00f6le<\/h3>\n","protected":false},"featured_media":5803,"comment_status":"closed","ping_status":"closed","template":"","meta":[],"product_brand":[],"product_cat":[675],"product_tag":[694,693],"class_list":{"0":"post-5804","1":"product","2":"type-product","3":"status-publish","4":"has-post-thumbnail","6":"product_cat-elektronik-urun-grubu","7":"product_tag-1s","8":"product_tag-ram","10":"first","11":"instock","12":"shipping-taxable","13":"product-type-simple"},"yoast_head":"<!-- This site is optimized with the Yoast SEO plugin v24.3 - https:\/\/yoast.com\/wordpress\/plugins\/seo\/ -->\n<title>RAM1S - CSO TRADING<\/title>\n<meta name=\"robots\" content=\"index, follow, max-snippet:-1, max-image-preview:large, max-video-preview:-1\" \/>\n<link rel=\"canonical\" href=\"https:\/\/csotrading.com\/tr\/product\/ram1s\/\" \/>\n<meta property=\"og:locale\" content=\"tr_TR\" \/>\n<meta property=\"og:type\" content=\"article\" \/>\n<meta property=\"og:title\" content=\"RAM1S - CSO TRADING\" \/>\n<meta property=\"og:description\" content=\"RAM Serisi 3x380VAC 1CO5A (rezistif) Analog Motor Koruma Elektronik R\u00f6le\" \/>\n<meta property=\"og:url\" content=\"https:\/\/csotrading.com\/tr\/product\/ram1s\/\" \/>\n<meta property=\"og:site_name\" content=\"CSO TRADING\" \/>\n<meta property=\"article:modified_time\" content=\"2020-07-31T04:44:51+00:00\" \/>\n<meta property=\"og:image\" content=\"https:\/\/csotrading.com\/wp-content\/uploads\/2020\/07\/RAM1S.jpg\" \/>\n\t<meta property=\"og:image:width\" content=\"545\" \/>\n\t<meta property=\"og:image:height\" content=\"480\" \/>\n\t<meta property=\"og:image:type\" content=\"image\/jpeg\" \/>\n<meta name=\"twitter:card\" content=\"summary_large_image\" \/>\n<script type=\"application\/ld+json\" class=\"yoast-schema-graph\">{\"@context\":\"https:\/\/schema.org\",\"@graph\":[{\"@type\":\"WebPage\",\"@id\":\"https:\/\/csotrading.com\/tr\/product\/ram1s\/\",\"url\":\"https:\/\/csotrading.com\/tr\/product\/ram1s\/\",\"name\":\"RAM1S - CSO TRADING\",\"isPartOf\":{\"@id\":\"https:\/\/csotrading.com\/#website\"},\"primaryImageOfPage\":{\"@id\":\"https:\/\/csotrading.com\/tr\/product\/ram1s\/#primaryimage\"},\"image\":{\"@id\":\"https:\/\/csotrading.com\/tr\/product\/ram1s\/#primaryimage\"},\"thumbnailUrl\":\"https:\/\/csotrading.com\/wp-content\/uploads\/2020\/07\/RAM1S.jpg\",\"datePublished\":\"2020-07-31T04:41:42+00:00\",\"dateModified\":\"2020-07-31T04:44:51+00:00\",\"breadcrumb\":{\"@id\":\"https:\/\/csotrading.com\/tr\/product\/ram1s\/#breadcrumb\"},\"inLanguage\":\"tr\",\"potentialAction\":[{\"@type\":\"ReadAction\",\"target\":[\"https:\/\/csotrading.com\/tr\/product\/ram1s\/\"]}]},{\"@type\":\"ImageObject\",\"inLanguage\":\"tr\",\"@id\":\"https:\/\/csotrading.com\/tr\/product\/ram1s\/#primaryimage\",\"url\":\"https:\/\/csotrading.com\/wp-content\/uploads\/2020\/07\/RAM1S.jpg\",\"contentUrl\":\"https:\/\/csotrading.com\/wp-content\/uploads\/2020\/07\/RAM1S.jpg\",\"width\":545,\"height\":480},{\"@type\":\"BreadcrumbList\",\"@id\":\"https:\/\/csotrading.com\/tr\/product\/ram1s\/#breadcrumb\",\"itemListElement\":[{\"@type\":\"ListItem\",\"position\":1,\"name\":\"Home\",\"item\":\"https:\/\/csotrading.com\/tr\/\"},{\"@type\":\"ListItem\",\"position\":2,\"name\":\"Ma\u011faza\",\"item\":\"https:\/\/csotrading.com\/magaza\/\"},{\"@type\":\"ListItem\",\"position\":3,\"name\":\"RAM1S\"}]},{\"@type\":\"WebSite\",\"@id\":\"https:\/\/csotrading.com\/#website\",\"url\":\"https:\/\/csotrading.com\/\",\"name\":\"CSO TRADING\",\"description\":\"\",\"potentialAction\":[{\"@type\":\"SearchAction\",\"target\":{\"@type\":\"EntryPoint\",\"urlTemplate\":\"https:\/\/csotrading.com\/?s={search_term_string}\"},\"query-input\":{\"@type\":\"PropertyValueSpecification\",\"valueRequired\":true,\"valueName\":\"search_term_string\"}}],\"inLanguage\":\"tr\"}]}<\/script>\n<!-- \/ Yoast SEO plugin. -->","yoast_head_json":{"title":"RAM1S - CSO TRADING","robots":{"index":"index","follow":"follow","max-snippet":"max-snippet:-1","max-image-preview":"max-image-preview:large","max-video-preview":"max-video-preview:-1"},"canonical":"https:\/\/csotrading.com\/tr\/product\/ram1s\/","og_locale":"tr_TR","og_type":"article","og_title":"RAM1S - CSO TRADING","og_description":"RAM Serisi 3x380VAC 1CO5A (rezistif) Analog Motor Koruma Elektronik R\u00f6le","og_url":"https:\/\/csotrading.com\/tr\/product\/ram1s\/","og_site_name":"CSO TRADING","article_modified_time":"2020-07-31T04:44:51+00:00","og_image":[{"width":545,"height":480,"url":"https:\/\/csotrading.com\/wp-content\/uploads\/2020\/07\/RAM1S.jpg","type":"image\/jpeg"}],"twitter_card":"summary_large_image","schema":{"@context":"https:\/\/schema.org","@graph":[{"@type":"WebPage","@id":"https:\/\/csotrading.com\/tr\/product\/ram1s\/","url":"https:\/\/csotrading.com\/tr\/product\/ram1s\/","name":"RAM1S - CSO TRADING","isPartOf":{"@id":"https:\/\/csotrading.com\/#website"},"primaryImageOfPage":{"@id":"https:\/\/csotrading.com\/tr\/product\/ram1s\/#primaryimage"},"image":{"@id":"https:\/\/csotrading.com\/tr\/product\/ram1s\/#primaryimage"},"thumbnailUrl":"https:\/\/csotrading.com\/wp-content\/uploads\/2020\/07\/RAM1S.jpg","datePublished":"2020-07-31T04:41:42+00:00","dateModified":"2020-07-31T04:44:51+00:00","breadcrumb":{"@id":"https:\/\/csotrading.com\/tr\/product\/ram1s\/#breadcrumb"},"inLanguage":"tr","potentialAction":[{"@type":"ReadAction","target":["https:\/\/csotrading.com\/tr\/product\/ram1s\/"]}]},{"@type":"ImageObject","inLanguage":"tr","@id":"https:\/\/csotrading.com\/tr\/product\/ram1s\/#primaryimage","url":"https:\/\/csotrading.com\/wp-content\/uploads\/2020\/07\/RAM1S.jpg","contentUrl":"https:\/\/csotrading.com\/wp-content\/uploads\/2020\/07\/RAM1S.jpg","width":545,"height":480},{"@type":"BreadcrumbList","@id":"https:\/\/csotrading.com\/tr\/product\/ram1s\/#breadcrumb","itemListElement":[{"@type":"ListItem","position":1,"name":"Home","item":"https:\/\/csotrading.com\/tr\/"},{"@type":"ListItem","position":2,"name":"Ma\u011faza","item":"https:\/\/csotrading.com\/magaza\/"},{"@type":"ListItem","position":3,"name":"RAM1S"}]},{"@type":"WebSite","@id":"https:\/\/csotrading.com\/#website","url":"https:\/\/csotrading.com\/","name":"CSO TRADING","description":"","potentialAction":[{"@type":"SearchAction","target":{"@type":"EntryPoint","urlTemplate":"https:\/\/csotrading.com\/?s={search_term_string}"},"query-input":{"@type":"PropertyValueSpecification","valueRequired":true,"valueName":"search_term_string"}}],"inLanguage":"tr"}]}},"_links":{"self":[{"href":"https:\/\/csotrading.com\/tr\/wp-json\/wp\/v2\/product\/5804"}],"collection":[{"href":"https:\/\/csotrading.com\/tr\/wp-json\/wp\/v2\/product"}],"about":[{"href":"https:\/\/csotrading.com\/tr\/wp-json\/wp\/v2\/types\/product"}],"replies":[{"embeddable":true,"href":"https:\/\/csotrading.com\/tr\/wp-json\/wp\/v2\/comments?post=5804"}],"wp:featuredmedia":[{"embeddable":true,"href":"https:\/\/csotrading.com\/tr\/wp-json\/wp\/v2\/media\/5803"}],"wp:attachment":[{"href":"https:\/\/csotrading.com\/tr\/wp-json\/wp\/v2\/media?parent=5804"}],"wp:term":[{"taxonomy":"product_brand","embeddable":true,"href":"https:\/\/csotrading.com\/tr\/wp-json\/wp\/v2\/product_brand?post=5804"},{"taxonomy":"product_cat","embeddable":true,"href":"https:\/\/csotrading.com\/tr\/wp-json\/wp\/v2\/product_cat?post=5804"},{"taxonomy":"product_tag","embeddable":true,"href":"https:\/\/csotrading.com\/tr\/wp-json\/wp\/v2\/product_tag?post=5804"}],"curies":[{"name":"wp","href":"https:\/\/api.w.org\/{rel}","templated":true}]}}