{"id":5787,"date":"2020-07-29T23:12:11","date_gmt":"2020-07-29T20:12:11","guid":{"rendered":"http:\/\/csotrading.com\/product\/a21b1s11\/"},"modified":"2020-07-29T23:16:05","modified_gmt":"2020-07-29T20:16:05","slug":"a21b1s11","status":"publish","type":"product","link":"https:\/\/csotrading.com\/tr\/product\/a21b1s11\/","title":{"rendered":"A21B1S11"},"content":{"rendered":"<div class=\"row\">\n<div class=\"col-xs-6\">\n<div class=\"row\">\n<div class=\"col-xs-6\"><strong>Ba\u011flant\u0131 Tipi :\u00a0<\/strong>Terminalli<\/div>\n<\/div>\n<div class=\"row\">\n<div class=\"col-xs-6\"><strong>Bask\u0131 :\u00a0<\/strong>0-1 Bask\u0131l\u0131<\/div>\n<\/div>\n<div class=\"row\">\n<div class=\"col-xs-6\"><strong>\u00dcr\u00fcn :\u00a0<\/strong>Anahtar<\/div>\n<\/div>\n<div class=\"row\">\n<div class=\"col-xs-6\"><strong>Kontak :\u00a0<\/strong>1NO<\/div>\n<\/div>\n<div class=\"row\">\n<div class=\"col-xs-6\"><strong>Renk :\u00a0<\/strong>Sar\u0131<\/div>\n<\/div>\n<div class=\"row\">\n<div class=\"col-xs-6\"><strong>I\u015f\u0131k :\u00a0<\/strong>I\u015f\u0131kl\u0131<\/div>\n<\/div>\n<div class=\"row\">\n<div class=\"col-xs-6\"><strong>\u00c7ap :\u00a0<\/strong>30*11mm<\/div>\n<\/div>\n<div class=\"row\">\n<div class=\"col-xs-6\"><strong>Kontak Ak\u0131m\u0131 (Ie) :\u00a0<\/strong>16 A (250V AC)<\/div>\n<\/div>\n<div class=\"row\">\n<div class=\"col-xs-6\"><strong>Kullan\u0131m Kategorisi :\u00a0<\/strong>AC15<\/div>\n<\/div>\n<div class=\"row\">\n<div class=\"col-xs-6\"><strong>Mekanik \u00d6m\u00fcr (Min Adet) :\u00a0<\/strong>50000<\/div>\n<\/div>\n<div class=\"row\">\n<div class=\"col-xs-6\"><strong>Elektriksel \u00d6m\u00fcr (Min Adet) :\u00a0<\/strong>50000<\/div>\n<\/div>\n<div class=\"row\">\n<div class=\"col-xs-6\"><strong>\u00c7al\u0131\u015fma S\u0131kl\u0131\u011f\u0131 (A\u00e7ma Kapama\/Saat)\u00a0\u00a0<\/strong>Mek.900 Elk.900<\/div>\n<\/div>\n<div class=\"row\">\n<div class=\"col-xs-6\"><strong>Yal\u0131t\u0131m Gerilimi (Ui) :\u00a0<\/strong>300 V<\/div>\n<\/div>\n<div class=\"row\">\n<div class=\"col-xs-6\"><strong>Darbe Dayan\u0131m Gerilimi (Uimp) :\u00a0<\/strong>2.5 kV<\/div>\n<\/div>\n<div class=\"row\">\n<div class=\"col-xs-6\"><strong>Dielektrik Mukavemeti (G\u00f6vde-Kontak) :\u00a0<\/strong>2.500V AC<\/div>\n<\/div>\n<div class=\"row\">\n<div class=\"col-xs-6\"><strong>Dielektrik Mukavemeti (Kontak-Kontak) :\u00a0<\/strong>1.500V AC<\/div>\n<\/div>\n<div class=\"row\">\n<div class=\"col-xs-6\"><strong>\u0130zolasyon Direnci :\u00a0<\/strong>10 M\u2126 min. (500V DC)<\/div>\n<\/div>\n<div class=\"row\">\n<div class=\"col-xs-6\"><strong>\u00c7al\u0131\u015fma S\u0131cakl\u0131\u011f\u0131 :\u00a0<\/strong>-25 \/ +80 \u00b0C<\/div>\n<\/div>\n<div class=\"row\">\n<div class=\"col-xs-6\"><strong>Kirlenme Derecesi :\u00a0<\/strong>3<\/div>\n<\/div>\n<div class=\"row\">\n<div class=\"col-xs-6\"><strong>Koruma S\u0131n\u0131f\u0131 :\u00a0<\/strong>IP20<\/div>\n<\/div>\n<div class=\"row\">\n<div class=\"col-xs-6\"><strong>Kontak Malzemesi :\u00a0<\/strong>AgNi<\/div>\n<\/div>\n<div class=\"row\">\n<div class=\"col-xs-6\"><strong>Kablo Ba\u011flant\u0131 Kesiti :\u00a0<\/strong>Terminal 6,3*0,8 mm<\/div>\n<\/div>\n<div class=\"row\">\n<div class=\"col-xs-6\"><strong>K\u0131sa devre kesme kapasitesi (Ics) :\u00a0<\/strong>1 kA<\/div>\n<\/div>\n<div class=\"row\">\n<div class=\"col-xs-6\"><strong>Seri :\u00a0<\/strong>A21 Serisi<\/div>\n<\/div>\n<div class=\"row\">\n<div class=\"col-xs-6\"><strong>G\u00f6vde Rengi :\u00a0<\/strong>Siyah G\u00f6vde<\/div>\n<\/div>\n<\/div>\n<\/div>\n","protected":false},"excerpt":{"rendered":"<h3>30*11mm Siyah G\u00f6vde 1NO I\u015f\u0131kl\u0131 Terminalli 0-1 Bask\u0131l\u0131 Sar\u0131 A21 Serisi Anahtar<\/h3>\n","protected":false},"featured_media":5786,"comment_status":"closed","ping_status":"closed","template":"","meta":[],"product_brand":[],"product_cat":[672],"product_tag":[490,687,688],"class_list":{"0":"post-5787","1":"product","2":"type-product","3":"status-publish","4":"has-post-thumbnail","6":"product_cat-asal-salterler","7":"product_tag-490","8":"product_tag-a21","9":"product_tag-b1s","11":"first","12":"instock","13":"shipping-taxable","14":"product-type-simple"},"yoast_head":"<!-- This site is optimized with the Yoast SEO plugin v24.3 - https:\/\/yoast.com\/wordpress\/plugins\/seo\/ -->\n<title>A21B1S11 - CSO TRADING<\/title>\n<meta name=\"robots\" content=\"index, follow, max-snippet:-1, max-image-preview:large, max-video-preview:-1\" \/>\n<link rel=\"canonical\" href=\"https:\/\/csotrading.com\/tr\/product\/a21b1s11\/\" \/>\n<meta property=\"og:locale\" content=\"tr_TR\" \/>\n<meta property=\"og:type\" content=\"article\" \/>\n<meta property=\"og:title\" content=\"A21B1S11 - CSO TRADING\" \/>\n<meta property=\"og:description\" content=\"30*11mm Siyah G\u00f6vde 1NO I\u015f\u0131kl\u0131 Terminalli 0-1 Bask\u0131l\u0131 Sar\u0131 A21 Serisi Anahtar\" \/>\n<meta property=\"og:url\" content=\"https:\/\/csotrading.com\/tr\/product\/a21b1s11\/\" \/>\n<meta property=\"og:site_name\" content=\"CSO TRADING\" \/>\n<meta property=\"article:modified_time\" content=\"2020-07-29T20:16:05+00:00\" \/>\n<meta property=\"og:image\" content=\"https:\/\/csotrading.com\/wp-content\/uploads\/2020\/07\/A21B1S11.jpg\" \/>\n\t<meta property=\"og:image:width\" content=\"570\" \/>\n\t<meta property=\"og:image:height\" content=\"480\" \/>\n\t<meta property=\"og:image:type\" content=\"image\/jpeg\" \/>\n<meta name=\"twitter:card\" content=\"summary_large_image\" \/>\n<meta name=\"twitter:label1\" content=\"Tahmini okuma s\u00fcresi\" \/>\n\t<meta name=\"twitter:data1\" content=\"1 dakika\" \/>\n<script type=\"application\/ld+json\" class=\"yoast-schema-graph\">{\"@context\":\"https:\/\/schema.org\",\"@graph\":[{\"@type\":\"WebPage\",\"@id\":\"https:\/\/csotrading.com\/tr\/product\/a21b1s11\/\",\"url\":\"https:\/\/csotrading.com\/tr\/product\/a21b1s11\/\",\"name\":\"A21B1S11 - CSO TRADING\",\"isPartOf\":{\"@id\":\"https:\/\/csotrading.com\/#website\"},\"primaryImageOfPage\":{\"@id\":\"https:\/\/csotrading.com\/tr\/product\/a21b1s11\/#primaryimage\"},\"image\":{\"@id\":\"https:\/\/csotrading.com\/tr\/product\/a21b1s11\/#primaryimage\"},\"thumbnailUrl\":\"https:\/\/csotrading.com\/wp-content\/uploads\/2020\/07\/A21B1S11.jpg\",\"datePublished\":\"2020-07-29T20:12:11+00:00\",\"dateModified\":\"2020-07-29T20:16:05+00:00\",\"breadcrumb\":{\"@id\":\"https:\/\/csotrading.com\/tr\/product\/a21b1s11\/#breadcrumb\"},\"inLanguage\":\"tr\",\"potentialAction\":[{\"@type\":\"ReadAction\",\"target\":[\"https:\/\/csotrading.com\/tr\/product\/a21b1s11\/\"]}]},{\"@type\":\"ImageObject\",\"inLanguage\":\"tr\",\"@id\":\"https:\/\/csotrading.com\/tr\/product\/a21b1s11\/#primaryimage\",\"url\":\"https:\/\/csotrading.com\/wp-content\/uploads\/2020\/07\/A21B1S11.jpg\",\"contentUrl\":\"https:\/\/csotrading.com\/wp-content\/uploads\/2020\/07\/A21B1S11.jpg\",\"width\":570,\"height\":480},{\"@type\":\"BreadcrumbList\",\"@id\":\"https:\/\/csotrading.com\/tr\/product\/a21b1s11\/#breadcrumb\",\"itemListElement\":[{\"@type\":\"ListItem\",\"position\":1,\"name\":\"Home\",\"item\":\"https:\/\/csotrading.com\/tr\/\"},{\"@type\":\"ListItem\",\"position\":2,\"name\":\"Ma\u011faza\",\"item\":\"https:\/\/csotrading.com\/magaza\/\"},{\"@type\":\"ListItem\",\"position\":3,\"name\":\"A21B1S11\"}]},{\"@type\":\"WebSite\",\"@id\":\"https:\/\/csotrading.com\/#website\",\"url\":\"https:\/\/csotrading.com\/\",\"name\":\"CSO TRADING\",\"description\":\"\",\"potentialAction\":[{\"@type\":\"SearchAction\",\"target\":{\"@type\":\"EntryPoint\",\"urlTemplate\":\"https:\/\/csotrading.com\/?s={search_term_string}\"},\"query-input\":{\"@type\":\"PropertyValueSpecification\",\"valueRequired\":true,\"valueName\":\"search_term_string\"}}],\"inLanguage\":\"tr\"}]}<\/script>\n<!-- \/ Yoast SEO plugin. -->","yoast_head_json":{"title":"A21B1S11 - CSO TRADING","robots":{"index":"index","follow":"follow","max-snippet":"max-snippet:-1","max-image-preview":"max-image-preview:large","max-video-preview":"max-video-preview:-1"},"canonical":"https:\/\/csotrading.com\/tr\/product\/a21b1s11\/","og_locale":"tr_TR","og_type":"article","og_title":"A21B1S11 - CSO TRADING","og_description":"30*11mm Siyah G\u00f6vde 1NO I\u015f\u0131kl\u0131 Terminalli 0-1 Bask\u0131l\u0131 Sar\u0131 A21 Serisi Anahtar","og_url":"https:\/\/csotrading.com\/tr\/product\/a21b1s11\/","og_site_name":"CSO TRADING","article_modified_time":"2020-07-29T20:16:05+00:00","og_image":[{"width":570,"height":480,"url":"https:\/\/csotrading.com\/wp-content\/uploads\/2020\/07\/A21B1S11.jpg","type":"image\/jpeg"}],"twitter_card":"summary_large_image","twitter_misc":{"Tahmini okuma s\u00fcresi":"1 dakika"},"schema":{"@context":"https:\/\/schema.org","@graph":[{"@type":"WebPage","@id":"https:\/\/csotrading.com\/tr\/product\/a21b1s11\/","url":"https:\/\/csotrading.com\/tr\/product\/a21b1s11\/","name":"A21B1S11 - CSO TRADING","isPartOf":{"@id":"https:\/\/csotrading.com\/#website"},"primaryImageOfPage":{"@id":"https:\/\/csotrading.com\/tr\/product\/a21b1s11\/#primaryimage"},"image":{"@id":"https:\/\/csotrading.com\/tr\/product\/a21b1s11\/#primaryimage"},"thumbnailUrl":"https:\/\/csotrading.com\/wp-content\/uploads\/2020\/07\/A21B1S11.jpg","datePublished":"2020-07-29T20:12:11+00:00","dateModified":"2020-07-29T20:16:05+00:00","breadcrumb":{"@id":"https:\/\/csotrading.com\/tr\/product\/a21b1s11\/#breadcrumb"},"inLanguage":"tr","potentialAction":[{"@type":"ReadAction","target":["https:\/\/csotrading.com\/tr\/product\/a21b1s11\/"]}]},{"@type":"ImageObject","inLanguage":"tr","@id":"https:\/\/csotrading.com\/tr\/product\/a21b1s11\/#primaryimage","url":"https:\/\/csotrading.com\/wp-content\/uploads\/2020\/07\/A21B1S11.jpg","contentUrl":"https:\/\/csotrading.com\/wp-content\/uploads\/2020\/07\/A21B1S11.jpg","width":570,"height":480},{"@type":"BreadcrumbList","@id":"https:\/\/csotrading.com\/tr\/product\/a21b1s11\/#breadcrumb","itemListElement":[{"@type":"ListItem","position":1,"name":"Home","item":"https:\/\/csotrading.com\/tr\/"},{"@type":"ListItem","position":2,"name":"Ma\u011faza","item":"https:\/\/csotrading.com\/magaza\/"},{"@type":"ListItem","position":3,"name":"A21B1S11"}]},{"@type":"WebSite","@id":"https:\/\/csotrading.com\/#website","url":"https:\/\/csotrading.com\/","name":"CSO TRADING","description":"","potentialAction":[{"@type":"SearchAction","target":{"@type":"EntryPoint","urlTemplate":"https:\/\/csotrading.com\/?s={search_term_string}"},"query-input":{"@type":"PropertyValueSpecification","valueRequired":true,"valueName":"search_term_string"}}],"inLanguage":"tr"}]}},"_links":{"self":[{"href":"https:\/\/csotrading.com\/tr\/wp-json\/wp\/v2\/product\/5787"}],"collection":[{"href":"https:\/\/csotrading.com\/tr\/wp-json\/wp\/v2\/product"}],"about":[{"href":"https:\/\/csotrading.com\/tr\/wp-json\/wp\/v2\/types\/product"}],"replies":[{"embeddable":true,"href":"https:\/\/csotrading.com\/tr\/wp-json\/wp\/v2\/comments?post=5787"}],"wp:featuredmedia":[{"embeddable":true,"href":"https:\/\/csotrading.com\/tr\/wp-json\/wp\/v2\/media\/5786"}],"wp:attachment":[{"href":"https:\/\/csotrading.com\/tr\/wp-json\/wp\/v2\/media?parent=5787"}],"wp:term":[{"taxonomy":"product_brand","embeddable":true,"href":"https:\/\/csotrading.com\/tr\/wp-json\/wp\/v2\/product_brand?post=5787"},{"taxonomy":"product_cat","embeddable":true,"href":"https:\/\/csotrading.com\/tr\/wp-json\/wp\/v2\/product_cat?post=5787"},{"taxonomy":"product_tag","embeddable":true,"href":"https:\/\/csotrading.com\/tr\/wp-json\/wp\/v2\/product_tag?post=5787"}],"curies":[{"name":"wp","href":"https:\/\/api.w.org\/{rel}","templated":true}]}}