{"id":5769,"date":"2020-07-29T22:40:30","date_gmt":"2020-07-29T19:40:30","guid":{"rendered":"http:\/\/csotrading.com\/product\/ja25a\/"},"modified":"2020-07-29T22:43:37","modified_gmt":"2020-07-29T19:43:37","slug":"ja25a","status":"publish","type":"product","link":"https:\/\/csotrading.com\/tr\/product\/ja25a\/","title":{"rendered":"JA25A"},"content":{"rendered":"<div class=\"row\">\n<div class=\"col-xs-6\">\n<div class=\"row\">\n<div class=\"col-xs-6\"><strong>\u00c7al\u0131\u015fma Frekans\u0131 :\u00a0<\/strong>50 &#8211; 60Hz<\/div>\n<\/div>\n<div class=\"row\">\n<div class=\"col-xs-6\"><strong>\u00dcr\u00fcn :\u00a0<\/strong>Termik R\u00f6le<\/div>\n<\/div>\n<div class=\"row\">\n<div class=\"col-xs-6\"><strong>Kontak Ak\u0131m\u0131 (Ie) :\u00a0<\/strong>25A<\/div>\n<\/div>\n<div class=\"row\">\n<div class=\"col-xs-6\"><strong>Termik Ak\u0131m Ayar Aral\u0131\u011f\u0131 :\u00a0<\/strong>0,15-0,25A<\/div>\n<\/div>\n<div class=\"row\">\n<div class=\"col-xs-6\"><strong>Kullan\u0131m Kategorisi :\u00a0<\/strong>AC 3<\/div>\n<\/div>\n<div class=\"row\">\n<div class=\"col-xs-6\"><strong>Mekanik \u00d6m\u00fcr (Min Adet) :\u00a0<\/strong>100000<\/div>\n<\/div>\n<div class=\"row\">\n<div class=\"col-xs-6\"><strong>Elektriksel \u00d6m\u00fcr (Min Adet) :\u00a0<\/strong>100000<\/div>\n<\/div>\n<div class=\"row\">\n<div class=\"col-xs-6\"><strong>\u00c7al\u0131\u015fma S\u0131kl\u0131\u011f\u0131 (A\u00e7ma Kapama\/Saat) :\u00a0<\/strong>Mek. 600 Elk. 600<\/div>\n<\/div>\n<div class=\"row\">\n<div class=\"col-xs-6\"><strong>Yal\u0131t\u0131m Gerilimi (Ui) :\u00a0<\/strong>690V AC<\/div>\n<\/div>\n<div class=\"row\">\n<div class=\"col-xs-6\"><strong>Darbe Dayan\u0131m Gerilimi (Uimp) :\u00a0<\/strong>6 kV<\/div>\n<\/div>\n<div class=\"row\">\n<div class=\"col-xs-6\"><strong>Dielektrik Mukavemeti (G\u00f6vde-Kontak) :\u00a0<\/strong>1890V AC<\/div>\n<\/div>\n<div class=\"row\">\n<div class=\"col-xs-6\"><strong>Dielektrik Mukavemeti (Kontak-Kontak) :\u00a0<\/strong>1890V AC<\/div>\n<\/div>\n<div class=\"row\">\n<div class=\"col-xs-6\"><strong>\u0130zolasyon Direnci :\u00a0<\/strong>10 M\u2126 (500 V DC)<\/div>\n<\/div>\n<div class=\"row\">\n<div class=\"col-xs-6\"><strong>\u00c7al\u0131\u015fma S\u0131cakl\u0131\u011f\u0131 :\u00a0<\/strong>-5 \/ +40 \u00b0C<\/div>\n<\/div>\n<div class=\"row\">\n<div class=\"col-xs-6\"><strong>Kirlenme Derecesi :\u00a0<\/strong>3<\/div>\n<\/div>\n<div class=\"row\">\n<div class=\"col-xs-6\"><strong>Koruma S\u0131n\u0131f\u0131 :\u00a0<\/strong>IP20<\/div>\n<\/div>\n<div class=\"row\">\n<div class=\"col-xs-6\"><strong>Kontak Malzemesi :\u00a0<\/strong>AgNi<\/div>\n<\/div>\n<div class=\"row\">\n<div class=\"col-xs-6\"><strong>Kablo Ba\u011flant\u0131 Kesiti :\u00a0<\/strong>1,5 -2,5mm\u00b2<\/div>\n<\/div>\n<div class=\"row\">\n<div class=\"col-xs-6\"><strong>S\u0131kma Kuvveti :\u00a0<\/strong>1,8Nm<\/div>\n<\/div>\n<div class=\"row\">\n<div class=\"col-xs-6\"><strong>K\u0131sa devre kesme kapasitesi (Ics) :\u00a0<\/strong>50 kA<\/div>\n<\/div>\n<div class=\"row\">\n<div class=\"col-xs-6\"><strong>Seri :\u00a0<\/strong>JA Serisi<\/div>\n<\/div>\n<\/div>\n<\/div>\n","protected":false},"excerpt":{"rendered":"<h3>JA Serisi25A 0,15-0,25A Termik R\u00f6le<\/h3>\n","protected":false},"featured_media":5768,"comment_status":"closed","ping_status":"closed","template":"","meta":[],"product_brand":[],"product_cat":[668],"product_tag":[683,682],"class_list":{"0":"post-5769","1":"product","2":"type-product","3":"status-publish","4":"has-post-thumbnail","6":"product_cat-kontaktorler","7":"product_tag-5a","8":"product_tag-ja2","10":"first","11":"instock","12":"shipping-taxable","13":"product-type-simple"},"yoast_head":"<!-- This site is optimized with the Yoast SEO plugin v24.3 - https:\/\/yoast.com\/wordpress\/plugins\/seo\/ -->\n<title>JA25A - CSO TRADING<\/title>\n<meta name=\"robots\" content=\"index, follow, max-snippet:-1, max-image-preview:large, max-video-preview:-1\" \/>\n<link rel=\"canonical\" href=\"https:\/\/csotrading.com\/tr\/product\/ja25a\/\" \/>\n<meta property=\"og:locale\" content=\"tr_TR\" \/>\n<meta property=\"og:type\" content=\"article\" \/>\n<meta property=\"og:title\" content=\"JA25A - CSO TRADING\" \/>\n<meta property=\"og:description\" content=\"JA Serisi25A 0,15-0,25A Termik R\u00f6le\" \/>\n<meta property=\"og:url\" content=\"https:\/\/csotrading.com\/tr\/product\/ja25a\/\" \/>\n<meta property=\"og:site_name\" content=\"CSO TRADING\" \/>\n<meta property=\"article:modified_time\" content=\"2020-07-29T19:43:37+00:00\" \/>\n<meta property=\"og:image\" content=\"https:\/\/csotrading.com\/wp-content\/uploads\/2020\/07\/JA25A.jpg\" \/>\n\t<meta property=\"og:image:width\" content=\"640\" \/>\n\t<meta property=\"og:image:height\" content=\"426\" \/>\n\t<meta property=\"og:image:type\" content=\"image\/jpeg\" \/>\n<meta name=\"twitter:card\" content=\"summary_large_image\" \/>\n<meta name=\"twitter:label1\" content=\"Tahmini okuma s\u00fcresi\" \/>\n\t<meta name=\"twitter:data1\" content=\"1 dakika\" \/>\n<script type=\"application\/ld+json\" class=\"yoast-schema-graph\">{\"@context\":\"https:\/\/schema.org\",\"@graph\":[{\"@type\":\"WebPage\",\"@id\":\"https:\/\/csotrading.com\/tr\/product\/ja25a\/\",\"url\":\"https:\/\/csotrading.com\/tr\/product\/ja25a\/\",\"name\":\"JA25A - CSO TRADING\",\"isPartOf\":{\"@id\":\"https:\/\/csotrading.com\/#website\"},\"primaryImageOfPage\":{\"@id\":\"https:\/\/csotrading.com\/tr\/product\/ja25a\/#primaryimage\"},\"image\":{\"@id\":\"https:\/\/csotrading.com\/tr\/product\/ja25a\/#primaryimage\"},\"thumbnailUrl\":\"https:\/\/csotrading.com\/wp-content\/uploads\/2020\/07\/JA25A.jpg\",\"datePublished\":\"2020-07-29T19:40:30+00:00\",\"dateModified\":\"2020-07-29T19:43:37+00:00\",\"breadcrumb\":{\"@id\":\"https:\/\/csotrading.com\/tr\/product\/ja25a\/#breadcrumb\"},\"inLanguage\":\"tr\",\"potentialAction\":[{\"@type\":\"ReadAction\",\"target\":[\"https:\/\/csotrading.com\/tr\/product\/ja25a\/\"]}]},{\"@type\":\"ImageObject\",\"inLanguage\":\"tr\",\"@id\":\"https:\/\/csotrading.com\/tr\/product\/ja25a\/#primaryimage\",\"url\":\"https:\/\/csotrading.com\/wp-content\/uploads\/2020\/07\/JA25A.jpg\",\"contentUrl\":\"https:\/\/csotrading.com\/wp-content\/uploads\/2020\/07\/JA25A.jpg\",\"width\":640,\"height\":426},{\"@type\":\"BreadcrumbList\",\"@id\":\"https:\/\/csotrading.com\/tr\/product\/ja25a\/#breadcrumb\",\"itemListElement\":[{\"@type\":\"ListItem\",\"position\":1,\"name\":\"Home\",\"item\":\"https:\/\/csotrading.com\/tr\/\"},{\"@type\":\"ListItem\",\"position\":2,\"name\":\"Ma\u011faza\",\"item\":\"https:\/\/csotrading.com\/magaza\/\"},{\"@type\":\"ListItem\",\"position\":3,\"name\":\"JA25A\"}]},{\"@type\":\"WebSite\",\"@id\":\"https:\/\/csotrading.com\/#website\",\"url\":\"https:\/\/csotrading.com\/\",\"name\":\"CSO TRADING\",\"description\":\"\",\"potentialAction\":[{\"@type\":\"SearchAction\",\"target\":{\"@type\":\"EntryPoint\",\"urlTemplate\":\"https:\/\/csotrading.com\/?s={search_term_string}\"},\"query-input\":{\"@type\":\"PropertyValueSpecification\",\"valueRequired\":true,\"valueName\":\"search_term_string\"}}],\"inLanguage\":\"tr\"}]}<\/script>\n<!-- \/ Yoast SEO plugin. -->","yoast_head_json":{"title":"JA25A - CSO TRADING","robots":{"index":"index","follow":"follow","max-snippet":"max-snippet:-1","max-image-preview":"max-image-preview:large","max-video-preview":"max-video-preview:-1"},"canonical":"https:\/\/csotrading.com\/tr\/product\/ja25a\/","og_locale":"tr_TR","og_type":"article","og_title":"JA25A - CSO TRADING","og_description":"JA Serisi25A 0,15-0,25A Termik R\u00f6le","og_url":"https:\/\/csotrading.com\/tr\/product\/ja25a\/","og_site_name":"CSO TRADING","article_modified_time":"2020-07-29T19:43:37+00:00","og_image":[{"width":640,"height":426,"url":"https:\/\/csotrading.com\/wp-content\/uploads\/2020\/07\/JA25A.jpg","type":"image\/jpeg"}],"twitter_card":"summary_large_image","twitter_misc":{"Tahmini okuma s\u00fcresi":"1 dakika"},"schema":{"@context":"https:\/\/schema.org","@graph":[{"@type":"WebPage","@id":"https:\/\/csotrading.com\/tr\/product\/ja25a\/","url":"https:\/\/csotrading.com\/tr\/product\/ja25a\/","name":"JA25A - CSO TRADING","isPartOf":{"@id":"https:\/\/csotrading.com\/#website"},"primaryImageOfPage":{"@id":"https:\/\/csotrading.com\/tr\/product\/ja25a\/#primaryimage"},"image":{"@id":"https:\/\/csotrading.com\/tr\/product\/ja25a\/#primaryimage"},"thumbnailUrl":"https:\/\/csotrading.com\/wp-content\/uploads\/2020\/07\/JA25A.jpg","datePublished":"2020-07-29T19:40:30+00:00","dateModified":"2020-07-29T19:43:37+00:00","breadcrumb":{"@id":"https:\/\/csotrading.com\/tr\/product\/ja25a\/#breadcrumb"},"inLanguage":"tr","potentialAction":[{"@type":"ReadAction","target":["https:\/\/csotrading.com\/tr\/product\/ja25a\/"]}]},{"@type":"ImageObject","inLanguage":"tr","@id":"https:\/\/csotrading.com\/tr\/product\/ja25a\/#primaryimage","url":"https:\/\/csotrading.com\/wp-content\/uploads\/2020\/07\/JA25A.jpg","contentUrl":"https:\/\/csotrading.com\/wp-content\/uploads\/2020\/07\/JA25A.jpg","width":640,"height":426},{"@type":"BreadcrumbList","@id":"https:\/\/csotrading.com\/tr\/product\/ja25a\/#breadcrumb","itemListElement":[{"@type":"ListItem","position":1,"name":"Home","item":"https:\/\/csotrading.com\/tr\/"},{"@type":"ListItem","position":2,"name":"Ma\u011faza","item":"https:\/\/csotrading.com\/magaza\/"},{"@type":"ListItem","position":3,"name":"JA25A"}]},{"@type":"WebSite","@id":"https:\/\/csotrading.com\/#website","url":"https:\/\/csotrading.com\/","name":"CSO TRADING","description":"","potentialAction":[{"@type":"SearchAction","target":{"@type":"EntryPoint","urlTemplate":"https:\/\/csotrading.com\/?s={search_term_string}"},"query-input":{"@type":"PropertyValueSpecification","valueRequired":true,"valueName":"search_term_string"}}],"inLanguage":"tr"}]}},"_links":{"self":[{"href":"https:\/\/csotrading.com\/tr\/wp-json\/wp\/v2\/product\/5769"}],"collection":[{"href":"https:\/\/csotrading.com\/tr\/wp-json\/wp\/v2\/product"}],"about":[{"href":"https:\/\/csotrading.com\/tr\/wp-json\/wp\/v2\/types\/product"}],"replies":[{"embeddable":true,"href":"https:\/\/csotrading.com\/tr\/wp-json\/wp\/v2\/comments?post=5769"}],"wp:featuredmedia":[{"embeddable":true,"href":"https:\/\/csotrading.com\/tr\/wp-json\/wp\/v2\/media\/5768"}],"wp:attachment":[{"href":"https:\/\/csotrading.com\/tr\/wp-json\/wp\/v2\/media?parent=5769"}],"wp:term":[{"taxonomy":"product_brand","embeddable":true,"href":"https:\/\/csotrading.com\/tr\/wp-json\/wp\/v2\/product_brand?post=5769"},{"taxonomy":"product_cat","embeddable":true,"href":"https:\/\/csotrading.com\/tr\/wp-json\/wp\/v2\/product_cat?post=5769"},{"taxonomy":"product_tag","embeddable":true,"href":"https:\/\/csotrading.com\/tr\/wp-json\/wp\/v2\/product_tag?post=5769"}],"curies":[{"name":"wp","href":"https:\/\/api.w.org\/{rel}","templated":true}]}}