{"id":5544,"date":"2020-07-26T08:55:36","date_gmt":"2020-07-26T05:55:36","guid":{"rendered":"http:\/\/csotrading.com\/product\/2904004e\/"},"modified":"2020-07-26T08:57:37","modified_gmt":"2020-07-26T05:57:37","slug":"2904004e","status":"publish","type":"product","link":"https:\/\/csotrading.com\/tr\/product\/2904004e\/","title":{"rendered":"2904004E"},"content":{"rendered":"<ul class=\"uk-list uk-list-striped\">\n<li>\n<dl class=\"uk-description-list-horizontal\">\n<dt>\n<ul class=\"uk-list uk-list-striped\">\n<li>\n<dl class=\"uk-description-list-horizontal\">\n<dt>\u00dcr\u00fcn Kodu: 2904004E<\/dt>\n<\/dl>\n<\/li>\n<li>\n<dl class=\"uk-description-list-horizontal\">\n<dt>\u00dcr\u00fcn Ad\u0131: Makine G\u00f6vde<\/dt>\n<\/dl>\n<\/li>\n<li>\n<dl class=\"uk-description-list-horizontal\">\n<dt>Kontakt: 10<\/dt>\n<\/dl>\n<\/li>\n<li>\n<dl class=\"uk-description-list-horizontal\">\n<dt>Kutu Adedi: 15<\/dt>\n<\/dl>\n<\/li>\n<\/ul>\n<\/dt>\n<\/dl>\n<\/li>\n<\/ul>\n","protected":false},"excerpt":{"rendered":"<h1 class=\"uk-h3\"><span class=\"uk-text-primary uk-text-bold\">Makine G\u00f6vde<\/span><\/h1>\n","protected":false},"featured_media":5543,"comment_status":"closed","ping_status":"closed","template":"","meta":[],"product_brand":[],"product_cat":[536],"product_tag":[602,594,546],"class_list":{"0":"post-5544","1":"product","2":"type-product","3":"status-publish","4":"has-post-thumbnail","6":"product_cat-metevent","7":"product_tag-04e","8":"product_tag-594","9":"product_tag-546","11":"first","12":"instock","13":"shipping-taxable","14":"product-type-simple"},"yoast_head":"<!-- This site is optimized with the Yoast SEO plugin v24.3 - https:\/\/yoast.com\/wordpress\/plugins\/seo\/ -->\n<title>2904004E - CSO TRADING<\/title>\n<meta name=\"robots\" content=\"index, follow, max-snippet:-1, max-image-preview:large, max-video-preview:-1\" \/>\n<link rel=\"canonical\" href=\"https:\/\/csotrading.com\/product\/2904004e\/\" \/>\n<meta property=\"og:locale\" content=\"tr_TR\" \/>\n<meta property=\"og:type\" content=\"article\" \/>\n<meta property=\"og:title\" content=\"2904004E - CSO TRADING\" \/>\n<meta property=\"og:description\" content=\"Makine G\u00f6vde\" \/>\n<meta property=\"og:url\" content=\"https:\/\/csotrading.com\/product\/2904004e\/\" \/>\n<meta property=\"og:site_name\" content=\"CSO TRADING\" \/>\n<meta property=\"article:modified_time\" content=\"2020-07-26T05:57:37+00:00\" \/>\n<meta property=\"og:image\" content=\"https:\/\/csotrading.com\/wp-content\/uploads\/2020\/07\/2904004E.jpg\" \/>\n\t<meta property=\"og:image:width\" content=\"600\" \/>\n\t<meta property=\"og:image:height\" content=\"338\" \/>\n\t<meta property=\"og:image:type\" content=\"image\/jpeg\" \/>\n<meta name=\"twitter:card\" content=\"summary_large_image\" \/>\n<script type=\"application\/ld+json\" class=\"yoast-schema-graph\">{\"@context\":\"https:\/\/schema.org\",\"@graph\":[{\"@type\":\"WebPage\",\"@id\":\"https:\/\/csotrading.com\/product\/2904004e\/\",\"url\":\"https:\/\/csotrading.com\/product\/2904004e\/\",\"name\":\"2904004E - CSO TRADING\",\"isPartOf\":{\"@id\":\"https:\/\/csotrading.com\/#website\"},\"primaryImageOfPage\":{\"@id\":\"https:\/\/csotrading.com\/product\/2904004e\/#primaryimage\"},\"image\":{\"@id\":\"https:\/\/csotrading.com\/product\/2904004e\/#primaryimage\"},\"thumbnailUrl\":\"https:\/\/csotrading.com\/wp-content\/uploads\/2020\/07\/2904004E.jpg\",\"datePublished\":\"2020-07-26T05:55:36+00:00\",\"dateModified\":\"2020-07-26T05:57:37+00:00\",\"breadcrumb\":{\"@id\":\"https:\/\/csotrading.com\/product\/2904004e\/#breadcrumb\"},\"inLanguage\":\"tr\",\"potentialAction\":[{\"@type\":\"ReadAction\",\"target\":[\"https:\/\/csotrading.com\/product\/2904004e\/\"]}]},{\"@type\":\"ImageObject\",\"inLanguage\":\"tr\",\"@id\":\"https:\/\/csotrading.com\/product\/2904004e\/#primaryimage\",\"url\":\"https:\/\/csotrading.com\/wp-content\/uploads\/2020\/07\/2904004E.jpg\",\"contentUrl\":\"https:\/\/csotrading.com\/wp-content\/uploads\/2020\/07\/2904004E.jpg\",\"width\":600,\"height\":338},{\"@type\":\"BreadcrumbList\",\"@id\":\"https:\/\/csotrading.com\/product\/2904004e\/#breadcrumb\",\"itemListElement\":[{\"@type\":\"ListItem\",\"position\":1,\"name\":\"Home\",\"item\":\"https:\/\/csotrading.com\/tr\/\"},{\"@type\":\"ListItem\",\"position\":2,\"name\":\"Ma\u011faza\",\"item\":\"https:\/\/csotrading.com\/magaza\/\"},{\"@type\":\"ListItem\",\"position\":3,\"name\":\"2904004E\"}]},{\"@type\":\"WebSite\",\"@id\":\"https:\/\/csotrading.com\/#website\",\"url\":\"https:\/\/csotrading.com\/\",\"name\":\"CSO TRADING\",\"description\":\"\",\"potentialAction\":[{\"@type\":\"SearchAction\",\"target\":{\"@type\":\"EntryPoint\",\"urlTemplate\":\"https:\/\/csotrading.com\/?s={search_term_string}\"},\"query-input\":{\"@type\":\"PropertyValueSpecification\",\"valueRequired\":true,\"valueName\":\"search_term_string\"}}],\"inLanguage\":\"tr\"}]}<\/script>\n<!-- \/ Yoast SEO plugin. -->","yoast_head_json":{"title":"2904004E - CSO TRADING","robots":{"index":"index","follow":"follow","max-snippet":"max-snippet:-1","max-image-preview":"max-image-preview:large","max-video-preview":"max-video-preview:-1"},"canonical":"https:\/\/csotrading.com\/product\/2904004e\/","og_locale":"tr_TR","og_type":"article","og_title":"2904004E - CSO TRADING","og_description":"Makine G\u00f6vde","og_url":"https:\/\/csotrading.com\/product\/2904004e\/","og_site_name":"CSO TRADING","article_modified_time":"2020-07-26T05:57:37+00:00","og_image":[{"width":600,"height":338,"url":"https:\/\/csotrading.com\/wp-content\/uploads\/2020\/07\/2904004E.jpg","type":"image\/jpeg"}],"twitter_card":"summary_large_image","schema":{"@context":"https:\/\/schema.org","@graph":[{"@type":"WebPage","@id":"https:\/\/csotrading.com\/product\/2904004e\/","url":"https:\/\/csotrading.com\/product\/2904004e\/","name":"2904004E - CSO TRADING","isPartOf":{"@id":"https:\/\/csotrading.com\/#website"},"primaryImageOfPage":{"@id":"https:\/\/csotrading.com\/product\/2904004e\/#primaryimage"},"image":{"@id":"https:\/\/csotrading.com\/product\/2904004e\/#primaryimage"},"thumbnailUrl":"https:\/\/csotrading.com\/wp-content\/uploads\/2020\/07\/2904004E.jpg","datePublished":"2020-07-26T05:55:36+00:00","dateModified":"2020-07-26T05:57:37+00:00","breadcrumb":{"@id":"https:\/\/csotrading.com\/product\/2904004e\/#breadcrumb"},"inLanguage":"tr","potentialAction":[{"@type":"ReadAction","target":["https:\/\/csotrading.com\/product\/2904004e\/"]}]},{"@type":"ImageObject","inLanguage":"tr","@id":"https:\/\/csotrading.com\/product\/2904004e\/#primaryimage","url":"https:\/\/csotrading.com\/wp-content\/uploads\/2020\/07\/2904004E.jpg","contentUrl":"https:\/\/csotrading.com\/wp-content\/uploads\/2020\/07\/2904004E.jpg","width":600,"height":338},{"@type":"BreadcrumbList","@id":"https:\/\/csotrading.com\/product\/2904004e\/#breadcrumb","itemListElement":[{"@type":"ListItem","position":1,"name":"Home","item":"https:\/\/csotrading.com\/tr\/"},{"@type":"ListItem","position":2,"name":"Ma\u011faza","item":"https:\/\/csotrading.com\/magaza\/"},{"@type":"ListItem","position":3,"name":"2904004E"}]},{"@type":"WebSite","@id":"https:\/\/csotrading.com\/#website","url":"https:\/\/csotrading.com\/","name":"CSO TRADING","description":"","potentialAction":[{"@type":"SearchAction","target":{"@type":"EntryPoint","urlTemplate":"https:\/\/csotrading.com\/?s={search_term_string}"},"query-input":{"@type":"PropertyValueSpecification","valueRequired":true,"valueName":"search_term_string"}}],"inLanguage":"tr"}]}},"_links":{"self":[{"href":"https:\/\/csotrading.com\/tr\/wp-json\/wp\/v2\/product\/5544"}],"collection":[{"href":"https:\/\/csotrading.com\/tr\/wp-json\/wp\/v2\/product"}],"about":[{"href":"https:\/\/csotrading.com\/tr\/wp-json\/wp\/v2\/types\/product"}],"replies":[{"embeddable":true,"href":"https:\/\/csotrading.com\/tr\/wp-json\/wp\/v2\/comments?post=5544"}],"wp:featuredmedia":[{"embeddable":true,"href":"https:\/\/csotrading.com\/tr\/wp-json\/wp\/v2\/media\/5543"}],"wp:attachment":[{"href":"https:\/\/csotrading.com\/tr\/wp-json\/wp\/v2\/media?parent=5544"}],"wp:term":[{"taxonomy":"product_brand","embeddable":true,"href":"https:\/\/csotrading.com\/tr\/wp-json\/wp\/v2\/product_brand?post=5544"},{"taxonomy":"product_cat","embeddable":true,"href":"https:\/\/csotrading.com\/tr\/wp-json\/wp\/v2\/product_cat?post=5544"},{"taxonomy":"product_tag","embeddable":true,"href":"https:\/\/csotrading.com\/tr\/wp-json\/wp\/v2\/product_tag?post=5544"}],"curies":[{"name":"wp","href":"https:\/\/api.w.org\/{rel}","templated":true}]}}