{"id":5389,"date":"2020-07-22T22:05:30","date_gmt":"2020-07-22T19:05:30","guid":{"rendered":"http:\/\/csotrading.com\/product\/406625\/"},"modified":"2020-07-22T22:07:09","modified_gmt":"2020-07-22T19:07:09","slug":"406625","status":"publish","type":"product","link":"https:\/\/csotrading.com\/tr\/product\/406625\/","title":{"rendered":"406625"},"content":{"rendered":"<ul class=\"uk-list uk-list-striped\">\n<li>\n<dl class=\"uk-description-list-horizontal\">\n<dt>\u00dcr\u00fcn Kodu: 406625<\/dt>\n<\/dl>\n<\/li>\n<li>\n<dl class=\"uk-description-list-horizontal\">\n<dt>\u00dcr\u00fcn Ad\u0131: Duvar Prizi (E\u011fik G\u00f6vdeli)<\/dt>\n<\/dl>\n<\/li>\n<li>\n<dl class=\"uk-description-list-horizontal\">\n<dt>IP: 67<\/dt>\n<\/dl>\n<\/li>\n<li>\n<dl class=\"uk-description-list-horizontal\">\n<dt>Kontakt: 4<\/dt>\n<\/dl>\n<\/li>\n<li>\n<dl class=\"uk-description-list-horizontal\">\n<dt>Voltaj: 380\/415 V.<\/dt>\n<\/dl>\n<\/li>\n<li>\n<dl class=\"uk-description-list-horizontal\">\n<dt>Frekans: 50-60 Hz.<\/dt>\n<\/dl>\n<\/li>\n<li>\n<dl class=\"uk-description-list-horizontal\">\n<dt>Ak\u0131m: 125<\/dt>\n<\/dl>\n<\/li>\n<li>\n<dl class=\"uk-description-list-horizontal\">\n<dt>Ba\u011flant\u0131 Tipi: Vidal\u0131 Ba\u011flant\u0131<\/dt>\n<\/dl>\n<\/li>\n<li>\n<dl class=\"uk-description-list-horizontal\">\n<dt>Kutu Adedi: 1<\/dt>\n<\/dl>\n<\/li>\n<\/ul>\n","protected":false},"excerpt":{"rendered":"<h1 class=\"uk-h3\"><span class=\"uk-text-primary uk-text-bold\">Duvar Prizi (E\u011fik G\u00f6vdeli)\u00a0<\/span><\/h1>\n","protected":false},"featured_media":5388,"comment_status":"closed","ping_status":"closed","template":"","meta":[],"product_brand":[],"product_cat":[540],"product_tag":[558,546,557],"class_list":{"0":"post-5389","1":"product","2":"type-product","3":"status-publish","4":"has-post-thumbnail","6":"product_cat-metecee","7":"product_tag-558","8":"product_tag-546","9":"product_tag-557","11":"first","12":"instock","13":"shipping-taxable","14":"product-type-simple"},"yoast_head":"<!-- This site is optimized with the Yoast SEO plugin v24.3 - https:\/\/yoast.com\/wordpress\/plugins\/seo\/ -->\n<title>406625 - CSO TRADING<\/title>\n<meta name=\"robots\" content=\"index, follow, max-snippet:-1, max-image-preview:large, max-video-preview:-1\" \/>\n<link rel=\"canonical\" href=\"https:\/\/csotrading.com\/tr\/product\/406625\/\" \/>\n<meta property=\"og:locale\" content=\"tr_TR\" \/>\n<meta property=\"og:type\" content=\"article\" \/>\n<meta property=\"og:title\" content=\"406625 - CSO TRADING\" \/>\n<meta property=\"og:description\" content=\"Duvar Prizi (E\u011fik G\u00f6vdeli)\u00a0\" \/>\n<meta property=\"og:url\" content=\"https:\/\/csotrading.com\/tr\/product\/406625\/\" \/>\n<meta property=\"og:site_name\" content=\"CSO TRADING\" \/>\n<meta property=\"article:modified_time\" content=\"2020-07-22T19:07:09+00:00\" \/>\n<meta property=\"og:image\" content=\"https:\/\/csotrading.com\/wp-content\/uploads\/2020\/07\/406625.jpg\" \/>\n\t<meta property=\"og:image:width\" content=\"583\" \/>\n\t<meta property=\"og:image:height\" content=\"600\" \/>\n\t<meta property=\"og:image:type\" content=\"image\/jpeg\" \/>\n<meta name=\"twitter:card\" content=\"summary_large_image\" \/>\n<script type=\"application\/ld+json\" class=\"yoast-schema-graph\">{\"@context\":\"https:\/\/schema.org\",\"@graph\":[{\"@type\":\"WebPage\",\"@id\":\"https:\/\/csotrading.com\/tr\/product\/406625\/\",\"url\":\"https:\/\/csotrading.com\/tr\/product\/406625\/\",\"name\":\"406625 - CSO TRADING\",\"isPartOf\":{\"@id\":\"https:\/\/csotrading.com\/#website\"},\"primaryImageOfPage\":{\"@id\":\"https:\/\/csotrading.com\/tr\/product\/406625\/#primaryimage\"},\"image\":{\"@id\":\"https:\/\/csotrading.com\/tr\/product\/406625\/#primaryimage\"},\"thumbnailUrl\":\"https:\/\/csotrading.com\/wp-content\/uploads\/2020\/07\/406625.jpg\",\"datePublished\":\"2020-07-22T19:05:30+00:00\",\"dateModified\":\"2020-07-22T19:07:09+00:00\",\"breadcrumb\":{\"@id\":\"https:\/\/csotrading.com\/tr\/product\/406625\/#breadcrumb\"},\"inLanguage\":\"tr\",\"potentialAction\":[{\"@type\":\"ReadAction\",\"target\":[\"https:\/\/csotrading.com\/tr\/product\/406625\/\"]}]},{\"@type\":\"ImageObject\",\"inLanguage\":\"tr\",\"@id\":\"https:\/\/csotrading.com\/tr\/product\/406625\/#primaryimage\",\"url\":\"https:\/\/csotrading.com\/wp-content\/uploads\/2020\/07\/406625.jpg\",\"contentUrl\":\"https:\/\/csotrading.com\/wp-content\/uploads\/2020\/07\/406625.jpg\",\"width\":583,\"height\":600},{\"@type\":\"BreadcrumbList\",\"@id\":\"https:\/\/csotrading.com\/tr\/product\/406625\/#breadcrumb\",\"itemListElement\":[{\"@type\":\"ListItem\",\"position\":1,\"name\":\"Home\",\"item\":\"https:\/\/csotrading.com\/tr\/\"},{\"@type\":\"ListItem\",\"position\":2,\"name\":\"Ma\u011faza\",\"item\":\"https:\/\/csotrading.com\/magaza\/\"},{\"@type\":\"ListItem\",\"position\":3,\"name\":\"406625\"}]},{\"@type\":\"WebSite\",\"@id\":\"https:\/\/csotrading.com\/#website\",\"url\":\"https:\/\/csotrading.com\/\",\"name\":\"CSO TRADING\",\"description\":\"\",\"potentialAction\":[{\"@type\":\"SearchAction\",\"target\":{\"@type\":\"EntryPoint\",\"urlTemplate\":\"https:\/\/csotrading.com\/?s={search_term_string}\"},\"query-input\":{\"@type\":\"PropertyValueSpecification\",\"valueRequired\":true,\"valueName\":\"search_term_string\"}}],\"inLanguage\":\"tr\"}]}<\/script>\n<!-- \/ Yoast SEO plugin. -->","yoast_head_json":{"title":"406625 - CSO TRADING","robots":{"index":"index","follow":"follow","max-snippet":"max-snippet:-1","max-image-preview":"max-image-preview:large","max-video-preview":"max-video-preview:-1"},"canonical":"https:\/\/csotrading.com\/tr\/product\/406625\/","og_locale":"tr_TR","og_type":"article","og_title":"406625 - CSO TRADING","og_description":"Duvar Prizi (E\u011fik G\u00f6vdeli)\u00a0","og_url":"https:\/\/csotrading.com\/tr\/product\/406625\/","og_site_name":"CSO TRADING","article_modified_time":"2020-07-22T19:07:09+00:00","og_image":[{"width":583,"height":600,"url":"https:\/\/csotrading.com\/wp-content\/uploads\/2020\/07\/406625.jpg","type":"image\/jpeg"}],"twitter_card":"summary_large_image","schema":{"@context":"https:\/\/schema.org","@graph":[{"@type":"WebPage","@id":"https:\/\/csotrading.com\/tr\/product\/406625\/","url":"https:\/\/csotrading.com\/tr\/product\/406625\/","name":"406625 - CSO TRADING","isPartOf":{"@id":"https:\/\/csotrading.com\/#website"},"primaryImageOfPage":{"@id":"https:\/\/csotrading.com\/tr\/product\/406625\/#primaryimage"},"image":{"@id":"https:\/\/csotrading.com\/tr\/product\/406625\/#primaryimage"},"thumbnailUrl":"https:\/\/csotrading.com\/wp-content\/uploads\/2020\/07\/406625.jpg","datePublished":"2020-07-22T19:05:30+00:00","dateModified":"2020-07-22T19:07:09+00:00","breadcrumb":{"@id":"https:\/\/csotrading.com\/tr\/product\/406625\/#breadcrumb"},"inLanguage":"tr","potentialAction":[{"@type":"ReadAction","target":["https:\/\/csotrading.com\/tr\/product\/406625\/"]}]},{"@type":"ImageObject","inLanguage":"tr","@id":"https:\/\/csotrading.com\/tr\/product\/406625\/#primaryimage","url":"https:\/\/csotrading.com\/wp-content\/uploads\/2020\/07\/406625.jpg","contentUrl":"https:\/\/csotrading.com\/wp-content\/uploads\/2020\/07\/406625.jpg","width":583,"height":600},{"@type":"BreadcrumbList","@id":"https:\/\/csotrading.com\/tr\/product\/406625\/#breadcrumb","itemListElement":[{"@type":"ListItem","position":1,"name":"Home","item":"https:\/\/csotrading.com\/tr\/"},{"@type":"ListItem","position":2,"name":"Ma\u011faza","item":"https:\/\/csotrading.com\/magaza\/"},{"@type":"ListItem","position":3,"name":"406625"}]},{"@type":"WebSite","@id":"https:\/\/csotrading.com\/#website","url":"https:\/\/csotrading.com\/","name":"CSO TRADING","description":"","potentialAction":[{"@type":"SearchAction","target":{"@type":"EntryPoint","urlTemplate":"https:\/\/csotrading.com\/?s={search_term_string}"},"query-input":{"@type":"PropertyValueSpecification","valueRequired":true,"valueName":"search_term_string"}}],"inLanguage":"tr"}]}},"_links":{"self":[{"href":"https:\/\/csotrading.com\/tr\/wp-json\/wp\/v2\/product\/5389"}],"collection":[{"href":"https:\/\/csotrading.com\/tr\/wp-json\/wp\/v2\/product"}],"about":[{"href":"https:\/\/csotrading.com\/tr\/wp-json\/wp\/v2\/types\/product"}],"replies":[{"embeddable":true,"href":"https:\/\/csotrading.com\/tr\/wp-json\/wp\/v2\/comments?post=5389"}],"wp:featuredmedia":[{"embeddable":true,"href":"https:\/\/csotrading.com\/tr\/wp-json\/wp\/v2\/media\/5388"}],"wp:attachment":[{"href":"https:\/\/csotrading.com\/tr\/wp-json\/wp\/v2\/media?parent=5389"}],"wp:term":[{"taxonomy":"product_brand","embeddable":true,"href":"https:\/\/csotrading.com\/tr\/wp-json\/wp\/v2\/product_brand?post=5389"},{"taxonomy":"product_cat","embeddable":true,"href":"https:\/\/csotrading.com\/tr\/wp-json\/wp\/v2\/product_cat?post=5389"},{"taxonomy":"product_tag","embeddable":true,"href":"https:\/\/csotrading.com\/tr\/wp-json\/wp\/v2\/product_tag?post=5389"}],"curies":[{"name":"wp","href":"https:\/\/api.w.org\/{rel}","templated":true}]}}