{"id":4999,"date":"2020-07-12T13:32:31","date_gmt":"2020-07-12T10:32:31","guid":{"rendered":"http:\/\/csotrading.com\/product\/esm-7311-h\/"},"modified":"2020-07-12T13:36:16","modified_gmt":"2020-07-12T10:36:16","slug":"esm-7311-h","status":"publish","type":"product","link":"https:\/\/csotrading.com\/tr\/product\/esm-7311-h\/","title":{"rendered":"ESM-7311-H"},"content":{"rendered":"<p>Dijital On\/Off Dahili Buzzerli S\u0131cakl\u0131k Kontrol Cihaz\u0131<\/p>\n<p>ESM-7311-H serisi s\u0131cakl\u0131k kontrol cihaz\u0131 \u00f6l\u00e7\u00fcm ve s\u0131cakl\u0131k kontrol edilmesi i\u00e7in tasarlanm\u0131\u015ft\u0131r. Basit ve kolay kullan\u0131m\u0131 On\/off kontrol formu ve pi\u015firme s\u00fcresi \u00f6zelli\u011fi ile pek \u00e7ok uygulamada kullan\u0131labilir. Baz\u0131 uygulama alanlar\u0131; Is\u0131tma, F\u0131r\u0131nlar, Depolar<\/p>\n<table border=\"0\" width=\"100%\" cellspacing=\"4\" cellpadding=\"4\">\n<tbody>\n<tr>\n<td colspan=\"2\" bgcolor=\"#337eab\"><strong><span class=\"short_text\" lang=\"tr\" xml:lang=\"tr\"><span class=\"hps\">Ekran ve<\/span>\u00a0<span class=\"hps\">\u00d6n Panel<\/span><\/span><\/strong><\/td>\n<\/tr>\n<tr>\n<td nowrap=\"nowrap\" width=\"15%\"><strong><span id=\"result_box\" class=\"short_text\" lang=\"tr\" xml:lang=\"tr\"><span class=\"hps\">Butonlar<\/span><\/span><\/strong><\/td>\n<td width=\"85%\"><span class=\"short_text\" lang=\"tr\" xml:lang=\"tr\"><span class=\"hps\">Set<\/span>,\u00a0<span class=\"hps\">y\u00f6n ve<\/span>\u00a0<span class=\"hps\">pi\u015firme s\u00fcresi<\/span>\u00a0<span class=\"hps\">tu\u015flar\u0131<\/span><\/span><\/td>\n<\/tr>\n<tr>\n<td nowrap=\"nowrap\"><strong><span class=\"short_text\" lang=\"tr\" xml:lang=\"tr\"><span class=\"hps\">Led<\/span>\u00a0<span class=\"hps\">G\u00f6stergeleri<\/span><\/span><\/strong><\/td>\n<td><span lang=\"tr\" xml:lang=\"tr\"><span class=\"hps\">SV<\/span>\u00a0<span class=\"hps atn\">(<\/span>Ye\u015fil),\u00a0<span class=\"hps\">OUT (K\u0131rm\u0131z\u0131<\/span>),\u00a0<span class=\"hps\">PR<\/span>\u00a0<span class=\"hps atn\">(<\/span>K\u0131rm\u0131z\u0131), Zaman\u00a0<span class=\"hps\">Aktif<\/span>\u00a0<span class=\"hps\">(K\u0131rm\u0131z\u0131)<\/span>\u00a0<span class=\"hps\">3<\/span>\u00a0<span class=\"hps\">mm<\/span>\u00a0<span class=\"hps\">Pi\u015firme<\/span><\/span><\/td>\n<\/tr>\n<tr>\n<td nowrap=\"nowrap\"><strong>G\u00f6sterge<\/strong><\/td>\n<td><span class=\"short_text\" lang=\"tr\" xml:lang=\"tr\"><span class=\"hps\">14<\/span>\u00a0<span class=\"hps\">mm K\u0131rm\u0131z\u0131<\/span>\u00a0<span class=\"hps\">3<\/span>\u00a0<span class=\"hps\">dijit LED<\/span><\/span><\/td>\n<\/tr>\n<tr>\n<td colspan=\"2\" nowrap=\"nowrap\" bgcolor=\"#337eab\"><strong>G\u00f6vde<\/strong><\/td>\n<\/tr>\n<tr>\n<td nowrap=\"nowrap\"><strong><span class=\"short_text\" lang=\"tr\" xml:lang=\"tr\"><span class=\"hps\">Fiziksel<\/span>\u00a0<span class=\"hps\">\u00d6zellikler<\/span><\/span><\/strong><\/td>\n<td>35 mm x 77 mm\u00a062,5 mm<\/td>\n<\/tr>\n<tr>\n<td nowrap=\"nowrap\"><strong><span class=\"short_text\" lang=\"tr\" xml:lang=\"tr\"><span class=\"hps\">Koruma S\u0131n\u0131f\u0131<\/span><\/span><\/strong><\/td>\n<td><span class=\"short_text\" lang=\"tr\" xml:lang=\"tr\"><span class=\"hps\">NEMA 4X<\/span>\u00a0<span class=\"hps atn\">(<\/span>\u00f6nden IP65,\u00a0<span class=\"hps\">arkadan IP20<\/span>)<\/span><\/td>\n<\/tr>\n<tr>\n<td nowrap=\"nowrap\"><strong><span class=\"short_text\" lang=\"tr\" xml:lang=\"tr\"><span class=\"hps\">A\u011f\u0131rl\u0131k<\/span><\/span><\/strong><\/td>\n<td><span class=\"short_text\" lang=\"tr\" xml:lang=\"tr\"><span class=\"hps\">Yakla\u015f\u0131k olarak 0.20 Kg<\/span>.<\/span><\/td>\n<\/tr>\n<tr>\n<td nowrap=\"nowrap\"><strong><span class=\"short_text\" lang=\"tr\" xml:lang=\"tr\"><span class=\"hps\">Montaj<\/span><\/span><\/strong><\/td>\n<td><span class=\"short_text\" lang=\"tr\" xml:lang=\"tr\"><span class=\"hps\">Sabit<\/span>\u00a0<span class=\"hps\">Montaj<\/span><\/span><\/td>\n<\/tr>\n<tr>\n<td colspan=\"2\" nowrap=\"nowrap\" bgcolor=\"#337eab\"><strong><span class=\"short_text\" lang=\"tr\" xml:lang=\"tr\"><span class=\"hps\">Elektriksel<\/span>\u00a0<span class=\"hps\">\u00d6zellikler<\/span><\/span><\/strong><\/td>\n<\/tr>\n<tr>\n<td nowrap=\"nowrap\"><strong><span class=\"short_text\" lang=\"tr\" xml:lang=\"tr\"><span class=\"hps\">Besleme<\/span>\u00a0<span class=\"hps\">gerilimi ve G\u00fc\u00e7<\/span><\/span><\/strong><\/td>\n<td>230 V ~ (+%15) 50\/60 Hz. 1.5 VA<br \/>\n115 V ~ (+%15) 50\/60 Hz. 1.5 VA<br \/>\n24 V ~ (+%15) 50\/60 Hz. 1.5 VA<br \/>\n24 Vac\/dc ~ (-%15, +%10) 50\/60 Hz. 1.5 VA<\/td>\n<\/tr>\n<tr>\n<td nowrap=\"nowrap\"><strong><span class=\"short_text\" lang=\"tr\" xml:lang=\"tr\"><span class=\"hps\">Sens\u00f6r Giri\u015fleri<\/span><\/span><\/strong><\/td>\n<td>NTC, PTC, TC, RTD<br \/>\nNTC (10k @.25\u00a0\u2103)<br \/>\nPTC(1000 @.25\u00a0\u2103)<br \/>\nJ, K (IEC584.1)(ITS90)<br \/>\nPT-100, PT-1000 (IEC751)(ITS90)<\/td>\n<\/tr>\n<tr>\n<td nowrap=\"nowrap\"><strong>Skala<\/strong><\/td>\n<td>Fe CuNi 0\u2103&#8230;800\u2103<br \/>\nNiCr 0\u2103&#8230;999\u2103<br \/>\nPTC -50\u2103&#8230;150\u2103 \/ -19,9\u2103&#8230;99.9\u2103<br \/>\nNTC -50\u2103&#8230;100\u2103 \/ -19,9\u2103&#8230;99.9\u2103<br \/>\nPT 100 \/ PT 1000 -50\u2103&#8230;400\u2103 \/ -19,9\u2103&#8230;99.9\u2103<\/td>\n<\/tr>\n<tr>\n<td nowrap=\"nowrap\"><strong><span class=\"short_text\" lang=\"tr\" xml:lang=\"tr\"><span class=\"hps\">Do\u011fruluk<\/span><\/span><\/strong><\/td>\n<td><span class=\"short_text\" lang=\"tr\" xml:lang=\"tr\"><span class=\"hps\">Termokupl<\/span>\u00a0<span class=\"hps\">ve<\/span>\u00a0<span class=\"hps\">Termorezistans<\/span>\u00a0<span class=\"hps\">i\u00e7in Tam skalan\u0131n<\/span>\u00a0<span class=\"hps\">\u00b1<\/span>%\u00a0<span class=\"hps\">1<\/span><\/span><\/td>\n<\/tr>\n<tr>\n<td colspan=\"2\" nowrap=\"nowrap\" bgcolor=\"#337eab\"><strong><span class=\"short_text\" lang=\"tr\" xml:lang=\"tr\"><span class=\"hps\">\u00c7\u0131k\u0131\u015flar<\/span><\/span><\/strong><\/td>\n<\/tr>\n<tr>\n<td nowrap=\"nowrap\"><strong><span class=\"short_text\" lang=\"tr\" xml:lang=\"tr\"><span class=\"hps\">R\u00f6le \u00c7\u0131k\u0131\u015f\u0131<\/span><\/span><\/strong><\/td>\n<td><span class=\"short_text\" lang=\"tr\" xml:lang=\"tr\"><span class=\"hps\">Rezistif<\/span>\u00a0<span class=\"hps\">y\u00fckte<\/span>\u00a0<span class=\"hps\">10A<\/span>\u00a0<span class=\"hps\">@<\/span>\u00a0<span class=\"hps\">250<\/span>\u00a0<span class=\"hps\">V<\/span>\u00a0<span class=\"hps\">~<\/span><\/span><\/td>\n<\/tr>\n<tr>\n<td nowrap=\"nowrap\"><strong><span class=\"short_text\" lang=\"tr\" xml:lang=\"tr\"><span class=\"hps\">SSR \u00c7\u0131k\u0131\u015f\u0131<\/span>\u00a0<span class=\"hps atn\">(<\/span>Opsiyonel)<\/span><\/strong><\/td>\n<td><span class=\"short_text\" lang=\"tr\" xml:lang=\"tr\"><span class=\"hps\">15mA<\/span>\u00a0<span class=\"hps\">@<\/span>\u00a0<span class=\"hps\">12Vdc<\/span>\u00a0<span class=\"hps atn\">(<\/span>Maksimum)<\/span><\/td>\n<\/tr>\n<tr>\n<td colspan=\"2\" nowrap=\"nowrap\" bgcolor=\"#337eab\"><strong>Kontrol<\/strong><\/td>\n<\/tr>\n<tr>\n<td nowrap=\"nowrap\"><strong><span class=\"short_text\" lang=\"tr\" xml:lang=\"tr\"><span class=\"hps\">Gecikme<\/span><\/span><\/strong><\/td>\n<td>1\u00a0to 100\u2103for TC type devices,<br \/>\n1\u00a0to 100\u2103for PT-100 (-50\u2103, 400\u2103)\u00a0and PT-1000 (-50\u2103, 400\u2103) ,<br \/>\n0.1\u00a0to 10.0\u2103PT-100 (-19.9\u2103, 99.9\u2103)\u00a0and PT-1000 (-19.9\u2103, 99.9\u2103),<br \/>\n0.1\u00a0to 10.0\u2103PTC (-19.9\u2103, 99.9\u2103)\u00a0and NTC (-19.9\u2103, 99.9\u2103)<br \/>\n1 to 20\u2103PTC (-50\u2103, 150\u2103)\u00a0and NTC (-50\u2103, 100\u2103)<\/td>\n<\/tr>\n<tr>\n<td nowrap=\"nowrap\"><strong><span class=\"short_text\" lang=\"tr\" xml:lang=\"tr\"><span class=\"hps\">Kontrol Formu<\/span><\/span><\/strong><\/td>\n<td>On \/ Off<\/td>\n<\/tr>\n<tr>\n<td nowrap=\"nowrap\"><strong><span class=\"short_text\" lang=\"tr\" xml:lang=\"tr\"><span class=\"hps\">Frekans<\/span>\u00a0<span class=\"hps\">Okuma<\/span><\/span><\/strong><\/td>\n<td><span class=\"short_text\" lang=\"tr\" xml:lang=\"tr\"><span class=\"hps\">Saniyede 3 okuma<\/span><\/span><\/td>\n<\/tr>\n<tr>\n<td nowrap=\"nowrap\"><strong><span class=\"short_text\" lang=\"tr\" xml:lang=\"tr\"><span class=\"hps\">Dahili<\/span>\u00a0<span class=\"hps\">Buzzer<\/span><\/span><\/strong><\/td>\n<td>&gt;83dB<\/td>\n<\/tr>\n<tr>\n<td colspan=\"2\" nowrap=\"nowrap\" bgcolor=\"#337eab\"><strong><span class=\"short_text\" lang=\"tr\" xml:lang=\"tr\"><span class=\"hps\">Kalite Standartlar\u0131<\/span><\/span><\/strong><\/td>\n<\/tr>\n<tr>\n<td nowrap=\"nowrap\"><strong><span class=\"short_text\" lang=\"tr\" xml:lang=\"tr\"><span class=\"hps\">Onaylar<\/span><\/span><\/strong><\/td>\n<td>EAC, CE<\/td>\n<\/tr>\n<\/tbody>\n<\/table>\n","protected":false},"excerpt":{"rendered":"<h1>Dijital On\/Off Dahili Buzzerli S\u0131cakl\u0131k Kontrol Cihaz\u0131<\/h1>\n","protected":false},"featured_media":4998,"comment_status":"closed","ping_status":"closed","template":"","meta":[],"product_brand":[],"product_cat":[386],"product_tag":[447,205,440],"class_list":{"0":"post-4999","1":"product","2":"type-product","3":"status-publish","4":"has-post-thumbnail","6":"product_cat-isitma-sogutma","7":"product_tag-447","8":"product_tag-esm","9":"product_tag-h","11":"first","12":"instock","13":"shipping-taxable","14":"product-type-simple"},"yoast_head":"<!-- This site is optimized with the Yoast SEO plugin v24.3 - https:\/\/yoast.com\/wordpress\/plugins\/seo\/ -->\n<title>ESM-7311-H - CSO TRADING<\/title>\n<meta name=\"robots\" content=\"index, follow, max-snippet:-1, max-image-preview:large, max-video-preview:-1\" \/>\n<link rel=\"canonical\" href=\"https:\/\/csotrading.com\/product\/esm-7311-h\/\" \/>\n<meta property=\"og:locale\" content=\"tr_TR\" \/>\n<meta property=\"og:type\" content=\"article\" \/>\n<meta property=\"og:title\" content=\"ESM-7311-H - CSO TRADING\" \/>\n<meta property=\"og:description\" content=\"Dijital On\/Off Dahili Buzzerli S\u0131cakl\u0131k Kontrol Cihaz\u0131\" \/>\n<meta property=\"og:url\" content=\"https:\/\/csotrading.com\/product\/esm-7311-h\/\" \/>\n<meta property=\"og:site_name\" content=\"CSO TRADING\" \/>\n<meta property=\"article:modified_time\" content=\"2020-07-12T10:36:16+00:00\" \/>\n<meta property=\"og:image\" content=\"https:\/\/csotrading.com\/wp-content\/uploads\/2020\/07\/esm-7311-h-digital-onoff-temperature-control-device-with-buzzer.jpg\" \/>\n\t<meta property=\"og:image:width\" content=\"1000\" \/>\n\t<meta property=\"og:image:height\" content=\"1000\" \/>\n\t<meta property=\"og:image:type\" content=\"image\/jpeg\" \/>\n<meta name=\"twitter:card\" content=\"summary_large_image\" \/>\n<meta name=\"twitter:label1\" content=\"Tahmini okuma s\u00fcresi\" \/>\n\t<meta name=\"twitter:data1\" content=\"1 dakika\" \/>\n<script type=\"application\/ld+json\" class=\"yoast-schema-graph\">{\"@context\":\"https:\/\/schema.org\",\"@graph\":[{\"@type\":\"WebPage\",\"@id\":\"https:\/\/csotrading.com\/product\/esm-7311-h\/\",\"url\":\"https:\/\/csotrading.com\/product\/esm-7311-h\/\",\"name\":\"ESM-7311-H - CSO TRADING\",\"isPartOf\":{\"@id\":\"https:\/\/csotrading.com\/#website\"},\"primaryImageOfPage\":{\"@id\":\"https:\/\/csotrading.com\/product\/esm-7311-h\/#primaryimage\"},\"image\":{\"@id\":\"https:\/\/csotrading.com\/product\/esm-7311-h\/#primaryimage\"},\"thumbnailUrl\":\"https:\/\/csotrading.com\/wp-content\/uploads\/2020\/07\/esm-7311-h-digital-onoff-temperature-control-device-with-buzzer.jpg\",\"datePublished\":\"2020-07-12T10:32:31+00:00\",\"dateModified\":\"2020-07-12T10:36:16+00:00\",\"breadcrumb\":{\"@id\":\"https:\/\/csotrading.com\/product\/esm-7311-h\/#breadcrumb\"},\"inLanguage\":\"tr\",\"potentialAction\":[{\"@type\":\"ReadAction\",\"target\":[\"https:\/\/csotrading.com\/product\/esm-7311-h\/\"]}]},{\"@type\":\"ImageObject\",\"inLanguage\":\"tr\",\"@id\":\"https:\/\/csotrading.com\/product\/esm-7311-h\/#primaryimage\",\"url\":\"https:\/\/csotrading.com\/wp-content\/uploads\/2020\/07\/esm-7311-h-digital-onoff-temperature-control-device-with-buzzer.jpg\",\"contentUrl\":\"https:\/\/csotrading.com\/wp-content\/uploads\/2020\/07\/esm-7311-h-digital-onoff-temperature-control-device-with-buzzer.jpg\",\"width\":1000,\"height\":1000},{\"@type\":\"BreadcrumbList\",\"@id\":\"https:\/\/csotrading.com\/product\/esm-7311-h\/#breadcrumb\",\"itemListElement\":[{\"@type\":\"ListItem\",\"position\":1,\"name\":\"Home\",\"item\":\"https:\/\/csotrading.com\/tr\/\"},{\"@type\":\"ListItem\",\"position\":2,\"name\":\"Ma\u011faza\",\"item\":\"https:\/\/csotrading.com\/magaza\/\"},{\"@type\":\"ListItem\",\"position\":3,\"name\":\"ESM-7311-H\"}]},{\"@type\":\"WebSite\",\"@id\":\"https:\/\/csotrading.com\/#website\",\"url\":\"https:\/\/csotrading.com\/\",\"name\":\"CSO TRADING\",\"description\":\"\",\"potentialAction\":[{\"@type\":\"SearchAction\",\"target\":{\"@type\":\"EntryPoint\",\"urlTemplate\":\"https:\/\/csotrading.com\/?s={search_term_string}\"},\"query-input\":{\"@type\":\"PropertyValueSpecification\",\"valueRequired\":true,\"valueName\":\"search_term_string\"}}],\"inLanguage\":\"tr\"}]}<\/script>\n<!-- \/ Yoast SEO plugin. -->","yoast_head_json":{"title":"ESM-7311-H - CSO TRADING","robots":{"index":"index","follow":"follow","max-snippet":"max-snippet:-1","max-image-preview":"max-image-preview:large","max-video-preview":"max-video-preview:-1"},"canonical":"https:\/\/csotrading.com\/product\/esm-7311-h\/","og_locale":"tr_TR","og_type":"article","og_title":"ESM-7311-H - CSO TRADING","og_description":"Dijital On\/Off Dahili Buzzerli S\u0131cakl\u0131k Kontrol Cihaz\u0131","og_url":"https:\/\/csotrading.com\/product\/esm-7311-h\/","og_site_name":"CSO TRADING","article_modified_time":"2020-07-12T10:36:16+00:00","og_image":[{"width":1000,"height":1000,"url":"https:\/\/csotrading.com\/wp-content\/uploads\/2020\/07\/esm-7311-h-digital-onoff-temperature-control-device-with-buzzer.jpg","type":"image\/jpeg"}],"twitter_card":"summary_large_image","twitter_misc":{"Tahmini okuma s\u00fcresi":"1 dakika"},"schema":{"@context":"https:\/\/schema.org","@graph":[{"@type":"WebPage","@id":"https:\/\/csotrading.com\/product\/esm-7311-h\/","url":"https:\/\/csotrading.com\/product\/esm-7311-h\/","name":"ESM-7311-H - CSO TRADING","isPartOf":{"@id":"https:\/\/csotrading.com\/#website"},"primaryImageOfPage":{"@id":"https:\/\/csotrading.com\/product\/esm-7311-h\/#primaryimage"},"image":{"@id":"https:\/\/csotrading.com\/product\/esm-7311-h\/#primaryimage"},"thumbnailUrl":"https:\/\/csotrading.com\/wp-content\/uploads\/2020\/07\/esm-7311-h-digital-onoff-temperature-control-device-with-buzzer.jpg","datePublished":"2020-07-12T10:32:31+00:00","dateModified":"2020-07-12T10:36:16+00:00","breadcrumb":{"@id":"https:\/\/csotrading.com\/product\/esm-7311-h\/#breadcrumb"},"inLanguage":"tr","potentialAction":[{"@type":"ReadAction","target":["https:\/\/csotrading.com\/product\/esm-7311-h\/"]}]},{"@type":"ImageObject","inLanguage":"tr","@id":"https:\/\/csotrading.com\/product\/esm-7311-h\/#primaryimage","url":"https:\/\/csotrading.com\/wp-content\/uploads\/2020\/07\/esm-7311-h-digital-onoff-temperature-control-device-with-buzzer.jpg","contentUrl":"https:\/\/csotrading.com\/wp-content\/uploads\/2020\/07\/esm-7311-h-digital-onoff-temperature-control-device-with-buzzer.jpg","width":1000,"height":1000},{"@type":"BreadcrumbList","@id":"https:\/\/csotrading.com\/product\/esm-7311-h\/#breadcrumb","itemListElement":[{"@type":"ListItem","position":1,"name":"Home","item":"https:\/\/csotrading.com\/tr\/"},{"@type":"ListItem","position":2,"name":"Ma\u011faza","item":"https:\/\/csotrading.com\/magaza\/"},{"@type":"ListItem","position":3,"name":"ESM-7311-H"}]},{"@type":"WebSite","@id":"https:\/\/csotrading.com\/#website","url":"https:\/\/csotrading.com\/","name":"CSO TRADING","description":"","potentialAction":[{"@type":"SearchAction","target":{"@type":"EntryPoint","urlTemplate":"https:\/\/csotrading.com\/?s={search_term_string}"},"query-input":{"@type":"PropertyValueSpecification","valueRequired":true,"valueName":"search_term_string"}}],"inLanguage":"tr"}]}},"_links":{"self":[{"href":"https:\/\/csotrading.com\/tr\/wp-json\/wp\/v2\/product\/4999"}],"collection":[{"href":"https:\/\/csotrading.com\/tr\/wp-json\/wp\/v2\/product"}],"about":[{"href":"https:\/\/csotrading.com\/tr\/wp-json\/wp\/v2\/types\/product"}],"replies":[{"embeddable":true,"href":"https:\/\/csotrading.com\/tr\/wp-json\/wp\/v2\/comments?post=4999"}],"wp:featuredmedia":[{"embeddable":true,"href":"https:\/\/csotrading.com\/tr\/wp-json\/wp\/v2\/media\/4998"}],"wp:attachment":[{"href":"https:\/\/csotrading.com\/tr\/wp-json\/wp\/v2\/media?parent=4999"}],"wp:term":[{"taxonomy":"product_brand","embeddable":true,"href":"https:\/\/csotrading.com\/tr\/wp-json\/wp\/v2\/product_brand?post=4999"},{"taxonomy":"product_cat","embeddable":true,"href":"https:\/\/csotrading.com\/tr\/wp-json\/wp\/v2\/product_cat?post=4999"},{"taxonomy":"product_tag","embeddable":true,"href":"https:\/\/csotrading.com\/tr\/wp-json\/wp\/v2\/product_tag?post=4999"}],"curies":[{"name":"wp","href":"https:\/\/api.w.org\/{rel}","templated":true}]}}