{"id":4963,"date":"2020-07-10T22:16:12","date_gmt":"2020-07-10T19:16:12","guid":{"rendered":"http:\/\/csotrading.com\/product\/ezm-4450-2\/"},"modified":"2020-07-10T23:45:39","modified_gmt":"2020-07-10T20:45:39","slug":"ezm-4450-2","status":"publish","type":"product","link":"https:\/\/csotrading.com\/tr\/product\/ezm-4450-2\/","title":{"rendered":"EZM-4450"},"content":{"rendered":"<p>RS 232\/485 Seri Haberle\u015fme Birimi ile \u00e7ok fonksiyonlu Programlanabilir Zaman R\u00f6lesi ve Say\u0131c\u0131<\/p>\n<p>EZM-XX50 Serisi Programlanabilir Timer &amp; Counter cam kesme makinas\u0131 ve i\u015fleme, paketleme makineleri, \u00fcretim ve kalite kontrol bantlar\u0131n\u0131n kullan\u0131labilir, plastik, mermer, sac, kuma\u015f t\u00fcm boyut, adet, toplam say\u0131m\u0131 kontrol\u00fc, h\u0131z, d\u00f6ng\u00fc, zaman, verimlilik ve t\u00fcm mekanik yap\u0131ya ve otomasyon sistemine kolayl\u0131kla adapte edilebilir.<\/p>\n<table border=\"0\" cellspacing=\"4\" cellpadding=\"4\">\n<tbody>\n<tr>\n<td colspan=\"2\"><strong>Ekran ve \u00d6n Panel<\/strong><\/td>\n<\/tr>\n<tr>\n<td><strong>Butonlar<\/strong><\/td>\n<td>Set,\u00a0Reset,\u00a0Y\u00f6n ve\u00a0onay butonlar\u0131<\/td>\n<\/tr>\n<tr>\n<td><strong>Led G\u00f6stergeleri<\/strong><\/td>\n<td>S1 (Set1 de\u011feri), S2 (Set2 de\u011feri), Q1, O2 (Kontrol veya Alarm \u00e7\u0131k\u0131\u015f\u0131) LED&#8217;ler<\/td>\n<\/tr>\n<tr>\n<td><strong>Aktuel De\u011fer G\u00f6stergesi<\/strong><\/td>\n<td>8 mm K\u0131rm\u0131z\u0131 6 dijit LED<\/td>\n<\/tr>\n<tr>\n<td><strong>Set G\u00f6stergesi<\/strong><\/td>\n<td>8 mm Ye\u015fil 6 dijit LED<\/td>\n<\/tr>\n<tr>\n<td colspan=\"2\"><strong>G\u00f6vde<\/strong><\/td>\n<\/tr>\n<tr>\n<td><strong>Fiziksel \u00d6zellikleri<\/strong><\/td>\n<td>48\u00a0mm x 48 mm\u00a0116 mm<\/td>\n<\/tr>\n<tr>\n<td><strong>Koruma S\u0131n\u0131f\u0131<\/strong><\/td>\n<td>NEMA 4X (\u00f6nden IP65, arkadan IP20)<\/td>\n<\/tr>\n<tr>\n<td><strong>A\u011f\u0131rl\u0131k<\/strong><\/td>\n<td>Yakla\u015f\u0131k Olarak\u00a00.21 Kg.<\/td>\n<\/tr>\n<tr>\n<td><strong>Montaj<\/strong><\/td>\n<td>Sabit Montaj<\/td>\n<\/tr>\n<tr>\n<td colspan=\"2\"><strong>Elektriksel \u00d6zellikleri<\/strong><\/td>\n<\/tr>\n<tr>\n<td><strong>Besleme gerilimi ve G\u00fc\u00e7<\/strong><\/td>\n<td>100-240 V ~ (-15%,+10%) 50\/60 Hz.\u00a06 VA<br \/>\n24 V ~ (-15%,+10%) 50\/60 Hz. 6 VA<br \/>\n24 Vdc \u00a0(-15%,+10%)\u00a0 6 W<\/td>\n<\/tr>\n<tr>\n<td><strong>Dijital Giri\u015fler<\/strong><\/td>\n<td>Anma Gerilimi 16Vdc @ 5mA<\/p>\n<p>Maksimum s\u00fcrekli izin verilen gerilim 30 Vdc<\/p>\n<p>Mant\u0131k 1 minimum seviye 3 Vdc<\/p>\n<p>Mant\u0131k 0 maksimum seviye 2 Vdc<\/td>\n<\/tr>\n<tr>\n<td><strong>Sens\u00f6r Besleme Gerilimi<\/strong><\/td>\n<td>14 V \u00b1% 35 maksimum 50 mA (230 V)<\/td>\n<\/tr>\n<tr>\n<td><\/td>\n<td>12 V \u00b1% 40 maksimum 50 mA (115 V)<\/td>\n<\/tr>\n<tr>\n<td><strong>Maksimum Giri\u015f Frekans\u0131<\/strong><\/td>\n<td>Say\u0131c\u0131,Toplam say\u0131c\u0131,Demet Say\u0131c\u0131 i\u00e7in<\/td>\n<\/tr>\n<tr>\n<td><\/td>\n<td>Pro-01 = 0, 1, 2, 6000 Hz<\/td>\n<\/tr>\n<tr>\n<td><\/td>\n<td>Pro-01 i\u00e7in 4000 Hz = 3, 4<\/td>\n<\/tr>\n<tr>\n<td><\/td>\n<td>Pro-01 = 5, 6 ve 3500 Hz<\/td>\n<\/tr>\n<tr>\n<td><\/td>\n<td>Pro-01 = 7 i\u00e7in 2000 Hz<\/td>\n<\/tr>\n<tr>\n<td><\/td>\n<td>Frekansmetre ve takometre i\u00e7in 10 kHz<\/td>\n<\/tr>\n<tr>\n<td><\/td>\n<td>Pro-04 000000 =30 Hz<\/td>\n<\/tr>\n<tr>\n<td colspan=\"2\"><strong>\u00c7\u0131k\u0131\u015flar<\/strong><\/td>\n<\/tr>\n<tr>\n<td><strong>Opsiyonel \u00c7\u0131k\u0131\u015f Mod\u00fclleri<\/strong><\/td>\n<td>EM0-400 R\u00f6le \u00c7\u0131k\u0131\u015f Mod\u00fcl\u00fc (3A @ 250V)<\/td>\n<\/tr>\n<tr>\n<td><\/td>\n<td>EM0-410 SSR \u00c7\u0131k\u0131\u015f Mod\u00fcl\u00fc (20mA @ 18V)<\/td>\n<\/tr>\n<tr>\n<td><\/td>\n<td>EM0-420 Dijital (Transist\u00f6r) \u00c7\u0131k\u0131\u015f Mod\u00fcl\u00fc (40mA @ 18V)<\/td>\n<\/tr>\n<tr>\n<td><strong>Standart Haberle\u015fme Mod\u00fclleri<\/strong><\/td>\n<td>EMC-400 RS-232 Haberle\u015fme Mod\u00fcl\u00fc<\/td>\n<\/tr>\n<tr>\n<td><strong>Opsiyonel Haberle\u015fme Mod\u00fcl\u00fc<\/strong><\/td>\n<td>EMC-410 RS-485 Haberle\u015fme Mod\u00fcl\u00fc<\/td>\n<\/tr>\n<tr>\n<td><strong>\u0130leti\u015fim Protokol\u00fc<\/strong><\/td>\n<td>MODBUS-ASCII veya RTU<\/td>\n<\/tr>\n<tr>\n<td colspan=\"2\"><strong>Kalite Standartlar\u0131<\/strong><\/td>\n<\/tr>\n<tr>\n<td><strong>Uyumlu Belgeler<\/strong><\/td>\n<td>UL Tan\u0131nan Bile\u015feni (Dosya Numaras\u0131: E 254103), GOST-R, CE<\/td>\n<\/tr>\n<\/tbody>\n<\/table>\n","protected":false},"excerpt":{"rendered":"<h1>RS 232\/485 Seri Haberle\u015fme Birimi ile \u00e7ok fonksiyonlu Programlanabilir Zaman R\u00f6lesi ve Say\u0131c\u0131<\/h1>\n","protected":false},"featured_media":4962,"comment_status":"closed","ping_status":"closed","template":"","meta":[],"product_brand":[],"product_cat":[366],"product_tag":[250,237],"class_list":{"0":"post-4963","1":"product","2":"type-product","3":"status-publish","4":"has-post-thumbnail","6":"product_cat-counters-tr","7":"product_tag-250","8":"product_tag-ezm","10":"first","11":"instock","12":"shipping-taxable","13":"product-type-simple"},"yoast_head":"<!-- This site is optimized with the Yoast SEO plugin v24.3 - https:\/\/yoast.com\/wordpress\/plugins\/seo\/ -->\n<title>EZM-4450 - CSO TRADING<\/title>\n<meta name=\"robots\" content=\"index, follow, max-snippet:-1, max-image-preview:large, max-video-preview:-1\" \/>\n<link rel=\"canonical\" href=\"https:\/\/csotrading.com\/product\/ezm-4450-2\/\" \/>\n<meta property=\"og:locale\" content=\"tr_TR\" \/>\n<meta property=\"og:type\" content=\"article\" \/>\n<meta property=\"og:title\" content=\"EZM-4450 - CSO TRADING\" \/>\n<meta property=\"og:description\" content=\"RS 232\/485 Seri Haberle\u015fme Birimi ile \u00e7ok fonksiyonlu Programlanabilir Zaman R\u00f6lesi ve Say\u0131c\u0131\" \/>\n<meta property=\"og:url\" content=\"https:\/\/csotrading.com\/product\/ezm-4450-2\/\" \/>\n<meta property=\"og:site_name\" content=\"CSO TRADING\" \/>\n<meta property=\"article:modified_time\" content=\"2020-07-10T20:45:39+00:00\" \/>\n<meta property=\"og:image\" content=\"https:\/\/csotrading.com\/wp-content\/uploads\/2020\/07\/ezm-4450-multifunctional-programmable-timer-and-counter.jpg\" \/>\n\t<meta property=\"og:image:width\" content=\"1000\" \/>\n\t<meta property=\"og:image:height\" content=\"1000\" \/>\n\t<meta property=\"og:image:type\" content=\"image\/jpeg\" \/>\n<meta name=\"twitter:card\" content=\"summary_large_image\" \/>\n<meta name=\"twitter:label1\" content=\"Tahmini okuma s\u00fcresi\" \/>\n\t<meta name=\"twitter:data1\" content=\"2 dakika\" \/>\n<script type=\"application\/ld+json\" class=\"yoast-schema-graph\">{\"@context\":\"https:\/\/schema.org\",\"@graph\":[{\"@type\":\"WebPage\",\"@id\":\"https:\/\/csotrading.com\/product\/ezm-4450-2\/\",\"url\":\"https:\/\/csotrading.com\/product\/ezm-4450-2\/\",\"name\":\"EZM-4450 - CSO TRADING\",\"isPartOf\":{\"@id\":\"https:\/\/csotrading.com\/#website\"},\"primaryImageOfPage\":{\"@id\":\"https:\/\/csotrading.com\/product\/ezm-4450-2\/#primaryimage\"},\"image\":{\"@id\":\"https:\/\/csotrading.com\/product\/ezm-4450-2\/#primaryimage\"},\"thumbnailUrl\":\"https:\/\/csotrading.com\/wp-content\/uploads\/2020\/07\/ezm-4450-multifunctional-programmable-timer-and-counter.jpg\",\"datePublished\":\"2020-07-10T19:16:12+00:00\",\"dateModified\":\"2020-07-10T20:45:39+00:00\",\"breadcrumb\":{\"@id\":\"https:\/\/csotrading.com\/product\/ezm-4450-2\/#breadcrumb\"},\"inLanguage\":\"tr\",\"potentialAction\":[{\"@type\":\"ReadAction\",\"target\":[\"https:\/\/csotrading.com\/product\/ezm-4450-2\/\"]}]},{\"@type\":\"ImageObject\",\"inLanguage\":\"tr\",\"@id\":\"https:\/\/csotrading.com\/product\/ezm-4450-2\/#primaryimage\",\"url\":\"https:\/\/csotrading.com\/wp-content\/uploads\/2020\/07\/ezm-4450-multifunctional-programmable-timer-and-counter.jpg\",\"contentUrl\":\"https:\/\/csotrading.com\/wp-content\/uploads\/2020\/07\/ezm-4450-multifunctional-programmable-timer-and-counter.jpg\",\"width\":1000,\"height\":1000},{\"@type\":\"BreadcrumbList\",\"@id\":\"https:\/\/csotrading.com\/product\/ezm-4450-2\/#breadcrumb\",\"itemListElement\":[{\"@type\":\"ListItem\",\"position\":1,\"name\":\"Home\",\"item\":\"https:\/\/csotrading.com\/tr\/\"},{\"@type\":\"ListItem\",\"position\":2,\"name\":\"Ma\u011faza\",\"item\":\"https:\/\/csotrading.com\/magaza\/\"},{\"@type\":\"ListItem\",\"position\":3,\"name\":\"EZM-4450\"}]},{\"@type\":\"WebSite\",\"@id\":\"https:\/\/csotrading.com\/#website\",\"url\":\"https:\/\/csotrading.com\/\",\"name\":\"CSO TRADING\",\"description\":\"\",\"potentialAction\":[{\"@type\":\"SearchAction\",\"target\":{\"@type\":\"EntryPoint\",\"urlTemplate\":\"https:\/\/csotrading.com\/?s={search_term_string}\"},\"query-input\":{\"@type\":\"PropertyValueSpecification\",\"valueRequired\":true,\"valueName\":\"search_term_string\"}}],\"inLanguage\":\"tr\"}]}<\/script>\n<!-- \/ Yoast SEO plugin. -->","yoast_head_json":{"title":"EZM-4450 - CSO TRADING","robots":{"index":"index","follow":"follow","max-snippet":"max-snippet:-1","max-image-preview":"max-image-preview:large","max-video-preview":"max-video-preview:-1"},"canonical":"https:\/\/csotrading.com\/product\/ezm-4450-2\/","og_locale":"tr_TR","og_type":"article","og_title":"EZM-4450 - CSO TRADING","og_description":"RS 232\/485 Seri Haberle\u015fme Birimi ile \u00e7ok fonksiyonlu Programlanabilir Zaman R\u00f6lesi ve Say\u0131c\u0131","og_url":"https:\/\/csotrading.com\/product\/ezm-4450-2\/","og_site_name":"CSO TRADING","article_modified_time":"2020-07-10T20:45:39+00:00","og_image":[{"width":1000,"height":1000,"url":"https:\/\/csotrading.com\/wp-content\/uploads\/2020\/07\/ezm-4450-multifunctional-programmable-timer-and-counter.jpg","type":"image\/jpeg"}],"twitter_card":"summary_large_image","twitter_misc":{"Tahmini okuma s\u00fcresi":"2 dakika"},"schema":{"@context":"https:\/\/schema.org","@graph":[{"@type":"WebPage","@id":"https:\/\/csotrading.com\/product\/ezm-4450-2\/","url":"https:\/\/csotrading.com\/product\/ezm-4450-2\/","name":"EZM-4450 - CSO TRADING","isPartOf":{"@id":"https:\/\/csotrading.com\/#website"},"primaryImageOfPage":{"@id":"https:\/\/csotrading.com\/product\/ezm-4450-2\/#primaryimage"},"image":{"@id":"https:\/\/csotrading.com\/product\/ezm-4450-2\/#primaryimage"},"thumbnailUrl":"https:\/\/csotrading.com\/wp-content\/uploads\/2020\/07\/ezm-4450-multifunctional-programmable-timer-and-counter.jpg","datePublished":"2020-07-10T19:16:12+00:00","dateModified":"2020-07-10T20:45:39+00:00","breadcrumb":{"@id":"https:\/\/csotrading.com\/product\/ezm-4450-2\/#breadcrumb"},"inLanguage":"tr","potentialAction":[{"@type":"ReadAction","target":["https:\/\/csotrading.com\/product\/ezm-4450-2\/"]}]},{"@type":"ImageObject","inLanguage":"tr","@id":"https:\/\/csotrading.com\/product\/ezm-4450-2\/#primaryimage","url":"https:\/\/csotrading.com\/wp-content\/uploads\/2020\/07\/ezm-4450-multifunctional-programmable-timer-and-counter.jpg","contentUrl":"https:\/\/csotrading.com\/wp-content\/uploads\/2020\/07\/ezm-4450-multifunctional-programmable-timer-and-counter.jpg","width":1000,"height":1000},{"@type":"BreadcrumbList","@id":"https:\/\/csotrading.com\/product\/ezm-4450-2\/#breadcrumb","itemListElement":[{"@type":"ListItem","position":1,"name":"Home","item":"https:\/\/csotrading.com\/tr\/"},{"@type":"ListItem","position":2,"name":"Ma\u011faza","item":"https:\/\/csotrading.com\/magaza\/"},{"@type":"ListItem","position":3,"name":"EZM-4450"}]},{"@type":"WebSite","@id":"https:\/\/csotrading.com\/#website","url":"https:\/\/csotrading.com\/","name":"CSO TRADING","description":"","potentialAction":[{"@type":"SearchAction","target":{"@type":"EntryPoint","urlTemplate":"https:\/\/csotrading.com\/?s={search_term_string}"},"query-input":{"@type":"PropertyValueSpecification","valueRequired":true,"valueName":"search_term_string"}}],"inLanguage":"tr"}]}},"_links":{"self":[{"href":"https:\/\/csotrading.com\/tr\/wp-json\/wp\/v2\/product\/4963"}],"collection":[{"href":"https:\/\/csotrading.com\/tr\/wp-json\/wp\/v2\/product"}],"about":[{"href":"https:\/\/csotrading.com\/tr\/wp-json\/wp\/v2\/types\/product"}],"replies":[{"embeddable":true,"href":"https:\/\/csotrading.com\/tr\/wp-json\/wp\/v2\/comments?post=4963"}],"wp:featuredmedia":[{"embeddable":true,"href":"https:\/\/csotrading.com\/tr\/wp-json\/wp\/v2\/media\/4962"}],"wp:attachment":[{"href":"https:\/\/csotrading.com\/tr\/wp-json\/wp\/v2\/media?parent=4963"}],"wp:term":[{"taxonomy":"product_brand","embeddable":true,"href":"https:\/\/csotrading.com\/tr\/wp-json\/wp\/v2\/product_brand?post=4963"},{"taxonomy":"product_cat","embeddable":true,"href":"https:\/\/csotrading.com\/tr\/wp-json\/wp\/v2\/product_cat?post=4963"},{"taxonomy":"product_tag","embeddable":true,"href":"https:\/\/csotrading.com\/tr\/wp-json\/wp\/v2\/product_tag?post=4963"}],"curies":[{"name":"wp","href":"https:\/\/api.w.org\/{rel}","templated":true}]}}