{"id":4954,"date":"2020-07-10T22:05:02","date_gmt":"2020-07-10T19:05:02","guid":{"rendered":"http:\/\/csotrading.com\/product\/ezm-4935-2\/"},"modified":"2020-07-10T23:48:40","modified_gmt":"2020-07-10T20:48:40","slug":"ezm-4935-2","status":"publish","type":"product","link":"https:\/\/csotrading.com\/tr\/product\/ezm-4935-2\/","title":{"rendered":"EZM-4935"},"content":{"rendered":"<p>Tek Setli Programlanabilir Zaman R\u00f6lesi<\/p>\n<p>EZM-XX35 Serisi Programlanabilir Zamanlay\u0131c\u0131lar paketleme makineleri, \u00fcretim ve kalite kontrol bantlar\u0131n\u0131n kullan\u0131labilir ve t\u00fcm mekanik yap\u0131ya ve otomasyon sistemine kolayl\u0131kla adapte edilebilir. Uygulama alanlar\u0131; Paketleme makineleri, Kalite Kontrol silindirleri, Dolum Sistemleri, Bina Otomasyonu. \u00dcretim bantlar\u0131<\/p>\n<table border=\"0\" cellspacing=\"4\" cellpadding=\"4\">\n<tbody>\n<tr>\n<td colspan=\"2\"><strong>Ekran ve \u00d6n Panel<\/strong><\/td>\n<\/tr>\n<tr>\n<td><strong>Butonlar<\/strong><\/td>\n<td>Set,\u00a0Reset,\u00a0P, ve Onay butonu<\/td>\n<\/tr>\n<tr>\n<td><strong>Led G\u00f6stergeleri<\/strong><\/td>\n<td>SV (Set de\u011feri), OP (Kontrol \u00e7\u0131k\u0131\u015f\u0131) LED&#8217;ler<\/td>\n<\/tr>\n<tr>\n<td><strong>Aktual De\u011fer G\u00f6stergesi<\/strong><\/td>\n<td>13,2\u00a0mm Red\u00a06 digits LED display<\/td>\n<\/tr>\n<tr>\n<td><strong>Set G\u00f6stergesi<\/strong><\/td>\n<td>8\u00a0mm\u00a0Green\u00a06 digits LED display<\/td>\n<\/tr>\n<tr>\n<td colspan=\"2\"><strong>G\u00f6vde<\/strong><\/td>\n<\/tr>\n<tr>\n<td><strong>Fiziksel \u00d6zellikleri<\/strong><\/td>\n<td>96\u00a0mm x\u00a048 mm\u00a087,5 mm<\/td>\n<\/tr>\n<tr>\n<td><strong>Koruma S\u0131n\u0131f\u0131<\/strong><\/td>\n<td>NEMA 4X (\u00f6nden IP65, arkadan IP20)<\/td>\n<\/tr>\n<tr>\n<td><strong>A\u011f\u0131rl\u0131k<\/strong><\/td>\n<td>Yakla\u015f\u0131k Olarak\u00a00.21 Kg.<\/td>\n<\/tr>\n<tr>\n<td><strong>Montaj<\/strong><\/td>\n<td>Sabit Montaj<\/td>\n<\/tr>\n<tr>\n<td colspan=\"2\"><strong>Elektriksel \u00d6zellikleri<\/strong><\/td>\n<\/tr>\n<tr>\n<td><strong>Besleme gerilimi ve G\u00fc\u00e7<\/strong><\/td>\n<td>230\u00a0V ~ (-15%,+10%) 50\/60 Hz.\u00a02.3 VA<br \/>\n115\u00a0V ~ (-15%,+10%) 50\/60 Hz.\u00a02.3 VA<br \/>\n24 V ~\u00a0\u00a0(-15%,+10%)\u00a0 2.3 VA<\/td>\n<\/tr>\n<tr>\n<td><strong>Dijital Giri\u015fler<\/strong><\/td>\n<td>Anma Gerilimi 16Vdc @ 5mA<\/p>\n<p>Maksimum s\u00fcrekli izin verilen\u00a0 gerilim 30 Vdc<\/p>\n<p>Mant\u0131k 1 minimum seviye 3 Vdc<\/p>\n<p>Mant\u0131k 0 maksimum seviye 2 Vdc<\/td>\n<\/tr>\n<tr>\n<td><strong>Sens\u00f6r Besleme Gerilimi<\/strong><\/td>\n<td>12 V \u00b1% 40 maksimum 50 mA<\/td>\n<\/tr>\n<tr>\n<td colspan=\"2\"><strong>\u00c7\u0131k\u0131\u015flar<\/strong><\/td>\n<\/tr>\n<tr>\n<td><strong>R\u00f6le \u00c7\u0131k\u0131\u015f\u0131<\/strong><\/td>\n<td>5A@250V<\/td>\n<\/tr>\n<tr>\n<td colspan=\"2\"><strong>Kalite Standartlar\u0131<\/strong><\/td>\n<\/tr>\n<tr>\n<td><strong>Uyumlu Belgeler<\/strong><\/td>\n<td>GOST-R, CE<\/td>\n<\/tr>\n<\/tbody>\n<\/table>\n","protected":false},"excerpt":{"rendered":"<h1>Tek Setli Programlanabilir Zaman R\u00f6lesi<\/h1>\n","protected":false},"featured_media":4953,"comment_status":"closed","ping_status":"closed","template":"","meta":[],"product_brand":[],"product_cat":[366],"product_tag":[247,237],"class_list":{"0":"post-4954","1":"product","2":"type-product","3":"status-publish","4":"has-post-thumbnail","6":"product_cat-counters-tr","7":"product_tag-247","8":"product_tag-ezm","10":"first","11":"instock","12":"shipping-taxable","13":"product-type-simple"},"yoast_head":"<!-- This site is optimized with the Yoast SEO plugin v24.3 - https:\/\/yoast.com\/wordpress\/plugins\/seo\/ -->\n<title>EZM-4935 - CSO TRADING<\/title>\n<meta name=\"robots\" content=\"index, follow, max-snippet:-1, max-image-preview:large, max-video-preview:-1\" \/>\n<link rel=\"canonical\" href=\"https:\/\/csotrading.com\/product\/ezm-4935-2\/\" \/>\n<meta property=\"og:locale\" content=\"tr_TR\" \/>\n<meta property=\"og:type\" content=\"article\" \/>\n<meta property=\"og:title\" content=\"EZM-4935 - CSO TRADING\" \/>\n<meta property=\"og:description\" content=\"Tek Setli Programlanabilir Zaman R\u00f6lesi\" \/>\n<meta property=\"og:url\" content=\"https:\/\/csotrading.com\/product\/ezm-4935-2\/\" \/>\n<meta property=\"og:site_name\" content=\"CSO TRADING\" \/>\n<meta property=\"article:modified_time\" content=\"2020-07-10T20:48:40+00:00\" \/>\n<meta property=\"og:image\" content=\"https:\/\/csotrading.com\/wp-content\/uploads\/2020\/07\/ezm-4935-single-set-programmable-timer.jpg\" \/>\n\t<meta property=\"og:image:width\" content=\"1000\" \/>\n\t<meta property=\"og:image:height\" content=\"1000\" \/>\n\t<meta property=\"og:image:type\" content=\"image\/jpeg\" \/>\n<meta name=\"twitter:card\" content=\"summary_large_image\" \/>\n<meta name=\"twitter:label1\" content=\"Tahmini okuma s\u00fcresi\" \/>\n\t<meta name=\"twitter:data1\" content=\"1 dakika\" \/>\n<script type=\"application\/ld+json\" class=\"yoast-schema-graph\">{\"@context\":\"https:\/\/schema.org\",\"@graph\":[{\"@type\":\"WebPage\",\"@id\":\"https:\/\/csotrading.com\/product\/ezm-4935-2\/\",\"url\":\"https:\/\/csotrading.com\/product\/ezm-4935-2\/\",\"name\":\"EZM-4935 - CSO TRADING\",\"isPartOf\":{\"@id\":\"https:\/\/csotrading.com\/#website\"},\"primaryImageOfPage\":{\"@id\":\"https:\/\/csotrading.com\/product\/ezm-4935-2\/#primaryimage\"},\"image\":{\"@id\":\"https:\/\/csotrading.com\/product\/ezm-4935-2\/#primaryimage\"},\"thumbnailUrl\":\"https:\/\/csotrading.com\/wp-content\/uploads\/2020\/07\/ezm-4935-single-set-programmable-timer.jpg\",\"datePublished\":\"2020-07-10T19:05:02+00:00\",\"dateModified\":\"2020-07-10T20:48:40+00:00\",\"breadcrumb\":{\"@id\":\"https:\/\/csotrading.com\/product\/ezm-4935-2\/#breadcrumb\"},\"inLanguage\":\"tr\",\"potentialAction\":[{\"@type\":\"ReadAction\",\"target\":[\"https:\/\/csotrading.com\/product\/ezm-4935-2\/\"]}]},{\"@type\":\"ImageObject\",\"inLanguage\":\"tr\",\"@id\":\"https:\/\/csotrading.com\/product\/ezm-4935-2\/#primaryimage\",\"url\":\"https:\/\/csotrading.com\/wp-content\/uploads\/2020\/07\/ezm-4935-single-set-programmable-timer.jpg\",\"contentUrl\":\"https:\/\/csotrading.com\/wp-content\/uploads\/2020\/07\/ezm-4935-single-set-programmable-timer.jpg\",\"width\":1000,\"height\":1000},{\"@type\":\"BreadcrumbList\",\"@id\":\"https:\/\/csotrading.com\/product\/ezm-4935-2\/#breadcrumb\",\"itemListElement\":[{\"@type\":\"ListItem\",\"position\":1,\"name\":\"Home\",\"item\":\"https:\/\/csotrading.com\/tr\/\"},{\"@type\":\"ListItem\",\"position\":2,\"name\":\"Ma\u011faza\",\"item\":\"https:\/\/csotrading.com\/magaza\/\"},{\"@type\":\"ListItem\",\"position\":3,\"name\":\"EZM-4935\"}]},{\"@type\":\"WebSite\",\"@id\":\"https:\/\/csotrading.com\/#website\",\"url\":\"https:\/\/csotrading.com\/\",\"name\":\"CSO TRADING\",\"description\":\"\",\"potentialAction\":[{\"@type\":\"SearchAction\",\"target\":{\"@type\":\"EntryPoint\",\"urlTemplate\":\"https:\/\/csotrading.com\/?s={search_term_string}\"},\"query-input\":{\"@type\":\"PropertyValueSpecification\",\"valueRequired\":true,\"valueName\":\"search_term_string\"}}],\"inLanguage\":\"tr\"}]}<\/script>\n<!-- \/ Yoast SEO plugin. -->","yoast_head_json":{"title":"EZM-4935 - CSO TRADING","robots":{"index":"index","follow":"follow","max-snippet":"max-snippet:-1","max-image-preview":"max-image-preview:large","max-video-preview":"max-video-preview:-1"},"canonical":"https:\/\/csotrading.com\/product\/ezm-4935-2\/","og_locale":"tr_TR","og_type":"article","og_title":"EZM-4935 - CSO TRADING","og_description":"Tek Setli Programlanabilir Zaman R\u00f6lesi","og_url":"https:\/\/csotrading.com\/product\/ezm-4935-2\/","og_site_name":"CSO TRADING","article_modified_time":"2020-07-10T20:48:40+00:00","og_image":[{"width":1000,"height":1000,"url":"https:\/\/csotrading.com\/wp-content\/uploads\/2020\/07\/ezm-4935-single-set-programmable-timer.jpg","type":"image\/jpeg"}],"twitter_card":"summary_large_image","twitter_misc":{"Tahmini okuma s\u00fcresi":"1 dakika"},"schema":{"@context":"https:\/\/schema.org","@graph":[{"@type":"WebPage","@id":"https:\/\/csotrading.com\/product\/ezm-4935-2\/","url":"https:\/\/csotrading.com\/product\/ezm-4935-2\/","name":"EZM-4935 - CSO TRADING","isPartOf":{"@id":"https:\/\/csotrading.com\/#website"},"primaryImageOfPage":{"@id":"https:\/\/csotrading.com\/product\/ezm-4935-2\/#primaryimage"},"image":{"@id":"https:\/\/csotrading.com\/product\/ezm-4935-2\/#primaryimage"},"thumbnailUrl":"https:\/\/csotrading.com\/wp-content\/uploads\/2020\/07\/ezm-4935-single-set-programmable-timer.jpg","datePublished":"2020-07-10T19:05:02+00:00","dateModified":"2020-07-10T20:48:40+00:00","breadcrumb":{"@id":"https:\/\/csotrading.com\/product\/ezm-4935-2\/#breadcrumb"},"inLanguage":"tr","potentialAction":[{"@type":"ReadAction","target":["https:\/\/csotrading.com\/product\/ezm-4935-2\/"]}]},{"@type":"ImageObject","inLanguage":"tr","@id":"https:\/\/csotrading.com\/product\/ezm-4935-2\/#primaryimage","url":"https:\/\/csotrading.com\/wp-content\/uploads\/2020\/07\/ezm-4935-single-set-programmable-timer.jpg","contentUrl":"https:\/\/csotrading.com\/wp-content\/uploads\/2020\/07\/ezm-4935-single-set-programmable-timer.jpg","width":1000,"height":1000},{"@type":"BreadcrumbList","@id":"https:\/\/csotrading.com\/product\/ezm-4935-2\/#breadcrumb","itemListElement":[{"@type":"ListItem","position":1,"name":"Home","item":"https:\/\/csotrading.com\/tr\/"},{"@type":"ListItem","position":2,"name":"Ma\u011faza","item":"https:\/\/csotrading.com\/magaza\/"},{"@type":"ListItem","position":3,"name":"EZM-4935"}]},{"@type":"WebSite","@id":"https:\/\/csotrading.com\/#website","url":"https:\/\/csotrading.com\/","name":"CSO TRADING","description":"","potentialAction":[{"@type":"SearchAction","target":{"@type":"EntryPoint","urlTemplate":"https:\/\/csotrading.com\/?s={search_term_string}"},"query-input":{"@type":"PropertyValueSpecification","valueRequired":true,"valueName":"search_term_string"}}],"inLanguage":"tr"}]}},"_links":{"self":[{"href":"https:\/\/csotrading.com\/tr\/wp-json\/wp\/v2\/product\/4954"}],"collection":[{"href":"https:\/\/csotrading.com\/tr\/wp-json\/wp\/v2\/product"}],"about":[{"href":"https:\/\/csotrading.com\/tr\/wp-json\/wp\/v2\/types\/product"}],"replies":[{"embeddable":true,"href":"https:\/\/csotrading.com\/tr\/wp-json\/wp\/v2\/comments?post=4954"}],"wp:featuredmedia":[{"embeddable":true,"href":"https:\/\/csotrading.com\/tr\/wp-json\/wp\/v2\/media\/4953"}],"wp:attachment":[{"href":"https:\/\/csotrading.com\/tr\/wp-json\/wp\/v2\/media?parent=4954"}],"wp:term":[{"taxonomy":"product_brand","embeddable":true,"href":"https:\/\/csotrading.com\/tr\/wp-json\/wp\/v2\/product_brand?post=4954"},{"taxonomy":"product_cat","embeddable":true,"href":"https:\/\/csotrading.com\/tr\/wp-json\/wp\/v2\/product_cat?post=4954"},{"taxonomy":"product_tag","embeddable":true,"href":"https:\/\/csotrading.com\/tr\/wp-json\/wp\/v2\/product_tag?post=4954"}],"curies":[{"name":"wp","href":"https:\/\/api.w.org\/{rel}","templated":true}]}}